{"id":1453,"date":"2022-04-29T05:48:55","date_gmt":"2022-04-29T05:48:55","guid":{"rendered":"http:\/\/tapchithethao.vn?page_id=1453"},"modified":"2026-01-21T16:07:30","modified_gmt":"2026-01-21T09:07:30","slug":"lien-he-noi-dung","status":"publish","type":"page","link":"https:\/\/luan.webrt.net\/webtuyensinh\/lien-he-noi-dung\/","title":{"rendered":"Li\u00ean h\u1ec7 n\u1ed9i dung"},"content":{"rendered":"<p><strong>BAN BI\u00caN T\u1eacP GI\u00c1O D\u1ee4C V\u00c0 PH\u00c1P LU\u1eacT<\/strong><\/p>\n<p>\u0110\u1ecba ch\u1ec9: S\u1ed1 3\/158 \u0111\u01b0\u1eddng Phan \u0110\u00ecnh Ph\u00f9ng, t\u1ec9nh Th\u00e1i Nguy\u00ean<\/p>\n<p>Hotline: 0967.611.288<\/p>\n<p>Email: gdvpl.vn@gmail.com<\/p>\n","protected":false},"excerpt":{"rendered":"<p>BAN BI\u00caN T\u1eacP GI\u00c1O D\u1ee4C V\u00c0 PH\u00c1P LU\u1eacT \u0110\u1ecba ch\u1ec9: S\u1ed1 3\/158 \u0111\u01b0\u1eddng Phan \u0110\u00ecnh Ph\u00f9ng, t\u1ec9nh Th\u00e1i Nguy\u00ean Hotline: 0967.611.288 Email: gdvpl.vn@gmail.com<\/p>\n","protected":false},"author":1,"featured_media":0,"parent":0,"menu_order":0,"comment_status":"closed","ping_status":"closed","template":"","meta":[],"yoast_head":"<!-- This site is optimized with the Yoast SEO plugin v18.6 - https:\/\/yoast.com\/wordpress\/plugins\/seo\/ -->\n<title>Tuy\u1ec3n sinh<\/title>\n<meta name=\"robots\" content=\"index, follow, max-snippet:-1, max-image-preview:large, max-video-preview:-1\" \/>\n<link rel=\"canonical\" href=\"https:\/\/luan.webrt.net\/webtuyensinh\/lien-he-noi-dung\/\" \/>\n<meta property=\"og:locale\" content=\"vi_VN\" \/>\n<meta property=\"og:type\" content=\"article\" \/>\n<meta property=\"og:title\" content=\"Tuy\u1ec3n sinh\" \/>\n<meta property=\"og:description\" content=\"BAN BI\u00caN T\u1eacP GI\u00c1O D\u1ee4C V\u00c0 PH\u00c1P LU\u1eacT \u0110\u1ecba ch\u1ec9: S\u1ed1 3\/158 \u0111\u01b0\u1eddng Phan \u0110\u00ecnh Ph\u00f9ng, t\u1ec9nh Th\u00e1i Nguy\u00ean Hotline: 0967.611.288 Email: gdvpl.vn@gmail.com\" \/>\n<meta property=\"og:url\" content=\"https:\/\/luan.webrt.net\/webtuyensinh\/lien-he-noi-dung\/\" \/>\n<meta property=\"og:site_name\" content=\"Tuy\u1ec3n sinh\" \/>\n<meta property=\"article:modified_time\" content=\"2026-01-21T09:07:30+00:00\" \/>\n<meta name=\"twitter:card\" content=\"summary_large_image\" \/>\n<meta name=\"twitter:label1\" content=\"\u01af\u1edbc t\u00ednh th\u1eddi gian \u0111\u1ecdc\" \/>\n\t<meta name=\"twitter:data1\" content=\"1 ph\u00fat\" \/>\n<script type=\"application\/ld+json\" class=\"yoast-schema-graph\">{\"@context\":\"https:\/\/schema.org\",\"@graph\":[{\"@type\":\"WebSite\",\"@id\":\"https:\/\/luan.webrt.net\/webtuyensinh\/#website\",\"url\":\"https:\/\/luan.webrt.net\/webtuyensinh\/\",\"name\":\"Tuy\u1ec3n sinh\",\"description\":\"Tuy\u1ec3n sinh\",\"potentialAction\":[{\"@type\":\"SearchAction\",\"target\":{\"@type\":\"EntryPoint\",\"urlTemplate\":\"https:\/\/luan.webrt.net\/webtuyensinh\/?s={search_term_string}\"},\"query-input\":\"required name=search_term_string\"}],\"inLanguage\":\"vi\"},{\"@type\":\"WebPage\",\"@id\":\"https:\/\/luan.webrt.net\/webtuyensinh\/lien-he-noi-dung\/#webpage\",\"url\":\"https:\/\/luan.webrt.net\/webtuyensinh\/lien-he-noi-dung\/\",\"name\":\"Tuy\u1ec3n sinh\",\"isPartOf\":{\"@id\":\"https:\/\/luan.webrt.net\/webtuyensinh\/#website\"},\"datePublished\":\"2022-04-29T05:48:55+00:00\",\"dateModified\":\"2026-01-21T09:07:30+00:00\",\"breadcrumb\":{\"@id\":\"https:\/\/luan.webrt.net\/webtuyensinh\/lien-he-noi-dung\/#breadcrumb\"},\"inLanguage\":\"vi\",\"potentialAction\":[{\"@type\":\"ReadAction\",\"target\":[\"https:\/\/luan.webrt.net\/webtuyensinh\/lien-he-noi-dung\/\"]}]},{\"@type\":\"BreadcrumbList\",\"@id\":\"https:\/\/luan.webrt.net\/webtuyensinh\/lien-he-noi-dung\/#breadcrumb\",\"itemListElement\":[{\"@type\":\"ListItem\",\"position\":1,\"name\":\"Trang ch\u1ee7\",\"item\":\"https:\/\/luan.webrt.net\/webtuyensinh\/\"},{\"@type\":\"ListItem\",\"position\":2,\"name\":\"Li\u00ean h\u1ec7 n\u1ed9i dung\"}]}]}<\/script>\n<!-- \/ Yoast SEO plugin. -->","yoast_head_json":{"title":"Tuy\u1ec3n sinh","robots":{"index":"index","follow":"follow","max-snippet":"max-snippet:-1","max-image-preview":"max-image-preview:large","max-video-preview":"max-video-preview:-1"},"canonical":"https:\/\/luan.webrt.net\/webtuyensinh\/lien-he-noi-dung\/","og_locale":"vi_VN","og_type":"article","og_title":"Tuy\u1ec3n sinh","og_description":"BAN BI\u00caN T\u1eacP GI\u00c1O D\u1ee4C V\u00c0 PH\u00c1P LU\u1eacT \u0110\u1ecba ch\u1ec9: S\u1ed1 3\/158 \u0111\u01b0\u1eddng Phan \u0110\u00ecnh Ph\u00f9ng, t\u1ec9nh Th\u00e1i Nguy\u00ean Hotline: 0967.611.288 Email: gdvpl.vn@gmail.com","og_url":"https:\/\/luan.webrt.net\/webtuyensinh\/lien-he-noi-dung\/","og_site_name":"Tuy\u1ec3n sinh","article_modified_time":"2026-01-21T09:07:30+00:00","twitter_card":"summary_large_image","twitter_misc":{"\u01af\u1edbc t\u00ednh th\u1eddi gian \u0111\u1ecdc":"1 ph\u00fat"},"schema":{"@context":"https:\/\/schema.org","@graph":[{"@type":"WebSite","@id":"https:\/\/luan.webrt.net\/webtuyensinh\/#website","url":"https:\/\/luan.webrt.net\/webtuyensinh\/","name":"Tuy\u1ec3n sinh","description":"Tuy\u1ec3n sinh","potentialAction":[{"@type":"SearchAction","target":{"@type":"EntryPoint","urlTemplate":"https:\/\/luan.webrt.net\/webtuyensinh\/?s={search_term_string}"},"query-input":"required name=search_term_string"}],"inLanguage":"vi"},{"@type":"WebPage","@id":"https:\/\/luan.webrt.net\/webtuyensinh\/lien-he-noi-dung\/#webpage","url":"https:\/\/luan.webrt.net\/webtuyensinh\/lien-he-noi-dung\/","name":"Tuy\u1ec3n sinh","isPartOf":{"@id":"https:\/\/luan.webrt.net\/webtuyensinh\/#website"},"datePublished":"2022-04-29T05:48:55+00:00","dateModified":"2026-01-21T09:07:30+00:00","breadcrumb":{"@id":"https:\/\/luan.webrt.net\/webtuyensinh\/lien-he-noi-dung\/#breadcrumb"},"inLanguage":"vi","potentialAction":[{"@type":"ReadAction","target":["https:\/\/luan.webrt.net\/webtuyensinh\/lien-he-noi-dung\/"]}]},{"@type":"BreadcrumbList","@id":"https:\/\/luan.webrt.net\/webtuyensinh\/lien-he-noi-dung\/#breadcrumb","itemListElement":[{"@type":"ListItem","position":1,"name":"Trang ch\u1ee7","item":"https:\/\/luan.webrt.net\/webtuyensinh\/"},{"@type":"ListItem","position":2,"name":"Li\u00ean h\u1ec7 n\u1ed9i dung"}]}]}},"_links":{"self":[{"href":"https:\/\/luan.webrt.net\/webtuyensinh\/wp-json\/wp\/v2\/pages\/1453"}],"collection":[{"href":"https:\/\/luan.webrt.net\/webtuyensinh\/wp-json\/wp\/v2\/pages"}],"about":[{"href":"https:\/\/luan.webrt.net\/webtuyensinh\/wp-json\/wp\/v2\/types\/page"}],"author":[{"embeddable":true,"href":"https:\/\/luan.webrt.net\/webtuyensinh\/wp-json\/wp\/v2\/users\/1"}],"replies":[{"embeddable":true,"href":"https:\/\/luan.webrt.net\/webtuyensinh\/wp-json\/wp\/v2\/comments?post=1453"}],"version-history":[{"count":6,"href":"https:\/\/luan.webrt.net\/webtuyensinh\/wp-json\/wp\/v2\/pages\/1453\/revisions"}],"predecessor-version":[{"id":13757,"href":"https:\/\/luan.webrt.net\/webtuyensinh\/wp-json\/wp\/v2\/pages\/1453\/revisions\/13757"}],"wp:attachment":[{"href":"https:\/\/luan.webrt.net\/webtuyensinh\/wp-json\/wp\/v2\/media?parent=1453"}],"curies":[{"name":"wp","href":"https:\/\/api.w.org\/{rel}","templated":true}]}}