{"id":9869,"date":"2024-05-27T08:09:23","date_gmt":"2024-05-27T08:09:23","guid":{"rendered":"https:\/\/qghome.vn\/?post_type=product&#038;p=9869"},"modified":"2024-08-28T08:00:05","modified_gmt":"2024-08-28T08:00:05","slug":"tu-giam-doc-qtd16","status":"publish","type":"product","link":"https:\/\/luan.webrt.net\/qhome\/san-pham\/tu-giam-doc-qtd16\/","title":{"rendered":"T\u1ee7 gi\u00e1m \u0111\u1ed1c QT\u011016"},"content":{"rendered":"<h2 style=\"text-align: center;\"><span style=\"font-size: 140%; color: #333399;\"><strong>T\u1ee7 gi\u00e1m \u0111\u1ed1c QT\u011016<\/strong><\/span><\/h2>\n<p><span style=\"color: #333399;\"><strong>T\u1ee7 gi\u00e1m \u0111\u1ed1c QT\u011016<\/strong><\/span>\u00a0\u00a0<span style=\"color: #282828;\">l\u00e0 m\u1ed9t trong nh\u1eefng \u0111\u1ed3 n\u1ed9i th\u1ea5t v\u0103n ph\u00f2ng ph\u1ed5 bi\u1ebfn, th\u01b0\u1eddng \u0111\u01b0\u1ee3c d\u00f9ng \u0111\u1ec3 l\u01b0u tr\u1eef \u0111\u1ed3 c\u00e1 nh\u00e2n, h\u1ed3 s\u01a1 v\u00e0 t\u00e0i li\u1ec7u trong v\u0103n ph\u00f2ng c\u1ee7a c\u00e1c nh\u00e0 l\u00e3nh \u0111\u1ea1o. T\u1ee7 \u0111\u01b0\u1ee3c thi\u1ebft k\u1ebf v\u1edbi ch\u1ea5t li\u1ec7u g\u1ed7 MDF, b\u1ec1 m\u1eb7t m\u1ecbn m\u00e0ng v\u00e0 ch\u1ed1ng tr\u1ea7y x\u01b0\u1edbc.<\/span><\/p>\n<p><span style=\"color: #282828;\">V\u1edbi 6 c\u00e1nh m\u1edf, c\u00e1c ng\u0103n \u0111\u01b0\u1ee3c ph\u00e2n chia ri\u00eang bi\u1ec7t \u0111\u1ec3 ph\u00f9 h\u1ee3p v\u1edbi vi\u1ec7c l\u01b0u tr\u1eef nhi\u1ec1u t\u00e0i li\u1ec7u. Thi\u1ebft k\u1ebf c\u1ee7a t\u1ee7 t\u00e0i li\u1ec7u mang \u0111\u1eadm phong c\u00e1ch sang tr\u1ecdng v\u00e0 hi\u1ec7n \u0111\u1ea1i, \u0111\u1ed3ng th\u1eddi r\u1ea5t ti\u1ec7n d\u1ee5ng. Ph\u00eda tr\u00ean c\u1ee7a t\u1ee7 c\u00f3 c\u00e1c \u0111\u1ee3t trang tr\u00ed ph\u1ed1i h\u1ee3p \u0111\u1ec3 l\u01b0u tr\u1eef t\u00e0i li\u1ec7u, c\u00f9ng v\u1edbi 1 ng\u0103n treo \u0111\u1ed3. S\u1ea3n ph\u1ea9m n\u00e0y th\u01b0\u1eddng \u0111\u01b0\u1ee3c k\u1ebft h\u1ee3p v\u1edbi b\u00e0n l\u00e3nh \u0111\u1ea1o cao c\u1ea5p, t\u1ea1o th\u00e0nh m\u1ed9t b\u1ed9 n\u1ed9i th\u1ea5t ho\u00e0n h\u1ea3o cho ph\u00f2ng gi\u00e1m \u0111\u1ed1c ho\u1eb7c ph\u00f2ng l\u00e3nh \u0111\u1ea1o, t\u1ea1o ra s\u1ef1 uy nghi\u00eam v\u00e0 chuy\u00ean nghi\u1ec7p cho ng\u01b0\u1eddi l\u00e3nh \u0111\u1ea1o.<\/span><\/p>\n<h2 style=\"text-align: center;\"><strong><span style=\"font-size: 140%; color: #333399;\">\u0110\u1eb6C \u0110I\u1ec2M S\u1ea2N PH\u1ea8M\u00a0<\/span><\/strong><\/h2>\n<ul>\n<li><span style=\"color: #282828;\">Ch\u1ea5t li\u1ec7u: G\u1ed7 MDF\u00a0ph\u1ee7 Melamine, b\u1ea3n l\u1ec1 gi\u1ea3m ch\u1ea5n c\u00f3 t\u00ednh th\u1ea9m m\u0129 cao<\/span><\/li>\n<li><span style=\"color: #282828;\">K\u00edch th\u01b0\u1edbc: W2400 x D300 x H2000 mm<\/span><\/li>\n<li><span style=\"color: #282828;\">M\u00e0u s\u1eafc:\u00a0v\u00e2n g\u1ed7 ho\u1eb7c kh\u00e1ch h\u00e0ng l\u1ef1a ch\u1ecdn m\u00e0u s\u1eafc y\u00eau th\u00edch<\/span><\/li>\n<li><span style=\"color: #282828;\">Ch\u00fa \u00fd: Nh\u1eadn \u0111\u1eb7t h\u00e0ng k\u00edch th\u01b0\u1edbc v\u00e0 m\u00e0u s\u1eafc theo y\u00eau c\u1ea7u<\/span><\/li>\n<li><span style=\"color: #282828;\">Gi\u00e1 ch\u01b0a bao g\u1ed3m ph\u1ee5 ki\u1ec7n<\/span><\/li>\n<\/ul>\n<figure id=\"attachment_12305\" aria-describedby=\"caption-attachment-12305\" style=\"width: 800px\" class=\"wp-caption aligncenter\"><img loading=\"lazy\" decoding=\"async\" class=\"wp-image-12305 size-large\" src=\"http:\/\/qghome.vn\/wp-content\/uploads\/2024\/05\/Tu-giam-doc-QTD16-800x800.jpg\" alt=\"T\u1ee7 gi\u00e1m \u0111\u1ed1c QT\u011016\" width=\"800\" height=\"800\" srcset=\"https:\/\/luan.webrt.net\/qhome\/wp-content\/uploads\/2024\/05\/Tu-giam-doc-QTD16-800x800.jpg 800w, https:\/\/luan.webrt.net\/qhome\/wp-content\/uploads\/2024\/05\/Tu-giam-doc-QTD16-100x100.jpg 100w, https:\/\/luan.webrt.net\/qhome\/wp-content\/uploads\/2024\/05\/Tu-giam-doc-QTD16-510x510.jpg 510w, https:\/\/luan.webrt.net\/qhome\/wp-content\/uploads\/2024\/05\/Tu-giam-doc-QTD16-400x400.jpg 400w, https:\/\/luan.webrt.net\/qhome\/wp-content\/uploads\/2024\/05\/Tu-giam-doc-QTD16-280x280.jpg 280w, https:\/\/luan.webrt.net\/qhome\/wp-content\/uploads\/2024\/05\/Tu-giam-doc-QTD16-768x768.jpg 768w, https:\/\/luan.webrt.net\/qhome\/wp-content\/uploads\/2024\/05\/Tu-giam-doc-QTD16.jpg 900w\" sizes=\"auto, (max-width: 800px) 100vw, 800px\" \/><figcaption id=\"caption-attachment-12305\" class=\"wp-caption-text\">T\u1ee7 gi\u00e1m \u0111\u1ed1c QT\u011016<\/figcaption><\/figure>\n<figure id=\"attachment_12303\" aria-describedby=\"caption-attachment-12303\" style=\"width: 800px\" class=\"wp-caption aligncenter\"><img loading=\"lazy\" decoding=\"async\" class=\"wp-image-12303 size-large\" src=\"http:\/\/qghome.vn\/wp-content\/uploads\/2024\/05\/Tu-giam-doc-QTD16.2-800x800.jpg\" alt=\"T\u1ee7 gi\u00e1m \u0111\u1ed1c QT\u011016.2\" width=\"800\" height=\"800\" srcset=\"https:\/\/luan.webrt.net\/qhome\/wp-content\/uploads\/2024\/05\/Tu-giam-doc-QTD16.2-800x800.jpg 800w, https:\/\/luan.webrt.net\/qhome\/wp-content\/uploads\/2024\/05\/Tu-giam-doc-QTD16.2-100x100.jpg 100w, https:\/\/luan.webrt.net\/qhome\/wp-content\/uploads\/2024\/05\/Tu-giam-doc-QTD16.2-510x510.jpg 510w, https:\/\/luan.webrt.net\/qhome\/wp-content\/uploads\/2024\/05\/Tu-giam-doc-QTD16.2-400x400.jpg 400w, https:\/\/luan.webrt.net\/qhome\/wp-content\/uploads\/2024\/05\/Tu-giam-doc-QTD16.2-280x280.jpg 280w, https:\/\/luan.webrt.net\/qhome\/wp-content\/uploads\/2024\/05\/Tu-giam-doc-QTD16.2-768x768.jpg 768w, https:\/\/luan.webrt.net\/qhome\/wp-content\/uploads\/2024\/05\/Tu-giam-doc-QTD16.2.jpg 900w\" sizes=\"auto, (max-width: 800px) 100vw, 800px\" \/><figcaption id=\"caption-attachment-12303\" class=\"wp-caption-text\">T\u1ee7 gi\u00e1m \u0111\u1ed1c QT\u011016.2<\/figcaption><\/figure>\n<h2 style=\"text-align: center;\"><span style=\"color: #333399;\"><strong><span style=\"font-size: 140%;\">CH\u1ea4T LI\u1ec6U\u00a0\u00a0<\/span><\/strong><\/span><\/h2>\n<figure id=\"attachment_7915\" aria-describedby=\"caption-attachment-7915\" style=\"width: 800px\" class=\"wp-caption aligncenter\"><img loading=\"lazy\" decoding=\"async\" class=\"wp-image-7915 size-large\" src=\"http:\/\/qghome.vn\/wp-content\/uploads\/2024\/04\/Go-cong-nghiep-phu-Melamine-8-800x800.png\" alt=\"G\u1ed7 MDF ph\u1ee7 melamine \" width=\"800\" height=\"800\" srcset=\"https:\/\/luan.webrt.net\/qhome\/wp-content\/uploads\/2024\/04\/Go-cong-nghiep-phu-Melamine-8-800x800.png 800w, https:\/\/luan.webrt.net\/qhome\/wp-content\/uploads\/2024\/04\/Go-cong-nghiep-phu-Melamine-8-100x100.png 100w, https:\/\/luan.webrt.net\/qhome\/wp-content\/uploads\/2024\/04\/Go-cong-nghiep-phu-Melamine-8-510x510.png 510w, https:\/\/luan.webrt.net\/qhome\/wp-content\/uploads\/2024\/04\/Go-cong-nghiep-phu-Melamine-8-400x400.png 400w, https:\/\/luan.webrt.net\/qhome\/wp-content\/uploads\/2024\/04\/Go-cong-nghiep-phu-Melamine-8-280x280.png 280w, https:\/\/luan.webrt.net\/qhome\/wp-content\/uploads\/2024\/04\/Go-cong-nghiep-phu-Melamine-8-768x768.png 768w, https:\/\/luan.webrt.net\/qhome\/wp-content\/uploads\/2024\/04\/Go-cong-nghiep-phu-Melamine-8.png 1080w\" sizes=\"auto, (max-width: 800px) 100vw, 800px\" \/><figcaption id=\"caption-attachment-7915\" class=\"wp-caption-text\"><em>G\u1ed7 MDF ph\u1ee7 melamine<\/em><\/figcaption><\/figure>\n<figure id=\"attachment_7916\" aria-describedby=\"caption-attachment-7916\" style=\"width: 800px\" class=\"wp-caption aligncenter\"><img loading=\"lazy\" decoding=\"async\" class=\"wp-image-7916 size-large\" src=\"http:\/\/qghome.vn\/wp-content\/uploads\/2024\/04\/Go-cong-nghiep-phu-Melamine-7-800x800.png\" alt=\"G\u1ed7 MDF ph\u1ee7 melamine\" width=\"800\" height=\"800\" srcset=\"https:\/\/luan.webrt.net\/qhome\/wp-content\/uploads\/2024\/04\/Go-cong-nghiep-phu-Melamine-7-800x800.png 800w, https:\/\/luan.webrt.net\/qhome\/wp-content\/uploads\/2024\/04\/Go-cong-nghiep-phu-Melamine-7-100x100.png 100w, https:\/\/luan.webrt.net\/qhome\/wp-content\/uploads\/2024\/04\/Go-cong-nghiep-phu-Melamine-7-510x510.png 510w, https:\/\/luan.webrt.net\/qhome\/wp-content\/uploads\/2024\/04\/Go-cong-nghiep-phu-Melamine-7-400x400.png 400w, https:\/\/luan.webrt.net\/qhome\/wp-content\/uploads\/2024\/04\/Go-cong-nghiep-phu-Melamine-7-280x280.png 280w, https:\/\/luan.webrt.net\/qhome\/wp-content\/uploads\/2024\/04\/Go-cong-nghiep-phu-Melamine-7-768x768.png 768w, https:\/\/luan.webrt.net\/qhome\/wp-content\/uploads\/2024\/04\/Go-cong-nghiep-phu-Melamine-7.png 1080w\" sizes=\"auto, (max-width: 800px) 100vw, 800px\" \/><figcaption id=\"caption-attachment-7916\" class=\"wp-caption-text\"><em><span style=\"vertical-align: inherit;\">G\u1ed7 MDF ph\u1ee7 melamine<\/span><\/em><\/figcaption><\/figure>\n<figure id=\"attachment_7914\" aria-describedby=\"caption-attachment-7914\" style=\"width: 800px\" class=\"wp-caption aligncenter\"><img loading=\"lazy\" decoding=\"async\" class=\"wp-image-7914 size-large\" src=\"http:\/\/qghome.vn\/wp-content\/uploads\/2024\/04\/Go-cong-nghiep-phu-Melamine-9-800x800.png\" alt=\"G\u1ed7 MDF ph\u1ee7 melamine\" width=\"800\" height=\"800\" srcset=\"https:\/\/luan.webrt.net\/qhome\/wp-content\/uploads\/2024\/04\/Go-cong-nghiep-phu-Melamine-9-800x800.png 800w, https:\/\/luan.webrt.net\/qhome\/wp-content\/uploads\/2024\/04\/Go-cong-nghiep-phu-Melamine-9-100x100.png 100w, https:\/\/luan.webrt.net\/qhome\/wp-content\/uploads\/2024\/04\/Go-cong-nghiep-phu-Melamine-9-510x510.png 510w, https:\/\/luan.webrt.net\/qhome\/wp-content\/uploads\/2024\/04\/Go-cong-nghiep-phu-Melamine-9-400x400.png 400w, https:\/\/luan.webrt.net\/qhome\/wp-content\/uploads\/2024\/04\/Go-cong-nghiep-phu-Melamine-9-280x280.png 280w, https:\/\/luan.webrt.net\/qhome\/wp-content\/uploads\/2024\/04\/Go-cong-nghiep-phu-Melamine-9-768x768.png 768w, https:\/\/luan.webrt.net\/qhome\/wp-content\/uploads\/2024\/04\/Go-cong-nghiep-phu-Melamine-9.png 1080w\" sizes=\"auto, (max-width: 800px) 100vw, 800px\" \/><figcaption id=\"caption-attachment-7914\" class=\"wp-caption-text\"><em><span style=\"vertical-align: inherit;\">G\u1ed7 MDF ph\u1ee7 melamine<\/span><\/em><\/figcaption><\/figure>\n<h2 style=\"text-align: center;\"><span style=\"color: #333399; font-size: 140%;\"><strong>NH\u00c0 M\u00c1Y S\u1ea2N XU\u1ea4T QGHOME<\/strong><\/span><\/h2>\n<figure id=\"attachment_7785\" aria-describedby=\"caption-attachment-7785\" style=\"width: 800px\" class=\"wp-caption aligncenter\"><img loading=\"lazy\" decoding=\"async\" class=\"wp-image-7785 size-full\" src=\"http:\/\/qghome.vn\/wp-content\/uploads\/2024\/04\/nha-may-san-xuat-noi-that-qghome-viet-nam.jpg\" alt=\"Nh\u00e0 m\u00e1y s\u1ea3n xu\u1ea5t n\u1ed9i th\u1ea5t QGHOME Vi\u1ec7t Nam\" width=\"800\" height=\"468\" srcset=\"https:\/\/luan.webrt.net\/qhome\/wp-content\/uploads\/2024\/04\/nha-may-san-xuat-noi-that-qghome-viet-nam.jpg 800w, https:\/\/luan.webrt.net\/qhome\/wp-content\/uploads\/2024\/04\/nha-may-san-xuat-noi-that-qghome-viet-nam-510x298.jpg 510w, https:\/\/luan.webrt.net\/qhome\/wp-content\/uploads\/2024\/04\/nha-may-san-xuat-noi-that-qghome-viet-nam-684x400.jpg 684w, https:\/\/luan.webrt.net\/qhome\/wp-content\/uploads\/2024\/04\/nha-may-san-xuat-noi-that-qghome-viet-nam-768x449.jpg 768w\" sizes=\"auto, (max-width: 800px) 100vw, 800px\" \/><figcaption id=\"caption-attachment-7785\" class=\"wp-caption-text\"><em>Nh\u00e0 m\u00e1y s\u1ea3n xu\u1ea5t n\u1ed9i th\u1ea5t QGHOME Vi\u1ec7t Nam<\/em><\/figcaption><\/figure>\n<figure id=\"attachment_7782\" aria-describedby=\"caption-attachment-7782\" style=\"width: 800px\" class=\"wp-caption aligncenter\"><img loading=\"lazy\" decoding=\"async\" class=\"wp-image-7782 size-full\" src=\"http:\/\/qghome.vn\/wp-content\/uploads\/2024\/04\/nha-may-noi-that-qghome-viet-nam.jpg\" alt=\"Nh\u00e0 m\u00e1y n\u1ed9i th\u1ea5t QGHOME Vi\u1ec7t Nam\" width=\"800\" height=\"468\" srcset=\"https:\/\/luan.webrt.net\/qhome\/wp-content\/uploads\/2024\/04\/nha-may-noi-that-qghome-viet-nam.jpg 800w, https:\/\/luan.webrt.net\/qhome\/wp-content\/uploads\/2024\/04\/nha-may-noi-that-qghome-viet-nam-510x298.jpg 510w, https:\/\/luan.webrt.net\/qhome\/wp-content\/uploads\/2024\/04\/nha-may-noi-that-qghome-viet-nam-684x400.jpg 684w, https:\/\/luan.webrt.net\/qhome\/wp-content\/uploads\/2024\/04\/nha-may-noi-that-qghome-viet-nam-768x449.jpg 768w\" sizes=\"auto, (max-width: 800px) 100vw, 800px\" \/><figcaption id=\"caption-attachment-7782\" class=\"wp-caption-text\"><em>Nh\u00e0 m\u00e1y n\u1ed9i th\u1ea5t QGHOME Vi\u1ec7t Nam<\/em><\/figcaption><\/figure>\n<figure id=\"attachment_7783\" aria-describedby=\"caption-attachment-7783\" style=\"width: 800px\" class=\"wp-caption aligncenter\"><img loading=\"lazy\" decoding=\"async\" class=\"wp-image-7783 size-full\" src=\"http:\/\/qghome.vn\/wp-content\/uploads\/2024\/04\/nha-may-qghome-viet-nam.jpg\" alt=\"\u0110\u01a1n v\u1ecb thi\u1ebft k\u1ebf n\u1ed9i th\u1ea5t uy t\u00edn - QGHOME\" width=\"800\" height=\"468\" srcset=\"https:\/\/luan.webrt.net\/qhome\/wp-content\/uploads\/2024\/04\/nha-may-qghome-viet-nam.jpg 800w, https:\/\/luan.webrt.net\/qhome\/wp-content\/uploads\/2024\/04\/nha-may-qghome-viet-nam-510x298.jpg 510w, https:\/\/luan.webrt.net\/qhome\/wp-content\/uploads\/2024\/04\/nha-may-qghome-viet-nam-684x400.jpg 684w, https:\/\/luan.webrt.net\/qhome\/wp-content\/uploads\/2024\/04\/nha-may-qghome-viet-nam-768x449.jpg 768w\" sizes=\"auto, (max-width: 800px) 100vw, 800px\" \/><figcaption id=\"caption-attachment-7783\" class=\"wp-caption-text\"><em>\u0110\u01a1n v\u1ecb thi\u1ebft k\u1ebf n\u1ed9i th\u1ea5t uy t\u00edn &#8211; QGHOME<\/em><\/figcaption><\/figure>\n","protected":false},"excerpt":{"rendered":"<p><span data-sheets-root=\"1\" data-sheets-value=\"{&quot;1&quot;:2,&quot;2&quot;:&quot;Th\u01b0\u01a1ng hi\u1ec7u: QGHome\\nCh\u1ea5t li\u1ec7u: G\u1ed7 c\u00f4ng nghi\u1ec7p MDF ph\u1ee7 melamine d\u00e0y 50mm, ch\u1ed1ng th\u1ea5m cao c\u1ea5p, c\u1ea1nh t\u1ee7 \u0111\u01b0\u1ee3c m\u00e0i c\u1ea1nh an to\u00e0n\\nPh\u1ee5 ki\u1ec7n: 7 c\u00e1nh t\u1ee7 m\u1edf k\u1ebft h\u1ee3p h\u1ed9c t\u1ee7 , ch\u00e2n nh\u1ef1a ch\u1ecbu l\u1ef1c ph\u00eda d\u01b0\u1edbi.\\nK\u00edch th\u01b0\u1edbc: W2000 x D400 x H2000 mm \\nM\u00e0u s\u1eafc: \u0110en k\u1ebft h\u1ee3p n\u00e2u v\u00e2n g\u1ed7 \\nB\u1ea3o h\u00e0nh: 12 th\u00e1ng theo ti\u00eau chu\u1ea9n nh\u00e0 m\u00e1y, l\u1eafp gh\u00e9p ho\u00e0n thi\u1ec7n.&quot;}\" data-sheets-userformat=\"{&quot;2&quot;:21437,&quot;3&quot;:{&quot;1&quot;:0},&quot;5&quot;:{&quot;1&quot;:[{&quot;1&quot;:2,&quot;2&quot;:0,&quot;5&quot;:{&quot;1&quot;:2,&quot;2&quot;:10066329}},{&quot;1&quot;:0,&quot;2&quot;:0,&quot;3&quot;:3},{&quot;1&quot;:1,&quot;2&quot;:0,&quot;4&quot;:1}]},&quot;6&quot;:{&quot;1&quot;:[{&quot;1&quot;:2,&quot;2&quot;:0,&quot;5&quot;:{&quot;1&quot;:2,&quot;2&quot;:10066329}},{&quot;1&quot;:0,&quot;2&quot;:0,&quot;3&quot;:3},{&quot;1&quot;:1,&quot;2&quot;:0,&quot;4&quot;:1}]},&quot;7&quot;:{&quot;1&quot;:[{&quot;1&quot;:2,&quot;2&quot;:0,&quot;5&quot;:{&quot;1&quot;:2,&quot;2&quot;:10066329}},{&quot;1&quot;:0,&quot;2&quot;:0,&quot;3&quot;:3},{&quot;1&quot;:1,&quot;2&quot;:0,&quot;4&quot;:1}]},&quot;8&quot;:{&quot;1&quot;:[{&quot;1&quot;:2,&quot;2&quot;:0,&quot;5&quot;:{&quot;1&quot;:2,&quot;2&quot;:10066329}},{&quot;1&quot;:0,&quot;2&quot;:0,&quot;3&quot;:3},{&quot;1&quot;:1,&quot;2&quot;:0,&quot;4&quot;:1}]},&quot;10&quot;:1,&quot;11&quot;:4,&quot;12&quot;:0,&quot;15&quot;:&quot;Times New Roman&quot;,&quot;17&quot;:0}\"><strong>Th\u01b0\u01a1ng hi\u1ec7u:<\/strong> QGHome<br \/>\n<strong>Ch\u1ea5t li\u1ec7u:<\/strong> G\u1ed7 MDF ph\u1ee7 melamine d\u00e0y 18mm<br \/>\n<strong>Ph\u1ee5 ki\u1ec7n:<\/strong> 6 c\u00e1nh t\u1ee7 m\u1edf k\u1ebft h\u1ee3p h\u1ed9c t\u1ee7 , ch\u00e2n nh\u1ef1a ch\u1ecbu l\u1ef1c ph\u00eda d\u01b0\u1edbi.<br \/>\n<strong>K\u00edch th\u01b0\u1edbc:<\/strong> W2400 x D300 x H2000 mm<br \/>\n<strong>M\u00e0u s\u1eafc:<\/strong> Tr\u1eafng k\u1ebft h\u1ee3p n\u00e2u v\u00e2n g\u1ed7<br \/>\n<strong>B\u1ea3o h\u00e0nh:<\/strong> 12 th\u00e1ng theo ti\u00eau chu\u1ea9n nh\u00e0 m\u00e1y, l\u1eafp gh\u00e9p ho\u00e0n thi\u1ec7n.<\/span><\/p>\n","protected":false},"featured_media":12304,"comment_status":"open","ping_status":"closed","template":"","meta":[],"product_cat":[381],"product_tag":[],"class_list":["post-9869","product","type-product","status-publish","has-post-thumbnail","hentry","product_cat-tu-giam-doc"],"yoast_head":"<!-- This site is optimized with the Yoast SEO plugin v19.9 - https:\/\/yoast.com\/wordpress\/plugins\/seo\/ -->\n<title>T\u1ee7 gi\u00e1m \u0111\u1ed1c QT\u011016<\/title>\n<meta name=\"description\" content=\"T\u1ee7 gi\u00e1m \u0111\u1ed1c l\u00e0 m\u1ed9t trong nh\u1eefng \u0111\u1ed3 n\u1ed9i th\u1ea5t v\u0103n ph\u00f2ng th\u01b0\u1eddng \u0111\u01b0\u1ee3c d\u00f9ng \u0111\u1ec3 l\u01b0u tr\u1eef \u0111\u1ed3 c\u00e1 nh\u00e2n, h\u1ed3 s\u01a1 v\u00e0 t\u00e0i li\u1ec7u trong v\u0103n ph\u00f2ng c\u1ee7a c\u00e1c nh\u00e0 l\u00e3nh \u0111\u1ea1o\" \/>\n<meta name=\"robots\" content=\"index, follow, max-snippet:-1, max-image-preview:large, max-video-preview:-1\" \/>\n<link rel=\"canonical\" href=\"https:\/\/luan.webrt.net\/qhome\/san-pham\/tu-giam-doc-qtd16\/\" \/>\n<meta property=\"og:locale\" content=\"vi_VN\" \/>\n<meta property=\"og:type\" content=\"article\" \/>\n<meta property=\"og:title\" content=\"T\u1ee7 gi\u00e1m \u0111\u1ed1c QT\u011016\" \/>\n<meta property=\"og:description\" content=\"T\u1ee7 gi\u00e1m \u0111\u1ed1c l\u00e0 m\u1ed9t trong nh\u1eefng \u0111\u1ed3 n\u1ed9i th\u1ea5t v\u0103n ph\u00f2ng th\u01b0\u1eddng \u0111\u01b0\u1ee3c d\u00f9ng \u0111\u1ec3 l\u01b0u tr\u1eef \u0111\u1ed3 c\u00e1 nh\u00e2n, h\u1ed3 s\u01a1 v\u00e0 t\u00e0i li\u1ec7u trong v\u0103n ph\u00f2ng c\u1ee7a c\u00e1c nh\u00e0 l\u00e3nh \u0111\u1ea1o\" \/>\n<meta property=\"og:url\" content=\"https:\/\/luan.webrt.net\/qhome\/san-pham\/tu-giam-doc-qtd16\/\" \/>\n<meta property=\"og:site_name\" content=\"M\u1eabu web n\u1ed9i th\u1ea5t\" \/>\n<meta property=\"article:publisher\" content=\"https:\/\/www.facebook.com\/noithatqghome\" \/>\n<meta property=\"article:modified_time\" content=\"2024-08-28T08:00:05+00:00\" \/>\n<meta property=\"og:image\" content=\"https:\/\/luan.webrt.net\/qhome\/wp-content\/uploads\/2024\/05\/Tu-giam-doc-QTD16.3.jpg\" \/>\n\t<meta property=\"og:image:width\" content=\"900\" \/>\n\t<meta property=\"og:image:height\" content=\"900\" \/>\n\t<meta property=\"og:image:type\" content=\"image\/jpeg\" \/>\n<meta name=\"twitter:card\" content=\"summary_large_image\" \/>\n<meta name=\"twitter:label1\" content=\"\u01af\u1edbc t\u00ednh th\u1eddi gian \u0111\u1ecdc\" \/>\n\t<meta name=\"twitter:data1\" content=\"4 ph\u00fat\" \/>\n<script type=\"application\/ld+json\" class=\"yoast-schema-graph\">{\"@context\":\"https:\/\/schema.org\",\"@graph\":[{\"@type\":\"WebPage\",\"@id\":\"https:\/\/luan.webrt.net\/qhome\/san-pham\/tu-giam-doc-qtd16\/\",\"url\":\"https:\/\/luan.webrt.net\/qhome\/san-pham\/tu-giam-doc-qtd16\/\",\"name\":\"T\u1ee7 gi\u00e1m \u0111\u1ed1c QT\u011016\",\"isPartOf\":{\"@id\":\"https:\/\/luan.webrt.net\/qhome\/#website\"},\"datePublished\":\"2024-05-27T08:09:23+00:00\",\"dateModified\":\"2024-08-28T08:00:05+00:00\",\"description\":\"T\u1ee7 gi\u00e1m \u0111\u1ed1c l\u00e0 m\u1ed9t trong nh\u1eefng \u0111\u1ed3 n\u1ed9i th\u1ea5t v\u0103n ph\u00f2ng th\u01b0\u1eddng \u0111\u01b0\u1ee3c d\u00f9ng \u0111\u1ec3 l\u01b0u tr\u1eef \u0111\u1ed3 c\u00e1 nh\u00e2n, h\u1ed3 s\u01a1 v\u00e0 t\u00e0i li\u1ec7u trong v\u0103n ph\u00f2ng c\u1ee7a c\u00e1c nh\u00e0 l\u00e3nh \u0111\u1ea1o\",\"breadcrumb\":{\"@id\":\"https:\/\/luan.webrt.net\/qhome\/san-pham\/tu-giam-doc-qtd16\/#breadcrumb\"},\"inLanguage\":\"vi\",\"potentialAction\":[{\"@type\":\"ReadAction\",\"target\":[\"https:\/\/luan.webrt.net\/qhome\/san-pham\/tu-giam-doc-qtd16\/\"]}]},{\"@type\":\"BreadcrumbList\",\"@id\":\"https:\/\/luan.webrt.net\/qhome\/san-pham\/tu-giam-doc-qtd16\/#breadcrumb\",\"itemListElement\":[{\"@type\":\"ListItem\",\"position\":1,\"name\":\"Trang ch\u1ee7\",\"item\":\"https:\/\/luan.webrt.net\/qhome\/\"},{\"@type\":\"ListItem\",\"position\":2,\"name\":\"Shop\",\"item\":\"https:\/\/luan.webrt.net\/qhome\/shop\/\"},{\"@type\":\"ListItem\",\"position\":3,\"name\":\"T\u1ee7 gi\u00e1m \u0111\u1ed1c QT\u011016\"}]},{\"@type\":\"WebSite\",\"@id\":\"https:\/\/luan.webrt.net\/qhome\/#website\",\"url\":\"https:\/\/luan.webrt.net\/qhome\/\",\"name\":\"M\u1eabu web n\u1ed9i th\u1ea5t\",\"description\":\"QGHome Vi\u1ec7t Nam\",\"publisher\":{\"@id\":\"https:\/\/luan.webrt.net\/qhome\/#organization\"},\"potentialAction\":[{\"@type\":\"SearchAction\",\"target\":{\"@type\":\"EntryPoint\",\"urlTemplate\":\"https:\/\/luan.webrt.net\/qhome\/?s={search_term_string}\"},\"query-input\":\"required name=search_term_string\"}],\"inLanguage\":\"vi\"},{\"@type\":\"Organization\",\"@id\":\"https:\/\/luan.webrt.net\/qhome\/#organization\",\"name\":\"QGHome\",\"url\":\"https:\/\/luan.webrt.net\/qhome\/\",\"logo\":{\"@type\":\"ImageObject\",\"inLanguage\":\"vi\",\"@id\":\"https:\/\/luan.webrt.net\/qhome\/#\/schema\/logo\/image\/\",\"url\":\"https:\/\/qghome.vn\/wp-content\/uploads\/2025\/08\/logo-mau-MauTH-21.png\",\"contentUrl\":\"https:\/\/qghome.vn\/wp-content\/uploads\/2025\/08\/logo-mau-MauTH-21.png\",\"width\":253,\"height\":99,\"caption\":\"QGHome\"},\"image\":{\"@id\":\"https:\/\/luan.webrt.net\/qhome\/#\/schema\/logo\/image\/\"},\"sameAs\":[\"https:\/\/www.tiktok.com\/@qghome.official\",\"https:\/\/www.youtube.com\/channel\/UCeVBuKTXkv-u94DS421cklw\",\"https:\/\/www.facebook.com\/noithatqghome\"]}]}<\/script>\n<!-- \/ Yoast SEO plugin. -->","yoast_head_json":{"title":"T\u1ee7 gi\u00e1m \u0111\u1ed1c QT\u011016","description":"T\u1ee7 gi\u00e1m \u0111\u1ed1c l\u00e0 m\u1ed9t trong nh\u1eefng \u0111\u1ed3 n\u1ed9i th\u1ea5t v\u0103n ph\u00f2ng th\u01b0\u1eddng \u0111\u01b0\u1ee3c d\u00f9ng \u0111\u1ec3 l\u01b0u tr\u1eef \u0111\u1ed3 c\u00e1 nh\u00e2n, h\u1ed3 s\u01a1 v\u00e0 t\u00e0i li\u1ec7u trong v\u0103n ph\u00f2ng c\u1ee7a c\u00e1c nh\u00e0 l\u00e3nh \u0111\u1ea1o","robots":{"index":"index","follow":"follow","max-snippet":"max-snippet:-1","max-image-preview":"max-image-preview:large","max-video-preview":"max-video-preview:-1"},"canonical":"https:\/\/luan.webrt.net\/qhome\/san-pham\/tu-giam-doc-qtd16\/","og_locale":"vi_VN","og_type":"article","og_title":"T\u1ee7 gi\u00e1m \u0111\u1ed1c QT\u011016","og_description":"T\u1ee7 gi\u00e1m \u0111\u1ed1c l\u00e0 m\u1ed9t trong nh\u1eefng \u0111\u1ed3 n\u1ed9i th\u1ea5t v\u0103n ph\u00f2ng th\u01b0\u1eddng \u0111\u01b0\u1ee3c d\u00f9ng \u0111\u1ec3 l\u01b0u tr\u1eef \u0111\u1ed3 c\u00e1 nh\u00e2n, h\u1ed3 s\u01a1 v\u00e0 t\u00e0i li\u1ec7u trong v\u0103n ph\u00f2ng c\u1ee7a c\u00e1c nh\u00e0 l\u00e3nh \u0111\u1ea1o","og_url":"https:\/\/luan.webrt.net\/qhome\/san-pham\/tu-giam-doc-qtd16\/","og_site_name":"M\u1eabu web n\u1ed9i th\u1ea5t","article_publisher":"https:\/\/www.facebook.com\/noithatqghome","article_modified_time":"2024-08-28T08:00:05+00:00","og_image":[{"width":900,"height":900,"url":"https:\/\/luan.webrt.net\/qhome\/wp-content\/uploads\/2024\/05\/Tu-giam-doc-QTD16.3.jpg","type":"image\/jpeg"}],"twitter_card":"summary_large_image","twitter_misc":{"\u01af\u1edbc t\u00ednh th\u1eddi gian \u0111\u1ecdc":"4 ph\u00fat"},"schema":{"@context":"https:\/\/schema.org","@graph":[{"@type":"WebPage","@id":"https:\/\/luan.webrt.net\/qhome\/san-pham\/tu-giam-doc-qtd16\/","url":"https:\/\/luan.webrt.net\/qhome\/san-pham\/tu-giam-doc-qtd16\/","name":"T\u1ee7 gi\u00e1m \u0111\u1ed1c QT\u011016","isPartOf":{"@id":"https:\/\/luan.webrt.net\/qhome\/#website"},"datePublished":"2024-05-27T08:09:23+00:00","dateModified":"2024-08-28T08:00:05+00:00","description":"T\u1ee7 gi\u00e1m \u0111\u1ed1c l\u00e0 m\u1ed9t trong nh\u1eefng \u0111\u1ed3 n\u1ed9i th\u1ea5t v\u0103n ph\u00f2ng th\u01b0\u1eddng \u0111\u01b0\u1ee3c d\u00f9ng \u0111\u1ec3 l\u01b0u tr\u1eef \u0111\u1ed3 c\u00e1 nh\u00e2n, h\u1ed3 s\u01a1 v\u00e0 t\u00e0i li\u1ec7u trong v\u0103n ph\u00f2ng c\u1ee7a c\u00e1c nh\u00e0 l\u00e3nh \u0111\u1ea1o","breadcrumb":{"@id":"https:\/\/luan.webrt.net\/qhome\/san-pham\/tu-giam-doc-qtd16\/#breadcrumb"},"inLanguage":"vi","potentialAction":[{"@type":"ReadAction","target":["https:\/\/luan.webrt.net\/qhome\/san-pham\/tu-giam-doc-qtd16\/"]}]},{"@type":"BreadcrumbList","@id":"https:\/\/luan.webrt.net\/qhome\/san-pham\/tu-giam-doc-qtd16\/#breadcrumb","itemListElement":[{"@type":"ListItem","position":1,"name":"Trang ch\u1ee7","item":"https:\/\/luan.webrt.net\/qhome\/"},{"@type":"ListItem","position":2,"name":"Shop","item":"https:\/\/luan.webrt.net\/qhome\/shop\/"},{"@type":"ListItem","position":3,"name":"T\u1ee7 gi\u00e1m \u0111\u1ed1c QT\u011016"}]},{"@type":"WebSite","@id":"https:\/\/luan.webrt.net\/qhome\/#website","url":"https:\/\/luan.webrt.net\/qhome\/","name":"M\u1eabu web n\u1ed9i th\u1ea5t","description":"QGHome Vi\u1ec7t Nam","publisher":{"@id":"https:\/\/luan.webrt.net\/qhome\/#organization"},"potentialAction":[{"@type":"SearchAction","target":{"@type":"EntryPoint","urlTemplate":"https:\/\/luan.webrt.net\/qhome\/?s={search_term_string}"},"query-input":"required name=search_term_string"}],"inLanguage":"vi"},{"@type":"Organization","@id":"https:\/\/luan.webrt.net\/qhome\/#organization","name":"QGHome","url":"https:\/\/luan.webrt.net\/qhome\/","logo":{"@type":"ImageObject","inLanguage":"vi","@id":"https:\/\/luan.webrt.net\/qhome\/#\/schema\/logo\/image\/","url":"https:\/\/qghome.vn\/wp-content\/uploads\/2025\/08\/logo-mau-MauTH-21.png","contentUrl":"https:\/\/qghome.vn\/wp-content\/uploads\/2025\/08\/logo-mau-MauTH-21.png","width":253,"height":99,"caption":"QGHome"},"image":{"@id":"https:\/\/luan.webrt.net\/qhome\/#\/schema\/logo\/image\/"},"sameAs":["https:\/\/www.tiktok.com\/@qghome.official","https:\/\/www.youtube.com\/channel\/UCeVBuKTXkv-u94DS421cklw","https:\/\/www.facebook.com\/noithatqghome"]}]}},"_links":{"self":[{"href":"https:\/\/luan.webrt.net\/qhome\/wp-json\/wp\/v2\/product\/9869","targetHints":{"allow":["GET"]}}],"collection":[{"href":"https:\/\/luan.webrt.net\/qhome\/wp-json\/wp\/v2\/product"}],"about":[{"href":"https:\/\/luan.webrt.net\/qhome\/wp-json\/wp\/v2\/types\/product"}],"replies":[{"embeddable":true,"href":"https:\/\/luan.webrt.net\/qhome\/wp-json\/wp\/v2\/comments?post=9869"}],"wp:featuredmedia":[{"embeddable":true,"href":"https:\/\/luan.webrt.net\/qhome\/wp-json\/wp\/v2\/media\/12304"}],"wp:attachment":[{"href":"https:\/\/luan.webrt.net\/qhome\/wp-json\/wp\/v2\/media?parent=9869"}],"wp:term":[{"taxonomy":"product_cat","embeddable":true,"href":"https:\/\/luan.webrt.net\/qhome\/wp-json\/wp\/v2\/product_cat?post=9869"},{"taxonomy":"product_tag","embeddable":true,"href":"https:\/\/luan.webrt.net\/qhome\/wp-json\/wp\/v2\/product_tag?post=9869"}],"curies":[{"name":"wp","href":"https:\/\/api.w.org\/{rel}","templated":true}]}}