{"id":9719,"date":"2024-05-23T08:33:15","date_gmt":"2024-05-23T08:33:15","guid":{"rendered":"https:\/\/qghome.vn\/?post_type=product&#038;p=9719"},"modified":"2024-05-23T08:34:48","modified_gmt":"2024-05-23T08:34:48","slug":"backdrop-logo-sanh-le-tan-25m2","status":"publish","type":"product","link":"https:\/\/luan.webrt.net\/qhome\/san-pham\/backdrop-logo-sanh-le-tan-25m2\/","title":{"rendered":"BACKDROP LOGO S\u1ea2NH L\u1ec4 T\u00c2N 25m2"},"content":{"rendered":"<p>Logo v\u00e0 backdrop \u0111\u01b0\u1ee3c thi\u1ebft k\u1ebf \u0111\u1eb9p m\u1eaft gi\u00fap t\u1ea1o \u1ea5n t\u01b0\u1ee3ng \u0111\u1ea7u ti\u00ean m\u1ea1nh m\u1ebd v\u1edbi kh\u00e1ch h\u00e0ng v\u00e0 \u0111\u1ed1i t\u00e1c khi h\u1ecd b\u01b0\u1edbc v\u00e0o v\u0103n ph\u00f2ng. Th\u1ec3 hi\u1ec7n s\u1ef1 chuy\u00ean nghi\u1ec7p v\u00e0 \u0111\u1ea7u t\u01b0 c\u1ee7a doanh nghi\u1ec7p v\u00e0o h\u00ecnh \u1ea3nh th\u01b0\u01a1ng hi\u1ec7u. Gi\u00fap kh\u00e1ch h\u00e0ng d\u1ec5 d\u00e0ng nh\u1eadn di\u1ec7n v\u00e0 ghi nh\u1edb th\u01b0\u01a1ng hi\u1ec7u c\u1ee7a b\u1ea1n.<br \/>\nLogo v\u00e0 backdrop l\u00e0 m\u1ed9t ph\u1ea7n c\u1ee7a chi\u1ebfn l\u01b0\u1ee3c x\u00e2y d\u1ef1ng th\u01b0\u01a1ng hi\u1ec7u nh\u1ea5t qu\u00e1n, t\u1ea1o s\u1ef1 hi\u1ec7n di\u1ec7n m\u1ea1nh m\u1ebd v\u00e0 d\u1ec5 nh\u1eadn bi\u1ebft. \u0110\u01b0\u1ee3c thi\u1ebft k\u1ebf lam s\u00f3ng k\u1ebft h\u1ee3p alu gi\u1eef g\u1eafn logo th\u01b0\u01a1ng hi\u1ec7u, l\u1eafp \u0111\u1eb7t ho\u00e0n thi\u1ec7n .<\/p>\n<figure id=\"attachment_9711\" aria-describedby=\"caption-attachment-9711\" style=\"width: 800px\" class=\"wp-caption aligncenter\"><img loading=\"lazy\" decoding=\"async\" class=\"wp-image-9711 size-large\" src=\"http:\/\/qghome.vn\/wp-content\/uploads\/2024\/05\/Sanh-le-tan-9-1-800x800.png\" alt=\"Backdorps - logo\" width=\"800\" height=\"800\" srcset=\"https:\/\/luan.webrt.net\/qhome\/wp-content\/uploads\/2024\/05\/Sanh-le-tan-9-1-800x800.png 800w, https:\/\/luan.webrt.net\/qhome\/wp-content\/uploads\/2024\/05\/Sanh-le-tan-9-1-100x100.png 100w, https:\/\/luan.webrt.net\/qhome\/wp-content\/uploads\/2024\/05\/Sanh-le-tan-9-1-510x510.png 510w, https:\/\/luan.webrt.net\/qhome\/wp-content\/uploads\/2024\/05\/Sanh-le-tan-9-1-400x400.png 400w, https:\/\/luan.webrt.net\/qhome\/wp-content\/uploads\/2024\/05\/Sanh-le-tan-9-1-280x280.png 280w, https:\/\/luan.webrt.net\/qhome\/wp-content\/uploads\/2024\/05\/Sanh-le-tan-9-1-768x768.png 768w, https:\/\/luan.webrt.net\/qhome\/wp-content\/uploads\/2024\/05\/Sanh-le-tan-9-1.png 1080w\" sizes=\"auto, (max-width: 800px) 100vw, 800px\" \/><figcaption id=\"caption-attachment-9711\" class=\"wp-caption-text\">Backdorps &#8211; logo<\/figcaption><\/figure>\n<p>K\u00edch th\u01b0\u1edbc: 2400mmx2800mm<\/p>\n<h3><strong>N\u1ed9i th\u1ea5t QGHOME &#8211; \u0110\u01a1n v\u1ecb thi\u1ebft k\u1ebf n\u1ed9i th\u1ea5t uy t\u00edn<\/strong><\/h3>\n<p>H\u00e3y \u0111\u1ec3 ch\u00fang t\u00f4i c\u00f9ng b\u1ea1n t\u1ea1o ra m\u1ed9t kh\u00f4ng gian l\u00e0m vi\u1ec7c \u0111\u1eb3ng c\u1ea5p v\u00e0 chuy\u00ean nghi\u1ec7p cho gi\u00e1m \u0111\u1ed1c c\u1ee7a b\u1ea1n. Li\u00ean h\u1ec7 v\u1edbi QGHome ngay h\u00f4m nay \u0111\u1ec3 bi\u1ebft th\u00eam th\u00f4ng tin v\u00e0 nh\u1eadn \u0111\u01b0\u1ee3c s\u1ef1 t\u01b0 v\u1ea5n chuy\u00ean nghi\u1ec7p t\u1eeb \u0111\u1ed9i ng\u0169 c\u1ee7a ch\u00fang t\u00f4i<\/p>\n<p>\u2014\u2014\u2014\u2014\u2014\u2014\u2014\u2014\u2014\u2014\u2014\u2014\u2014\u2014\u2014\u2014\u2013<\/p>\n<p>Khu v\u1ef1c H\u00e0 N\u1ed9i: S\u1ed1 72\/70 Xu\u00e2n Ph\u01b0\u01a1ng, Qu\u1eadn Nam T\u1eeb Li\u00eam, H\u00e0 N\u1ed9i<\/p>\n<p>Khu v\u1ef1c H\u1ed3 Ch\u00ed Minh: 299 TL8, T\u00e2n Th\u1ea1nh T\u00e2y, C\u1ee7 Chi, Th\u00e0nh ph\u1ed1 H\u1ed3 Ch\u00ed Minh<\/p>\n<p>Khu v\u1ef1c B\u1eafc Giang: \u0110\u01b0\u1eddng 276, H. Hi\u1ec7p Ho\u00e0, B\u1eafc Giang<\/p>\n<p>\ud83d\udcde Hotline: 0983.368.623<\/p>\n<p>\ud83c\udf0fWebsite: https:\/\/qghome.vn<\/p>\n<p>\ud83d\udccd Facebook: <a href=\"https:\/\/www.facebook.com\/noithatqghome\">https:\/\/www.facebook.com\/noithatqghome<\/a><\/p>\n<p>\ud83d\udc8c Email: qghome.official@gmail.com<\/p>\n","protected":false},"excerpt":{"rendered":"<p>\u0110\u01b0\u1ee3c thi\u1ebft k\u1ebf lam s\u00f3ng k\u1ebft h\u1ee3p alu gi\u1eef g\u1eafn logo th\u01b0\u01a1ng hi\u1ec7u, l\u1eafp \u0111\u1eb7t ho\u00e0n thi\u1ec7n .<\/p>\n<p>K\u00edch th\u01b0\u1edbc: \u00a0R\u1ed9ng 2400mm x cao 28000mm<\/p>\n","protected":false},"featured_media":9711,"comment_status":"open","ping_status":"closed","template":"","meta":[],"product_cat":[499,119],"product_tag":[],"class_list":["post-9719","product","type-product","status-publish","has-post-thumbnail","hentry","product_cat-logo-backdrop-van-phong","product_cat-san-pham"],"yoast_head":"<!-- This site is optimized with the Yoast SEO plugin v19.9 - https:\/\/yoast.com\/wordpress\/plugins\/seo\/ -->\n<title>BACKDROP LOGO S\u1ea2NH L\u1ec4 T\u00c2N 25m2<\/title>\n<meta name=\"description\" content=\"Logo v\u00e0 backdrop l\u00e0 m\u1ed9t ph\u1ea7n c\u1ee7a chi\u1ebfn l\u01b0\u1ee3c x\u00e2y d\u1ef1ng th\u01b0\u01a1ng hi\u1ec7u, t\u1ea1o s\u1ef1 hi\u1ec7n di\u1ec7n m\u1ea1nh m\u1ebd. \u0110\u01b0\u1ee3c thi\u1ebft k\u1ebf lam s\u00f3ng k\u1ebft h\u1ee3p alu gi\u1eef g\u1eafn logo th\u01b0\u01a1ng hi\u1ec7u\" \/>\n<meta name=\"robots\" content=\"index, follow, max-snippet:-1, max-image-preview:large, max-video-preview:-1\" \/>\n<link rel=\"canonical\" href=\"https:\/\/luan.webrt.net\/qhome\/san-pham\/backdrop-logo-sanh-le-tan-25m2\/\" \/>\n<meta property=\"og:locale\" content=\"vi_VN\" \/>\n<meta property=\"og:type\" content=\"article\" \/>\n<meta property=\"og:title\" content=\"BACKDROP LOGO S\u1ea2NH L\u1ec4 T\u00c2N 25m2\" \/>\n<meta property=\"og:description\" content=\"Logo v\u00e0 backdrop l\u00e0 m\u1ed9t ph\u1ea7n c\u1ee7a chi\u1ebfn l\u01b0\u1ee3c x\u00e2y d\u1ef1ng th\u01b0\u01a1ng hi\u1ec7u, t\u1ea1o s\u1ef1 hi\u1ec7n di\u1ec7n m\u1ea1nh m\u1ebd. \u0110\u01b0\u1ee3c thi\u1ebft k\u1ebf lam s\u00f3ng k\u1ebft h\u1ee3p alu gi\u1eef g\u1eafn logo th\u01b0\u01a1ng hi\u1ec7u\" \/>\n<meta property=\"og:url\" content=\"https:\/\/luan.webrt.net\/qhome\/san-pham\/backdrop-logo-sanh-le-tan-25m2\/\" \/>\n<meta property=\"og:site_name\" content=\"M\u1eabu web n\u1ed9i th\u1ea5t\" \/>\n<meta property=\"article:publisher\" content=\"https:\/\/www.facebook.com\/noithatqghome\" \/>\n<meta property=\"article:modified_time\" content=\"2024-05-23T08:34:48+00:00\" \/>\n<meta property=\"og:image\" content=\"https:\/\/luan.webrt.net\/qhome\/wp-content\/uploads\/2024\/05\/Sanh-le-tan-9-1-800x800.png\" \/>\n\t<meta property=\"og:image:width\" content=\"800\" \/>\n\t<meta property=\"og:image:height\" content=\"800\" \/>\n\t<meta property=\"og:image:type\" content=\"image\/png\" \/>\n<meta name=\"twitter:card\" content=\"summary_large_image\" \/>\n<meta name=\"twitter:label1\" content=\"\u01af\u1edbc t\u00ednh th\u1eddi gian \u0111\u1ecdc\" \/>\n\t<meta name=\"twitter:data1\" content=\"2 ph\u00fat\" \/>\n<script type=\"application\/ld+json\" class=\"yoast-schema-graph\">{\"@context\":\"https:\/\/schema.org\",\"@graph\":[{\"@type\":\"WebPage\",\"@id\":\"https:\/\/luan.webrt.net\/qhome\/san-pham\/backdrop-logo-sanh-le-tan-25m2\/\",\"url\":\"https:\/\/luan.webrt.net\/qhome\/san-pham\/backdrop-logo-sanh-le-tan-25m2\/\",\"name\":\"BACKDROP LOGO S\u1ea2NH L\u1ec4 T\u00c2N 25m2\",\"isPartOf\":{\"@id\":\"https:\/\/luan.webrt.net\/qhome\/#website\"},\"datePublished\":\"2024-05-23T08:33:15+00:00\",\"dateModified\":\"2024-05-23T08:34:48+00:00\",\"description\":\"Logo v\u00e0 backdrop l\u00e0 m\u1ed9t ph\u1ea7n c\u1ee7a chi\u1ebfn l\u01b0\u1ee3c x\u00e2y d\u1ef1ng th\u01b0\u01a1ng hi\u1ec7u, t\u1ea1o s\u1ef1 hi\u1ec7n di\u1ec7n m\u1ea1nh m\u1ebd. \u0110\u01b0\u1ee3c thi\u1ebft k\u1ebf lam s\u00f3ng k\u1ebft h\u1ee3p alu gi\u1eef g\u1eafn logo th\u01b0\u01a1ng hi\u1ec7u\",\"breadcrumb\":{\"@id\":\"https:\/\/luan.webrt.net\/qhome\/san-pham\/backdrop-logo-sanh-le-tan-25m2\/#breadcrumb\"},\"inLanguage\":\"vi\",\"potentialAction\":[{\"@type\":\"ReadAction\",\"target\":[\"https:\/\/luan.webrt.net\/qhome\/san-pham\/backdrop-logo-sanh-le-tan-25m2\/\"]}]},{\"@type\":\"BreadcrumbList\",\"@id\":\"https:\/\/luan.webrt.net\/qhome\/san-pham\/backdrop-logo-sanh-le-tan-25m2\/#breadcrumb\",\"itemListElement\":[{\"@type\":\"ListItem\",\"position\":1,\"name\":\"Trang ch\u1ee7\",\"item\":\"https:\/\/luan.webrt.net\/qhome\/\"},{\"@type\":\"ListItem\",\"position\":2,\"name\":\"Shop\",\"item\":\"https:\/\/luan.webrt.net\/qhome\/shop\/\"},{\"@type\":\"ListItem\",\"position\":3,\"name\":\"BACKDROP LOGO S\u1ea2NH L\u1ec4 T\u00c2N 25m2\"}]},{\"@type\":\"WebSite\",\"@id\":\"https:\/\/luan.webrt.net\/qhome\/#website\",\"url\":\"https:\/\/luan.webrt.net\/qhome\/\",\"name\":\"M\u1eabu web n\u1ed9i th\u1ea5t\",\"description\":\"QGHome Vi\u1ec7t Nam\",\"publisher\":{\"@id\":\"https:\/\/luan.webrt.net\/qhome\/#organization\"},\"potentialAction\":[{\"@type\":\"SearchAction\",\"target\":{\"@type\":\"EntryPoint\",\"urlTemplate\":\"https:\/\/luan.webrt.net\/qhome\/?s={search_term_string}\"},\"query-input\":\"required name=search_term_string\"}],\"inLanguage\":\"vi\"},{\"@type\":\"Organization\",\"@id\":\"https:\/\/luan.webrt.net\/qhome\/#organization\",\"name\":\"QGHome\",\"url\":\"https:\/\/luan.webrt.net\/qhome\/\",\"logo\":{\"@type\":\"ImageObject\",\"inLanguage\":\"vi\",\"@id\":\"https:\/\/luan.webrt.net\/qhome\/#\/schema\/logo\/image\/\",\"url\":\"https:\/\/qghome.vn\/wp-content\/uploads\/2025\/08\/logo-mau-MauTH-21.png\",\"contentUrl\":\"https:\/\/qghome.vn\/wp-content\/uploads\/2025\/08\/logo-mau-MauTH-21.png\",\"width\":253,\"height\":99,\"caption\":\"QGHome\"},\"image\":{\"@id\":\"https:\/\/luan.webrt.net\/qhome\/#\/schema\/logo\/image\/\"},\"sameAs\":[\"https:\/\/www.tiktok.com\/@qghome.official\",\"https:\/\/www.youtube.com\/channel\/UCeVBuKTXkv-u94DS421cklw\",\"https:\/\/www.facebook.com\/noithatqghome\"]}]}<\/script>\n<!-- \/ Yoast SEO plugin. -->","yoast_head_json":{"title":"BACKDROP LOGO S\u1ea2NH L\u1ec4 T\u00c2N 25m2","description":"Logo v\u00e0 backdrop l\u00e0 m\u1ed9t ph\u1ea7n c\u1ee7a chi\u1ebfn l\u01b0\u1ee3c x\u00e2y d\u1ef1ng th\u01b0\u01a1ng hi\u1ec7u, t\u1ea1o s\u1ef1 hi\u1ec7n di\u1ec7n m\u1ea1nh m\u1ebd. \u0110\u01b0\u1ee3c thi\u1ebft k\u1ebf lam s\u00f3ng k\u1ebft h\u1ee3p alu gi\u1eef g\u1eafn logo th\u01b0\u01a1ng hi\u1ec7u","robots":{"index":"index","follow":"follow","max-snippet":"max-snippet:-1","max-image-preview":"max-image-preview:large","max-video-preview":"max-video-preview:-1"},"canonical":"https:\/\/luan.webrt.net\/qhome\/san-pham\/backdrop-logo-sanh-le-tan-25m2\/","og_locale":"vi_VN","og_type":"article","og_title":"BACKDROP LOGO S\u1ea2NH L\u1ec4 T\u00c2N 25m2","og_description":"Logo v\u00e0 backdrop l\u00e0 m\u1ed9t ph\u1ea7n c\u1ee7a chi\u1ebfn l\u01b0\u1ee3c x\u00e2y d\u1ef1ng th\u01b0\u01a1ng hi\u1ec7u, t\u1ea1o s\u1ef1 hi\u1ec7n di\u1ec7n m\u1ea1nh m\u1ebd. \u0110\u01b0\u1ee3c thi\u1ebft k\u1ebf lam s\u00f3ng k\u1ebft h\u1ee3p alu gi\u1eef g\u1eafn logo th\u01b0\u01a1ng hi\u1ec7u","og_url":"https:\/\/luan.webrt.net\/qhome\/san-pham\/backdrop-logo-sanh-le-tan-25m2\/","og_site_name":"M\u1eabu web n\u1ed9i th\u1ea5t","article_publisher":"https:\/\/www.facebook.com\/noithatqghome","article_modified_time":"2024-05-23T08:34:48+00:00","og_image":[{"width":800,"height":800,"url":"https:\/\/luan.webrt.net\/qhome\/wp-content\/uploads\/2024\/05\/Sanh-le-tan-9-1-800x800.png","type":"image\/png"}],"twitter_card":"summary_large_image","twitter_misc":{"\u01af\u1edbc t\u00ednh th\u1eddi gian \u0111\u1ecdc":"2 ph\u00fat"},"schema":{"@context":"https:\/\/schema.org","@graph":[{"@type":"WebPage","@id":"https:\/\/luan.webrt.net\/qhome\/san-pham\/backdrop-logo-sanh-le-tan-25m2\/","url":"https:\/\/luan.webrt.net\/qhome\/san-pham\/backdrop-logo-sanh-le-tan-25m2\/","name":"BACKDROP LOGO S\u1ea2NH L\u1ec4 T\u00c2N 25m2","isPartOf":{"@id":"https:\/\/luan.webrt.net\/qhome\/#website"},"datePublished":"2024-05-23T08:33:15+00:00","dateModified":"2024-05-23T08:34:48+00:00","description":"Logo v\u00e0 backdrop l\u00e0 m\u1ed9t ph\u1ea7n c\u1ee7a chi\u1ebfn l\u01b0\u1ee3c x\u00e2y d\u1ef1ng th\u01b0\u01a1ng hi\u1ec7u, t\u1ea1o s\u1ef1 hi\u1ec7n di\u1ec7n m\u1ea1nh m\u1ebd. \u0110\u01b0\u1ee3c thi\u1ebft k\u1ebf lam s\u00f3ng k\u1ebft h\u1ee3p alu gi\u1eef g\u1eafn logo th\u01b0\u01a1ng hi\u1ec7u","breadcrumb":{"@id":"https:\/\/luan.webrt.net\/qhome\/san-pham\/backdrop-logo-sanh-le-tan-25m2\/#breadcrumb"},"inLanguage":"vi","potentialAction":[{"@type":"ReadAction","target":["https:\/\/luan.webrt.net\/qhome\/san-pham\/backdrop-logo-sanh-le-tan-25m2\/"]}]},{"@type":"BreadcrumbList","@id":"https:\/\/luan.webrt.net\/qhome\/san-pham\/backdrop-logo-sanh-le-tan-25m2\/#breadcrumb","itemListElement":[{"@type":"ListItem","position":1,"name":"Trang ch\u1ee7","item":"https:\/\/luan.webrt.net\/qhome\/"},{"@type":"ListItem","position":2,"name":"Shop","item":"https:\/\/luan.webrt.net\/qhome\/shop\/"},{"@type":"ListItem","position":3,"name":"BACKDROP LOGO S\u1ea2NH L\u1ec4 T\u00c2N 25m2"}]},{"@type":"WebSite","@id":"https:\/\/luan.webrt.net\/qhome\/#website","url":"https:\/\/luan.webrt.net\/qhome\/","name":"M\u1eabu web n\u1ed9i th\u1ea5t","description":"QGHome Vi\u1ec7t Nam","publisher":{"@id":"https:\/\/luan.webrt.net\/qhome\/#organization"},"potentialAction":[{"@type":"SearchAction","target":{"@type":"EntryPoint","urlTemplate":"https:\/\/luan.webrt.net\/qhome\/?s={search_term_string}"},"query-input":"required name=search_term_string"}],"inLanguage":"vi"},{"@type":"Organization","@id":"https:\/\/luan.webrt.net\/qhome\/#organization","name":"QGHome","url":"https:\/\/luan.webrt.net\/qhome\/","logo":{"@type":"ImageObject","inLanguage":"vi","@id":"https:\/\/luan.webrt.net\/qhome\/#\/schema\/logo\/image\/","url":"https:\/\/qghome.vn\/wp-content\/uploads\/2025\/08\/logo-mau-MauTH-21.png","contentUrl":"https:\/\/qghome.vn\/wp-content\/uploads\/2025\/08\/logo-mau-MauTH-21.png","width":253,"height":99,"caption":"QGHome"},"image":{"@id":"https:\/\/luan.webrt.net\/qhome\/#\/schema\/logo\/image\/"},"sameAs":["https:\/\/www.tiktok.com\/@qghome.official","https:\/\/www.youtube.com\/channel\/UCeVBuKTXkv-u94DS421cklw","https:\/\/www.facebook.com\/noithatqghome"]}]}},"_links":{"self":[{"href":"https:\/\/luan.webrt.net\/qhome\/wp-json\/wp\/v2\/product\/9719","targetHints":{"allow":["GET"]}}],"collection":[{"href":"https:\/\/luan.webrt.net\/qhome\/wp-json\/wp\/v2\/product"}],"about":[{"href":"https:\/\/luan.webrt.net\/qhome\/wp-json\/wp\/v2\/types\/product"}],"replies":[{"embeddable":true,"href":"https:\/\/luan.webrt.net\/qhome\/wp-json\/wp\/v2\/comments?post=9719"}],"wp:featuredmedia":[{"embeddable":true,"href":"https:\/\/luan.webrt.net\/qhome\/wp-json\/wp\/v2\/media\/9711"}],"wp:attachment":[{"href":"https:\/\/luan.webrt.net\/qhome\/wp-json\/wp\/v2\/media?parent=9719"}],"wp:term":[{"taxonomy":"product_cat","embeddable":true,"href":"https:\/\/luan.webrt.net\/qhome\/wp-json\/wp\/v2\/product_cat?post=9719"},{"taxonomy":"product_tag","embeddable":true,"href":"https:\/\/luan.webrt.net\/qhome\/wp-json\/wp\/v2\/product_tag?post=9719"}],"curies":[{"name":"wp","href":"https:\/\/api.w.org\/{rel}","templated":true}]}}