{"id":9699,"date":"2024-05-23T04:10:59","date_gmt":"2024-05-23T04:10:59","guid":{"rendered":"https:\/\/qghome.vn\/?post_type=product&#038;p=9699"},"modified":"2024-07-14T22:15:44","modified_gmt":"2024-07-14T22:15:44","slug":"tron-goi-thiet-ke-sanh-le-tan-20m2-chi-voi","status":"publish","type":"product","link":"https:\/\/luan.webrt.net\/qhome\/san-pham\/tron-goi-thiet-ke-sanh-le-tan-20m2-chi-voi\/","title":{"rendered":"Tr\u1ecdn g\u00f3i thi\u1ebft k\u1ebf s\u1ea3nh l\u1ec5 t\u00e2n 20m2 ch\u1ec9 v\u1edbi"},"content":{"rendered":"<h2 style=\"text-align: center;\"><span style=\"font-size: 90%;\"><strong>THI\u1ebeT K\u1ebe L\u1eaeP \u0110\u1eb6T TR\u1eccN G\u00d3I CAM K\u1ebeT CH\u1ea4T L\u01af\u1ee2NG GI\u00c1 T\u1ed0T NH\u1ea4T<\/strong><\/span><\/h2>\n<p style=\"text-align: center;\"><span style=\"font-size: 115%;\"><strong>Giao h\u00e0ng to\u00e0n qu\u1ed1c l\u1eafp \u0111\u1eb7t trong ng\u00e0y<\/strong><\/span><\/p>\n<p style=\"text-align: center;\"><span style=\"color: #ed1c24; font-size: 115%;\"><strong>G\u1ecdi ngay:\u00a0<a style=\"color: #ed1c24;\" href=\"tel:0983368623\">0983 368 623<\/a><\/strong><\/span><\/p>\n<p><strong>D\u1ecbch v\u1ee5 thi\u1ebft k\u1ebf v\u0103n ph\u00f2ng gi\u00e1m \u0111\u1ed1c ch\u1ecdn g\u00f3i v\u1edbi \u0111\u1ea7y \u0111\u1ee7 n\u1ed9i th\u1ea5t c\u00f9ng v\u1edbi <span style=\"color: #ed1c24;\">voucher khuy\u1ebfn m\u1ea1i 10%<\/span> cho kh\u00e1ch h\u00e0ng\u00a0<\/strong><\/p>\n<p><strong>Ti\u1ec7n \u00edch bao g\u1ed3m: 1 <a href=\"https:\/\/qghome.vn\/quay-le-tan-qbt12\/\">Qu\u1ea7y l\u1ec5 t\u00e2n QBT12<\/a>, 1 <span style=\"color: #282828;\"><a href=\"https:\/\/qghome.vn\/ghe-da-van-phong-qgd03\/\">Gh\u1ebf da v\u0103n ph\u00f2ng QGD03<\/a> , 1 <a href=\"https:\/\/qghome.vn\/backdrop-logo-van-phong-30m2\/\">Logo v\u00e0 backdrop<\/a><\/span><\/strong><\/p>\n<h2><span style=\"font-size: 100%;\"><strong>1.Qu\u1ea7y l\u1ec5 t\u00e2n &#8211; S\u1ea3nh l\u1ec5 t\u00e2n 20m2<\/strong><\/span><\/h2>\n<table style=\"width: 99.1415%;\">\n<tbody>\n<tr style=\"height: 43px;\">\n<td style=\"height: 43px; text-align: justify; width: 10.2788%;\"><span style=\"color: #282828; font-size: 120%;\"><strong>K\u00edch th\u01b0\u1edbc<\/strong><\/span><\/td>\n<td style=\"height: 43px; text-align: justify; width: 98.2288%;\"><span style=\"color: #282828; font-size: 120%;\">1400mm x 650mm x 1000mm\u00a0<\/span><\/td>\n<\/tr>\n<tr style=\"height: 45px;\">\n<td style=\"height: 29px; text-align: justify; width: 10.2788%;\"><span style=\"color: #282828; font-size: 120%;\"><strong>Ch\u1ea5t li\u1ec7u<\/strong><\/span><\/td>\n<td style=\"height: 29px; text-align: justify; width: 98.2288%;\"><span style=\"font-size: 120%; color: #282828;\">M\u1eb7t b\u00e0n ch\u1ed1ng x\u01b0\u1edbc, ch\u1ed1ng cong v\u00eanh, m\u1ed1i m\u1ecdt b\u1edfi \u0111\u01b0\u1ee3c s\u1eed d\u1ee5ng t\u1eeb g\u1ed7 MDF t\u1ed5ng h\u1ee3p ph\u1ee7 melamine v\u1edbi \u0111\u1ed9 b\u1ec1n t\u1ed1i \u01b0u nh\u1ea5t. C\u00f3 th\u1ec3 b\u1ec1n b\u1ec9 theo th\u1eddi gian.<\/span><\/td>\n<\/tr>\n<tr style=\"height: 21px;\">\n<td style=\"height: 21px; text-align: justify; width: 10.2788%;\"><span style=\"color: #282828; font-size: 120%;\"><strong>M\u1eb7t b\u00e0n<\/strong><\/span><\/td>\n<td style=\"height: 21px; text-align: justify; width: 98.2288%;\"><span style=\"color: #282828; font-size: 120%;\">M\u1eb7t b\u00e0n \u0111\u01b0\u1ee3c thi\u1ebft k\u1ebf c\u00f3 \u0111\u1ed9 d\u00e0y kho\u1ea3ng 50mm.<\/span><\/td>\n<\/tr>\n<tr style=\"height: 21px;\">\n<td style=\"height: 20px; width: 10.2788%; text-align: left;\"><span style=\"color: #282828; font-size: 120%;\"><strong>M\u00e0u s\u1ea3n ph\u1ea9m<\/strong><\/span><\/td>\n<td style=\"height: 20px; text-align: justify; width: 98.2288%;\"><span style=\"color: #282828; font-size: 120%;\">M\u00e0u tr\u1eafng k\u1ebft h\u1ee3p v\u00e2n g\u1ed7<\/span><\/td>\n<\/tr>\n<tr style=\"height: 20px;\">\n<td style=\"height: 20px; text-align: justify; width: 10.2788%;\"><span style=\"color: #282828; font-size: 120%;\"><strong>T\u1ee7 ph\u1ee5<\/strong><\/span><\/td>\n<td style=\"height: 20px; text-align: justify; width: 98.2288%;\"><span style=\"color: #282828; font-size: 120%;\">B\u00e0n c\u00f3 th\u00eam thi\u1ebft k\u1ebf t\u1ee7 ph\u1ee5.<\/span><\/td>\n<\/tr>\n<\/tbody>\n<\/table>\n<figure id=\"attachment_9701\" aria-describedby=\"caption-attachment-9701\" style=\"width: 800px\" class=\"wp-caption aligncenter\"><img loading=\"lazy\" decoding=\"async\" class=\"wp-image-9701\" src=\"http:\/\/qghome.vn\/wp-content\/uploads\/2024\/05\/10-3-510x510-1-400x400.png\" alt=\"Qu\u1ea7y l\u1ec5 t\u00e2n QBT12\" width=\"800\" height=\"800\" srcset=\"https:\/\/luan.webrt.net\/qhome\/wp-content\/uploads\/2024\/05\/10-3-510x510-1-400x400.png 400w, https:\/\/luan.webrt.net\/qhome\/wp-content\/uploads\/2024\/05\/10-3-510x510-1-100x100.png 100w, https:\/\/luan.webrt.net\/qhome\/wp-content\/uploads\/2024\/05\/10-3-510x510-1-280x280.png 280w, https:\/\/luan.webrt.net\/qhome\/wp-content\/uploads\/2024\/05\/10-3-510x510-1.png 510w\" sizes=\"auto, (max-width: 800px) 100vw, 800px\" \/><figcaption id=\"caption-attachment-9701\" class=\"wp-caption-text\"><em>Qu\u1ea7y l\u1ec5 t\u00e2n QBT12<\/em><\/figcaption><\/figure>\n<p><a href=\"https:\/\/qghome.vn\/quay-le-tan-qbt12\/\"><strong>Qu\u1ea7y l\u1ec5 t\u00e2n QBT12 <\/strong><\/a><span style=\"color: #282828;\">Qu\u1ea7y l\u1ec5 t\u00e2n kh\u00f4ng ch\u1ec9 l\u00e0 m\u1ed9t s\u1ea3n ph\u1ea9m \u0111\u01a1n thu\u1ea7n, m\u00e0 c\u00f2n l\u00e0 m\u1ed9t t\u00e1c ph\u1ea9m ngh\u1ec7 thu\u1eadt v\u1edbi s\u1ef1 k\u1ebft h\u1ee3p tinh t\u1ebf gi\u1eefa thi\u1ebft k\u1ebf hi\u1ec7n \u0111\u1ea1i v\u00e0 s\u1ef1 m\u1ec1m m\u1ea1i c\u1ee7a \u0111\u01b0\u1eddng cong u\u1ed1n l\u01b0\u1ee3n. Ngo\u00e0i ra, h\u00ecnh d\u00e1ng b\u00e0n l\u1ec5 t\u00e2n ch\u1eef L v\u1edbi \u0111\u01b0\u1eddng u\u1ed1n cong \u1edf cu\u1ed1i c\u00f2n mang l\u1ea1i c\u1ea3m gi\u00e1c tho\u1ea3i m\u00e1i v\u00e0 tho\u00e1ng \u0111\u00e3ng cho kh\u00f4ng gian.<\/span><\/p>\n<p><span style=\"color: #282828;\">S\u1ef1 ph\u00e2n chia r\u00f5 r\u00e0ng c\u1ee7a qu\u1ea7y l\u1ec5 t\u00e2n th\u00e0nh hai khu v\u1ef1c l\u00e0m vi\u1ec7c v\u00e0 ti\u1ebfp t\u00e2n l\u00e0 \u0111i\u1ec3m nh\u1ea5n c\u1ee7a s\u1ea3n ph\u1ea9m. S\u1ef1 chuy\u00ean nghi\u1ec7p \u0111\u01b0\u1ee3c th\u1ec3 hi\u1ec7n qua vi\u1ec7c cung c\u1ea5p kh\u00f4ng gian l\u00e0m vi\u1ec7c ri\u00eang bi\u1ec7t cho nh\u00e2n vi\u00ean ph\u1ee5c v\u1ee5, gi\u00fap h\u1ecd t\u1eadp trung v\u00e0o\u00a0<em class=\"Highlight\">c\u00f4<\/em>ng vi\u1ec7c m\u1ed9t c\u00e1ch hi\u1ec7u qu\u1ea3 nh\u1ea5t.<\/span><\/p>\n<h2><span style=\"font-size: 100%;\"><strong>2.Gh\u1ebf s\u1ea3nh l\u1ec5 t\u00e2n &#8211; S\u1ea3nh l\u1ec5 t\u00e2n 20m2<\/strong><\/span><\/h2>\n<table style=\"width: 98.7977%; height: 120px;\">\n<tbody>\n<tr style=\"height: 24px;\">\n<td style=\"width: 13.9579%; height: 24px;\"><span style=\"font-size: 115%;\"><strong>K\u00edch th\u01b0\u1edbc<\/strong><\/span><\/td>\n<td style=\"width: 512.603%; height: 24px;\"><span style=\"font-size: 115%;\">Cao: 115cm x R\u1ed9ng: 57cm x S\u00e2u: 65cm<\/span><\/td>\n<\/tr>\n<tr style=\"height: 24px;\">\n<td style=\"width: 13.9579%; height: 24px;\"><span style=\"font-size: 115%;\"><strong>Ch\u1ea5t li\u1ec7u\u00a0<\/strong><\/span><\/td>\n<td style=\"width: 512.603%; height: 24px;\"><span style=\"font-size: 115%;\">\u00a0Da cao c\u1ea5p c\u00f3 t\u00ednh th\u1ea9m m\u0129 cao<\/span><\/td>\n<\/tr>\n<tr style=\"height: 24px;\">\n<td style=\"width: 13.9579%; height: 24px;\"><span style=\"color: #000000;\"><span style=\"font-size: 16.56px;\"><b>Chi ti\u1ebft\u00a0<\/b><\/span><\/span><\/td>\n<td style=\"width: 512.603%; height: 24px;\"><span style=\"font-size: 115%;\">L\u01b0ng v\u00e0 \u0111\u1ec7m s\u1eed d\u1ee5ng v\u00e1n m\u1ecfng, mouse x\u1ed1p d\u00e0y b\u1ecdc da Pu hi\u1ec7n \u0111\u1ea1i c\u00f3 \u0111\u1ed9 d\u00e0n h\u1ed3i cao kh\u00f4ng bi\u1ebfn d\u1ea1ng x\u1eb9p l\u00fan<\/span><br \/>\n<span style=\"font-size: 115%;\">Ch\u00e2n qu\u1ef3 \u0111\u01b0\u1ee3c l\u00e0m t\u1eeb th\u00e9p m\u1ea1 Crom ch\u1ecbu l\u1ef1c ch\u1eafc ch\u1eafn<\/span><br \/>\n<span style=\"font-size: 115%;\">Tay gh\u1ebf v\u1edbi khung b\u1ea1c inox b\u1ecdc da b\u1ea3o v\u1ec7 khu\u1ef7u tay ng\u01b0\u1eddi d\u00f9ng, gi\u00fap ch\u1ed1ng m\u1ecfi v\u00e0 d\u1ec5 d\u00e0ng v\u1ec7 sinh.<\/span><\/td>\n<\/tr>\n<tr style=\"height: 24px;\">\n<td style=\"width: 13.9579%; height: 24px;\"><span style=\"color: #000000; font-size: 115%;\"><strong>M\u00e0u s\u1eafc\u00a0<\/strong><\/span><\/td>\n<td style=\"width: 512.603%; height: 24px;\"><span style=\"color: #000000; font-size: 115%;\">\u00a0M\u00e0u \u0111en<\/span><\/td>\n<\/tr>\n<tr style=\"height: 24px;\">\n<td style=\"width: 13.9579%; height: 24px;\"><span style=\"font-size: 115%; color: #000000;\"><span style=\"color: #282828;\"><b>B\u1ea3o h\u00e0nh<\/b><\/span><\/span><\/td>\n<td style=\"width: 512.603%; height: 24px;\"><span style=\"font-size: 115%; color: #000000;\">\u00a012 th\u00e1ng theo ti\u00eau chu\u1ea9n nh\u00e0 m\u00e1y, l\u1eafp gh\u00e9p ho\u00e0n thi\u1ec7n<\/span><\/td>\n<\/tr>\n<\/tbody>\n<\/table>\n<figure id=\"attachment_9700\" aria-describedby=\"caption-attachment-9700\" style=\"width: 800px\" class=\"wp-caption aligncenter\"><img loading=\"lazy\" decoding=\"async\" class=\"wp-image-9700\" src=\"http:\/\/qghome.vn\/wp-content\/uploads\/2024\/05\/Ghe-giam-doc-9-510x510-1-1-400x400.png\" alt=\"Gh\u1ebf da v\u0103n ph\u00f2ng QGD03\" width=\"800\" height=\"800\" srcset=\"https:\/\/luan.webrt.net\/qhome\/wp-content\/uploads\/2024\/05\/Ghe-giam-doc-9-510x510-1-1-400x400.png 400w, https:\/\/luan.webrt.net\/qhome\/wp-content\/uploads\/2024\/05\/Ghe-giam-doc-9-510x510-1-1-100x100.png 100w, https:\/\/luan.webrt.net\/qhome\/wp-content\/uploads\/2024\/05\/Ghe-giam-doc-9-510x510-1-1-280x280.png 280w, https:\/\/luan.webrt.net\/qhome\/wp-content\/uploads\/2024\/05\/Ghe-giam-doc-9-510x510-1-1.png 510w\" sizes=\"auto, (max-width: 800px) 100vw, 800px\" \/><figcaption id=\"caption-attachment-9700\" class=\"wp-caption-text\"><em>Gh\u1ebf da v\u0103n ph\u00f2ng QGD03<\/em><\/figcaption><\/figure>\n<p><span style=\"color: #282828;\"><a href=\"https:\/\/qghome.vn\/ghe-da-van-phong-qgd03\/\"><strong>Gh\u1ebf da v\u0103n ph\u00f2ng QGD03<\/strong><\/a>\u00a0l\u01b0ng da cao tay d\u1eb9p m\u00e0u \u0111en gi\u00fap b\u1ea1n ng\u1ed3i l\u00e0m vi\u1ec7c tho\u1ea3i m\u00e1i. Gh\u1ebf \u0111\u01b0\u1ee3c l\u00e0m r\u1ea5t <em class=\"Highlight\">ch\u1eafc ch\u1eafn\u00a0<\/em>v\u1edbi \u0111\u1ec7m ng\u1ed3i \u00eam \u00e1i gi\u00fap b\u1ea1n th\u1ea3 l\u1ecfng c\u01a1 th\u1ec3 khi l\u00e0m vi\u1ec7c. \u0110\u1eb7c bi\u1ec7t, khung inox ch\u1eafc ch\u1eafn ch\u1ed1ng han r\u1ec9 t\u1ed1t.<\/span><\/p>\n<p><span style=\"color: #282828;\">Lo\u1ea1i gh\u1ebf n\u00e0y c\u00f3 thi\u1ebft k\u1ebf \u0111\u01a1n gi\u1ea3n nh\u01b0ng ng\u1ed3i r\u1ea5t tho\u1ea3i m\u00e1i. Ng\u01b0\u1eddi ta th\u01b0\u1eddng \u0111\u1eb7t d\u00e1ng gh\u1ebf n\u00e0y trong ph\u00f2ng l\u00e0m vi\u1ec7c \u0111\u1ec3 gi\u00fap th\u00fac \u0111\u1ea9y hi\u1ec7u qu\u1ea3 l\u00e0m vi\u1ec7c t\u1ed1t h\u01a1n. S\u1edf h\u1eefu nh\u1eefng m\u1eabu gh\u1ebf cho kh\u00f4ng gian v\u0103n ph\u00f2ng \u0111\u1ea7y \u0111\u1ee7 ti\u1ec7n nghi v\u00e0 \u0111\u1eb9p h\u01a1n.<\/span><\/p>\n<h2><span style=\"font-size: 100%;\"><strong>3. BACKDROP LOGO &#8211; S\u1ea3nh l\u1ec5 t\u00e2n 20m2<\/strong><\/span><\/h2>\n<figure id=\"attachment_9328\" aria-describedby=\"caption-attachment-9328\" style=\"width: 686px\" class=\"wp-caption aligncenter\"><img loading=\"lazy\" decoding=\"async\" class=\"wp-image-9328 size-large\" src=\"http:\/\/qghome.vn\/wp-content\/uploads\/2024\/04\/10-686x800.jpg\" alt=\"Backdorps - logo\" width=\"686\" height=\"800\" srcset=\"https:\/\/luan.webrt.net\/qhome\/wp-content\/uploads\/2024\/04\/10-686x800.jpg 686w, https:\/\/luan.webrt.net\/qhome\/wp-content\/uploads\/2024\/04\/10-scaled-510x595.jpg 510w, https:\/\/luan.webrt.net\/qhome\/wp-content\/uploads\/2024\/04\/10-343x400.jpg 343w, https:\/\/luan.webrt.net\/qhome\/wp-content\/uploads\/2024\/04\/10-768x896.jpg 768w, https:\/\/luan.webrt.net\/qhome\/wp-content\/uploads\/2024\/04\/10-1317x1536.jpg 1317w, https:\/\/luan.webrt.net\/qhome\/wp-content\/uploads\/2024\/04\/10-1755x2048.jpg 1755w\" sizes=\"auto, (max-width: 686px) 100vw, 686px\" \/><figcaption id=\"caption-attachment-9328\" class=\"wp-caption-text\"><em>Backdorps &#8211; logo<\/em><\/figcaption><\/figure>\n<p><a href=\"https:\/\/qghome.vn\/backdrop-logo-van-phong-30m2\/\"><strong>Logo v\u00e0 backdrop <\/strong><\/a>\u0111\u01b0\u1ee3c thi\u1ebft k\u1ebf \u0111\u1eb9p m\u1eaft gi\u00fap t\u1ea1o \u1ea5n t\u01b0\u1ee3ng \u0111\u1ea7u ti\u00ean m\u1ea1nh m\u1ebd v\u1edbi kh\u00e1ch h\u00e0ng v\u00e0 \u0111\u1ed1i t\u00e1c khi h\u1ecd b\u01b0\u1edbc v\u00e0o v\u0103n ph\u00f2ng. Th\u1ec3 hi\u1ec7n s\u1ef1 chuy\u00ean nghi\u1ec7p v\u00e0 \u0111\u1ea7u t\u01b0 c\u1ee7a doanh nghi\u1ec7p v\u00e0o h\u00ecnh \u1ea3nh th\u01b0\u01a1ng hi\u1ec7u. Gi\u00fap kh\u00e1ch h\u00e0ng d\u1ec5 d\u00e0ng nh\u1eadn di\u1ec7n v\u00e0 ghi nh\u1edb th\u01b0\u01a1ng hi\u1ec7u c\u1ee7a b\u1ea1n.<br \/>\nLogo v\u00e0 backdrop l\u00e0 m\u1ed9t ph\u1ea7n c\u1ee7a chi\u1ebfn l\u01b0\u1ee3c x\u00e2y d\u1ef1ng th\u01b0\u01a1ng hi\u1ec7u nh\u1ea5t qu\u00e1n, t\u1ea1o s\u1ef1 hi\u1ec7n di\u1ec7n m\u1ea1nh m\u1ebd v\u00e0 d\u1ec5 nh\u1eadn bi\u1ebft. \u0110\u01b0\u1ee3c thi\u1ebft k\u1ebf lam s\u00f3ng k\u1ebft h\u1ee3p alu gi\u1eef g\u1eafn logo th\u01b0\u01a1ng hi\u1ec7u, l\u1eafp \u0111\u1eb7t ho\u00e0n thi\u1ec7n .<\/p>\n<h3><strong>N\u1ed9i th\u1ea5t QGHOME &#8211; \u0110\u01a1n v\u1ecb thi\u1ebft k\u1ebf n\u1ed9i th\u1ea5t uy t\u00edn<\/strong><\/h3>\n<p><span style=\"color: #282828;\">H\u00e3y \u0111\u1ec3 ch\u00fang t\u00f4i c\u00f9ng b\u1ea1n t\u1ea1o ra m\u1ed9t kh\u00f4ng gian l\u00e0m vi\u1ec7c \u0111\u1eb3ng c\u1ea5p v\u00e0 chuy\u00ean nghi\u1ec7p cho gi\u00e1m \u0111\u1ed1c c\u1ee7a b\u1ea1n. Li\u00ean h\u1ec7 v\u1edbi QGHome ngay h\u00f4m nay \u0111\u1ec3 bi\u1ebft th\u00eam th\u00f4ng tin v\u00e0 nh\u1eadn \u0111\u01b0\u1ee3c s\u1ef1 t\u01b0 v\u1ea5n chuy\u00ean nghi\u1ec7p t\u1eeb \u0111\u1ed9i ng\u0169 c\u1ee7a ch\u00fang t\u00f4i<\/span><\/p>\n<p><span style=\"color: #282828;\">\u2014\u2014\u2014\u2014\u2014\u2014\u2014\u2014\u2014\u2014\u2014\u2014\u2014\u2014\u2014\u2014\u2013<\/span><\/p>\n<p><span style=\"color: #282828;\">Khu v\u1ef1c H\u00e0 N\u1ed9i: S\u1ed1 72\/70 Xu\u00e2n Ph\u01b0\u01a1ng, Qu\u1eadn Nam T\u1eeb Li\u00eam, H\u00e0 N\u1ed9i<\/span><\/p>\n<p><span style=\"color: #282828;\">Khu v\u1ef1c H\u1ed3 Ch\u00ed Minh: 299 TL8, T\u00e2n Th\u1ea1nh T\u00e2y, C\u1ee7 Chi, Th\u00e0nh ph\u1ed1 H\u1ed3 Ch\u00ed Minh<\/span><\/p>\n<p><span style=\"color: #282828;\">Khu v\u1ef1c B\u1eafc Giang: \u0110\u01b0\u1eddng 276, H. Hi\u1ec7p Ho\u00e0, B\u1eafc Giang<\/span><\/p>\n<p>\ud83d\udcde Hotline: 0983.368.623<\/p>\n<p>\ud83c\udf0fWebsite: https:\/\/qghome.vn<\/p>\n<p>\ud83d\udccd Facebook: <a href=\"https:\/\/www.facebook.com\/noithatqghome\">https:\/\/www.facebook.com\/noithatqghome<\/a><\/p>\n<p>\ud83d\udc8c Email: qghome.official@gmail.com<\/p>\n","protected":false},"excerpt":{"rendered":"<p><strong>Thi\u1ebft k\u1ebf ph\u00f9 h\u1ee3p phong c\u00e1ch kh\u1eb3ng \u0111\u1ecbnh ch\u1ea5t ri\u00eang<\/strong><\/p>\n<p>\u2013\u00a0<a href=\"https:\/\/qghome.vn\/bao-gia\/bao-gia-thiet-ke-noi-that-van-phong\/\">B\u00e1o gi\u00e1<\/a>\u00a0t\u1ed1i \u01b0u \u0111\u1ea7y \u0111\u1ee7 ti\u1ec7n \u00edch g\u1ed3m:<br \/>\n\u2013 <strong>1 <a href=\"https:\/\/qghome.vn\/quay-le-tan-qbt12\/\">Qu\u1ea7y l\u1ec5 t\u00e2n QBT12<\/a>, 1 <span style=\"color: #282828;\"><a href=\"https:\/\/qghome.vn\/ghe-da-van-phong-qgd03\/\">Gh\u1ebf da v\u0103n ph\u00f2ng QGD03<\/a> , 1 <a href=\"https:\/\/qghome.vn\/backdrop-logo-van-phong-30m2\/\">Logo v\u00e0 backdrop<\/a><\/span><\/strong><\/p>\n","protected":false},"featured_media":9702,"comment_status":"open","ping_status":"closed","template":"","meta":[],"product_cat":[438],"product_tag":[],"class_list":["post-9699","product","type-product","status-publish","has-post-thumbnail","hentry","product_cat-quay-le-tan-noi-that-van-phong-tron-goi"],"yoast_head":"<!-- This site is optimized with the Yoast SEO plugin v19.9 - https:\/\/yoast.com\/wordpress\/plugins\/seo\/ -->\n<title>Tr\u1ecdn g\u00f3i thi\u1ebft k\u1ebf s\u1ea3nh l\u1ec5 t\u00e2n 20m2 ch\u1ec9 v\u1edbi<\/title>\n<meta name=\"description\" content=\"M\u1eabu s\u1ea3nh l\u1ec5 t\u00e2n 20m2, v\u1edbi \u0111\u1eb7c tr\u01b0ng l\u00e0 c\u00e1c thi\u1ebft k\u1ebf \u0111\u01a1n gi\u1ea3n, \u0111\u1eb9p sang tr\u1ecdng v\u00e0 c\u1ef1c k\u1ef3 tinh t\u1ebf mang phong c\u00e1ch ri\u00eang v\u00e0 s\u1ef1 ti\u1ec7n nghi, n\u1ed5i b\u1eadt\" \/>\n<meta name=\"robots\" content=\"index, follow, max-snippet:-1, max-image-preview:large, max-video-preview:-1\" \/>\n<link rel=\"canonical\" href=\"https:\/\/luan.webrt.net\/qhome\/san-pham\/tron-goi-thiet-ke-sanh-le-tan-20m2-chi-voi\/\" \/>\n<meta property=\"og:locale\" content=\"vi_VN\" \/>\n<meta property=\"og:type\" content=\"article\" \/>\n<meta property=\"og:title\" content=\"Tr\u1ecdn g\u00f3i thi\u1ebft k\u1ebf s\u1ea3nh l\u1ec5 t\u00e2n 20m2 ch\u1ec9 v\u1edbi\" \/>\n<meta property=\"og:description\" content=\"M\u1eabu s\u1ea3nh l\u1ec5 t\u00e2n 20m2, v\u1edbi \u0111\u1eb7c tr\u01b0ng l\u00e0 c\u00e1c thi\u1ebft k\u1ebf \u0111\u01a1n gi\u1ea3n, \u0111\u1eb9p sang tr\u1ecdng v\u00e0 c\u1ef1c k\u1ef3 tinh t\u1ebf mang phong c\u00e1ch ri\u00eang v\u00e0 s\u1ef1 ti\u1ec7n nghi, n\u1ed5i b\u1eadt\" \/>\n<meta property=\"og:url\" content=\"https:\/\/luan.webrt.net\/qhome\/san-pham\/tron-goi-thiet-ke-sanh-le-tan-20m2-chi-voi\/\" \/>\n<meta property=\"og:site_name\" content=\"M\u1eabu web n\u1ed9i th\u1ea5t\" \/>\n<meta property=\"article:publisher\" content=\"https:\/\/www.facebook.com\/noithatqghome\" \/>\n<meta property=\"article:modified_time\" content=\"2024-07-14T22:15:44+00:00\" \/>\n<meta property=\"og:image\" content=\"https:\/\/luan.webrt.net\/qhome\/wp-content\/uploads\/2024\/05\/9-4.png\" \/>\n\t<meta property=\"og:image:width\" content=\"1080\" \/>\n\t<meta property=\"og:image:height\" content=\"1080\" \/>\n\t<meta property=\"og:image:type\" content=\"image\/png\" \/>\n<meta name=\"twitter:card\" content=\"summary_large_image\" \/>\n<meta name=\"twitter:label1\" content=\"\u01af\u1edbc t\u00ednh th\u1eddi gian \u0111\u1ecdc\" \/>\n\t<meta name=\"twitter:data1\" content=\"5 ph\u00fat\" \/>\n<script type=\"application\/ld+json\" class=\"yoast-schema-graph\">{\"@context\":\"https:\/\/schema.org\",\"@graph\":[{\"@type\":\"WebPage\",\"@id\":\"https:\/\/luan.webrt.net\/qhome\/san-pham\/tron-goi-thiet-ke-sanh-le-tan-20m2-chi-voi\/\",\"url\":\"https:\/\/luan.webrt.net\/qhome\/san-pham\/tron-goi-thiet-ke-sanh-le-tan-20m2-chi-voi\/\",\"name\":\"Tr\u1ecdn g\u00f3i thi\u1ebft k\u1ebf s\u1ea3nh l\u1ec5 t\u00e2n 20m2 ch\u1ec9 v\u1edbi\",\"isPartOf\":{\"@id\":\"https:\/\/luan.webrt.net\/qhome\/#website\"},\"datePublished\":\"2024-05-23T04:10:59+00:00\",\"dateModified\":\"2024-07-14T22:15:44+00:00\",\"description\":\"M\u1eabu s\u1ea3nh l\u1ec5 t\u00e2n 20m2, v\u1edbi \u0111\u1eb7c tr\u01b0ng l\u00e0 c\u00e1c thi\u1ebft k\u1ebf \u0111\u01a1n gi\u1ea3n, \u0111\u1eb9p sang tr\u1ecdng v\u00e0 c\u1ef1c k\u1ef3 tinh t\u1ebf mang phong c\u00e1ch ri\u00eang v\u00e0 s\u1ef1 ti\u1ec7n nghi, n\u1ed5i b\u1eadt\",\"breadcrumb\":{\"@id\":\"https:\/\/luan.webrt.net\/qhome\/san-pham\/tron-goi-thiet-ke-sanh-le-tan-20m2-chi-voi\/#breadcrumb\"},\"inLanguage\":\"vi\",\"potentialAction\":[{\"@type\":\"ReadAction\",\"target\":[\"https:\/\/luan.webrt.net\/qhome\/san-pham\/tron-goi-thiet-ke-sanh-le-tan-20m2-chi-voi\/\"]}]},{\"@type\":\"BreadcrumbList\",\"@id\":\"https:\/\/luan.webrt.net\/qhome\/san-pham\/tron-goi-thiet-ke-sanh-le-tan-20m2-chi-voi\/#breadcrumb\",\"itemListElement\":[{\"@type\":\"ListItem\",\"position\":1,\"name\":\"Trang ch\u1ee7\",\"item\":\"https:\/\/luan.webrt.net\/qhome\/\"},{\"@type\":\"ListItem\",\"position\":2,\"name\":\"Shop\",\"item\":\"https:\/\/luan.webrt.net\/qhome\/shop\/\"},{\"@type\":\"ListItem\",\"position\":3,\"name\":\"Tr\u1ecdn g\u00f3i thi\u1ebft k\u1ebf s\u1ea3nh l\u1ec5 t\u00e2n 20m2 ch\u1ec9 v\u1edbi\"}]},{\"@type\":\"WebSite\",\"@id\":\"https:\/\/luan.webrt.net\/qhome\/#website\",\"url\":\"https:\/\/luan.webrt.net\/qhome\/\",\"name\":\"M\u1eabu web n\u1ed9i th\u1ea5t\",\"description\":\"QGHome Vi\u1ec7t Nam\",\"publisher\":{\"@id\":\"https:\/\/luan.webrt.net\/qhome\/#organization\"},\"potentialAction\":[{\"@type\":\"SearchAction\",\"target\":{\"@type\":\"EntryPoint\",\"urlTemplate\":\"https:\/\/luan.webrt.net\/qhome\/?s={search_term_string}\"},\"query-input\":\"required name=search_term_string\"}],\"inLanguage\":\"vi\"},{\"@type\":\"Organization\",\"@id\":\"https:\/\/luan.webrt.net\/qhome\/#organization\",\"name\":\"QGHome\",\"url\":\"https:\/\/luan.webrt.net\/qhome\/\",\"logo\":{\"@type\":\"ImageObject\",\"inLanguage\":\"vi\",\"@id\":\"https:\/\/luan.webrt.net\/qhome\/#\/schema\/logo\/image\/\",\"url\":\"https:\/\/qghome.vn\/wp-content\/uploads\/2025\/08\/logo-mau-MauTH-21.png\",\"contentUrl\":\"https:\/\/qghome.vn\/wp-content\/uploads\/2025\/08\/logo-mau-MauTH-21.png\",\"width\":253,\"height\":99,\"caption\":\"QGHome\"},\"image\":{\"@id\":\"https:\/\/luan.webrt.net\/qhome\/#\/schema\/logo\/image\/\"},\"sameAs\":[\"https:\/\/www.tiktok.com\/@qghome.official\",\"https:\/\/www.youtube.com\/channel\/UCeVBuKTXkv-u94DS421cklw\",\"https:\/\/www.facebook.com\/noithatqghome\"]}]}<\/script>\n<!-- \/ Yoast SEO plugin. -->","yoast_head_json":{"title":"Tr\u1ecdn g\u00f3i thi\u1ebft k\u1ebf s\u1ea3nh l\u1ec5 t\u00e2n 20m2 ch\u1ec9 v\u1edbi","description":"M\u1eabu s\u1ea3nh l\u1ec5 t\u00e2n 20m2, v\u1edbi \u0111\u1eb7c tr\u01b0ng l\u00e0 c\u00e1c thi\u1ebft k\u1ebf \u0111\u01a1n gi\u1ea3n, \u0111\u1eb9p sang tr\u1ecdng v\u00e0 c\u1ef1c k\u1ef3 tinh t\u1ebf mang phong c\u00e1ch ri\u00eang v\u00e0 s\u1ef1 ti\u1ec7n nghi, n\u1ed5i b\u1eadt","robots":{"index":"index","follow":"follow","max-snippet":"max-snippet:-1","max-image-preview":"max-image-preview:large","max-video-preview":"max-video-preview:-1"},"canonical":"https:\/\/luan.webrt.net\/qhome\/san-pham\/tron-goi-thiet-ke-sanh-le-tan-20m2-chi-voi\/","og_locale":"vi_VN","og_type":"article","og_title":"Tr\u1ecdn g\u00f3i thi\u1ebft k\u1ebf s\u1ea3nh l\u1ec5 t\u00e2n 20m2 ch\u1ec9 v\u1edbi","og_description":"M\u1eabu s\u1ea3nh l\u1ec5 t\u00e2n 20m2, v\u1edbi \u0111\u1eb7c tr\u01b0ng l\u00e0 c\u00e1c thi\u1ebft k\u1ebf \u0111\u01a1n gi\u1ea3n, \u0111\u1eb9p sang tr\u1ecdng v\u00e0 c\u1ef1c k\u1ef3 tinh t\u1ebf mang phong c\u00e1ch ri\u00eang v\u00e0 s\u1ef1 ti\u1ec7n nghi, n\u1ed5i b\u1eadt","og_url":"https:\/\/luan.webrt.net\/qhome\/san-pham\/tron-goi-thiet-ke-sanh-le-tan-20m2-chi-voi\/","og_site_name":"M\u1eabu web n\u1ed9i th\u1ea5t","article_publisher":"https:\/\/www.facebook.com\/noithatqghome","article_modified_time":"2024-07-14T22:15:44+00:00","og_image":[{"width":1080,"height":1080,"url":"https:\/\/luan.webrt.net\/qhome\/wp-content\/uploads\/2024\/05\/9-4.png","type":"image\/png"}],"twitter_card":"summary_large_image","twitter_misc":{"\u01af\u1edbc t\u00ednh th\u1eddi gian \u0111\u1ecdc":"5 ph\u00fat"},"schema":{"@context":"https:\/\/schema.org","@graph":[{"@type":"WebPage","@id":"https:\/\/luan.webrt.net\/qhome\/san-pham\/tron-goi-thiet-ke-sanh-le-tan-20m2-chi-voi\/","url":"https:\/\/luan.webrt.net\/qhome\/san-pham\/tron-goi-thiet-ke-sanh-le-tan-20m2-chi-voi\/","name":"Tr\u1ecdn g\u00f3i thi\u1ebft k\u1ebf s\u1ea3nh l\u1ec5 t\u00e2n 20m2 ch\u1ec9 v\u1edbi","isPartOf":{"@id":"https:\/\/luan.webrt.net\/qhome\/#website"},"datePublished":"2024-05-23T04:10:59+00:00","dateModified":"2024-07-14T22:15:44+00:00","description":"M\u1eabu s\u1ea3nh l\u1ec5 t\u00e2n 20m2, v\u1edbi \u0111\u1eb7c tr\u01b0ng l\u00e0 c\u00e1c thi\u1ebft k\u1ebf \u0111\u01a1n gi\u1ea3n, \u0111\u1eb9p sang tr\u1ecdng v\u00e0 c\u1ef1c k\u1ef3 tinh t\u1ebf mang phong c\u00e1ch ri\u00eang v\u00e0 s\u1ef1 ti\u1ec7n nghi, n\u1ed5i b\u1eadt","breadcrumb":{"@id":"https:\/\/luan.webrt.net\/qhome\/san-pham\/tron-goi-thiet-ke-sanh-le-tan-20m2-chi-voi\/#breadcrumb"},"inLanguage":"vi","potentialAction":[{"@type":"ReadAction","target":["https:\/\/luan.webrt.net\/qhome\/san-pham\/tron-goi-thiet-ke-sanh-le-tan-20m2-chi-voi\/"]}]},{"@type":"BreadcrumbList","@id":"https:\/\/luan.webrt.net\/qhome\/san-pham\/tron-goi-thiet-ke-sanh-le-tan-20m2-chi-voi\/#breadcrumb","itemListElement":[{"@type":"ListItem","position":1,"name":"Trang ch\u1ee7","item":"https:\/\/luan.webrt.net\/qhome\/"},{"@type":"ListItem","position":2,"name":"Shop","item":"https:\/\/luan.webrt.net\/qhome\/shop\/"},{"@type":"ListItem","position":3,"name":"Tr\u1ecdn g\u00f3i thi\u1ebft k\u1ebf s\u1ea3nh l\u1ec5 t\u00e2n 20m2 ch\u1ec9 v\u1edbi"}]},{"@type":"WebSite","@id":"https:\/\/luan.webrt.net\/qhome\/#website","url":"https:\/\/luan.webrt.net\/qhome\/","name":"M\u1eabu web n\u1ed9i th\u1ea5t","description":"QGHome Vi\u1ec7t Nam","publisher":{"@id":"https:\/\/luan.webrt.net\/qhome\/#organization"},"potentialAction":[{"@type":"SearchAction","target":{"@type":"EntryPoint","urlTemplate":"https:\/\/luan.webrt.net\/qhome\/?s={search_term_string}"},"query-input":"required name=search_term_string"}],"inLanguage":"vi"},{"@type":"Organization","@id":"https:\/\/luan.webrt.net\/qhome\/#organization","name":"QGHome","url":"https:\/\/luan.webrt.net\/qhome\/","logo":{"@type":"ImageObject","inLanguage":"vi","@id":"https:\/\/luan.webrt.net\/qhome\/#\/schema\/logo\/image\/","url":"https:\/\/qghome.vn\/wp-content\/uploads\/2025\/08\/logo-mau-MauTH-21.png","contentUrl":"https:\/\/qghome.vn\/wp-content\/uploads\/2025\/08\/logo-mau-MauTH-21.png","width":253,"height":99,"caption":"QGHome"},"image":{"@id":"https:\/\/luan.webrt.net\/qhome\/#\/schema\/logo\/image\/"},"sameAs":["https:\/\/www.tiktok.com\/@qghome.official","https:\/\/www.youtube.com\/channel\/UCeVBuKTXkv-u94DS421cklw","https:\/\/www.facebook.com\/noithatqghome"]}]}},"_links":{"self":[{"href":"https:\/\/luan.webrt.net\/qhome\/wp-json\/wp\/v2\/product\/9699","targetHints":{"allow":["GET"]}}],"collection":[{"href":"https:\/\/luan.webrt.net\/qhome\/wp-json\/wp\/v2\/product"}],"about":[{"href":"https:\/\/luan.webrt.net\/qhome\/wp-json\/wp\/v2\/types\/product"}],"replies":[{"embeddable":true,"href":"https:\/\/luan.webrt.net\/qhome\/wp-json\/wp\/v2\/comments?post=9699"}],"wp:featuredmedia":[{"embeddable":true,"href":"https:\/\/luan.webrt.net\/qhome\/wp-json\/wp\/v2\/media\/9702"}],"wp:attachment":[{"href":"https:\/\/luan.webrt.net\/qhome\/wp-json\/wp\/v2\/media?parent=9699"}],"wp:term":[{"taxonomy":"product_cat","embeddable":true,"href":"https:\/\/luan.webrt.net\/qhome\/wp-json\/wp\/v2\/product_cat?post=9699"},{"taxonomy":"product_tag","embeddable":true,"href":"https:\/\/luan.webrt.net\/qhome\/wp-json\/wp\/v2\/product_tag?post=9699"}],"curies":[{"name":"wp","href":"https:\/\/api.w.org\/{rel}","templated":true}]}}