{"id":9619,"date":"2024-05-21T09:29:58","date_gmt":"2024-05-21T09:29:58","guid":{"rendered":"https:\/\/qghome.vn\/?post_type=product&#038;p=9619"},"modified":"2024-07-23T11:36:08","modified_gmt":"2024-07-23T11:36:08","slug":"ban-truong-phong-qbtp10","status":"publish","type":"product","link":"https:\/\/luan.webrt.net\/qhome\/san-pham\/ban-truong-phong-qbtp10\/","title":{"rendered":"B\u00e0n tr\u01b0\u1edfng ph\u00f2ng QBTP10"},"content":{"rendered":"<h1 style=\"text-align: center;\"><span style=\"color: #333399; font-size: 120%;\"><strong>Th\u00f4ng S\u1ed1 K\u1ef9 Thu\u1eadt\u00a0<\/strong><\/span><\/h1>\n<p style=\"text-align: justify;\"><span style=\"color: #282828; font-size: 110%;\">B\u00e0n tr\u01b0\u1edfng ph\u00f2ng QBTP10 k\u1ebft h\u1ee3p c\u00f9ng 4 ng\u0103n k\u00e9o ti\u1ec7n l\u1ee3i \u0111\u01b0\u1ee3c QGHome s\u1eed d\u1ee5ng ch\u1ea5t li\u1ec7u g\u1ed7 MDF gi\u00fap mang \u0111\u1ebfn kh\u00f4ng gian l\u00e0m vi\u1ec7c sang tr\u1ecdng,chuy\u00ean nghi\u1ec7p. Ngo\u00e0i ra, v\u1edbi ch\u1ea5t li\u1ec7u g\u1ed7 c\u00f3 \u0111\u1ed9 b\u1ec1n cao, gi\u00fap s\u1ea3n ph\u1ea9m<em>\u00a0<\/em>\u0111\u1ea3m b\u1ea3o \u0111\u01b0\u1ee3c s\u1ef1 \u1ed5n \u0111\u1ecbnh trong su\u1ed1t th\u1eddi gian d\u00e0i s\u1eed d\u1ee5ng.\u00a0<\/span><\/p>\n<ul>\n<li style=\"text-align: justify;\"><span style=\"color: #282828; font-size: 110%;\"><strong>K\u00edch th\u01b0\u1edbc: <\/strong>D\u00e0i 1200mm x R\u1ed9ng 600mm x Cao 750mm<\/span><\/li>\n<li style=\"text-align: justify;\"><span style=\"color: #282828; font-size: 110%;\"><strong>Ch\u1ea5t li\u1ec7u:<\/strong> G\u1ed7 MDF d\u00e0y 18mm<\/span><\/li>\n<li><span style=\"font-size: 110%; color: #282828;\"><strong>Ph\u1ee5 ki\u1ec7n:<\/strong> T\u1ee7 ph\u1ee5 v\u1edbi 4 ng\u0103n k\u00e9o ti\u1ec7n l\u1ee3i<\/span><\/li>\n<li style=\"text-align: justify;\"><span style=\"color: #282828; font-size: 110%;\"><strong>M\u00e0u s\u1eafc:<\/strong><span style=\"color: #282828; font-size: 100%;\">\u00a0V\u00e2n gi\u1ea3 g\u1ed7, m\u00e0u theo thi\u1ebft k\u1ebf.<\/span><\/span><\/li>\n<li style=\"text-align: justify;\"><span style=\"color: #282828; font-size: 110%;\"><strong>B\u1ea3o h\u00e0nh:<\/strong>\u00a012 th\u00e1ng theo ti\u00eau chu\u1ea9n nh\u00e0 m\u00e1y, l\u1eafp gh\u00e9p ho\u00e0n thi\u1ec7n.<\/span><\/li>\n<\/ul>\n<blockquote><p><span style=\"color: #282828;\"><em>L\u01b0u \u00fd: Kh\u00e1ch h\u00e0ng c\u00f3 th\u1ec3 \u0111\u1eb7t h\u00e0ng v\u1edbi nhi\u1ec1u lo\u1ea1i v\u00e2n g\u1ed7, m\u00e0u s\u1eafc, m\u00e0u khung b\u00e0n v\u00e0 k\u00edch th\u01b0\u1edbc kh\u00e1c nhau. V\u00e0 cam k\u1ebft s\u1ea3n ph\u1ea9m (thi\u1ebft k\u1ebf ri\u00eang) d\u1ea1ng l\u1eafp r\u00e1p, \u0111\u00f3ng g\u00f3i v\u1eadn chuy\u1ec3n v\u00e0 l\u1eafp \u0111\u1eb7t t\u1ea1i c\u00f4ng tr\u00ecnh trong 5 ng\u00e0y.<\/em><\/span><\/p>\n<figure id=\"attachment_10684\" aria-describedby=\"caption-attachment-10684\" style=\"width: 800px\" class=\"wp-caption aligncenter\"><img loading=\"lazy\" decoding=\"async\" class=\"size-large wp-image-10684\" src=\"http:\/\/qghome.vn\/wp-content\/uploads\/2024\/05\/Ban-truong-phong-QBTP10-800x800.jpg\" alt=\"B\u00e0n tr\u01b0\u1edfng ph\u00f2ng QBTP10\" width=\"800\" height=\"800\" srcset=\"https:\/\/luan.webrt.net\/qhome\/wp-content\/uploads\/2024\/05\/Ban-truong-phong-QBTP10-800x800.jpg 800w, https:\/\/luan.webrt.net\/qhome\/wp-content\/uploads\/2024\/05\/Ban-truong-phong-QBTP10-100x100.jpg 100w, https:\/\/luan.webrt.net\/qhome\/wp-content\/uploads\/2024\/05\/Ban-truong-phong-QBTP10-510x510.jpg 510w, https:\/\/luan.webrt.net\/qhome\/wp-content\/uploads\/2024\/05\/Ban-truong-phong-QBTP10-400x400.jpg 400w, https:\/\/luan.webrt.net\/qhome\/wp-content\/uploads\/2024\/05\/Ban-truong-phong-QBTP10-280x280.jpg 280w, https:\/\/luan.webrt.net\/qhome\/wp-content\/uploads\/2024\/05\/Ban-truong-phong-QBTP10-768x768.jpg 768w, https:\/\/luan.webrt.net\/qhome\/wp-content\/uploads\/2024\/05\/Ban-truong-phong-QBTP10.jpg 1080w\" sizes=\"auto, (max-width: 800px) 100vw, 800px\" \/><figcaption id=\"caption-attachment-10684\" class=\"wp-caption-text\">B\u00e0n tr\u01b0\u1edfng ph\u00f2ng QBTP10<\/figcaption><\/figure>\n<figure id=\"attachment_10683\" aria-describedby=\"caption-attachment-10683\" style=\"width: 800px\" class=\"wp-caption aligncenter\"><img loading=\"lazy\" decoding=\"async\" class=\"size-large wp-image-10683\" src=\"http:\/\/qghome.vn\/wp-content\/uploads\/2024\/05\/Ban-truong-phong-QBTP10.1-800x800.jpg\" alt=\"B\u00e0n tr\u01b0\u1edfng ph\u00f2ng QBTP10.1\" width=\"800\" height=\"800\" srcset=\"https:\/\/luan.webrt.net\/qhome\/wp-content\/uploads\/2024\/05\/Ban-truong-phong-QBTP10.1-800x800.jpg 800w, https:\/\/luan.webrt.net\/qhome\/wp-content\/uploads\/2024\/05\/Ban-truong-phong-QBTP10.1-100x100.jpg 100w, https:\/\/luan.webrt.net\/qhome\/wp-content\/uploads\/2024\/05\/Ban-truong-phong-QBTP10.1-510x510.jpg 510w, https:\/\/luan.webrt.net\/qhome\/wp-content\/uploads\/2024\/05\/Ban-truong-phong-QBTP10.1-400x400.jpg 400w, https:\/\/luan.webrt.net\/qhome\/wp-content\/uploads\/2024\/05\/Ban-truong-phong-QBTP10.1-280x280.jpg 280w, https:\/\/luan.webrt.net\/qhome\/wp-content\/uploads\/2024\/05\/Ban-truong-phong-QBTP10.1-768x768.jpg 768w, https:\/\/luan.webrt.net\/qhome\/wp-content\/uploads\/2024\/05\/Ban-truong-phong-QBTP10.1.jpg 1080w\" sizes=\"auto, (max-width: 800px) 100vw, 800px\" \/><figcaption id=\"caption-attachment-10683\" class=\"wp-caption-text\">B\u00e0n tr\u01b0\u1edfng ph\u00f2ng QBTP10.1<\/figcaption><\/figure><\/blockquote>\n<h2 style=\"text-align: center;\"><span style=\"color: #333399; font-size: 120%;\"><strong>CH\u1ea4T LI\u1ec6U\u00a0\u00a0<\/strong><\/span><\/h2>\n<figure id=\"attachment_7915\" aria-describedby=\"caption-attachment-7915\" style=\"width: 800px\" class=\"wp-caption aligncenter\"><img loading=\"lazy\" decoding=\"async\" class=\"wp-image-7915 size-large\" src=\"http:\/\/qghome.vn\/wp-content\/uploads\/2024\/04\/Go-cong-nghiep-phu-Melamine-8-800x800.png\" alt=\"G\u1ed7 MDF ph\u1ee7 melamine \" width=\"800\" height=\"800\" srcset=\"https:\/\/luan.webrt.net\/qhome\/wp-content\/uploads\/2024\/04\/Go-cong-nghiep-phu-Melamine-8-800x800.png 800w, https:\/\/luan.webrt.net\/qhome\/wp-content\/uploads\/2024\/04\/Go-cong-nghiep-phu-Melamine-8-100x100.png 100w, https:\/\/luan.webrt.net\/qhome\/wp-content\/uploads\/2024\/04\/Go-cong-nghiep-phu-Melamine-8-510x510.png 510w, https:\/\/luan.webrt.net\/qhome\/wp-content\/uploads\/2024\/04\/Go-cong-nghiep-phu-Melamine-8-400x400.png 400w, https:\/\/luan.webrt.net\/qhome\/wp-content\/uploads\/2024\/04\/Go-cong-nghiep-phu-Melamine-8-280x280.png 280w, https:\/\/luan.webrt.net\/qhome\/wp-content\/uploads\/2024\/04\/Go-cong-nghiep-phu-Melamine-8-768x768.png 768w, https:\/\/luan.webrt.net\/qhome\/wp-content\/uploads\/2024\/04\/Go-cong-nghiep-phu-Melamine-8.png 1080w\" sizes=\"auto, (max-width: 800px) 100vw, 800px\" \/><figcaption id=\"caption-attachment-7915\" class=\"wp-caption-text\"><span style=\"color: #282828;\"><em>G\u1ed7 MDF ph\u1ee7 melamine<\/em><\/span><\/figcaption><\/figure>\n<figure id=\"attachment_7916\" aria-describedby=\"caption-attachment-7916\" style=\"width: 800px\" class=\"wp-caption aligncenter\"><img loading=\"lazy\" decoding=\"async\" class=\"wp-image-7916 size-large\" src=\"http:\/\/qghome.vn\/wp-content\/uploads\/2024\/04\/Go-cong-nghiep-phu-Melamine-7-800x800.png\" alt=\"G\u1ed7 MDF ph\u1ee7 melamine\" width=\"800\" height=\"800\" srcset=\"https:\/\/luan.webrt.net\/qhome\/wp-content\/uploads\/2024\/04\/Go-cong-nghiep-phu-Melamine-7-800x800.png 800w, https:\/\/luan.webrt.net\/qhome\/wp-content\/uploads\/2024\/04\/Go-cong-nghiep-phu-Melamine-7-100x100.png 100w, https:\/\/luan.webrt.net\/qhome\/wp-content\/uploads\/2024\/04\/Go-cong-nghiep-phu-Melamine-7-510x510.png 510w, https:\/\/luan.webrt.net\/qhome\/wp-content\/uploads\/2024\/04\/Go-cong-nghiep-phu-Melamine-7-400x400.png 400w, https:\/\/luan.webrt.net\/qhome\/wp-content\/uploads\/2024\/04\/Go-cong-nghiep-phu-Melamine-7-280x280.png 280w, https:\/\/luan.webrt.net\/qhome\/wp-content\/uploads\/2024\/04\/Go-cong-nghiep-phu-Melamine-7-768x768.png 768w, https:\/\/luan.webrt.net\/qhome\/wp-content\/uploads\/2024\/04\/Go-cong-nghiep-phu-Melamine-7.png 1080w\" sizes=\"auto, (max-width: 800px) 100vw, 800px\" \/><figcaption id=\"caption-attachment-7916\" class=\"wp-caption-text\"><span style=\"color: #282828;\"><em><span style=\"vertical-align: inherit;\">G\u1ed7 MDF ph\u1ee7 melamine<\/span><\/em><\/span><\/figcaption><\/figure>\n<figure id=\"attachment_7914\" aria-describedby=\"caption-attachment-7914\" style=\"width: 800px\" class=\"wp-caption aligncenter\"><img loading=\"lazy\" decoding=\"async\" class=\"wp-image-7914 size-large\" src=\"http:\/\/qghome.vn\/wp-content\/uploads\/2024\/04\/Go-cong-nghiep-phu-Melamine-9-800x800.png\" alt=\"G\u1ed7 MDF ph\u1ee7 melamine\" width=\"800\" height=\"800\" srcset=\"https:\/\/luan.webrt.net\/qhome\/wp-content\/uploads\/2024\/04\/Go-cong-nghiep-phu-Melamine-9-800x800.png 800w, https:\/\/luan.webrt.net\/qhome\/wp-content\/uploads\/2024\/04\/Go-cong-nghiep-phu-Melamine-9-100x100.png 100w, https:\/\/luan.webrt.net\/qhome\/wp-content\/uploads\/2024\/04\/Go-cong-nghiep-phu-Melamine-9-510x510.png 510w, https:\/\/luan.webrt.net\/qhome\/wp-content\/uploads\/2024\/04\/Go-cong-nghiep-phu-Melamine-9-400x400.png 400w, https:\/\/luan.webrt.net\/qhome\/wp-content\/uploads\/2024\/04\/Go-cong-nghiep-phu-Melamine-9-280x280.png 280w, https:\/\/luan.webrt.net\/qhome\/wp-content\/uploads\/2024\/04\/Go-cong-nghiep-phu-Melamine-9-768x768.png 768w, https:\/\/luan.webrt.net\/qhome\/wp-content\/uploads\/2024\/04\/Go-cong-nghiep-phu-Melamine-9.png 1080w\" sizes=\"auto, (max-width: 800px) 100vw, 800px\" \/><figcaption id=\"caption-attachment-7914\" class=\"wp-caption-text\"><span style=\"color: #282828;\"><em><span style=\"vertical-align: inherit;\">G\u1ed7 MDF ph\u1ee7 melamine<\/span><\/em><\/span><\/figcaption><\/figure>\n<h2 style=\"text-align: center;\"><span style=\"color: #333399; font-size: 120%;\"><strong>NH\u00c0 M\u00c1Y S\u1ea2N XU\u1ea4T QGHOME<\/strong><\/span><\/h2>\n<figure id=\"attachment_7785\" aria-describedby=\"caption-attachment-7785\" style=\"width: 800px\" class=\"wp-caption aligncenter\"><img loading=\"lazy\" decoding=\"async\" class=\"wp-image-7785 size-full\" src=\"http:\/\/qghome.vn\/wp-content\/uploads\/2024\/04\/nha-may-san-xuat-noi-that-qghome-viet-nam.jpg\" alt=\"Nh\u00e0 m\u00e1y s\u1ea3n xu\u1ea5t n\u1ed9i th\u1ea5t QGHOME Vi\u1ec7t Nam\" width=\"800\" height=\"468\" srcset=\"https:\/\/luan.webrt.net\/qhome\/wp-content\/uploads\/2024\/04\/nha-may-san-xuat-noi-that-qghome-viet-nam.jpg 800w, https:\/\/luan.webrt.net\/qhome\/wp-content\/uploads\/2024\/04\/nha-may-san-xuat-noi-that-qghome-viet-nam-510x298.jpg 510w, https:\/\/luan.webrt.net\/qhome\/wp-content\/uploads\/2024\/04\/nha-may-san-xuat-noi-that-qghome-viet-nam-684x400.jpg 684w, https:\/\/luan.webrt.net\/qhome\/wp-content\/uploads\/2024\/04\/nha-may-san-xuat-noi-that-qghome-viet-nam-768x449.jpg 768w\" sizes=\"auto, (max-width: 800px) 100vw, 800px\" \/><figcaption id=\"caption-attachment-7785\" class=\"wp-caption-text\"><span style=\"color: #282828;\"><em>Nh\u00e0 m\u00e1y s\u1ea3n xu\u1ea5t n\u1ed9i th\u1ea5t QGHOME Vi\u1ec7t Nam<\/em><\/span><\/figcaption><\/figure>\n<figure id=\"attachment_7782\" aria-describedby=\"caption-attachment-7782\" style=\"width: 800px\" class=\"wp-caption aligncenter\"><img loading=\"lazy\" decoding=\"async\" class=\"wp-image-7782 size-full\" src=\"http:\/\/qghome.vn\/wp-content\/uploads\/2024\/04\/nha-may-noi-that-qghome-viet-nam.jpg\" alt=\"Nh\u00e0 m\u00e1y n\u1ed9i th\u1ea5t QGHOME Vi\u1ec7t Nam\" width=\"800\" height=\"468\" srcset=\"https:\/\/luan.webrt.net\/qhome\/wp-content\/uploads\/2024\/04\/nha-may-noi-that-qghome-viet-nam.jpg 800w, https:\/\/luan.webrt.net\/qhome\/wp-content\/uploads\/2024\/04\/nha-may-noi-that-qghome-viet-nam-510x298.jpg 510w, https:\/\/luan.webrt.net\/qhome\/wp-content\/uploads\/2024\/04\/nha-may-noi-that-qghome-viet-nam-684x400.jpg 684w, https:\/\/luan.webrt.net\/qhome\/wp-content\/uploads\/2024\/04\/nha-may-noi-that-qghome-viet-nam-768x449.jpg 768w\" sizes=\"auto, (max-width: 800px) 100vw, 800px\" \/><figcaption id=\"caption-attachment-7782\" class=\"wp-caption-text\"><span style=\"color: #282828;\"><em>Nh\u00e0 m\u00e1y n\u1ed9i th\u1ea5t QGHOME Vi\u1ec7t Nam<\/em><\/span><\/figcaption><\/figure>\n<figure id=\"attachment_7783\" aria-describedby=\"caption-attachment-7783\" style=\"width: 800px\" class=\"wp-caption aligncenter\"><img loading=\"lazy\" decoding=\"async\" class=\"wp-image-7783 size-full\" src=\"http:\/\/qghome.vn\/wp-content\/uploads\/2024\/04\/nha-may-qghome-viet-nam.jpg\" alt=\"\u0110\u01a1n v\u1ecb thi\u1ebft k\u1ebf n\u1ed9i th\u1ea5t uy t\u00edn - QGHOME\" width=\"800\" height=\"468\" srcset=\"https:\/\/luan.webrt.net\/qhome\/wp-content\/uploads\/2024\/04\/nha-may-qghome-viet-nam.jpg 800w, https:\/\/luan.webrt.net\/qhome\/wp-content\/uploads\/2024\/04\/nha-may-qghome-viet-nam-510x298.jpg 510w, https:\/\/luan.webrt.net\/qhome\/wp-content\/uploads\/2024\/04\/nha-may-qghome-viet-nam-684x400.jpg 684w, https:\/\/luan.webrt.net\/qhome\/wp-content\/uploads\/2024\/04\/nha-may-qghome-viet-nam-768x449.jpg 768w\" sizes=\"auto, (max-width: 800px) 100vw, 800px\" \/><figcaption id=\"caption-attachment-7783\" class=\"wp-caption-text\"><span style=\"color: #282828;\"><em>\u0110\u01a1n v\u1ecb thi\u1ebft k\u1ebf n\u1ed9i th\u1ea5t uy t\u00edn &#8211; QGHOME<\/em><\/span><\/figcaption><\/figure>\n","protected":false},"excerpt":{"rendered":"<p>Th\u00f4ng S\u1ed1 K\u1ef9 Thu\u1eadt\u00a0 B\u00e0n tr\u01b0\u1edfng ph\u00f2ng QBTP10 k\u1ebft h\u1ee3p c\u00f9ng 4 ng\u0103n k\u00e9o ti\u1ec7n l\u1ee3i \u0111\u01b0\u1ee3c QGHome s\u1eed d\u1ee5ng ch\u1ea5t li\u1ec7u g\u1ed7 MDF gi\u00fap mang \u0111\u1ebfn kh\u00f4ng gian l\u00e0m vi\u1ec7c sang tr\u1ecdng,chuy\u00ean nghi\u1ec7p. Ngo\u00e0i ra, v\u1edbi ch\u1ea5t li\u1ec7u g\u1ed7 c\u00f3 \u0111\u1ed9 b\u1ec1n cao, gi\u00fap s\u1ea3n ph\u1ea9m\u00a0\u0111\u1ea3m b\u1ea3o \u0111\u01b0\u1ee3c s\u1ef1 \u1ed5n \u0111\u1ecbnh trong su\u1ed1t th\u1eddi&#8230;<\/p>\n","protected":false},"featured_media":10684,"comment_status":"open","ping_status":"closed","template":"","meta":[],"product_cat":[495],"product_tag":[506,507,508,509,510,511],"class_list":["post-9619","product","type-product","status-publish","has-post-thumbnail","hentry","product_cat-ban-truong-phong","product_tag-ban-lanh-dao","product_tag-ban-truong-phong","product_tag-ban-truong-phong-dep","product_tag-ban-truong-phong-re","product_tag-ban-van-phong","product_tag-ban-van-phong-dep"],"yoast_head":"<!-- This site is optimized with the Yoast SEO plugin v19.9 - https:\/\/yoast.com\/wordpress\/plugins\/seo\/ -->\n<title>B\u00e0n tr\u01b0\u1edfng ph\u00f2ng QBTP10<\/title>\n<meta name=\"description\" content=\"B\u00e0n tr\u01b0\u1edfng ph\u00f2ng QBTP10 th\u01b0\u1eddng l\u00e0 m\u1ed9t l\u1ef1a ch\u1ecdn \u01b0u vi\u1ec7t cho kh\u00f4ng gian l\u00e0m vi\u1ec7c c\u1ee7a c\u00e1c nh\u00e0 l\u00e3nh \u0111\u1ea1o, tr\u01b0\u1edfng ph\u00f2ng doanh nghi\u1ec7p.\" \/>\n<meta name=\"robots\" content=\"index, follow, max-snippet:-1, max-image-preview:large, max-video-preview:-1\" \/>\n<link rel=\"canonical\" href=\"https:\/\/luan.webrt.net\/qhome\/san-pham\/ban-truong-phong-qbtp10\/\" \/>\n<meta property=\"og:locale\" content=\"vi_VN\" \/>\n<meta property=\"og:type\" content=\"article\" \/>\n<meta property=\"og:title\" content=\"B\u00e0n tr\u01b0\u1edfng ph\u00f2ng QBTP10\" \/>\n<meta property=\"og:description\" content=\"B\u00e0n tr\u01b0\u1edfng ph\u00f2ng QBTP10 th\u01b0\u1eddng l\u00e0 m\u1ed9t l\u1ef1a ch\u1ecdn \u01b0u vi\u1ec7t cho kh\u00f4ng gian l\u00e0m vi\u1ec7c c\u1ee7a c\u00e1c nh\u00e0 l\u00e3nh \u0111\u1ea1o, tr\u01b0\u1edfng ph\u00f2ng doanh nghi\u1ec7p.\" \/>\n<meta property=\"og:url\" content=\"https:\/\/luan.webrt.net\/qhome\/san-pham\/ban-truong-phong-qbtp10\/\" \/>\n<meta property=\"og:site_name\" content=\"M\u1eabu web n\u1ed9i th\u1ea5t\" \/>\n<meta property=\"article:publisher\" content=\"https:\/\/www.facebook.com\/noithatqghome\" \/>\n<meta property=\"article:modified_time\" content=\"2024-07-23T11:36:08+00:00\" \/>\n<meta property=\"og:image\" content=\"https:\/\/luan.webrt.net\/qhome\/wp-content\/uploads\/2024\/05\/Ban-truong-phong-QBTP10.jpg\" \/>\n\t<meta property=\"og:image:width\" content=\"1080\" \/>\n\t<meta property=\"og:image:height\" content=\"1080\" \/>\n\t<meta property=\"og:image:type\" content=\"image\/jpeg\" \/>\n<meta name=\"twitter:card\" content=\"summary_large_image\" \/>\n<meta name=\"twitter:label1\" content=\"\u01af\u1edbc t\u00ednh th\u1eddi gian \u0111\u1ecdc\" \/>\n\t<meta name=\"twitter:data1\" content=\"3 ph\u00fat\" \/>\n<script type=\"application\/ld+json\" class=\"yoast-schema-graph\">{\"@context\":\"https:\/\/schema.org\",\"@graph\":[{\"@type\":\"WebPage\",\"@id\":\"https:\/\/luan.webrt.net\/qhome\/san-pham\/ban-truong-phong-qbtp10\/\",\"url\":\"https:\/\/luan.webrt.net\/qhome\/san-pham\/ban-truong-phong-qbtp10\/\",\"name\":\"B\u00e0n tr\u01b0\u1edfng ph\u00f2ng QBTP10\",\"isPartOf\":{\"@id\":\"https:\/\/luan.webrt.net\/qhome\/#website\"},\"datePublished\":\"2024-05-21T09:29:58+00:00\",\"dateModified\":\"2024-07-23T11:36:08+00:00\",\"description\":\"B\u00e0n tr\u01b0\u1edfng ph\u00f2ng QBTP10 th\u01b0\u1eddng l\u00e0 m\u1ed9t l\u1ef1a ch\u1ecdn \u01b0u vi\u1ec7t cho kh\u00f4ng gian l\u00e0m vi\u1ec7c c\u1ee7a c\u00e1c nh\u00e0 l\u00e3nh \u0111\u1ea1o, tr\u01b0\u1edfng ph\u00f2ng doanh nghi\u1ec7p.\",\"breadcrumb\":{\"@id\":\"https:\/\/luan.webrt.net\/qhome\/san-pham\/ban-truong-phong-qbtp10\/#breadcrumb\"},\"inLanguage\":\"vi\",\"potentialAction\":[{\"@type\":\"ReadAction\",\"target\":[\"https:\/\/luan.webrt.net\/qhome\/san-pham\/ban-truong-phong-qbtp10\/\"]}]},{\"@type\":\"BreadcrumbList\",\"@id\":\"https:\/\/luan.webrt.net\/qhome\/san-pham\/ban-truong-phong-qbtp10\/#breadcrumb\",\"itemListElement\":[{\"@type\":\"ListItem\",\"position\":1,\"name\":\"Trang ch\u1ee7\",\"item\":\"https:\/\/luan.webrt.net\/qhome\/\"},{\"@type\":\"ListItem\",\"position\":2,\"name\":\"Shop\",\"item\":\"https:\/\/luan.webrt.net\/qhome\/shop\/\"},{\"@type\":\"ListItem\",\"position\":3,\"name\":\"B\u00e0n tr\u01b0\u1edfng ph\u00f2ng QBTP10\"}]},{\"@type\":\"WebSite\",\"@id\":\"https:\/\/luan.webrt.net\/qhome\/#website\",\"url\":\"https:\/\/luan.webrt.net\/qhome\/\",\"name\":\"M\u1eabu web n\u1ed9i th\u1ea5t\",\"description\":\"QGHome Vi\u1ec7t Nam\",\"publisher\":{\"@id\":\"https:\/\/luan.webrt.net\/qhome\/#organization\"},\"potentialAction\":[{\"@type\":\"SearchAction\",\"target\":{\"@type\":\"EntryPoint\",\"urlTemplate\":\"https:\/\/luan.webrt.net\/qhome\/?s={search_term_string}\"},\"query-input\":\"required name=search_term_string\"}],\"inLanguage\":\"vi\"},{\"@type\":\"Organization\",\"@id\":\"https:\/\/luan.webrt.net\/qhome\/#organization\",\"name\":\"QGHome\",\"url\":\"https:\/\/luan.webrt.net\/qhome\/\",\"logo\":{\"@type\":\"ImageObject\",\"inLanguage\":\"vi\",\"@id\":\"https:\/\/luan.webrt.net\/qhome\/#\/schema\/logo\/image\/\",\"url\":\"https:\/\/qghome.vn\/wp-content\/uploads\/2025\/08\/logo-mau-MauTH-21.png\",\"contentUrl\":\"https:\/\/qghome.vn\/wp-content\/uploads\/2025\/08\/logo-mau-MauTH-21.png\",\"width\":253,\"height\":99,\"caption\":\"QGHome\"},\"image\":{\"@id\":\"https:\/\/luan.webrt.net\/qhome\/#\/schema\/logo\/image\/\"},\"sameAs\":[\"https:\/\/www.tiktok.com\/@qghome.official\",\"https:\/\/www.youtube.com\/channel\/UCeVBuKTXkv-u94DS421cklw\",\"https:\/\/www.facebook.com\/noithatqghome\"]}]}<\/script>\n<!-- \/ Yoast SEO plugin. -->","yoast_head_json":{"title":"B\u00e0n tr\u01b0\u1edfng ph\u00f2ng QBTP10","description":"B\u00e0n tr\u01b0\u1edfng ph\u00f2ng QBTP10 th\u01b0\u1eddng l\u00e0 m\u1ed9t l\u1ef1a ch\u1ecdn \u01b0u vi\u1ec7t cho kh\u00f4ng gian l\u00e0m vi\u1ec7c c\u1ee7a c\u00e1c nh\u00e0 l\u00e3nh \u0111\u1ea1o, tr\u01b0\u1edfng ph\u00f2ng doanh nghi\u1ec7p.","robots":{"index":"index","follow":"follow","max-snippet":"max-snippet:-1","max-image-preview":"max-image-preview:large","max-video-preview":"max-video-preview:-1"},"canonical":"https:\/\/luan.webrt.net\/qhome\/san-pham\/ban-truong-phong-qbtp10\/","og_locale":"vi_VN","og_type":"article","og_title":"B\u00e0n tr\u01b0\u1edfng ph\u00f2ng QBTP10","og_description":"B\u00e0n tr\u01b0\u1edfng ph\u00f2ng QBTP10 th\u01b0\u1eddng l\u00e0 m\u1ed9t l\u1ef1a ch\u1ecdn \u01b0u vi\u1ec7t cho kh\u00f4ng gian l\u00e0m vi\u1ec7c c\u1ee7a c\u00e1c nh\u00e0 l\u00e3nh \u0111\u1ea1o, tr\u01b0\u1edfng ph\u00f2ng doanh nghi\u1ec7p.","og_url":"https:\/\/luan.webrt.net\/qhome\/san-pham\/ban-truong-phong-qbtp10\/","og_site_name":"M\u1eabu web n\u1ed9i th\u1ea5t","article_publisher":"https:\/\/www.facebook.com\/noithatqghome","article_modified_time":"2024-07-23T11:36:08+00:00","og_image":[{"width":1080,"height":1080,"url":"https:\/\/luan.webrt.net\/qhome\/wp-content\/uploads\/2024\/05\/Ban-truong-phong-QBTP10.jpg","type":"image\/jpeg"}],"twitter_card":"summary_large_image","twitter_misc":{"\u01af\u1edbc t\u00ednh th\u1eddi gian \u0111\u1ecdc":"3 ph\u00fat"},"schema":{"@context":"https:\/\/schema.org","@graph":[{"@type":"WebPage","@id":"https:\/\/luan.webrt.net\/qhome\/san-pham\/ban-truong-phong-qbtp10\/","url":"https:\/\/luan.webrt.net\/qhome\/san-pham\/ban-truong-phong-qbtp10\/","name":"B\u00e0n tr\u01b0\u1edfng ph\u00f2ng QBTP10","isPartOf":{"@id":"https:\/\/luan.webrt.net\/qhome\/#website"},"datePublished":"2024-05-21T09:29:58+00:00","dateModified":"2024-07-23T11:36:08+00:00","description":"B\u00e0n tr\u01b0\u1edfng ph\u00f2ng QBTP10 th\u01b0\u1eddng l\u00e0 m\u1ed9t l\u1ef1a ch\u1ecdn \u01b0u vi\u1ec7t cho kh\u00f4ng gian l\u00e0m vi\u1ec7c c\u1ee7a c\u00e1c nh\u00e0 l\u00e3nh \u0111\u1ea1o, tr\u01b0\u1edfng ph\u00f2ng doanh nghi\u1ec7p.","breadcrumb":{"@id":"https:\/\/luan.webrt.net\/qhome\/san-pham\/ban-truong-phong-qbtp10\/#breadcrumb"},"inLanguage":"vi","potentialAction":[{"@type":"ReadAction","target":["https:\/\/luan.webrt.net\/qhome\/san-pham\/ban-truong-phong-qbtp10\/"]}]},{"@type":"BreadcrumbList","@id":"https:\/\/luan.webrt.net\/qhome\/san-pham\/ban-truong-phong-qbtp10\/#breadcrumb","itemListElement":[{"@type":"ListItem","position":1,"name":"Trang ch\u1ee7","item":"https:\/\/luan.webrt.net\/qhome\/"},{"@type":"ListItem","position":2,"name":"Shop","item":"https:\/\/luan.webrt.net\/qhome\/shop\/"},{"@type":"ListItem","position":3,"name":"B\u00e0n tr\u01b0\u1edfng ph\u00f2ng QBTP10"}]},{"@type":"WebSite","@id":"https:\/\/luan.webrt.net\/qhome\/#website","url":"https:\/\/luan.webrt.net\/qhome\/","name":"M\u1eabu web n\u1ed9i th\u1ea5t","description":"QGHome Vi\u1ec7t Nam","publisher":{"@id":"https:\/\/luan.webrt.net\/qhome\/#organization"},"potentialAction":[{"@type":"SearchAction","target":{"@type":"EntryPoint","urlTemplate":"https:\/\/luan.webrt.net\/qhome\/?s={search_term_string}"},"query-input":"required name=search_term_string"}],"inLanguage":"vi"},{"@type":"Organization","@id":"https:\/\/luan.webrt.net\/qhome\/#organization","name":"QGHome","url":"https:\/\/luan.webrt.net\/qhome\/","logo":{"@type":"ImageObject","inLanguage":"vi","@id":"https:\/\/luan.webrt.net\/qhome\/#\/schema\/logo\/image\/","url":"https:\/\/qghome.vn\/wp-content\/uploads\/2025\/08\/logo-mau-MauTH-21.png","contentUrl":"https:\/\/qghome.vn\/wp-content\/uploads\/2025\/08\/logo-mau-MauTH-21.png","width":253,"height":99,"caption":"QGHome"},"image":{"@id":"https:\/\/luan.webrt.net\/qhome\/#\/schema\/logo\/image\/"},"sameAs":["https:\/\/www.tiktok.com\/@qghome.official","https:\/\/www.youtube.com\/channel\/UCeVBuKTXkv-u94DS421cklw","https:\/\/www.facebook.com\/noithatqghome"]}]}},"_links":{"self":[{"href":"https:\/\/luan.webrt.net\/qhome\/wp-json\/wp\/v2\/product\/9619","targetHints":{"allow":["GET"]}}],"collection":[{"href":"https:\/\/luan.webrt.net\/qhome\/wp-json\/wp\/v2\/product"}],"about":[{"href":"https:\/\/luan.webrt.net\/qhome\/wp-json\/wp\/v2\/types\/product"}],"replies":[{"embeddable":true,"href":"https:\/\/luan.webrt.net\/qhome\/wp-json\/wp\/v2\/comments?post=9619"}],"wp:featuredmedia":[{"embeddable":true,"href":"https:\/\/luan.webrt.net\/qhome\/wp-json\/wp\/v2\/media\/10684"}],"wp:attachment":[{"href":"https:\/\/luan.webrt.net\/qhome\/wp-json\/wp\/v2\/media?parent=9619"}],"wp:term":[{"taxonomy":"product_cat","embeddable":true,"href":"https:\/\/luan.webrt.net\/qhome\/wp-json\/wp\/v2\/product_cat?post=9619"},{"taxonomy":"product_tag","embeddable":true,"href":"https:\/\/luan.webrt.net\/qhome\/wp-json\/wp\/v2\/product_tag?post=9619"}],"curies":[{"name":"wp","href":"https:\/\/api.w.org\/{rel}","templated":true}]}}