{"id":9591,"date":"2024-05-21T08:39:49","date_gmt":"2024-05-21T08:39:49","guid":{"rendered":"https:\/\/qghome.vn\/?post_type=product&#038;p=9591"},"modified":"2025-05-28T14:52:08","modified_gmt":"2025-05-28T14:52:08","slug":"ban-truong-phong-qbtp05","status":"publish","type":"product","link":"https:\/\/luan.webrt.net\/qhome\/san-pham\/ban-truong-phong-qbtp05\/","title":{"rendered":"B\u00e0n tr\u01b0\u1edfng ph\u00f2ng QBTP05"},"content":{"rendered":"<h1 style=\"text-align: center;\"><span style=\"color: #333399;\"><strong>Th\u00f4ng S\u1ed1 K\u1ef9 Thu\u1eadt\u00a0<\/strong><\/span><\/h1>\n<p style=\"text-align: justify;\"><span style=\"color: #282828; font-size: 110%;\">B\u00e0n tr\u01b0\u1edfng ph\u00f2ng QBTP05 l\u00e0 m\u1ed9t trong nh\u1eefng s\u1ef1 l\u1ef1a ch\u1ecdn ho\u00e0n h\u1ea3o cho kh\u00f4ng gian l\u00e0m vi\u1ec7c sang tr\u1ecdng v\u00e0 chuy\u00ean nghi\u1ec7p t\u1ea1i v\u0103n ph\u00f2ng. V\u1edbi thi\u1ebft k\u1ebf b\u00e0n tr\u01b0\u1edfng ph\u00f2ng tinh t\u1ebf c\u00f9ng v\u1edbi ch\u1ea5t li\u1ec7u cao c\u1ea5p v\u00e0 t\u00ednh n\u0103ng th\u00f4ng minh, s\u1ea3n ph\u1ea9m QBTP05 h\u1ee9a h\u1eb9n mang \u0111\u1ebfn cho kh\u00e1ch h\u00e0ng tr\u1ea3i nghi\u1ec7m l\u00e0m vi\u1ec7c hi\u1ec7u qu\u1ea3 v\u00e0 tho\u1ea3i m\u00e1i cho ng\u01b0\u1eddi s\u1eed d\u1ee5ng.<\/span><\/p>\n<ul>\n<li style=\"text-align: justify;\"><span style=\"color: #282828; font-size: 110%;\"><strong>K\u00edch th\u01b0\u1edbc: <\/strong>D\u00e0i 1500mm x R\u1ed9ng 600mm x Cao 750mm<\/span><\/li>\n<li style=\"text-align: justify;\"><span style=\"color: #282828; font-size: 110%;\"><strong>Ch\u1ea5t li\u1ec7u:<\/strong> G\u1ed7 MDF d\u00e0y 18mm<\/span><\/li>\n<li><span style=\"font-size: 110%; color: #282828;\"><strong>Ph\u1ee5 ki\u1ec7n:<\/strong> T\u1ee7 ph\u1ee5 v\u1edbi ng\u0103n k\u00e9o ti\u1ec7n l\u1ee3i v\u00e0 c\u00e1nh t\u1ee7 m\u1edf, n\u1eafp lu\u1ed3n d\u00e2y \u0111i\u1ec7n<\/span><\/li>\n<li style=\"text-align: justify;\"><span style=\"color: #282828; font-size: 110%;\"><strong>M\u00e0u s\u1eafc:<\/strong><span style=\"color: #282828; font-size: 100%;\">\u00a0V\u00e2n gi\u1ea3 g\u1ed7, m\u00e0u theo thi\u1ebft k\u1ebf.<\/span><\/span><\/li>\n<li style=\"text-align: justify;\"><span style=\"color: #282828; font-size: 110%;\"><strong>B\u1ea3o h\u00e0nh:<\/strong>\u00a012 th\u00e1ng theo ti\u00eau chu\u1ea9n nh\u00e0 m\u00e1y, l\u1eafp gh\u00e9p ho\u00e0n thi\u1ec7n.<\/span><\/li>\n<\/ul>\n<blockquote><p><span style=\"color: #282828;\"><em>L\u01b0u \u00fd: Kh\u00e1ch h\u00e0ng c\u00f3 th\u1ec3 \u0111\u1eb7t h\u00e0ng v\u1edbi nhi\u1ec1u lo\u1ea1i v\u00e2n g\u1ed7, m\u00e0u s\u1eafc, m\u00e0u khung b\u00e0n v\u00e0 k\u00edch th\u01b0\u1edbc kh\u00e1c nhau. V\u00e0 cam k\u1ebft s\u1ea3n ph\u1ea9m (thi\u1ebft k\u1ebf ri\u00eang) d\u1ea1ng l\u1eafp r\u00e1p, \u0111\u00f3ng g\u00f3i v\u1eadn chuy\u1ec3n v\u00e0 l\u1eafp \u0111\u1eb7t t\u1ea1i c\u00f4ng tr\u00ecnh trong 5 ng\u00e0y.<\/em><\/span><\/p>\n<figure id=\"attachment_10769\" aria-describedby=\"caption-attachment-10769\" style=\"width: 800px\" class=\"wp-caption aligncenter\"><img loading=\"lazy\" decoding=\"async\" class=\"size-large wp-image-10769\" src=\"http:\/\/qghome.vn\/wp-content\/uploads\/2024\/05\/Ban-truong-phong-QBTP05-800x800.jpg\" alt=\"B\u00e0n tr\u01b0\u1edfng ph\u00f2ng QBTP05\" width=\"800\" height=\"800\" srcset=\"https:\/\/luan.webrt.net\/qhome\/wp-content\/uploads\/2024\/05\/Ban-truong-phong-QBTP05-800x800.jpg 800w, https:\/\/luan.webrt.net\/qhome\/wp-content\/uploads\/2024\/05\/Ban-truong-phong-QBTP05-100x100.jpg 100w, https:\/\/luan.webrt.net\/qhome\/wp-content\/uploads\/2024\/05\/Ban-truong-phong-QBTP05-510x510.jpg 510w, https:\/\/luan.webrt.net\/qhome\/wp-content\/uploads\/2024\/05\/Ban-truong-phong-QBTP05-400x400.jpg 400w, https:\/\/luan.webrt.net\/qhome\/wp-content\/uploads\/2024\/05\/Ban-truong-phong-QBTP05-280x280.jpg 280w, https:\/\/luan.webrt.net\/qhome\/wp-content\/uploads\/2024\/05\/Ban-truong-phong-QBTP05-768x768.jpg 768w, https:\/\/luan.webrt.net\/qhome\/wp-content\/uploads\/2024\/05\/Ban-truong-phong-QBTP05.jpg 1080w\" sizes=\"auto, (max-width: 800px) 100vw, 800px\" \/><figcaption id=\"caption-attachment-10769\" class=\"wp-caption-text\"><span style=\"color: #282828;\">B\u00e0n tr\u01b0\u1edfng ph\u00f2ng QBTP05<\/span><\/figcaption><\/figure>\n<figure id=\"attachment_10770\" aria-describedby=\"caption-attachment-10770\" style=\"width: 800px\" class=\"wp-caption aligncenter\"><img loading=\"lazy\" decoding=\"async\" class=\"size-large wp-image-10770\" src=\"http:\/\/qghome.vn\/wp-content\/uploads\/2024\/05\/Ban-truong-phong-QBTP05.1-800x800.jpg\" alt=\"B\u00e0n tr\u01b0\u1edfng ph\u00f2ng QBTP05.1\" width=\"800\" height=\"800\" srcset=\"https:\/\/luan.webrt.net\/qhome\/wp-content\/uploads\/2024\/05\/Ban-truong-phong-QBTP05.1-800x800.jpg 800w, https:\/\/luan.webrt.net\/qhome\/wp-content\/uploads\/2024\/05\/Ban-truong-phong-QBTP05.1-100x100.jpg 100w, https:\/\/luan.webrt.net\/qhome\/wp-content\/uploads\/2024\/05\/Ban-truong-phong-QBTP05.1-510x510.jpg 510w, https:\/\/luan.webrt.net\/qhome\/wp-content\/uploads\/2024\/05\/Ban-truong-phong-QBTP05.1-400x400.jpg 400w, https:\/\/luan.webrt.net\/qhome\/wp-content\/uploads\/2024\/05\/Ban-truong-phong-QBTP05.1-280x280.jpg 280w, https:\/\/luan.webrt.net\/qhome\/wp-content\/uploads\/2024\/05\/Ban-truong-phong-QBTP05.1-768x768.jpg 768w, https:\/\/luan.webrt.net\/qhome\/wp-content\/uploads\/2024\/05\/Ban-truong-phong-QBTP05.1.jpg 1080w\" sizes=\"auto, (max-width: 800px) 100vw, 800px\" \/><figcaption id=\"caption-attachment-10770\" class=\"wp-caption-text\"><span style=\"color: #282828;\">B\u00e0n tr\u01b0\u1edfng ph\u00f2ng QBTP05.1<\/span><\/figcaption><\/figure><\/blockquote>\n<h2 style=\"text-align: center;\"><span style=\"color: #333399; font-size: 120%;\"><strong>CH\u1ea4T LI\u1ec6U\u00a0\u00a0<\/strong><\/span><\/h2>\n<figure id=\"attachment_7915\" aria-describedby=\"caption-attachment-7915\" style=\"width: 800px\" class=\"wp-caption aligncenter\"><img loading=\"lazy\" decoding=\"async\" class=\"wp-image-7915 size-large\" src=\"http:\/\/qghome.vn\/wp-content\/uploads\/2024\/04\/Go-cong-nghiep-phu-Melamine-8-800x800.png\" alt=\"G\u1ed7 MDF ph\u1ee7 melamine \" width=\"800\" height=\"800\" srcset=\"https:\/\/luan.webrt.net\/qhome\/wp-content\/uploads\/2024\/04\/Go-cong-nghiep-phu-Melamine-8-800x800.png 800w, https:\/\/luan.webrt.net\/qhome\/wp-content\/uploads\/2024\/04\/Go-cong-nghiep-phu-Melamine-8-100x100.png 100w, https:\/\/luan.webrt.net\/qhome\/wp-content\/uploads\/2024\/04\/Go-cong-nghiep-phu-Melamine-8-510x510.png 510w, https:\/\/luan.webrt.net\/qhome\/wp-content\/uploads\/2024\/04\/Go-cong-nghiep-phu-Melamine-8-400x400.png 400w, https:\/\/luan.webrt.net\/qhome\/wp-content\/uploads\/2024\/04\/Go-cong-nghiep-phu-Melamine-8-280x280.png 280w, https:\/\/luan.webrt.net\/qhome\/wp-content\/uploads\/2024\/04\/Go-cong-nghiep-phu-Melamine-8-768x768.png 768w, https:\/\/luan.webrt.net\/qhome\/wp-content\/uploads\/2024\/04\/Go-cong-nghiep-phu-Melamine-8.png 1080w\" sizes=\"auto, (max-width: 800px) 100vw, 800px\" \/><figcaption id=\"caption-attachment-7915\" class=\"wp-caption-text\"><span style=\"color: #282828;\"><em>G\u1ed7 MDF ph\u1ee7 melamine<\/em><\/span><\/figcaption><\/figure>\n<figure id=\"attachment_7916\" aria-describedby=\"caption-attachment-7916\" style=\"width: 800px\" class=\"wp-caption aligncenter\"><img loading=\"lazy\" decoding=\"async\" class=\"wp-image-7916 size-large\" src=\"http:\/\/qghome.vn\/wp-content\/uploads\/2024\/04\/Go-cong-nghiep-phu-Melamine-7-800x800.png\" alt=\"G\u1ed7 MDF ph\u1ee7 melamine\" width=\"800\" height=\"800\" srcset=\"https:\/\/luan.webrt.net\/qhome\/wp-content\/uploads\/2024\/04\/Go-cong-nghiep-phu-Melamine-7-800x800.png 800w, https:\/\/luan.webrt.net\/qhome\/wp-content\/uploads\/2024\/04\/Go-cong-nghiep-phu-Melamine-7-100x100.png 100w, https:\/\/luan.webrt.net\/qhome\/wp-content\/uploads\/2024\/04\/Go-cong-nghiep-phu-Melamine-7-510x510.png 510w, https:\/\/luan.webrt.net\/qhome\/wp-content\/uploads\/2024\/04\/Go-cong-nghiep-phu-Melamine-7-400x400.png 400w, https:\/\/luan.webrt.net\/qhome\/wp-content\/uploads\/2024\/04\/Go-cong-nghiep-phu-Melamine-7-280x280.png 280w, https:\/\/luan.webrt.net\/qhome\/wp-content\/uploads\/2024\/04\/Go-cong-nghiep-phu-Melamine-7-768x768.png 768w, https:\/\/luan.webrt.net\/qhome\/wp-content\/uploads\/2024\/04\/Go-cong-nghiep-phu-Melamine-7.png 1080w\" sizes=\"auto, (max-width: 800px) 100vw, 800px\" \/><figcaption id=\"caption-attachment-7916\" class=\"wp-caption-text\"><span style=\"color: #282828;\"><em><span style=\"vertical-align: inherit;\">G\u1ed7 MDF ph\u1ee7 melamine<\/span><\/em><\/span><\/figcaption><\/figure>\n<figure id=\"attachment_7914\" aria-describedby=\"caption-attachment-7914\" style=\"width: 800px\" class=\"wp-caption aligncenter\"><img loading=\"lazy\" decoding=\"async\" class=\"wp-image-7914 size-large\" src=\"http:\/\/qghome.vn\/wp-content\/uploads\/2024\/04\/Go-cong-nghiep-phu-Melamine-9-800x800.png\" alt=\"G\u1ed7 MDF ph\u1ee7 melamine\" width=\"800\" height=\"800\" srcset=\"https:\/\/luan.webrt.net\/qhome\/wp-content\/uploads\/2024\/04\/Go-cong-nghiep-phu-Melamine-9-800x800.png 800w, https:\/\/luan.webrt.net\/qhome\/wp-content\/uploads\/2024\/04\/Go-cong-nghiep-phu-Melamine-9-100x100.png 100w, https:\/\/luan.webrt.net\/qhome\/wp-content\/uploads\/2024\/04\/Go-cong-nghiep-phu-Melamine-9-510x510.png 510w, https:\/\/luan.webrt.net\/qhome\/wp-content\/uploads\/2024\/04\/Go-cong-nghiep-phu-Melamine-9-400x400.png 400w, https:\/\/luan.webrt.net\/qhome\/wp-content\/uploads\/2024\/04\/Go-cong-nghiep-phu-Melamine-9-280x280.png 280w, https:\/\/luan.webrt.net\/qhome\/wp-content\/uploads\/2024\/04\/Go-cong-nghiep-phu-Melamine-9-768x768.png 768w, https:\/\/luan.webrt.net\/qhome\/wp-content\/uploads\/2024\/04\/Go-cong-nghiep-phu-Melamine-9.png 1080w\" sizes=\"auto, (max-width: 800px) 100vw, 800px\" \/><figcaption id=\"caption-attachment-7914\" class=\"wp-caption-text\"><span style=\"color: #282828;\"><em><span style=\"vertical-align: inherit;\">G\u1ed7 MDF ph\u1ee7 melamine<\/span><\/em><\/span><\/figcaption><\/figure>\n<h2 style=\"text-align: center;\"><span style=\"color: #333399; font-size: 120%;\"><strong>NH\u00c0 M\u00c1Y S\u1ea2N XU\u1ea4T QGHOME<\/strong><\/span><\/h2>\n<figure id=\"attachment_7785\" aria-describedby=\"caption-attachment-7785\" style=\"width: 800px\" class=\"wp-caption aligncenter\"><img loading=\"lazy\" decoding=\"async\" class=\"wp-image-7785 size-full\" src=\"http:\/\/qghome.vn\/wp-content\/uploads\/2024\/04\/nha-may-san-xuat-noi-that-qghome-viet-nam.jpg\" alt=\"Nh\u00e0 m\u00e1y s\u1ea3n xu\u1ea5t n\u1ed9i th\u1ea5t QGHOME Vi\u1ec7t Nam\" width=\"800\" height=\"468\" srcset=\"https:\/\/luan.webrt.net\/qhome\/wp-content\/uploads\/2024\/04\/nha-may-san-xuat-noi-that-qghome-viet-nam.jpg 800w, https:\/\/luan.webrt.net\/qhome\/wp-content\/uploads\/2024\/04\/nha-may-san-xuat-noi-that-qghome-viet-nam-510x298.jpg 510w, https:\/\/luan.webrt.net\/qhome\/wp-content\/uploads\/2024\/04\/nha-may-san-xuat-noi-that-qghome-viet-nam-684x400.jpg 684w, https:\/\/luan.webrt.net\/qhome\/wp-content\/uploads\/2024\/04\/nha-may-san-xuat-noi-that-qghome-viet-nam-768x449.jpg 768w\" sizes=\"auto, (max-width: 800px) 100vw, 800px\" \/><figcaption id=\"caption-attachment-7785\" class=\"wp-caption-text\"><span style=\"color: #282828;\"><em>Nh\u00e0 m\u00e1y s\u1ea3n xu\u1ea5t n\u1ed9i th\u1ea5t QGHOME Vi\u1ec7t Nam<\/em><\/span><\/figcaption><\/figure>\n<figure id=\"attachment_7782\" aria-describedby=\"caption-attachment-7782\" style=\"width: 800px\" class=\"wp-caption aligncenter\"><img loading=\"lazy\" decoding=\"async\" class=\"wp-image-7782 size-full\" src=\"http:\/\/qghome.vn\/wp-content\/uploads\/2024\/04\/nha-may-noi-that-qghome-viet-nam.jpg\" alt=\"Nh\u00e0 m\u00e1y n\u1ed9i th\u1ea5t QGHOME Vi\u1ec7t Nam\" width=\"800\" height=\"468\" srcset=\"https:\/\/luan.webrt.net\/qhome\/wp-content\/uploads\/2024\/04\/nha-may-noi-that-qghome-viet-nam.jpg 800w, https:\/\/luan.webrt.net\/qhome\/wp-content\/uploads\/2024\/04\/nha-may-noi-that-qghome-viet-nam-510x298.jpg 510w, https:\/\/luan.webrt.net\/qhome\/wp-content\/uploads\/2024\/04\/nha-may-noi-that-qghome-viet-nam-684x400.jpg 684w, https:\/\/luan.webrt.net\/qhome\/wp-content\/uploads\/2024\/04\/nha-may-noi-that-qghome-viet-nam-768x449.jpg 768w\" sizes=\"auto, (max-width: 800px) 100vw, 800px\" \/><figcaption id=\"caption-attachment-7782\" class=\"wp-caption-text\"><span style=\"color: #282828;\"><em>Nh\u00e0 m\u00e1y n\u1ed9i th\u1ea5t QGHOME Vi\u1ec7t Nam<\/em><\/span><\/figcaption><\/figure>\n<figure id=\"attachment_7783\" aria-describedby=\"caption-attachment-7783\" style=\"width: 800px\" class=\"wp-caption aligncenter\"><img loading=\"lazy\" decoding=\"async\" class=\"wp-image-7783 size-full\" src=\"http:\/\/qghome.vn\/wp-content\/uploads\/2024\/04\/nha-may-qghome-viet-nam.jpg\" alt=\"\u0110\u01a1n v\u1ecb thi\u1ebft k\u1ebf n\u1ed9i th\u1ea5t uy t\u00edn - QGHOME\" width=\"800\" height=\"468\" srcset=\"https:\/\/luan.webrt.net\/qhome\/wp-content\/uploads\/2024\/04\/nha-may-qghome-viet-nam.jpg 800w, https:\/\/luan.webrt.net\/qhome\/wp-content\/uploads\/2024\/04\/nha-may-qghome-viet-nam-510x298.jpg 510w, https:\/\/luan.webrt.net\/qhome\/wp-content\/uploads\/2024\/04\/nha-may-qghome-viet-nam-684x400.jpg 684w, https:\/\/luan.webrt.net\/qhome\/wp-content\/uploads\/2024\/04\/nha-may-qghome-viet-nam-768x449.jpg 768w\" sizes=\"auto, (max-width: 800px) 100vw, 800px\" \/><figcaption id=\"caption-attachment-7783\" class=\"wp-caption-text\"><span style=\"color: #282828;\"><em>\u0110\u01a1n v\u1ecb thi\u1ebft k\u1ebf n\u1ed9i th\u1ea5t uy t\u00edn &#8211; QGHOME<\/em><\/span><\/figcaption><\/figure>\n","protected":false},"excerpt":{"rendered":"<p style=\"text-align: justify;\"><span style=\"color: #282828; font-size: 105%;\"><strong>Ch\u1ea5t li\u1ec7u:<\/strong> B\u00e0n tr\u01b0\u1edfng ph\u00f2ng g\u1ed7 MDF c\u1ed1t l\u00f5i ph\u1ee7 nh\u1ef1a Melamine ch\u1ed1ng th\u1ea5m<\/span><\/p>\n<p style=\"text-align: justify;\"><span style=\"color: #282828; font-size: 105%;\"><strong>K\u00edch th\u01b0\u1edbc:<\/strong> D\u00e0i 1500mm x R\u1ed9ng 600mm x Cao 750mm<\/span><\/p>\n<p style=\"text-align: justify;\"><span style=\"color: #282828; font-size: 105%;\"><strong>Ph\u1ee5 ki\u1ec7n:<\/strong> C\u00f3 t\u00edch h\u1ee3p h\u1ed9c t\u1ee7, ng\u0103n k\u00e9o v\u00e0 ch\u00e2n nh\u1ef1a ch\u1ecbu l\u1ef1c ph\u00eda d\u01b0\u1edbi khung b\u00e0n<\/span><\/p>\n<p style=\"text-align: justify;\"><span style=\"color: #282828; font-size: 105%;\"><strong>M\u00e0u s\u1eafc:\u00a0<\/strong>V\u00e2n gi\u1ea3 g\u1ed7, m\u00e0u theo thi\u1ebft k\u1ebf<\/span><\/p>\n<p style=\"text-align: justify;\"><span style=\"color: #282828; font-size: 105%;\"><strong>B\u1ea3o h\u00e0nh:\u00a0<\/strong>12 th\u00e1ng theo ti\u00eau chu\u1ea9n nh\u00e0 m\u00e1y, l\u1eafp gh\u00e9p ho\u00e0n thi\u1ec7n.<\/span><\/p>\n<p style=\"text-align: justify;\"><span style=\"color: #282828; font-size: 105%;\"><strong>\u0110\u1eb7c t\u00ednh:<\/strong> G\u1ed7 MDF ch\u1ecbu l\u1ef1c t\u1ed1t, h\u1ea1n ch\u1ebf \u0111\u01b0\u1ee3c cong v\u00eanh trong qu\u00e1 tr\u00ecnh s\u1eed d\u1ee5ng. Nh\u1ef1a ph\u1ee7 b\u1ec1 m\u1eb7t Melamine ch\u1ed1ng th\u1ea5m n\u01b0\u1edbc, tr\u1ea7y x\u01b0\u1edbc. K\u1ebft c\u1ea5u l\u1eafp \u0111\u1eb7t ch\u1eafc ch\u1eafn, c\u00f3 v\u00e1ch ng\u0103n linh ho\u1ea1t.<\/span><\/p>\n","protected":false},"featured_media":10769,"comment_status":"open","ping_status":"closed","template":"","meta":[],"product_cat":[495],"product_tag":[506,507,508,509,510,511],"class_list":["post-9591","product","type-product","status-publish","has-post-thumbnail","hentry","product_cat-ban-truong-phong","product_tag-ban-lanh-dao","product_tag-ban-truong-phong","product_tag-ban-truong-phong-dep","product_tag-ban-truong-phong-re","product_tag-ban-van-phong","product_tag-ban-van-phong-dep"],"yoast_head":"<!-- This site is optimized with the Yoast SEO plugin v19.9 - https:\/\/yoast.com\/wordpress\/plugins\/seo\/ -->\n<title>B\u00e0n tr\u01b0\u1edfng ph\u00f2ng QBTP05<\/title>\n<meta name=\"description\" content=\"B\u00e0n tr\u01b0\u1edfng ph\u00f2ng QBTP05 th\u01b0\u1eddng l\u00e0 m\u1ed9t l\u1ef1a ch\u1ecdn \u01b0u vi\u1ec7t cho kh\u00f4ng gian l\u00e0m vi\u1ec7c c\u1ee7a c\u00e1c nh\u00e0 l\u00e3nh \u0111\u1ea1o, tr\u01b0\u1edfng ph\u00f2ng doanh nghi\u1ec7p.\" \/>\n<meta name=\"robots\" content=\"index, follow, max-snippet:-1, max-image-preview:large, max-video-preview:-1\" \/>\n<link rel=\"canonical\" href=\"https:\/\/luan.webrt.net\/qhome\/san-pham\/ban-truong-phong-qbtp05\/\" \/>\n<meta property=\"og:locale\" content=\"vi_VN\" \/>\n<meta property=\"og:type\" content=\"article\" \/>\n<meta property=\"og:title\" content=\"B\u00e0n tr\u01b0\u1edfng ph\u00f2ng QBTP05\" \/>\n<meta property=\"og:description\" content=\"B\u00e0n tr\u01b0\u1edfng ph\u00f2ng QBTP05 th\u01b0\u1eddng l\u00e0 m\u1ed9t l\u1ef1a ch\u1ecdn \u01b0u vi\u1ec7t cho kh\u00f4ng gian l\u00e0m vi\u1ec7c c\u1ee7a c\u00e1c nh\u00e0 l\u00e3nh \u0111\u1ea1o, tr\u01b0\u1edfng ph\u00f2ng doanh nghi\u1ec7p.\" \/>\n<meta property=\"og:url\" content=\"https:\/\/luan.webrt.net\/qhome\/san-pham\/ban-truong-phong-qbtp05\/\" \/>\n<meta property=\"og:site_name\" content=\"M\u1eabu web n\u1ed9i th\u1ea5t\" \/>\n<meta property=\"article:publisher\" content=\"https:\/\/www.facebook.com\/noithatqghome\" \/>\n<meta property=\"article:modified_time\" content=\"2025-05-28T14:52:08+00:00\" \/>\n<meta property=\"og:image\" content=\"https:\/\/luan.webrt.net\/qhome\/wp-content\/uploads\/2024\/05\/Ban-truong-phong-QBTP05.jpg\" \/>\n\t<meta property=\"og:image:width\" content=\"1080\" \/>\n\t<meta property=\"og:image:height\" content=\"1080\" \/>\n\t<meta property=\"og:image:type\" content=\"image\/jpeg\" \/>\n<meta name=\"twitter:card\" content=\"summary_large_image\" \/>\n<meta name=\"twitter:label1\" content=\"\u01af\u1edbc t\u00ednh th\u1eddi gian \u0111\u1ecdc\" \/>\n\t<meta name=\"twitter:data1\" content=\"4 ph\u00fat\" \/>\n<script type=\"application\/ld+json\" class=\"yoast-schema-graph\">{\"@context\":\"https:\/\/schema.org\",\"@graph\":[{\"@type\":\"WebPage\",\"@id\":\"https:\/\/luan.webrt.net\/qhome\/san-pham\/ban-truong-phong-qbtp05\/\",\"url\":\"https:\/\/luan.webrt.net\/qhome\/san-pham\/ban-truong-phong-qbtp05\/\",\"name\":\"B\u00e0n tr\u01b0\u1edfng ph\u00f2ng QBTP05\",\"isPartOf\":{\"@id\":\"https:\/\/luan.webrt.net\/qhome\/#website\"},\"datePublished\":\"2024-05-21T08:39:49+00:00\",\"dateModified\":\"2025-05-28T14:52:08+00:00\",\"description\":\"B\u00e0n tr\u01b0\u1edfng ph\u00f2ng QBTP05 th\u01b0\u1eddng l\u00e0 m\u1ed9t l\u1ef1a ch\u1ecdn \u01b0u vi\u1ec7t cho kh\u00f4ng gian l\u00e0m vi\u1ec7c c\u1ee7a c\u00e1c nh\u00e0 l\u00e3nh \u0111\u1ea1o, tr\u01b0\u1edfng ph\u00f2ng doanh nghi\u1ec7p.\",\"breadcrumb\":{\"@id\":\"https:\/\/luan.webrt.net\/qhome\/san-pham\/ban-truong-phong-qbtp05\/#breadcrumb\"},\"inLanguage\":\"vi\",\"potentialAction\":[{\"@type\":\"ReadAction\",\"target\":[\"https:\/\/luan.webrt.net\/qhome\/san-pham\/ban-truong-phong-qbtp05\/\"]}]},{\"@type\":\"BreadcrumbList\",\"@id\":\"https:\/\/luan.webrt.net\/qhome\/san-pham\/ban-truong-phong-qbtp05\/#breadcrumb\",\"itemListElement\":[{\"@type\":\"ListItem\",\"position\":1,\"name\":\"Trang ch\u1ee7\",\"item\":\"https:\/\/luan.webrt.net\/qhome\/\"},{\"@type\":\"ListItem\",\"position\":2,\"name\":\"Shop\",\"item\":\"https:\/\/luan.webrt.net\/qhome\/shop\/\"},{\"@type\":\"ListItem\",\"position\":3,\"name\":\"B\u00e0n tr\u01b0\u1edfng ph\u00f2ng QBTP05\"}]},{\"@type\":\"WebSite\",\"@id\":\"https:\/\/luan.webrt.net\/qhome\/#website\",\"url\":\"https:\/\/luan.webrt.net\/qhome\/\",\"name\":\"M\u1eabu web n\u1ed9i th\u1ea5t\",\"description\":\"QGHome Vi\u1ec7t Nam\",\"publisher\":{\"@id\":\"https:\/\/luan.webrt.net\/qhome\/#organization\"},\"potentialAction\":[{\"@type\":\"SearchAction\",\"target\":{\"@type\":\"EntryPoint\",\"urlTemplate\":\"https:\/\/luan.webrt.net\/qhome\/?s={search_term_string}\"},\"query-input\":\"required name=search_term_string\"}],\"inLanguage\":\"vi\"},{\"@type\":\"Organization\",\"@id\":\"https:\/\/luan.webrt.net\/qhome\/#organization\",\"name\":\"QGHome\",\"url\":\"https:\/\/luan.webrt.net\/qhome\/\",\"logo\":{\"@type\":\"ImageObject\",\"inLanguage\":\"vi\",\"@id\":\"https:\/\/luan.webrt.net\/qhome\/#\/schema\/logo\/image\/\",\"url\":\"https:\/\/qghome.vn\/wp-content\/uploads\/2025\/08\/logo-mau-MauTH-21.png\",\"contentUrl\":\"https:\/\/qghome.vn\/wp-content\/uploads\/2025\/08\/logo-mau-MauTH-21.png\",\"width\":253,\"height\":99,\"caption\":\"QGHome\"},\"image\":{\"@id\":\"https:\/\/luan.webrt.net\/qhome\/#\/schema\/logo\/image\/\"},\"sameAs\":[\"https:\/\/www.tiktok.com\/@qghome.official\",\"https:\/\/www.youtube.com\/channel\/UCeVBuKTXkv-u94DS421cklw\",\"https:\/\/www.facebook.com\/noithatqghome\"]}]}<\/script>\n<!-- \/ Yoast SEO plugin. -->","yoast_head_json":{"title":"B\u00e0n tr\u01b0\u1edfng ph\u00f2ng QBTP05","description":"B\u00e0n tr\u01b0\u1edfng ph\u00f2ng QBTP05 th\u01b0\u1eddng l\u00e0 m\u1ed9t l\u1ef1a ch\u1ecdn \u01b0u vi\u1ec7t cho kh\u00f4ng gian l\u00e0m vi\u1ec7c c\u1ee7a c\u00e1c nh\u00e0 l\u00e3nh \u0111\u1ea1o, tr\u01b0\u1edfng ph\u00f2ng doanh nghi\u1ec7p.","robots":{"index":"index","follow":"follow","max-snippet":"max-snippet:-1","max-image-preview":"max-image-preview:large","max-video-preview":"max-video-preview:-1"},"canonical":"https:\/\/luan.webrt.net\/qhome\/san-pham\/ban-truong-phong-qbtp05\/","og_locale":"vi_VN","og_type":"article","og_title":"B\u00e0n tr\u01b0\u1edfng ph\u00f2ng QBTP05","og_description":"B\u00e0n tr\u01b0\u1edfng ph\u00f2ng QBTP05 th\u01b0\u1eddng l\u00e0 m\u1ed9t l\u1ef1a ch\u1ecdn \u01b0u vi\u1ec7t cho kh\u00f4ng gian l\u00e0m vi\u1ec7c c\u1ee7a c\u00e1c nh\u00e0 l\u00e3nh \u0111\u1ea1o, tr\u01b0\u1edfng ph\u00f2ng doanh nghi\u1ec7p.","og_url":"https:\/\/luan.webrt.net\/qhome\/san-pham\/ban-truong-phong-qbtp05\/","og_site_name":"M\u1eabu web n\u1ed9i th\u1ea5t","article_publisher":"https:\/\/www.facebook.com\/noithatqghome","article_modified_time":"2025-05-28T14:52:08+00:00","og_image":[{"width":1080,"height":1080,"url":"https:\/\/luan.webrt.net\/qhome\/wp-content\/uploads\/2024\/05\/Ban-truong-phong-QBTP05.jpg","type":"image\/jpeg"}],"twitter_card":"summary_large_image","twitter_misc":{"\u01af\u1edbc t\u00ednh th\u1eddi gian \u0111\u1ecdc":"4 ph\u00fat"},"schema":{"@context":"https:\/\/schema.org","@graph":[{"@type":"WebPage","@id":"https:\/\/luan.webrt.net\/qhome\/san-pham\/ban-truong-phong-qbtp05\/","url":"https:\/\/luan.webrt.net\/qhome\/san-pham\/ban-truong-phong-qbtp05\/","name":"B\u00e0n tr\u01b0\u1edfng ph\u00f2ng QBTP05","isPartOf":{"@id":"https:\/\/luan.webrt.net\/qhome\/#website"},"datePublished":"2024-05-21T08:39:49+00:00","dateModified":"2025-05-28T14:52:08+00:00","description":"B\u00e0n tr\u01b0\u1edfng ph\u00f2ng QBTP05 th\u01b0\u1eddng l\u00e0 m\u1ed9t l\u1ef1a ch\u1ecdn \u01b0u vi\u1ec7t cho kh\u00f4ng gian l\u00e0m vi\u1ec7c c\u1ee7a c\u00e1c nh\u00e0 l\u00e3nh \u0111\u1ea1o, tr\u01b0\u1edfng ph\u00f2ng doanh nghi\u1ec7p.","breadcrumb":{"@id":"https:\/\/luan.webrt.net\/qhome\/san-pham\/ban-truong-phong-qbtp05\/#breadcrumb"},"inLanguage":"vi","potentialAction":[{"@type":"ReadAction","target":["https:\/\/luan.webrt.net\/qhome\/san-pham\/ban-truong-phong-qbtp05\/"]}]},{"@type":"BreadcrumbList","@id":"https:\/\/luan.webrt.net\/qhome\/san-pham\/ban-truong-phong-qbtp05\/#breadcrumb","itemListElement":[{"@type":"ListItem","position":1,"name":"Trang ch\u1ee7","item":"https:\/\/luan.webrt.net\/qhome\/"},{"@type":"ListItem","position":2,"name":"Shop","item":"https:\/\/luan.webrt.net\/qhome\/shop\/"},{"@type":"ListItem","position":3,"name":"B\u00e0n tr\u01b0\u1edfng ph\u00f2ng QBTP05"}]},{"@type":"WebSite","@id":"https:\/\/luan.webrt.net\/qhome\/#website","url":"https:\/\/luan.webrt.net\/qhome\/","name":"M\u1eabu web n\u1ed9i th\u1ea5t","description":"QGHome Vi\u1ec7t Nam","publisher":{"@id":"https:\/\/luan.webrt.net\/qhome\/#organization"},"potentialAction":[{"@type":"SearchAction","target":{"@type":"EntryPoint","urlTemplate":"https:\/\/luan.webrt.net\/qhome\/?s={search_term_string}"},"query-input":"required name=search_term_string"}],"inLanguage":"vi"},{"@type":"Organization","@id":"https:\/\/luan.webrt.net\/qhome\/#organization","name":"QGHome","url":"https:\/\/luan.webrt.net\/qhome\/","logo":{"@type":"ImageObject","inLanguage":"vi","@id":"https:\/\/luan.webrt.net\/qhome\/#\/schema\/logo\/image\/","url":"https:\/\/qghome.vn\/wp-content\/uploads\/2025\/08\/logo-mau-MauTH-21.png","contentUrl":"https:\/\/qghome.vn\/wp-content\/uploads\/2025\/08\/logo-mau-MauTH-21.png","width":253,"height":99,"caption":"QGHome"},"image":{"@id":"https:\/\/luan.webrt.net\/qhome\/#\/schema\/logo\/image\/"},"sameAs":["https:\/\/www.tiktok.com\/@qghome.official","https:\/\/www.youtube.com\/channel\/UCeVBuKTXkv-u94DS421cklw","https:\/\/www.facebook.com\/noithatqghome"]}]}},"_links":{"self":[{"href":"https:\/\/luan.webrt.net\/qhome\/wp-json\/wp\/v2\/product\/9591","targetHints":{"allow":["GET"]}}],"collection":[{"href":"https:\/\/luan.webrt.net\/qhome\/wp-json\/wp\/v2\/product"}],"about":[{"href":"https:\/\/luan.webrt.net\/qhome\/wp-json\/wp\/v2\/types\/product"}],"replies":[{"embeddable":true,"href":"https:\/\/luan.webrt.net\/qhome\/wp-json\/wp\/v2\/comments?post=9591"}],"wp:featuredmedia":[{"embeddable":true,"href":"https:\/\/luan.webrt.net\/qhome\/wp-json\/wp\/v2\/media\/10769"}],"wp:attachment":[{"href":"https:\/\/luan.webrt.net\/qhome\/wp-json\/wp\/v2\/media?parent=9591"}],"wp:term":[{"taxonomy":"product_cat","embeddable":true,"href":"https:\/\/luan.webrt.net\/qhome\/wp-json\/wp\/v2\/product_cat?post=9591"},{"taxonomy":"product_tag","embeddable":true,"href":"https:\/\/luan.webrt.net\/qhome\/wp-json\/wp\/v2\/product_tag?post=9591"}],"curies":[{"name":"wp","href":"https:\/\/api.w.org\/{rel}","templated":true}]}}