{"id":9337,"date":"2024-05-17T10:27:44","date_gmt":"2024-05-17T10:27:44","guid":{"rendered":"https:\/\/qghome.vn\/?post_type=product&#038;p=9337"},"modified":"2025-08-17T07:46:31","modified_gmt":"2025-08-17T07:46:31","slug":"ban-giam-doc-qbd21","status":"publish","type":"product","link":"https:\/\/luan.webrt.net\/qhome\/san-pham\/ban-giam-doc-qbd21\/","title":{"rendered":"B\u00e0n gi\u00e1m \u0111\u1ed1c QBD21"},"content":{"rendered":"<h1 style=\"text-align: center;\"><span style=\"color: #000000;\"><strong>Th\u00f4ng tin s\u1ed1 k\u1ef9 thu\u1eadt\u00a0<\/strong><\/span><\/h1>\n<p style=\"text-align: justify;\"><span style=\"color: #282828;\">B\u00e0n gi\u00e1m \u0111\u1ed1c QBD21 l\u00e0 s\u1ea3n ph\u1ea9m cao c\u1ea5p, thi\u1ebft k\u1ebf tinh t\u1ebf, \u1ea5n t\u01b0\u1ee3ng trong t\u1eebng g\u00f3c nh\u00ecn, l\u1ef1a ch\u1ecdn cho v\u0103n ph\u00f2ng n\u1ed9i th\u1ea5t cao c\u1ea5p. B\u00e0n l\u00e3nh \u0111\u1ea1o QGHome, kh\u1eb3ng \u0111\u1ecbnh uy quy\u1ec1n c\u1ee7a ng\u01b0\u1eddi \u0111\u1ee9ng \u0111\u1ea7u, x\u1ee9ng t\u1ea7m v\u1edbi t\u1ea7m v\u00f3c ng\u01b0\u1eddi l\u00e3nh \u0111\u1ea1o. Tin t\u01b0\u1edfng l\u1ef1a ch\u1ecdn QGHome \u0111\u1ec3 c\u00f3 \u0111\u01b0\u1ee3c s\u1ea3n ph\u1ea9m n\u1ed9i th\u1ea5t h\u00e0ng \u0111\u1ea7u.<\/span><\/p>\n<ul>\n<li style=\"text-align: justify;\"><span style=\"color: #282828;\"><span style=\"font-size: 110%;\"><strong>K\u00edch th\u01b0\u1edbc: <\/strong><\/span>M\u1eb7t b\u00e0n D\u00e0i: 1m8 x r\u1ed9ng 80 cm x cao 75cm T\u1ee7 ph\u1ee5: D\u00e0i 1m2 x R\u1ed9ng 40 cm x cao 65cm Chi\u1ec1u d\u00e0i t\u1ed5ng th\u1ec3 t\u1ee7: 1m8 x r\u1ed9ng 1m2 x cao 75cm.<\/span><\/li>\n<li style=\"text-align: justify;\"><span style=\"color: #282828; font-size: 110%;\"><strong>Ch\u1ea5t li\u1ec7u:<\/strong> G\u1ed7 MDF ch\u1ed1ng th\u1ea5m cao c\u1ea5p, m\u00e0u v\u00e2n tinh t\u1ebf, ph\u1ee7 melamine.<\/span><\/li>\n<li style=\"text-align: justify;\"><span style=\"color: #282828; font-size: 110%;\"><strong>M\u00e0u s\u1eafc:<\/strong> M\u00e0u tr\u1eafng k\u1ebft h\u1ee3p ghi<\/span><\/li>\n<li style=\"text-align: justify;\"><span style=\"color: #282828; font-size: 110%;\"><strong>B\u1ea3o h\u00e0nh:<\/strong>\u00a012 th\u00e1ng theo ti\u00eau chu\u1ea9n nh\u00e0 m\u00e1y, l\u1eafp gh\u00e9p ho\u00e0n thi\u1ec7n.<\/span><\/li>\n<\/ul>\n<blockquote><p><span style=\"color: #282828;\"><em>L\u01b0u \u00fd: Kh\u00e1ch h\u00e0ng c\u00f3 th\u1ec3 \u0111\u1eb7t h\u00e0ng v\u1edbi nhi\u1ec1u lo\u1ea1i v\u00e2n g\u1ed7, m\u00e0u s\u1eafc, m\u00e0u khung b\u00e0n v\u00e0 k\u00edch th\u01b0\u1edbc kh\u00e1c nhau. V\u00e0 cam k\u1ebft s\u1ea3n ph\u1ea9m (thi\u1ebft k\u1ebf ri\u00eang) d\u1ea1ng l\u1eafp r\u00e1p, \u0111\u00f3ng g\u00f3i v\u1eadn chuy\u1ec3n v\u00e0 l\u1eafp \u0111\u1eb7t t\u1ea1i c\u00f4ng tr\u00ecnh trong 5 ng\u00e0y.<\/em><\/span><\/p><\/blockquote>\n<figure id=\"attachment_9341\" aria-describedby=\"caption-attachment-9341\" style=\"width: 800px\" class=\"wp-caption aligncenter\"><img loading=\"lazy\" decoding=\"async\" class=\"wp-image-9341 size-large\" src=\"http:\/\/qghome.vn\/wp-content\/uploads\/2024\/05\/Ban-giam-doc-800x800.png\" alt=\"B\u00e0n gi\u00e1m \u0111\u1ed1c QBD21\" width=\"800\" height=\"800\" srcset=\"https:\/\/luan.webrt.net\/qhome\/wp-content\/uploads\/2024\/05\/Ban-giam-doc-800x800.png 800w, https:\/\/luan.webrt.net\/qhome\/wp-content\/uploads\/2024\/05\/Ban-giam-doc-100x100.png 100w, https:\/\/luan.webrt.net\/qhome\/wp-content\/uploads\/2024\/05\/Ban-giam-doc-510x510.png 510w, https:\/\/luan.webrt.net\/qhome\/wp-content\/uploads\/2024\/05\/Ban-giam-doc-400x400.png 400w, https:\/\/luan.webrt.net\/qhome\/wp-content\/uploads\/2024\/05\/Ban-giam-doc-280x280.png 280w, https:\/\/luan.webrt.net\/qhome\/wp-content\/uploads\/2024\/05\/Ban-giam-doc-768x768.png 768w, https:\/\/luan.webrt.net\/qhome\/wp-content\/uploads\/2024\/05\/Ban-giam-doc.png 1080w\" sizes=\"auto, (max-width: 800px) 100vw, 800px\" \/><figcaption id=\"caption-attachment-9341\" class=\"wp-caption-text\"><em>B\u00e0n gi\u00e1m \u0111\u1ed1c QBD21<\/em><\/figcaption><\/figure>\n<figure id=\"attachment_9340\" aria-describedby=\"caption-attachment-9340\" style=\"width: 800px\" class=\"wp-caption aligncenter\"><img loading=\"lazy\" decoding=\"async\" class=\"wp-image-9340 size-large\" src=\"http:\/\/qghome.vn\/wp-content\/uploads\/2024\/05\/Ban-giam-doc-1-1-800x800.png\" alt=\"B\u00e0n gi\u00e1m \u0111\u1ed1c QBD21\" width=\"800\" height=\"800\" srcset=\"https:\/\/luan.webrt.net\/qhome\/wp-content\/uploads\/2024\/05\/Ban-giam-doc-1-1-800x800.png 800w, https:\/\/luan.webrt.net\/qhome\/wp-content\/uploads\/2024\/05\/Ban-giam-doc-1-1-100x100.png 100w, https:\/\/luan.webrt.net\/qhome\/wp-content\/uploads\/2024\/05\/Ban-giam-doc-1-1-510x510.png 510w, https:\/\/luan.webrt.net\/qhome\/wp-content\/uploads\/2024\/05\/Ban-giam-doc-1-1-400x400.png 400w, https:\/\/luan.webrt.net\/qhome\/wp-content\/uploads\/2024\/05\/Ban-giam-doc-1-1-280x280.png 280w, https:\/\/luan.webrt.net\/qhome\/wp-content\/uploads\/2024\/05\/Ban-giam-doc-1-1-768x768.png 768w, https:\/\/luan.webrt.net\/qhome\/wp-content\/uploads\/2024\/05\/Ban-giam-doc-1-1.png 1080w\" sizes=\"auto, (max-width: 800px) 100vw, 800px\" \/><figcaption id=\"caption-attachment-9340\" class=\"wp-caption-text\"><em>B\u00e0n gi\u00e1m \u0111\u1ed1c QBD21<\/em><\/figcaption><\/figure>\n<h2 style=\"text-align: center;\"><span style=\"color: #333399;\"><strong><span style=\"font-size: 140%;\">CH\u1ea4T LI\u1ec6U\u00a0\u00a0<\/span><\/strong><\/span><\/h2>\n<figure id=\"attachment_7915\" aria-describedby=\"caption-attachment-7915\" style=\"width: 800px\" class=\"wp-caption aligncenter\"><img loading=\"lazy\" decoding=\"async\" class=\"wp-image-7915 size-large\" src=\"http:\/\/qghome.vn\/wp-content\/uploads\/2024\/04\/Go-cong-nghiep-phu-Melamine-8-800x800.png\" alt=\"G\u1ed7 MDF ph\u1ee7 melamine \" width=\"800\" height=\"800\" srcset=\"https:\/\/luan.webrt.net\/qhome\/wp-content\/uploads\/2024\/04\/Go-cong-nghiep-phu-Melamine-8-800x800.png 800w, https:\/\/luan.webrt.net\/qhome\/wp-content\/uploads\/2024\/04\/Go-cong-nghiep-phu-Melamine-8-100x100.png 100w, https:\/\/luan.webrt.net\/qhome\/wp-content\/uploads\/2024\/04\/Go-cong-nghiep-phu-Melamine-8-510x510.png 510w, https:\/\/luan.webrt.net\/qhome\/wp-content\/uploads\/2024\/04\/Go-cong-nghiep-phu-Melamine-8-400x400.png 400w, https:\/\/luan.webrt.net\/qhome\/wp-content\/uploads\/2024\/04\/Go-cong-nghiep-phu-Melamine-8-280x280.png 280w, https:\/\/luan.webrt.net\/qhome\/wp-content\/uploads\/2024\/04\/Go-cong-nghiep-phu-Melamine-8-768x768.png 768w, https:\/\/luan.webrt.net\/qhome\/wp-content\/uploads\/2024\/04\/Go-cong-nghiep-phu-Melamine-8.png 1080w\" sizes=\"auto, (max-width: 800px) 100vw, 800px\" \/><figcaption id=\"caption-attachment-7915\" class=\"wp-caption-text\"><em>G\u1ed7 MDF ph\u1ee7 melamine<\/em><\/figcaption><\/figure>\n<figure id=\"attachment_7916\" aria-describedby=\"caption-attachment-7916\" style=\"width: 800px\" class=\"wp-caption aligncenter\"><img loading=\"lazy\" decoding=\"async\" class=\"wp-image-7916 size-large\" src=\"http:\/\/qghome.vn\/wp-content\/uploads\/2024\/04\/Go-cong-nghiep-phu-Melamine-7-800x800.png\" alt=\"G\u1ed7 MDF ph\u1ee7 melamine\" width=\"800\" height=\"800\" srcset=\"https:\/\/luan.webrt.net\/qhome\/wp-content\/uploads\/2024\/04\/Go-cong-nghiep-phu-Melamine-7-800x800.png 800w, https:\/\/luan.webrt.net\/qhome\/wp-content\/uploads\/2024\/04\/Go-cong-nghiep-phu-Melamine-7-100x100.png 100w, https:\/\/luan.webrt.net\/qhome\/wp-content\/uploads\/2024\/04\/Go-cong-nghiep-phu-Melamine-7-510x510.png 510w, https:\/\/luan.webrt.net\/qhome\/wp-content\/uploads\/2024\/04\/Go-cong-nghiep-phu-Melamine-7-400x400.png 400w, https:\/\/luan.webrt.net\/qhome\/wp-content\/uploads\/2024\/04\/Go-cong-nghiep-phu-Melamine-7-280x280.png 280w, https:\/\/luan.webrt.net\/qhome\/wp-content\/uploads\/2024\/04\/Go-cong-nghiep-phu-Melamine-7-768x768.png 768w, https:\/\/luan.webrt.net\/qhome\/wp-content\/uploads\/2024\/04\/Go-cong-nghiep-phu-Melamine-7.png 1080w\" sizes=\"auto, (max-width: 800px) 100vw, 800px\" \/><figcaption id=\"caption-attachment-7916\" class=\"wp-caption-text\"><em><span style=\"vertical-align: inherit;\">G\u1ed7 MDF ph\u1ee7 melamine<\/span><\/em><\/figcaption><\/figure>\n<figure id=\"attachment_7914\" aria-describedby=\"caption-attachment-7914\" style=\"width: 800px\" class=\"wp-caption aligncenter\"><img loading=\"lazy\" decoding=\"async\" class=\"wp-image-7914 size-large\" src=\"http:\/\/qghome.vn\/wp-content\/uploads\/2024\/04\/Go-cong-nghiep-phu-Melamine-9-800x800.png\" alt=\"G\u1ed7 MDF ph\u1ee7 melamine\" width=\"800\" height=\"800\" srcset=\"https:\/\/luan.webrt.net\/qhome\/wp-content\/uploads\/2024\/04\/Go-cong-nghiep-phu-Melamine-9-800x800.png 800w, https:\/\/luan.webrt.net\/qhome\/wp-content\/uploads\/2024\/04\/Go-cong-nghiep-phu-Melamine-9-100x100.png 100w, https:\/\/luan.webrt.net\/qhome\/wp-content\/uploads\/2024\/04\/Go-cong-nghiep-phu-Melamine-9-510x510.png 510w, https:\/\/luan.webrt.net\/qhome\/wp-content\/uploads\/2024\/04\/Go-cong-nghiep-phu-Melamine-9-400x400.png 400w, https:\/\/luan.webrt.net\/qhome\/wp-content\/uploads\/2024\/04\/Go-cong-nghiep-phu-Melamine-9-280x280.png 280w, https:\/\/luan.webrt.net\/qhome\/wp-content\/uploads\/2024\/04\/Go-cong-nghiep-phu-Melamine-9-768x768.png 768w, https:\/\/luan.webrt.net\/qhome\/wp-content\/uploads\/2024\/04\/Go-cong-nghiep-phu-Melamine-9.png 1080w\" sizes=\"auto, (max-width: 800px) 100vw, 800px\" \/><figcaption id=\"caption-attachment-7914\" class=\"wp-caption-text\"><em><span style=\"vertical-align: inherit;\">G\u1ed7 MDF ph\u1ee7 melamine<\/span><\/em><\/figcaption><\/figure>\n<h2 style=\"text-align: center;\"><span style=\"color: #333399; font-size: 140%;\"><strong>NH\u00c0 M\u00c1Y S\u1ea2N XU\u1ea4T QGHOME<\/strong><\/span><\/h2>\n<figure id=\"attachment_7785\" aria-describedby=\"caption-attachment-7785\" style=\"width: 800px\" class=\"wp-caption aligncenter\"><img loading=\"lazy\" decoding=\"async\" class=\"wp-image-7785 size-full\" src=\"http:\/\/qghome.vn\/wp-content\/uploads\/2024\/04\/nha-may-san-xuat-noi-that-qghome-viet-nam.jpg\" alt=\"Nh\u00e0 m\u00e1y s\u1ea3n xu\u1ea5t n\u1ed9i th\u1ea5t QGHOME Vi\u1ec7t Nam\" width=\"800\" height=\"468\" srcset=\"https:\/\/luan.webrt.net\/qhome\/wp-content\/uploads\/2024\/04\/nha-may-san-xuat-noi-that-qghome-viet-nam.jpg 800w, https:\/\/luan.webrt.net\/qhome\/wp-content\/uploads\/2024\/04\/nha-may-san-xuat-noi-that-qghome-viet-nam-510x298.jpg 510w, https:\/\/luan.webrt.net\/qhome\/wp-content\/uploads\/2024\/04\/nha-may-san-xuat-noi-that-qghome-viet-nam-684x400.jpg 684w, https:\/\/luan.webrt.net\/qhome\/wp-content\/uploads\/2024\/04\/nha-may-san-xuat-noi-that-qghome-viet-nam-768x449.jpg 768w\" sizes=\"auto, (max-width: 800px) 100vw, 800px\" \/><figcaption id=\"caption-attachment-7785\" class=\"wp-caption-text\"><em>Nh\u00e0 m\u00e1y s\u1ea3n xu\u1ea5t n\u1ed9i th\u1ea5t QGHOME Vi\u1ec7t Nam<\/em><\/figcaption><\/figure>\n<figure id=\"attachment_7782\" aria-describedby=\"caption-attachment-7782\" style=\"width: 800px\" class=\"wp-caption aligncenter\"><img loading=\"lazy\" decoding=\"async\" class=\"wp-image-7782 size-full\" src=\"http:\/\/qghome.vn\/wp-content\/uploads\/2024\/04\/nha-may-noi-that-qghome-viet-nam.jpg\" alt=\"Nh\u00e0 m\u00e1y n\u1ed9i th\u1ea5t QGHOME Vi\u1ec7t Nam\" width=\"800\" height=\"468\" srcset=\"https:\/\/luan.webrt.net\/qhome\/wp-content\/uploads\/2024\/04\/nha-may-noi-that-qghome-viet-nam.jpg 800w, https:\/\/luan.webrt.net\/qhome\/wp-content\/uploads\/2024\/04\/nha-may-noi-that-qghome-viet-nam-510x298.jpg 510w, https:\/\/luan.webrt.net\/qhome\/wp-content\/uploads\/2024\/04\/nha-may-noi-that-qghome-viet-nam-684x400.jpg 684w, https:\/\/luan.webrt.net\/qhome\/wp-content\/uploads\/2024\/04\/nha-may-noi-that-qghome-viet-nam-768x449.jpg 768w\" sizes=\"auto, (max-width: 800px) 100vw, 800px\" \/><figcaption id=\"caption-attachment-7782\" class=\"wp-caption-text\"><em>Nh\u00e0 m\u00e1y n\u1ed9i th\u1ea5t QGHOME Vi\u1ec7t Nam<\/em><\/figcaption><\/figure>\n<figure id=\"attachment_7783\" aria-describedby=\"caption-attachment-7783\" style=\"width: 800px\" class=\"wp-caption aligncenter\"><img loading=\"lazy\" decoding=\"async\" class=\"wp-image-7783 size-full\" src=\"http:\/\/qghome.vn\/wp-content\/uploads\/2024\/04\/nha-may-qghome-viet-nam.jpg\" alt=\"\u0110\u01a1n v\u1ecb thi\u1ebft k\u1ebf n\u1ed9i th\u1ea5t uy t\u00edn - QGHOME\" width=\"800\" height=\"468\" srcset=\"https:\/\/luan.webrt.net\/qhome\/wp-content\/uploads\/2024\/04\/nha-may-qghome-viet-nam.jpg 800w, https:\/\/luan.webrt.net\/qhome\/wp-content\/uploads\/2024\/04\/nha-may-qghome-viet-nam-510x298.jpg 510w, https:\/\/luan.webrt.net\/qhome\/wp-content\/uploads\/2024\/04\/nha-may-qghome-viet-nam-684x400.jpg 684w, https:\/\/luan.webrt.net\/qhome\/wp-content\/uploads\/2024\/04\/nha-may-qghome-viet-nam-768x449.jpg 768w\" sizes=\"auto, (max-width: 800px) 100vw, 800px\" \/><figcaption id=\"caption-attachment-7783\" class=\"wp-caption-text\"><em>\u0110\u01a1n v\u1ecb thi\u1ebft k\u1ebf n\u1ed9i th\u1ea5t uy t\u00edn &#8211; QGHOME<\/em><\/figcaption><\/figure>\n<p style=\"text-align: justify;\"><span style=\"color: #282828; font-size: 110%;\"><strong>QGHome &#8211; Th\u01b0\u01a1ng hi\u1ec7u s\u1ea3n xu\u1ea5t n\u1ed9i th\u1ea5t uy t\u00edn v\u1edbi nhi\u1ec1u n\u0103m kinh nghi\u1ec7m<\/strong> mong mu\u1ed1n mang \u0111\u1ebfn cho kh\u00e1ch h\u00e0ng nh\u1eefng s\u1ea3n ph\u1ea9m ch\u1ea5t l\u01b0\u1ee3ng cao, m\u1eabu m\u00e3 \u0111a d\u1ea1ng v\u00e0 gi\u00e1 c\u1ea3 c\u1ea1nh tranh. Ch\u00fang t\u00f4i s\u1edf h\u1eefu \u0111\u1ed9i ng\u0169 nh\u00e2n vi\u00ean chuy\u00ean nghi\u1ec7p, t\u1eadn t\u00e2m lu\u00f4n s\u1eb5n s\u00e0ng h\u1ed7 tr\u1ee3 kh\u00e1ch h\u00e0ng m\u1ecdi l\u00fac m\u1ecdi n\u01a1i. H\u00e3y li\u00ean h\u1ec7 hotline: <span style=\"font-size: 120%;\"><strong>0983368623<\/strong> <\/span>\u0111\u1ec3 \u0111\u01b0\u1ee3c t\u01b0 v\u1ea5n v\u00e0 \u0111\u1eb7t h\u00e0ng ngay h\u00f4m nay!<\/span><\/p>\n","protected":false},"excerpt":{"rendered":"<p>Th\u00f4ng tin s\u1ed1 k\u1ef9 thu\u1eadt\u00a0 B\u00e0n gi\u00e1m \u0111\u1ed1c QBD21 l\u00e0 s\u1ea3n ph\u1ea9m cao c\u1ea5p, thi\u1ebft k\u1ebf tinh t\u1ebf, \u1ea5n t\u01b0\u1ee3ng trong t\u1eebng g\u00f3c nh\u00ecn, l\u1ef1a ch\u1ecdn cho v\u0103n ph\u00f2ng n\u1ed9i th\u1ea5t cao c\u1ea5p. B\u00e0n l\u00e3nh \u0111\u1ea1o QGHome, kh\u1eb3ng \u0111\u1ecbnh uy quy\u1ec1n c\u1ee7a ng\u01b0\u1eddi \u0111\u1ee9ng \u0111\u1ea7u, x\u1ee9ng t\u1ea7m v\u1edbi t\u1ea7m v\u00f3c ng\u01b0\u1eddi l\u00e3nh \u0111\u1ea1o. Tin t\u01b0\u1edfng&#8230;<\/p>\n","protected":false},"featured_media":9341,"comment_status":"open","ping_status":"closed","template":"","meta":[],"product_cat":[215],"product_tag":[],"class_list":["post-9337","product","type-product","status-publish","has-post-thumbnail","hentry","product_cat-ban-giam-doc-qg"],"yoast_head":"<!-- This site is optimized with the Yoast SEO plugin v19.9 - https:\/\/yoast.com\/wordpress\/plugins\/seo\/ -->\n<title>B\u00e0n gi\u00e1m \u0111\u1ed1c QBD21<\/title>\n<meta name=\"description\" content=\"B\u00e0n gi\u00e1m \u0111\u1ed1c QBD21 h\u00ecnh ch\u1eef L v\u1edbi thi\u1ebft k\u1ebf thanh l\u1ecbch, \u0111\u01a1n gi\u1ea3n gi\u00fap kh\u00f4ng gian l\u00e0m vi\u1ec7c tr\u1edf n\u00ean chuy\u00ean nghi\u1ec7p h\u01a1n. C\u00f3 b\u1ea3o h\u00e0nh v\u00e0 l\u1eafp \u0111\u1eb7t t\u1eadn nh\u00e0.\" \/>\n<meta name=\"robots\" content=\"index, follow, max-snippet:-1, max-image-preview:large, max-video-preview:-1\" \/>\n<link rel=\"canonical\" href=\"https:\/\/luan.webrt.net\/qhome\/san-pham\/ban-giam-doc-qbd21\/\" \/>\n<meta property=\"og:locale\" content=\"vi_VN\" \/>\n<meta property=\"og:type\" content=\"article\" \/>\n<meta property=\"og:title\" content=\"B\u00e0n gi\u00e1m \u0111\u1ed1c QBD21\" \/>\n<meta property=\"og:description\" content=\"B\u00e0n gi\u00e1m \u0111\u1ed1c QBD21 h\u00ecnh ch\u1eef L v\u1edbi thi\u1ebft k\u1ebf thanh l\u1ecbch, \u0111\u01a1n gi\u1ea3n gi\u00fap kh\u00f4ng gian l\u00e0m vi\u1ec7c tr\u1edf n\u00ean chuy\u00ean nghi\u1ec7p h\u01a1n. C\u00f3 b\u1ea3o h\u00e0nh v\u00e0 l\u1eafp \u0111\u1eb7t t\u1eadn nh\u00e0.\" \/>\n<meta property=\"og:url\" content=\"https:\/\/luan.webrt.net\/qhome\/san-pham\/ban-giam-doc-qbd21\/\" \/>\n<meta property=\"og:site_name\" content=\"M\u1eabu web n\u1ed9i th\u1ea5t\" \/>\n<meta property=\"article:publisher\" content=\"https:\/\/www.facebook.com\/noithatqghome\" \/>\n<meta property=\"article:modified_time\" content=\"2025-08-17T07:46:31+00:00\" \/>\n<meta property=\"og:image\" content=\"https:\/\/luan.webrt.net\/qhome\/wp-content\/uploads\/2024\/05\/Ban-giam-doc.png\" \/>\n\t<meta property=\"og:image:width\" content=\"1080\" \/>\n\t<meta property=\"og:image:height\" content=\"1080\" \/>\n\t<meta property=\"og:image:type\" content=\"image\/png\" \/>\n<meta name=\"twitter:card\" content=\"summary_large_image\" \/>\n<meta name=\"twitter:label1\" content=\"\u01af\u1edbc t\u00ednh th\u1eddi gian \u0111\u1ecdc\" \/>\n\t<meta name=\"twitter:data1\" content=\"4 ph\u00fat\" \/>\n<script type=\"application\/ld+json\" class=\"yoast-schema-graph\">{\"@context\":\"https:\/\/schema.org\",\"@graph\":[{\"@type\":\"WebPage\",\"@id\":\"https:\/\/luan.webrt.net\/qhome\/san-pham\/ban-giam-doc-qbd21\/\",\"url\":\"https:\/\/luan.webrt.net\/qhome\/san-pham\/ban-giam-doc-qbd21\/\",\"name\":\"B\u00e0n gi\u00e1m \u0111\u1ed1c QBD21\",\"isPartOf\":{\"@id\":\"https:\/\/luan.webrt.net\/qhome\/#website\"},\"datePublished\":\"2024-05-17T10:27:44+00:00\",\"dateModified\":\"2025-08-17T07:46:31+00:00\",\"description\":\"B\u00e0n gi\u00e1m \u0111\u1ed1c QBD21 h\u00ecnh ch\u1eef L v\u1edbi thi\u1ebft k\u1ebf thanh l\u1ecbch, \u0111\u01a1n gi\u1ea3n gi\u00fap kh\u00f4ng gian l\u00e0m vi\u1ec7c tr\u1edf n\u00ean chuy\u00ean nghi\u1ec7p h\u01a1n. C\u00f3 b\u1ea3o h\u00e0nh v\u00e0 l\u1eafp \u0111\u1eb7t t\u1eadn nh\u00e0.\",\"breadcrumb\":{\"@id\":\"https:\/\/luan.webrt.net\/qhome\/san-pham\/ban-giam-doc-qbd21\/#breadcrumb\"},\"inLanguage\":\"vi\",\"potentialAction\":[{\"@type\":\"ReadAction\",\"target\":[\"https:\/\/luan.webrt.net\/qhome\/san-pham\/ban-giam-doc-qbd21\/\"]}]},{\"@type\":\"BreadcrumbList\",\"@id\":\"https:\/\/luan.webrt.net\/qhome\/san-pham\/ban-giam-doc-qbd21\/#breadcrumb\",\"itemListElement\":[{\"@type\":\"ListItem\",\"position\":1,\"name\":\"Trang ch\u1ee7\",\"item\":\"https:\/\/luan.webrt.net\/qhome\/\"},{\"@type\":\"ListItem\",\"position\":2,\"name\":\"Shop\",\"item\":\"https:\/\/luan.webrt.net\/qhome\/shop\/\"},{\"@type\":\"ListItem\",\"position\":3,\"name\":\"B\u00e0n gi\u00e1m \u0111\u1ed1c QBD21\"}]},{\"@type\":\"WebSite\",\"@id\":\"https:\/\/luan.webrt.net\/qhome\/#website\",\"url\":\"https:\/\/luan.webrt.net\/qhome\/\",\"name\":\"M\u1eabu web n\u1ed9i th\u1ea5t\",\"description\":\"QGHome Vi\u1ec7t Nam\",\"publisher\":{\"@id\":\"https:\/\/luan.webrt.net\/qhome\/#organization\"},\"potentialAction\":[{\"@type\":\"SearchAction\",\"target\":{\"@type\":\"EntryPoint\",\"urlTemplate\":\"https:\/\/luan.webrt.net\/qhome\/?s={search_term_string}\"},\"query-input\":\"required name=search_term_string\"}],\"inLanguage\":\"vi\"},{\"@type\":\"Organization\",\"@id\":\"https:\/\/luan.webrt.net\/qhome\/#organization\",\"name\":\"QGHome\",\"url\":\"https:\/\/luan.webrt.net\/qhome\/\",\"logo\":{\"@type\":\"ImageObject\",\"inLanguage\":\"vi\",\"@id\":\"https:\/\/luan.webrt.net\/qhome\/#\/schema\/logo\/image\/\",\"url\":\"https:\/\/qghome.vn\/wp-content\/uploads\/2025\/08\/logo-mau-MauTH-21.png\",\"contentUrl\":\"https:\/\/qghome.vn\/wp-content\/uploads\/2025\/08\/logo-mau-MauTH-21.png\",\"width\":253,\"height\":99,\"caption\":\"QGHome\"},\"image\":{\"@id\":\"https:\/\/luan.webrt.net\/qhome\/#\/schema\/logo\/image\/\"},\"sameAs\":[\"https:\/\/www.tiktok.com\/@qghome.official\",\"https:\/\/www.youtube.com\/channel\/UCeVBuKTXkv-u94DS421cklw\",\"https:\/\/www.facebook.com\/noithatqghome\"]}]}<\/script>\n<!-- \/ Yoast SEO plugin. -->","yoast_head_json":{"title":"B\u00e0n gi\u00e1m \u0111\u1ed1c QBD21","description":"B\u00e0n gi\u00e1m \u0111\u1ed1c QBD21 h\u00ecnh ch\u1eef L v\u1edbi thi\u1ebft k\u1ebf thanh l\u1ecbch, \u0111\u01a1n gi\u1ea3n gi\u00fap kh\u00f4ng gian l\u00e0m vi\u1ec7c tr\u1edf n\u00ean chuy\u00ean nghi\u1ec7p h\u01a1n. C\u00f3 b\u1ea3o h\u00e0nh v\u00e0 l\u1eafp \u0111\u1eb7t t\u1eadn nh\u00e0.","robots":{"index":"index","follow":"follow","max-snippet":"max-snippet:-1","max-image-preview":"max-image-preview:large","max-video-preview":"max-video-preview:-1"},"canonical":"https:\/\/luan.webrt.net\/qhome\/san-pham\/ban-giam-doc-qbd21\/","og_locale":"vi_VN","og_type":"article","og_title":"B\u00e0n gi\u00e1m \u0111\u1ed1c QBD21","og_description":"B\u00e0n gi\u00e1m \u0111\u1ed1c QBD21 h\u00ecnh ch\u1eef L v\u1edbi thi\u1ebft k\u1ebf thanh l\u1ecbch, \u0111\u01a1n gi\u1ea3n gi\u00fap kh\u00f4ng gian l\u00e0m vi\u1ec7c tr\u1edf n\u00ean chuy\u00ean nghi\u1ec7p h\u01a1n. C\u00f3 b\u1ea3o h\u00e0nh v\u00e0 l\u1eafp \u0111\u1eb7t t\u1eadn nh\u00e0.","og_url":"https:\/\/luan.webrt.net\/qhome\/san-pham\/ban-giam-doc-qbd21\/","og_site_name":"M\u1eabu web n\u1ed9i th\u1ea5t","article_publisher":"https:\/\/www.facebook.com\/noithatqghome","article_modified_time":"2025-08-17T07:46:31+00:00","og_image":[{"width":1080,"height":1080,"url":"https:\/\/luan.webrt.net\/qhome\/wp-content\/uploads\/2024\/05\/Ban-giam-doc.png","type":"image\/png"}],"twitter_card":"summary_large_image","twitter_misc":{"\u01af\u1edbc t\u00ednh th\u1eddi gian \u0111\u1ecdc":"4 ph\u00fat"},"schema":{"@context":"https:\/\/schema.org","@graph":[{"@type":"WebPage","@id":"https:\/\/luan.webrt.net\/qhome\/san-pham\/ban-giam-doc-qbd21\/","url":"https:\/\/luan.webrt.net\/qhome\/san-pham\/ban-giam-doc-qbd21\/","name":"B\u00e0n gi\u00e1m \u0111\u1ed1c QBD21","isPartOf":{"@id":"https:\/\/luan.webrt.net\/qhome\/#website"},"datePublished":"2024-05-17T10:27:44+00:00","dateModified":"2025-08-17T07:46:31+00:00","description":"B\u00e0n gi\u00e1m \u0111\u1ed1c QBD21 h\u00ecnh ch\u1eef L v\u1edbi thi\u1ebft k\u1ebf thanh l\u1ecbch, \u0111\u01a1n gi\u1ea3n gi\u00fap kh\u00f4ng gian l\u00e0m vi\u1ec7c tr\u1edf n\u00ean chuy\u00ean nghi\u1ec7p h\u01a1n. C\u00f3 b\u1ea3o h\u00e0nh v\u00e0 l\u1eafp \u0111\u1eb7t t\u1eadn nh\u00e0.","breadcrumb":{"@id":"https:\/\/luan.webrt.net\/qhome\/san-pham\/ban-giam-doc-qbd21\/#breadcrumb"},"inLanguage":"vi","potentialAction":[{"@type":"ReadAction","target":["https:\/\/luan.webrt.net\/qhome\/san-pham\/ban-giam-doc-qbd21\/"]}]},{"@type":"BreadcrumbList","@id":"https:\/\/luan.webrt.net\/qhome\/san-pham\/ban-giam-doc-qbd21\/#breadcrumb","itemListElement":[{"@type":"ListItem","position":1,"name":"Trang ch\u1ee7","item":"https:\/\/luan.webrt.net\/qhome\/"},{"@type":"ListItem","position":2,"name":"Shop","item":"https:\/\/luan.webrt.net\/qhome\/shop\/"},{"@type":"ListItem","position":3,"name":"B\u00e0n gi\u00e1m \u0111\u1ed1c QBD21"}]},{"@type":"WebSite","@id":"https:\/\/luan.webrt.net\/qhome\/#website","url":"https:\/\/luan.webrt.net\/qhome\/","name":"M\u1eabu web n\u1ed9i th\u1ea5t","description":"QGHome Vi\u1ec7t Nam","publisher":{"@id":"https:\/\/luan.webrt.net\/qhome\/#organization"},"potentialAction":[{"@type":"SearchAction","target":{"@type":"EntryPoint","urlTemplate":"https:\/\/luan.webrt.net\/qhome\/?s={search_term_string}"},"query-input":"required name=search_term_string"}],"inLanguage":"vi"},{"@type":"Organization","@id":"https:\/\/luan.webrt.net\/qhome\/#organization","name":"QGHome","url":"https:\/\/luan.webrt.net\/qhome\/","logo":{"@type":"ImageObject","inLanguage":"vi","@id":"https:\/\/luan.webrt.net\/qhome\/#\/schema\/logo\/image\/","url":"https:\/\/qghome.vn\/wp-content\/uploads\/2025\/08\/logo-mau-MauTH-21.png","contentUrl":"https:\/\/qghome.vn\/wp-content\/uploads\/2025\/08\/logo-mau-MauTH-21.png","width":253,"height":99,"caption":"QGHome"},"image":{"@id":"https:\/\/luan.webrt.net\/qhome\/#\/schema\/logo\/image\/"},"sameAs":["https:\/\/www.tiktok.com\/@qghome.official","https:\/\/www.youtube.com\/channel\/UCeVBuKTXkv-u94DS421cklw","https:\/\/www.facebook.com\/noithatqghome"]}]}},"_links":{"self":[{"href":"https:\/\/luan.webrt.net\/qhome\/wp-json\/wp\/v2\/product\/9337","targetHints":{"allow":["GET"]}}],"collection":[{"href":"https:\/\/luan.webrt.net\/qhome\/wp-json\/wp\/v2\/product"}],"about":[{"href":"https:\/\/luan.webrt.net\/qhome\/wp-json\/wp\/v2\/types\/product"}],"replies":[{"embeddable":true,"href":"https:\/\/luan.webrt.net\/qhome\/wp-json\/wp\/v2\/comments?post=9337"}],"wp:featuredmedia":[{"embeddable":true,"href":"https:\/\/luan.webrt.net\/qhome\/wp-json\/wp\/v2\/media\/9341"}],"wp:attachment":[{"href":"https:\/\/luan.webrt.net\/qhome\/wp-json\/wp\/v2\/media?parent=9337"}],"wp:term":[{"taxonomy":"product_cat","embeddable":true,"href":"https:\/\/luan.webrt.net\/qhome\/wp-json\/wp\/v2\/product_cat?post=9337"},{"taxonomy":"product_tag","embeddable":true,"href":"https:\/\/luan.webrt.net\/qhome\/wp-json\/wp\/v2\/product_tag?post=9337"}],"curies":[{"name":"wp","href":"https:\/\/api.w.org\/{rel}","templated":true}]}}