{"id":9329,"date":"2024-05-17T07:07:12","date_gmt":"2024-05-17T07:07:12","guid":{"rendered":"https:\/\/qghome.vn\/?post_type=product&#038;p=9329"},"modified":"2024-05-31T08:28:22","modified_gmt":"2024-05-31T08:28:22","slug":"backdrop-logo-van-phong-30m2","status":"publish","type":"product","link":"https:\/\/luan.webrt.net\/qhome\/san-pham\/backdrop-logo-van-phong-30m2\/","title":{"rendered":"BACKDROP LOGO V\u0102N PH\u00d2NG 30M2"},"content":{"rendered":"<p>Logo v\u00e0 backdrop \u0111\u01b0\u1ee3c thi\u1ebft k\u1ebf \u0111\u1eb9p m\u1eaft gi\u00fap t\u1ea1o \u1ea5n t\u01b0\u1ee3ng \u0111\u1ea7u ti\u00ean m\u1ea1nh m\u1ebd v\u1edbi kh\u00e1ch h\u00e0ng v\u00e0 \u0111\u1ed1i t\u00e1c khi h\u1ecd b\u01b0\u1edbc v\u00e0o v\u0103n ph\u00f2ng. Th\u1ec3 hi\u1ec7n s\u1ef1 chuy\u00ean nghi\u1ec7p v\u00e0 \u0111\u1ea7u t\u01b0 c\u1ee7a doanh nghi\u1ec7p v\u00e0o h\u00ecnh \u1ea3nh th\u01b0\u01a1ng hi\u1ec7u. Gi\u00fap kh\u00e1ch h\u00e0ng d\u1ec5 d\u00e0ng nh\u1eadn di\u1ec7n v\u00e0 ghi nh\u1edb th\u01b0\u01a1ng hi\u1ec7u c\u1ee7a b\u1ea1n.<br \/>\nLogo v\u00e0 backdrop l\u00e0 m\u1ed9t ph\u1ea7n c\u1ee7a chi\u1ebfn l\u01b0\u1ee3c x\u00e2y d\u1ef1ng th\u01b0\u01a1ng hi\u1ec7u nh\u1ea5t qu\u00e1n, t\u1ea1o s\u1ef1 hi\u1ec7n di\u1ec7n m\u1ea1nh m\u1ebd v\u00e0 d\u1ec5 nh\u1eadn bi\u1ebft. \u0110\u01b0\u1ee3c thi\u1ebft k\u1ebf lam s\u00f3ng k\u1ebft h\u1ee3p alu gi\u1eef g\u1eafn logo th\u01b0\u01a1ng hi\u1ec7u, l\u1eafp \u0111\u1eb7t ho\u00e0n thi\u1ec7n .<\/p>\n<figure id=\"attachment_10046\" aria-describedby=\"caption-attachment-10046\" style=\"width: 686px\" class=\"wp-caption aligncenter\"><img loading=\"lazy\" decoding=\"async\" class=\"wp-image-10046 size-large\" src=\"http:\/\/qghome.vn\/wp-content\/uploads\/2024\/05\/Backdrop-van-phong-1-686x800.jpg\" alt=\"Backdrop v\u0103n ph\u00f2ng\" width=\"686\" height=\"800\" srcset=\"https:\/\/luan.webrt.net\/qhome\/wp-content\/uploads\/2024\/05\/Backdrop-van-phong-1-686x800.jpg 686w, https:\/\/luan.webrt.net\/qhome\/wp-content\/uploads\/2024\/05\/Backdrop-van-phong-1-scaled-510x595.jpg 510w, https:\/\/luan.webrt.net\/qhome\/wp-content\/uploads\/2024\/05\/Backdrop-van-phong-1-343x400.jpg 343w, https:\/\/luan.webrt.net\/qhome\/wp-content\/uploads\/2024\/05\/Backdrop-van-phong-1-768x896.jpg 768w, https:\/\/luan.webrt.net\/qhome\/wp-content\/uploads\/2024\/05\/Backdrop-van-phong-1-1317x1536.jpg 1317w, https:\/\/luan.webrt.net\/qhome\/wp-content\/uploads\/2024\/05\/Backdrop-van-phong-1-1755x2048.jpg 1755w\" sizes=\"auto, (max-width: 686px) 100vw, 686px\" \/><figcaption id=\"caption-attachment-10046\" class=\"wp-caption-text\">Backdrop v\u0103n ph\u00f2ng<\/figcaption><\/figure>\n<h3><strong>N\u1ed9i th\u1ea5t QGHOME &#8211; \u0110\u01a1n v\u1ecb thi\u1ebft k\u1ebf n\u1ed9i th\u1ea5t uy t\u00edn<\/strong><\/h3>\n<p>H\u00e3y \u0111\u1ec3 ch\u00fang t\u00f4i c\u00f9ng b\u1ea1n t\u1ea1o ra m\u1ed9t kh\u00f4ng gian l\u00e0m vi\u1ec7c \u0111\u1eb3ng c\u1ea5p v\u00e0 chuy\u00ean nghi\u1ec7p cho gi\u00e1m \u0111\u1ed1c c\u1ee7a b\u1ea1n. Li\u00ean h\u1ec7 v\u1edbi QGHome ngay h\u00f4m nay \u0111\u1ec3 bi\u1ebft th\u00eam th\u00f4ng tin v\u00e0 nh\u1eadn \u0111\u01b0\u1ee3c s\u1ef1 t\u01b0 v\u1ea5n chuy\u00ean nghi\u1ec7p t\u1eeb \u0111\u1ed9i ng\u0169 c\u1ee7a ch\u00fang t\u00f4i<\/p>\n<p>\u2014\u2014\u2014\u2014\u2014\u2014\u2014\u2014\u2014\u2014\u2014\u2014\u2014\u2014\u2014\u2014\u2013<\/p>\n<p>Khu v\u1ef1c H\u00e0 N\u1ed9i: S\u1ed1 72\/70 Xu\u00e2n Ph\u01b0\u01a1ng, Qu\u1eadn Nam T\u1eeb Li\u00eam, H\u00e0 N\u1ed9i<\/p>\n<p>Khu v\u1ef1c H\u1ed3 Ch\u00ed Minh: 299 TL8, T\u00e2n Th\u1ea1nh T\u00e2y, C\u1ee7 Chi, Th\u00e0nh ph\u1ed1 H\u1ed3 Ch\u00ed Minh<\/p>\n<p>Khu v\u1ef1c B\u1eafc Giang: \u0110\u01b0\u1eddng 276, H. Hi\u1ec7p Ho\u00e0, B\u1eafc Giang<\/p>\n<p>\ud83d\udcde Hotline: 0983.368.623<\/p>\n<p>\ud83c\udf0fWebsite: https:\/\/qghome.vn<\/p>\n<p>\ud83d\udccd Facebook: <a href=\"https:\/\/www.facebook.com\/noithatqghome\">https:\/\/www.facebook.com\/noithatqghome<\/a><\/p>\n<p>\ud83d\udc8c Email: qghome.official@gmail.com<\/p>\n","protected":false},"excerpt":{"rendered":"<p><span data-sheets-root=\"1\" data-sheets-value=\"{&quot;1&quot;:2,&quot;2&quot;:&quot;Lam s\u00f3ng k\u1ebft h\u1ee3p alu gi\u1eef g\u1eafn logo th\u01b0\u01a1ng hi\u1ec7u, l\u1eafp \u0111\u1eb7t ho\u00e0n thi\u1ec7n &quot;}\" data-sheets-userformat=\"{&quot;2&quot;:29661,&quot;3&quot;:{&quot;1&quot;:0},&quot;5&quot;:{&quot;1&quot;:[{&quot;1&quot;:2,&quot;2&quot;:0,&quot;5&quot;:{&quot;1&quot;:2,&quot;2&quot;:10676465}},{&quot;1&quot;:0,&quot;2&quot;:0,&quot;3&quot;:1},{&quot;1&quot;:1,&quot;2&quot;:0,&quot;4&quot;:1}]},&quot;6&quot;:{&quot;1&quot;:[{&quot;1&quot;:2,&quot;2&quot;:0,&quot;5&quot;:{&quot;1&quot;:2,&quot;2&quot;:10676465}},{&quot;1&quot;:0,&quot;2&quot;:0,&quot;3&quot;:1},{&quot;1&quot;:1,&quot;2&quot;:0,&quot;4&quot;:1}]},&quot;7&quot;:{&quot;1&quot;:[{&quot;1&quot;:2,&quot;2&quot;:0,&quot;5&quot;:{&quot;1&quot;:2,&quot;2&quot;:10676465}},{&quot;1&quot;:0,&quot;2&quot;:0,&quot;3&quot;:3},{&quot;1&quot;:1,&quot;2&quot;:0,&quot;4&quot;:1}]},&quot;9&quot;:0,&quot;10&quot;:1,&quot;11&quot;:4,&quot;12&quot;:0,&quot;15&quot;:&quot;Times New Roman&quot;,&quot;16&quot;:11,&quot;17&quot;:0}\">Lam s\u00f3ng k\u1ebft h\u1ee3p alu gi\u1eef g\u1eafn logo th\u01b0\u01a1ng hi\u1ec7u, l\u1eafp \u0111\u1eb7t ho\u00e0n thi\u1ec7n <\/span><\/p>\n","protected":false},"featured_media":10046,"comment_status":"open","ping_status":"closed","template":"","meta":[],"product_cat":[499,119],"product_tag":[500],"class_list":["post-9329","product","type-product","status-publish","has-post-thumbnail","hentry","product_cat-logo-backdrop-van-phong","product_cat-san-pham","product_tag-backdrop-logo-van-phong"],"yoast_head":"<!-- This site is optimized with the Yoast SEO plugin v19.9 - https:\/\/yoast.com\/wordpress\/plugins\/seo\/ -->\n<title>BACKDROP LOGO V\u0102N PH\u00d2NG 30M2<\/title>\n<meta name=\"robots\" content=\"index, follow, max-snippet:-1, max-image-preview:large, max-video-preview:-1\" \/>\n<link rel=\"canonical\" href=\"https:\/\/luan.webrt.net\/qhome\/san-pham\/backdrop-logo-van-phong-30m2\/\" \/>\n<meta property=\"og:locale\" content=\"vi_VN\" \/>\n<meta property=\"og:type\" content=\"article\" \/>\n<meta property=\"og:title\" content=\"BACKDROP LOGO V\u0102N PH\u00d2NG 30M2\" \/>\n<meta property=\"og:description\" content=\"Lam s\u00f3ng k\u1ebft h\u1ee3p alu gi\u1eef g\u1eafn logo th\u01b0\u01a1ng hi\u1ec7u, l\u1eafp \u0111\u1eb7t ho\u00e0n thi\u1ec7n\" \/>\n<meta property=\"og:url\" content=\"https:\/\/luan.webrt.net\/qhome\/san-pham\/backdrop-logo-van-phong-30m2\/\" \/>\n<meta property=\"og:site_name\" content=\"M\u1eabu web n\u1ed9i th\u1ea5t\" \/>\n<meta property=\"article:publisher\" content=\"https:\/\/www.facebook.com\/noithatqghome\" \/>\n<meta property=\"article:modified_time\" content=\"2024-05-31T08:28:22+00:00\" \/>\n<meta property=\"og:image\" content=\"https:\/\/luan.webrt.net\/qhome\/wp-content\/uploads\/2024\/05\/Backdrop-van-phong-1-scaled.jpg\" \/>\n\t<meta property=\"og:image:width\" content=\"2194\" \/>\n\t<meta property=\"og:image:height\" content=\"2560\" \/>\n\t<meta property=\"og:image:type\" content=\"image\/jpeg\" \/>\n<meta name=\"twitter:card\" content=\"summary_large_image\" \/>\n<meta name=\"twitter:label1\" content=\"\u01af\u1edbc t\u00ednh th\u1eddi gian \u0111\u1ecdc\" \/>\n\t<meta name=\"twitter:data1\" content=\"2 ph\u00fat\" \/>\n<script type=\"application\/ld+json\" class=\"yoast-schema-graph\">{\"@context\":\"https:\/\/schema.org\",\"@graph\":[{\"@type\":\"WebPage\",\"@id\":\"https:\/\/luan.webrt.net\/qhome\/san-pham\/backdrop-logo-van-phong-30m2\/\",\"url\":\"https:\/\/luan.webrt.net\/qhome\/san-pham\/backdrop-logo-van-phong-30m2\/\",\"name\":\"BACKDROP LOGO V\u0102N PH\u00d2NG 30M2\",\"isPartOf\":{\"@id\":\"https:\/\/luan.webrt.net\/qhome\/#website\"},\"datePublished\":\"2024-05-17T07:07:12+00:00\",\"dateModified\":\"2024-05-31T08:28:22+00:00\",\"breadcrumb\":{\"@id\":\"https:\/\/luan.webrt.net\/qhome\/san-pham\/backdrop-logo-van-phong-30m2\/#breadcrumb\"},\"inLanguage\":\"vi\",\"potentialAction\":[{\"@type\":\"ReadAction\",\"target\":[\"https:\/\/luan.webrt.net\/qhome\/san-pham\/backdrop-logo-van-phong-30m2\/\"]}]},{\"@type\":\"BreadcrumbList\",\"@id\":\"https:\/\/luan.webrt.net\/qhome\/san-pham\/backdrop-logo-van-phong-30m2\/#breadcrumb\",\"itemListElement\":[{\"@type\":\"ListItem\",\"position\":1,\"name\":\"Trang ch\u1ee7\",\"item\":\"https:\/\/luan.webrt.net\/qhome\/\"},{\"@type\":\"ListItem\",\"position\":2,\"name\":\"Shop\",\"item\":\"https:\/\/luan.webrt.net\/qhome\/shop\/\"},{\"@type\":\"ListItem\",\"position\":3,\"name\":\"BACKDROP LOGO V\u0102N PH\u00d2NG 30M2\"}]},{\"@type\":\"WebSite\",\"@id\":\"https:\/\/luan.webrt.net\/qhome\/#website\",\"url\":\"https:\/\/luan.webrt.net\/qhome\/\",\"name\":\"M\u1eabu web n\u1ed9i th\u1ea5t\",\"description\":\"QGHome Vi\u1ec7t Nam\",\"publisher\":{\"@id\":\"https:\/\/luan.webrt.net\/qhome\/#organization\"},\"potentialAction\":[{\"@type\":\"SearchAction\",\"target\":{\"@type\":\"EntryPoint\",\"urlTemplate\":\"https:\/\/luan.webrt.net\/qhome\/?s={search_term_string}\"},\"query-input\":\"required name=search_term_string\"}],\"inLanguage\":\"vi\"},{\"@type\":\"Organization\",\"@id\":\"https:\/\/luan.webrt.net\/qhome\/#organization\",\"name\":\"QGHome\",\"url\":\"https:\/\/luan.webrt.net\/qhome\/\",\"logo\":{\"@type\":\"ImageObject\",\"inLanguage\":\"vi\",\"@id\":\"https:\/\/luan.webrt.net\/qhome\/#\/schema\/logo\/image\/\",\"url\":\"https:\/\/qghome.vn\/wp-content\/uploads\/2025\/08\/logo-mau-MauTH-21.png\",\"contentUrl\":\"https:\/\/qghome.vn\/wp-content\/uploads\/2025\/08\/logo-mau-MauTH-21.png\",\"width\":253,\"height\":99,\"caption\":\"QGHome\"},\"image\":{\"@id\":\"https:\/\/luan.webrt.net\/qhome\/#\/schema\/logo\/image\/\"},\"sameAs\":[\"https:\/\/www.tiktok.com\/@qghome.official\",\"https:\/\/www.youtube.com\/channel\/UCeVBuKTXkv-u94DS421cklw\",\"https:\/\/www.facebook.com\/noithatqghome\"]}]}<\/script>\n<!-- \/ Yoast SEO plugin. -->","yoast_head_json":{"title":"BACKDROP LOGO V\u0102N PH\u00d2NG 30M2","robots":{"index":"index","follow":"follow","max-snippet":"max-snippet:-1","max-image-preview":"max-image-preview:large","max-video-preview":"max-video-preview:-1"},"canonical":"https:\/\/luan.webrt.net\/qhome\/san-pham\/backdrop-logo-van-phong-30m2\/","og_locale":"vi_VN","og_type":"article","og_title":"BACKDROP LOGO V\u0102N PH\u00d2NG 30M2","og_description":"Lam s\u00f3ng k\u1ebft h\u1ee3p alu gi\u1eef g\u1eafn logo th\u01b0\u01a1ng hi\u1ec7u, l\u1eafp \u0111\u1eb7t ho\u00e0n thi\u1ec7n","og_url":"https:\/\/luan.webrt.net\/qhome\/san-pham\/backdrop-logo-van-phong-30m2\/","og_site_name":"M\u1eabu web n\u1ed9i th\u1ea5t","article_publisher":"https:\/\/www.facebook.com\/noithatqghome","article_modified_time":"2024-05-31T08:28:22+00:00","og_image":[{"width":2194,"height":2560,"url":"https:\/\/luan.webrt.net\/qhome\/wp-content\/uploads\/2024\/05\/Backdrop-van-phong-1-scaled.jpg","type":"image\/jpeg"}],"twitter_card":"summary_large_image","twitter_misc":{"\u01af\u1edbc t\u00ednh th\u1eddi gian \u0111\u1ecdc":"2 ph\u00fat"},"schema":{"@context":"https:\/\/schema.org","@graph":[{"@type":"WebPage","@id":"https:\/\/luan.webrt.net\/qhome\/san-pham\/backdrop-logo-van-phong-30m2\/","url":"https:\/\/luan.webrt.net\/qhome\/san-pham\/backdrop-logo-van-phong-30m2\/","name":"BACKDROP LOGO V\u0102N PH\u00d2NG 30M2","isPartOf":{"@id":"https:\/\/luan.webrt.net\/qhome\/#website"},"datePublished":"2024-05-17T07:07:12+00:00","dateModified":"2024-05-31T08:28:22+00:00","breadcrumb":{"@id":"https:\/\/luan.webrt.net\/qhome\/san-pham\/backdrop-logo-van-phong-30m2\/#breadcrumb"},"inLanguage":"vi","potentialAction":[{"@type":"ReadAction","target":["https:\/\/luan.webrt.net\/qhome\/san-pham\/backdrop-logo-van-phong-30m2\/"]}]},{"@type":"BreadcrumbList","@id":"https:\/\/luan.webrt.net\/qhome\/san-pham\/backdrop-logo-van-phong-30m2\/#breadcrumb","itemListElement":[{"@type":"ListItem","position":1,"name":"Trang ch\u1ee7","item":"https:\/\/luan.webrt.net\/qhome\/"},{"@type":"ListItem","position":2,"name":"Shop","item":"https:\/\/luan.webrt.net\/qhome\/shop\/"},{"@type":"ListItem","position":3,"name":"BACKDROP LOGO V\u0102N PH\u00d2NG 30M2"}]},{"@type":"WebSite","@id":"https:\/\/luan.webrt.net\/qhome\/#website","url":"https:\/\/luan.webrt.net\/qhome\/","name":"M\u1eabu web n\u1ed9i th\u1ea5t","description":"QGHome Vi\u1ec7t Nam","publisher":{"@id":"https:\/\/luan.webrt.net\/qhome\/#organization"},"potentialAction":[{"@type":"SearchAction","target":{"@type":"EntryPoint","urlTemplate":"https:\/\/luan.webrt.net\/qhome\/?s={search_term_string}"},"query-input":"required name=search_term_string"}],"inLanguage":"vi"},{"@type":"Organization","@id":"https:\/\/luan.webrt.net\/qhome\/#organization","name":"QGHome","url":"https:\/\/luan.webrt.net\/qhome\/","logo":{"@type":"ImageObject","inLanguage":"vi","@id":"https:\/\/luan.webrt.net\/qhome\/#\/schema\/logo\/image\/","url":"https:\/\/qghome.vn\/wp-content\/uploads\/2025\/08\/logo-mau-MauTH-21.png","contentUrl":"https:\/\/qghome.vn\/wp-content\/uploads\/2025\/08\/logo-mau-MauTH-21.png","width":253,"height":99,"caption":"QGHome"},"image":{"@id":"https:\/\/luan.webrt.net\/qhome\/#\/schema\/logo\/image\/"},"sameAs":["https:\/\/www.tiktok.com\/@qghome.official","https:\/\/www.youtube.com\/channel\/UCeVBuKTXkv-u94DS421cklw","https:\/\/www.facebook.com\/noithatqghome"]}]}},"_links":{"self":[{"href":"https:\/\/luan.webrt.net\/qhome\/wp-json\/wp\/v2\/product\/9329","targetHints":{"allow":["GET"]}}],"collection":[{"href":"https:\/\/luan.webrt.net\/qhome\/wp-json\/wp\/v2\/product"}],"about":[{"href":"https:\/\/luan.webrt.net\/qhome\/wp-json\/wp\/v2\/types\/product"}],"replies":[{"embeddable":true,"href":"https:\/\/luan.webrt.net\/qhome\/wp-json\/wp\/v2\/comments?post=9329"}],"wp:featuredmedia":[{"embeddable":true,"href":"https:\/\/luan.webrt.net\/qhome\/wp-json\/wp\/v2\/media\/10046"}],"wp:attachment":[{"href":"https:\/\/luan.webrt.net\/qhome\/wp-json\/wp\/v2\/media?parent=9329"}],"wp:term":[{"taxonomy":"product_cat","embeddable":true,"href":"https:\/\/luan.webrt.net\/qhome\/wp-json\/wp\/v2\/product_cat?post=9329"},{"taxonomy":"product_tag","embeddable":true,"href":"https:\/\/luan.webrt.net\/qhome\/wp-json\/wp\/v2\/product_tag?post=9329"}],"curies":[{"name":"wp","href":"https:\/\/api.w.org\/{rel}","templated":true}]}}