{"id":9271,"date":"2024-05-14T08:07:38","date_gmt":"2024-05-14T08:07:38","guid":{"rendered":"https:\/\/qghome.vn\/?post_type=product&#038;p=9271"},"modified":"2025-11-05T09:42:41","modified_gmt":"2025-11-05T09:42:41","slug":"module-ban-lam-viec-4-nguoi-qbmole20","status":"publish","type":"product","link":"https:\/\/luan.webrt.net\/qhome\/san-pham\/module-ban-lam-viec-4-nguoi-qbmole20\/","title":{"rendered":"Module B\u00e0n L\u00e0m Vi\u1ec7c 4 ng\u01b0\u1eddi QBMOLE20"},"content":{"rendered":"<h2><span style=\"color: #282828;\"><strong>1. Th\u00f4ng Tin Thi\u1ebft K\u1ebf Module B\u00e0n L\u00e0m Vi\u1ec7c 4 Ng\u01b0\u1eddi<\/strong><\/span><\/h2>\n<ul>\n<li style=\"text-align: justify;\"><span style=\"font-size: 105%; color: #282828;\"><strong>K\u00edch th\u01b0\u1edbc:<\/strong> 2400mm x 1200mm x 750mm.<\/span><\/li>\n<li style=\"text-align: justify;\"><span style=\"font-size: 105%; color: #282828;\"><strong>Ch\u1ea5t li\u1ec7u:<\/strong> L\u00e0m t\u1eeb g\u1ed7 MDF cao c\u1ea5p, m\u00e0u v\u00e2n tinh t\u1ebf, ph\u1ee7 melamine d\u00e0y 18mm. <\/span><\/li>\n<li style=\"text-align: justify;\"><span style=\"font-size: 105%; color: #282828;\"><strong>Ph\u1ee5 ki\u1ec7n:<\/strong> 2 v\u00e1ch ng\u0103n, ch\u00e2n t\u0103ng ch\u1ec9nh m\u00e0u \u0111en, k\u00e8m k\u1ec7 trang tr\u00ed<\/span><\/li>\n<li><span style=\"font-size: 105%; color: #282828;\"><strong>M\u00e0u s\u1eafc: <\/strong>M\u00e0u tr\u1eafng k\u1ebft h\u1ee3p v\u00e2n g\u1ed7<\/span><\/li>\n<li style=\"text-align: justify;\"><span style=\"font-size: 105%; color: #282828;\"><strong>B\u1ea3o h\u00e0nh:<\/strong> 12 th\u00e1ng theo ti\u00eau chu\u1ea9n nh\u00e0 m\u00e1y, l\u1eafp gh\u00e9p ho\u00e0n thi\u1ec7n.<\/span><\/li>\n<\/ul>\n<blockquote>\n<p style=\"text-align: justify;\"><span style=\"font-size: 105%;\"><em><span style=\"color: #282828;\">L\u01b0u \u00fd: Kh\u00e1ch h\u00e0ng c\u00f3 th\u1ec3 \u0111\u1eb7t h\u00e0ng v\u1edbi nhi\u1ec1u lo\u1ea1i v\u00e2n g\u1ed7, m\u00e0u s\u1eafc, m\u00e0u khung b\u00e0n v\u00e0 k\u00edch th\u01b0\u1edbc kh\u00e1c nhau. V\u00e0 cam k\u1ebft s\u1ea3n ph\u1ea9m (thi\u1ebft k\u1ebf ri\u00eang) d\u1ea1ng l\u1eafp r\u00e1p, \u0111\u00f3ng g\u00f3i v\u1eadn chuy\u1ec3n v\u00e0 l\u1eafp \u0111\u1eb7t t\u1ea1i c\u00f4ng tr\u00ecnh trong 5 ng\u00e0y.<\/span><\/em><\/span><\/p>\n<\/blockquote>\n<h2><strong>2. H\u00ecnh \u1ea3nh s\u1ea3n ph\u1ea9m v\u00e0 k\u00edch th\u01b0\u1edbc<\/strong><\/h2>\n<figure id=\"attachment_10733\" aria-describedby=\"caption-attachment-10733\" style=\"width: 800px\" class=\"wp-caption aligncenter\"><img loading=\"lazy\" decoding=\"async\" class=\"size-large wp-image-10733\" src=\"http:\/\/qghome.vn\/wp-content\/uploads\/2024\/05\/Module-Ban-Lam-Viec-4-nguoi-QBMOLE20-800x800.jpg\" alt=\"Module B\u00e0n L\u00e0m Vi\u1ec7c 4 ng\u01b0\u1eddi QBMOLE20\" width=\"800\" height=\"800\" srcset=\"https:\/\/luan.webrt.net\/qhome\/wp-content\/uploads\/2024\/05\/Module-Ban-Lam-Viec-4-nguoi-QBMOLE20-800x800.jpg 800w, https:\/\/luan.webrt.net\/qhome\/wp-content\/uploads\/2024\/05\/Module-Ban-Lam-Viec-4-nguoi-QBMOLE20-100x100.jpg 100w, https:\/\/luan.webrt.net\/qhome\/wp-content\/uploads\/2024\/05\/Module-Ban-Lam-Viec-4-nguoi-QBMOLE20-510x510.jpg 510w, https:\/\/luan.webrt.net\/qhome\/wp-content\/uploads\/2024\/05\/Module-Ban-Lam-Viec-4-nguoi-QBMOLE20-400x400.jpg 400w, https:\/\/luan.webrt.net\/qhome\/wp-content\/uploads\/2024\/05\/Module-Ban-Lam-Viec-4-nguoi-QBMOLE20-280x280.jpg 280w, https:\/\/luan.webrt.net\/qhome\/wp-content\/uploads\/2024\/05\/Module-Ban-Lam-Viec-4-nguoi-QBMOLE20-768x768.jpg 768w, https:\/\/luan.webrt.net\/qhome\/wp-content\/uploads\/2024\/05\/Module-Ban-Lam-Viec-4-nguoi-QBMOLE20.jpg 1080w\" sizes=\"auto, (max-width: 800px) 100vw, 800px\" \/><figcaption id=\"caption-attachment-10733\" class=\"wp-caption-text\">Module B\u00e0n L\u00e0m Vi\u1ec7c 4 ng\u01b0\u1eddi QBMOLE20<\/figcaption><\/figure>\n<figure id=\"attachment_10732\" aria-describedby=\"caption-attachment-10732\" style=\"width: 800px\" class=\"wp-caption aligncenter\"><img loading=\"lazy\" decoding=\"async\" class=\"size-large wp-image-10732\" src=\"http:\/\/qghome.vn\/wp-content\/uploads\/2024\/05\/Module-Ban-Lam-Viec-4-nguoi-QBMOLE20.1-800x800.jpg\" alt=\"Module B\u00e0n L\u00e0m Vi\u1ec7c 4 ng\u01b0\u1eddi QBMOLE20.1\" width=\"800\" height=\"800\" srcset=\"https:\/\/luan.webrt.net\/qhome\/wp-content\/uploads\/2024\/05\/Module-Ban-Lam-Viec-4-nguoi-QBMOLE20.1-800x800.jpg 800w, https:\/\/luan.webrt.net\/qhome\/wp-content\/uploads\/2024\/05\/Module-Ban-Lam-Viec-4-nguoi-QBMOLE20.1-100x100.jpg 100w, https:\/\/luan.webrt.net\/qhome\/wp-content\/uploads\/2024\/05\/Module-Ban-Lam-Viec-4-nguoi-QBMOLE20.1-510x510.jpg 510w, https:\/\/luan.webrt.net\/qhome\/wp-content\/uploads\/2024\/05\/Module-Ban-Lam-Viec-4-nguoi-QBMOLE20.1-400x400.jpg 400w, https:\/\/luan.webrt.net\/qhome\/wp-content\/uploads\/2024\/05\/Module-Ban-Lam-Viec-4-nguoi-QBMOLE20.1-280x280.jpg 280w, https:\/\/luan.webrt.net\/qhome\/wp-content\/uploads\/2024\/05\/Module-Ban-Lam-Viec-4-nguoi-QBMOLE20.1-768x768.jpg 768w, https:\/\/luan.webrt.net\/qhome\/wp-content\/uploads\/2024\/05\/Module-Ban-Lam-Viec-4-nguoi-QBMOLE20.1.jpg 1080w\" sizes=\"auto, (max-width: 800px) 100vw, 800px\" \/><figcaption id=\"caption-attachment-10732\" class=\"wp-caption-text\">Module B\u00e0n L\u00e0m Vi\u1ec7c 4 ng\u01b0\u1eddi QBMOLE20.1<\/figcaption><\/figure>\n<h2><strong>3. Ch\u1ea5t li\u1ec7u s\u1ea3n ph\u1ea9m<\/strong><\/h2>\n<figure id=\"attachment_7915\" aria-describedby=\"caption-attachment-7915\" style=\"width: 800px\" class=\"wp-caption aligncenter\"><img loading=\"lazy\" decoding=\"async\" class=\"wp-image-7915 size-large\" src=\"http:\/\/qghome.vn\/wp-content\/uploads\/2024\/04\/Go-cong-nghiep-phu-Melamine-8-800x800.png\" alt=\"G\u1ed7 MDF ph\u1ee7 melamine \" width=\"800\" height=\"800\" srcset=\"https:\/\/luan.webrt.net\/qhome\/wp-content\/uploads\/2024\/04\/Go-cong-nghiep-phu-Melamine-8-800x800.png 800w, https:\/\/luan.webrt.net\/qhome\/wp-content\/uploads\/2024\/04\/Go-cong-nghiep-phu-Melamine-8-100x100.png 100w, https:\/\/luan.webrt.net\/qhome\/wp-content\/uploads\/2024\/04\/Go-cong-nghiep-phu-Melamine-8-510x510.png 510w, https:\/\/luan.webrt.net\/qhome\/wp-content\/uploads\/2024\/04\/Go-cong-nghiep-phu-Melamine-8-400x400.png 400w, https:\/\/luan.webrt.net\/qhome\/wp-content\/uploads\/2024\/04\/Go-cong-nghiep-phu-Melamine-8-280x280.png 280w, https:\/\/luan.webrt.net\/qhome\/wp-content\/uploads\/2024\/04\/Go-cong-nghiep-phu-Melamine-8-768x768.png 768w, https:\/\/luan.webrt.net\/qhome\/wp-content\/uploads\/2024\/04\/Go-cong-nghiep-phu-Melamine-8.png 1080w\" sizes=\"auto, (max-width: 800px) 100vw, 800px\" \/><figcaption id=\"caption-attachment-7915\" class=\"wp-caption-text\"><em>G\u1ed7 MDF ph\u1ee7 melamine<\/em><\/figcaption><\/figure>\n<figure id=\"attachment_7916\" aria-describedby=\"caption-attachment-7916\" style=\"width: 800px\" class=\"wp-caption aligncenter\"><img loading=\"lazy\" decoding=\"async\" class=\"wp-image-7916 size-large\" src=\"http:\/\/qghome.vn\/wp-content\/uploads\/2024\/04\/Go-cong-nghiep-phu-Melamine-7-800x800.png\" alt=\"G\u1ed7 MDF ph\u1ee7 melamine\" width=\"800\" height=\"800\" srcset=\"https:\/\/luan.webrt.net\/qhome\/wp-content\/uploads\/2024\/04\/Go-cong-nghiep-phu-Melamine-7-800x800.png 800w, https:\/\/luan.webrt.net\/qhome\/wp-content\/uploads\/2024\/04\/Go-cong-nghiep-phu-Melamine-7-100x100.png 100w, https:\/\/luan.webrt.net\/qhome\/wp-content\/uploads\/2024\/04\/Go-cong-nghiep-phu-Melamine-7-510x510.png 510w, https:\/\/luan.webrt.net\/qhome\/wp-content\/uploads\/2024\/04\/Go-cong-nghiep-phu-Melamine-7-400x400.png 400w, https:\/\/luan.webrt.net\/qhome\/wp-content\/uploads\/2024\/04\/Go-cong-nghiep-phu-Melamine-7-280x280.png 280w, https:\/\/luan.webrt.net\/qhome\/wp-content\/uploads\/2024\/04\/Go-cong-nghiep-phu-Melamine-7-768x768.png 768w, https:\/\/luan.webrt.net\/qhome\/wp-content\/uploads\/2024\/04\/Go-cong-nghiep-phu-Melamine-7.png 1080w\" sizes=\"auto, (max-width: 800px) 100vw, 800px\" \/><figcaption id=\"caption-attachment-7916\" class=\"wp-caption-text\"><em><span style=\"vertical-align: inherit;\">G\u1ed7 MDF ph\u1ee7 melamine<\/span><\/em><\/figcaption><\/figure>\n<figure id=\"attachment_7914\" aria-describedby=\"caption-attachment-7914\" style=\"width: 800px\" class=\"wp-caption aligncenter\"><img loading=\"lazy\" decoding=\"async\" class=\"wp-image-7914 size-large\" src=\"http:\/\/qghome.vn\/wp-content\/uploads\/2024\/04\/Go-cong-nghiep-phu-Melamine-9-800x800.png\" alt=\"G\u1ed7 MDF ph\u1ee7 melamine\" width=\"800\" height=\"800\" srcset=\"https:\/\/luan.webrt.net\/qhome\/wp-content\/uploads\/2024\/04\/Go-cong-nghiep-phu-Melamine-9-800x800.png 800w, https:\/\/luan.webrt.net\/qhome\/wp-content\/uploads\/2024\/04\/Go-cong-nghiep-phu-Melamine-9-100x100.png 100w, https:\/\/luan.webrt.net\/qhome\/wp-content\/uploads\/2024\/04\/Go-cong-nghiep-phu-Melamine-9-510x510.png 510w, https:\/\/luan.webrt.net\/qhome\/wp-content\/uploads\/2024\/04\/Go-cong-nghiep-phu-Melamine-9-400x400.png 400w, https:\/\/luan.webrt.net\/qhome\/wp-content\/uploads\/2024\/04\/Go-cong-nghiep-phu-Melamine-9-280x280.png 280w, https:\/\/luan.webrt.net\/qhome\/wp-content\/uploads\/2024\/04\/Go-cong-nghiep-phu-Melamine-9-768x768.png 768w, https:\/\/luan.webrt.net\/qhome\/wp-content\/uploads\/2024\/04\/Go-cong-nghiep-phu-Melamine-9.png 1080w\" sizes=\"auto, (max-width: 800px) 100vw, 800px\" \/><figcaption id=\"caption-attachment-7914\" class=\"wp-caption-text\"><em><span style=\"vertical-align: inherit;\">G\u1ed7 MDF ph\u1ee7 melamine<\/span><\/em><\/figcaption><\/figure>\n<h2 style=\"text-align: center;\"><span style=\"color: #333399; font-size: 140%;\"><strong>NH\u00c0 M\u00c1Y S\u1ea2N XU\u1ea4T QGHOME<\/strong><\/span><\/h2>\n<figure id=\"attachment_7785\" aria-describedby=\"caption-attachment-7785\" style=\"width: 800px\" class=\"wp-caption aligncenter\"><img loading=\"lazy\" decoding=\"async\" class=\"wp-image-7785 size-full\" src=\"http:\/\/qghome.vn\/wp-content\/uploads\/2024\/04\/nha-may-san-xuat-noi-that-qghome-viet-nam.jpg\" alt=\"Nh\u00e0 m\u00e1y s\u1ea3n xu\u1ea5t n\u1ed9i th\u1ea5t QGHOME Vi\u1ec7t Nam\" width=\"800\" height=\"468\" srcset=\"https:\/\/luan.webrt.net\/qhome\/wp-content\/uploads\/2024\/04\/nha-may-san-xuat-noi-that-qghome-viet-nam.jpg 800w, https:\/\/luan.webrt.net\/qhome\/wp-content\/uploads\/2024\/04\/nha-may-san-xuat-noi-that-qghome-viet-nam-510x298.jpg 510w, https:\/\/luan.webrt.net\/qhome\/wp-content\/uploads\/2024\/04\/nha-may-san-xuat-noi-that-qghome-viet-nam-684x400.jpg 684w, https:\/\/luan.webrt.net\/qhome\/wp-content\/uploads\/2024\/04\/nha-may-san-xuat-noi-that-qghome-viet-nam-768x449.jpg 768w\" sizes=\"auto, (max-width: 800px) 100vw, 800px\" \/><figcaption id=\"caption-attachment-7785\" class=\"wp-caption-text\"><em>Nh\u00e0 m\u00e1y s\u1ea3n xu\u1ea5t n\u1ed9i th\u1ea5t QGHOME Vi\u1ec7t Nam<\/em><\/figcaption><\/figure>\n<figure id=\"attachment_7782\" aria-describedby=\"caption-attachment-7782\" style=\"width: 800px\" class=\"wp-caption aligncenter\"><img loading=\"lazy\" decoding=\"async\" class=\"wp-image-7782 size-full\" src=\"http:\/\/qghome.vn\/wp-content\/uploads\/2024\/04\/nha-may-noi-that-qghome-viet-nam.jpg\" alt=\"Nh\u00e0 m\u00e1y n\u1ed9i th\u1ea5t QGHOME Vi\u1ec7t Nam\" width=\"800\" height=\"468\" srcset=\"https:\/\/luan.webrt.net\/qhome\/wp-content\/uploads\/2024\/04\/nha-may-noi-that-qghome-viet-nam.jpg 800w, https:\/\/luan.webrt.net\/qhome\/wp-content\/uploads\/2024\/04\/nha-may-noi-that-qghome-viet-nam-510x298.jpg 510w, https:\/\/luan.webrt.net\/qhome\/wp-content\/uploads\/2024\/04\/nha-may-noi-that-qghome-viet-nam-684x400.jpg 684w, https:\/\/luan.webrt.net\/qhome\/wp-content\/uploads\/2024\/04\/nha-may-noi-that-qghome-viet-nam-768x449.jpg 768w\" sizes=\"auto, (max-width: 800px) 100vw, 800px\" \/><figcaption id=\"caption-attachment-7782\" class=\"wp-caption-text\"><em>Nh\u00e0 m\u00e1y n\u1ed9i th\u1ea5t QGHOME Vi\u1ec7t Nam<\/em><\/figcaption><\/figure>\n<figure id=\"attachment_7783\" aria-describedby=\"caption-attachment-7783\" style=\"width: 800px\" class=\"wp-caption aligncenter\"><img loading=\"lazy\" decoding=\"async\" class=\"wp-image-7783 size-full\" src=\"http:\/\/qghome.vn\/wp-content\/uploads\/2024\/04\/nha-may-qghome-viet-nam.jpg\" alt=\"\u0110\u01a1n v\u1ecb thi\u1ebft k\u1ebf n\u1ed9i th\u1ea5t uy t\u00edn - QGHOME\" width=\"800\" height=\"468\" srcset=\"https:\/\/luan.webrt.net\/qhome\/wp-content\/uploads\/2024\/04\/nha-may-qghome-viet-nam.jpg 800w, https:\/\/luan.webrt.net\/qhome\/wp-content\/uploads\/2024\/04\/nha-may-qghome-viet-nam-510x298.jpg 510w, https:\/\/luan.webrt.net\/qhome\/wp-content\/uploads\/2024\/04\/nha-may-qghome-viet-nam-684x400.jpg 684w, https:\/\/luan.webrt.net\/qhome\/wp-content\/uploads\/2024\/04\/nha-may-qghome-viet-nam-768x449.jpg 768w\" sizes=\"auto, (max-width: 800px) 100vw, 800px\" \/><figcaption id=\"caption-attachment-7783\" class=\"wp-caption-text\"><em>\u0110\u01a1n v\u1ecb thi\u1ebft k\u1ebf n\u1ed9i th\u1ea5t uy t\u00edn &#8211; QGHOME<\/em><\/figcaption><\/figure>\n<div class=\"host-bincmiainjofjnhchmcalkanjebghoen\" style=\"position: relative; z-index: 2147483647;\"><\/div>\n","protected":false},"excerpt":{"rendered":"<p>&nbsp;<\/p>\n<div class=\"host-bincmiainjofjnhchmcalkanjebghoen\" style=\"position: relative; z-index: 2147483647;\"><\/div>\n","protected":false},"featured_media":10733,"comment_status":"open","ping_status":"closed","template":"","meta":[],"product_cat":[410],"product_tag":[],"class_list":["post-9271","product","type-product","status-publish","has-post-thumbnail","hentry","product_cat-module-ban-lam-viec"],"yoast_head":"<!-- This site is optimized with the Yoast SEO plugin v19.9 - https:\/\/yoast.com\/wordpress\/plugins\/seo\/ -->\n<title>Module B\u00e0n L\u00e0m Vi\u1ec7c 4 ng\u01b0\u1eddi QBMOLE20<\/title>\n<meta name=\"description\" content=\"S\u1ea3n ph\u1ea9m Module B\u00e0n L\u00e0m Vi\u1ec7c 4 Ng\u01b0\u1eddi QBMOLE20 thu\u1ed9c chu\u1ed7i s\u1ea3n ph\u1ea9m b\u00e0n l\u00e0m vi\u1ec7c ch\u1ea5t l\u01b0\u1ee3ng cao. \u0110\u01b0\u1ee3c QGHome thi\u1ebft k\u1ebf, l\u1eafp r\u00e1p v\u00e0 giao h\u00e0ng t\u1eadn n\u01a1i 24\/24.\" \/>\n<meta name=\"robots\" content=\"index, follow, max-snippet:-1, max-image-preview:large, max-video-preview:-1\" \/>\n<link rel=\"canonical\" href=\"https:\/\/luan.webrt.net\/qhome\/san-pham\/module-ban-lam-viec-4-nguoi-qbmole20\/\" \/>\n<meta property=\"og:locale\" content=\"vi_VN\" \/>\n<meta property=\"og:type\" content=\"article\" \/>\n<meta property=\"og:title\" content=\"Module B\u00e0n L\u00e0m Vi\u1ec7c 4 ng\u01b0\u1eddi QBMOLE20\" \/>\n<meta property=\"og:description\" content=\"S\u1ea3n ph\u1ea9m Module B\u00e0n L\u00e0m Vi\u1ec7c 4 Ng\u01b0\u1eddi QBMOLE20 thu\u1ed9c chu\u1ed7i s\u1ea3n ph\u1ea9m b\u00e0n l\u00e0m vi\u1ec7c ch\u1ea5t l\u01b0\u1ee3ng cao. \u0110\u01b0\u1ee3c QGHome thi\u1ebft k\u1ebf, l\u1eafp r\u00e1p v\u00e0 giao h\u00e0ng t\u1eadn n\u01a1i 24\/24.\" \/>\n<meta property=\"og:url\" content=\"https:\/\/luan.webrt.net\/qhome\/san-pham\/module-ban-lam-viec-4-nguoi-qbmole20\/\" \/>\n<meta property=\"og:site_name\" content=\"M\u1eabu web n\u1ed9i th\u1ea5t\" \/>\n<meta property=\"article:publisher\" content=\"https:\/\/www.facebook.com\/noithatqghome\" \/>\n<meta property=\"article:modified_time\" content=\"2025-11-05T09:42:41+00:00\" \/>\n<meta property=\"og:image\" content=\"https:\/\/luan.webrt.net\/qhome\/wp-content\/uploads\/2024\/05\/Module-Ban-Lam-Viec-4-nguoi-QBMOLE20.jpg\" \/>\n\t<meta property=\"og:image:width\" content=\"1080\" \/>\n\t<meta property=\"og:image:height\" content=\"1080\" \/>\n\t<meta property=\"og:image:type\" content=\"image\/jpeg\" \/>\n<meta name=\"twitter:card\" content=\"summary_large_image\" \/>\n<meta name=\"twitter:label1\" content=\"\u01af\u1edbc t\u00ednh th\u1eddi gian \u0111\u1ecdc\" \/>\n\t<meta name=\"twitter:data1\" content=\"3 ph\u00fat\" \/>\n<script type=\"application\/ld+json\" class=\"yoast-schema-graph\">{\"@context\":\"https:\/\/schema.org\",\"@graph\":[{\"@type\":\"WebPage\",\"@id\":\"https:\/\/luan.webrt.net\/qhome\/san-pham\/module-ban-lam-viec-4-nguoi-qbmole20\/\",\"url\":\"https:\/\/luan.webrt.net\/qhome\/san-pham\/module-ban-lam-viec-4-nguoi-qbmole20\/\",\"name\":\"Module B\u00e0n L\u00e0m Vi\u1ec7c 4 ng\u01b0\u1eddi QBMOLE20\",\"isPartOf\":{\"@id\":\"https:\/\/luan.webrt.net\/qhome\/#website\"},\"datePublished\":\"2024-05-14T08:07:38+00:00\",\"dateModified\":\"2025-11-05T09:42:41+00:00\",\"description\":\"S\u1ea3n ph\u1ea9m Module B\u00e0n L\u00e0m Vi\u1ec7c 4 Ng\u01b0\u1eddi QBMOLE20 thu\u1ed9c chu\u1ed7i s\u1ea3n ph\u1ea9m b\u00e0n l\u00e0m vi\u1ec7c ch\u1ea5t l\u01b0\u1ee3ng cao. \u0110\u01b0\u1ee3c QGHome thi\u1ebft k\u1ebf, l\u1eafp r\u00e1p v\u00e0 giao h\u00e0ng t\u1eadn n\u01a1i 24\/24.\",\"breadcrumb\":{\"@id\":\"https:\/\/luan.webrt.net\/qhome\/san-pham\/module-ban-lam-viec-4-nguoi-qbmole20\/#breadcrumb\"},\"inLanguage\":\"vi\",\"potentialAction\":[{\"@type\":\"ReadAction\",\"target\":[\"https:\/\/luan.webrt.net\/qhome\/san-pham\/module-ban-lam-viec-4-nguoi-qbmole20\/\"]}]},{\"@type\":\"BreadcrumbList\",\"@id\":\"https:\/\/luan.webrt.net\/qhome\/san-pham\/module-ban-lam-viec-4-nguoi-qbmole20\/#breadcrumb\",\"itemListElement\":[{\"@type\":\"ListItem\",\"position\":1,\"name\":\"Trang ch\u1ee7\",\"item\":\"https:\/\/luan.webrt.net\/qhome\/\"},{\"@type\":\"ListItem\",\"position\":2,\"name\":\"Shop\",\"item\":\"https:\/\/luan.webrt.net\/qhome\/shop\/\"},{\"@type\":\"ListItem\",\"position\":3,\"name\":\"Module B\u00e0n L\u00e0m Vi\u1ec7c 4 ng\u01b0\u1eddi QBMOLE20\"}]},{\"@type\":\"WebSite\",\"@id\":\"https:\/\/luan.webrt.net\/qhome\/#website\",\"url\":\"https:\/\/luan.webrt.net\/qhome\/\",\"name\":\"M\u1eabu web n\u1ed9i th\u1ea5t\",\"description\":\"QGHome Vi\u1ec7t Nam\",\"publisher\":{\"@id\":\"https:\/\/luan.webrt.net\/qhome\/#organization\"},\"potentialAction\":[{\"@type\":\"SearchAction\",\"target\":{\"@type\":\"EntryPoint\",\"urlTemplate\":\"https:\/\/luan.webrt.net\/qhome\/?s={search_term_string}\"},\"query-input\":\"required name=search_term_string\"}],\"inLanguage\":\"vi\"},{\"@type\":\"Organization\",\"@id\":\"https:\/\/luan.webrt.net\/qhome\/#organization\",\"name\":\"QGHome\",\"url\":\"https:\/\/luan.webrt.net\/qhome\/\",\"logo\":{\"@type\":\"ImageObject\",\"inLanguage\":\"vi\",\"@id\":\"https:\/\/luan.webrt.net\/qhome\/#\/schema\/logo\/image\/\",\"url\":\"https:\/\/qghome.vn\/wp-content\/uploads\/2025\/08\/logo-mau-MauTH-21.png\",\"contentUrl\":\"https:\/\/qghome.vn\/wp-content\/uploads\/2025\/08\/logo-mau-MauTH-21.png\",\"width\":253,\"height\":99,\"caption\":\"QGHome\"},\"image\":{\"@id\":\"https:\/\/luan.webrt.net\/qhome\/#\/schema\/logo\/image\/\"},\"sameAs\":[\"https:\/\/www.tiktok.com\/@qghome.official\",\"https:\/\/www.youtube.com\/channel\/UCeVBuKTXkv-u94DS421cklw\",\"https:\/\/www.facebook.com\/noithatqghome\"]}]}<\/script>\n<!-- \/ Yoast SEO plugin. -->","yoast_head_json":{"title":"Module B\u00e0n L\u00e0m Vi\u1ec7c 4 ng\u01b0\u1eddi QBMOLE20","description":"S\u1ea3n ph\u1ea9m Module B\u00e0n L\u00e0m Vi\u1ec7c 4 Ng\u01b0\u1eddi QBMOLE20 thu\u1ed9c chu\u1ed7i s\u1ea3n ph\u1ea9m b\u00e0n l\u00e0m vi\u1ec7c ch\u1ea5t l\u01b0\u1ee3ng cao. \u0110\u01b0\u1ee3c QGHome thi\u1ebft k\u1ebf, l\u1eafp r\u00e1p v\u00e0 giao h\u00e0ng t\u1eadn n\u01a1i 24\/24.","robots":{"index":"index","follow":"follow","max-snippet":"max-snippet:-1","max-image-preview":"max-image-preview:large","max-video-preview":"max-video-preview:-1"},"canonical":"https:\/\/luan.webrt.net\/qhome\/san-pham\/module-ban-lam-viec-4-nguoi-qbmole20\/","og_locale":"vi_VN","og_type":"article","og_title":"Module B\u00e0n L\u00e0m Vi\u1ec7c 4 ng\u01b0\u1eddi QBMOLE20","og_description":"S\u1ea3n ph\u1ea9m Module B\u00e0n L\u00e0m Vi\u1ec7c 4 Ng\u01b0\u1eddi QBMOLE20 thu\u1ed9c chu\u1ed7i s\u1ea3n ph\u1ea9m b\u00e0n l\u00e0m vi\u1ec7c ch\u1ea5t l\u01b0\u1ee3ng cao. \u0110\u01b0\u1ee3c QGHome thi\u1ebft k\u1ebf, l\u1eafp r\u00e1p v\u00e0 giao h\u00e0ng t\u1eadn n\u01a1i 24\/24.","og_url":"https:\/\/luan.webrt.net\/qhome\/san-pham\/module-ban-lam-viec-4-nguoi-qbmole20\/","og_site_name":"M\u1eabu web n\u1ed9i th\u1ea5t","article_publisher":"https:\/\/www.facebook.com\/noithatqghome","article_modified_time":"2025-11-05T09:42:41+00:00","og_image":[{"width":1080,"height":1080,"url":"https:\/\/luan.webrt.net\/qhome\/wp-content\/uploads\/2024\/05\/Module-Ban-Lam-Viec-4-nguoi-QBMOLE20.jpg","type":"image\/jpeg"}],"twitter_card":"summary_large_image","twitter_misc":{"\u01af\u1edbc t\u00ednh th\u1eddi gian \u0111\u1ecdc":"3 ph\u00fat"},"schema":{"@context":"https:\/\/schema.org","@graph":[{"@type":"WebPage","@id":"https:\/\/luan.webrt.net\/qhome\/san-pham\/module-ban-lam-viec-4-nguoi-qbmole20\/","url":"https:\/\/luan.webrt.net\/qhome\/san-pham\/module-ban-lam-viec-4-nguoi-qbmole20\/","name":"Module B\u00e0n L\u00e0m Vi\u1ec7c 4 ng\u01b0\u1eddi QBMOLE20","isPartOf":{"@id":"https:\/\/luan.webrt.net\/qhome\/#website"},"datePublished":"2024-05-14T08:07:38+00:00","dateModified":"2025-11-05T09:42:41+00:00","description":"S\u1ea3n ph\u1ea9m Module B\u00e0n L\u00e0m Vi\u1ec7c 4 Ng\u01b0\u1eddi QBMOLE20 thu\u1ed9c chu\u1ed7i s\u1ea3n ph\u1ea9m b\u00e0n l\u00e0m vi\u1ec7c ch\u1ea5t l\u01b0\u1ee3ng cao. \u0110\u01b0\u1ee3c QGHome thi\u1ebft k\u1ebf, l\u1eafp r\u00e1p v\u00e0 giao h\u00e0ng t\u1eadn n\u01a1i 24\/24.","breadcrumb":{"@id":"https:\/\/luan.webrt.net\/qhome\/san-pham\/module-ban-lam-viec-4-nguoi-qbmole20\/#breadcrumb"},"inLanguage":"vi","potentialAction":[{"@type":"ReadAction","target":["https:\/\/luan.webrt.net\/qhome\/san-pham\/module-ban-lam-viec-4-nguoi-qbmole20\/"]}]},{"@type":"BreadcrumbList","@id":"https:\/\/luan.webrt.net\/qhome\/san-pham\/module-ban-lam-viec-4-nguoi-qbmole20\/#breadcrumb","itemListElement":[{"@type":"ListItem","position":1,"name":"Trang ch\u1ee7","item":"https:\/\/luan.webrt.net\/qhome\/"},{"@type":"ListItem","position":2,"name":"Shop","item":"https:\/\/luan.webrt.net\/qhome\/shop\/"},{"@type":"ListItem","position":3,"name":"Module B\u00e0n L\u00e0m Vi\u1ec7c 4 ng\u01b0\u1eddi QBMOLE20"}]},{"@type":"WebSite","@id":"https:\/\/luan.webrt.net\/qhome\/#website","url":"https:\/\/luan.webrt.net\/qhome\/","name":"M\u1eabu web n\u1ed9i th\u1ea5t","description":"QGHome Vi\u1ec7t Nam","publisher":{"@id":"https:\/\/luan.webrt.net\/qhome\/#organization"},"potentialAction":[{"@type":"SearchAction","target":{"@type":"EntryPoint","urlTemplate":"https:\/\/luan.webrt.net\/qhome\/?s={search_term_string}"},"query-input":"required name=search_term_string"}],"inLanguage":"vi"},{"@type":"Organization","@id":"https:\/\/luan.webrt.net\/qhome\/#organization","name":"QGHome","url":"https:\/\/luan.webrt.net\/qhome\/","logo":{"@type":"ImageObject","inLanguage":"vi","@id":"https:\/\/luan.webrt.net\/qhome\/#\/schema\/logo\/image\/","url":"https:\/\/qghome.vn\/wp-content\/uploads\/2025\/08\/logo-mau-MauTH-21.png","contentUrl":"https:\/\/qghome.vn\/wp-content\/uploads\/2025\/08\/logo-mau-MauTH-21.png","width":253,"height":99,"caption":"QGHome"},"image":{"@id":"https:\/\/luan.webrt.net\/qhome\/#\/schema\/logo\/image\/"},"sameAs":["https:\/\/www.tiktok.com\/@qghome.official","https:\/\/www.youtube.com\/channel\/UCeVBuKTXkv-u94DS421cklw","https:\/\/www.facebook.com\/noithatqghome"]}]}},"_links":{"self":[{"href":"https:\/\/luan.webrt.net\/qhome\/wp-json\/wp\/v2\/product\/9271","targetHints":{"allow":["GET"]}}],"collection":[{"href":"https:\/\/luan.webrt.net\/qhome\/wp-json\/wp\/v2\/product"}],"about":[{"href":"https:\/\/luan.webrt.net\/qhome\/wp-json\/wp\/v2\/types\/product"}],"replies":[{"embeddable":true,"href":"https:\/\/luan.webrt.net\/qhome\/wp-json\/wp\/v2\/comments?post=9271"}],"wp:featuredmedia":[{"embeddable":true,"href":"https:\/\/luan.webrt.net\/qhome\/wp-json\/wp\/v2\/media\/10733"}],"wp:attachment":[{"href":"https:\/\/luan.webrt.net\/qhome\/wp-json\/wp\/v2\/media?parent=9271"}],"wp:term":[{"taxonomy":"product_cat","embeddable":true,"href":"https:\/\/luan.webrt.net\/qhome\/wp-json\/wp\/v2\/product_cat?post=9271"},{"taxonomy":"product_tag","embeddable":true,"href":"https:\/\/luan.webrt.net\/qhome\/wp-json\/wp\/v2\/product_tag?post=9271"}],"curies":[{"name":"wp","href":"https:\/\/api.w.org\/{rel}","templated":true}]}}