{"id":9211,"date":"2024-05-09T23:54:02","date_gmt":"2024-05-09T23:54:02","guid":{"rendered":"https:\/\/qghome.vn\/?post_type=product&#038;p=9211"},"modified":"2024-05-09T23:54:47","modified_gmt":"2024-05-09T23:54:47","slug":"backdrop-logo-van-phong-6m2","status":"publish","type":"product","link":"https:\/\/luan.webrt.net\/qhome\/san-pham\/backdrop-logo-van-phong-6m2\/","title":{"rendered":"Backdrop logo v\u0103n ph\u00f2ng 6m2"},"content":{"rendered":"<p>L\u00c0M LOGO BACKDROP V\u0102N PH\u00d2NG<\/p>\n<figure id=\"attachment_9212\" aria-describedby=\"caption-attachment-9212\" style=\"width: 900px\" class=\"wp-caption aligncenter\"><img loading=\"lazy\" decoding=\"async\" class=\"wp-image-9212 size-full\" src=\"http:\/\/qghome.vn\/wp-content\/uploads\/2024\/05\/mau-bang-hieu-trung-tam-ngoai-ngu-6.jpg\" alt=\"\" width=\"900\" height=\"675\" srcset=\"https:\/\/luan.webrt.net\/qhome\/wp-content\/uploads\/2024\/05\/mau-bang-hieu-trung-tam-ngoai-ngu-6.jpg 900w, https:\/\/luan.webrt.net\/qhome\/wp-content\/uploads\/2024\/05\/mau-bang-hieu-trung-tam-ngoai-ngu-6-510x383.jpg 510w, https:\/\/luan.webrt.net\/qhome\/wp-content\/uploads\/2024\/05\/mau-bang-hieu-trung-tam-ngoai-ngu-6-533x400.jpg 533w, https:\/\/luan.webrt.net\/qhome\/wp-content\/uploads\/2024\/05\/mau-bang-hieu-trung-tam-ngoai-ngu-6-768x576.jpg 768w\" sizes=\"auto, (max-width: 900px) 100vw, 900px\" \/><figcaption id=\"caption-attachment-9212\" class=\"wp-caption-text\">bang-hieu-trung-tam-ngoai-ngu<\/figcaption><\/figure>\n<p>L\u00e0m logo backdrop v\u0103n ph\u00f2ng l\u00e0m n\u00ean phong c\u00e1ch l\u00e0m vi\u1ec7c chuy\u1ec3n nghi\u1ec7p, sang tr\u1ecdng cho kh\u00f4ng gian l\u00e0m vi\u1ec7c c\u1ee7a b\u1ea1n. Ch\u1eafc h\u1eb3n b\u1ea1n \u0111\u00e3 bi\u1ebft th\u01b0\u01a1ng hi\u1ec7u c\u00f4ng ty l\u00e0 r\u1ea5t quan tr\u1ecdng? \u0110\u00fang v\u1eady, logo backdrop, logo qu\u1ea7y l\u1ec5 t\u00e2n l\u00e0 b\u1ed9 m\u1eb7t c\u1ee7a c\u00f4ng ty, c\u00f2n l\u00e0 \u1ea5n t\u01b0\u1ee3ng \u0111\u1ea7u ti\u00ean khi kh\u00e1ch h\u00e0ng b\u01b0\u1edbc t\u1edbi c\u00f4ng ty c\u1ee7a b\u1ea1n. Nh\u01b0ng l\u00e0m logo backdrop nh\u01b0 th\u1ebf n\u00e0o, n\u00ean l\u00e0m v\u1eadt li\u1ec7u n\u00e0o cho n\u1ed5i b\u1eadt, h\u1ee3p phong th\u1ee7y v\u00e0 t\u00f4n l\u00ean th\u01b0\u01a1ng hi\u1ec7u c\u1ee7a b\u1ea1n?<\/p>\n<p><img loading=\"lazy\" decoding=\"async\" class=\"wp-image-5981 aligncenter\" src=\"http:\/\/qghome.vn\/wp-content\/uploads\/2023\/08\/quay-le-tan-nho-dep.jpg\" alt=\"\" width=\"808\" height=\"506\" srcset=\"https:\/\/luan.webrt.net\/qhome\/wp-content\/uploads\/2023\/08\/quay-le-tan-nho-dep.jpg 562w, https:\/\/luan.webrt.net\/qhome\/wp-content\/uploads\/2023\/08\/quay-le-tan-nho-dep-510x319.jpg 510w\" sizes=\"auto, (max-width: 808px) 100vw, 808px\" \/><\/p>\n<p>Backdrop v\u0103n ph\u00f2ng, Logo qu\u1ea7y l\u1ec5 t\u00e2n l\u00e0 g\u00ec?<br \/>\nLogo backdrop l\u00e0 m\u1ed9t h\u1ea1ng m\u1ee5c trang tr\u00ed \u0111\u1ec3 th\u00ea\u0309 hi\u00ea\u0323n nh\u1eefng \u0111\u1eb7c \u0111i\u1ec3m n\u1ed5i b\u1eadt nh\u1ea5t c\u1ee7a c\u00f4ng ty t\u1ea1i nh\u1eefng v\u1ecb tr\u00ed quan tr\u1ecdng trong vi\u1ec7c giao ti\u1ebfp v\u1edbi kh\u00e1ch h\u00e0ng nh\u01b0 b\u1ed9 ph\u1eadn l\u1ec5 t\u00e2n, v\u0103n ph\u00f2ng l\u00e0m vi\u1ec7c v\u00e0 th\u01b0\u1eddng \u0111\u01b0\u1ee3c \u0111\u1eb7t ph\u00eda sau \u0111\u1ec3 l\u00e0m n\u1ec1n cho b\u00e0n ti\u1ebfp kh\u00e1ch, qu\u1ea7y l\u1ec5 t\u00e2n.<br \/>\nNh\u01b0 v\u1eady, tr\u00ean backdrop th\u01b0\u1eddng tr\u00ecnh b\u00e0y m\u1ed9t c\u00e1ch \u1ea5n t\u01b0\u1ee3ng nh\u1ea5t c\u00e1c y\u1ebfu t\u1ed1 nh\u1eadn di\u1ec7n c\u1ee7a c\u00f4ng ty nh\u01b0 logo, t\u00ean c\u00f4ng ty, slogan\u2026<br \/>\nLogo v\u0103n ph\u00f2ng c\u00e0ng \u0111\u1eb9p v\u00e0 chuy\u00ean nghi\u1ec7p th\u00ec c\u00e0ng t\u1ea1o ra \u0111\u01b0\u1ee3c \u1ea5n t\u01b0\u1ee3ng \u0111\u1eadm n\u00e9t trong t\u00e2m tr\u00ed c\u1ee7a kh\u00e1ch h\u00e0ng ho\u1eb7c ng\u01b0\u1eddi \u0111\u1ebfn th\u0103m c\u00f4ng ty, c\u1eeda h\u00e0ng.<\/p>\n<p>&nbsp;<\/p>\n<figure id=\"attachment_4305\" aria-describedby=\"caption-attachment-4305\" style=\"width: 800px\" class=\"wp-caption aligncenter\"><img loading=\"lazy\" decoding=\"async\" class=\"size-full wp-image-4305\" src=\"http:\/\/qghome.vn\/wp-content\/uploads\/2022\/12\/le-tan-vietcombank.jpg\" alt=\"Qu\u1ea7y l\u1ec5 t\u00e2n Vietcombank\" width=\"800\" height=\"600\" srcset=\"https:\/\/luan.webrt.net\/qhome\/wp-content\/uploads\/2022\/12\/le-tan-vietcombank.jpg 800w, https:\/\/luan.webrt.net\/qhome\/wp-content\/uploads\/2022\/12\/le-tan-vietcombank-510x383.jpg 510w, https:\/\/luan.webrt.net\/qhome\/wp-content\/uploads\/2022\/12\/le-tan-vietcombank-533x400.jpg 533w, https:\/\/luan.webrt.net\/qhome\/wp-content\/uploads\/2022\/12\/le-tan-vietcombank-768x576.jpg 768w\" sizes=\"auto, (max-width: 800px) 100vw, 800px\" \/><figcaption id=\"caption-attachment-4305\" class=\"wp-caption-text\">Qu\u1ea7y l\u1ec5 t\u00e2n Vietcombank<\/figcaption><\/figure>\n<div>T\u1ea1i sao c\u00f4ng ty b\u1ea1n n\u00ean c\u00f3 m\u1ed9t backdrop v\u0103n ph\u00f2ng \u1ea5n t\u01b0\u1ee3ng<\/div>\n<div>M\u1ed9t backdrop \u1ea5n t\u01b0\u1ee3ng s\u1ebd ngay l\u1eadp t\u1ee9c t\u1ea1o ra \u1ea5n t\u01b0\u1ee3ng v\u00e0 nh\u1eefng c\u1ea3m nh\u1eadn t\u1ed1t n\u01a1i kh\u00e1ch h\u00e0ng khi h\u1ecd b\u01b0\u1edbc v\u00e0o c\u00f4ng ty, c\u1eeda h\u00e0ng c\u1ee7a b\u1ea1n. C\u00f9ng v\u1edbi m\u1ed9t th\u00e1i \u0111\u1ed9 ni\u1ec1m n\u1edf, nhi\u1ec7t t\u00ecnh v\u00e0 chuy\u00ean nghi\u1ec7p c\u1ee7a nh\u00e2n vi\u00ean l\u1ec5 t\u00e2n \u0111\u00f3n ti\u1ebfp, m\u1ed9t backdrop \u1ea5n t\u01b0\u1ee3ng s\u1ebd gi\u00fap kh\u1eafc s\u00e2u h\u00ecnh \u1ea3nh v\u00e0 b\u1ea3n s\u1eafc c\u1ee7a th\u01b0\u01a1ng hi\u1ec7u trong t\u00e2m tr\u00ed c\u1ee7a kh\u00e1ch h\u00e0ng ti\u1ec1m n\u0103ng.<\/div>\n<div>\n<figure id=\"attachment_4310\" aria-describedby=\"caption-attachment-4310\" style=\"width: 800px\" class=\"wp-caption aligncenter\"><img loading=\"lazy\" decoding=\"async\" class=\"size-full wp-image-4310\" src=\"http:\/\/qghome.vn\/wp-content\/uploads\/2022\/12\/quay-giao-dich-dep.jpg\" alt=\"D\u00e3y c\u00e1c qu\u1ea7y giao d\u1ecbch\" width=\"800\" height=\"600\" srcset=\"https:\/\/luan.webrt.net\/qhome\/wp-content\/uploads\/2022\/12\/quay-giao-dich-dep.jpg 800w, https:\/\/luan.webrt.net\/qhome\/wp-content\/uploads\/2022\/12\/quay-giao-dich-dep-510x383.jpg 510w, https:\/\/luan.webrt.net\/qhome\/wp-content\/uploads\/2022\/12\/quay-giao-dich-dep-533x400.jpg 533w, https:\/\/luan.webrt.net\/qhome\/wp-content\/uploads\/2022\/12\/quay-giao-dich-dep-768x576.jpg 768w\" sizes=\"auto, (max-width: 800px) 100vw, 800px\" \/><figcaption id=\"caption-attachment-4310\" class=\"wp-caption-text\">D\u00e3y c\u00e1c qu\u1ea7y giao d\u1ecbch<\/figcaption><\/figure>\n<\/div>\n<div>M\u1eb7t kh\u00e1c, m\u1ed9t backdrop qu\u1ea7y l\u1ec5 t\u00e2n \u1ea5n t\u01b0\u1ee3ng s\u1ebd t\u1ea1o ra m\u1ed9t m\u00f4i tr\u01b0\u1eddng l\u00e0m vi\u1ec7c m\u00e0 \u1edf \u0111\u00f3 m\u1ecdi nh\u00e2n vi\u00ean \u0111\u1ec1u c\u1ea3m th\u1ea5y c\u00f3 \u0111\u1ed9ng l\u1ef1c v\u00e0 c\u00f3 tinh th\u1ea7n l\u00e0m vi\u1ec7c, c\u1ed1ng hi\u1ebfn cao nh\u1ea5t. N\u00f3 c\u0169ng gi\u00fap cho \u0111\u1ed9i ng\u0169 nh\u00e2n vi\u00ean c\u1ee7a c\u00f4ng ty lu\u00f4n nh\u00ecn v\u1ec1 c\u00f9ng m\u1ed9t h\u01b0\u1edbng, lu\u00f4n b\u00e1m s\u00e1t v\u00e0o nh\u1eefng gi\u00e1 tr\u1ecb v\u00e0 nh\u1eefng n\u00e9t v\u0103n h\u00f3a c\u1ee7a c\u00f4ng ty trong t\u1eebng suy ngh\u0129 v\u00e0 h\u00e0nh \u0111\u1ed9ng, qua \u0111\u00f3 gi\u00fap c\u00f4ng ty kh\u00f4ng ng\u1eebng ti\u1ebfn b\u1ed9 v\u00e0 ph\u00e1t tri\u1ec3n.<\/div>\n<div>\n<figure id=\"attachment_4301\" aria-describedby=\"caption-attachment-4301\" style=\"width: 800px\" class=\"wp-caption aligncenter\"><img loading=\"lazy\" decoding=\"async\" class=\"size-full wp-image-4301\" src=\"http:\/\/qghome.vn\/wp-content\/uploads\/2022\/12\/anh-ngan-hang-dep.jpg\" alt=\"Qu\u1ea7y ti\u1ebfp \u0111\u00f3n kh\u00e1ch h\u00e0ng\" width=\"800\" height=\"600\" srcset=\"https:\/\/luan.webrt.net\/qhome\/wp-content\/uploads\/2022\/12\/anh-ngan-hang-dep.jpg 800w, https:\/\/luan.webrt.net\/qhome\/wp-content\/uploads\/2022\/12\/anh-ngan-hang-dep-510x383.jpg 510w, https:\/\/luan.webrt.net\/qhome\/wp-content\/uploads\/2022\/12\/anh-ngan-hang-dep-533x400.jpg 533w, https:\/\/luan.webrt.net\/qhome\/wp-content\/uploads\/2022\/12\/anh-ngan-hang-dep-768x576.jpg 768w\" sizes=\"auto, (max-width: 800px) 100vw, 800px\" \/><figcaption id=\"caption-attachment-4301\" class=\"wp-caption-text\">Qu\u1ea7y ti\u1ebfp \u0111\u00f3n kh\u00e1ch h\u00e0ng<\/figcaption><\/figure>\n<div>Ch\u1ea5t li\u1ec7u th\u01b0\u1eddng d\u00f9ng l\u00e0m bi\u1ec3n logo backdrop<\/div>\n<div>N\u1ed9i dung logo backdrop<\/div>\n<div>\u0110\u1ec3 th\u00eam ph\u1ea7n sang tr\u1ecdng th\u01b0\u1eddng s\u1ebd \u0111\u01b0\u1ee3c s\u1eed d\u1ee5ng \u0111\u1ed3ng u\u1ed1n ch\u00e2n n\u1ed5i t\u1ea1o ch\u1eef d\u1ea1ng h\u1ed9p r\u1ed7ng.<\/div>\n<div>Inox x\u01b0\u1edbc, inox v\u00e0ng, \u0111\u1ed3ng \u0111\u1ecf \u0111\u00e1nh b\u00f3ng ph\u1ee7 keo, mica \u0111\u1eb7c trong su\u1ed1t t\u1ea1o s\u1ef1 lung linh.<\/div>\n<div>Alu nh\u00f4m nh\u1ef1a \u0111a d\u1ea1ng m\u00e0u s\u1eafc, g\u1ed7 c\u00f4ng nghi\u1ec7p \u0111\u00e1nh b\u00f3ng ph\u1ee7 keo, s\u01a1n.<\/div>\n<div>Th\u1ea5p h\u01a1n n\u1eefa nh\u01b0 fomex ph\u1ee7 s\u01a1n c\u00f4ng nghi\u1ec7p (d\u1ea1ng nh\u1ef1a s\u1ed1p m\u00e0u tr\u1eafng) c\u0169ng ho\u00e0n to\u00e0n ch\u00f3 th\u1ec3 t\u1ea1o m\u1ed9t logo \u0111\u1eb9p.<\/div>\n<div>T\u00f9y thu\u1ed9c v\u00e0o s\u1ef1 \u0111\u1ea7u t\u01b0 v\u00e0 kh\u00f4ng gian n\u01a1i l\u00e0m vi\u1ec7c. M\u00e0 b\u1ea1n c\u1ea7n l\u1ef1a ch\u1ecdn cho m\u00ecnh m\u1ed9t m\u1ed9t v\u1eadt li\u1ec7u ph\u00f9 h\u1ee3p nh\u1ea5t.<\/div>\n<\/div>\n<div>\n<figure id=\"attachment_9212\" aria-describedby=\"caption-attachment-9212\" style=\"width: 900px\" class=\"wp-caption aligncenter\"><img loading=\"lazy\" decoding=\"async\" class=\"size-full wp-image-9212\" src=\"http:\/\/qghome.vn\/wp-content\/uploads\/2024\/05\/mau-bang-hieu-trung-tam-ngoai-ngu-6.jpg\" alt=\"\" width=\"900\" height=\"675\" srcset=\"https:\/\/luan.webrt.net\/qhome\/wp-content\/uploads\/2024\/05\/mau-bang-hieu-trung-tam-ngoai-ngu-6.jpg 900w, https:\/\/luan.webrt.net\/qhome\/wp-content\/uploads\/2024\/05\/mau-bang-hieu-trung-tam-ngoai-ngu-6-510x383.jpg 510w, https:\/\/luan.webrt.net\/qhome\/wp-content\/uploads\/2024\/05\/mau-bang-hieu-trung-tam-ngoai-ngu-6-533x400.jpg 533w, https:\/\/luan.webrt.net\/qhome\/wp-content\/uploads\/2024\/05\/mau-bang-hieu-trung-tam-ngoai-ngu-6-768x576.jpg 768w\" sizes=\"auto, (max-width: 900px) 100vw, 900px\" \/><figcaption id=\"caption-attachment-9212\" class=\"wp-caption-text\">bang-hieu-trung-tam-ngoai-ngu<\/figcaption><\/figure>\n<\/div>\n<div><\/div>\n<div>\n<div>N\u1ec1n logo backdrop<\/div>\n<div>V\u00e1ch backdrop c\u00f3 th\u1ec3 d\u00f9ng c\u00e1c lo\u1ea1i g\u1ed7 t\u1ea5m c\u00f4ng nghi\u1ec7p ph\u1ee7 min, d\u00e1n laminet, ocal hay cao c\u1ea5p h\u01a1n l\u00e0 \u1ed1p t\u1ea5m mica nh\u1eadp ngo\u1ea1i, t\u1ea5m v\u00e2n \u0111\u00e1, v\u00e2n g\u1ed7 \u2026 c\u00f2n \u0111\u01a1n gi\u1ea3n nh\u1ea5t b\u1ea1n ho\u00e0n to\u00e0n c\u00f3 th\u1ec3 ch\u1ec9 thi\u1ebft k\u1ebf v\u00e0 in b\u1ea1t hiflex l\u00e0 c\u0169ng c\u00f3 th\u1ec3 t\u1ea1o cho m\u00ecnh m\u1ed9t bi\u1ec3n backdrop \u0111\u01a1n gi\u1ea3n v\u00e0 \u0111\u1eb9p.<\/div>\n<\/div>\n","protected":false},"excerpt":{"rendered":"<p><span data-sheets-root=\"1\" data-sheets-value=\"{&quot;1&quot;:2,&quot;2&quot;:&quot;Lam s\u00f3ng k\u1ebft h\u1ee3p alu gi\u1eef g\u1eafn logo th\u01b0\u01a1ng hi\u1ec7u, l\u1eafp \u0111\u1eb7t ho\u00e0n thi\u1ec7n &quot;}\" data-sheets-userformat=\"{&quot;2&quot;:29661,&quot;3&quot;:{&quot;1&quot;:0},&quot;5&quot;:{&quot;1&quot;:[{&quot;1&quot;:2,&quot;2&quot;:0,&quot;5&quot;:{&quot;1&quot;:2,&quot;2&quot;:10676465}},{&quot;1&quot;:0,&quot;2&quot;:0,&quot;3&quot;:1},{&quot;1&quot;:1,&quot;2&quot;:0,&quot;4&quot;:1}]},&quot;6&quot;:{&quot;1&quot;:[{&quot;1&quot;:2,&quot;2&quot;:0,&quot;5&quot;:{&quot;1&quot;:2,&quot;2&quot;:10676465}},{&quot;1&quot;:0,&quot;2&quot;:0,&quot;3&quot;:1},{&quot;1&quot;:1,&quot;2&quot;:0,&quot;4&quot;:1}]},&quot;7&quot;:{&quot;1&quot;:[{&quot;1&quot;:2,&quot;2&quot;:0,&quot;5&quot;:{&quot;1&quot;:2,&quot;2&quot;:10676465}},{&quot;1&quot;:0,&quot;2&quot;:0,&quot;3&quot;:3},{&quot;1&quot;:1,&quot;2&quot;:0,&quot;4&quot;:1}]},&quot;9&quot;:0,&quot;10&quot;:1,&quot;11&quot;:4,&quot;12&quot;:0,&quot;15&quot;:&quot;Times New Roman&quot;,&quot;16&quot;:11,&quot;17&quot;:0}\">Lam s\u00f3ng k\u1ebft h\u1ee3p alu gi\u1eef g\u1eafn logo th\u01b0\u01a1ng hi\u1ec7u, l\u1eafp \u0111\u1eb7t ho\u00e0n thi\u1ec7n <\/span><\/p>\n","protected":false},"featured_media":9212,"comment_status":"open","ping_status":"closed","template":"","meta":[],"product_cat":[498,496,499],"product_tag":[500],"class_list":["post-9211","product","type-product","status-publish","has-post-thumbnail","hentry","product_cat-backdrop-van-phong","product_cat-dercor-van-phong","product_cat-logo-backdrop-van-phong","product_tag-backdrop-logo-van-phong"],"yoast_head":"<!-- This site is optimized with the Yoast SEO plugin v19.9 - https:\/\/yoast.com\/wordpress\/plugins\/seo\/ -->\n<title>Backdrop logo v\u0103n ph\u00f2ng 6m2<\/title>\n<meta name=\"description\" content=\"QGHome chuy\u00ean L\u00e0m logo backdrop v\u0103n ph\u00f2ng l\u00e0m n\u00ean phong c\u00e1ch l\u00e0m vi\u1ec7c chuy\u1ec3n nghi\u1ec7p, sang tr\u1ecdng cho kh\u00f4ng gian l\u00e0m vi\u1ec7c c\u1ee7a b\u1ea1n\" \/>\n<meta name=\"robots\" content=\"index, follow, max-snippet:-1, max-image-preview:large, max-video-preview:-1\" \/>\n<link rel=\"canonical\" href=\"https:\/\/luan.webrt.net\/qhome\/san-pham\/backdrop-logo-van-phong-6m2\/\" \/>\n<meta property=\"og:locale\" content=\"vi_VN\" \/>\n<meta property=\"og:type\" content=\"article\" \/>\n<meta property=\"og:title\" content=\"Backdrop logo v\u0103n ph\u00f2ng 6m2\" \/>\n<meta property=\"og:description\" content=\"QGHome chuy\u00ean L\u00e0m logo backdrop v\u0103n ph\u00f2ng l\u00e0m n\u00ean phong c\u00e1ch l\u00e0m vi\u1ec7c chuy\u1ec3n nghi\u1ec7p, sang tr\u1ecdng cho kh\u00f4ng gian l\u00e0m vi\u1ec7c c\u1ee7a b\u1ea1n\" \/>\n<meta property=\"og:url\" content=\"https:\/\/luan.webrt.net\/qhome\/san-pham\/backdrop-logo-van-phong-6m2\/\" \/>\n<meta property=\"og:site_name\" content=\"M\u1eabu web n\u1ed9i th\u1ea5t\" \/>\n<meta property=\"article:publisher\" content=\"https:\/\/www.facebook.com\/noithatqghome\" \/>\n<meta property=\"article:modified_time\" content=\"2024-05-09T23:54:47+00:00\" \/>\n<meta property=\"og:image\" content=\"https:\/\/luan.webrt.net\/qhome\/wp-content\/uploads\/2024\/05\/mau-bang-hieu-trung-tam-ngoai-ngu-6.jpg\" \/>\n\t<meta property=\"og:image:width\" content=\"900\" \/>\n\t<meta property=\"og:image:height\" content=\"675\" \/>\n\t<meta property=\"og:image:type\" content=\"image\/jpeg\" \/>\n<meta name=\"twitter:card\" content=\"summary_large_image\" \/>\n<meta name=\"twitter:label1\" content=\"\u01af\u1edbc t\u00ednh th\u1eddi gian \u0111\u1ecdc\" \/>\n\t<meta name=\"twitter:data1\" content=\"5 ph\u00fat\" \/>\n<script type=\"application\/ld+json\" class=\"yoast-schema-graph\">{\"@context\":\"https:\/\/schema.org\",\"@graph\":[{\"@type\":\"WebPage\",\"@id\":\"https:\/\/luan.webrt.net\/qhome\/san-pham\/backdrop-logo-van-phong-6m2\/\",\"url\":\"https:\/\/luan.webrt.net\/qhome\/san-pham\/backdrop-logo-van-phong-6m2\/\",\"name\":\"Backdrop logo v\u0103n ph\u00f2ng 6m2\",\"isPartOf\":{\"@id\":\"https:\/\/luan.webrt.net\/qhome\/#website\"},\"datePublished\":\"2024-05-09T23:54:02+00:00\",\"dateModified\":\"2024-05-09T23:54:47+00:00\",\"description\":\"QGHome chuy\u00ean L\u00e0m logo backdrop v\u0103n ph\u00f2ng l\u00e0m n\u00ean phong c\u00e1ch l\u00e0m vi\u1ec7c chuy\u1ec3n nghi\u1ec7p, sang tr\u1ecdng cho kh\u00f4ng gian l\u00e0m vi\u1ec7c c\u1ee7a b\u1ea1n\",\"breadcrumb\":{\"@id\":\"https:\/\/luan.webrt.net\/qhome\/san-pham\/backdrop-logo-van-phong-6m2\/#breadcrumb\"},\"inLanguage\":\"vi\",\"potentialAction\":[{\"@type\":\"ReadAction\",\"target\":[\"https:\/\/luan.webrt.net\/qhome\/san-pham\/backdrop-logo-van-phong-6m2\/\"]}]},{\"@type\":\"BreadcrumbList\",\"@id\":\"https:\/\/luan.webrt.net\/qhome\/san-pham\/backdrop-logo-van-phong-6m2\/#breadcrumb\",\"itemListElement\":[{\"@type\":\"ListItem\",\"position\":1,\"name\":\"Trang ch\u1ee7\",\"item\":\"https:\/\/luan.webrt.net\/qhome\/\"},{\"@type\":\"ListItem\",\"position\":2,\"name\":\"Shop\",\"item\":\"https:\/\/luan.webrt.net\/qhome\/shop\/\"},{\"@type\":\"ListItem\",\"position\":3,\"name\":\"Backdrop logo v\u0103n ph\u00f2ng 6m2\"}]},{\"@type\":\"WebSite\",\"@id\":\"https:\/\/luan.webrt.net\/qhome\/#website\",\"url\":\"https:\/\/luan.webrt.net\/qhome\/\",\"name\":\"M\u1eabu web n\u1ed9i th\u1ea5t\",\"description\":\"QGHome Vi\u1ec7t Nam\",\"publisher\":{\"@id\":\"https:\/\/luan.webrt.net\/qhome\/#organization\"},\"potentialAction\":[{\"@type\":\"SearchAction\",\"target\":{\"@type\":\"EntryPoint\",\"urlTemplate\":\"https:\/\/luan.webrt.net\/qhome\/?s={search_term_string}\"},\"query-input\":\"required name=search_term_string\"}],\"inLanguage\":\"vi\"},{\"@type\":\"Organization\",\"@id\":\"https:\/\/luan.webrt.net\/qhome\/#organization\",\"name\":\"QGHome\",\"url\":\"https:\/\/luan.webrt.net\/qhome\/\",\"logo\":{\"@type\":\"ImageObject\",\"inLanguage\":\"vi\",\"@id\":\"https:\/\/luan.webrt.net\/qhome\/#\/schema\/logo\/image\/\",\"url\":\"https:\/\/qghome.vn\/wp-content\/uploads\/2025\/08\/logo-mau-MauTH-21.png\",\"contentUrl\":\"https:\/\/qghome.vn\/wp-content\/uploads\/2025\/08\/logo-mau-MauTH-21.png\",\"width\":253,\"height\":99,\"caption\":\"QGHome\"},\"image\":{\"@id\":\"https:\/\/luan.webrt.net\/qhome\/#\/schema\/logo\/image\/\"},\"sameAs\":[\"https:\/\/www.tiktok.com\/@qghome.official\",\"https:\/\/www.youtube.com\/channel\/UCeVBuKTXkv-u94DS421cklw\",\"https:\/\/www.facebook.com\/noithatqghome\"]}]}<\/script>\n<!-- \/ Yoast SEO plugin. -->","yoast_head_json":{"title":"Backdrop logo v\u0103n ph\u00f2ng 6m2","description":"QGHome chuy\u00ean L\u00e0m logo backdrop v\u0103n ph\u00f2ng l\u00e0m n\u00ean phong c\u00e1ch l\u00e0m vi\u1ec7c chuy\u1ec3n nghi\u1ec7p, sang tr\u1ecdng cho kh\u00f4ng gian l\u00e0m vi\u1ec7c c\u1ee7a b\u1ea1n","robots":{"index":"index","follow":"follow","max-snippet":"max-snippet:-1","max-image-preview":"max-image-preview:large","max-video-preview":"max-video-preview:-1"},"canonical":"https:\/\/luan.webrt.net\/qhome\/san-pham\/backdrop-logo-van-phong-6m2\/","og_locale":"vi_VN","og_type":"article","og_title":"Backdrop logo v\u0103n ph\u00f2ng 6m2","og_description":"QGHome chuy\u00ean L\u00e0m logo backdrop v\u0103n ph\u00f2ng l\u00e0m n\u00ean phong c\u00e1ch l\u00e0m vi\u1ec7c chuy\u1ec3n nghi\u1ec7p, sang tr\u1ecdng cho kh\u00f4ng gian l\u00e0m vi\u1ec7c c\u1ee7a b\u1ea1n","og_url":"https:\/\/luan.webrt.net\/qhome\/san-pham\/backdrop-logo-van-phong-6m2\/","og_site_name":"M\u1eabu web n\u1ed9i th\u1ea5t","article_publisher":"https:\/\/www.facebook.com\/noithatqghome","article_modified_time":"2024-05-09T23:54:47+00:00","og_image":[{"width":900,"height":675,"url":"https:\/\/luan.webrt.net\/qhome\/wp-content\/uploads\/2024\/05\/mau-bang-hieu-trung-tam-ngoai-ngu-6.jpg","type":"image\/jpeg"}],"twitter_card":"summary_large_image","twitter_misc":{"\u01af\u1edbc t\u00ednh th\u1eddi gian \u0111\u1ecdc":"5 ph\u00fat"},"schema":{"@context":"https:\/\/schema.org","@graph":[{"@type":"WebPage","@id":"https:\/\/luan.webrt.net\/qhome\/san-pham\/backdrop-logo-van-phong-6m2\/","url":"https:\/\/luan.webrt.net\/qhome\/san-pham\/backdrop-logo-van-phong-6m2\/","name":"Backdrop logo v\u0103n ph\u00f2ng 6m2","isPartOf":{"@id":"https:\/\/luan.webrt.net\/qhome\/#website"},"datePublished":"2024-05-09T23:54:02+00:00","dateModified":"2024-05-09T23:54:47+00:00","description":"QGHome chuy\u00ean L\u00e0m logo backdrop v\u0103n ph\u00f2ng l\u00e0m n\u00ean phong c\u00e1ch l\u00e0m vi\u1ec7c chuy\u1ec3n nghi\u1ec7p, sang tr\u1ecdng cho kh\u00f4ng gian l\u00e0m vi\u1ec7c c\u1ee7a b\u1ea1n","breadcrumb":{"@id":"https:\/\/luan.webrt.net\/qhome\/san-pham\/backdrop-logo-van-phong-6m2\/#breadcrumb"},"inLanguage":"vi","potentialAction":[{"@type":"ReadAction","target":["https:\/\/luan.webrt.net\/qhome\/san-pham\/backdrop-logo-van-phong-6m2\/"]}]},{"@type":"BreadcrumbList","@id":"https:\/\/luan.webrt.net\/qhome\/san-pham\/backdrop-logo-van-phong-6m2\/#breadcrumb","itemListElement":[{"@type":"ListItem","position":1,"name":"Trang ch\u1ee7","item":"https:\/\/luan.webrt.net\/qhome\/"},{"@type":"ListItem","position":2,"name":"Shop","item":"https:\/\/luan.webrt.net\/qhome\/shop\/"},{"@type":"ListItem","position":3,"name":"Backdrop logo v\u0103n ph\u00f2ng 6m2"}]},{"@type":"WebSite","@id":"https:\/\/luan.webrt.net\/qhome\/#website","url":"https:\/\/luan.webrt.net\/qhome\/","name":"M\u1eabu web n\u1ed9i th\u1ea5t","description":"QGHome Vi\u1ec7t Nam","publisher":{"@id":"https:\/\/luan.webrt.net\/qhome\/#organization"},"potentialAction":[{"@type":"SearchAction","target":{"@type":"EntryPoint","urlTemplate":"https:\/\/luan.webrt.net\/qhome\/?s={search_term_string}"},"query-input":"required name=search_term_string"}],"inLanguage":"vi"},{"@type":"Organization","@id":"https:\/\/luan.webrt.net\/qhome\/#organization","name":"QGHome","url":"https:\/\/luan.webrt.net\/qhome\/","logo":{"@type":"ImageObject","inLanguage":"vi","@id":"https:\/\/luan.webrt.net\/qhome\/#\/schema\/logo\/image\/","url":"https:\/\/qghome.vn\/wp-content\/uploads\/2025\/08\/logo-mau-MauTH-21.png","contentUrl":"https:\/\/qghome.vn\/wp-content\/uploads\/2025\/08\/logo-mau-MauTH-21.png","width":253,"height":99,"caption":"QGHome"},"image":{"@id":"https:\/\/luan.webrt.net\/qhome\/#\/schema\/logo\/image\/"},"sameAs":["https:\/\/www.tiktok.com\/@qghome.official","https:\/\/www.youtube.com\/channel\/UCeVBuKTXkv-u94DS421cklw","https:\/\/www.facebook.com\/noithatqghome"]}]}},"_links":{"self":[{"href":"https:\/\/luan.webrt.net\/qhome\/wp-json\/wp\/v2\/product\/9211","targetHints":{"allow":["GET"]}}],"collection":[{"href":"https:\/\/luan.webrt.net\/qhome\/wp-json\/wp\/v2\/product"}],"about":[{"href":"https:\/\/luan.webrt.net\/qhome\/wp-json\/wp\/v2\/types\/product"}],"replies":[{"embeddable":true,"href":"https:\/\/luan.webrt.net\/qhome\/wp-json\/wp\/v2\/comments?post=9211"}],"wp:featuredmedia":[{"embeddable":true,"href":"https:\/\/luan.webrt.net\/qhome\/wp-json\/wp\/v2\/media\/9212"}],"wp:attachment":[{"href":"https:\/\/luan.webrt.net\/qhome\/wp-json\/wp\/v2\/media?parent=9211"}],"wp:term":[{"taxonomy":"product_cat","embeddable":true,"href":"https:\/\/luan.webrt.net\/qhome\/wp-json\/wp\/v2\/product_cat?post=9211"},{"taxonomy":"product_tag","embeddable":true,"href":"https:\/\/luan.webrt.net\/qhome\/wp-json\/wp\/v2\/product_tag?post=9211"}],"curies":[{"name":"wp","href":"https:\/\/api.w.org\/{rel}","templated":true}]}}