{"id":8947,"date":"2024-04-18T09:45:45","date_gmt":"2024-04-18T09:45:45","guid":{"rendered":"https:\/\/qghome.vn\/?post_type=product&#038;p=8947"},"modified":"2025-11-07T10:29:04","modified_gmt":"2025-11-07T10:29:04","slug":"ghe-luoi-van-phong-qgl04","status":"publish","type":"product","link":"https:\/\/luan.webrt.net\/qhome\/san-pham\/ghe-luoi-van-phong-qgl04\/","title":{"rendered":"Gh\u1ebf l\u01b0\u1edbi v\u0103n ph\u00f2ng QGL04"},"content":{"rendered":"<p>Gh\u1ebf l\u01b0\u1edbi v\u0103n ph\u00f2ng l\u00e0 m\u1ed9t l\u1ef1a ch\u1ecdn ph\u1ed5 bi\u1ebfn cho kh\u00f4ng gian l\u00e0m vi\u1ec7c hi\u1ec7n \u0111\u1ea1i. V\u1edbi c\u1ea5u tr\u00fac l\u01b0\u1edbi tho\u00e1ng kh\u00ed, gh\u1ebf l\u01b0\u1edbi mang l\u1ea1i s\u1ef1 tho\u1ea3i m\u00e1i v\u00e0 th\u00f4ng tho\u00e1ng. V\u1edbi ki\u1ec3u d\u00e1ng \u0111\u01a1n gi\u1ea3n v\u00e0 hi\u1ec7n \u0111\u1ea1i, gh\u1ebf l\u01b0\u1edbi th\u01b0\u1eddng l\u00e0 m\u1ed9t ph\u1ea7n trang tr\u00ed \u0111\u1eb9p m\u1eaft cho v\u0103n ph\u00f2ng, gi\u00fap t\u1ea1o \u0111i\u1ec3m nh\u1ea5n cho kh\u00f4ng gian l\u00e0m vi\u1ec7c. Gh\u1ebf\u00a0 l\u01b0\u1edbi v\u0103n ph\u00f2ng QGL04 \u0111\u01b0\u1ee3c l\u00e0m r\u1ea5t ch\u1eafc ch\u1eafn v\u1edbi \u0111\u1ec7m ng\u1ed3i \u00eam \u00e1i gi\u00fap b\u1ea1n th\u1ea3 l\u1ecfng c\u01a1 th\u1ec3 khi l\u00e0m vi\u1ec7c. \u0110\u1eb7c bi\u1ec7t, khung inox ch\u1eafc ch\u1eafn ch\u1ed1ng han r\u1ec9 t\u1ed1t<\/p>\n<figure id=\"attachment_17063\" aria-describedby=\"caption-attachment-17063\" style=\"width: 800px\" class=\"wp-caption aligncenter\"><img loading=\"lazy\" decoding=\"async\" class=\"size-large wp-image-17063\" title=\"ghe luoi van phong dep\" src=\"http:\/\/qghome.vn\/wp-content\/uploads\/2025\/11\/ghe-luoi-van-phong-dep-800x800.png\" alt=\"ghe luoi van phong dep\" width=\"800\" height=\"800\" srcset=\"https:\/\/luan.webrt.net\/qhome\/wp-content\/uploads\/2025\/11\/ghe-luoi-van-phong-dep-800x800.png 800w, https:\/\/luan.webrt.net\/qhome\/wp-content\/uploads\/2025\/11\/ghe-luoi-van-phong-dep-100x100.png 100w, https:\/\/luan.webrt.net\/qhome\/wp-content\/uploads\/2025\/11\/ghe-luoi-van-phong-dep-510x510.png 510w, https:\/\/luan.webrt.net\/qhome\/wp-content\/uploads\/2025\/11\/ghe-luoi-van-phong-dep-400x400.png 400w, https:\/\/luan.webrt.net\/qhome\/wp-content\/uploads\/2025\/11\/ghe-luoi-van-phong-dep-280x280.png 280w, https:\/\/luan.webrt.net\/qhome\/wp-content\/uploads\/2025\/11\/ghe-luoi-van-phong-dep-768x768.png 768w, https:\/\/luan.webrt.net\/qhome\/wp-content\/uploads\/2025\/11\/ghe-luoi-van-phong-dep.png 1200w\" sizes=\"auto, (max-width: 800px) 100vw, 800px\" \/><figcaption id=\"caption-attachment-17063\" class=\"wp-caption-text\">ghe luoi van phong dep<\/figcaption><\/figure>\n<figure id=\"attachment_17065\" aria-describedby=\"caption-attachment-17065\" style=\"width: 800px\" class=\"wp-caption aligncenter\"><img loading=\"lazy\" decoding=\"async\" class=\"size-large wp-image-17065\" title=\"ghe luoi van phong\" src=\"http:\/\/qghome.vn\/wp-content\/uploads\/2025\/11\/ghe-luoi-van-phong-800x800.png\" alt=\"ghe luoi van phong\" width=\"800\" height=\"800\" srcset=\"https:\/\/luan.webrt.net\/qhome\/wp-content\/uploads\/2025\/11\/ghe-luoi-van-phong-800x800.png 800w, https:\/\/luan.webrt.net\/qhome\/wp-content\/uploads\/2025\/11\/ghe-luoi-van-phong-100x100.png 100w, https:\/\/luan.webrt.net\/qhome\/wp-content\/uploads\/2025\/11\/ghe-luoi-van-phong-510x510.png 510w, https:\/\/luan.webrt.net\/qhome\/wp-content\/uploads\/2025\/11\/ghe-luoi-van-phong-400x400.png 400w, https:\/\/luan.webrt.net\/qhome\/wp-content\/uploads\/2025\/11\/ghe-luoi-van-phong-280x280.png 280w, https:\/\/luan.webrt.net\/qhome\/wp-content\/uploads\/2025\/11\/ghe-luoi-van-phong-768x768.png 768w, https:\/\/luan.webrt.net\/qhome\/wp-content\/uploads\/2025\/11\/ghe-luoi-van-phong.png 1200w\" sizes=\"auto, (max-width: 800px) 100vw, 800px\" \/><figcaption id=\"caption-attachment-17065\" class=\"wp-caption-text\">ghe luoi van phong<\/figcaption><\/figure>\n<h2 style=\"text-align: center;\"><span style=\"font-size: 140%; color: #333399;\"><strong>\u01afU \u0110I\u1ec2M S\u1ea2N PH\u1ea8M<\/strong><\/span><\/h2>\n<ul>\n<li><span style=\"color: #282828;\">L\u01b0ng v\u00e0 \u0111\u1ec7m m\u00fat l\u01b0\u1edbi c\u00f3 \u0111\u1ed9 d\u00e0n h\u1ed3i cao kh\u00f4ng bi\u1ebfn d\u1ea1ng x\u1eb9p l\u00fan<\/span><\/li>\n<li><span style=\"color: #282828;\">Ch\u00e2n qu\u1ef3 \u0111\u00fac u\u1ed1n \u0111\u01b0\u1ee3c l\u00e0m t\u1eeb ch\u1ea5t li\u1ec7u th\u00e9p m\u1ea1 crom v\u1edbi \u0111\u1eb7c t\u00ednh kh\u00f4ng han g\u1ec9, ch\u1ed1ng \u0103n m\u00f2n\u00a0<\/span><\/li>\n<li><span style=\"color: #282828;\">Tay gh\u1ebf vu\u00f4ng c\u1ed1 \u0111\u1ecbnh thi\u1ebft k\u1ebf c\u1ee9ng c\u00e1p, ch\u1eafc ch\u1eafn<\/span><\/li>\n<li><span style=\"color: #282828;\">K\u00edch th\u01b0\u1edbc: \u00a0R\u1ed9ng 570 \u2013 s\u00e2u 600 \u2013 cao 900mm<\/span><\/li>\n<li><span style=\"color: #282828;\">M\u00e0u s\u1eafc: \u0111en<\/span><\/li>\n<\/ul>\n<h2 style=\"text-align: center;\"><span style=\"color: #333399; font-size: 140%;\"><strong>NH\u00c0 M\u00c1Y S\u1ea2N XU\u1ea4T QGHOME<\/strong><\/span><\/h2>\n<figure id=\"attachment_7785\" aria-describedby=\"caption-attachment-7785\" style=\"width: 800px\" class=\"wp-caption aligncenter\"><img loading=\"lazy\" decoding=\"async\" class=\"wp-image-7785 size-full\" src=\"http:\/\/qghome.vn\/wp-content\/uploads\/2024\/04\/nha-may-san-xuat-noi-that-qghome-viet-nam.jpg\" alt=\"Nh\u00e0 m\u00e1y s\u1ea3n xu\u1ea5t n\u1ed9i th\u1ea5t QGHOME Vi\u1ec7t Nam\" width=\"800\" height=\"468\" srcset=\"https:\/\/luan.webrt.net\/qhome\/wp-content\/uploads\/2024\/04\/nha-may-san-xuat-noi-that-qghome-viet-nam.jpg 800w, https:\/\/luan.webrt.net\/qhome\/wp-content\/uploads\/2024\/04\/nha-may-san-xuat-noi-that-qghome-viet-nam-510x298.jpg 510w, https:\/\/luan.webrt.net\/qhome\/wp-content\/uploads\/2024\/04\/nha-may-san-xuat-noi-that-qghome-viet-nam-684x400.jpg 684w, https:\/\/luan.webrt.net\/qhome\/wp-content\/uploads\/2024\/04\/nha-may-san-xuat-noi-that-qghome-viet-nam-768x449.jpg 768w\" sizes=\"auto, (max-width: 800px) 100vw, 800px\" \/><figcaption id=\"caption-attachment-7785\" class=\"wp-caption-text\"><em>Nh\u00e0 m\u00e1y s\u1ea3n xu\u1ea5t n\u1ed9i th\u1ea5t QGHOME Vi\u1ec7t Nam<\/em><\/figcaption><\/figure>\n<figure id=\"attachment_7782\" aria-describedby=\"caption-attachment-7782\" style=\"width: 800px\" class=\"wp-caption aligncenter\"><img loading=\"lazy\" decoding=\"async\" class=\"wp-image-7782 size-full\" src=\"http:\/\/qghome.vn\/wp-content\/uploads\/2024\/04\/nha-may-noi-that-qghome-viet-nam.jpg\" alt=\"Nh\u00e0 m\u00e1y n\u1ed9i th\u1ea5t QGHOME Vi\u1ec7t Nam\" width=\"800\" height=\"468\" srcset=\"https:\/\/luan.webrt.net\/qhome\/wp-content\/uploads\/2024\/04\/nha-may-noi-that-qghome-viet-nam.jpg 800w, https:\/\/luan.webrt.net\/qhome\/wp-content\/uploads\/2024\/04\/nha-may-noi-that-qghome-viet-nam-510x298.jpg 510w, https:\/\/luan.webrt.net\/qhome\/wp-content\/uploads\/2024\/04\/nha-may-noi-that-qghome-viet-nam-684x400.jpg 684w, https:\/\/luan.webrt.net\/qhome\/wp-content\/uploads\/2024\/04\/nha-may-noi-that-qghome-viet-nam-768x449.jpg 768w\" sizes=\"auto, (max-width: 800px) 100vw, 800px\" \/><figcaption id=\"caption-attachment-7782\" class=\"wp-caption-text\"><em>Nh\u00e0 m\u00e1y n\u1ed9i th\u1ea5t QGHOME Vi\u1ec7t Nam<\/em><\/figcaption><\/figure>\n<figure id=\"attachment_7783\" aria-describedby=\"caption-attachment-7783\" style=\"width: 800px\" class=\"wp-caption aligncenter\"><img loading=\"lazy\" decoding=\"async\" class=\"wp-image-7783 size-full\" src=\"http:\/\/qghome.vn\/wp-content\/uploads\/2024\/04\/nha-may-qghome-viet-nam.jpg\" alt=\"\u0110\u01a1n v\u1ecb thi\u1ebft k\u1ebf n\u1ed9i th\u1ea5t uy t\u00edn - QGHOME\" width=\"800\" height=\"468\" srcset=\"https:\/\/luan.webrt.net\/qhome\/wp-content\/uploads\/2024\/04\/nha-may-qghome-viet-nam.jpg 800w, https:\/\/luan.webrt.net\/qhome\/wp-content\/uploads\/2024\/04\/nha-may-qghome-viet-nam-510x298.jpg 510w, https:\/\/luan.webrt.net\/qhome\/wp-content\/uploads\/2024\/04\/nha-may-qghome-viet-nam-684x400.jpg 684w, https:\/\/luan.webrt.net\/qhome\/wp-content\/uploads\/2024\/04\/nha-may-qghome-viet-nam-768x449.jpg 768w\" sizes=\"auto, (max-width: 800px) 100vw, 800px\" \/><figcaption id=\"caption-attachment-7783\" class=\"wp-caption-text\"><em>\u0110\u01a1n v\u1ecb thi\u1ebft k\u1ebf n\u1ed9i th\u1ea5t uy t\u00edn &#8211; QGHOME<\/em><\/figcaption><\/figure>\n<p>&nbsp;<\/p>\n<p>&nbsp;<\/p>\n<div class=\"mceTemp\"><\/div>\n<div class=\"host-bincmiainjofjnhchmcalkanjebghoen\" style=\"position: relative; z-index: 2147483647;\"><\/div>\n","protected":false},"excerpt":{"rendered":"<p><strong>Th\u01b0\u01a1ng hi\u1ec7u:<\/strong> QGhome<\/p>\n<p><strong>Ch\u1ea5t li\u1ec7u:<\/strong> <span style=\"color: #282828;\">khung inox, l\u01b0\u1edbi, \u0111\u1ec7m \u0111\u00e0n h\u1ed3i ch\u1eafc ch\u1eafn<\/span><\/p>\n<p><strong>K\u00edch th\u01b0\u1edbc:<\/strong> <span style=\"color: #282828;\">\u00a0R\u1ed9ng 570 \u2013 s\u00e2u 600 \u2013 cao 900mm<\/span><\/p>\n<p><strong>M\u00e0u s\u1eafc:<\/strong> <span style=\"color: #282828;\">\u0111en<\/span><\/p>\n<p><strong>B\u1ea3o h\u00e0nh:<\/strong> <span style=\"color: #282828;\">12 th\u00e1ng theo ti\u00eau chu\u1ea9n nh\u00e0 m\u00e1y<\/span><\/p>\n<div class=\"host-bincmiainjofjnhchmcalkanjebghoen\" style=\"position: relative; z-index: 2147483647;\"><\/div>\n","protected":false},"featured_media":17070,"comment_status":"open","ping_status":"closed","template":"","meta":[],"product_cat":[334],"product_tag":[457,459,458,433],"class_list":["post-8947","product","type-product","status-publish","has-post-thumbnail","hentry","product_cat-ghe-luoi-van-phong","product_tag-ghe-luoi-van-phong","product_tag-ghe-luoi-van-phong-dep","product_tag-ghe-luoi-van-phong-re","product_tag-ghe-van-phong"],"yoast_head":"<!-- This site is optimized with the Yoast SEO plugin v19.9 - https:\/\/yoast.com\/wordpress\/plugins\/seo\/ -->\n<title>Gh\u1ebf l\u01b0\u1edbi v\u0103n ph\u00f2ng QGL04<\/title>\n<meta name=\"description\" content=\"Gh\u1ebf l\u01b0\u1edbi v\u0103n ph\u00f2ng l\u00e0 m\u1ed9t l\u1ef1a ch\u1ecdn ph\u1ed5 bi\u1ebfn cho kh\u00f4ng gian l\u00e0m vi\u1ec7c hi\u1ec7n \u0111\u1ea1i. V\u1edbi c\u1ea5u tr\u00fac l\u01b0\u1edbi tho\u00e1ng kh\u00ed, gh\u1ebf l\u01b0\u1edbi mang l\u1ea1i s\u1ef1 tho\u1ea3i m\u00e1i v\u00e0 th\u00f4ng tho\u00e1ng\" \/>\n<meta name=\"robots\" content=\"index, follow, max-snippet:-1, max-image-preview:large, max-video-preview:-1\" \/>\n<link rel=\"canonical\" href=\"https:\/\/luan.webrt.net\/qhome\/san-pham\/ghe-luoi-van-phong-qgl04\/\" \/>\n<meta property=\"og:locale\" content=\"vi_VN\" \/>\n<meta property=\"og:type\" content=\"article\" \/>\n<meta property=\"og:title\" content=\"Gh\u1ebf l\u01b0\u1edbi v\u0103n ph\u00f2ng QGL04\" \/>\n<meta property=\"og:description\" content=\"Gh\u1ebf l\u01b0\u1edbi v\u0103n ph\u00f2ng l\u00e0 m\u1ed9t l\u1ef1a ch\u1ecdn ph\u1ed5 bi\u1ebfn cho kh\u00f4ng gian l\u00e0m vi\u1ec7c hi\u1ec7n \u0111\u1ea1i. V\u1edbi c\u1ea5u tr\u00fac l\u01b0\u1edbi tho\u00e1ng kh\u00ed, gh\u1ebf l\u01b0\u1edbi mang l\u1ea1i s\u1ef1 tho\u1ea3i m\u00e1i v\u00e0 th\u00f4ng tho\u00e1ng\" \/>\n<meta property=\"og:url\" content=\"https:\/\/luan.webrt.net\/qhome\/san-pham\/ghe-luoi-van-phong-qgl04\/\" \/>\n<meta property=\"og:site_name\" content=\"M\u1eabu web n\u1ed9i th\u1ea5t\" \/>\n<meta property=\"article:publisher\" content=\"https:\/\/www.facebook.com\/noithatqghome\" \/>\n<meta property=\"article:modified_time\" content=\"2025-11-07T10:29:04+00:00\" \/>\n<meta property=\"og:image\" content=\"https:\/\/luan.webrt.net\/qhome\/wp-content\/uploads\/2025\/11\/ghe-van-phong-2.png\" \/>\n\t<meta property=\"og:image:width\" content=\"1200\" \/>\n\t<meta property=\"og:image:height\" content=\"1200\" \/>\n\t<meta property=\"og:image:type\" content=\"image\/png\" \/>\n<meta name=\"twitter:card\" content=\"summary_large_image\" \/>\n<meta name=\"twitter:label1\" content=\"\u01af\u1edbc t\u00ednh th\u1eddi gian \u0111\u1ecdc\" \/>\n\t<meta name=\"twitter:data1\" content=\"3 ph\u00fat\" \/>\n<script type=\"application\/ld+json\" class=\"yoast-schema-graph\">{\"@context\":\"https:\/\/schema.org\",\"@graph\":[{\"@type\":\"WebPage\",\"@id\":\"https:\/\/luan.webrt.net\/qhome\/san-pham\/ghe-luoi-van-phong-qgl04\/\",\"url\":\"https:\/\/luan.webrt.net\/qhome\/san-pham\/ghe-luoi-van-phong-qgl04\/\",\"name\":\"Gh\u1ebf l\u01b0\u1edbi v\u0103n ph\u00f2ng QGL04\",\"isPartOf\":{\"@id\":\"https:\/\/luan.webrt.net\/qhome\/#website\"},\"datePublished\":\"2024-04-18T09:45:45+00:00\",\"dateModified\":\"2025-11-07T10:29:04+00:00\",\"description\":\"Gh\u1ebf l\u01b0\u1edbi v\u0103n ph\u00f2ng l\u00e0 m\u1ed9t l\u1ef1a ch\u1ecdn ph\u1ed5 bi\u1ebfn cho kh\u00f4ng gian l\u00e0m vi\u1ec7c hi\u1ec7n \u0111\u1ea1i. V\u1edbi c\u1ea5u tr\u00fac l\u01b0\u1edbi tho\u00e1ng kh\u00ed, gh\u1ebf l\u01b0\u1edbi mang l\u1ea1i s\u1ef1 tho\u1ea3i m\u00e1i v\u00e0 th\u00f4ng tho\u00e1ng\",\"breadcrumb\":{\"@id\":\"https:\/\/luan.webrt.net\/qhome\/san-pham\/ghe-luoi-van-phong-qgl04\/#breadcrumb\"},\"inLanguage\":\"vi\",\"potentialAction\":[{\"@type\":\"ReadAction\",\"target\":[\"https:\/\/luan.webrt.net\/qhome\/san-pham\/ghe-luoi-van-phong-qgl04\/\"]}]},{\"@type\":\"BreadcrumbList\",\"@id\":\"https:\/\/luan.webrt.net\/qhome\/san-pham\/ghe-luoi-van-phong-qgl04\/#breadcrumb\",\"itemListElement\":[{\"@type\":\"ListItem\",\"position\":1,\"name\":\"Trang ch\u1ee7\",\"item\":\"https:\/\/luan.webrt.net\/qhome\/\"},{\"@type\":\"ListItem\",\"position\":2,\"name\":\"Shop\",\"item\":\"https:\/\/luan.webrt.net\/qhome\/shop\/\"},{\"@type\":\"ListItem\",\"position\":3,\"name\":\"Gh\u1ebf l\u01b0\u1edbi v\u0103n ph\u00f2ng QGL04\"}]},{\"@type\":\"WebSite\",\"@id\":\"https:\/\/luan.webrt.net\/qhome\/#website\",\"url\":\"https:\/\/luan.webrt.net\/qhome\/\",\"name\":\"M\u1eabu web n\u1ed9i th\u1ea5t\",\"description\":\"QGHome Vi\u1ec7t Nam\",\"publisher\":{\"@id\":\"https:\/\/luan.webrt.net\/qhome\/#organization\"},\"potentialAction\":[{\"@type\":\"SearchAction\",\"target\":{\"@type\":\"EntryPoint\",\"urlTemplate\":\"https:\/\/luan.webrt.net\/qhome\/?s={search_term_string}\"},\"query-input\":\"required name=search_term_string\"}],\"inLanguage\":\"vi\"},{\"@type\":\"Organization\",\"@id\":\"https:\/\/luan.webrt.net\/qhome\/#organization\",\"name\":\"QGHome\",\"url\":\"https:\/\/luan.webrt.net\/qhome\/\",\"logo\":{\"@type\":\"ImageObject\",\"inLanguage\":\"vi\",\"@id\":\"https:\/\/luan.webrt.net\/qhome\/#\/schema\/logo\/image\/\",\"url\":\"https:\/\/qghome.vn\/wp-content\/uploads\/2025\/08\/logo-mau-MauTH-21.png\",\"contentUrl\":\"https:\/\/qghome.vn\/wp-content\/uploads\/2025\/08\/logo-mau-MauTH-21.png\",\"width\":253,\"height\":99,\"caption\":\"QGHome\"},\"image\":{\"@id\":\"https:\/\/luan.webrt.net\/qhome\/#\/schema\/logo\/image\/\"},\"sameAs\":[\"https:\/\/www.tiktok.com\/@qghome.official\",\"https:\/\/www.youtube.com\/channel\/UCeVBuKTXkv-u94DS421cklw\",\"https:\/\/www.facebook.com\/noithatqghome\"]}]}<\/script>\n<!-- \/ Yoast SEO plugin. -->","yoast_head_json":{"title":"Gh\u1ebf l\u01b0\u1edbi v\u0103n ph\u00f2ng QGL04","description":"Gh\u1ebf l\u01b0\u1edbi v\u0103n ph\u00f2ng l\u00e0 m\u1ed9t l\u1ef1a ch\u1ecdn ph\u1ed5 bi\u1ebfn cho kh\u00f4ng gian l\u00e0m vi\u1ec7c hi\u1ec7n \u0111\u1ea1i. V\u1edbi c\u1ea5u tr\u00fac l\u01b0\u1edbi tho\u00e1ng kh\u00ed, gh\u1ebf l\u01b0\u1edbi mang l\u1ea1i s\u1ef1 tho\u1ea3i m\u00e1i v\u00e0 th\u00f4ng tho\u00e1ng","robots":{"index":"index","follow":"follow","max-snippet":"max-snippet:-1","max-image-preview":"max-image-preview:large","max-video-preview":"max-video-preview:-1"},"canonical":"https:\/\/luan.webrt.net\/qhome\/san-pham\/ghe-luoi-van-phong-qgl04\/","og_locale":"vi_VN","og_type":"article","og_title":"Gh\u1ebf l\u01b0\u1edbi v\u0103n ph\u00f2ng QGL04","og_description":"Gh\u1ebf l\u01b0\u1edbi v\u0103n ph\u00f2ng l\u00e0 m\u1ed9t l\u1ef1a ch\u1ecdn ph\u1ed5 bi\u1ebfn cho kh\u00f4ng gian l\u00e0m vi\u1ec7c hi\u1ec7n \u0111\u1ea1i. V\u1edbi c\u1ea5u tr\u00fac l\u01b0\u1edbi tho\u00e1ng kh\u00ed, gh\u1ebf l\u01b0\u1edbi mang l\u1ea1i s\u1ef1 tho\u1ea3i m\u00e1i v\u00e0 th\u00f4ng tho\u00e1ng","og_url":"https:\/\/luan.webrt.net\/qhome\/san-pham\/ghe-luoi-van-phong-qgl04\/","og_site_name":"M\u1eabu web n\u1ed9i th\u1ea5t","article_publisher":"https:\/\/www.facebook.com\/noithatqghome","article_modified_time":"2025-11-07T10:29:04+00:00","og_image":[{"width":1200,"height":1200,"url":"https:\/\/luan.webrt.net\/qhome\/wp-content\/uploads\/2025\/11\/ghe-van-phong-2.png","type":"image\/png"}],"twitter_card":"summary_large_image","twitter_misc":{"\u01af\u1edbc t\u00ednh th\u1eddi gian \u0111\u1ecdc":"3 ph\u00fat"},"schema":{"@context":"https:\/\/schema.org","@graph":[{"@type":"WebPage","@id":"https:\/\/luan.webrt.net\/qhome\/san-pham\/ghe-luoi-van-phong-qgl04\/","url":"https:\/\/luan.webrt.net\/qhome\/san-pham\/ghe-luoi-van-phong-qgl04\/","name":"Gh\u1ebf l\u01b0\u1edbi v\u0103n ph\u00f2ng QGL04","isPartOf":{"@id":"https:\/\/luan.webrt.net\/qhome\/#website"},"datePublished":"2024-04-18T09:45:45+00:00","dateModified":"2025-11-07T10:29:04+00:00","description":"Gh\u1ebf l\u01b0\u1edbi v\u0103n ph\u00f2ng l\u00e0 m\u1ed9t l\u1ef1a ch\u1ecdn ph\u1ed5 bi\u1ebfn cho kh\u00f4ng gian l\u00e0m vi\u1ec7c hi\u1ec7n \u0111\u1ea1i. V\u1edbi c\u1ea5u tr\u00fac l\u01b0\u1edbi tho\u00e1ng kh\u00ed, gh\u1ebf l\u01b0\u1edbi mang l\u1ea1i s\u1ef1 tho\u1ea3i m\u00e1i v\u00e0 th\u00f4ng tho\u00e1ng","breadcrumb":{"@id":"https:\/\/luan.webrt.net\/qhome\/san-pham\/ghe-luoi-van-phong-qgl04\/#breadcrumb"},"inLanguage":"vi","potentialAction":[{"@type":"ReadAction","target":["https:\/\/luan.webrt.net\/qhome\/san-pham\/ghe-luoi-van-phong-qgl04\/"]}]},{"@type":"BreadcrumbList","@id":"https:\/\/luan.webrt.net\/qhome\/san-pham\/ghe-luoi-van-phong-qgl04\/#breadcrumb","itemListElement":[{"@type":"ListItem","position":1,"name":"Trang ch\u1ee7","item":"https:\/\/luan.webrt.net\/qhome\/"},{"@type":"ListItem","position":2,"name":"Shop","item":"https:\/\/luan.webrt.net\/qhome\/shop\/"},{"@type":"ListItem","position":3,"name":"Gh\u1ebf l\u01b0\u1edbi v\u0103n ph\u00f2ng QGL04"}]},{"@type":"WebSite","@id":"https:\/\/luan.webrt.net\/qhome\/#website","url":"https:\/\/luan.webrt.net\/qhome\/","name":"M\u1eabu web n\u1ed9i th\u1ea5t","description":"QGHome Vi\u1ec7t Nam","publisher":{"@id":"https:\/\/luan.webrt.net\/qhome\/#organization"},"potentialAction":[{"@type":"SearchAction","target":{"@type":"EntryPoint","urlTemplate":"https:\/\/luan.webrt.net\/qhome\/?s={search_term_string}"},"query-input":"required name=search_term_string"}],"inLanguage":"vi"},{"@type":"Organization","@id":"https:\/\/luan.webrt.net\/qhome\/#organization","name":"QGHome","url":"https:\/\/luan.webrt.net\/qhome\/","logo":{"@type":"ImageObject","inLanguage":"vi","@id":"https:\/\/luan.webrt.net\/qhome\/#\/schema\/logo\/image\/","url":"https:\/\/qghome.vn\/wp-content\/uploads\/2025\/08\/logo-mau-MauTH-21.png","contentUrl":"https:\/\/qghome.vn\/wp-content\/uploads\/2025\/08\/logo-mau-MauTH-21.png","width":253,"height":99,"caption":"QGHome"},"image":{"@id":"https:\/\/luan.webrt.net\/qhome\/#\/schema\/logo\/image\/"},"sameAs":["https:\/\/www.tiktok.com\/@qghome.official","https:\/\/www.youtube.com\/channel\/UCeVBuKTXkv-u94DS421cklw","https:\/\/www.facebook.com\/noithatqghome"]}]}},"_links":{"self":[{"href":"https:\/\/luan.webrt.net\/qhome\/wp-json\/wp\/v2\/product\/8947","targetHints":{"allow":["GET"]}}],"collection":[{"href":"https:\/\/luan.webrt.net\/qhome\/wp-json\/wp\/v2\/product"}],"about":[{"href":"https:\/\/luan.webrt.net\/qhome\/wp-json\/wp\/v2\/types\/product"}],"replies":[{"embeddable":true,"href":"https:\/\/luan.webrt.net\/qhome\/wp-json\/wp\/v2\/comments?post=8947"}],"wp:featuredmedia":[{"embeddable":true,"href":"https:\/\/luan.webrt.net\/qhome\/wp-json\/wp\/v2\/media\/17070"}],"wp:attachment":[{"href":"https:\/\/luan.webrt.net\/qhome\/wp-json\/wp\/v2\/media?parent=8947"}],"wp:term":[{"taxonomy":"product_cat","embeddable":true,"href":"https:\/\/luan.webrt.net\/qhome\/wp-json\/wp\/v2\/product_cat?post=8947"},{"taxonomy":"product_tag","embeddable":true,"href":"https:\/\/luan.webrt.net\/qhome\/wp-json\/wp\/v2\/product_tag?post=8947"}],"curies":[{"name":"wp","href":"https:\/\/api.w.org\/{rel}","templated":true}]}}