{"id":8912,"date":"2024-04-18T02:28:04","date_gmt":"2024-04-18T02:28:04","guid":{"rendered":"https:\/\/qghome.vn\/?post_type=product&#038;p=8912"},"modified":"2025-05-24T03:09:07","modified_gmt":"2025-05-24T03:09:07","slug":"ghe-phong-hop-qgh05","status":"publish","type":"product","link":"https:\/\/luan.webrt.net\/qhome\/san-pham\/ghe-phong-hop-qgh05\/","title":{"rendered":"Gh\u1ebf ph\u00f2ng h\u1ecdp QGH05"},"content":{"rendered":"<p><span style=\"color: #282828;\">Gh\u1ebf ph\u00f2ng h\u1ecdp l\u00e0 lo\u1ea1i gh\u1ebf \u0111\u01b0\u1ee3c s\u1eed d\u1ee5ng trong c\u00e1c bu\u1ed5i h\u1ecdp, cu\u1ed9c h\u1ecdp, ho\u1eb7c c\u00e1c s\u1ef1 ki\u1ec7n t\u01b0\u01a1ng t\u1ef1. Gh\u1ebf n\u00e0y th\u01b0\u1eddng \u0111\u01b0\u1ee3c thi\u1ebft k\u1ebf \u0111\u1ec3 \u0111em l\u1ea1i s\u1ef1 tho\u1ea3i m\u00e1i v\u00e0 h\u1ed7 tr\u1ee3 cho ng\u01b0\u1eddi ng\u1ed3i trong th\u1eddi gian d\u00e0i, \u0111\u1ed3ng th\u1eddi c\u0169ng t\u1ea1o ra m\u1ed9t kh\u00f4ng gian trang tr\u00ed v\u00e0 chuy\u00ean nghi\u1ec7p cho ph\u00f2ng h\u1ecdp.<\/span><\/p>\n<p><span style=\"color: #282828;\">Gh\u1ebf ph\u00f2ng h\u1ecdp QGH05 l\u01b0\u1edbi cao c\u00f3 \u0111\u1ec7m gi\u00e1 r\u1ebb m\u00e0u \u0111en gi\u00fap b\u1ea1n ng\u1ed3i l\u00e0m vi\u1ec7c tho\u1ea3i m\u00e1i. Gh\u1ebf \u0111\u01b0\u1ee3c l\u00e0m r\u1ea5t ch\u1eafc ch\u1eafn v\u1edbi \u0111\u1ec7m ng\u1ed3i \u00eam \u00e1i gi\u00fap b\u1ea1n th\u1ea3 l\u1ecfng c\u01a1 th\u1ec3 khi l\u00e0m vi\u1ec7c. \u0110\u1eb7c bi\u1ec7t, khung inox ch\u1eafc ch\u1eafn ch\u1ed1ng han r\u1ec9 t\u1ed1t. Lo\u1ea1i gh\u1ebf n\u00e0y c\u00f3 thi\u1ebft k\u1ebf \u0111\u01a1n gi\u1ea3n nh\u01b0ng ng\u1ed3i r\u1ea5t tho\u1ea3i m\u00e1i. Ng\u01b0\u1eddi ta th\u01b0\u1eddng \u0111\u1eb7t d\u00e1ng gh\u1ebf n\u00e0y trong ph\u00f2ng l\u00e0m vi\u1ec7c \u0111\u1ec3 gi\u00fap th\u00fac \u0111\u1ea9y hi\u1ec7u qu\u1ea3 l\u00e0m vi\u1ec7c t\u1ed1t h\u01a1n. S\u1edf h\u1eefu nh\u1eefng m\u1eabu gh\u1ebf cho kh\u00f4ng gian v\u0103n ph\u00f2ng \u0111\u1ea7y \u0111\u1ee7 ti\u1ec7n nghi v\u00e0 \u0111\u1eb9p h\u01a1n.<\/span><\/p>\n<h2 style=\"text-align: center;\"><span style=\"font-size: 140%; color: #333399;\"><strong>\u01afU \u0110I\u1ec2M S\u1ea2N PH\u1ea8M<\/strong><\/span><\/h2>\n<ul>\n<li><span style=\"color: #282828;\">L\u01b0ng v\u00e0 \u0111\u1ec7m m\u00fat l\u01b0\u1edbi c\u00f3 \u0111\u1ed9 d\u00e0n h\u1ed3i cao kh\u00f4ng bi\u1ebfn d\u1ea1ng x\u1eb9p l\u00fan<\/span><\/li>\n<li><span style=\"color: #282828;\">Ch\u00e2n qu\u1ef3 \u0111\u00fac u\u1ed1n \u0111\u01b0\u1ee3c l\u00e0m t\u1eeb ch\u1ea5t li\u1ec7u th\u00e9p m\u1ea1 crom v\u1edbi \u0111\u1eb7c t\u00ednh kh\u00f4ng han g\u1ec9, ch\u1ed1ng \u0103n m\u00f2n\u00a0<\/span><\/li>\n<li><span style=\"color: #282828;\">Tay gh\u1ebf bo g\u00f3c c\u1ed1 \u0111\u1ecbnh thi\u1ebft k\u1ebf c\u1ee9ng c\u00e1p, ch\u1eafc ch\u1eafn<\/span><\/li>\n<li><span style=\"color: #282828;\">K\u00edch th\u01b0\u1edbc: \u00a0R\u1ed9ng 570 \u2013 s\u00e2u 600 \u2013 cao 1050mm<\/span><\/li>\n<li><span style=\"color: #282828;\">M\u00e0u s\u1eafc: \u0111en<\/span><\/li>\n<\/ul>\n<figure id=\"attachment_10950\" aria-describedby=\"caption-attachment-10950\" style=\"width: 800px\" class=\"wp-caption aligncenter\"><img loading=\"lazy\" decoding=\"async\" class=\"wp-image-10950 size-large\" src=\"http:\/\/qghome.vn\/wp-content\/uploads\/2024\/04\/Ghe-phong-hop-QGH05-CL-800x800.jpg\" alt=\"Gh\u1ebf ph\u00f2ng h\u1ecdp QGH05-CL\" width=\"800\" height=\"800\" srcset=\"https:\/\/luan.webrt.net\/qhome\/wp-content\/uploads\/2024\/04\/Ghe-phong-hop-QGH05-CL-800x800.jpg 800w, https:\/\/luan.webrt.net\/qhome\/wp-content\/uploads\/2024\/04\/Ghe-phong-hop-QGH05-CL-100x100.jpg 100w, https:\/\/luan.webrt.net\/qhome\/wp-content\/uploads\/2024\/04\/Ghe-phong-hop-QGH05-CL-510x510.jpg 510w, https:\/\/luan.webrt.net\/qhome\/wp-content\/uploads\/2024\/04\/Ghe-phong-hop-QGH05-CL-400x400.jpg 400w, https:\/\/luan.webrt.net\/qhome\/wp-content\/uploads\/2024\/04\/Ghe-phong-hop-QGH05-CL-280x280.jpg 280w, https:\/\/luan.webrt.net\/qhome\/wp-content\/uploads\/2024\/04\/Ghe-phong-hop-QGH05-CL-768x768.jpg 768w, https:\/\/luan.webrt.net\/qhome\/wp-content\/uploads\/2024\/04\/Ghe-phong-hop-QGH05-CL.jpg 1080w\" sizes=\"auto, (max-width: 800px) 100vw, 800px\" \/><figcaption id=\"caption-attachment-10950\" class=\"wp-caption-text\">Gh\u1ebf ph\u00f2ng h\u1ecdp QGH05-CL<\/figcaption><\/figure>\n<figure id=\"attachment_10947\" aria-describedby=\"caption-attachment-10947\" style=\"width: 800px\" class=\"wp-caption aligncenter\"><img loading=\"lazy\" decoding=\"async\" class=\"wp-image-10947 size-large\" src=\"http:\/\/qghome.vn\/wp-content\/uploads\/2024\/04\/Ghe-phong-hop-QGH05-KT-800x800.jpg\" alt=\"Gh\u1ebf ph\u00f2ng h\u1ecdp QGH05 - KT\" width=\"800\" height=\"800\" srcset=\"https:\/\/luan.webrt.net\/qhome\/wp-content\/uploads\/2024\/04\/Ghe-phong-hop-QGH05-KT-800x800.jpg 800w, https:\/\/luan.webrt.net\/qhome\/wp-content\/uploads\/2024\/04\/Ghe-phong-hop-QGH05-KT-100x100.jpg 100w, https:\/\/luan.webrt.net\/qhome\/wp-content\/uploads\/2024\/04\/Ghe-phong-hop-QGH05-KT-510x510.jpg 510w, https:\/\/luan.webrt.net\/qhome\/wp-content\/uploads\/2024\/04\/Ghe-phong-hop-QGH05-KT-400x400.jpg 400w, https:\/\/luan.webrt.net\/qhome\/wp-content\/uploads\/2024\/04\/Ghe-phong-hop-QGH05-KT-280x280.jpg 280w, https:\/\/luan.webrt.net\/qhome\/wp-content\/uploads\/2024\/04\/Ghe-phong-hop-QGH05-KT-768x768.jpg 768w, https:\/\/luan.webrt.net\/qhome\/wp-content\/uploads\/2024\/04\/Ghe-phong-hop-QGH05-KT.jpg 1080w\" sizes=\"auto, (max-width: 800px) 100vw, 800px\" \/><figcaption id=\"caption-attachment-10947\" class=\"wp-caption-text\">Gh\u1ebf ph\u00f2ng h\u1ecdp QGH05 &#8211; KT<\/figcaption><\/figure>\n<h2 style=\"text-align: center;\"><span style=\"color: #333399; font-size: 140%;\"><strong>NH\u00c0 M\u00c1Y S\u1ea2N XU\u1ea4T QGHOME<\/strong><\/span><\/h2>\n<figure id=\"attachment_7785\" aria-describedby=\"caption-attachment-7785\" style=\"width: 800px\" class=\"wp-caption aligncenter\"><img loading=\"lazy\" decoding=\"async\" class=\"wp-image-7785 size-full\" src=\"http:\/\/qghome.vn\/wp-content\/uploads\/2024\/04\/nha-may-san-xuat-noi-that-qghome-viet-nam.jpg\" alt=\"Nh\u00e0 m\u00e1y s\u1ea3n xu\u1ea5t n\u1ed9i th\u1ea5t QGHOME Vi\u1ec7t Nam\" width=\"800\" height=\"468\" srcset=\"https:\/\/luan.webrt.net\/qhome\/wp-content\/uploads\/2024\/04\/nha-may-san-xuat-noi-that-qghome-viet-nam.jpg 800w, https:\/\/luan.webrt.net\/qhome\/wp-content\/uploads\/2024\/04\/nha-may-san-xuat-noi-that-qghome-viet-nam-510x298.jpg 510w, https:\/\/luan.webrt.net\/qhome\/wp-content\/uploads\/2024\/04\/nha-may-san-xuat-noi-that-qghome-viet-nam-684x400.jpg 684w, https:\/\/luan.webrt.net\/qhome\/wp-content\/uploads\/2024\/04\/nha-may-san-xuat-noi-that-qghome-viet-nam-768x449.jpg 768w\" sizes=\"auto, (max-width: 800px) 100vw, 800px\" \/><figcaption id=\"caption-attachment-7785\" class=\"wp-caption-text\"><em>Nh\u00e0 m\u00e1y s\u1ea3n xu\u1ea5t n\u1ed9i th\u1ea5t QGHOME Vi\u1ec7t Nam<\/em><\/figcaption><\/figure>\n<figure id=\"attachment_7782\" aria-describedby=\"caption-attachment-7782\" style=\"width: 800px\" class=\"wp-caption aligncenter\"><img loading=\"lazy\" decoding=\"async\" class=\"wp-image-7782 size-full\" src=\"http:\/\/qghome.vn\/wp-content\/uploads\/2024\/04\/nha-may-noi-that-qghome-viet-nam.jpg\" alt=\"Nh\u00e0 m\u00e1y n\u1ed9i th\u1ea5t QGHOME Vi\u1ec7t Nam\" width=\"800\" height=\"468\" srcset=\"https:\/\/luan.webrt.net\/qhome\/wp-content\/uploads\/2024\/04\/nha-may-noi-that-qghome-viet-nam.jpg 800w, https:\/\/luan.webrt.net\/qhome\/wp-content\/uploads\/2024\/04\/nha-may-noi-that-qghome-viet-nam-510x298.jpg 510w, https:\/\/luan.webrt.net\/qhome\/wp-content\/uploads\/2024\/04\/nha-may-noi-that-qghome-viet-nam-684x400.jpg 684w, https:\/\/luan.webrt.net\/qhome\/wp-content\/uploads\/2024\/04\/nha-may-noi-that-qghome-viet-nam-768x449.jpg 768w\" sizes=\"auto, (max-width: 800px) 100vw, 800px\" \/><figcaption id=\"caption-attachment-7782\" class=\"wp-caption-text\"><em>Nh\u00e0 m\u00e1y n\u1ed9i th\u1ea5t QGHOME Vi\u1ec7t Nam<\/em><\/figcaption><\/figure>\n<figure id=\"attachment_7783\" aria-describedby=\"caption-attachment-7783\" style=\"width: 800px\" class=\"wp-caption aligncenter\"><img loading=\"lazy\" decoding=\"async\" class=\"wp-image-7783 size-full\" src=\"http:\/\/qghome.vn\/wp-content\/uploads\/2024\/04\/nha-may-qghome-viet-nam.jpg\" alt=\"\u0110\u01a1n v\u1ecb thi\u1ebft k\u1ebf n\u1ed9i th\u1ea5t uy t\u00edn - QGHOME\" width=\"800\" height=\"468\" srcset=\"https:\/\/luan.webrt.net\/qhome\/wp-content\/uploads\/2024\/04\/nha-may-qghome-viet-nam.jpg 800w, https:\/\/luan.webrt.net\/qhome\/wp-content\/uploads\/2024\/04\/nha-may-qghome-viet-nam-510x298.jpg 510w, https:\/\/luan.webrt.net\/qhome\/wp-content\/uploads\/2024\/04\/nha-may-qghome-viet-nam-684x400.jpg 684w, https:\/\/luan.webrt.net\/qhome\/wp-content\/uploads\/2024\/04\/nha-may-qghome-viet-nam-768x449.jpg 768w\" sizes=\"auto, (max-width: 800px) 100vw, 800px\" \/><figcaption id=\"caption-attachment-7783\" class=\"wp-caption-text\"><em>\u0110\u01a1n v\u1ecb thi\u1ebft k\u1ebf n\u1ed9i th\u1ea5t uy t\u00edn &#8211; QGHOME<\/em><\/figcaption><\/figure>\n<div class=\"mceTemp\"><\/div>\n","protected":false},"excerpt":{"rendered":"<p><span style=\"color: #282828;\"><strong>Th\u01b0\u01a1ng hi\u1ec7u:<\/strong> QGhome<\/span><\/p>\n<p><span style=\"color: #282828;\"><strong>Ch\u1ea5t li\u1ec7u:<\/strong> khung inox, l\u01b0\u1edbi, \u0111\u1ec7m \u0111\u00e0n h\u1ed3i ch\u1eafc ch\u1eafn<\/span><\/p>\n<p><span style=\"color: #282828;\"><strong>K\u00edch th\u01b0\u1edbc:<\/strong> \u00a0R\u1ed9ng 570 \u2013 s\u00e2u 600 \u2013 cao 1050mm<\/span><\/p>\n<p><span style=\"color: #282828;\"><strong>M\u00e0u s\u1eafc:<\/strong> \u0111en<\/span><\/p>\n<p><span style=\"color: #282828;\"><strong>B\u1ea3o h\u00e0nh:<\/strong> 12 th\u00e1ng theo ti\u00eau chu\u1ea9n nh\u00e0 m\u00e1y<\/span><\/p>\n","protected":false},"featured_media":10949,"comment_status":"open","ping_status":"closed","template":"","meta":[],"product_cat":[297],"product_tag":[450,452,451,433,449,434],"class_list":["post-8912","product","type-product","status-publish","has-post-thumbnail","hentry","product_cat-ghe-phong-hop","product_tag-ghe-phong-hop","product_tag-ghe-phong-hop-dep","product_tag-ghe-phong-hop-gia-re","product_tag-ghe-van-phong","product_tag-ghe-van-phong-dep","product_tag-ghe-van-phong-re"],"yoast_head":"<!-- This site is optimized with the Yoast SEO plugin v19.9 - https:\/\/yoast.com\/wordpress\/plugins\/seo\/ -->\n<title>Gh\u1ebf ph\u00f2ng h\u1ecdp QGH05<\/title>\n<meta name=\"description\" content=\"Gh\u1ebf ph\u00f2ng h\u1ecdp QGH05 l\u01b0\u1edbi cao c\u00f3 \u0111\u1ec7m gi\u00e1 r\u1ebb m\u00e0u \u0111en gi\u00fap b\u1ea1n ng\u1ed3i l\u00e0m vi\u1ec7c tho\u1ea3i m\u00e1i. Gh\u1ebf \u0111\u01b0\u1ee3c l\u00e0m r\u1ea5t ch\u1eafc ch\u1eafn v\u1edbi \u0111\u1ec7m ng\u1ed3i \u00eam \u00e1i\" \/>\n<meta name=\"robots\" content=\"index, follow, max-snippet:-1, max-image-preview:large, max-video-preview:-1\" \/>\n<link rel=\"canonical\" href=\"https:\/\/luan.webrt.net\/qhome\/san-pham\/ghe-phong-hop-qgh05\/\" \/>\n<meta property=\"og:locale\" content=\"vi_VN\" \/>\n<meta property=\"og:type\" content=\"article\" \/>\n<meta property=\"og:title\" content=\"Gh\u1ebf ph\u00f2ng h\u1ecdp QGH05\" \/>\n<meta property=\"og:description\" content=\"Gh\u1ebf ph\u00f2ng h\u1ecdp QGH05 l\u01b0\u1edbi cao c\u00f3 \u0111\u1ec7m gi\u00e1 r\u1ebb m\u00e0u \u0111en gi\u00fap b\u1ea1n ng\u1ed3i l\u00e0m vi\u1ec7c tho\u1ea3i m\u00e1i. Gh\u1ebf \u0111\u01b0\u1ee3c l\u00e0m r\u1ea5t ch\u1eafc ch\u1eafn v\u1edbi \u0111\u1ec7m ng\u1ed3i \u00eam \u00e1i\" \/>\n<meta property=\"og:url\" content=\"https:\/\/luan.webrt.net\/qhome\/san-pham\/ghe-phong-hop-qgh05\/\" \/>\n<meta property=\"og:site_name\" content=\"M\u1eabu web n\u1ed9i th\u1ea5t\" \/>\n<meta property=\"article:publisher\" content=\"https:\/\/www.facebook.com\/noithatqghome\" \/>\n<meta property=\"article:modified_time\" content=\"2025-05-24T03:09:07+00:00\" \/>\n<meta property=\"og:image\" content=\"https:\/\/luan.webrt.net\/qhome\/wp-content\/uploads\/2024\/04\/Ghe-phong-hop-QGH05.jpg\" \/>\n\t<meta property=\"og:image:width\" content=\"1080\" \/>\n\t<meta property=\"og:image:height\" content=\"1080\" \/>\n\t<meta property=\"og:image:type\" content=\"image\/jpeg\" \/>\n<meta name=\"twitter:card\" content=\"summary_large_image\" \/>\n<meta name=\"twitter:label1\" content=\"\u01af\u1edbc t\u00ednh th\u1eddi gian \u0111\u1ecdc\" \/>\n\t<meta name=\"twitter:data1\" content=\"3 ph\u00fat\" \/>\n<script type=\"application\/ld+json\" class=\"yoast-schema-graph\">{\"@context\":\"https:\/\/schema.org\",\"@graph\":[{\"@type\":\"WebPage\",\"@id\":\"https:\/\/luan.webrt.net\/qhome\/san-pham\/ghe-phong-hop-qgh05\/\",\"url\":\"https:\/\/luan.webrt.net\/qhome\/san-pham\/ghe-phong-hop-qgh05\/\",\"name\":\"Gh\u1ebf ph\u00f2ng h\u1ecdp QGH05\",\"isPartOf\":{\"@id\":\"https:\/\/luan.webrt.net\/qhome\/#website\"},\"datePublished\":\"2024-04-18T02:28:04+00:00\",\"dateModified\":\"2025-05-24T03:09:07+00:00\",\"description\":\"Gh\u1ebf ph\u00f2ng h\u1ecdp QGH05 l\u01b0\u1edbi cao c\u00f3 \u0111\u1ec7m gi\u00e1 r\u1ebb m\u00e0u \u0111en gi\u00fap b\u1ea1n ng\u1ed3i l\u00e0m vi\u1ec7c tho\u1ea3i m\u00e1i. Gh\u1ebf \u0111\u01b0\u1ee3c l\u00e0m r\u1ea5t ch\u1eafc ch\u1eafn v\u1edbi \u0111\u1ec7m ng\u1ed3i \u00eam \u00e1i\",\"breadcrumb\":{\"@id\":\"https:\/\/luan.webrt.net\/qhome\/san-pham\/ghe-phong-hop-qgh05\/#breadcrumb\"},\"inLanguage\":\"vi\",\"potentialAction\":[{\"@type\":\"ReadAction\",\"target\":[\"https:\/\/luan.webrt.net\/qhome\/san-pham\/ghe-phong-hop-qgh05\/\"]}]},{\"@type\":\"BreadcrumbList\",\"@id\":\"https:\/\/luan.webrt.net\/qhome\/san-pham\/ghe-phong-hop-qgh05\/#breadcrumb\",\"itemListElement\":[{\"@type\":\"ListItem\",\"position\":1,\"name\":\"Trang ch\u1ee7\",\"item\":\"https:\/\/luan.webrt.net\/qhome\/\"},{\"@type\":\"ListItem\",\"position\":2,\"name\":\"Shop\",\"item\":\"https:\/\/luan.webrt.net\/qhome\/shop\/\"},{\"@type\":\"ListItem\",\"position\":3,\"name\":\"Gh\u1ebf ph\u00f2ng h\u1ecdp QGH05\"}]},{\"@type\":\"WebSite\",\"@id\":\"https:\/\/luan.webrt.net\/qhome\/#website\",\"url\":\"https:\/\/luan.webrt.net\/qhome\/\",\"name\":\"M\u1eabu web n\u1ed9i th\u1ea5t\",\"description\":\"QGHome Vi\u1ec7t Nam\",\"publisher\":{\"@id\":\"https:\/\/luan.webrt.net\/qhome\/#organization\"},\"potentialAction\":[{\"@type\":\"SearchAction\",\"target\":{\"@type\":\"EntryPoint\",\"urlTemplate\":\"https:\/\/luan.webrt.net\/qhome\/?s={search_term_string}\"},\"query-input\":\"required name=search_term_string\"}],\"inLanguage\":\"vi\"},{\"@type\":\"Organization\",\"@id\":\"https:\/\/luan.webrt.net\/qhome\/#organization\",\"name\":\"QGHome\",\"url\":\"https:\/\/luan.webrt.net\/qhome\/\",\"logo\":{\"@type\":\"ImageObject\",\"inLanguage\":\"vi\",\"@id\":\"https:\/\/luan.webrt.net\/qhome\/#\/schema\/logo\/image\/\",\"url\":\"https:\/\/qghome.vn\/wp-content\/uploads\/2025\/08\/logo-mau-MauTH-21.png\",\"contentUrl\":\"https:\/\/qghome.vn\/wp-content\/uploads\/2025\/08\/logo-mau-MauTH-21.png\",\"width\":253,\"height\":99,\"caption\":\"QGHome\"},\"image\":{\"@id\":\"https:\/\/luan.webrt.net\/qhome\/#\/schema\/logo\/image\/\"},\"sameAs\":[\"https:\/\/www.tiktok.com\/@qghome.official\",\"https:\/\/www.youtube.com\/channel\/UCeVBuKTXkv-u94DS421cklw\",\"https:\/\/www.facebook.com\/noithatqghome\"]}]}<\/script>\n<!-- \/ Yoast SEO plugin. -->","yoast_head_json":{"title":"Gh\u1ebf ph\u00f2ng h\u1ecdp QGH05","description":"Gh\u1ebf ph\u00f2ng h\u1ecdp QGH05 l\u01b0\u1edbi cao c\u00f3 \u0111\u1ec7m gi\u00e1 r\u1ebb m\u00e0u \u0111en gi\u00fap b\u1ea1n ng\u1ed3i l\u00e0m vi\u1ec7c tho\u1ea3i m\u00e1i. Gh\u1ebf \u0111\u01b0\u1ee3c l\u00e0m r\u1ea5t ch\u1eafc ch\u1eafn v\u1edbi \u0111\u1ec7m ng\u1ed3i \u00eam \u00e1i","robots":{"index":"index","follow":"follow","max-snippet":"max-snippet:-1","max-image-preview":"max-image-preview:large","max-video-preview":"max-video-preview:-1"},"canonical":"https:\/\/luan.webrt.net\/qhome\/san-pham\/ghe-phong-hop-qgh05\/","og_locale":"vi_VN","og_type":"article","og_title":"Gh\u1ebf ph\u00f2ng h\u1ecdp QGH05","og_description":"Gh\u1ebf ph\u00f2ng h\u1ecdp QGH05 l\u01b0\u1edbi cao c\u00f3 \u0111\u1ec7m gi\u00e1 r\u1ebb m\u00e0u \u0111en gi\u00fap b\u1ea1n ng\u1ed3i l\u00e0m vi\u1ec7c tho\u1ea3i m\u00e1i. Gh\u1ebf \u0111\u01b0\u1ee3c l\u00e0m r\u1ea5t ch\u1eafc ch\u1eafn v\u1edbi \u0111\u1ec7m ng\u1ed3i \u00eam \u00e1i","og_url":"https:\/\/luan.webrt.net\/qhome\/san-pham\/ghe-phong-hop-qgh05\/","og_site_name":"M\u1eabu web n\u1ed9i th\u1ea5t","article_publisher":"https:\/\/www.facebook.com\/noithatqghome","article_modified_time":"2025-05-24T03:09:07+00:00","og_image":[{"width":1080,"height":1080,"url":"https:\/\/luan.webrt.net\/qhome\/wp-content\/uploads\/2024\/04\/Ghe-phong-hop-QGH05.jpg","type":"image\/jpeg"}],"twitter_card":"summary_large_image","twitter_misc":{"\u01af\u1edbc t\u00ednh th\u1eddi gian \u0111\u1ecdc":"3 ph\u00fat"},"schema":{"@context":"https:\/\/schema.org","@graph":[{"@type":"WebPage","@id":"https:\/\/luan.webrt.net\/qhome\/san-pham\/ghe-phong-hop-qgh05\/","url":"https:\/\/luan.webrt.net\/qhome\/san-pham\/ghe-phong-hop-qgh05\/","name":"Gh\u1ebf ph\u00f2ng h\u1ecdp QGH05","isPartOf":{"@id":"https:\/\/luan.webrt.net\/qhome\/#website"},"datePublished":"2024-04-18T02:28:04+00:00","dateModified":"2025-05-24T03:09:07+00:00","description":"Gh\u1ebf ph\u00f2ng h\u1ecdp QGH05 l\u01b0\u1edbi cao c\u00f3 \u0111\u1ec7m gi\u00e1 r\u1ebb m\u00e0u \u0111en gi\u00fap b\u1ea1n ng\u1ed3i l\u00e0m vi\u1ec7c tho\u1ea3i m\u00e1i. Gh\u1ebf \u0111\u01b0\u1ee3c l\u00e0m r\u1ea5t ch\u1eafc ch\u1eafn v\u1edbi \u0111\u1ec7m ng\u1ed3i \u00eam \u00e1i","breadcrumb":{"@id":"https:\/\/luan.webrt.net\/qhome\/san-pham\/ghe-phong-hop-qgh05\/#breadcrumb"},"inLanguage":"vi","potentialAction":[{"@type":"ReadAction","target":["https:\/\/luan.webrt.net\/qhome\/san-pham\/ghe-phong-hop-qgh05\/"]}]},{"@type":"BreadcrumbList","@id":"https:\/\/luan.webrt.net\/qhome\/san-pham\/ghe-phong-hop-qgh05\/#breadcrumb","itemListElement":[{"@type":"ListItem","position":1,"name":"Trang ch\u1ee7","item":"https:\/\/luan.webrt.net\/qhome\/"},{"@type":"ListItem","position":2,"name":"Shop","item":"https:\/\/luan.webrt.net\/qhome\/shop\/"},{"@type":"ListItem","position":3,"name":"Gh\u1ebf ph\u00f2ng h\u1ecdp QGH05"}]},{"@type":"WebSite","@id":"https:\/\/luan.webrt.net\/qhome\/#website","url":"https:\/\/luan.webrt.net\/qhome\/","name":"M\u1eabu web n\u1ed9i th\u1ea5t","description":"QGHome Vi\u1ec7t Nam","publisher":{"@id":"https:\/\/luan.webrt.net\/qhome\/#organization"},"potentialAction":[{"@type":"SearchAction","target":{"@type":"EntryPoint","urlTemplate":"https:\/\/luan.webrt.net\/qhome\/?s={search_term_string}"},"query-input":"required name=search_term_string"}],"inLanguage":"vi"},{"@type":"Organization","@id":"https:\/\/luan.webrt.net\/qhome\/#organization","name":"QGHome","url":"https:\/\/luan.webrt.net\/qhome\/","logo":{"@type":"ImageObject","inLanguage":"vi","@id":"https:\/\/luan.webrt.net\/qhome\/#\/schema\/logo\/image\/","url":"https:\/\/qghome.vn\/wp-content\/uploads\/2025\/08\/logo-mau-MauTH-21.png","contentUrl":"https:\/\/qghome.vn\/wp-content\/uploads\/2025\/08\/logo-mau-MauTH-21.png","width":253,"height":99,"caption":"QGHome"},"image":{"@id":"https:\/\/luan.webrt.net\/qhome\/#\/schema\/logo\/image\/"},"sameAs":["https:\/\/www.tiktok.com\/@qghome.official","https:\/\/www.youtube.com\/channel\/UCeVBuKTXkv-u94DS421cklw","https:\/\/www.facebook.com\/noithatqghome"]}]}},"_links":{"self":[{"href":"https:\/\/luan.webrt.net\/qhome\/wp-json\/wp\/v2\/product\/8912","targetHints":{"allow":["GET"]}}],"collection":[{"href":"https:\/\/luan.webrt.net\/qhome\/wp-json\/wp\/v2\/product"}],"about":[{"href":"https:\/\/luan.webrt.net\/qhome\/wp-json\/wp\/v2\/types\/product"}],"replies":[{"embeddable":true,"href":"https:\/\/luan.webrt.net\/qhome\/wp-json\/wp\/v2\/comments?post=8912"}],"wp:featuredmedia":[{"embeddable":true,"href":"https:\/\/luan.webrt.net\/qhome\/wp-json\/wp\/v2\/media\/10949"}],"wp:attachment":[{"href":"https:\/\/luan.webrt.net\/qhome\/wp-json\/wp\/v2\/media?parent=8912"}],"wp:term":[{"taxonomy":"product_cat","embeddable":true,"href":"https:\/\/luan.webrt.net\/qhome\/wp-json\/wp\/v2\/product_cat?post=8912"},{"taxonomy":"product_tag","embeddable":true,"href":"https:\/\/luan.webrt.net\/qhome\/wp-json\/wp\/v2\/product_tag?post=8912"}],"curies":[{"name":"wp","href":"https:\/\/api.w.org\/{rel}","templated":true}]}}