{"id":8899,"date":"2024-04-17T15:36:32","date_gmt":"2024-04-17T15:36:32","guid":{"rendered":"https:\/\/qghome.vn\/?post_type=product&#038;p=8899"},"modified":"2025-08-17T07:46:14","modified_gmt":"2025-08-17T07:46:14","slug":"ban-giam-doc-qbd20","status":"publish","type":"product","link":"https:\/\/luan.webrt.net\/qhome\/san-pham\/ban-giam-doc-qbd20\/","title":{"rendered":"B\u00e0n gi\u00e1m \u0111\u1ed1c QBD20"},"content":{"rendered":"<p><span style=\"color: #003300; font-size: 110%;\">B\u00e0n gi\u00e1m \u0111\u1ed1c QBD20 l\u00e0 s\u1ea3n ph\u1ea9m cao c\u1ea5p, thi\u1ebft k\u1ebf tinh t\u1ebf, \u1ea5n t\u01b0\u1ee3ng trong t\u1eebng g\u00f3c nh\u00ecn, l\u1ef1a ch\u1ecdn cho v\u0103n ph\u00f2ng n\u1ed9i th\u1ea5t cao c\u1ea5p. B\u00e0n l\u00e3nh \u0111\u1ea1o QGHome, kh\u1eb3ng \u0111\u1ecbnh uy quy\u1ec1n c\u1ee7a ng\u01b0\u1eddi \u0111\u1ee9ng \u0111\u1ea7u, x\u1ee9ng t\u1ea7m v\u1edbi t\u1ea7m v\u00f3c ng\u01b0\u1eddi l\u00e3nh \u0111\u1ea1o. Tin t\u01b0\u1edfng l\u1ef1a ch\u1ecdn QGHome \u0111\u1ec3 c\u00f3 \u0111\u01b0\u1ee3c s\u1ea3n ph\u1ea9m n\u1ed9i th\u1ea5t h\u00e0ng \u0111\u1ea7u.<\/span><\/p>\n<h3 style=\"text-align: center;\"><span style=\"font-size: 160%;\"><strong>Th\u00f4ng s\u1ed1 k\u1ef9 thu\u1eadt b\u00e0n gi\u00e1m \u0111\u1ed1c QBD20<\/strong><\/span><\/h3>\n<p><span style=\"color: #333333; font-size: 110%;\">K\u00edch Th\u01b0\u1edbc: B\u00e0n: (2120 x 600 x 750) \u2013 T\u1ee7 ph\u1ee5 (1800 x 400 x 600) (mm) (D\u00e0i x R\u1ed9ng x Cao)<\/span><br \/>\n<span style=\"color: #333333; font-size: 110%;\">Ch\u1ea5t Li\u1ec7u: G\u1ed7 c\u00f4ng nghi\u1ec7p MDF ph\u1ee7 melmaine<\/span><br \/>\n<span style=\"color: #333333; font-size: 110%;\">M\u00e0u S\u1eafc: V\u00e2n g\u1ed7 b\u1eaft m\u1eaft, hi\u1ec7n \u0111\u1ea1i, d\u1ec5 k\u1ebft h\u1ee3p kh\u00f4ng gian v\u0103n ph\u00f2ng<\/span><br \/>\n<span style=\"color: #333333; font-size: 110%;\">M\u1eb7t G\u1ed7: d\u00e0y 18mm d\u00e0y d\u1eb7n.<\/span><br \/>\n<span style=\"color: #333333; font-size: 110%;\">S\u1ea3n xu\u1ea5t theo y\u00eau c\u1ea7u, m\u00e0u s\u1eafc v\u00e0 thi\u1ebft k\u1ebf ri\u00eang<\/span><\/p>\n<h3 style=\"text-align: center;\"><span style=\"font-size: 160%;\"><strong>H\u00ecnh \u1ea3nh th\u1ef1c t\u1ebf B\u00e0n gi\u00e1m \u0111\u1ed1c<\/strong><\/span><\/h3>\n<figure id=\"attachment_9180\" aria-describedby=\"caption-attachment-9180\" style=\"width: 800px\" class=\"wp-caption aligncenter\"><img loading=\"lazy\" decoding=\"async\" class=\"wp-image-9180 size-large\" src=\"http:\/\/qghome.vn\/wp-content\/uploads\/2024\/05\/Thiet-ke-phong-giam-doc-2-800x800.png\" alt=\"B\u00e0n gi\u00e1m \u0111\u1ed1c cao c\u1ea5p QBD20\u00a0\" width=\"800\" height=\"800\" srcset=\"https:\/\/luan.webrt.net\/qhome\/wp-content\/uploads\/2024\/05\/Thiet-ke-phong-giam-doc-2-800x800.png 800w, https:\/\/luan.webrt.net\/qhome\/wp-content\/uploads\/2024\/05\/Thiet-ke-phong-giam-doc-2-100x100.png 100w, https:\/\/luan.webrt.net\/qhome\/wp-content\/uploads\/2024\/05\/Thiet-ke-phong-giam-doc-2-510x510.png 510w, https:\/\/luan.webrt.net\/qhome\/wp-content\/uploads\/2024\/05\/Thiet-ke-phong-giam-doc-2-400x400.png 400w, https:\/\/luan.webrt.net\/qhome\/wp-content\/uploads\/2024\/05\/Thiet-ke-phong-giam-doc-2-280x280.png 280w, https:\/\/luan.webrt.net\/qhome\/wp-content\/uploads\/2024\/05\/Thiet-ke-phong-giam-doc-2-768x768.png 768w, https:\/\/luan.webrt.net\/qhome\/wp-content\/uploads\/2024\/05\/Thiet-ke-phong-giam-doc-2.png 1080w\" sizes=\"auto, (max-width: 800px) 100vw, 800px\" \/><figcaption id=\"caption-attachment-9180\" class=\"wp-caption-text\"><em>B\u00e0n gi\u00e1m \u0111\u1ed1c cao c\u1ea5p QBD20<\/em><\/figcaption><\/figure>\n<figure id=\"attachment_9190\" aria-describedby=\"caption-attachment-9190\" style=\"width: 800px\" class=\"wp-caption aligncenter\"><img loading=\"lazy\" decoding=\"async\" class=\"wp-image-9190 size-large\" src=\"http:\/\/qghome.vn\/wp-content\/uploads\/2024\/04\/Thiet-ke-phong-giam-doc-6-800x800.png\" alt=\"B\u00e0n gi\u00e1m \u0111\u1ed1c QBD20\" width=\"800\" height=\"800\" srcset=\"https:\/\/luan.webrt.net\/qhome\/wp-content\/uploads\/2024\/04\/Thiet-ke-phong-giam-doc-6-800x800.png 800w, https:\/\/luan.webrt.net\/qhome\/wp-content\/uploads\/2024\/04\/Thiet-ke-phong-giam-doc-6-100x100.png 100w, https:\/\/luan.webrt.net\/qhome\/wp-content\/uploads\/2024\/04\/Thiet-ke-phong-giam-doc-6-510x510.png 510w, https:\/\/luan.webrt.net\/qhome\/wp-content\/uploads\/2024\/04\/Thiet-ke-phong-giam-doc-6-400x400.png 400w, https:\/\/luan.webrt.net\/qhome\/wp-content\/uploads\/2024\/04\/Thiet-ke-phong-giam-doc-6-280x280.png 280w, https:\/\/luan.webrt.net\/qhome\/wp-content\/uploads\/2024\/04\/Thiet-ke-phong-giam-doc-6-768x768.png 768w, https:\/\/luan.webrt.net\/qhome\/wp-content\/uploads\/2024\/04\/Thiet-ke-phong-giam-doc-6.png 1080w\" sizes=\"auto, (max-width: 800px) 100vw, 800px\" \/><figcaption id=\"caption-attachment-9190\" class=\"wp-caption-text\"><em>B\u00e0n gi\u00e1m \u0111\u1ed1c QBD20<\/em><\/figcaption><\/figure>\n<h3><b>L\u1ef1a Ch\u1ecdn M\u00e0u S\u1eafc:<\/b><\/h3>\n<h4 style=\"text-align: left;\">L\u01b0u \u00fd: Kh\u00e1ch h\u00e0ng l\u1ef1a ch\u1ecdn theo m\u00e3 m\u00e0u sau \u0111\u00e2y s\u1ebd m\u1ea5t 2-3 ng\u00e0y \u0111\u1ec3 ho\u00e0n thi\u1ec7n.<\/h4>\n<h4 style=\"text-align: left;\"><img loading=\"lazy\" decoding=\"async\" class=\"size-full wp-image-8886\" style=\"color: #555555;\" src=\"http:\/\/qghome.vn\/wp-content\/uploads\/2024\/04\/ma-mau-dh03-370x186-1.jpg\" alt=\"\" width=\"370\" height=\"186\" \/><img loading=\"lazy\" decoding=\"async\" class=\"size-full wp-image-8888 alignnone\" style=\"color: #555555;\" src=\"http:\/\/qghome.vn\/wp-content\/uploads\/2024\/04\/ma-mau-dh15-370x186-1.jpg\" alt=\"\" width=\"370\" height=\"186\" \/><img loading=\"lazy\" decoding=\"async\" class=\"size-full wp-image-8890 alignnone\" style=\"color: #555555;\" src=\"http:\/\/qghome.vn\/wp-content\/uploads\/2024\/04\/ma-mau-dh61-370x186-1.jpg\" alt=\"\" width=\"370\" height=\"186\" \/><img loading=\"lazy\" decoding=\"async\" class=\"size-full wp-image-8887 alignnone\" style=\"color: #555555;\" src=\"http:\/\/qghome.vn\/wp-content\/uploads\/2024\/04\/ma-mau-dh12-370x186-1.jpg\" alt=\"\" width=\"370\" height=\"186\" \/><img loading=\"lazy\" decoding=\"async\" class=\"size-full wp-image-8889 alignnone\" style=\"color: #555555;\" src=\"http:\/\/qghome.vn\/wp-content\/uploads\/2024\/04\/ma-mau-dh44-370x186-1.jpg\" alt=\"\" width=\"370\" height=\"186\" \/><img loading=\"lazy\" decoding=\"async\" class=\"size-full wp-image-8891 alignnone\" style=\"color: #555555;\" src=\"http:\/\/qghome.vn\/wp-content\/uploads\/2024\/04\/ma-mau-dh88-370x186-1.jpg\" alt=\"\" width=\"370\" height=\"186\" \/><\/h4>\n<hr \/>\n<h4><strong>T\u1ea1i Sao N\u00ean Ch\u1ecdn QGHome:<\/strong><\/h4>\n<div>N\u1ed9i Th\u1ea5t QGHome l\u00e0 c\u01a1 s\u1edf s\u1ea3n xu\u1ea5t, thi\u1ebft k\u1ebf thi c\u00f4ng n\u1ed9i th\u1ea5t v\u0103n ph\u00f2ng v\u1edbi h\u01a1n 10 n\u0103m kinh nghi\u1ec7m:<\/div>\n<div>&#8211; L\u1eafp \u0111\u1eb7t trong ng\u00e0y v\u1edbi kh\u00e1ch h\u00e0ng c\u00f3 nhu c\u1ea7u.<\/div>\n<div>&#8211; \u00c1p d\u1ee5ng nhi\u1ec1u ch\u01b0\u01a1ng tr\u00ecnh khuy\u1ebfn m\u00e3i l\u1edbn l\u00ean t\u1edbi 50%.<\/div>\n<div>&#8211; Cung c\u1ea5p tr\u1ecdn g\u00f3i n\u1ed9i th\u1ea5t 1 v\u0103n ph\u00f2ng, v\u1edbi gi\u00e1 c\u1ea3 \u01b0u \u0111\u00e3i nh\u1ea5t .<\/div>\n<div>&#8211; N\u1ed9i th\u1ea5t QGHome c\u00f3 \u0111\u1ed9i nh\u00e2n vi\u00ean t\u01b0 v\u1ea5n v\u00e0 l\u1eafp \u0111\u1eb7t chuy\u00ean nghi\u1ec7p, t\u1eadn t\u00ecnh, mi\u1ec5n ph\u00ed.<\/div>\n<div>&#8211; Ch\u1ea5t l\u01b0\u1ee3ng s\u1ea3n ph\u1ea9m \u0111\u1ea3m b\u1ea3o, cam k\u1ebft ch\u00ednh h\u00e3ng, \u0111\u01b0\u1ee3c ki\u1ec3m tra h\u00e0ng tr\u01b0\u1edbc khi nh\u1eadn.<\/div>\n<div>&#8211; H\u00e0ng c\u00f3 s\u1eb5n trong kho l\u1edbn , giao h\u00e0ng nhanh, \u0111\u00e1p \u1ee9ng m\u1ecdi nhu c\u1ea7u kh\u00e1ch h\u00e0ng<\/div>\n<div><\/div>\n<div>S\u1ea3n ph\u1ea9m \u0111\u01b0\u1ee3c b\u1ea3o h\u00e0nh mi\u1ec5n ph\u00ed n\u1ebfu s\u1ea3n ph\u1ea9m \u0111\u00f3 h\u1ed9i \u0111\u1ee7 c\u00e1c \u0111i\u1ec1u ki\u1ec7n sau:<\/div>\n<div>&#8211; S\u1ea3n ph\u1ea9m b\u1ecb l\u1ed7i k\u1ef9 thu\u1eadt do nh\u00e0 s\u1ea3n xu\u1ea5t<\/div>\n<div>&#8211; C\u00f2n trong th\u1eddi h\u1ea1n b\u1ea3o h\u00e0nh (tr\u00ean phi\u1ebfu b\u1ea3o h\u00e0nh ho\u1eb7c tr\u00ean h\u1ec7 th\u1ed1ng b\u1ea3o h\u00e0nh \u0111i\u1ec7n t\u1eed)<\/div>\n<div>&#8211; C\u00f3 h\u00f3a \u0111\u01a1n \u0111i\u1ec7n t\u1eed (khi Ng\u01b0\u1eddi mua c\u00f3 y\u00eau c\u1ea7u) ho\u1eb7c m\u00e3 \u0111\u01a1n h\u00e0ng.<\/div>\n<div>T\u1ea5t c\u1ea3 c\u00e1c tr\u01b0\u1eddng h\u1ee3p kh\u00e1ch h\u00e0ng b\u00e1o l\u1ed7i trong ph\u1ea1m vi ch\u01b0a r\u00f5 r\u00e0ng ho\u1eb7c ch\u01b0a ch\u1eafc ch\u1eafn \u0111\u1ec1u ph\u1ea3i chuy\u1ec3n cho b\u1ed9 ph\u1eadn b\u00e1n h\u00e0ng th\u1ea9m \u0111\u1ecbnh tr\u01b0\u1edbc khi ra quy\u1ebft \u0111\u1ecbnh b\u1ea3o h\u00e0nh ho\u1eb7c tr\u1ea3 h\u00e0ng.<\/div>\n<div>QGHome t\u1ef1 h\u00e0o l\u00e0 nh\u00e0 m\u00e1y d\u1eabn \u0111\u1ea7u trong ngh\u00e0nh s\u1ea3n xu\u1ea5t, thi c\u00f4ng, l\u1eafp \u0111\u1eb7t n\u1ed9i th\u1ea5t v\u0103n ph\u00f2ng. \u0110\u1ed3ng h\u00e0nh c\u00f9ng nhi\u1ec1u doanh nghi\u1ec7p c\u00f9ng ki\u1ebfn t\u1ea1o n\u00ean nh\u1eefng s\u1ea3n ph\u1ea9m\u00a0 ch\u1ea5t l\u01b0\u1ee3ng &amp; \u0111\u1eb3ng c\u1ea5p trong 10 n\u0103m qua.<\/div>\n<div><\/div>\n<div>M\u1ecdi chi ti\u1ebft xin li\u00ean h\u1ec7<\/div>\n<div>Hotline : 0983 368 623<\/div>\n<p>&nbsp;<\/p>\n<p>&nbsp;<\/p>\n","protected":false},"excerpt":{"rendered":"<p>B\u00e0n gi\u00e1m \u0111\u1ed1c QBD20 l\u00e0 s\u1ea3n ph\u1ea9m cao c\u1ea5p, thi\u1ebft k\u1ebf tinh t\u1ebf, \u1ea5n t\u01b0\u1ee3ng trong t\u1eebng g\u00f3c nh\u00ecn, l\u1ef1a ch\u1ecdn cho v\u0103n ph\u00f2ng n\u1ed9i th\u1ea5t cao c\u1ea5p. B\u00e0n l\u00e3nh \u0111\u1ea1o QGHome, kh\u1eb3ng \u0111\u1ecbnh uy quy\u1ec1n c\u1ee7a ng\u01b0\u1eddi \u0111\u1ee9ng \u0111\u1ea7u, x\u1ee9ng t\u1ea7m v\u1edbi t\u1ea7m v\u00f3c ng\u01b0\u1eddi l\u00e3nh \u0111\u1ea1o. Tin t\u01b0\u1edfng l\u1ef1a ch\u1ecdn QGHome \u0111\u1ec3 c\u00f3&#8230;<\/p>\n","protected":false},"featured_media":9180,"comment_status":"open","ping_status":"closed","template":"","meta":[],"product_cat":[119,215],"product_tag":[371],"class_list":["post-8899","product","type-product","status-publish","has-post-thumbnail","hentry","product_cat-san-pham","product_cat-ban-giam-doc-qg","product_tag-ban-giam-doc"],"yoast_head":"<!-- This site is optimized with the Yoast SEO plugin v19.9 - https:\/\/yoast.com\/wordpress\/plugins\/seo\/ -->\n<title>B\u00e0n gi\u00e1m \u0111\u1ed1c QBD20<\/title>\n<meta name=\"description\" content=\"B\u00e0n gi\u00e1m \u0111\u1ed1c QBD20 h\u00ecnh ch\u1eef L v\u1edbi thi\u1ebft k\u1ebf thanh l\u1ecbch, \u0111\u01a1n gi\u1ea3n gi\u00fap kh\u00f4ng gian l\u00e0m vi\u1ec7c tr\u1edf n\u00ean chuy\u00ean nghi\u1ec7p h\u01a1n. C\u00f3 b\u1ea3o h\u00e0nh v\u00e0 l\u1eafp \u0111\u1eb7t t\u1eadn nh\u00e0.\" \/>\n<meta name=\"robots\" content=\"index, follow, max-snippet:-1, max-image-preview:large, max-video-preview:-1\" \/>\n<link rel=\"canonical\" href=\"https:\/\/luan.webrt.net\/qhome\/san-pham\/ban-giam-doc-qbd20\/\" \/>\n<meta property=\"og:locale\" content=\"vi_VN\" \/>\n<meta property=\"og:type\" content=\"article\" \/>\n<meta property=\"og:title\" content=\"B\u00e0n gi\u00e1m \u0111\u1ed1c QBD20\" \/>\n<meta property=\"og:description\" content=\"B\u00e0n gi\u00e1m \u0111\u1ed1c QBD20 h\u00ecnh ch\u1eef L v\u1edbi thi\u1ebft k\u1ebf thanh l\u1ecbch, \u0111\u01a1n gi\u1ea3n gi\u00fap kh\u00f4ng gian l\u00e0m vi\u1ec7c tr\u1edf n\u00ean chuy\u00ean nghi\u1ec7p h\u01a1n. C\u00f3 b\u1ea3o h\u00e0nh v\u00e0 l\u1eafp \u0111\u1eb7t t\u1eadn nh\u00e0.\" \/>\n<meta property=\"og:url\" content=\"https:\/\/luan.webrt.net\/qhome\/san-pham\/ban-giam-doc-qbd20\/\" \/>\n<meta property=\"og:site_name\" content=\"M\u1eabu web n\u1ed9i th\u1ea5t\" \/>\n<meta property=\"article:publisher\" content=\"https:\/\/www.facebook.com\/noithatqghome\" \/>\n<meta property=\"article:modified_time\" content=\"2025-08-17T07:46:14+00:00\" \/>\n<meta property=\"og:image\" content=\"https:\/\/luan.webrt.net\/qhome\/wp-content\/uploads\/2024\/05\/Thiet-ke-phong-giam-doc-2.png\" \/>\n\t<meta property=\"og:image:width\" content=\"1080\" \/>\n\t<meta property=\"og:image:height\" content=\"1080\" \/>\n\t<meta property=\"og:image:type\" content=\"image\/png\" \/>\n<meta name=\"twitter:card\" content=\"summary_large_image\" \/>\n<meta name=\"twitter:label1\" content=\"\u01af\u1edbc t\u00ednh th\u1eddi gian \u0111\u1ecdc\" \/>\n\t<meta name=\"twitter:data1\" content=\"5 ph\u00fat\" \/>\n<script type=\"application\/ld+json\" class=\"yoast-schema-graph\">{\"@context\":\"https:\/\/schema.org\",\"@graph\":[{\"@type\":\"WebPage\",\"@id\":\"https:\/\/luan.webrt.net\/qhome\/san-pham\/ban-giam-doc-qbd20\/\",\"url\":\"https:\/\/luan.webrt.net\/qhome\/san-pham\/ban-giam-doc-qbd20\/\",\"name\":\"B\u00e0n gi\u00e1m \u0111\u1ed1c QBD20\",\"isPartOf\":{\"@id\":\"https:\/\/luan.webrt.net\/qhome\/#website\"},\"datePublished\":\"2024-04-17T15:36:32+00:00\",\"dateModified\":\"2025-08-17T07:46:14+00:00\",\"description\":\"B\u00e0n gi\u00e1m \u0111\u1ed1c QBD20 h\u00ecnh ch\u1eef L v\u1edbi thi\u1ebft k\u1ebf thanh l\u1ecbch, \u0111\u01a1n gi\u1ea3n gi\u00fap kh\u00f4ng gian l\u00e0m vi\u1ec7c tr\u1edf n\u00ean chuy\u00ean nghi\u1ec7p h\u01a1n. C\u00f3 b\u1ea3o h\u00e0nh v\u00e0 l\u1eafp \u0111\u1eb7t t\u1eadn nh\u00e0.\",\"breadcrumb\":{\"@id\":\"https:\/\/luan.webrt.net\/qhome\/san-pham\/ban-giam-doc-qbd20\/#breadcrumb\"},\"inLanguage\":\"vi\",\"potentialAction\":[{\"@type\":\"ReadAction\",\"target\":[\"https:\/\/luan.webrt.net\/qhome\/san-pham\/ban-giam-doc-qbd20\/\"]}]},{\"@type\":\"BreadcrumbList\",\"@id\":\"https:\/\/luan.webrt.net\/qhome\/san-pham\/ban-giam-doc-qbd20\/#breadcrumb\",\"itemListElement\":[{\"@type\":\"ListItem\",\"position\":1,\"name\":\"Trang ch\u1ee7\",\"item\":\"https:\/\/luan.webrt.net\/qhome\/\"},{\"@type\":\"ListItem\",\"position\":2,\"name\":\"Shop\",\"item\":\"https:\/\/luan.webrt.net\/qhome\/shop\/\"},{\"@type\":\"ListItem\",\"position\":3,\"name\":\"B\u00e0n gi\u00e1m \u0111\u1ed1c QBD20\"}]},{\"@type\":\"WebSite\",\"@id\":\"https:\/\/luan.webrt.net\/qhome\/#website\",\"url\":\"https:\/\/luan.webrt.net\/qhome\/\",\"name\":\"M\u1eabu web n\u1ed9i th\u1ea5t\",\"description\":\"QGHome Vi\u1ec7t Nam\",\"publisher\":{\"@id\":\"https:\/\/luan.webrt.net\/qhome\/#organization\"},\"potentialAction\":[{\"@type\":\"SearchAction\",\"target\":{\"@type\":\"EntryPoint\",\"urlTemplate\":\"https:\/\/luan.webrt.net\/qhome\/?s={search_term_string}\"},\"query-input\":\"required name=search_term_string\"}],\"inLanguage\":\"vi\"},{\"@type\":\"Organization\",\"@id\":\"https:\/\/luan.webrt.net\/qhome\/#organization\",\"name\":\"QGHome\",\"url\":\"https:\/\/luan.webrt.net\/qhome\/\",\"logo\":{\"@type\":\"ImageObject\",\"inLanguage\":\"vi\",\"@id\":\"https:\/\/luan.webrt.net\/qhome\/#\/schema\/logo\/image\/\",\"url\":\"https:\/\/qghome.vn\/wp-content\/uploads\/2025\/08\/logo-mau-MauTH-21.png\",\"contentUrl\":\"https:\/\/qghome.vn\/wp-content\/uploads\/2025\/08\/logo-mau-MauTH-21.png\",\"width\":253,\"height\":99,\"caption\":\"QGHome\"},\"image\":{\"@id\":\"https:\/\/luan.webrt.net\/qhome\/#\/schema\/logo\/image\/\"},\"sameAs\":[\"https:\/\/www.tiktok.com\/@qghome.official\",\"https:\/\/www.youtube.com\/channel\/UCeVBuKTXkv-u94DS421cklw\",\"https:\/\/www.facebook.com\/noithatqghome\"]}]}<\/script>\n<!-- \/ Yoast SEO plugin. -->","yoast_head_json":{"title":"B\u00e0n gi\u00e1m \u0111\u1ed1c QBD20","description":"B\u00e0n gi\u00e1m \u0111\u1ed1c QBD20 h\u00ecnh ch\u1eef L v\u1edbi thi\u1ebft k\u1ebf thanh l\u1ecbch, \u0111\u01a1n gi\u1ea3n gi\u00fap kh\u00f4ng gian l\u00e0m vi\u1ec7c tr\u1edf n\u00ean chuy\u00ean nghi\u1ec7p h\u01a1n. C\u00f3 b\u1ea3o h\u00e0nh v\u00e0 l\u1eafp \u0111\u1eb7t t\u1eadn nh\u00e0.","robots":{"index":"index","follow":"follow","max-snippet":"max-snippet:-1","max-image-preview":"max-image-preview:large","max-video-preview":"max-video-preview:-1"},"canonical":"https:\/\/luan.webrt.net\/qhome\/san-pham\/ban-giam-doc-qbd20\/","og_locale":"vi_VN","og_type":"article","og_title":"B\u00e0n gi\u00e1m \u0111\u1ed1c QBD20","og_description":"B\u00e0n gi\u00e1m \u0111\u1ed1c QBD20 h\u00ecnh ch\u1eef L v\u1edbi thi\u1ebft k\u1ebf thanh l\u1ecbch, \u0111\u01a1n gi\u1ea3n gi\u00fap kh\u00f4ng gian l\u00e0m vi\u1ec7c tr\u1edf n\u00ean chuy\u00ean nghi\u1ec7p h\u01a1n. C\u00f3 b\u1ea3o h\u00e0nh v\u00e0 l\u1eafp \u0111\u1eb7t t\u1eadn nh\u00e0.","og_url":"https:\/\/luan.webrt.net\/qhome\/san-pham\/ban-giam-doc-qbd20\/","og_site_name":"M\u1eabu web n\u1ed9i th\u1ea5t","article_publisher":"https:\/\/www.facebook.com\/noithatqghome","article_modified_time":"2025-08-17T07:46:14+00:00","og_image":[{"width":1080,"height":1080,"url":"https:\/\/luan.webrt.net\/qhome\/wp-content\/uploads\/2024\/05\/Thiet-ke-phong-giam-doc-2.png","type":"image\/png"}],"twitter_card":"summary_large_image","twitter_misc":{"\u01af\u1edbc t\u00ednh th\u1eddi gian \u0111\u1ecdc":"5 ph\u00fat"},"schema":{"@context":"https:\/\/schema.org","@graph":[{"@type":"WebPage","@id":"https:\/\/luan.webrt.net\/qhome\/san-pham\/ban-giam-doc-qbd20\/","url":"https:\/\/luan.webrt.net\/qhome\/san-pham\/ban-giam-doc-qbd20\/","name":"B\u00e0n gi\u00e1m \u0111\u1ed1c QBD20","isPartOf":{"@id":"https:\/\/luan.webrt.net\/qhome\/#website"},"datePublished":"2024-04-17T15:36:32+00:00","dateModified":"2025-08-17T07:46:14+00:00","description":"B\u00e0n gi\u00e1m \u0111\u1ed1c QBD20 h\u00ecnh ch\u1eef L v\u1edbi thi\u1ebft k\u1ebf thanh l\u1ecbch, \u0111\u01a1n gi\u1ea3n gi\u00fap kh\u00f4ng gian l\u00e0m vi\u1ec7c tr\u1edf n\u00ean chuy\u00ean nghi\u1ec7p h\u01a1n. C\u00f3 b\u1ea3o h\u00e0nh v\u00e0 l\u1eafp \u0111\u1eb7t t\u1eadn nh\u00e0.","breadcrumb":{"@id":"https:\/\/luan.webrt.net\/qhome\/san-pham\/ban-giam-doc-qbd20\/#breadcrumb"},"inLanguage":"vi","potentialAction":[{"@type":"ReadAction","target":["https:\/\/luan.webrt.net\/qhome\/san-pham\/ban-giam-doc-qbd20\/"]}]},{"@type":"BreadcrumbList","@id":"https:\/\/luan.webrt.net\/qhome\/san-pham\/ban-giam-doc-qbd20\/#breadcrumb","itemListElement":[{"@type":"ListItem","position":1,"name":"Trang ch\u1ee7","item":"https:\/\/luan.webrt.net\/qhome\/"},{"@type":"ListItem","position":2,"name":"Shop","item":"https:\/\/luan.webrt.net\/qhome\/shop\/"},{"@type":"ListItem","position":3,"name":"B\u00e0n gi\u00e1m \u0111\u1ed1c QBD20"}]},{"@type":"WebSite","@id":"https:\/\/luan.webrt.net\/qhome\/#website","url":"https:\/\/luan.webrt.net\/qhome\/","name":"M\u1eabu web n\u1ed9i th\u1ea5t","description":"QGHome Vi\u1ec7t Nam","publisher":{"@id":"https:\/\/luan.webrt.net\/qhome\/#organization"},"potentialAction":[{"@type":"SearchAction","target":{"@type":"EntryPoint","urlTemplate":"https:\/\/luan.webrt.net\/qhome\/?s={search_term_string}"},"query-input":"required name=search_term_string"}],"inLanguage":"vi"},{"@type":"Organization","@id":"https:\/\/luan.webrt.net\/qhome\/#organization","name":"QGHome","url":"https:\/\/luan.webrt.net\/qhome\/","logo":{"@type":"ImageObject","inLanguage":"vi","@id":"https:\/\/luan.webrt.net\/qhome\/#\/schema\/logo\/image\/","url":"https:\/\/qghome.vn\/wp-content\/uploads\/2025\/08\/logo-mau-MauTH-21.png","contentUrl":"https:\/\/qghome.vn\/wp-content\/uploads\/2025\/08\/logo-mau-MauTH-21.png","width":253,"height":99,"caption":"QGHome"},"image":{"@id":"https:\/\/luan.webrt.net\/qhome\/#\/schema\/logo\/image\/"},"sameAs":["https:\/\/www.tiktok.com\/@qghome.official","https:\/\/www.youtube.com\/channel\/UCeVBuKTXkv-u94DS421cklw","https:\/\/www.facebook.com\/noithatqghome"]}]}},"_links":{"self":[{"href":"https:\/\/luan.webrt.net\/qhome\/wp-json\/wp\/v2\/product\/8899","targetHints":{"allow":["GET"]}}],"collection":[{"href":"https:\/\/luan.webrt.net\/qhome\/wp-json\/wp\/v2\/product"}],"about":[{"href":"https:\/\/luan.webrt.net\/qhome\/wp-json\/wp\/v2\/types\/product"}],"replies":[{"embeddable":true,"href":"https:\/\/luan.webrt.net\/qhome\/wp-json\/wp\/v2\/comments?post=8899"}],"wp:featuredmedia":[{"embeddable":true,"href":"https:\/\/luan.webrt.net\/qhome\/wp-json\/wp\/v2\/media\/9180"}],"wp:attachment":[{"href":"https:\/\/luan.webrt.net\/qhome\/wp-json\/wp\/v2\/media?parent=8899"}],"wp:term":[{"taxonomy":"product_cat","embeddable":true,"href":"https:\/\/luan.webrt.net\/qhome\/wp-json\/wp\/v2\/product_cat?post=8899"},{"taxonomy":"product_tag","embeddable":true,"href":"https:\/\/luan.webrt.net\/qhome\/wp-json\/wp\/v2\/product_tag?post=8899"}],"curies":[{"name":"wp","href":"https:\/\/api.w.org\/{rel}","templated":true}]}}