{"id":8879,"date":"2024-04-17T14:25:49","date_gmt":"2024-04-17T14:25:49","guid":{"rendered":"https:\/\/qghome.vn\/?post_type=product&#038;p=8879"},"modified":"2025-08-17T07:45:50","modified_gmt":"2025-08-17T07:45:50","slug":"ban-giam-doc-qbd18","status":"publish","type":"product","link":"https:\/\/luan.webrt.net\/qhome\/san-pham\/ban-giam-doc-qbd18\/","title":{"rendered":"B\u00e0n gi\u00e1m \u0111\u1ed1c QBD18"},"content":{"rendered":"<p style=\"text-align: justify;\"><span style=\"font-size: 110%; color: #282828;\">M\u1ed9t trong nh\u1eefng d\u00f2ng s\u1ea3n ph\u1ea9m b\u00e0n t\u1ee7 l\u00e3nh \u0111\u1ea1o cao c\u1ea5p \u0111\u01b0\u1ee3c t\u00ecm ki\u1ebfm nhi\u1ec1u nh\u1ea5t t\u1ea1i QGHome \u2013 ch\u00fang ta kh\u00f4ng th\u1ec3 kh\u00f4ng nh\u1eafc \u0111\u1ebfn m\u1eabu b\u00e0n gi\u00e1m \u0111\u1ed1c QBD18. Ki\u1ec3u d\u00e1ng sang tr\u1ecdng c\u00f9ng m\u1eabu m\u00e3 thi\u1ebft k\u1ebf \u1ea5n t\u01b0\u1ee3ng, b\u00e0n QBD18 lu\u00f4n l\u00e0 gi\u1ea3i ph\u00e1p l\u1eafp \u0111\u1eb7t h\u00e0ng \u0111\u1ea7u cho v\u0103n ph\u00f2ng c\u1ee7a s\u1ebfp. B\u00e0n \u0111\u01b0\u1ee3c l\u00e0m b\u1eb1ng g\u1ed7 c\u00f4ng nghi\u1ec7p MDF ph\u1ee7 melamine ch\u1ed1ng cong v\u00eanh m\u1ed1i m\u1ecdt. G\u1ed7 \u0111\u1ea1t ti\u00eau chu\u1ea9n E1 Ch\u00e2u \u00c2u th\u00e2n thi\u1ec7n v\u1edbi m\u00f4i tr\u01b0\u1eddng, d\u1ec5 v\u1ec7 sinh.<\/span><\/p>\n<p style=\"text-align: center;\"><span style=\"color: #282828;\"><strong><span style=\"font-size: 200%;\">Th\u00f4ng S\u1ed1 K\u1ef9 Thu\u1eadt B\u00e0n Gi\u00e1m \u0110\u1ed1c<\/span><\/strong><\/span><\/p>\n<ul>\n<li><span style=\"font-size: 110%; color: #282828;\">K\u00edch Th\u01b0\u1edbc: B\u00e0n: (1600 x 800 x 750)-T\u1ee7 ph\u1ee5: (1600x 400 x 600) (mm) (D\u00e0i x R\u1ed9ng x Cao)<\/span><\/li>\n<li><span style=\"font-size: 110%; color: #282828;\">Ch\u1ea5t Li\u1ec7u: G\u1ed7 c\u00f4ng nghi\u1ec7p MDF ph\u1ee7 melamine<\/span><\/li>\n<li><span style=\"font-size: 110%; color: #282828;\">M\u00e0u S\u1eafc: V\u00e2n g\u1ed7 b\u1eaft m\u1eaft, hi\u1ec7n \u0111\u1ea1i, d\u1ec5 k\u1ebft h\u1ee3p kh\u00f4ng gian v\u0103n ph\u00f2ng<\/span><\/li>\n<li><span style=\"font-size: 110%; color: #282828;\">M\u1eb7t G\u1ed7: d\u00e0y 17mm d\u00e0y d\u1eb7n.<\/span><\/li>\n<\/ul>\n<p style=\"text-align: center;\"><strong><span style=\"font-size: 200%; color: #282828;\">H\u00ecnh \u1ea2nh Th\u1ef1c T\u1ebf B\u00e0n Gi\u00e1m \u0110\u1ed1c<\/span><\/strong><\/p>\n<figure id=\"attachment_8880\" aria-describedby=\"caption-attachment-8880\" style=\"width: 600px\" class=\"wp-caption aligncenter\"><img loading=\"lazy\" decoding=\"async\" class=\"wp-image-8880 size-full\" src=\"http:\/\/qghome.vn\/wp-content\/uploads\/2024\/04\/ban-giam-doc-02.jpg\" alt=\"B\u00e0n gi\u00e1m \u0111\u1ed1c QBD18\" width=\"600\" height=\"600\" srcset=\"https:\/\/luan.webrt.net\/qhome\/wp-content\/uploads\/2024\/04\/ban-giam-doc-02.jpg 600w, https:\/\/luan.webrt.net\/qhome\/wp-content\/uploads\/2024\/04\/ban-giam-doc-02-100x100.jpg 100w, https:\/\/luan.webrt.net\/qhome\/wp-content\/uploads\/2024\/04\/ban-giam-doc-02-510x510.jpg 510w, https:\/\/luan.webrt.net\/qhome\/wp-content\/uploads\/2024\/04\/ban-giam-doc-02-400x400.jpg 400w, https:\/\/luan.webrt.net\/qhome\/wp-content\/uploads\/2024\/04\/ban-giam-doc-02-280x280.jpg 280w\" sizes=\"auto, (max-width: 600px) 100vw, 600px\" \/><figcaption id=\"caption-attachment-8880\" class=\"wp-caption-text\">B\u00e0n gi\u00e1m \u0111\u1ed1c QBD18<\/figcaption><\/figure>\n<figure id=\"attachment_8881\" aria-describedby=\"caption-attachment-8881\" style=\"width: 600px\" class=\"wp-caption aligncenter\"><img loading=\"lazy\" decoding=\"async\" class=\"wp-image-8881 size-full\" src=\"http:\/\/qghome.vn\/wp-content\/uploads\/2024\/04\/ban-giam-doc-21.jpg\" alt=\"B\u00e0n gi\u00e1m \u0111\u1ed1c QBD18.1\" width=\"600\" height=\"600\" srcset=\"https:\/\/luan.webrt.net\/qhome\/wp-content\/uploads\/2024\/04\/ban-giam-doc-21.jpg 600w, https:\/\/luan.webrt.net\/qhome\/wp-content\/uploads\/2024\/04\/ban-giam-doc-21-100x100.jpg 100w, https:\/\/luan.webrt.net\/qhome\/wp-content\/uploads\/2024\/04\/ban-giam-doc-21-510x510.jpg 510w, https:\/\/luan.webrt.net\/qhome\/wp-content\/uploads\/2024\/04\/ban-giam-doc-21-400x400.jpg 400w, https:\/\/luan.webrt.net\/qhome\/wp-content\/uploads\/2024\/04\/ban-giam-doc-21-280x280.jpg 280w\" sizes=\"auto, (max-width: 600px) 100vw, 600px\" \/><figcaption id=\"caption-attachment-8881\" class=\"wp-caption-text\">B\u00e0n gi\u00e1m \u0111\u1ed1c QBD18.1<\/figcaption><\/figure>\n<figure id=\"attachment_8882\" aria-describedby=\"caption-attachment-8882\" style=\"width: 600px\" class=\"wp-caption aligncenter\"><img loading=\"lazy\" decoding=\"async\" class=\"wp-image-8882 size-full\" src=\"http:\/\/qghome.vn\/wp-content\/uploads\/2024\/04\/ban-giam-doc-22.jpg\" alt=\"B\u00e0n gi\u00e1m \u0111\u1ed1c QBD18.2\" width=\"600\" height=\"600\" srcset=\"https:\/\/luan.webrt.net\/qhome\/wp-content\/uploads\/2024\/04\/ban-giam-doc-22.jpg 600w, https:\/\/luan.webrt.net\/qhome\/wp-content\/uploads\/2024\/04\/ban-giam-doc-22-100x100.jpg 100w, https:\/\/luan.webrt.net\/qhome\/wp-content\/uploads\/2024\/04\/ban-giam-doc-22-510x510.jpg 510w, https:\/\/luan.webrt.net\/qhome\/wp-content\/uploads\/2024\/04\/ban-giam-doc-22-400x400.jpg 400w, https:\/\/luan.webrt.net\/qhome\/wp-content\/uploads\/2024\/04\/ban-giam-doc-22-280x280.jpg 280w\" sizes=\"auto, (max-width: 600px) 100vw, 600px\" \/><figcaption id=\"caption-attachment-8882\" class=\"wp-caption-text\">B\u00e0n gi\u00e1m \u0111\u1ed1c QBD18.2<\/figcaption><\/figure>\n<figure id=\"attachment_8883\" aria-describedby=\"caption-attachment-8883\" style=\"width: 600px\" class=\"wp-caption aligncenter\"><img loading=\"lazy\" decoding=\"async\" class=\"wp-image-8883 size-full\" src=\"http:\/\/qghome.vn\/wp-content\/uploads\/2024\/04\/ban-giam-doc-23.jpg\" alt=\"B\u00e0n gi\u00e1m \u0111\u1ed1c QBD18.3\" width=\"600\" height=\"600\" srcset=\"https:\/\/luan.webrt.net\/qhome\/wp-content\/uploads\/2024\/04\/ban-giam-doc-23.jpg 600w, https:\/\/luan.webrt.net\/qhome\/wp-content\/uploads\/2024\/04\/ban-giam-doc-23-100x100.jpg 100w, https:\/\/luan.webrt.net\/qhome\/wp-content\/uploads\/2024\/04\/ban-giam-doc-23-510x510.jpg 510w, https:\/\/luan.webrt.net\/qhome\/wp-content\/uploads\/2024\/04\/ban-giam-doc-23-400x400.jpg 400w, https:\/\/luan.webrt.net\/qhome\/wp-content\/uploads\/2024\/04\/ban-giam-doc-23-280x280.jpg 280w\" sizes=\"auto, (max-width: 600px) 100vw, 600px\" \/><figcaption id=\"caption-attachment-8883\" class=\"wp-caption-text\">B\u00e0n gi\u00e1m \u0111\u1ed1c QBD18.3<\/figcaption><\/figure>\n<figure id=\"attachment_8884\" aria-describedby=\"caption-attachment-8884\" style=\"width: 600px\" class=\"wp-caption aligncenter\"><img loading=\"lazy\" decoding=\"async\" class=\"wp-image-8884 size-full\" src=\"http:\/\/qghome.vn\/wp-content\/uploads\/2024\/04\/ban-giam-doc-24.jpg\" alt=\"B\u00e0n gi\u00e1m \u0111\u1ed1c QBD18.4\" width=\"600\" height=\"600\" srcset=\"https:\/\/luan.webrt.net\/qhome\/wp-content\/uploads\/2024\/04\/ban-giam-doc-24.jpg 600w, https:\/\/luan.webrt.net\/qhome\/wp-content\/uploads\/2024\/04\/ban-giam-doc-24-100x100.jpg 100w, https:\/\/luan.webrt.net\/qhome\/wp-content\/uploads\/2024\/04\/ban-giam-doc-24-510x510.jpg 510w, https:\/\/luan.webrt.net\/qhome\/wp-content\/uploads\/2024\/04\/ban-giam-doc-24-400x400.jpg 400w, https:\/\/luan.webrt.net\/qhome\/wp-content\/uploads\/2024\/04\/ban-giam-doc-24-280x280.jpg 280w\" sizes=\"auto, (max-width: 600px) 100vw, 600px\" \/><figcaption id=\"caption-attachment-8884\" class=\"wp-caption-text\">B\u00e0n gi\u00e1m \u0111\u1ed1c QBD18.4<\/figcaption><\/figure>\n<figure id=\"attachment_8885\" aria-describedby=\"caption-attachment-8885\" style=\"width: 600px\" class=\"wp-caption aligncenter\"><img loading=\"lazy\" decoding=\"async\" class=\"wp-image-8885 size-full\" src=\"http:\/\/qghome.vn\/wp-content\/uploads\/2024\/04\/ban-giam-doc-25.jpg\" alt=\"B\u00e0n gi\u00e1m \u0111\u1ed1c QBD18.5\" width=\"600\" height=\"600\" srcset=\"https:\/\/luan.webrt.net\/qhome\/wp-content\/uploads\/2024\/04\/ban-giam-doc-25.jpg 600w, https:\/\/luan.webrt.net\/qhome\/wp-content\/uploads\/2024\/04\/ban-giam-doc-25-100x100.jpg 100w, https:\/\/luan.webrt.net\/qhome\/wp-content\/uploads\/2024\/04\/ban-giam-doc-25-510x510.jpg 510w, https:\/\/luan.webrt.net\/qhome\/wp-content\/uploads\/2024\/04\/ban-giam-doc-25-400x400.jpg 400w, https:\/\/luan.webrt.net\/qhome\/wp-content\/uploads\/2024\/04\/ban-giam-doc-25-280x280.jpg 280w\" sizes=\"auto, (max-width: 600px) 100vw, 600px\" \/><figcaption id=\"caption-attachment-8885\" class=\"wp-caption-text\">B\u00e0n gi\u00e1m \u0111\u1ed1c QBD18.5<\/figcaption><\/figure>\n<p style=\"text-align: center;\"><span style=\"color: #282828;\"><strong><span style=\"font-size: 200%;\">L\u1ef1a Ch\u1ecdn M\u00e0u S\u1eafc<\/span><\/strong><\/span><\/p>\n<p>L\u01b0u \u00fd: Kh\u00e1ch h\u00e0ng l\u1ef1a ch\u1ecdn theo m\u00e3 m\u00e0u sau \u0111\u00e2y s\u1ebd m\u1ea5t 2-3 ng\u00e0y \u0111\u1ec3 ho\u00e0n thi\u1ec7n.<\/p>\n<table style=\"border-collapse: collapse; width: 71.3991%; height: 254px;\">\n<tbody>\n<tr>\n<td style=\"width: 33.3333%; text-align: center;\"><img loading=\"lazy\" decoding=\"async\" class=\"size-full wp-image-8886\" style=\"color: #555555;\" src=\"http:\/\/qghome.vn\/wp-content\/uploads\/2024\/04\/ma-mau-dh03-370x186-1.jpg\" alt=\"\" width=\"370\" height=\"186\" \/><\/td>\n<td style=\"width: 33.3333%;\"><img loading=\"lazy\" decoding=\"async\" class=\"size-full wp-image-8888 alignnone\" style=\"color: #555555;\" src=\"http:\/\/qghome.vn\/wp-content\/uploads\/2024\/04\/ma-mau-dh15-370x186-1.jpg\" alt=\"\" width=\"370\" height=\"186\" \/><\/td>\n<td style=\"width: 33.3333%;\"><img loading=\"lazy\" decoding=\"async\" class=\"size-full wp-image-8890 alignnone\" style=\"color: #555555;\" src=\"http:\/\/qghome.vn\/wp-content\/uploads\/2024\/04\/ma-mau-dh61-370x186-1.jpg\" alt=\"\" width=\"370\" height=\"186\" \/><\/td>\n<\/tr>\n<tr>\n<td style=\"width: 33.3333%; text-align: center;\"><img loading=\"lazy\" decoding=\"async\" class=\"size-full wp-image-8887 alignnone\" style=\"color: #555555;\" src=\"http:\/\/qghome.vn\/wp-content\/uploads\/2024\/04\/ma-mau-dh12-370x186-1.jpg\" alt=\"\" width=\"370\" height=\"186\" \/><\/td>\n<td style=\"width: 33.3333%; text-align: center;\"><img loading=\"lazy\" decoding=\"async\" class=\"size-full wp-image-8889 alignnone\" style=\"color: #555555;\" src=\"http:\/\/qghome.vn\/wp-content\/uploads\/2024\/04\/ma-mau-dh44-370x186-1.jpg\" alt=\"\" width=\"370\" height=\"186\" \/><\/td>\n<td style=\"width: 33.3333%; text-align: center;\"><img loading=\"lazy\" decoding=\"async\" class=\"size-full wp-image-8891 alignnone\" style=\"color: #555555;\" src=\"http:\/\/qghome.vn\/wp-content\/uploads\/2024\/04\/ma-mau-dh88-370x186-1.jpg\" alt=\"\" width=\"370\" height=\"186\" \/><\/td>\n<\/tr>\n<\/tbody>\n<\/table>\n<div style=\"text-align: justify;\"><span style=\"font-size: 100%;\">T\u1ea1i Sao N\u00ean Ch\u1ecdn QGHome:<\/span><\/div>\n<div style=\"text-align: justify;\"><span style=\"font-size: 100%;\">N\u1ed9i Th\u1ea5t QGHome l\u00e0 c\u01a1 s\u1edf s\u1ea3n xu\u1ea5t, thi\u1ebft k\u1ebf thi c\u00f4ng n\u1ed9i th\u1ea5t v\u0103n ph\u00f2ng v\u1edbi h\u01a1n 10 n\u0103m kinh nghi\u1ec7m:<\/span><\/div>\n<div style=\"text-align: justify;\"><span style=\"font-size: 100%;\">&#8211; L\u1eafp \u0111\u1eb7t trong ng\u00e0y v\u1edbi kh\u00e1ch h\u00e0ng c\u00f3 nhu c\u1ea7u.<\/span><\/div>\n<div style=\"text-align: justify;\"><span style=\"font-size: 100%;\">&#8211; \u00c1p d\u1ee5ng nhi\u1ec1u ch\u01b0\u01a1ng tr\u00ecnh khuy\u1ebfn m\u00e3i l\u1edbn l\u00ean t\u1edbi 50%.<\/span><\/div>\n<div style=\"text-align: justify;\"><span style=\"font-size: 100%;\">&#8211; Cung c\u1ea5p tr\u1ecdn g\u00f3i n\u1ed9i th\u1ea5t 1 v\u0103n ph\u00f2ng, v\u1edbi gi\u00e1 c\u1ea3 \u01b0u \u0111\u00e3i nh\u1ea5t .<\/span><\/div>\n<div style=\"text-align: justify;\"><span style=\"font-size: 100%;\">&#8211; N\u1ed9i th\u1ea5t QGHome c\u00f3 \u0111\u1ed9i nh\u00e2n vi\u00ean t\u01b0 v\u1ea5n v\u00e0 l\u1eafp \u0111\u1eb7t chuy\u00ean nghi\u1ec7p, t\u1eadn t\u00ecnh, mi\u1ec5n ph\u00ed.<\/span><\/div>\n<div style=\"text-align: justify;\"><span style=\"font-size: 100%;\">&#8211; Ch\u1ea5t l\u01b0\u1ee3ng s\u1ea3n ph\u1ea9m \u0111\u1ea3m b\u1ea3o, cam k\u1ebft ch\u00ednh h\u00e3ng, \u0111\u01b0\u1ee3c ki\u1ec3m tra h\u00e0ng tr\u01b0\u1edbc khi nh\u1eadn.<\/span><\/div>\n<div style=\"text-align: justify;\"><span style=\"font-size: 100%;\">&#8211; H\u00e0ng c\u00f3 s\u1eb5n trong kho l\u1edbn , giao h\u00e0ng nhanh, \u0111\u00e1p \u1ee9ng m\u1ecdi nhu c\u1ea7u kh\u00e1ch h\u00e0ng<\/span><\/div>\n<div style=\"text-align: justify;\"><\/div>\n<div style=\"text-align: justify;\"><span style=\"font-size: 100%;\">S\u1ea3n ph\u1ea9m \u0111\u01b0\u1ee3c b\u1ea3o h\u00e0nh mi\u1ec5n ph\u00ed n\u1ebfu s\u1ea3n ph\u1ea9m \u0111\u00f3 h\u1ed9i \u0111\u1ee7 c\u00e1c \u0111i\u1ec1u ki\u1ec7n sau:<\/span><\/div>\n<div style=\"text-align: justify;\"><span style=\"font-size: 100%;\">&#8211; S\u1ea3n ph\u1ea9m b\u1ecb l\u1ed7i k\u1ef9 thu\u1eadt do nh\u00e0 s\u1ea3n xu\u1ea5t<\/span><\/div>\n<div style=\"text-align: justify;\"><span style=\"font-size: 100%;\">&#8211; C\u00f2n trong th\u1eddi h\u1ea1n b\u1ea3o h\u00e0nh (tr\u00ean phi\u1ebfu b\u1ea3o h\u00e0nh ho\u1eb7c tr\u00ean h\u1ec7 th\u1ed1ng b\u1ea3o h\u00e0nh \u0111i\u1ec7n t\u1eed)<\/span><\/div>\n<div style=\"text-align: justify;\"><span style=\"font-size: 100%;\">&#8211; C\u00f3 h\u00f3a \u0111\u01a1n \u0111i\u1ec7n t\u1eed (khi Ng\u01b0\u1eddi mua c\u00f3 y\u00eau c\u1ea7u) ho\u1eb7c m\u00e3 \u0111\u01a1n h\u00e0ng.<\/span><\/div>\n<div style=\"text-align: justify;\"><span style=\"font-size: 100%;\">T\u1ea5t c\u1ea3 c\u00e1c tr\u01b0\u1eddng h\u1ee3p kh\u00e1ch h\u00e0ng b\u00e1o l\u1ed7i trong ph\u1ea1m vi ch\u01b0a r\u00f5 r\u00e0ng ho\u1eb7c ch\u01b0a ch\u1eafc ch\u1eafn \u0111\u1ec1u ph\u1ea3i chuy\u1ec3n cho b\u1ed9 ph\u1eadn b\u00e1n h\u00e0ng th\u1ea9m \u0111\u1ecbnh tr\u01b0\u1edbc khi ra quy\u1ebft \u0111\u1ecbnh b\u1ea3o h\u00e0nh ho\u1eb7c tr\u1ea3 h\u00e0ng.<\/span><\/div>\n<div style=\"text-align: justify;\"><span style=\"font-size: 100%;\">QGHome t\u1ef1 h\u00e0o l\u00e0 nh\u00e0 m\u00e1y d\u1eabn \u0111\u1ea7u trong ngh\u00e0nh s\u1ea3n xu\u1ea5t, thi c\u00f4ng, l\u1eafp \u0111\u1eb7t n\u1ed9i th\u1ea5t v\u0103n ph\u00f2ng. \u0110\u1ed3ng h\u00e0nh c\u00f9ng nhi\u1ec1u doanh nghi\u1ec7p c\u00f9ng ki\u1ebfn t\u1ea1o n\u00ean nh\u1eefng s\u1ea3n ph\u1ea9m\u00a0 ch\u1ea5t l\u01b0\u1ee3ng &amp; \u0111\u1eb3ng c\u1ea5p trong 10 n\u0103m qua.<\/span><\/div>\n<div style=\"text-align: justify;\"><\/div>\n<div style=\"text-align: justify;\"><span style=\"font-size: 100%;\">M\u1ecdi chi ti\u1ebft xin li\u00ean h\u1ec7<\/span><\/div>\n<div style=\"text-align: justify;\"><span style=\"font-size: 100%;\">Hotline : 0983 368 623<\/span><\/div>\n","protected":false},"excerpt":{"rendered":"<p>M\u1ed9t trong nh\u1eefng d\u00f2ng s\u1ea3n ph\u1ea9m b\u00e0n t\u1ee7 l\u00e3nh \u0111\u1ea1o cao c\u1ea5p \u0111\u01b0\u1ee3c t\u00ecm ki\u1ebfm nhi\u1ec1u nh\u1ea5t t\u1ea1i QGHome \u2013 ch\u00fang ta kh\u00f4ng th\u1ec3 kh\u00f4ng nh\u1eafc \u0111\u1ebfn m\u1eabu b\u00e0n gi\u00e1m \u0111\u1ed1c QBD18. Ki\u1ec3u d\u00e1ng sang tr\u1ecdng c\u00f9ng m\u1eabu m\u00e3 thi\u1ebft k\u1ebf \u1ea5n t\u01b0\u1ee3ng, b\u00e0n QBD18 lu\u00f4n l\u00e0 gi\u1ea3i ph\u00e1p l\u1eafp \u0111\u1eb7t h\u00e0ng \u0111\u1ea7u cho v\u0103n&#8230;<\/p>\n","protected":false},"featured_media":8883,"comment_status":"open","ping_status":"closed","template":"","meta":[],"product_cat":[119,215],"product_tag":[],"class_list":["post-8879","product","type-product","status-publish","has-post-thumbnail","hentry","product_cat-san-pham","product_cat-ban-giam-doc-qg"],"yoast_head":"<!-- This site is optimized with the Yoast SEO plugin v19.9 - https:\/\/yoast.com\/wordpress\/plugins\/seo\/ -->\n<title>B\u00e0n gi\u00e1m \u0111\u1ed1c QBD18<\/title>\n<meta name=\"description\" content=\"B\u00e0n gi\u00e1m \u0111\u1ed1c h\u00ecnh ch\u1eef L v\u1edbi thi\u1ebft k\u1ebf thanh l\u1ecbch, \u0111\u01a1n gi\u1ea3n gi\u00fap kh\u00f4ng gian l\u00e0m vi\u1ec7c tr\u1edf n\u00ean chuy\u00ean nghi\u1ec7p h\u01a1n. C\u00f3 b\u1ea3o h\u00e0nh v\u00e0 l\u1eafp \u0111\u1eb7t t\u1eadn nh\u00e0.\" \/>\n<meta name=\"robots\" content=\"index, follow, max-snippet:-1, max-image-preview:large, max-video-preview:-1\" \/>\n<link rel=\"canonical\" href=\"https:\/\/luan.webrt.net\/qhome\/san-pham\/ban-giam-doc-qbd18\/\" \/>\n<meta property=\"og:locale\" content=\"vi_VN\" \/>\n<meta property=\"og:type\" content=\"article\" \/>\n<meta property=\"og:title\" content=\"B\u00e0n gi\u00e1m \u0111\u1ed1c QBD18\" \/>\n<meta property=\"og:description\" content=\"B\u00e0n gi\u00e1m \u0111\u1ed1c h\u00ecnh ch\u1eef L v\u1edbi thi\u1ebft k\u1ebf thanh l\u1ecbch, \u0111\u01a1n gi\u1ea3n gi\u00fap kh\u00f4ng gian l\u00e0m vi\u1ec7c tr\u1edf n\u00ean chuy\u00ean nghi\u1ec7p h\u01a1n. C\u00f3 b\u1ea3o h\u00e0nh v\u00e0 l\u1eafp \u0111\u1eb7t t\u1eadn nh\u00e0.\" \/>\n<meta property=\"og:url\" content=\"https:\/\/luan.webrt.net\/qhome\/san-pham\/ban-giam-doc-qbd18\/\" \/>\n<meta property=\"og:site_name\" content=\"M\u1eabu web n\u1ed9i th\u1ea5t\" \/>\n<meta property=\"article:publisher\" content=\"https:\/\/www.facebook.com\/noithatqghome\" \/>\n<meta property=\"article:modified_time\" content=\"2025-08-17T07:45:50+00:00\" \/>\n<meta property=\"og:image\" content=\"https:\/\/luan.webrt.net\/qhome\/wp-content\/uploads\/2024\/04\/ban-giam-doc-23.jpg\" \/>\n\t<meta property=\"og:image:width\" content=\"600\" \/>\n\t<meta property=\"og:image:height\" content=\"600\" \/>\n\t<meta property=\"og:image:type\" content=\"image\/jpeg\" \/>\n<meta name=\"twitter:card\" content=\"summary_large_image\" \/>\n<meta name=\"twitter:label1\" content=\"\u01af\u1edbc t\u00ednh th\u1eddi gian \u0111\u1ecdc\" \/>\n\t<meta name=\"twitter:data1\" content=\"6 ph\u00fat\" \/>\n<script type=\"application\/ld+json\" class=\"yoast-schema-graph\">{\"@context\":\"https:\/\/schema.org\",\"@graph\":[{\"@type\":\"WebPage\",\"@id\":\"https:\/\/luan.webrt.net\/qhome\/san-pham\/ban-giam-doc-qbd18\/\",\"url\":\"https:\/\/luan.webrt.net\/qhome\/san-pham\/ban-giam-doc-qbd18\/\",\"name\":\"B\u00e0n gi\u00e1m \u0111\u1ed1c QBD18\",\"isPartOf\":{\"@id\":\"https:\/\/luan.webrt.net\/qhome\/#website\"},\"datePublished\":\"2024-04-17T14:25:49+00:00\",\"dateModified\":\"2025-08-17T07:45:50+00:00\",\"description\":\"B\u00e0n gi\u00e1m \u0111\u1ed1c h\u00ecnh ch\u1eef L v\u1edbi thi\u1ebft k\u1ebf thanh l\u1ecbch, \u0111\u01a1n gi\u1ea3n gi\u00fap kh\u00f4ng gian l\u00e0m vi\u1ec7c tr\u1edf n\u00ean chuy\u00ean nghi\u1ec7p h\u01a1n. C\u00f3 b\u1ea3o h\u00e0nh v\u00e0 l\u1eafp \u0111\u1eb7t t\u1eadn nh\u00e0.\",\"breadcrumb\":{\"@id\":\"https:\/\/luan.webrt.net\/qhome\/san-pham\/ban-giam-doc-qbd18\/#breadcrumb\"},\"inLanguage\":\"vi\",\"potentialAction\":[{\"@type\":\"ReadAction\",\"target\":[\"https:\/\/luan.webrt.net\/qhome\/san-pham\/ban-giam-doc-qbd18\/\"]}]},{\"@type\":\"BreadcrumbList\",\"@id\":\"https:\/\/luan.webrt.net\/qhome\/san-pham\/ban-giam-doc-qbd18\/#breadcrumb\",\"itemListElement\":[{\"@type\":\"ListItem\",\"position\":1,\"name\":\"Trang ch\u1ee7\",\"item\":\"https:\/\/luan.webrt.net\/qhome\/\"},{\"@type\":\"ListItem\",\"position\":2,\"name\":\"Shop\",\"item\":\"https:\/\/luan.webrt.net\/qhome\/shop\/\"},{\"@type\":\"ListItem\",\"position\":3,\"name\":\"B\u00e0n gi\u00e1m \u0111\u1ed1c QBD18\"}]},{\"@type\":\"WebSite\",\"@id\":\"https:\/\/luan.webrt.net\/qhome\/#website\",\"url\":\"https:\/\/luan.webrt.net\/qhome\/\",\"name\":\"M\u1eabu web n\u1ed9i th\u1ea5t\",\"description\":\"QGHome Vi\u1ec7t Nam\",\"publisher\":{\"@id\":\"https:\/\/luan.webrt.net\/qhome\/#organization\"},\"potentialAction\":[{\"@type\":\"SearchAction\",\"target\":{\"@type\":\"EntryPoint\",\"urlTemplate\":\"https:\/\/luan.webrt.net\/qhome\/?s={search_term_string}\"},\"query-input\":\"required name=search_term_string\"}],\"inLanguage\":\"vi\"},{\"@type\":\"Organization\",\"@id\":\"https:\/\/luan.webrt.net\/qhome\/#organization\",\"name\":\"QGHome\",\"url\":\"https:\/\/luan.webrt.net\/qhome\/\",\"logo\":{\"@type\":\"ImageObject\",\"inLanguage\":\"vi\",\"@id\":\"https:\/\/luan.webrt.net\/qhome\/#\/schema\/logo\/image\/\",\"url\":\"https:\/\/qghome.vn\/wp-content\/uploads\/2025\/08\/logo-mau-MauTH-21.png\",\"contentUrl\":\"https:\/\/qghome.vn\/wp-content\/uploads\/2025\/08\/logo-mau-MauTH-21.png\",\"width\":253,\"height\":99,\"caption\":\"QGHome\"},\"image\":{\"@id\":\"https:\/\/luan.webrt.net\/qhome\/#\/schema\/logo\/image\/\"},\"sameAs\":[\"https:\/\/www.tiktok.com\/@qghome.official\",\"https:\/\/www.youtube.com\/channel\/UCeVBuKTXkv-u94DS421cklw\",\"https:\/\/www.facebook.com\/noithatqghome\"]}]}<\/script>\n<!-- \/ Yoast SEO plugin. -->","yoast_head_json":{"title":"B\u00e0n gi\u00e1m \u0111\u1ed1c QBD18","description":"B\u00e0n gi\u00e1m \u0111\u1ed1c h\u00ecnh ch\u1eef L v\u1edbi thi\u1ebft k\u1ebf thanh l\u1ecbch, \u0111\u01a1n gi\u1ea3n gi\u00fap kh\u00f4ng gian l\u00e0m vi\u1ec7c tr\u1edf n\u00ean chuy\u00ean nghi\u1ec7p h\u01a1n. C\u00f3 b\u1ea3o h\u00e0nh v\u00e0 l\u1eafp \u0111\u1eb7t t\u1eadn nh\u00e0.","robots":{"index":"index","follow":"follow","max-snippet":"max-snippet:-1","max-image-preview":"max-image-preview:large","max-video-preview":"max-video-preview:-1"},"canonical":"https:\/\/luan.webrt.net\/qhome\/san-pham\/ban-giam-doc-qbd18\/","og_locale":"vi_VN","og_type":"article","og_title":"B\u00e0n gi\u00e1m \u0111\u1ed1c QBD18","og_description":"B\u00e0n gi\u00e1m \u0111\u1ed1c h\u00ecnh ch\u1eef L v\u1edbi thi\u1ebft k\u1ebf thanh l\u1ecbch, \u0111\u01a1n gi\u1ea3n gi\u00fap kh\u00f4ng gian l\u00e0m vi\u1ec7c tr\u1edf n\u00ean chuy\u00ean nghi\u1ec7p h\u01a1n. C\u00f3 b\u1ea3o h\u00e0nh v\u00e0 l\u1eafp \u0111\u1eb7t t\u1eadn nh\u00e0.","og_url":"https:\/\/luan.webrt.net\/qhome\/san-pham\/ban-giam-doc-qbd18\/","og_site_name":"M\u1eabu web n\u1ed9i th\u1ea5t","article_publisher":"https:\/\/www.facebook.com\/noithatqghome","article_modified_time":"2025-08-17T07:45:50+00:00","og_image":[{"width":600,"height":600,"url":"https:\/\/luan.webrt.net\/qhome\/wp-content\/uploads\/2024\/04\/ban-giam-doc-23.jpg","type":"image\/jpeg"}],"twitter_card":"summary_large_image","twitter_misc":{"\u01af\u1edbc t\u00ednh th\u1eddi gian \u0111\u1ecdc":"6 ph\u00fat"},"schema":{"@context":"https:\/\/schema.org","@graph":[{"@type":"WebPage","@id":"https:\/\/luan.webrt.net\/qhome\/san-pham\/ban-giam-doc-qbd18\/","url":"https:\/\/luan.webrt.net\/qhome\/san-pham\/ban-giam-doc-qbd18\/","name":"B\u00e0n gi\u00e1m \u0111\u1ed1c QBD18","isPartOf":{"@id":"https:\/\/luan.webrt.net\/qhome\/#website"},"datePublished":"2024-04-17T14:25:49+00:00","dateModified":"2025-08-17T07:45:50+00:00","description":"B\u00e0n gi\u00e1m \u0111\u1ed1c h\u00ecnh ch\u1eef L v\u1edbi thi\u1ebft k\u1ebf thanh l\u1ecbch, \u0111\u01a1n gi\u1ea3n gi\u00fap kh\u00f4ng gian l\u00e0m vi\u1ec7c tr\u1edf n\u00ean chuy\u00ean nghi\u1ec7p h\u01a1n. C\u00f3 b\u1ea3o h\u00e0nh v\u00e0 l\u1eafp \u0111\u1eb7t t\u1eadn nh\u00e0.","breadcrumb":{"@id":"https:\/\/luan.webrt.net\/qhome\/san-pham\/ban-giam-doc-qbd18\/#breadcrumb"},"inLanguage":"vi","potentialAction":[{"@type":"ReadAction","target":["https:\/\/luan.webrt.net\/qhome\/san-pham\/ban-giam-doc-qbd18\/"]}]},{"@type":"BreadcrumbList","@id":"https:\/\/luan.webrt.net\/qhome\/san-pham\/ban-giam-doc-qbd18\/#breadcrumb","itemListElement":[{"@type":"ListItem","position":1,"name":"Trang ch\u1ee7","item":"https:\/\/luan.webrt.net\/qhome\/"},{"@type":"ListItem","position":2,"name":"Shop","item":"https:\/\/luan.webrt.net\/qhome\/shop\/"},{"@type":"ListItem","position":3,"name":"B\u00e0n gi\u00e1m \u0111\u1ed1c QBD18"}]},{"@type":"WebSite","@id":"https:\/\/luan.webrt.net\/qhome\/#website","url":"https:\/\/luan.webrt.net\/qhome\/","name":"M\u1eabu web n\u1ed9i th\u1ea5t","description":"QGHome Vi\u1ec7t Nam","publisher":{"@id":"https:\/\/luan.webrt.net\/qhome\/#organization"},"potentialAction":[{"@type":"SearchAction","target":{"@type":"EntryPoint","urlTemplate":"https:\/\/luan.webrt.net\/qhome\/?s={search_term_string}"},"query-input":"required name=search_term_string"}],"inLanguage":"vi"},{"@type":"Organization","@id":"https:\/\/luan.webrt.net\/qhome\/#organization","name":"QGHome","url":"https:\/\/luan.webrt.net\/qhome\/","logo":{"@type":"ImageObject","inLanguage":"vi","@id":"https:\/\/luan.webrt.net\/qhome\/#\/schema\/logo\/image\/","url":"https:\/\/qghome.vn\/wp-content\/uploads\/2025\/08\/logo-mau-MauTH-21.png","contentUrl":"https:\/\/qghome.vn\/wp-content\/uploads\/2025\/08\/logo-mau-MauTH-21.png","width":253,"height":99,"caption":"QGHome"},"image":{"@id":"https:\/\/luan.webrt.net\/qhome\/#\/schema\/logo\/image\/"},"sameAs":["https:\/\/www.tiktok.com\/@qghome.official","https:\/\/www.youtube.com\/channel\/UCeVBuKTXkv-u94DS421cklw","https:\/\/www.facebook.com\/noithatqghome"]}]}},"_links":{"self":[{"href":"https:\/\/luan.webrt.net\/qhome\/wp-json\/wp\/v2\/product\/8879","targetHints":{"allow":["GET"]}}],"collection":[{"href":"https:\/\/luan.webrt.net\/qhome\/wp-json\/wp\/v2\/product"}],"about":[{"href":"https:\/\/luan.webrt.net\/qhome\/wp-json\/wp\/v2\/types\/product"}],"replies":[{"embeddable":true,"href":"https:\/\/luan.webrt.net\/qhome\/wp-json\/wp\/v2\/comments?post=8879"}],"wp:featuredmedia":[{"embeddable":true,"href":"https:\/\/luan.webrt.net\/qhome\/wp-json\/wp\/v2\/media\/8883"}],"wp:attachment":[{"href":"https:\/\/luan.webrt.net\/qhome\/wp-json\/wp\/v2\/media?parent=8879"}],"wp:term":[{"taxonomy":"product_cat","embeddable":true,"href":"https:\/\/luan.webrt.net\/qhome\/wp-json\/wp\/v2\/product_cat?post=8879"},{"taxonomy":"product_tag","embeddable":true,"href":"https:\/\/luan.webrt.net\/qhome\/wp-json\/wp\/v2\/product_tag?post=8879"}],"curies":[{"name":"wp","href":"https:\/\/api.w.org\/{rel}","templated":true}]}}