{"id":8855,"date":"2024-04-17T08:15:31","date_gmt":"2024-04-17T08:15:31","guid":{"rendered":"https:\/\/qghome.vn\/?post_type=product&#038;p=8855"},"modified":"2025-05-25T07:15:48","modified_gmt":"2025-05-25T07:15:48","slug":"ghe-truong-phong-qgtp05","status":"publish","type":"product","link":"https:\/\/luan.webrt.net\/qhome\/san-pham\/ghe-truong-phong-qgtp05\/","title":{"rendered":"Gh\u1ebf tr\u01b0\u1edfng ph\u00f2ng QGTP05"},"content":{"rendered":"<p><span style=\"color: #282828;\">Gh\u1ebf tr\u01b0\u1edfng ph\u00f2ng th\u01b0\u1eddng \u0111\u01b0\u1ee3c thi\u1ebft k\u1ebf \u0111\u1ec3 ph\u1ea3n \u00e1nh s\u1ef1 \u0111\u1eb3ng c\u1ea5p v\u00e0 quy\u1ec1n l\u1ef1c c\u1ee7a v\u1ecb tr\u00ed qu\u1ea3n l\u00fd cao c\u1ea5p. \u0110\u01b0\u1ee3c trang b\u1ecb c\u00e1c t\u00ednh n\u0103ng ti\u1ec7n \u00edch nh\u01b0 c\u00e1c c\u1ea7n \u0111i\u1ec1u ch\u1ec9nh \u0111a chi\u1ec1u, ch\u1ee9c n\u0103ng xoay 360 \u0111\u1ed9 v\u00e0 c\u1ea7n \u0111i\u1ec1u ch\u1ec9nh \u0111\u1ed9 cao. M\u1ed9t \u0111i\u1ec3m \u0111\u1eb7c bi\u1ec7t c\u1ee7a gh\u1ebf tr\u01b0\u1edfng ph\u00f2ng l\u00e0 s\u1ef1 ch\u00fa tr\u1ecdng v\u00e0o c\u1ea3m gi\u00e1c tho\u1ea3i m\u00e1i v\u00e0 h\u1ed7 tr\u1ee3. \u0110i\u1ec1u n\u00e0y th\u01b0\u1eddng \u0111\u01b0\u1ee3c th\u1ec3 hi\u1ec7n qua c\u00e1c \u0111\u1ec7m ng\u1ed3i v\u00e0 t\u1ef1a l\u01b0ng \u00eam \u00e1i, c\u00f9ng v\u1edbi c\u00e1c t\u00ednh n\u0103ng \u0111i\u1ec1u ch\u1ec9nh nh\u01b0 \u0111\u1ec7m \u0111\u1ea7u v\u00e0 tay v\u1ecbn c\u00f3 th\u1ec3 \u0111i\u1ec1u ch\u1ec9nh \u0111\u01b0\u1ee3c.<\/span><\/p>\n<p><span style=\"color: #282828;\">Gh\u1ebf tr\u01b0\u1edfng ph\u00f2ng QGTP05 kh\u00f4ng ch\u1ec9 l\u00e0 m\u1ed9t chi\u1ebfc gh\u1ebf \u0111\u01a1n thu\u1ea7n m\u00e0 c\u00f2n l\u00e0 bi\u1ec3u t\u01b0\u1ee3ng c\u1ee7a s\u1ef1 tinh t\u1ebf v\u00e0 \u0111\u1eb3ng c\u1ea5p. V\u1edbi ki\u1ec3u d\u00e1ng hi\u1ec7n \u0111\u1ea1i v\u00e0 sang tr\u1ecdng, \u0111\u01b0\u1ee3c ch\u1ebf t\u00e1c t\u1eeb ch\u1ea5t li\u1ec7u da PU cao c\u1ea5p, gh\u1ebf n\u00e0y kh\u00f4ng ch\u1ec9 \u0111em l\u1ea1i c\u1ea3m gi\u00e1c tho\u1ea3i m\u00e1i m\u00e0 c\u00f2n t\u00f4n l\u00ean v\u1ebb \u0111\u1eb9p v\u00e0 t\u00ednh th\u1ea9m m\u1ef9 cao trong kh\u00f4ng gian l\u00e0m vi\u1ec7c.<\/span><\/p>\n<h2 style=\"text-align: center;\"><span style=\"font-size: 140%; color: #333399;\"><strong>\u01afU \u0110I\u1ec2M S\u1ea2N PH\u1ea8M<\/strong><\/span><\/h2>\n<ul>\n<li><span style=\"color: #282828;\">L\u01b0ng v\u00e0 \u0111\u1ec7m m\u00fat l\u01b0\u1edbi c\u00f3 \u0111\u1ed9 d\u00e0n h\u1ed3i cao kh\u00f4ng bi\u1ebfn d\u1ea1ng x\u1eb9p l\u00fan<\/span><\/li>\n<li><span style=\"color: #282828;\">Ch\u00e2n sao \u0111\u01b0\u1ee3c l\u00e0m t\u1eeb th\u00e9p m\u1ea1 Crom ch\u1ecbu l\u1ef1c ch\u1eafc ch\u1eafn<\/span><\/li>\n<li>Tay gh\u1ebf vu\u00f4ng c\u1ed1 \u0111\u1ecbnh thi\u1ebft k\u1ebf c\u1ee9ng c\u00e1p, ch\u1eafc ch\u1eafn<\/li>\n<li><span style=\"color: #282828;\">C\u00f3 pistong n\u00e2ng h\u1ea1 linh ho\u1ea1t<\/span><\/li>\n<li><span style=\"color: #282828;\">B\u00e1nh xe di chuy\u1ec3n 360 \u0111\u1ed9<\/span><\/li>\n<li><span style=\"color: #282828;\">K\u00edch th\u01b0\u1edbc: R\u1ed9ng 580 \u2013 s\u00e2u 600 \u2013 cao 1160-1380mm<\/span><\/li>\n<li><span style=\"color: #282828;\">M\u00e0u s\u1eafc: \u0111en<\/span><\/li>\n<\/ul>\n<p><span style=\"color: #282828;\">\u0110\u1ebfn v\u1edbi N\u00f4\u0323i Th\u00e2\u0301t QGhome b\u1ea1n s\u1ebd c\u1ea3m nh\u1eadn \u0111\u01b0\u1ee3c c\u00e1c phong c\u00e1ch n\u1ed9i th\u1ea5t v\u0103n ph\u00f2ng \u0111\u1eb9p. Ngo\u00e0i ra b\u1ea1n c\u00f2n c\u00f3 th\u1ec3 s\u1edf h\u1eefu nh\u1eefng m\u1eabu n\u1ed9i th\u1ea5t kh\u00e1c \u0111\u1ea7y ti\u1ec7n nghi kh\u00e1c.<\/span><\/p>\n<figure id=\"attachment_10312\" aria-describedby=\"caption-attachment-10312\" style=\"width: 800px\" class=\"wp-caption aligncenter\"><img loading=\"lazy\" decoding=\"async\" class=\"wp-image-10312 size-large\" src=\"http:\/\/qghome.vn\/wp-content\/uploads\/2024\/04\/Chat-lieu-ghe-truong-phong-QGTP05-800x800.png\" alt=\"Ch\u1ea5t li\u1ec7u gh\u1ebf tr\u01b0\u1edfng ph\u00f2ng QGTP05\" width=\"800\" height=\"800\" srcset=\"https:\/\/luan.webrt.net\/qhome\/wp-content\/uploads\/2024\/04\/Chat-lieu-ghe-truong-phong-QGTP05-800x800.png 800w, https:\/\/luan.webrt.net\/qhome\/wp-content\/uploads\/2024\/04\/Chat-lieu-ghe-truong-phong-QGTP05-100x100.png 100w, https:\/\/luan.webrt.net\/qhome\/wp-content\/uploads\/2024\/04\/Chat-lieu-ghe-truong-phong-QGTP05-510x510.png 510w, https:\/\/luan.webrt.net\/qhome\/wp-content\/uploads\/2024\/04\/Chat-lieu-ghe-truong-phong-QGTP05-400x400.png 400w, https:\/\/luan.webrt.net\/qhome\/wp-content\/uploads\/2024\/04\/Chat-lieu-ghe-truong-phong-QGTP05-280x280.png 280w, https:\/\/luan.webrt.net\/qhome\/wp-content\/uploads\/2024\/04\/Chat-lieu-ghe-truong-phong-QGTP05-768x768.png 768w, https:\/\/luan.webrt.net\/qhome\/wp-content\/uploads\/2024\/04\/Chat-lieu-ghe-truong-phong-QGTP05.png 1080w\" sizes=\"auto, (max-width: 800px) 100vw, 800px\" \/><figcaption id=\"caption-attachment-10312\" class=\"wp-caption-text\">Ch\u1ea5t li\u1ec7u gh\u1ebf tr\u01b0\u1edfng ph\u00f2ng QGTP05<\/figcaption><\/figure>\n<figure id=\"attachment_10311\" aria-describedby=\"caption-attachment-10311\" style=\"width: 800px\" class=\"wp-caption aligncenter\"><img loading=\"lazy\" decoding=\"async\" class=\"wp-image-10311 size-large\" src=\"http:\/\/qghome.vn\/wp-content\/uploads\/2024\/04\/Kich-thuoc-ghe-truong-phong-QGTP05-800x800.png\" alt=\"K\u00edch th\u01b0\u1edbc gh\u1ebf tr\u01b0\u1edfng ph\u00f2ng QGTP05\" width=\"800\" height=\"800\" srcset=\"https:\/\/luan.webrt.net\/qhome\/wp-content\/uploads\/2024\/04\/Kich-thuoc-ghe-truong-phong-QGTP05-800x800.png 800w, https:\/\/luan.webrt.net\/qhome\/wp-content\/uploads\/2024\/04\/Kich-thuoc-ghe-truong-phong-QGTP05-100x100.png 100w, https:\/\/luan.webrt.net\/qhome\/wp-content\/uploads\/2024\/04\/Kich-thuoc-ghe-truong-phong-QGTP05-510x510.png 510w, https:\/\/luan.webrt.net\/qhome\/wp-content\/uploads\/2024\/04\/Kich-thuoc-ghe-truong-phong-QGTP05-400x400.png 400w, https:\/\/luan.webrt.net\/qhome\/wp-content\/uploads\/2024\/04\/Kich-thuoc-ghe-truong-phong-QGTP05-280x280.png 280w, https:\/\/luan.webrt.net\/qhome\/wp-content\/uploads\/2024\/04\/Kich-thuoc-ghe-truong-phong-QGTP05-768x768.png 768w, https:\/\/luan.webrt.net\/qhome\/wp-content\/uploads\/2024\/04\/Kich-thuoc-ghe-truong-phong-QGTP05.png 1080w\" sizes=\"auto, (max-width: 800px) 100vw, 800px\" \/><figcaption id=\"caption-attachment-10311\" class=\"wp-caption-text\">K\u00edch th\u01b0\u1edbc gh\u1ebf tr\u01b0\u1edfng ph\u00f2ng QGTP05<\/figcaption><\/figure>\n<h2 style=\"text-align: center;\"><span style=\"color: #333399; font-size: 140%;\"><strong>NH\u00c0 M\u00c1Y S\u1ea2N XU\u1ea4T QGHOME<\/strong><\/span><\/h2>\n<figure id=\"attachment_7785\" aria-describedby=\"caption-attachment-7785\" style=\"width: 800px\" class=\"wp-caption aligncenter\"><img loading=\"lazy\" decoding=\"async\" class=\"wp-image-7785 size-full\" src=\"http:\/\/qghome.vn\/wp-content\/uploads\/2024\/04\/nha-may-san-xuat-noi-that-qghome-viet-nam.jpg\" alt=\"Nh\u00e0 m\u00e1y s\u1ea3n xu\u1ea5t n\u1ed9i th\u1ea5t QGHOME Vi\u1ec7t Nam\" width=\"800\" height=\"468\" srcset=\"https:\/\/luan.webrt.net\/qhome\/wp-content\/uploads\/2024\/04\/nha-may-san-xuat-noi-that-qghome-viet-nam.jpg 800w, https:\/\/luan.webrt.net\/qhome\/wp-content\/uploads\/2024\/04\/nha-may-san-xuat-noi-that-qghome-viet-nam-510x298.jpg 510w, https:\/\/luan.webrt.net\/qhome\/wp-content\/uploads\/2024\/04\/nha-may-san-xuat-noi-that-qghome-viet-nam-684x400.jpg 684w, https:\/\/luan.webrt.net\/qhome\/wp-content\/uploads\/2024\/04\/nha-may-san-xuat-noi-that-qghome-viet-nam-768x449.jpg 768w\" sizes=\"auto, (max-width: 800px) 100vw, 800px\" \/><figcaption id=\"caption-attachment-7785\" class=\"wp-caption-text\"><em>Nh\u00e0 m\u00e1y s\u1ea3n xu\u1ea5t n\u1ed9i th\u1ea5t QGHOME Vi\u1ec7t Nam<\/em><\/figcaption><\/figure>\n<figure id=\"attachment_7782\" aria-describedby=\"caption-attachment-7782\" style=\"width: 800px\" class=\"wp-caption aligncenter\"><img loading=\"lazy\" decoding=\"async\" class=\"wp-image-7782 size-full\" src=\"http:\/\/qghome.vn\/wp-content\/uploads\/2024\/04\/nha-may-noi-that-qghome-viet-nam.jpg\" alt=\"Nh\u00e0 m\u00e1y n\u1ed9i th\u1ea5t QGHOME Vi\u1ec7t Nam\" width=\"800\" height=\"468\" srcset=\"https:\/\/luan.webrt.net\/qhome\/wp-content\/uploads\/2024\/04\/nha-may-noi-that-qghome-viet-nam.jpg 800w, https:\/\/luan.webrt.net\/qhome\/wp-content\/uploads\/2024\/04\/nha-may-noi-that-qghome-viet-nam-510x298.jpg 510w, https:\/\/luan.webrt.net\/qhome\/wp-content\/uploads\/2024\/04\/nha-may-noi-that-qghome-viet-nam-684x400.jpg 684w, https:\/\/luan.webrt.net\/qhome\/wp-content\/uploads\/2024\/04\/nha-may-noi-that-qghome-viet-nam-768x449.jpg 768w\" sizes=\"auto, (max-width: 800px) 100vw, 800px\" \/><figcaption id=\"caption-attachment-7782\" class=\"wp-caption-text\"><em>Nh\u00e0 m\u00e1y n\u1ed9i th\u1ea5t QGHOME Vi\u1ec7t Nam<\/em><\/figcaption><\/figure>\n<figure id=\"attachment_7783\" aria-describedby=\"caption-attachment-7783\" style=\"width: 800px\" class=\"wp-caption aligncenter\"><img loading=\"lazy\" decoding=\"async\" class=\"wp-image-7783 size-full\" src=\"http:\/\/qghome.vn\/wp-content\/uploads\/2024\/04\/nha-may-qghome-viet-nam.jpg\" alt=\"\u0110\u01a1n v\u1ecb thi\u1ebft k\u1ebf n\u1ed9i th\u1ea5t uy t\u00edn - QGHOME\" width=\"800\" height=\"468\" srcset=\"https:\/\/luan.webrt.net\/qhome\/wp-content\/uploads\/2024\/04\/nha-may-qghome-viet-nam.jpg 800w, https:\/\/luan.webrt.net\/qhome\/wp-content\/uploads\/2024\/04\/nha-may-qghome-viet-nam-510x298.jpg 510w, https:\/\/luan.webrt.net\/qhome\/wp-content\/uploads\/2024\/04\/nha-may-qghome-viet-nam-684x400.jpg 684w, https:\/\/luan.webrt.net\/qhome\/wp-content\/uploads\/2024\/04\/nha-may-qghome-viet-nam-768x449.jpg 768w\" sizes=\"auto, (max-width: 800px) 100vw, 800px\" \/><figcaption id=\"caption-attachment-7783\" class=\"wp-caption-text\"><em>\u0110\u01a1n v\u1ecb thi\u1ebft k\u1ebf n\u1ed9i th\u1ea5t uy t\u00edn &#8211; QGHOME<\/em><\/figcaption><\/figure>\n","protected":false},"excerpt":{"rendered":"<p><strong>Th\u01b0\u01a1ng hi\u1ec7u:<\/strong> QGhome<\/p>\n<p><strong>Ch\u1ea5t li\u1ec7u:<\/strong> gh\u1ebf xoay l\u01b0\u1edbi t\u1ef1a \u0111\u1ea7u<\/p>\n<p><strong>K\u00edch th\u01b0\u1edbc:<\/strong> <span style=\"color: #282828;\"> R\u1ed9ng 580 \u2013 s\u00e2u 600 \u2013 cao 1160-1380mm<\/span><\/p>\n<p><strong>M\u00e0u s\u1eafc:<\/strong> \u0111en<\/p>\n<p><strong>B\u1ea3o h\u00e0nh:<\/strong> 12 th\u00e1ng theo ti\u00eau chu\u1ea9n nh\u00e0 m\u00e1y<\/p>\n","protected":false},"featured_media":10315,"comment_status":"open","ping_status":"closed","template":"","meta":[],"product_cat":[295],"product_tag":[436,435,447,433],"class_list":["post-8855","product","type-product","status-publish","has-post-thumbnail","hentry","product_cat-ghe-truong-phong","product_tag-ghe-truong-phong","product_tag-ghe-truong-phong-dep","product_tag-ghe-truong-phong-re","product_tag-ghe-van-phong"],"yoast_head":"<!-- This site is optimized with the Yoast SEO plugin v19.9 - https:\/\/yoast.com\/wordpress\/plugins\/seo\/ -->\n<title>Gh\u1ebf tr\u01b0\u1edfng ph\u00f2ng QGTP05<\/title>\n<meta name=\"description\" content=\"Gh\u1ebf tr\u01b0\u1edfng ph\u00f2ng QGTP05 kh\u00f4ng ch\u1ec9 l\u00e0 m\u1ed9t chi\u1ebfc gh\u1ebf \u0111\u01a1n thu\u1ea7n m\u00e0 c\u00f2n l\u00e0 bi\u1ec3u t\u01b0\u1ee3ng c\u1ee7a s\u1ef1 tinh t\u1ebf v\u00e0 \u0111\u1eb3ng c\u1ea5p. V\u1edbi ki\u1ec3u d\u00e1ng hi\u1ec7n \u0111\u1ea1i v\u00e0 sang tr\u1ecdng\" \/>\n<meta name=\"robots\" content=\"index, follow, max-snippet:-1, max-image-preview:large, max-video-preview:-1\" \/>\n<link rel=\"canonical\" href=\"https:\/\/luan.webrt.net\/qhome\/san-pham\/ghe-truong-phong-qgtp05\/\" \/>\n<meta property=\"og:locale\" content=\"vi_VN\" \/>\n<meta property=\"og:type\" content=\"article\" \/>\n<meta property=\"og:title\" content=\"Gh\u1ebf tr\u01b0\u1edfng ph\u00f2ng QGTP05\" \/>\n<meta property=\"og:description\" content=\"Gh\u1ebf tr\u01b0\u1edfng ph\u00f2ng QGTP05 kh\u00f4ng ch\u1ec9 l\u00e0 m\u1ed9t chi\u1ebfc gh\u1ebf \u0111\u01a1n thu\u1ea7n m\u00e0 c\u00f2n l\u00e0 bi\u1ec3u t\u01b0\u1ee3ng c\u1ee7a s\u1ef1 tinh t\u1ebf v\u00e0 \u0111\u1eb3ng c\u1ea5p. V\u1edbi ki\u1ec3u d\u00e1ng hi\u1ec7n \u0111\u1ea1i v\u00e0 sang tr\u1ecdng\" \/>\n<meta property=\"og:url\" content=\"https:\/\/luan.webrt.net\/qhome\/san-pham\/ghe-truong-phong-qgtp05\/\" \/>\n<meta property=\"og:site_name\" content=\"M\u1eabu web n\u1ed9i th\u1ea5t\" \/>\n<meta property=\"article:publisher\" content=\"https:\/\/www.facebook.com\/noithatqghome\" \/>\n<meta property=\"article:modified_time\" content=\"2025-05-25T07:15:48+00:00\" \/>\n<meta property=\"og:image\" content=\"https:\/\/luan.webrt.net\/qhome\/wp-content\/uploads\/2024\/04\/Ghe-truong-phong-QGTP05.png\" \/>\n\t<meta property=\"og:image:width\" content=\"1080\" \/>\n\t<meta property=\"og:image:height\" content=\"1080\" \/>\n\t<meta property=\"og:image:type\" content=\"image\/png\" \/>\n<meta name=\"twitter:card\" content=\"summary_large_image\" \/>\n<meta name=\"twitter:label1\" content=\"\u01af\u1edbc t\u00ednh th\u1eddi gian \u0111\u1ecdc\" \/>\n\t<meta name=\"twitter:data1\" content=\"3 ph\u00fat\" \/>\n<script type=\"application\/ld+json\" class=\"yoast-schema-graph\">{\"@context\":\"https:\/\/schema.org\",\"@graph\":[{\"@type\":\"WebPage\",\"@id\":\"https:\/\/luan.webrt.net\/qhome\/san-pham\/ghe-truong-phong-qgtp05\/\",\"url\":\"https:\/\/luan.webrt.net\/qhome\/san-pham\/ghe-truong-phong-qgtp05\/\",\"name\":\"Gh\u1ebf tr\u01b0\u1edfng ph\u00f2ng QGTP05\",\"isPartOf\":{\"@id\":\"https:\/\/luan.webrt.net\/qhome\/#website\"},\"datePublished\":\"2024-04-17T08:15:31+00:00\",\"dateModified\":\"2025-05-25T07:15:48+00:00\",\"description\":\"Gh\u1ebf tr\u01b0\u1edfng ph\u00f2ng QGTP05 kh\u00f4ng ch\u1ec9 l\u00e0 m\u1ed9t chi\u1ebfc gh\u1ebf \u0111\u01a1n thu\u1ea7n m\u00e0 c\u00f2n l\u00e0 bi\u1ec3u t\u01b0\u1ee3ng c\u1ee7a s\u1ef1 tinh t\u1ebf v\u00e0 \u0111\u1eb3ng c\u1ea5p. V\u1edbi ki\u1ec3u d\u00e1ng hi\u1ec7n \u0111\u1ea1i v\u00e0 sang tr\u1ecdng\",\"breadcrumb\":{\"@id\":\"https:\/\/luan.webrt.net\/qhome\/san-pham\/ghe-truong-phong-qgtp05\/#breadcrumb\"},\"inLanguage\":\"vi\",\"potentialAction\":[{\"@type\":\"ReadAction\",\"target\":[\"https:\/\/luan.webrt.net\/qhome\/san-pham\/ghe-truong-phong-qgtp05\/\"]}]},{\"@type\":\"BreadcrumbList\",\"@id\":\"https:\/\/luan.webrt.net\/qhome\/san-pham\/ghe-truong-phong-qgtp05\/#breadcrumb\",\"itemListElement\":[{\"@type\":\"ListItem\",\"position\":1,\"name\":\"Trang ch\u1ee7\",\"item\":\"https:\/\/luan.webrt.net\/qhome\/\"},{\"@type\":\"ListItem\",\"position\":2,\"name\":\"Shop\",\"item\":\"https:\/\/luan.webrt.net\/qhome\/shop\/\"},{\"@type\":\"ListItem\",\"position\":3,\"name\":\"Gh\u1ebf tr\u01b0\u1edfng ph\u00f2ng QGTP05\"}]},{\"@type\":\"WebSite\",\"@id\":\"https:\/\/luan.webrt.net\/qhome\/#website\",\"url\":\"https:\/\/luan.webrt.net\/qhome\/\",\"name\":\"M\u1eabu web n\u1ed9i th\u1ea5t\",\"description\":\"QGHome Vi\u1ec7t Nam\",\"publisher\":{\"@id\":\"https:\/\/luan.webrt.net\/qhome\/#organization\"},\"potentialAction\":[{\"@type\":\"SearchAction\",\"target\":{\"@type\":\"EntryPoint\",\"urlTemplate\":\"https:\/\/luan.webrt.net\/qhome\/?s={search_term_string}\"},\"query-input\":\"required name=search_term_string\"}],\"inLanguage\":\"vi\"},{\"@type\":\"Organization\",\"@id\":\"https:\/\/luan.webrt.net\/qhome\/#organization\",\"name\":\"QGHome\",\"url\":\"https:\/\/luan.webrt.net\/qhome\/\",\"logo\":{\"@type\":\"ImageObject\",\"inLanguage\":\"vi\",\"@id\":\"https:\/\/luan.webrt.net\/qhome\/#\/schema\/logo\/image\/\",\"url\":\"https:\/\/qghome.vn\/wp-content\/uploads\/2025\/08\/logo-mau-MauTH-21.png\",\"contentUrl\":\"https:\/\/qghome.vn\/wp-content\/uploads\/2025\/08\/logo-mau-MauTH-21.png\",\"width\":253,\"height\":99,\"caption\":\"QGHome\"},\"image\":{\"@id\":\"https:\/\/luan.webrt.net\/qhome\/#\/schema\/logo\/image\/\"},\"sameAs\":[\"https:\/\/www.tiktok.com\/@qghome.official\",\"https:\/\/www.youtube.com\/channel\/UCeVBuKTXkv-u94DS421cklw\",\"https:\/\/www.facebook.com\/noithatqghome\"]}]}<\/script>\n<!-- \/ Yoast SEO plugin. -->","yoast_head_json":{"title":"Gh\u1ebf tr\u01b0\u1edfng ph\u00f2ng QGTP05","description":"Gh\u1ebf tr\u01b0\u1edfng ph\u00f2ng QGTP05 kh\u00f4ng ch\u1ec9 l\u00e0 m\u1ed9t chi\u1ebfc gh\u1ebf \u0111\u01a1n thu\u1ea7n m\u00e0 c\u00f2n l\u00e0 bi\u1ec3u t\u01b0\u1ee3ng c\u1ee7a s\u1ef1 tinh t\u1ebf v\u00e0 \u0111\u1eb3ng c\u1ea5p. V\u1edbi ki\u1ec3u d\u00e1ng hi\u1ec7n \u0111\u1ea1i v\u00e0 sang tr\u1ecdng","robots":{"index":"index","follow":"follow","max-snippet":"max-snippet:-1","max-image-preview":"max-image-preview:large","max-video-preview":"max-video-preview:-1"},"canonical":"https:\/\/luan.webrt.net\/qhome\/san-pham\/ghe-truong-phong-qgtp05\/","og_locale":"vi_VN","og_type":"article","og_title":"Gh\u1ebf tr\u01b0\u1edfng ph\u00f2ng QGTP05","og_description":"Gh\u1ebf tr\u01b0\u1edfng ph\u00f2ng QGTP05 kh\u00f4ng ch\u1ec9 l\u00e0 m\u1ed9t chi\u1ebfc gh\u1ebf \u0111\u01a1n thu\u1ea7n m\u00e0 c\u00f2n l\u00e0 bi\u1ec3u t\u01b0\u1ee3ng c\u1ee7a s\u1ef1 tinh t\u1ebf v\u00e0 \u0111\u1eb3ng c\u1ea5p. V\u1edbi ki\u1ec3u d\u00e1ng hi\u1ec7n \u0111\u1ea1i v\u00e0 sang tr\u1ecdng","og_url":"https:\/\/luan.webrt.net\/qhome\/san-pham\/ghe-truong-phong-qgtp05\/","og_site_name":"M\u1eabu web n\u1ed9i th\u1ea5t","article_publisher":"https:\/\/www.facebook.com\/noithatqghome","article_modified_time":"2025-05-25T07:15:48+00:00","og_image":[{"width":1080,"height":1080,"url":"https:\/\/luan.webrt.net\/qhome\/wp-content\/uploads\/2024\/04\/Ghe-truong-phong-QGTP05.png","type":"image\/png"}],"twitter_card":"summary_large_image","twitter_misc":{"\u01af\u1edbc t\u00ednh th\u1eddi gian \u0111\u1ecdc":"3 ph\u00fat"},"schema":{"@context":"https:\/\/schema.org","@graph":[{"@type":"WebPage","@id":"https:\/\/luan.webrt.net\/qhome\/san-pham\/ghe-truong-phong-qgtp05\/","url":"https:\/\/luan.webrt.net\/qhome\/san-pham\/ghe-truong-phong-qgtp05\/","name":"Gh\u1ebf tr\u01b0\u1edfng ph\u00f2ng QGTP05","isPartOf":{"@id":"https:\/\/luan.webrt.net\/qhome\/#website"},"datePublished":"2024-04-17T08:15:31+00:00","dateModified":"2025-05-25T07:15:48+00:00","description":"Gh\u1ebf tr\u01b0\u1edfng ph\u00f2ng QGTP05 kh\u00f4ng ch\u1ec9 l\u00e0 m\u1ed9t chi\u1ebfc gh\u1ebf \u0111\u01a1n thu\u1ea7n m\u00e0 c\u00f2n l\u00e0 bi\u1ec3u t\u01b0\u1ee3ng c\u1ee7a s\u1ef1 tinh t\u1ebf v\u00e0 \u0111\u1eb3ng c\u1ea5p. V\u1edbi ki\u1ec3u d\u00e1ng hi\u1ec7n \u0111\u1ea1i v\u00e0 sang tr\u1ecdng","breadcrumb":{"@id":"https:\/\/luan.webrt.net\/qhome\/san-pham\/ghe-truong-phong-qgtp05\/#breadcrumb"},"inLanguage":"vi","potentialAction":[{"@type":"ReadAction","target":["https:\/\/luan.webrt.net\/qhome\/san-pham\/ghe-truong-phong-qgtp05\/"]}]},{"@type":"BreadcrumbList","@id":"https:\/\/luan.webrt.net\/qhome\/san-pham\/ghe-truong-phong-qgtp05\/#breadcrumb","itemListElement":[{"@type":"ListItem","position":1,"name":"Trang ch\u1ee7","item":"https:\/\/luan.webrt.net\/qhome\/"},{"@type":"ListItem","position":2,"name":"Shop","item":"https:\/\/luan.webrt.net\/qhome\/shop\/"},{"@type":"ListItem","position":3,"name":"Gh\u1ebf tr\u01b0\u1edfng ph\u00f2ng QGTP05"}]},{"@type":"WebSite","@id":"https:\/\/luan.webrt.net\/qhome\/#website","url":"https:\/\/luan.webrt.net\/qhome\/","name":"M\u1eabu web n\u1ed9i th\u1ea5t","description":"QGHome Vi\u1ec7t Nam","publisher":{"@id":"https:\/\/luan.webrt.net\/qhome\/#organization"},"potentialAction":[{"@type":"SearchAction","target":{"@type":"EntryPoint","urlTemplate":"https:\/\/luan.webrt.net\/qhome\/?s={search_term_string}"},"query-input":"required name=search_term_string"}],"inLanguage":"vi"},{"@type":"Organization","@id":"https:\/\/luan.webrt.net\/qhome\/#organization","name":"QGHome","url":"https:\/\/luan.webrt.net\/qhome\/","logo":{"@type":"ImageObject","inLanguage":"vi","@id":"https:\/\/luan.webrt.net\/qhome\/#\/schema\/logo\/image\/","url":"https:\/\/qghome.vn\/wp-content\/uploads\/2025\/08\/logo-mau-MauTH-21.png","contentUrl":"https:\/\/qghome.vn\/wp-content\/uploads\/2025\/08\/logo-mau-MauTH-21.png","width":253,"height":99,"caption":"QGHome"},"image":{"@id":"https:\/\/luan.webrt.net\/qhome\/#\/schema\/logo\/image\/"},"sameAs":["https:\/\/www.tiktok.com\/@qghome.official","https:\/\/www.youtube.com\/channel\/UCeVBuKTXkv-u94DS421cklw","https:\/\/www.facebook.com\/noithatqghome"]}]}},"_links":{"self":[{"href":"https:\/\/luan.webrt.net\/qhome\/wp-json\/wp\/v2\/product\/8855","targetHints":{"allow":["GET"]}}],"collection":[{"href":"https:\/\/luan.webrt.net\/qhome\/wp-json\/wp\/v2\/product"}],"about":[{"href":"https:\/\/luan.webrt.net\/qhome\/wp-json\/wp\/v2\/types\/product"}],"replies":[{"embeddable":true,"href":"https:\/\/luan.webrt.net\/qhome\/wp-json\/wp\/v2\/comments?post=8855"}],"wp:featuredmedia":[{"embeddable":true,"href":"https:\/\/luan.webrt.net\/qhome\/wp-json\/wp\/v2\/media\/10315"}],"wp:attachment":[{"href":"https:\/\/luan.webrt.net\/qhome\/wp-json\/wp\/v2\/media?parent=8855"}],"wp:term":[{"taxonomy":"product_cat","embeddable":true,"href":"https:\/\/luan.webrt.net\/qhome\/wp-json\/wp\/v2\/product_cat?post=8855"},{"taxonomy":"product_tag","embeddable":true,"href":"https:\/\/luan.webrt.net\/qhome\/wp-json\/wp\/v2\/product_tag?post=8855"}],"curies":[{"name":"wp","href":"https:\/\/api.w.org\/{rel}","templated":true}]}}