{"id":8547,"date":"2024-04-10T07:25:13","date_gmt":"2024-04-10T07:25:13","guid":{"rendered":"https:\/\/qghome.vn\/?post_type=product&#038;p=8547"},"modified":"2025-05-25T05:59:32","modified_gmt":"2025-05-25T05:59:32","slug":"ban-training-qbting01","status":"publish","type":"product","link":"https:\/\/luan.webrt.net\/qhome\/san-pham\/ban-training-qbting01\/","title":{"rendered":"B\u00e0n training QBTING01"},"content":{"rendered":"<p><span style=\"color: #000000;\"><b>B\u00e0n training QBTING01<\/b><span style=\"font-weight: 400;\"> \u0111\u01b0\u1ee3c s\u1ea3n xu\u1ea5t v\u00e0 ph\u00e2n ph\u1ed1i b\u1edfi QGHome Vi\u1ec7t Nam. M\u1eabu b\u00e0n kh\u00f4ng ch\u1ec9 s\u1edf h\u1eefu phong c\u00e1ch hi\u1ec7n \u0111\u1ea1i, n\u0103ng \u0111\u1ed9ng m\u00e0 c\u00f2n c\u00f3 c\u00f4ng d\u1ee5ng v\u00f4 c\u00f9ng h\u1eefu \u00edch. <\/span><\/span><\/p>\n<p><span style=\"color: #000000;\"><span style=\"font-weight: 400;\">T\u1eeb ki\u1ec3u d\u00e1ng \u0111\u1ebfn ch\u1ea5t li\u1ec7u c\u1ee7a s\u1ea3n ph\u1ea9m s\u1ebd gi\u00fap \u0111em \u0111\u1ebfn tr\u1ea3i nghi\u1ec7m tuy\u1ec7t v\u1eddi cho ng\u01b0\u1eddi s\u1eed d\u1ee5ng. X\u1ee9ng \u0111\u00e1ng l\u00e0 m\u1ed9t trong nh\u1eefng m\u1eabu s\u1ea3n ph\u1ea9m \u0111\u01b0\u1ee3c s\u0103n \u0111\u00f3n h\u00e0ng \u0111\u1ea7u trong c\u00e1c doanh nghi\u1ec7p, tr\u01b0\u1eddng h\u1ecdc, trung t\u00e2m gi\u00e1o d\u1ee5c,&#8230;<\/span><\/span><\/p>\n<h2><span style=\"color: #282828;\"><strong>1. Th\u00f4ng Tin Thi\u1ebft K\u1ebf B\u00e0n Training QBTING01<\/strong><\/span><\/h2>\n<ul>\n<li style=\"text-align: justify;\"><span style=\"font-size: 105%; color: #282828;\"><strong>K\u00edch th\u01b0\u1edbc:<\/strong> 1200mm x 500mm x 750mm.<\/span><\/li>\n<li style=\"text-align: justify;\"><span style=\"font-size: 105%; color: #282828;\"><strong>Ch\u1ea5t li\u1ec7u:<\/strong> L\u00e0m t\u1eeb g\u1ed7 c\u00f4ng nghi\u1ec7p MDF cao c\u1ea5p, m\u00e0u v\u00e2n tinh t\u1ebf, ph\u1ee7 melamine d\u00e0y 50mm.<\/span><\/li>\n<li style=\"text-align: justify;\"><span style=\"font-size: 105%; color: #282828;\"><strong>Ph\u1ee5 ki\u1ec7n:<\/strong> 4 b\u00e1nh xe nh\u1ef1a di chuy\u1ec3n ph\u00eda d\u01b0\u1edbi khung b\u00e0n.<\/span><\/li>\n<li style=\"text-align: justify;\"><span style=\"font-size: 105%; color: #282828;\"><strong>B\u1ea3o h\u00e0nh:<\/strong> 12 th\u00e1ng theo ti\u00eau chu\u1ea9n nh\u00e0 m\u00e1y, l\u1eafp gh\u00e9p ho\u00e0n thi\u1ec7n.<\/span><\/li>\n<\/ul>\n<blockquote>\n<p style=\"text-align: justify;\"><span style=\"font-size: 105%;\"><em><span style=\"color: #282828;\">L\u01b0u \u00fd: Kh\u00e1ch h\u00e0ng c\u00f3 th\u1ec3 \u0111\u1eb7t h\u00e0ng v\u1edbi nhi\u1ec1u lo\u1ea1i v\u00e2n g\u1ed7, m\u00e0u s\u1eafc, m\u00e0u khung b\u00e0n v\u00e0 k\u00edch th\u01b0\u1edbc kh\u00e1c nhau. V\u00e0 cam k\u1ebft s\u1ea3n ph\u1ea9m (thi\u1ebft k\u1ebf ri\u00eang) d\u1ea1ng l\u1eafp r\u00e1p, \u0111\u00f3ng g\u00f3i v\u1eadn chuy\u1ec3n v\u00e0 l\u1eafp \u0111\u1eb7t t\u1ea1i c\u00f4ng tr\u00ecnh trong 5 ng\u00e0y.<\/span><\/em><\/span><\/p>\n<\/blockquote>\n<h2><span style=\"color: #282828;\"><strong>2. Nguy\u00ean Li\u1ec7u C\u1ea5u T\u1ea1o<\/strong><\/span><span style=\"color: #282828;\"><strong>\u00a0B\u00e0n L\u00e0m Vi\u1ec7c<\/strong><\/span><\/h2>\n<p><span style=\"color: #000000;\"><b>B\u00e0n training <\/b> <b>QBTING01 <\/b><span style=\"font-weight: 400;\">\u0111\u01b0\u1ee3c l\u00e0m t\u1eeb ch\u1ea5t li\u1ec7u v\u00e1n g\u1ed7 cao c\u1ea5p MDF ph\u1ee7 melamine. \u0110\u1ea1t ti\u00eau chu\u1ea9n E1, th\u00e2n thi\u1ec7n v\u1edbi m\u00f4i tr\u01b0\u1eddng, an to\u00e0n cho s\u1ee9c kh\u1ecfe ng\u01b0\u1eddi d\u00f9ng. <\/span><\/span><\/p>\n<p><span style=\"color: #000000;\"><span style=\"font-weight: 400;\">Ch\u1ea5t li\u1ec7u c\u00f3 \u01b0u \u0111i\u1ec3m \u0111\u1ed9 b\u1ec1n cao, ch\u1eafc ch\u1eafn, c\u00f3 kh\u1ea3 n\u0103ng ch\u1ecbu l\u1ef1c t\u1ed1t gi\u1eef \u0111\u01b0\u1ee3c v\u1ebb \u0111\u1eb9p th\u1ea9m m\u1ef9 theo th\u1eddi gian. Ch\u1ed1ng m\u1ed1i m\u1ecdt r\u1ea5t ph\u00f9 h\u1ee3p v\u1edbi n\u1ec1n kh\u00ed h\u1eadu nhi\u1ec7t \u0111\u1edbi \u1ea9m gi\u00f3 m\u00f9a \u1edf Vi\u1ec7t Nam.<\/span> <\/span><\/p>\n<p><span style=\"font-weight: 400; color: #000000;\">Kh\u00f4ng nh\u1eefng v\u1eady, n\u00f3 c\u00f2n c\u00f3 kh\u1ea3 n\u0103ng ch\u1ed1ng th\u1ea5m n\u01b0\u1edbc tuy\u1ec7t v\u1eddi. Gi\u00fap b\u1ea3o v\u1ec7 m\u1eb7t b\u00e0n kh\u1ecfi nh\u1eefng v\u1ebft b\u1ea9n do n\u01b0\u1edbc, c\u00e0 ph\u00ea, tr\u00e0,\u2026 D\u1ec5 lau ch\u00f9i, ch\u1ec9 c\u1ea7n d\u00f9ng kh\u0103n m\u1ec1m \u1ea9m l\u00e0 c\u00f3 th\u1ec3 v\u1ec7 sinh s\u1ea1ch s\u1ebd.<\/span><\/p>\n<figure id=\"attachment_8549\" aria-describedby=\"caption-attachment-8549\" style=\"width: 1080px\" class=\"wp-caption aligncenter\"><img loading=\"lazy\" decoding=\"async\" class=\"wp-image-8549 size-full\" src=\"http:\/\/qghome.vn\/wp-content\/uploads\/2024\/04\/2-13.png\" alt=\"B\u00e0n training QBTING01\" width=\"1080\" height=\"1080\" srcset=\"https:\/\/luan.webrt.net\/qhome\/wp-content\/uploads\/2024\/04\/2-13.png 1080w, https:\/\/luan.webrt.net\/qhome\/wp-content\/uploads\/2024\/04\/2-13-100x100.png 100w, https:\/\/luan.webrt.net\/qhome\/wp-content\/uploads\/2024\/04\/2-13-510x510.png 510w, https:\/\/luan.webrt.net\/qhome\/wp-content\/uploads\/2024\/04\/2-13-400x400.png 400w, https:\/\/luan.webrt.net\/qhome\/wp-content\/uploads\/2024\/04\/2-13-800x800.png 800w, https:\/\/luan.webrt.net\/qhome\/wp-content\/uploads\/2024\/04\/2-13-280x280.png 280w, https:\/\/luan.webrt.net\/qhome\/wp-content\/uploads\/2024\/04\/2-13-768x768.png 768w\" sizes=\"auto, (max-width: 1080px) 100vw, 1080px\" \/><figcaption id=\"caption-attachment-8549\" class=\"wp-caption-text\">B\u00e0n training QBTING01<\/figcaption><\/figure>\n<p><span style=\"font-weight: 400; color: #000000;\">M\u1eabu b\u00e0n s\u1edf h\u1eefu v\u1ebb \u0111\u1eb9p sang tr\u1ecdng, chu\u1ea9n gu c\u00f9ng \u0111\u01b0\u1eddng n\u00e9t tinh t\u1ebf. Mang \u0111\u1ebfn cho ng\u01b0\u1eddi s\u1eed d\u1ee5ng m\u1ed9t kh\u00f4ng gian l\u00e0m vi\u1ec7c \u0111\u1eb3ng c\u1ea5p, hi\u1ec7n \u0111\u1ea1i. M\u00e0u s\u1eafc h\u00e0i h\u00f2a, t\u01b0\u01a1i s\u00e1ng \u0111\u1ebfn t\u1eeb m\u00e0u v\u00e2n g\u1ed7 mang \u0111\u1eadm n\u00e9t \u0111\u1eb7c tr\u01b0ng c\u1ee7a s\u1eafc g\u1ed7 c\u00f4ng nghi\u1ec7p.<\/span><\/p>\n<figure id=\"attachment_8550\" aria-describedby=\"caption-attachment-8550\" style=\"width: 1080px\" class=\"wp-caption aligncenter\"><img loading=\"lazy\" decoding=\"async\" class=\"wp-image-8550 size-full\" src=\"http:\/\/qghome.vn\/wp-content\/uploads\/2024\/04\/3-11.png\" alt=\"B\u00e0n training QBTING01\" width=\"1080\" height=\"1080\" srcset=\"https:\/\/luan.webrt.net\/qhome\/wp-content\/uploads\/2024\/04\/3-11.png 1080w, https:\/\/luan.webrt.net\/qhome\/wp-content\/uploads\/2024\/04\/3-11-100x100.png 100w, https:\/\/luan.webrt.net\/qhome\/wp-content\/uploads\/2024\/04\/3-11-510x510.png 510w, https:\/\/luan.webrt.net\/qhome\/wp-content\/uploads\/2024\/04\/3-11-400x400.png 400w, https:\/\/luan.webrt.net\/qhome\/wp-content\/uploads\/2024\/04\/3-11-800x800.png 800w, https:\/\/luan.webrt.net\/qhome\/wp-content\/uploads\/2024\/04\/3-11-280x280.png 280w, https:\/\/luan.webrt.net\/qhome\/wp-content\/uploads\/2024\/04\/3-11-768x768.png 768w\" sizes=\"auto, (max-width: 1080px) 100vw, 1080px\" \/><figcaption id=\"caption-attachment-8550\" class=\"wp-caption-text\">B\u00e0n training QBTING01<\/figcaption><\/figure>\n<p><span style=\"font-weight: 400; color: #000000;\">Vi\u1ec1n bao m\u1eb7t b\u00e0n \u0111\u01b0\u1ee3c l\u00e0m t\u1eeb ch\u1ea5t li\u1ec7u n\u1eb9p PVC cao c\u1ea5p. C\u00f3 kh\u1ea3 n\u0103ng ch\u1ed1ng va \u0111\u1eadp t\u1ed1t, ch\u1ecbu \u0111\u01b0\u1ee3c l\u1ef1c t\u00e1c \u0111\u1ed9ng m\u1ea1nh m\u00e0 kh\u00f4ng b\u1ecb n\u1ee9t v\u1ee1 hay bi\u1ebfn d\u1ea1ng. Nh\u1edd v\u1eady, vi\u1ec1n bao gi\u00fap b\u1ea3o v\u1ec7 m\u1eb7t b\u00e0n kh\u1ecfi nh\u1eefng h\u01b0 h\u1ea1i do va ch\u1ea1m trong qu\u00e1 tr\u00ecnh s\u1eed d\u1ee5ng. T\u0103ng \u0111\u1ed9 b\u1ec1n \u0111\u1eb9p cho s\u1ea3n ph\u1ea9m.<\/span><\/p>\n<figure id=\"attachment_8548\" aria-describedby=\"caption-attachment-8548\" style=\"width: 1080px\" class=\"wp-caption aligncenter\"><img loading=\"lazy\" decoding=\"async\" class=\"wp-image-8548 size-full\" src=\"http:\/\/qghome.vn\/wp-content\/uploads\/2024\/04\/1-9.png\" alt=\"B\u00e0n training QBTING01\" width=\"1080\" height=\"1080\" srcset=\"https:\/\/luan.webrt.net\/qhome\/wp-content\/uploads\/2024\/04\/1-9.png 1080w, https:\/\/luan.webrt.net\/qhome\/wp-content\/uploads\/2024\/04\/1-9-100x100.png 100w, https:\/\/luan.webrt.net\/qhome\/wp-content\/uploads\/2024\/04\/1-9-510x510.png 510w, https:\/\/luan.webrt.net\/qhome\/wp-content\/uploads\/2024\/04\/1-9-400x400.png 400w, https:\/\/luan.webrt.net\/qhome\/wp-content\/uploads\/2024\/04\/1-9-800x800.png 800w, https:\/\/luan.webrt.net\/qhome\/wp-content\/uploads\/2024\/04\/1-9-280x280.png 280w, https:\/\/luan.webrt.net\/qhome\/wp-content\/uploads\/2024\/04\/1-9-768x768.png 768w\" sizes=\"auto, (max-width: 1080px) 100vw, 1080px\" \/><figcaption id=\"caption-attachment-8548\" class=\"wp-caption-text\">B\u00e0n training QBTING01<\/figcaption><\/figure>\n<h2><span style=\"color: #282828;\"><strong>3. K\u00edch Th\u01b0\u1edbc <\/strong><\/span><span style=\"color: #282828;\"><strong>Module B\u00e0n L\u00e0m Vi\u1ec7c<\/strong><\/span><\/h2>\n<figure id=\"attachment_8551\" aria-describedby=\"caption-attachment-8551\" style=\"width: 1080px\" class=\"wp-caption aligncenter\"><img loading=\"lazy\" decoding=\"async\" class=\"wp-image-8551 size-full\" src=\"http:\/\/qghome.vn\/wp-content\/uploads\/2024\/04\/4-8.png\" alt=\"B\u00e0n training QBTING01\" width=\"1080\" height=\"1080\" srcset=\"https:\/\/luan.webrt.net\/qhome\/wp-content\/uploads\/2024\/04\/4-8.png 1080w, https:\/\/luan.webrt.net\/qhome\/wp-content\/uploads\/2024\/04\/4-8-100x100.png 100w, https:\/\/luan.webrt.net\/qhome\/wp-content\/uploads\/2024\/04\/4-8-510x510.png 510w, https:\/\/luan.webrt.net\/qhome\/wp-content\/uploads\/2024\/04\/4-8-400x400.png 400w, https:\/\/luan.webrt.net\/qhome\/wp-content\/uploads\/2024\/04\/4-8-800x800.png 800w, https:\/\/luan.webrt.net\/qhome\/wp-content\/uploads\/2024\/04\/4-8-280x280.png 280w, https:\/\/luan.webrt.net\/qhome\/wp-content\/uploads\/2024\/04\/4-8-768x768.png 768w\" sizes=\"auto, (max-width: 1080px) 100vw, 1080px\" \/><figcaption id=\"caption-attachment-8551\" class=\"wp-caption-text\">B\u00e0n training QBTING01<\/figcaption><\/figure>\n","protected":false},"excerpt":{"rendered":"<p>B\u00e0n training QBTING01 \u0111\u01b0\u1ee3c s\u1ea3n xu\u1ea5t v\u00e0 ph\u00e2n ph\u1ed1i b\u1edfi QGHome Vi\u1ec7t Nam. M\u1eabu b\u00e0n kh\u00f4ng ch\u1ec9 s\u1edf h\u1eefu phong c\u00e1ch hi\u1ec7n \u0111\u1ea1i, n\u0103ng \u0111\u1ed9ng m\u00e0 c\u00f2n c\u00f3 c\u00f4ng d\u1ee5ng v\u00f4 c\u00f9ng h\u1eefu \u00edch. T\u1eeb ki\u1ec3u d\u00e1ng \u0111\u1ebfn ch\u1ea5t li\u1ec7u c\u1ee7a s\u1ea3n ph\u1ea9m s\u1ebd gi\u00fap \u0111em \u0111\u1ebfn tr\u1ea3i nghi\u1ec7m tuy\u1ec7t v\u1eddi cho ng\u01b0\u1eddi s\u1eed d\u1ee5ng&#8230;.<\/p>\n","protected":false},"featured_media":8549,"comment_status":"open","ping_status":"closed","template":"","meta":[],"product_cat":[407],"product_tag":[415,419,417,416,418,420],"class_list":["post-8547","product","type-product","status-publish","has-post-thumbnail","hentry","product_cat-ban-training","product_tag-ban-training","product_tag-ban-training-dep","product_tag-ban-training-gia-re","product_tag-ban-training-gia-tot","product_tag-ban-training-hien-dai","product_tag-ban-training-van-phong"],"yoast_head":"<!-- This site is optimized with the Yoast SEO plugin v19.9 - https:\/\/yoast.com\/wordpress\/plugins\/seo\/ -->\n<title>[S\u1ea3n ph\u1ea9m] B\u00e0n training QBTING01 - N\u1ed9i th\u1ea5t QGHome<\/title>\n<meta name=\"description\" content=\"S\u1ea3n ph\u1ea9m B\u00e0n training QBTING01 thu\u1ed9c chu\u1ed7i s\u1ea3n ph\u1ea9m b\u00e0n l\u00e0m vi\u1ec7c ch\u1ea5t l\u01b0\u1ee3ng cao. \u0110\u01b0\u1ee3c QGHome thi\u1ebft k\u1ebf, l\u1eafp r\u00e1p v\u00e0 giao h\u00e0ng t\u1eadn n\u01a1i 24\/24.\" \/>\n<meta name=\"robots\" content=\"index, follow, max-snippet:-1, max-image-preview:large, max-video-preview:-1\" \/>\n<link rel=\"canonical\" href=\"https:\/\/luan.webrt.net\/qhome\/san-pham\/ban-training-qbting01\/\" \/>\n<meta property=\"og:locale\" content=\"vi_VN\" \/>\n<meta property=\"og:type\" content=\"article\" \/>\n<meta property=\"og:title\" content=\"[S\u1ea3n ph\u1ea9m] B\u00e0n training QBTING01 - N\u1ed9i th\u1ea5t QGHome\" \/>\n<meta property=\"og:description\" content=\"S\u1ea3n ph\u1ea9m B\u00e0n training QBTING01 thu\u1ed9c chu\u1ed7i s\u1ea3n ph\u1ea9m b\u00e0n l\u00e0m vi\u1ec7c ch\u1ea5t l\u01b0\u1ee3ng cao. \u0110\u01b0\u1ee3c QGHome thi\u1ebft k\u1ebf, l\u1eafp r\u00e1p v\u00e0 giao h\u00e0ng t\u1eadn n\u01a1i 24\/24.\" \/>\n<meta property=\"og:url\" content=\"https:\/\/luan.webrt.net\/qhome\/san-pham\/ban-training-qbting01\/\" \/>\n<meta property=\"og:site_name\" content=\"M\u1eabu web n\u1ed9i th\u1ea5t\" \/>\n<meta property=\"article:publisher\" content=\"https:\/\/www.facebook.com\/noithatqghome\" \/>\n<meta property=\"article:modified_time\" content=\"2025-05-25T05:59:32+00:00\" \/>\n<meta property=\"og:image\" content=\"https:\/\/luan.webrt.net\/qhome\/wp-content\/uploads\/2024\/04\/2-13.png\" \/>\n\t<meta property=\"og:image:width\" content=\"1080\" \/>\n\t<meta property=\"og:image:height\" content=\"1080\" \/>\n\t<meta property=\"og:image:type\" content=\"image\/png\" \/>\n<meta name=\"twitter:card\" content=\"summary_large_image\" \/>\n<meta name=\"twitter:label1\" content=\"\u01af\u1edbc t\u00ednh th\u1eddi gian \u0111\u1ecdc\" \/>\n\t<meta name=\"twitter:data1\" content=\"4 ph\u00fat\" \/>\n<script type=\"application\/ld+json\" class=\"yoast-schema-graph\">{\"@context\":\"https:\/\/schema.org\",\"@graph\":[{\"@type\":\"WebPage\",\"@id\":\"https:\/\/luan.webrt.net\/qhome\/san-pham\/ban-training-qbting01\/\",\"url\":\"https:\/\/luan.webrt.net\/qhome\/san-pham\/ban-training-qbting01\/\",\"name\":\"[S\u1ea3n ph\u1ea9m] B\u00e0n training QBTING01 - N\u1ed9i th\u1ea5t QGHome\",\"isPartOf\":{\"@id\":\"https:\/\/luan.webrt.net\/qhome\/#website\"},\"datePublished\":\"2024-04-10T07:25:13+00:00\",\"dateModified\":\"2025-05-25T05:59:32+00:00\",\"description\":\"S\u1ea3n ph\u1ea9m B\u00e0n training QBTING01 thu\u1ed9c chu\u1ed7i s\u1ea3n ph\u1ea9m b\u00e0n l\u00e0m vi\u1ec7c ch\u1ea5t l\u01b0\u1ee3ng cao. \u0110\u01b0\u1ee3c QGHome thi\u1ebft k\u1ebf, l\u1eafp r\u00e1p v\u00e0 giao h\u00e0ng t\u1eadn n\u01a1i 24\/24.\",\"breadcrumb\":{\"@id\":\"https:\/\/luan.webrt.net\/qhome\/san-pham\/ban-training-qbting01\/#breadcrumb\"},\"inLanguage\":\"vi\",\"potentialAction\":[{\"@type\":\"ReadAction\",\"target\":[\"https:\/\/luan.webrt.net\/qhome\/san-pham\/ban-training-qbting01\/\"]}]},{\"@type\":\"BreadcrumbList\",\"@id\":\"https:\/\/luan.webrt.net\/qhome\/san-pham\/ban-training-qbting01\/#breadcrumb\",\"itemListElement\":[{\"@type\":\"ListItem\",\"position\":1,\"name\":\"Trang ch\u1ee7\",\"item\":\"https:\/\/luan.webrt.net\/qhome\/\"},{\"@type\":\"ListItem\",\"position\":2,\"name\":\"Shop\",\"item\":\"https:\/\/luan.webrt.net\/qhome\/shop\/\"},{\"@type\":\"ListItem\",\"position\":3,\"name\":\"B\u00e0n training QBTING01\"}]},{\"@type\":\"WebSite\",\"@id\":\"https:\/\/luan.webrt.net\/qhome\/#website\",\"url\":\"https:\/\/luan.webrt.net\/qhome\/\",\"name\":\"M\u1eabu web n\u1ed9i th\u1ea5t\",\"description\":\"QGHome Vi\u1ec7t Nam\",\"publisher\":{\"@id\":\"https:\/\/luan.webrt.net\/qhome\/#organization\"},\"potentialAction\":[{\"@type\":\"SearchAction\",\"target\":{\"@type\":\"EntryPoint\",\"urlTemplate\":\"https:\/\/luan.webrt.net\/qhome\/?s={search_term_string}\"},\"query-input\":\"required name=search_term_string\"}],\"inLanguage\":\"vi\"},{\"@type\":\"Organization\",\"@id\":\"https:\/\/luan.webrt.net\/qhome\/#organization\",\"name\":\"QGHome\",\"url\":\"https:\/\/luan.webrt.net\/qhome\/\",\"logo\":{\"@type\":\"ImageObject\",\"inLanguage\":\"vi\",\"@id\":\"https:\/\/luan.webrt.net\/qhome\/#\/schema\/logo\/image\/\",\"url\":\"https:\/\/qghome.vn\/wp-content\/uploads\/2025\/08\/logo-mau-MauTH-21.png\",\"contentUrl\":\"https:\/\/qghome.vn\/wp-content\/uploads\/2025\/08\/logo-mau-MauTH-21.png\",\"width\":253,\"height\":99,\"caption\":\"QGHome\"},\"image\":{\"@id\":\"https:\/\/luan.webrt.net\/qhome\/#\/schema\/logo\/image\/\"},\"sameAs\":[\"https:\/\/www.tiktok.com\/@qghome.official\",\"https:\/\/www.youtube.com\/channel\/UCeVBuKTXkv-u94DS421cklw\",\"https:\/\/www.facebook.com\/noithatqghome\"]}]}<\/script>\n<!-- \/ Yoast SEO plugin. -->","yoast_head_json":{"title":"[S\u1ea3n ph\u1ea9m] B\u00e0n training QBTING01 - N\u1ed9i th\u1ea5t QGHome","description":"S\u1ea3n ph\u1ea9m B\u00e0n training QBTING01 thu\u1ed9c chu\u1ed7i s\u1ea3n ph\u1ea9m b\u00e0n l\u00e0m vi\u1ec7c ch\u1ea5t l\u01b0\u1ee3ng cao. \u0110\u01b0\u1ee3c QGHome thi\u1ebft k\u1ebf, l\u1eafp r\u00e1p v\u00e0 giao h\u00e0ng t\u1eadn n\u01a1i 24\/24.","robots":{"index":"index","follow":"follow","max-snippet":"max-snippet:-1","max-image-preview":"max-image-preview:large","max-video-preview":"max-video-preview:-1"},"canonical":"https:\/\/luan.webrt.net\/qhome\/san-pham\/ban-training-qbting01\/","og_locale":"vi_VN","og_type":"article","og_title":"[S\u1ea3n ph\u1ea9m] B\u00e0n training QBTING01 - N\u1ed9i th\u1ea5t QGHome","og_description":"S\u1ea3n ph\u1ea9m B\u00e0n training QBTING01 thu\u1ed9c chu\u1ed7i s\u1ea3n ph\u1ea9m b\u00e0n l\u00e0m vi\u1ec7c ch\u1ea5t l\u01b0\u1ee3ng cao. \u0110\u01b0\u1ee3c QGHome thi\u1ebft k\u1ebf, l\u1eafp r\u00e1p v\u00e0 giao h\u00e0ng t\u1eadn n\u01a1i 24\/24.","og_url":"https:\/\/luan.webrt.net\/qhome\/san-pham\/ban-training-qbting01\/","og_site_name":"M\u1eabu web n\u1ed9i th\u1ea5t","article_publisher":"https:\/\/www.facebook.com\/noithatqghome","article_modified_time":"2025-05-25T05:59:32+00:00","og_image":[{"width":1080,"height":1080,"url":"https:\/\/luan.webrt.net\/qhome\/wp-content\/uploads\/2024\/04\/2-13.png","type":"image\/png"}],"twitter_card":"summary_large_image","twitter_misc":{"\u01af\u1edbc t\u00ednh th\u1eddi gian \u0111\u1ecdc":"4 ph\u00fat"},"schema":{"@context":"https:\/\/schema.org","@graph":[{"@type":"WebPage","@id":"https:\/\/luan.webrt.net\/qhome\/san-pham\/ban-training-qbting01\/","url":"https:\/\/luan.webrt.net\/qhome\/san-pham\/ban-training-qbting01\/","name":"[S\u1ea3n ph\u1ea9m] B\u00e0n training QBTING01 - N\u1ed9i th\u1ea5t QGHome","isPartOf":{"@id":"https:\/\/luan.webrt.net\/qhome\/#website"},"datePublished":"2024-04-10T07:25:13+00:00","dateModified":"2025-05-25T05:59:32+00:00","description":"S\u1ea3n ph\u1ea9m B\u00e0n training QBTING01 thu\u1ed9c chu\u1ed7i s\u1ea3n ph\u1ea9m b\u00e0n l\u00e0m vi\u1ec7c ch\u1ea5t l\u01b0\u1ee3ng cao. \u0110\u01b0\u1ee3c QGHome thi\u1ebft k\u1ebf, l\u1eafp r\u00e1p v\u00e0 giao h\u00e0ng t\u1eadn n\u01a1i 24\/24.","breadcrumb":{"@id":"https:\/\/luan.webrt.net\/qhome\/san-pham\/ban-training-qbting01\/#breadcrumb"},"inLanguage":"vi","potentialAction":[{"@type":"ReadAction","target":["https:\/\/luan.webrt.net\/qhome\/san-pham\/ban-training-qbting01\/"]}]},{"@type":"BreadcrumbList","@id":"https:\/\/luan.webrt.net\/qhome\/san-pham\/ban-training-qbting01\/#breadcrumb","itemListElement":[{"@type":"ListItem","position":1,"name":"Trang ch\u1ee7","item":"https:\/\/luan.webrt.net\/qhome\/"},{"@type":"ListItem","position":2,"name":"Shop","item":"https:\/\/luan.webrt.net\/qhome\/shop\/"},{"@type":"ListItem","position":3,"name":"B\u00e0n training QBTING01"}]},{"@type":"WebSite","@id":"https:\/\/luan.webrt.net\/qhome\/#website","url":"https:\/\/luan.webrt.net\/qhome\/","name":"M\u1eabu web n\u1ed9i th\u1ea5t","description":"QGHome Vi\u1ec7t Nam","publisher":{"@id":"https:\/\/luan.webrt.net\/qhome\/#organization"},"potentialAction":[{"@type":"SearchAction","target":{"@type":"EntryPoint","urlTemplate":"https:\/\/luan.webrt.net\/qhome\/?s={search_term_string}"},"query-input":"required name=search_term_string"}],"inLanguage":"vi"},{"@type":"Organization","@id":"https:\/\/luan.webrt.net\/qhome\/#organization","name":"QGHome","url":"https:\/\/luan.webrt.net\/qhome\/","logo":{"@type":"ImageObject","inLanguage":"vi","@id":"https:\/\/luan.webrt.net\/qhome\/#\/schema\/logo\/image\/","url":"https:\/\/qghome.vn\/wp-content\/uploads\/2025\/08\/logo-mau-MauTH-21.png","contentUrl":"https:\/\/qghome.vn\/wp-content\/uploads\/2025\/08\/logo-mau-MauTH-21.png","width":253,"height":99,"caption":"QGHome"},"image":{"@id":"https:\/\/luan.webrt.net\/qhome\/#\/schema\/logo\/image\/"},"sameAs":["https:\/\/www.tiktok.com\/@qghome.official","https:\/\/www.youtube.com\/channel\/UCeVBuKTXkv-u94DS421cklw","https:\/\/www.facebook.com\/noithatqghome"]}]}},"_links":{"self":[{"href":"https:\/\/luan.webrt.net\/qhome\/wp-json\/wp\/v2\/product\/8547","targetHints":{"allow":["GET"]}}],"collection":[{"href":"https:\/\/luan.webrt.net\/qhome\/wp-json\/wp\/v2\/product"}],"about":[{"href":"https:\/\/luan.webrt.net\/qhome\/wp-json\/wp\/v2\/types\/product"}],"replies":[{"embeddable":true,"href":"https:\/\/luan.webrt.net\/qhome\/wp-json\/wp\/v2\/comments?post=8547"}],"wp:featuredmedia":[{"embeddable":true,"href":"https:\/\/luan.webrt.net\/qhome\/wp-json\/wp\/v2\/media\/8549"}],"wp:attachment":[{"href":"https:\/\/luan.webrt.net\/qhome\/wp-json\/wp\/v2\/media?parent=8547"}],"wp:term":[{"taxonomy":"product_cat","embeddable":true,"href":"https:\/\/luan.webrt.net\/qhome\/wp-json\/wp\/v2\/product_cat?post=8547"},{"taxonomy":"product_tag","embeddable":true,"href":"https:\/\/luan.webrt.net\/qhome\/wp-json\/wp\/v2\/product_tag?post=8547"}],"curies":[{"name":"wp","href":"https:\/\/api.w.org\/{rel}","templated":true}]}}