{"id":8546,"date":"2024-04-10T07:50:24","date_gmt":"2024-04-10T07:50:24","guid":{"rendered":"https:\/\/qghome.vn\/?post_type=product&#038;p=8546"},"modified":"2024-11-19T14:27:19","modified_gmt":"2024-11-19T14:27:19","slug":"tu-locker-go-15-canh-3-khoang-qtk09","status":"publish","type":"product","link":"https:\/\/luan.webrt.net\/qhome\/san-pham\/tu-locker-go-15-canh-3-khoang-qtk09\/","title":{"rendered":"T\u1ee7 locker g\u1ed7 15 c\u00e1nh 3 khoang QTK09"},"content":{"rendered":"<h2 style=\"text-align: center;\"><span style=\"font-size: 140%; color: #333399;\"><strong>T\u1ee7 locker g\u1ed7 15 c\u00e1nh 3 khoang QTK09\u00a0<\/strong><\/span><\/h2>\n<p><a href=\"https:\/\/qghome.vn\/tu-locker-go-15-canh-3-khoang-qtk09\/\"><span style=\"color: #333399;\"><em><strong><span style=\"font-size: 100%; color: #333399;\">T\u1ee7 locker g\u1ed7 15 c\u00e1nh 3 khoang QTK09 <\/span><\/strong><\/em><\/span><\/a><span style=\"font-size: 100%;\">c\u00f3 ki\u1ec3u d\u00e1ng b\u1ed1 tr\u00ed 15 c\u00e1nh t\u1ee7 m\u1edf <\/span>\u0111\u01b0\u1ee3c s\u1eed d\u1ee5ng \u0111\u1ec3 l\u01b0u tr\u1eef \u0111\u1ed3 d\u00f9ng hay gi\u00e0y d\u00e9p c\u00e1 nh\u00e2n \u0111\u01b0\u1ee3c l\u00e0m t\u1eeb g\u1ed7 <em class=\"Highlight\">c\u00f4<\/em>ng nghi\u1ec7p ph\u00f9 h\u1ee3p cho vi\u1ec7c s\u1eed d\u1ee5ng trong c\u00e1c kh\u00f4ng gian <em class=\"Highlight\">c\u00f4<\/em>ng c\u1ed9ng nh\u01b0 si\u00eau th\u1ecb, khu vui ch\u01a1i, tr\u01b0\u1eddng h\u1ecdc, nh\u00e0 h\u00e0ng, kh\u00e1ch s\u1ea1n, v\u00e0 c\u00e1c khu v\u1ef1c t\u1eadp th\u1ec3 thao.<\/p>\n<h2 style=\"text-align: center;\"><span style=\"font-size: 140%; color: #333399;\"><strong>\u0110\u1eb6C \u0110I\u1ec2M S\u1ea2N PH\u1ea8M<\/strong><\/span><\/h2>\n<ul>\n<li><strong>C\u00f4ng d\u1ee5ng:<\/strong> T\u1ee7 locker \u0111\u01b0\u1ee3c s\u1eed d\u1ee5ng \u0111\u1ec3 l\u01b0u tr\u1eef v\u00e0 b\u1ea3o qu\u1ea3n \u0111\u1ed3 c\u00e1 nh\u00e2n, \u0111\u1ed3 d\u00f9ng c\u00e1 nh\u00e2n ho\u1eb7c c\u00e1c v\u1eadt ph\u1ea9m c\u00f3 gi\u00e1 tr\u1ecb trong nhi\u1ec1u m\u00f4i tr\u01b0\u1eddng kh\u00e1c nhau. \u0110\u00e1p \u1ee9ng ngu c\u1ea7u v\u1ec1 b\u1ea3o m\u1eadt v\u00e0 c\u00f3 t\u00ednh th\u1ea9m m\u1ef9 cao<\/li>\n<li><strong>Ch\u1ea5t li\u1ec7u: <\/strong>G\u1ed7 c\u00f4ng nghi\u1ec7p MDF ph\u1ee7 melamine d\u00e0y 50mm, ch\u1ed1ng th\u1ea5m cao c\u1ea5p, c\u1ea1nh t\u1ee7 \u0111\u01b0\u1ee3c m\u00e0i c\u1ea1nh an to\u00e0n<\/li>\n<li><strong>Tay n\u1eafm: <\/strong>Tay n\u1eafm tr\u00f2n \u0111\u1ed9 b\u1ec1n cao v\u00e0 c\u00f3 t\u00ednh th\u1ea9m m\u0129<\/li>\n<li><strong>K\u00edch th\u01b0\u1edbc: <\/strong>W900 x D400 x H2000 mm<\/li>\n<li><b>Quy c\u00e1ch: 15<\/b> c\u00e1nh t\u1ee7 m\u1edf\u00a0 v\u00e0 ch\u00e2n nh\u1ef1a ch\u1ecbu l\u1ef1c ph\u00eda d\u01b0\u1edbi.<\/li>\n<\/ul>\n<h2 style=\"text-align: center;\"><span style=\"font-size: 140%; color: #333399;\"><strong>K\u00cdCH TH\u01af\u1edaC<\/strong><\/span><\/h2>\n<figure id=\"attachment_10851\" aria-describedby=\"caption-attachment-10851\" style=\"width: 800px\" class=\"wp-caption aligncenter\"><img loading=\"lazy\" decoding=\"async\" class=\"wp-image-10851 size-large\" src=\"http:\/\/qghome.vn\/wp-content\/uploads\/2024\/04\/Tu-locker-go-QTK09-Kich-thuoc-800x800.jpg\" alt=\"T\u1ee7 locker g\u1ed7 QTK09 - K\u00edch th\u01b0\u1edbc\" width=\"800\" height=\"800\" srcset=\"https:\/\/luan.webrt.net\/qhome\/wp-content\/uploads\/2024\/04\/Tu-locker-go-QTK09-Kich-thuoc-800x800.jpg 800w, https:\/\/luan.webrt.net\/qhome\/wp-content\/uploads\/2024\/04\/Tu-locker-go-QTK09-Kich-thuoc-100x100.jpg 100w, https:\/\/luan.webrt.net\/qhome\/wp-content\/uploads\/2024\/04\/Tu-locker-go-QTK09-Kich-thuoc-510x510.jpg 510w, https:\/\/luan.webrt.net\/qhome\/wp-content\/uploads\/2024\/04\/Tu-locker-go-QTK09-Kich-thuoc-400x400.jpg 400w, https:\/\/luan.webrt.net\/qhome\/wp-content\/uploads\/2024\/04\/Tu-locker-go-QTK09-Kich-thuoc-280x280.jpg 280w, https:\/\/luan.webrt.net\/qhome\/wp-content\/uploads\/2024\/04\/Tu-locker-go-QTK09-Kich-thuoc-768x768.jpg 768w, https:\/\/luan.webrt.net\/qhome\/wp-content\/uploads\/2024\/04\/Tu-locker-go-QTK09-Kich-thuoc.jpg 1080w\" sizes=\"auto, (max-width: 800px) 100vw, 800px\" \/><figcaption id=\"caption-attachment-10851\" class=\"wp-caption-text\">T\u1ee7 locker g\u1ed7 QTK09 &#8211; K\u00edch th\u01b0\u1edbc<\/figcaption><\/figure>\n<h2 style=\"text-align: center;\"><span style=\"color: #333399;\"><strong><span style=\"font-size: 140%;\">CH\u1ea4T LI\u1ec6U\u00a0\u00a0<\/span><\/strong><\/span><\/h2>\n<figure id=\"attachment_7915\" aria-describedby=\"caption-attachment-7915\" style=\"width: 1080px\" class=\"wp-caption aligncenter\"><img loading=\"lazy\" decoding=\"async\" class=\"wp-image-7915 size-full\" src=\"http:\/\/qghome.vn\/wp-content\/uploads\/2024\/04\/Go-cong-nghiep-phu-Melamine-8.png\" alt=\"G\u1ed7 MDF ph\u1ee7 melamine \" width=\"1080\" height=\"1080\" srcset=\"https:\/\/luan.webrt.net\/qhome\/wp-content\/uploads\/2024\/04\/Go-cong-nghiep-phu-Melamine-8.png 1080w, https:\/\/luan.webrt.net\/qhome\/wp-content\/uploads\/2024\/04\/Go-cong-nghiep-phu-Melamine-8-100x100.png 100w, https:\/\/luan.webrt.net\/qhome\/wp-content\/uploads\/2024\/04\/Go-cong-nghiep-phu-Melamine-8-510x510.png 510w, https:\/\/luan.webrt.net\/qhome\/wp-content\/uploads\/2024\/04\/Go-cong-nghiep-phu-Melamine-8-400x400.png 400w, https:\/\/luan.webrt.net\/qhome\/wp-content\/uploads\/2024\/04\/Go-cong-nghiep-phu-Melamine-8-800x800.png 800w, https:\/\/luan.webrt.net\/qhome\/wp-content\/uploads\/2024\/04\/Go-cong-nghiep-phu-Melamine-8-280x280.png 280w, https:\/\/luan.webrt.net\/qhome\/wp-content\/uploads\/2024\/04\/Go-cong-nghiep-phu-Melamine-8-768x768.png 768w\" sizes=\"auto, (max-width: 1080px) 100vw, 1080px\" \/><figcaption id=\"caption-attachment-7915\" class=\"wp-caption-text\"><em>G\u1ed7 MDF ph\u1ee7 melamine<\/em><\/figcaption><\/figure>\n<figure id=\"attachment_7916\" aria-describedby=\"caption-attachment-7916\" style=\"width: 1080px\" class=\"wp-caption aligncenter\"><img loading=\"lazy\" decoding=\"async\" class=\"wp-image-7916 size-full\" src=\"http:\/\/qghome.vn\/wp-content\/uploads\/2024\/04\/Go-cong-nghiep-phu-Melamine-7.png\" alt=\"G\u1ed7 MDF ph\u1ee7 melamine\" width=\"1080\" height=\"1080\" srcset=\"https:\/\/luan.webrt.net\/qhome\/wp-content\/uploads\/2024\/04\/Go-cong-nghiep-phu-Melamine-7.png 1080w, https:\/\/luan.webrt.net\/qhome\/wp-content\/uploads\/2024\/04\/Go-cong-nghiep-phu-Melamine-7-100x100.png 100w, https:\/\/luan.webrt.net\/qhome\/wp-content\/uploads\/2024\/04\/Go-cong-nghiep-phu-Melamine-7-510x510.png 510w, https:\/\/luan.webrt.net\/qhome\/wp-content\/uploads\/2024\/04\/Go-cong-nghiep-phu-Melamine-7-400x400.png 400w, https:\/\/luan.webrt.net\/qhome\/wp-content\/uploads\/2024\/04\/Go-cong-nghiep-phu-Melamine-7-800x800.png 800w, https:\/\/luan.webrt.net\/qhome\/wp-content\/uploads\/2024\/04\/Go-cong-nghiep-phu-Melamine-7-280x280.png 280w, https:\/\/luan.webrt.net\/qhome\/wp-content\/uploads\/2024\/04\/Go-cong-nghiep-phu-Melamine-7-768x768.png 768w\" sizes=\"auto, (max-width: 1080px) 100vw, 1080px\" \/><figcaption id=\"caption-attachment-7916\" class=\"wp-caption-text\"><em><span style=\"vertical-align: inherit;\">G\u1ed7 MDF ph\u1ee7 melamine<\/span><\/em><\/figcaption><\/figure>\n<figure id=\"attachment_7914\" aria-describedby=\"caption-attachment-7914\" style=\"width: 1080px\" class=\"wp-caption aligncenter\"><img loading=\"lazy\" decoding=\"async\" class=\"wp-image-7914 size-full\" src=\"http:\/\/qghome.vn\/wp-content\/uploads\/2024\/04\/Go-cong-nghiep-phu-Melamine-9.png\" alt=\"G\u1ed7 MDF ph\u1ee7 melamine\" width=\"1080\" height=\"1080\" srcset=\"https:\/\/luan.webrt.net\/qhome\/wp-content\/uploads\/2024\/04\/Go-cong-nghiep-phu-Melamine-9.png 1080w, https:\/\/luan.webrt.net\/qhome\/wp-content\/uploads\/2024\/04\/Go-cong-nghiep-phu-Melamine-9-100x100.png 100w, https:\/\/luan.webrt.net\/qhome\/wp-content\/uploads\/2024\/04\/Go-cong-nghiep-phu-Melamine-9-510x510.png 510w, https:\/\/luan.webrt.net\/qhome\/wp-content\/uploads\/2024\/04\/Go-cong-nghiep-phu-Melamine-9-400x400.png 400w, https:\/\/luan.webrt.net\/qhome\/wp-content\/uploads\/2024\/04\/Go-cong-nghiep-phu-Melamine-9-800x800.png 800w, https:\/\/luan.webrt.net\/qhome\/wp-content\/uploads\/2024\/04\/Go-cong-nghiep-phu-Melamine-9-280x280.png 280w, https:\/\/luan.webrt.net\/qhome\/wp-content\/uploads\/2024\/04\/Go-cong-nghiep-phu-Melamine-9-768x768.png 768w\" sizes=\"auto, (max-width: 1080px) 100vw, 1080px\" \/><figcaption id=\"caption-attachment-7914\" class=\"wp-caption-text\"><em><span style=\"vertical-align: inherit;\">G\u1ed7 MDF ph\u1ee7 melamine<\/span><\/em><\/figcaption><\/figure>\n<h2 style=\"text-align: center;\"><span style=\"color: #333399; font-size: 140%;\"><strong>NH\u00c0 M\u00c1Y S\u1ea2N XU\u1ea4T QGHOME<\/strong><\/span><\/h2>\n<figure id=\"attachment_7785\" aria-describedby=\"caption-attachment-7785\" style=\"width: 800px\" class=\"wp-caption aligncenter\"><img loading=\"lazy\" decoding=\"async\" class=\"wp-image-7785 size-full\" src=\"http:\/\/qghome.vn\/wp-content\/uploads\/2024\/04\/nha-may-san-xuat-noi-that-qghome-viet-nam.jpg\" alt=\"Nh\u00e0 m\u00e1y s\u1ea3n xu\u1ea5t n\u1ed9i th\u1ea5t QGHOME Vi\u1ec7t Nam\" width=\"800\" height=\"468\" srcset=\"https:\/\/luan.webrt.net\/qhome\/wp-content\/uploads\/2024\/04\/nha-may-san-xuat-noi-that-qghome-viet-nam.jpg 800w, https:\/\/luan.webrt.net\/qhome\/wp-content\/uploads\/2024\/04\/nha-may-san-xuat-noi-that-qghome-viet-nam-510x298.jpg 510w, https:\/\/luan.webrt.net\/qhome\/wp-content\/uploads\/2024\/04\/nha-may-san-xuat-noi-that-qghome-viet-nam-684x400.jpg 684w, https:\/\/luan.webrt.net\/qhome\/wp-content\/uploads\/2024\/04\/nha-may-san-xuat-noi-that-qghome-viet-nam-768x449.jpg 768w\" sizes=\"auto, (max-width: 800px) 100vw, 800px\" \/><figcaption id=\"caption-attachment-7785\" class=\"wp-caption-text\"><em>Nh\u00e0 m\u00e1y s\u1ea3n xu\u1ea5t n\u1ed9i th\u1ea5t QGHOME Vi\u1ec7t Nam<\/em><\/figcaption><\/figure>\n<figure id=\"attachment_7782\" aria-describedby=\"caption-attachment-7782\" style=\"width: 800px\" class=\"wp-caption aligncenter\"><img loading=\"lazy\" decoding=\"async\" class=\"wp-image-7782 size-full\" src=\"http:\/\/qghome.vn\/wp-content\/uploads\/2024\/04\/nha-may-noi-that-qghome-viet-nam.jpg\" alt=\"Nh\u00e0 m\u00e1y n\u1ed9i th\u1ea5t QGHOME Vi\u1ec7t Nam\" width=\"800\" height=\"468\" srcset=\"https:\/\/luan.webrt.net\/qhome\/wp-content\/uploads\/2024\/04\/nha-may-noi-that-qghome-viet-nam.jpg 800w, https:\/\/luan.webrt.net\/qhome\/wp-content\/uploads\/2024\/04\/nha-may-noi-that-qghome-viet-nam-510x298.jpg 510w, https:\/\/luan.webrt.net\/qhome\/wp-content\/uploads\/2024\/04\/nha-may-noi-that-qghome-viet-nam-684x400.jpg 684w, https:\/\/luan.webrt.net\/qhome\/wp-content\/uploads\/2024\/04\/nha-may-noi-that-qghome-viet-nam-768x449.jpg 768w\" sizes=\"auto, (max-width: 800px) 100vw, 800px\" \/><figcaption id=\"caption-attachment-7782\" class=\"wp-caption-text\"><em>Nh\u00e0 m\u00e1y n\u1ed9i th\u1ea5t QGHOME Vi\u1ec7t Nam<\/em><\/figcaption><\/figure>\n<figure id=\"attachment_7783\" aria-describedby=\"caption-attachment-7783\" style=\"width: 800px\" class=\"wp-caption aligncenter\"><img loading=\"lazy\" decoding=\"async\" class=\"wp-image-7783 size-full\" src=\"http:\/\/qghome.vn\/wp-content\/uploads\/2024\/04\/nha-may-qghome-viet-nam.jpg\" alt=\"\u0110\u01a1n v\u1ecb thi\u1ebft k\u1ebf n\u1ed9i th\u1ea5t uy t\u00edn - QGHOME\" width=\"800\" height=\"468\" srcset=\"https:\/\/luan.webrt.net\/qhome\/wp-content\/uploads\/2024\/04\/nha-may-qghome-viet-nam.jpg 800w, https:\/\/luan.webrt.net\/qhome\/wp-content\/uploads\/2024\/04\/nha-may-qghome-viet-nam-510x298.jpg 510w, https:\/\/luan.webrt.net\/qhome\/wp-content\/uploads\/2024\/04\/nha-may-qghome-viet-nam-684x400.jpg 684w, https:\/\/luan.webrt.net\/qhome\/wp-content\/uploads\/2024\/04\/nha-may-qghome-viet-nam-768x449.jpg 768w\" sizes=\"auto, (max-width: 800px) 100vw, 800px\" \/><figcaption id=\"caption-attachment-7783\" class=\"wp-caption-text\"><em>\u0110\u01a1n v\u1ecb thi\u1ebft k\u1ebf n\u1ed9i th\u1ea5t uy t\u00edn &#8211; QGHOME<\/em><\/figcaption><\/figure>\n","protected":false},"excerpt":{"rendered":"<p><span data-sheets-root=\"1\" data-sheets-value=\"{&quot;1&quot;:2,&quot;2&quot;:&quot;Th\u01b0\u01a1ng hi\u1ec7u: QGHome\\nCh\u1ea5t li\u1ec7u: G\u1ed7 c\u00f4ng nghi\u1ec7p MDF ph\u1ee7 melamine d\u00e0y 50mm, ch\u1ed1ng th\u1ea5m cao c\u1ea5p, c\u1ea1nh t\u1ee7 \u0111\u01b0\u1ee3c m\u00e0i c\u1ea1nh an to\u00e0n\\nPh\u1ee5 ki\u1ec7n: 9 c\u00e1nh t\u1ee7 m\u1edf c\u00f3 kh\u00f3a v\u00e0 4 k\u1ec7 \u0111\u1ef1ng gi\u00e0y, ch\u00e2n nh\u1ef1a ch\u1ecbu l\u1ef1c ph\u00eda d\u01b0\u1edbi.\\nK\u00edch th\u01b0\u1edbc: W600 x D400 x H2000 mm \\nM\u00e0u s\u1eafc: Tr\u1eafng \\nB\u1ea3o h\u00e0nh: 12 th\u00e1ng theo ti\u00eau chu\u1ea9n nh\u00e0 m\u00e1y, l\u1eafp gh\u00e9p ho\u00e0n thi\u1ec7n.&quot;}\" data-sheets-userformat=\"{&quot;2&quot;:21437,&quot;3&quot;:{&quot;1&quot;:0},&quot;5&quot;:{&quot;1&quot;:[{&quot;1&quot;:2,&quot;2&quot;:0,&quot;5&quot;:{&quot;1&quot;:2,&quot;2&quot;:10066329}},{&quot;1&quot;:0,&quot;2&quot;:0,&quot;3&quot;:3},{&quot;1&quot;:1,&quot;2&quot;:0,&quot;4&quot;:1}]},&quot;6&quot;:{&quot;1&quot;:[{&quot;1&quot;:2,&quot;2&quot;:0,&quot;5&quot;:{&quot;1&quot;:2,&quot;2&quot;:10066329}},{&quot;1&quot;:0,&quot;2&quot;:0,&quot;3&quot;:3},{&quot;1&quot;:1,&quot;2&quot;:0,&quot;4&quot;:1}]},&quot;7&quot;:{&quot;1&quot;:[{&quot;1&quot;:2,&quot;2&quot;:0,&quot;5&quot;:{&quot;1&quot;:2,&quot;2&quot;:10066329}},{&quot;1&quot;:0,&quot;2&quot;:0,&quot;3&quot;:3},{&quot;1&quot;:1,&quot;2&quot;:0,&quot;4&quot;:1}]},&quot;8&quot;:{&quot;1&quot;:[{&quot;1&quot;:2,&quot;2&quot;:0,&quot;5&quot;:{&quot;1&quot;:2,&quot;2&quot;:10066329}},{&quot;1&quot;:0,&quot;2&quot;:0,&quot;3&quot;:3},{&quot;1&quot;:1,&quot;2&quot;:0,&quot;4&quot;:1}]},&quot;10&quot;:1,&quot;11&quot;:4,&quot;12&quot;:0,&quot;15&quot;:&quot;Times New Roman&quot;,&quot;17&quot;:0}\"><strong>Th\u01b0\u01a1ng hi\u1ec7u:<\/strong> QGHome<br \/>\n<strong>Ch\u1ea5t li\u1ec7u:<\/strong> G\u1ed7 c\u00f4ng nghi\u1ec7p MDF ph\u1ee7 melamine d\u00e0y 50mm, ch\u1ed1ng th\u1ea5m cao c\u1ea5p, c\u1ea1nh t\u1ee7 \u0111\u01b0\u1ee3c m\u00e0i c\u1ea1nh an to\u00e0n<br \/>\n<strong>Quy c\u00e1ch:<\/strong> 15 c\u00e1nh t\u1ee7 m\u1edf c\u00f3 kh\u00f3a, ch\u00e2n nh\u1ef1a ch\u1ecbu l\u1ef1c ph\u00eda d\u01b0\u1edbi.<br \/>\n<strong>K\u00edch th\u01b0\u1edbc:<\/strong> W900 x D400 x H2000 mm<br \/>\n<strong>M\u00e0u s\u1eafc:<\/strong>V\u00e2n g\u1ed7<br \/>\n<strong>B\u1ea3o h\u00e0nh:<\/strong> 12 th\u00e1ng theo ti\u00eau chu\u1ea9n nh\u00e0 m\u00e1y, l\u1eafp gh\u00e9p ho\u00e0n thi\u1ec7n.<\/span><\/p>\n","protected":false},"featured_media":10855,"comment_status":"open","ping_status":"closed","template":"","meta":[],"product_cat":[367],"product_tag":[369,370,368,394],"class_list":["post-8546","product","type-product","status-publish","has-post-thumbnail","hentry","product_cat-tu-locker","product_tag-tu-locker","product_tag-tu-locker-go","product_tag-tu-van-phong","product_tag-tu-van-phong-dep"],"yoast_head":"<!-- This site is optimized with the Yoast SEO plugin v19.9 - https:\/\/yoast.com\/wordpress\/plugins\/seo\/ -->\n<title>T\u1ee7 locker g\u1ed7 15 c\u00e1nh 3 khoang QTK09<\/title>\n<meta name=\"description\" content=\"T\u1ee7 locker g\u1ed7 15 c\u00e1nh 3 khoang QTK09 c\u00f3 ki\u1ec3u d\u00e1ng b\u1ed1 tr\u00ed 15 c\u00e1nh 3 khoang, ki\u1ec3u t\u1ee7 c\u00f3 3 khoang k\u1ebft h\u1ee3p k\u1ec3 \u0111\u1ec3 gi\u00e0y\u00a0 \u0111\u01b0\u1ee3c s\u1eed d\u1ee5ng \u0111\u1ec3 l\u01b0u tr\u1eef \u0111\u1ed3 d\u00f9ng\" \/>\n<meta name=\"robots\" content=\"index, follow, max-snippet:-1, max-image-preview:large, max-video-preview:-1\" \/>\n<link rel=\"canonical\" href=\"https:\/\/luan.webrt.net\/qhome\/san-pham\/tu-locker-go-15-canh-3-khoang-qtk09\/\" \/>\n<meta property=\"og:locale\" content=\"vi_VN\" \/>\n<meta property=\"og:type\" content=\"article\" \/>\n<meta property=\"og:title\" content=\"T\u1ee7 locker g\u1ed7 15 c\u00e1nh 3 khoang QTK09\" \/>\n<meta property=\"og:description\" content=\"T\u1ee7 locker g\u1ed7 15 c\u00e1nh 3 khoang QTK09 c\u00f3 ki\u1ec3u d\u00e1ng b\u1ed1 tr\u00ed 15 c\u00e1nh 3 khoang, ki\u1ec3u t\u1ee7 c\u00f3 3 khoang k\u1ebft h\u1ee3p k\u1ec3 \u0111\u1ec3 gi\u00e0y\u00a0 \u0111\u01b0\u1ee3c s\u1eed d\u1ee5ng \u0111\u1ec3 l\u01b0u tr\u1eef \u0111\u1ed3 d\u00f9ng\" \/>\n<meta property=\"og:url\" content=\"https:\/\/luan.webrt.net\/qhome\/san-pham\/tu-locker-go-15-canh-3-khoang-qtk09\/\" \/>\n<meta property=\"og:site_name\" content=\"M\u1eabu web n\u1ed9i th\u1ea5t\" \/>\n<meta property=\"article:publisher\" content=\"https:\/\/www.facebook.com\/noithatqghome\" \/>\n<meta property=\"article:modified_time\" content=\"2024-11-19T14:27:19+00:00\" \/>\n<meta property=\"og:image\" content=\"https:\/\/luan.webrt.net\/qhome\/wp-content\/uploads\/2024\/04\/Tu-locker-go-QTK09-1.jpg\" \/>\n\t<meta property=\"og:image:width\" content=\"1080\" \/>\n\t<meta property=\"og:image:height\" content=\"1080\" \/>\n\t<meta property=\"og:image:type\" content=\"image\/jpeg\" \/>\n<meta name=\"twitter:card\" content=\"summary_large_image\" \/>\n<meta name=\"twitter:label1\" content=\"\u01af\u1edbc t\u00ednh th\u1eddi gian \u0111\u1ecdc\" \/>\n\t<meta name=\"twitter:data1\" content=\"3 ph\u00fat\" \/>\n<script type=\"application\/ld+json\" class=\"yoast-schema-graph\">{\"@context\":\"https:\/\/schema.org\",\"@graph\":[{\"@type\":\"WebPage\",\"@id\":\"https:\/\/luan.webrt.net\/qhome\/san-pham\/tu-locker-go-15-canh-3-khoang-qtk09\/\",\"url\":\"https:\/\/luan.webrt.net\/qhome\/san-pham\/tu-locker-go-15-canh-3-khoang-qtk09\/\",\"name\":\"T\u1ee7 locker g\u1ed7 15 c\u00e1nh 3 khoang QTK09\",\"isPartOf\":{\"@id\":\"https:\/\/luan.webrt.net\/qhome\/#website\"},\"datePublished\":\"2024-04-10T07:50:24+00:00\",\"dateModified\":\"2024-11-19T14:27:19+00:00\",\"description\":\"T\u1ee7 locker g\u1ed7 15 c\u00e1nh 3 khoang QTK09 c\u00f3 ki\u1ec3u d\u00e1ng b\u1ed1 tr\u00ed 15 c\u00e1nh 3 khoang, ki\u1ec3u t\u1ee7 c\u00f3 3 khoang k\u1ebft h\u1ee3p k\u1ec3 \u0111\u1ec3 gi\u00e0y\u00a0 \u0111\u01b0\u1ee3c s\u1eed d\u1ee5ng \u0111\u1ec3 l\u01b0u tr\u1eef \u0111\u1ed3 d\u00f9ng\",\"breadcrumb\":{\"@id\":\"https:\/\/luan.webrt.net\/qhome\/san-pham\/tu-locker-go-15-canh-3-khoang-qtk09\/#breadcrumb\"},\"inLanguage\":\"vi\",\"potentialAction\":[{\"@type\":\"ReadAction\",\"target\":[\"https:\/\/luan.webrt.net\/qhome\/san-pham\/tu-locker-go-15-canh-3-khoang-qtk09\/\"]}]},{\"@type\":\"BreadcrumbList\",\"@id\":\"https:\/\/luan.webrt.net\/qhome\/san-pham\/tu-locker-go-15-canh-3-khoang-qtk09\/#breadcrumb\",\"itemListElement\":[{\"@type\":\"ListItem\",\"position\":1,\"name\":\"Trang ch\u1ee7\",\"item\":\"https:\/\/luan.webrt.net\/qhome\/\"},{\"@type\":\"ListItem\",\"position\":2,\"name\":\"Shop\",\"item\":\"https:\/\/luan.webrt.net\/qhome\/shop\/\"},{\"@type\":\"ListItem\",\"position\":3,\"name\":\"T\u1ee7 locker g\u1ed7 15 c\u00e1nh 3 khoang QTK09\"}]},{\"@type\":\"WebSite\",\"@id\":\"https:\/\/luan.webrt.net\/qhome\/#website\",\"url\":\"https:\/\/luan.webrt.net\/qhome\/\",\"name\":\"M\u1eabu web n\u1ed9i th\u1ea5t\",\"description\":\"QGHome Vi\u1ec7t Nam\",\"publisher\":{\"@id\":\"https:\/\/luan.webrt.net\/qhome\/#organization\"},\"potentialAction\":[{\"@type\":\"SearchAction\",\"target\":{\"@type\":\"EntryPoint\",\"urlTemplate\":\"https:\/\/luan.webrt.net\/qhome\/?s={search_term_string}\"},\"query-input\":\"required name=search_term_string\"}],\"inLanguage\":\"vi\"},{\"@type\":\"Organization\",\"@id\":\"https:\/\/luan.webrt.net\/qhome\/#organization\",\"name\":\"QGHome\",\"url\":\"https:\/\/luan.webrt.net\/qhome\/\",\"logo\":{\"@type\":\"ImageObject\",\"inLanguage\":\"vi\",\"@id\":\"https:\/\/luan.webrt.net\/qhome\/#\/schema\/logo\/image\/\",\"url\":\"https:\/\/qghome.vn\/wp-content\/uploads\/2025\/08\/logo-mau-MauTH-21.png\",\"contentUrl\":\"https:\/\/qghome.vn\/wp-content\/uploads\/2025\/08\/logo-mau-MauTH-21.png\",\"width\":253,\"height\":99,\"caption\":\"QGHome\"},\"image\":{\"@id\":\"https:\/\/luan.webrt.net\/qhome\/#\/schema\/logo\/image\/\"},\"sameAs\":[\"https:\/\/www.tiktok.com\/@qghome.official\",\"https:\/\/www.youtube.com\/channel\/UCeVBuKTXkv-u94DS421cklw\",\"https:\/\/www.facebook.com\/noithatqghome\"]}]}<\/script>\n<!-- \/ Yoast SEO plugin. -->","yoast_head_json":{"title":"T\u1ee7 locker g\u1ed7 15 c\u00e1nh 3 khoang QTK09","description":"T\u1ee7 locker g\u1ed7 15 c\u00e1nh 3 khoang QTK09 c\u00f3 ki\u1ec3u d\u00e1ng b\u1ed1 tr\u00ed 15 c\u00e1nh 3 khoang, ki\u1ec3u t\u1ee7 c\u00f3 3 khoang k\u1ebft h\u1ee3p k\u1ec3 \u0111\u1ec3 gi\u00e0y\u00a0 \u0111\u01b0\u1ee3c s\u1eed d\u1ee5ng \u0111\u1ec3 l\u01b0u tr\u1eef \u0111\u1ed3 d\u00f9ng","robots":{"index":"index","follow":"follow","max-snippet":"max-snippet:-1","max-image-preview":"max-image-preview:large","max-video-preview":"max-video-preview:-1"},"canonical":"https:\/\/luan.webrt.net\/qhome\/san-pham\/tu-locker-go-15-canh-3-khoang-qtk09\/","og_locale":"vi_VN","og_type":"article","og_title":"T\u1ee7 locker g\u1ed7 15 c\u00e1nh 3 khoang QTK09","og_description":"T\u1ee7 locker g\u1ed7 15 c\u00e1nh 3 khoang QTK09 c\u00f3 ki\u1ec3u d\u00e1ng b\u1ed1 tr\u00ed 15 c\u00e1nh 3 khoang, ki\u1ec3u t\u1ee7 c\u00f3 3 khoang k\u1ebft h\u1ee3p k\u1ec3 \u0111\u1ec3 gi\u00e0y\u00a0 \u0111\u01b0\u1ee3c s\u1eed d\u1ee5ng \u0111\u1ec3 l\u01b0u tr\u1eef \u0111\u1ed3 d\u00f9ng","og_url":"https:\/\/luan.webrt.net\/qhome\/san-pham\/tu-locker-go-15-canh-3-khoang-qtk09\/","og_site_name":"M\u1eabu web n\u1ed9i th\u1ea5t","article_publisher":"https:\/\/www.facebook.com\/noithatqghome","article_modified_time":"2024-11-19T14:27:19+00:00","og_image":[{"width":1080,"height":1080,"url":"https:\/\/luan.webrt.net\/qhome\/wp-content\/uploads\/2024\/04\/Tu-locker-go-QTK09-1.jpg","type":"image\/jpeg"}],"twitter_card":"summary_large_image","twitter_misc":{"\u01af\u1edbc t\u00ednh th\u1eddi gian \u0111\u1ecdc":"3 ph\u00fat"},"schema":{"@context":"https:\/\/schema.org","@graph":[{"@type":"WebPage","@id":"https:\/\/luan.webrt.net\/qhome\/san-pham\/tu-locker-go-15-canh-3-khoang-qtk09\/","url":"https:\/\/luan.webrt.net\/qhome\/san-pham\/tu-locker-go-15-canh-3-khoang-qtk09\/","name":"T\u1ee7 locker g\u1ed7 15 c\u00e1nh 3 khoang QTK09","isPartOf":{"@id":"https:\/\/luan.webrt.net\/qhome\/#website"},"datePublished":"2024-04-10T07:50:24+00:00","dateModified":"2024-11-19T14:27:19+00:00","description":"T\u1ee7 locker g\u1ed7 15 c\u00e1nh 3 khoang QTK09 c\u00f3 ki\u1ec3u d\u00e1ng b\u1ed1 tr\u00ed 15 c\u00e1nh 3 khoang, ki\u1ec3u t\u1ee7 c\u00f3 3 khoang k\u1ebft h\u1ee3p k\u1ec3 \u0111\u1ec3 gi\u00e0y\u00a0 \u0111\u01b0\u1ee3c s\u1eed d\u1ee5ng \u0111\u1ec3 l\u01b0u tr\u1eef \u0111\u1ed3 d\u00f9ng","breadcrumb":{"@id":"https:\/\/luan.webrt.net\/qhome\/san-pham\/tu-locker-go-15-canh-3-khoang-qtk09\/#breadcrumb"},"inLanguage":"vi","potentialAction":[{"@type":"ReadAction","target":["https:\/\/luan.webrt.net\/qhome\/san-pham\/tu-locker-go-15-canh-3-khoang-qtk09\/"]}]},{"@type":"BreadcrumbList","@id":"https:\/\/luan.webrt.net\/qhome\/san-pham\/tu-locker-go-15-canh-3-khoang-qtk09\/#breadcrumb","itemListElement":[{"@type":"ListItem","position":1,"name":"Trang ch\u1ee7","item":"https:\/\/luan.webrt.net\/qhome\/"},{"@type":"ListItem","position":2,"name":"Shop","item":"https:\/\/luan.webrt.net\/qhome\/shop\/"},{"@type":"ListItem","position":3,"name":"T\u1ee7 locker g\u1ed7 15 c\u00e1nh 3 khoang QTK09"}]},{"@type":"WebSite","@id":"https:\/\/luan.webrt.net\/qhome\/#website","url":"https:\/\/luan.webrt.net\/qhome\/","name":"M\u1eabu web n\u1ed9i th\u1ea5t","description":"QGHome Vi\u1ec7t Nam","publisher":{"@id":"https:\/\/luan.webrt.net\/qhome\/#organization"},"potentialAction":[{"@type":"SearchAction","target":{"@type":"EntryPoint","urlTemplate":"https:\/\/luan.webrt.net\/qhome\/?s={search_term_string}"},"query-input":"required name=search_term_string"}],"inLanguage":"vi"},{"@type":"Organization","@id":"https:\/\/luan.webrt.net\/qhome\/#organization","name":"QGHome","url":"https:\/\/luan.webrt.net\/qhome\/","logo":{"@type":"ImageObject","inLanguage":"vi","@id":"https:\/\/luan.webrt.net\/qhome\/#\/schema\/logo\/image\/","url":"https:\/\/qghome.vn\/wp-content\/uploads\/2025\/08\/logo-mau-MauTH-21.png","contentUrl":"https:\/\/qghome.vn\/wp-content\/uploads\/2025\/08\/logo-mau-MauTH-21.png","width":253,"height":99,"caption":"QGHome"},"image":{"@id":"https:\/\/luan.webrt.net\/qhome\/#\/schema\/logo\/image\/"},"sameAs":["https:\/\/www.tiktok.com\/@qghome.official","https:\/\/www.youtube.com\/channel\/UCeVBuKTXkv-u94DS421cklw","https:\/\/www.facebook.com\/noithatqghome"]}]}},"_links":{"self":[{"href":"https:\/\/luan.webrt.net\/qhome\/wp-json\/wp\/v2\/product\/8546","targetHints":{"allow":["GET"]}}],"collection":[{"href":"https:\/\/luan.webrt.net\/qhome\/wp-json\/wp\/v2\/product"}],"about":[{"href":"https:\/\/luan.webrt.net\/qhome\/wp-json\/wp\/v2\/types\/product"}],"replies":[{"embeddable":true,"href":"https:\/\/luan.webrt.net\/qhome\/wp-json\/wp\/v2\/comments?post=8546"}],"wp:featuredmedia":[{"embeddable":true,"href":"https:\/\/luan.webrt.net\/qhome\/wp-json\/wp\/v2\/media\/10855"}],"wp:attachment":[{"href":"https:\/\/luan.webrt.net\/qhome\/wp-json\/wp\/v2\/media?parent=8546"}],"wp:term":[{"taxonomy":"product_cat","embeddable":true,"href":"https:\/\/luan.webrt.net\/qhome\/wp-json\/wp\/v2\/product_cat?post=8546"},{"taxonomy":"product_tag","embeddable":true,"href":"https:\/\/luan.webrt.net\/qhome\/wp-json\/wp\/v2\/product_tag?post=8546"}],"curies":[{"name":"wp","href":"https:\/\/api.w.org\/{rel}","templated":true}]}}