{"id":8513,"date":"2024-04-09T10:15:13","date_gmt":"2024-04-09T10:15:13","guid":{"rendered":"https:\/\/qghome.vn\/?post_type=product&#038;p=8513"},"modified":"2024-11-20T01:09:43","modified_gmt":"2024-11-20T01:09:43","slug":"module-ban-lam-viec-6-nguoi-qbmole10","status":"publish","type":"product","link":"https:\/\/luan.webrt.net\/qhome\/san-pham\/module-ban-lam-viec-6-nguoi-qbmole10\/","title":{"rendered":"Module B\u00e0n L\u00e0m Vi\u1ec7c 6 Ng\u01b0\u1eddi QBMOLE10"},"content":{"rendered":"<h2><span style=\"color: #282828;\"><strong>1. Th\u00f4ng Tin Thi\u1ebft K\u1ebf Module B\u00e0n L\u00e0m Vi\u1ec7c 6 Ng\u01b0\u1eddi<\/strong><\/span><\/h2>\n<ul>\n<li style=\"text-align: justify;\"><span style=\"font-size: 105%; color: #282828;\"><strong>K\u00edch th\u01b0\u1edbc:<\/strong> 4200mm x 3000mm x 750mm.<\/span><\/li>\n<li style=\"text-align: justify;\"><span style=\"font-size: 105%; color: #282828;\"><strong>Ch\u1ea5t li\u1ec7u:<\/strong> L\u00e0m t\u1eeb g\u1ed7 c\u00f4ng nghi\u1ec7p MDF cao c\u1ea5p, m\u00e0u v\u00e2n tinh t\u1ebf, ph\u1ee7 melamine d\u00e0y 50mm. <\/span><\/li>\n<li style=\"text-align: justify;\"><span style=\"font-size: 105%; color: #282828;\"><strong>Ph\u1ee5 ki\u1ec7n:<\/strong> 6\u00a0v\u00e1ch ng\u0103n c\u00f4ng nghi\u1ec7p, 2 t\u1ee7 m\u1edf, 6 n\u1eafp nh\u00f4m 160*80mm lu\u1ed3n d\u00e2y \u0111i\u1ec7n ti\u1ec7n d\u1ee5ng v\u00e0 ch\u00e2n nh\u1ef1a ch\u1ecbu l\u1ef1c ph\u00eda d\u01b0\u1edbi khung b\u00e0n.<\/span><\/li>\n<li style=\"text-align: justify;\"><span style=\"font-size: 105%; color: #282828;\"><strong>B\u1ea3o h\u00e0nh:<\/strong> 12 th\u00e1ng theo ti\u00eau chu\u1ea9n nh\u00e0 m\u00e1y, l\u1eafp gh\u00e9p ho\u00e0n thi\u1ec7n.<\/span><\/li>\n<\/ul>\n<blockquote>\n<p style=\"text-align: justify;\"><span style=\"font-size: 105%;\"><em><span style=\"color: #282828;\">L\u01b0u \u00fd: Kh\u00e1ch h\u00e0ng c\u00f3 th\u1ec3 \u0111\u1eb7t h\u00e0ng v\u1edbi nhi\u1ec1u lo\u1ea1i v\u00e2n g\u1ed7, m\u00e0u s\u1eafc, m\u00e0u khung b\u00e0n v\u00e0 k\u00edch th\u01b0\u1edbc kh\u00e1c nhau. V\u00e0 cam k\u1ebft s\u1ea3n ph\u1ea9m (thi\u1ebft k\u1ebf ri\u00eang) d\u1ea1ng l\u1eafp r\u00e1p, \u0111\u00f3ng g\u00f3i v\u1eadn chuy\u1ec3n v\u00e0 l\u1eafp \u0111\u1eb7t t\u1ea1i c\u00f4ng tr\u00ecnh trong 5 ng\u00e0y.<\/span><\/em><\/span><\/p>\n<\/blockquote>\n<h2><span style=\"color: #282828;\"><strong>2. C\u00e1c Nguy\u00ean Li\u1ec7u C\u1ea5u T\u1ea1o <\/strong><\/span><span style=\"color: #282828;\"><strong>Module B\u00e0n L\u00e0m Vi\u1ec7c<\/strong><\/span><\/h2>\n<figure id=\"attachment_10751\" aria-describedby=\"caption-attachment-10751\" style=\"width: 800px\" class=\"wp-caption aligncenter\"><img loading=\"lazy\" decoding=\"async\" class=\"size-large wp-image-10751\" src=\"http:\/\/qghome.vn\/wp-content\/uploads\/2024\/04\/Module-Ban-Lam-Viec-6-Nguoi-QBMOLE10-800x800.jpg\" alt=\"Module B\u00e0n L\u00e0m Vi\u1ec7c 6 Ng\u01b0\u1eddi QBMOLE10\" width=\"800\" height=\"800\" srcset=\"https:\/\/luan.webrt.net\/qhome\/wp-content\/uploads\/2024\/04\/Module-Ban-Lam-Viec-6-Nguoi-QBMOLE10-800x800.jpg 800w, https:\/\/luan.webrt.net\/qhome\/wp-content\/uploads\/2024\/04\/Module-Ban-Lam-Viec-6-Nguoi-QBMOLE10-100x100.jpg 100w, https:\/\/luan.webrt.net\/qhome\/wp-content\/uploads\/2024\/04\/Module-Ban-Lam-Viec-6-Nguoi-QBMOLE10-510x510.jpg 510w, https:\/\/luan.webrt.net\/qhome\/wp-content\/uploads\/2024\/04\/Module-Ban-Lam-Viec-6-Nguoi-QBMOLE10-400x400.jpg 400w, https:\/\/luan.webrt.net\/qhome\/wp-content\/uploads\/2024\/04\/Module-Ban-Lam-Viec-6-Nguoi-QBMOLE10-280x280.jpg 280w, https:\/\/luan.webrt.net\/qhome\/wp-content\/uploads\/2024\/04\/Module-Ban-Lam-Viec-6-Nguoi-QBMOLE10-768x768.jpg 768w, https:\/\/luan.webrt.net\/qhome\/wp-content\/uploads\/2024\/04\/Module-Ban-Lam-Viec-6-Nguoi-QBMOLE10.jpg 1080w\" sizes=\"auto, (max-width: 800px) 100vw, 800px\" \/><figcaption id=\"caption-attachment-10751\" class=\"wp-caption-text\">Module B\u00e0n L\u00e0m Vi\u1ec7c 6 Ng\u01b0\u1eddi QBMOLE10<\/figcaption><\/figure>\n<figure id=\"attachment_10749\" aria-describedby=\"caption-attachment-10749\" style=\"width: 800px\" class=\"wp-caption aligncenter\"><img loading=\"lazy\" decoding=\"async\" class=\"size-large wp-image-10749\" src=\"http:\/\/qghome.vn\/wp-content\/uploads\/2024\/04\/Module-Ban-Lam-Viec-6-Nguoi-QBMOLE10.1-800x800.jpg\" alt=\"Module B\u00e0n L\u00e0m Vi\u1ec7c 6 Ng\u01b0\u1eddi QBMOLE10.1\" width=\"800\" height=\"800\" srcset=\"https:\/\/luan.webrt.net\/qhome\/wp-content\/uploads\/2024\/04\/Module-Ban-Lam-Viec-6-Nguoi-QBMOLE10.1-800x800.jpg 800w, https:\/\/luan.webrt.net\/qhome\/wp-content\/uploads\/2024\/04\/Module-Ban-Lam-Viec-6-Nguoi-QBMOLE10.1-100x100.jpg 100w, https:\/\/luan.webrt.net\/qhome\/wp-content\/uploads\/2024\/04\/Module-Ban-Lam-Viec-6-Nguoi-QBMOLE10.1-510x510.jpg 510w, https:\/\/luan.webrt.net\/qhome\/wp-content\/uploads\/2024\/04\/Module-Ban-Lam-Viec-6-Nguoi-QBMOLE10.1-400x400.jpg 400w, https:\/\/luan.webrt.net\/qhome\/wp-content\/uploads\/2024\/04\/Module-Ban-Lam-Viec-6-Nguoi-QBMOLE10.1-280x280.jpg 280w, https:\/\/luan.webrt.net\/qhome\/wp-content\/uploads\/2024\/04\/Module-Ban-Lam-Viec-6-Nguoi-QBMOLE10.1-768x768.jpg 768w, https:\/\/luan.webrt.net\/qhome\/wp-content\/uploads\/2024\/04\/Module-Ban-Lam-Viec-6-Nguoi-QBMOLE10.1.jpg 1080w\" sizes=\"auto, (max-width: 800px) 100vw, 800px\" \/><figcaption id=\"caption-attachment-10749\" class=\"wp-caption-text\">Module B\u00e0n L\u00e0m Vi\u1ec7c 6 Ng\u01b0\u1eddi QBMOLE10.1<\/figcaption><\/figure>\n<figure id=\"attachment_10750\" aria-describedby=\"caption-attachment-10750\" style=\"width: 800px\" class=\"wp-caption aligncenter\"><img loading=\"lazy\" decoding=\"async\" class=\"size-large wp-image-10750\" src=\"http:\/\/qghome.vn\/wp-content\/uploads\/2024\/04\/Module-Ban-Lam-Viec-6-Nguoi-QBMOLE10.2-800x800.jpg\" alt=\"Module B\u00e0n L\u00e0m Vi\u1ec7c 6 Ng\u01b0\u1eddi QBMOLE10.2\" width=\"800\" height=\"800\" srcset=\"https:\/\/luan.webrt.net\/qhome\/wp-content\/uploads\/2024\/04\/Module-Ban-Lam-Viec-6-Nguoi-QBMOLE10.2-800x800.jpg 800w, https:\/\/luan.webrt.net\/qhome\/wp-content\/uploads\/2024\/04\/Module-Ban-Lam-Viec-6-Nguoi-QBMOLE10.2-100x100.jpg 100w, https:\/\/luan.webrt.net\/qhome\/wp-content\/uploads\/2024\/04\/Module-Ban-Lam-Viec-6-Nguoi-QBMOLE10.2-510x510.jpg 510w, https:\/\/luan.webrt.net\/qhome\/wp-content\/uploads\/2024\/04\/Module-Ban-Lam-Viec-6-Nguoi-QBMOLE10.2-400x400.jpg 400w, https:\/\/luan.webrt.net\/qhome\/wp-content\/uploads\/2024\/04\/Module-Ban-Lam-Viec-6-Nguoi-QBMOLE10.2-280x280.jpg 280w, https:\/\/luan.webrt.net\/qhome\/wp-content\/uploads\/2024\/04\/Module-Ban-Lam-Viec-6-Nguoi-QBMOLE10.2-768x768.jpg 768w, https:\/\/luan.webrt.net\/qhome\/wp-content\/uploads\/2024\/04\/Module-Ban-Lam-Viec-6-Nguoi-QBMOLE10.2.jpg 1080w\" sizes=\"auto, (max-width: 800px) 100vw, 800px\" \/><figcaption id=\"caption-attachment-10750\" class=\"wp-caption-text\">Module B\u00e0n L\u00e0m Vi\u1ec7c 6 Ng\u01b0\u1eddi QBMOLE10.2<\/figcaption><\/figure>\n<h2><span style=\"color: #282828;\"><strong>4. G\u1ee3i \u00fd c\u00e1c k\u00edch th\u01b0\u1edbc m\u1eb7t b\u1eb1ng Module b\u00e0n l\u00e0m vi\u1ec7c<\/strong><\/span><\/h2>\n<figure id=\"attachment_3679\" aria-describedby=\"caption-attachment-3679\" style=\"width: 800px\" class=\"wp-caption aligncenter\"><img loading=\"lazy\" decoding=\"async\" class=\"wp-image-3679 size-full\" src=\"http:\/\/qghome.vn\/wp-content\/uploads\/2022\/11\/ban-ve-cac-kich-thuoc-mau.jpg\" alt=\"G\u1ee3i \u00fd b\u1ea3n v\u1ebd c\u00e1c k\u00edch th\u01b0\u1edbc m\u1eabu\" width=\"800\" height=\"800\" srcset=\"https:\/\/luan.webrt.net\/qhome\/wp-content\/uploads\/2022\/11\/ban-ve-cac-kich-thuoc-mau.jpg 800w, https:\/\/luan.webrt.net\/qhome\/wp-content\/uploads\/2022\/11\/ban-ve-cac-kich-thuoc-mau-100x100.jpg 100w, https:\/\/luan.webrt.net\/qhome\/wp-content\/uploads\/2022\/11\/ban-ve-cac-kich-thuoc-mau-510x510.jpg 510w, https:\/\/luan.webrt.net\/qhome\/wp-content\/uploads\/2022\/11\/ban-ve-cac-kich-thuoc-mau-400x400.jpg 400w, https:\/\/luan.webrt.net\/qhome\/wp-content\/uploads\/2022\/11\/ban-ve-cac-kich-thuoc-mau-280x280.jpg 280w, https:\/\/luan.webrt.net\/qhome\/wp-content\/uploads\/2022\/11\/ban-ve-cac-kich-thuoc-mau-768x768.jpg 768w\" sizes=\"auto, (max-width: 800px) 100vw, 800px\" \/><figcaption id=\"caption-attachment-3679\" class=\"wp-caption-text\"><span style=\"color: #282828;\"><em>G\u1ee3i \u00fd b\u1ea3n v\u1ebd c\u00e1c k\u00edch th\u01b0\u1edbc m\u1eabu<\/em><\/span><\/figcaption><\/figure>\n","protected":false},"excerpt":{"rendered":"<p>1. Th\u00f4ng Tin Thi\u1ebft K\u1ebf Module B\u00e0n L\u00e0m Vi\u1ec7c 6 Ng\u01b0\u1eddi K\u00edch th\u01b0\u1edbc: 4200mm x 3000mm x 750mm. Ch\u1ea5t li\u1ec7u: L\u00e0m t\u1eeb g\u1ed7 c\u00f4ng nghi\u1ec7p MDF cao c\u1ea5p, m\u00e0u v\u00e2n tinh t\u1ebf, ph\u1ee7 melamine d\u00e0y 50mm. Ph\u1ee5 ki\u1ec7n: 6\u00a0v\u00e1ch ng\u0103n c\u00f4ng nghi\u1ec7p, 2 t\u1ee7 m\u1edf, 6 n\u1eafp nh\u00f4m 160*80mm lu\u1ed3n d\u00e2y \u0111i\u1ec7n ti\u1ec7n d\u1ee5ng v\u00e0&#8230;<\/p>\n","protected":false},"featured_media":10751,"comment_status":"open","ping_status":"closed","template":"","meta":[],"product_cat":[410],"product_tag":[413,377,378,414,411,412],"class_list":["post-8513","product","type-product","status-publish","has-post-thumbnail","hentry","product_cat-module-ban-lam-viec","product_tag-ban-lam-viec","product_tag-ban-lam-viec-cho-nhan-vien","product_tag-ban-lam-viec-nhan-vien-gia-re","product_tag-kich-thuoc-ban-lam-viec","product_tag-module-ban-lam-viec","product_tag-module-ban-lam-viec-gia-tot"],"yoast_head":"<!-- This site is optimized with the Yoast SEO plugin v19.9 - https:\/\/yoast.com\/wordpress\/plugins\/seo\/ -->\n<title>[S\u1ea3n ph\u1ea9m] Module B\u00e0n L\u00e0m Vi\u1ec7c 6 Ng\u01b0\u1eddi QBMOLE10 - N\u1ed9i th\u1ea5t QGHome<\/title>\n<meta name=\"description\" content=\"S\u1ea3n ph\u1ea9m Module B\u00e0n L\u00e0m Vi\u1ec7c 6 Ng\u01b0\u1eddi QBMOLE10 thu\u1ed9c chu\u1ed7i s\u1ea3n ph\u1ea9m b\u00e0n l\u00e0m vi\u1ec7c ch\u1ea5t l\u01b0\u1ee3ng cao. \u0110\u01b0\u1ee3c QGHome thi\u1ebft k\u1ebf, l\u1eafp r\u00e1p v\u00e0 giao h\u00e0ng t\u1eadn n\u01a1i 24\/24.\" \/>\n<meta name=\"robots\" content=\"index, follow, max-snippet:-1, max-image-preview:large, max-video-preview:-1\" \/>\n<link rel=\"canonical\" href=\"https:\/\/luan.webrt.net\/qhome\/san-pham\/module-ban-lam-viec-6-nguoi-qbmole10\/\" \/>\n<meta property=\"og:locale\" content=\"vi_VN\" \/>\n<meta property=\"og:type\" content=\"article\" \/>\n<meta property=\"og:title\" content=\"[S\u1ea3n ph\u1ea9m] Module B\u00e0n L\u00e0m Vi\u1ec7c 6 Ng\u01b0\u1eddi QBMOLE10 - N\u1ed9i th\u1ea5t QGHome\" \/>\n<meta property=\"og:description\" content=\"S\u1ea3n ph\u1ea9m Module B\u00e0n L\u00e0m Vi\u1ec7c 6 Ng\u01b0\u1eddi QBMOLE10 thu\u1ed9c chu\u1ed7i s\u1ea3n ph\u1ea9m b\u00e0n l\u00e0m vi\u1ec7c ch\u1ea5t l\u01b0\u1ee3ng cao. \u0110\u01b0\u1ee3c QGHome thi\u1ebft k\u1ebf, l\u1eafp r\u00e1p v\u00e0 giao h\u00e0ng t\u1eadn n\u01a1i 24\/24.\" \/>\n<meta property=\"og:url\" content=\"https:\/\/luan.webrt.net\/qhome\/san-pham\/module-ban-lam-viec-6-nguoi-qbmole10\/\" \/>\n<meta property=\"og:site_name\" content=\"M\u1eabu web n\u1ed9i th\u1ea5t\" \/>\n<meta property=\"article:publisher\" content=\"https:\/\/www.facebook.com\/noithatqghome\" \/>\n<meta property=\"article:modified_time\" content=\"2024-11-20T01:09:43+00:00\" \/>\n<meta property=\"og:image\" content=\"https:\/\/luan.webrt.net\/qhome\/wp-content\/uploads\/2024\/04\/Module-Ban-Lam-Viec-6-Nguoi-QBMOLE10.jpg\" \/>\n\t<meta property=\"og:image:width\" content=\"1080\" \/>\n\t<meta property=\"og:image:height\" content=\"1080\" \/>\n\t<meta property=\"og:image:type\" content=\"image\/jpeg\" \/>\n<meta name=\"twitter:card\" content=\"summary_large_image\" \/>\n<meta name=\"twitter:label1\" content=\"\u01af\u1edbc t\u00ednh th\u1eddi gian \u0111\u1ecdc\" \/>\n\t<meta name=\"twitter:data1\" content=\"2 ph\u00fat\" \/>\n<script type=\"application\/ld+json\" class=\"yoast-schema-graph\">{\"@context\":\"https:\/\/schema.org\",\"@graph\":[{\"@type\":\"WebPage\",\"@id\":\"https:\/\/luan.webrt.net\/qhome\/san-pham\/module-ban-lam-viec-6-nguoi-qbmole10\/\",\"url\":\"https:\/\/luan.webrt.net\/qhome\/san-pham\/module-ban-lam-viec-6-nguoi-qbmole10\/\",\"name\":\"[S\u1ea3n ph\u1ea9m] Module B\u00e0n L\u00e0m Vi\u1ec7c 6 Ng\u01b0\u1eddi QBMOLE10 - N\u1ed9i th\u1ea5t QGHome\",\"isPartOf\":{\"@id\":\"https:\/\/luan.webrt.net\/qhome\/#website\"},\"datePublished\":\"2024-04-09T10:15:13+00:00\",\"dateModified\":\"2024-11-20T01:09:43+00:00\",\"description\":\"S\u1ea3n ph\u1ea9m Module B\u00e0n L\u00e0m Vi\u1ec7c 6 Ng\u01b0\u1eddi QBMOLE10 thu\u1ed9c chu\u1ed7i s\u1ea3n ph\u1ea9m b\u00e0n l\u00e0m vi\u1ec7c ch\u1ea5t l\u01b0\u1ee3ng cao. \u0110\u01b0\u1ee3c QGHome thi\u1ebft k\u1ebf, l\u1eafp r\u00e1p v\u00e0 giao h\u00e0ng t\u1eadn n\u01a1i 24\/24.\",\"breadcrumb\":{\"@id\":\"https:\/\/luan.webrt.net\/qhome\/san-pham\/module-ban-lam-viec-6-nguoi-qbmole10\/#breadcrumb\"},\"inLanguage\":\"vi\",\"potentialAction\":[{\"@type\":\"ReadAction\",\"target\":[\"https:\/\/luan.webrt.net\/qhome\/san-pham\/module-ban-lam-viec-6-nguoi-qbmole10\/\"]}]},{\"@type\":\"BreadcrumbList\",\"@id\":\"https:\/\/luan.webrt.net\/qhome\/san-pham\/module-ban-lam-viec-6-nguoi-qbmole10\/#breadcrumb\",\"itemListElement\":[{\"@type\":\"ListItem\",\"position\":1,\"name\":\"Trang ch\u1ee7\",\"item\":\"https:\/\/luan.webrt.net\/qhome\/\"},{\"@type\":\"ListItem\",\"position\":2,\"name\":\"Shop\",\"item\":\"https:\/\/luan.webrt.net\/qhome\/shop\/\"},{\"@type\":\"ListItem\",\"position\":3,\"name\":\"Module B\u00e0n L\u00e0m Vi\u1ec7c 6 Ng\u01b0\u1eddi QBMOLE10\"}]},{\"@type\":\"WebSite\",\"@id\":\"https:\/\/luan.webrt.net\/qhome\/#website\",\"url\":\"https:\/\/luan.webrt.net\/qhome\/\",\"name\":\"M\u1eabu web n\u1ed9i th\u1ea5t\",\"description\":\"QGHome Vi\u1ec7t Nam\",\"publisher\":{\"@id\":\"https:\/\/luan.webrt.net\/qhome\/#organization\"},\"potentialAction\":[{\"@type\":\"SearchAction\",\"target\":{\"@type\":\"EntryPoint\",\"urlTemplate\":\"https:\/\/luan.webrt.net\/qhome\/?s={search_term_string}\"},\"query-input\":\"required name=search_term_string\"}],\"inLanguage\":\"vi\"},{\"@type\":\"Organization\",\"@id\":\"https:\/\/luan.webrt.net\/qhome\/#organization\",\"name\":\"QGHome\",\"url\":\"https:\/\/luan.webrt.net\/qhome\/\",\"logo\":{\"@type\":\"ImageObject\",\"inLanguage\":\"vi\",\"@id\":\"https:\/\/luan.webrt.net\/qhome\/#\/schema\/logo\/image\/\",\"url\":\"https:\/\/qghome.vn\/wp-content\/uploads\/2025\/08\/logo-mau-MauTH-21.png\",\"contentUrl\":\"https:\/\/qghome.vn\/wp-content\/uploads\/2025\/08\/logo-mau-MauTH-21.png\",\"width\":253,\"height\":99,\"caption\":\"QGHome\"},\"image\":{\"@id\":\"https:\/\/luan.webrt.net\/qhome\/#\/schema\/logo\/image\/\"},\"sameAs\":[\"https:\/\/www.tiktok.com\/@qghome.official\",\"https:\/\/www.youtube.com\/channel\/UCeVBuKTXkv-u94DS421cklw\",\"https:\/\/www.facebook.com\/noithatqghome\"]}]}<\/script>\n<!-- \/ Yoast SEO plugin. -->","yoast_head_json":{"title":"[S\u1ea3n ph\u1ea9m] Module B\u00e0n L\u00e0m Vi\u1ec7c 6 Ng\u01b0\u1eddi QBMOLE10 - N\u1ed9i th\u1ea5t QGHome","description":"S\u1ea3n ph\u1ea9m Module B\u00e0n L\u00e0m Vi\u1ec7c 6 Ng\u01b0\u1eddi QBMOLE10 thu\u1ed9c chu\u1ed7i s\u1ea3n ph\u1ea9m b\u00e0n l\u00e0m vi\u1ec7c ch\u1ea5t l\u01b0\u1ee3ng cao. \u0110\u01b0\u1ee3c QGHome thi\u1ebft k\u1ebf, l\u1eafp r\u00e1p v\u00e0 giao h\u00e0ng t\u1eadn n\u01a1i 24\/24.","robots":{"index":"index","follow":"follow","max-snippet":"max-snippet:-1","max-image-preview":"max-image-preview:large","max-video-preview":"max-video-preview:-1"},"canonical":"https:\/\/luan.webrt.net\/qhome\/san-pham\/module-ban-lam-viec-6-nguoi-qbmole10\/","og_locale":"vi_VN","og_type":"article","og_title":"[S\u1ea3n ph\u1ea9m] Module B\u00e0n L\u00e0m Vi\u1ec7c 6 Ng\u01b0\u1eddi QBMOLE10 - N\u1ed9i th\u1ea5t QGHome","og_description":"S\u1ea3n ph\u1ea9m Module B\u00e0n L\u00e0m Vi\u1ec7c 6 Ng\u01b0\u1eddi QBMOLE10 thu\u1ed9c chu\u1ed7i s\u1ea3n ph\u1ea9m b\u00e0n l\u00e0m vi\u1ec7c ch\u1ea5t l\u01b0\u1ee3ng cao. \u0110\u01b0\u1ee3c QGHome thi\u1ebft k\u1ebf, l\u1eafp r\u00e1p v\u00e0 giao h\u00e0ng t\u1eadn n\u01a1i 24\/24.","og_url":"https:\/\/luan.webrt.net\/qhome\/san-pham\/module-ban-lam-viec-6-nguoi-qbmole10\/","og_site_name":"M\u1eabu web n\u1ed9i th\u1ea5t","article_publisher":"https:\/\/www.facebook.com\/noithatqghome","article_modified_time":"2024-11-20T01:09:43+00:00","og_image":[{"width":1080,"height":1080,"url":"https:\/\/luan.webrt.net\/qhome\/wp-content\/uploads\/2024\/04\/Module-Ban-Lam-Viec-6-Nguoi-QBMOLE10.jpg","type":"image\/jpeg"}],"twitter_card":"summary_large_image","twitter_misc":{"\u01af\u1edbc t\u00ednh th\u1eddi gian \u0111\u1ecdc":"2 ph\u00fat"},"schema":{"@context":"https:\/\/schema.org","@graph":[{"@type":"WebPage","@id":"https:\/\/luan.webrt.net\/qhome\/san-pham\/module-ban-lam-viec-6-nguoi-qbmole10\/","url":"https:\/\/luan.webrt.net\/qhome\/san-pham\/module-ban-lam-viec-6-nguoi-qbmole10\/","name":"[S\u1ea3n ph\u1ea9m] Module B\u00e0n L\u00e0m Vi\u1ec7c 6 Ng\u01b0\u1eddi QBMOLE10 - N\u1ed9i th\u1ea5t QGHome","isPartOf":{"@id":"https:\/\/luan.webrt.net\/qhome\/#website"},"datePublished":"2024-04-09T10:15:13+00:00","dateModified":"2024-11-20T01:09:43+00:00","description":"S\u1ea3n ph\u1ea9m Module B\u00e0n L\u00e0m Vi\u1ec7c 6 Ng\u01b0\u1eddi QBMOLE10 thu\u1ed9c chu\u1ed7i s\u1ea3n ph\u1ea9m b\u00e0n l\u00e0m vi\u1ec7c ch\u1ea5t l\u01b0\u1ee3ng cao. \u0110\u01b0\u1ee3c QGHome thi\u1ebft k\u1ebf, l\u1eafp r\u00e1p v\u00e0 giao h\u00e0ng t\u1eadn n\u01a1i 24\/24.","breadcrumb":{"@id":"https:\/\/luan.webrt.net\/qhome\/san-pham\/module-ban-lam-viec-6-nguoi-qbmole10\/#breadcrumb"},"inLanguage":"vi","potentialAction":[{"@type":"ReadAction","target":["https:\/\/luan.webrt.net\/qhome\/san-pham\/module-ban-lam-viec-6-nguoi-qbmole10\/"]}]},{"@type":"BreadcrumbList","@id":"https:\/\/luan.webrt.net\/qhome\/san-pham\/module-ban-lam-viec-6-nguoi-qbmole10\/#breadcrumb","itemListElement":[{"@type":"ListItem","position":1,"name":"Trang ch\u1ee7","item":"https:\/\/luan.webrt.net\/qhome\/"},{"@type":"ListItem","position":2,"name":"Shop","item":"https:\/\/luan.webrt.net\/qhome\/shop\/"},{"@type":"ListItem","position":3,"name":"Module B\u00e0n L\u00e0m Vi\u1ec7c 6 Ng\u01b0\u1eddi QBMOLE10"}]},{"@type":"WebSite","@id":"https:\/\/luan.webrt.net\/qhome\/#website","url":"https:\/\/luan.webrt.net\/qhome\/","name":"M\u1eabu web n\u1ed9i th\u1ea5t","description":"QGHome Vi\u1ec7t Nam","publisher":{"@id":"https:\/\/luan.webrt.net\/qhome\/#organization"},"potentialAction":[{"@type":"SearchAction","target":{"@type":"EntryPoint","urlTemplate":"https:\/\/luan.webrt.net\/qhome\/?s={search_term_string}"},"query-input":"required name=search_term_string"}],"inLanguage":"vi"},{"@type":"Organization","@id":"https:\/\/luan.webrt.net\/qhome\/#organization","name":"QGHome","url":"https:\/\/luan.webrt.net\/qhome\/","logo":{"@type":"ImageObject","inLanguage":"vi","@id":"https:\/\/luan.webrt.net\/qhome\/#\/schema\/logo\/image\/","url":"https:\/\/qghome.vn\/wp-content\/uploads\/2025\/08\/logo-mau-MauTH-21.png","contentUrl":"https:\/\/qghome.vn\/wp-content\/uploads\/2025\/08\/logo-mau-MauTH-21.png","width":253,"height":99,"caption":"QGHome"},"image":{"@id":"https:\/\/luan.webrt.net\/qhome\/#\/schema\/logo\/image\/"},"sameAs":["https:\/\/www.tiktok.com\/@qghome.official","https:\/\/www.youtube.com\/channel\/UCeVBuKTXkv-u94DS421cklw","https:\/\/www.facebook.com\/noithatqghome"]}]}},"_links":{"self":[{"href":"https:\/\/luan.webrt.net\/qhome\/wp-json\/wp\/v2\/product\/8513","targetHints":{"allow":["GET"]}}],"collection":[{"href":"https:\/\/luan.webrt.net\/qhome\/wp-json\/wp\/v2\/product"}],"about":[{"href":"https:\/\/luan.webrt.net\/qhome\/wp-json\/wp\/v2\/types\/product"}],"replies":[{"embeddable":true,"href":"https:\/\/luan.webrt.net\/qhome\/wp-json\/wp\/v2\/comments?post=8513"}],"wp:featuredmedia":[{"embeddable":true,"href":"https:\/\/luan.webrt.net\/qhome\/wp-json\/wp\/v2\/media\/10751"}],"wp:attachment":[{"href":"https:\/\/luan.webrt.net\/qhome\/wp-json\/wp\/v2\/media?parent=8513"}],"wp:term":[{"taxonomy":"product_cat","embeddable":true,"href":"https:\/\/luan.webrt.net\/qhome\/wp-json\/wp\/v2\/product_cat?post=8513"},{"taxonomy":"product_tag","embeddable":true,"href":"https:\/\/luan.webrt.net\/qhome\/wp-json\/wp\/v2\/product_tag?post=8513"}],"curies":[{"name":"wp","href":"https:\/\/api.w.org\/{rel}","templated":true}]}}