{"id":8507,"date":"2024-04-09T09:35:21","date_gmt":"2024-04-09T09:35:21","guid":{"rendered":"https:\/\/qghome.vn\/?post_type=product&#038;p=8507"},"modified":"2025-05-24T16:07:46","modified_gmt":"2025-05-24T16:07:46","slug":"module-ban-lam-viec-2-nguoi-qbmole06","status":"publish","type":"product","link":"https:\/\/luan.webrt.net\/qhome\/san-pham\/module-ban-lam-viec-2-nguoi-qbmole06\/","title":{"rendered":"Module B\u00e0n L\u00e0m Vi\u1ec7c 6 Ng\u01b0\u1eddi QBMOLE06"},"content":{"rendered":"<h2 style=\"text-align: center;\"><span style=\"color: #333399; font-size: 130%;\"><strong>Th\u00f4ng Tin V\u00e0 K\u00edch Th\u01b0\u1edbc S\u1ea3n Ph\u1ea9m<\/strong><\/span><\/h2>\n<p style=\"text-align: justify;\"><span style=\"font-size: 105%; color: #282828;\">Module B\u00e0n L\u00e0m Vi\u1ec7c 6 Ng\u01b0\u1eddi QBMOLE06 l\u00e0 m\u1ed9t b\u1ed9 s\u1ea3n ph\u1ea9m thi\u1ebft k\u1ebf \u0111\u1eb7c bi\u1ec7t \u0111\u1ec3 ph\u1ee5c v\u1ee5 nhu c\u1ea7u l\u00e0m vi\u1ec7c chung c\u1ee7a 6 ng\u01b0\u1eddi trong m\u00f4i tr\u01b0\u1eddng v\u0103n ph\u00f2ng ho\u1eb7c kh\u00f4ng gian l\u00e0m vi\u1ec7c t\u1ea1i nh\u00e0. V\u1edbi ki\u1ec3u d\u00e1ng hi\u1ec7n \u0111\u1ea1i v\u00e0 t\u00ednh ti\u1ec7n \u00edch cao, module n\u00e0y cung c\u1ea5p kh\u00f4ng gian l\u00e0m vi\u1ec7c tho\u1ea3i m\u00e1i v\u00e0 ti\u1ec7n l\u1ee3i cho m\u1ed7i ng\u01b0\u1eddi d\u00f9ng.<\/span><\/p>\n<p><span style=\"color: #282828; font-size: 105%;\">\u2013 B\u00e0n s\u1eed d\u1ee5ng t\u0103ng ch\u00e2n ch\u1ee5p c\u00e1ch \u0111i\u1ec7u<\/span><br \/>\n<span style=\"color: #282828; font-size: 105%;\">\u2013 H\u1ed9c t\u1ee7 m\u1eb7t b\u00e0n 2 t\u1ea7ng v\u00e0 6 t\u1ee7 \u0111\u1ee9ng \u0111\u1ef1ng t\u00e0i li\u1ec7u (4 ng\u0103n k\u00e9o)<\/span><br \/>\n<span style=\"color: #282828; font-size: 105%;\">\u2013 D\u00e0i 3600mm x R\u1ed9ng 3100mm x Cao 1150mm<\/span><br \/>\n<span style=\"color: #282828; font-size: 105%;\">\u2013 C\u00f3 th\u1ec3 s\u1eed d\u1ee5ng v\u1edbi c\u00e1c lo\u1ea1i gh\u1ebf v\u0103n ph\u00f2ng, gh\u1ebf l\u01b0\u1edbi, gh\u1ebf xoay v\u0103n ph\u00f2ng,\u2026<\/span><br \/>\n<span style=\"color: #282828; font-size: 105%;\">\u2013 S\u1ea3n ph\u1ea9m Module B\u00e0n L\u00e0m Vi\u1ec7c 6 Ng\u01b0\u1eddi QBMOLE06 s\u1eed d\u1ee5ng cho ph\u00f2ng l\u00e0m vi\u1ec7c nh\u00e2n vi\u00ean t\u1ea1o n\u00ean s\u1ef1 hi\u1ec7n \u0111\u1ea1i cho kh\u00f4ng gian v\u0103n ph\u00f2ng<\/span><br \/>\n<span style=\"color: #282828; font-size: 105%;\">\u2013 Ch\u1ea5t li\u1ec7u: B\u00e0n l\u00e0m t\u1eeb g\u1ed7 c\u00f4ng nghi\u1ec7p Melamine ch\u1ecbu l\u1eeda, ch\u1ed1ng x\u01b0\u1edbc, ch\u1ed1ng va \u0111\u1eadp, ch\u1ed1ng phai m\u00e0u, ch\u1ed1ng s\u1ef1 x\u00e2m nh\u1eadp c\u1ee7a vi khu\u1ea9n v\u00e0 m\u1ed1i m\u1ecdt, ch\u1ed1ng l\u1ea1i c\u00e1c t\u00e1c \u0111\u1ed9ng c\u1ee7a h\u00f3a ch\u1ea5t.<\/span><\/p>\n<figure id=\"attachment_10755\" aria-describedby=\"caption-attachment-10755\" style=\"width: 1080px\" class=\"wp-caption aligncenter\"><img loading=\"lazy\" decoding=\"async\" class=\"wp-image-10755 size-full\" src=\"http:\/\/qghome.vn\/wp-content\/uploads\/2024\/04\/Module-Ban-Lam-Viec-6-Nguoi-QBMOLE06.jpg\" alt=\"Module B\u00e0n L\u00e0m Vi\u1ec7c 6 Ng\u01b0\u1eddi QBMOLE06\" width=\"1080\" height=\"1080\" srcset=\"https:\/\/luan.webrt.net\/qhome\/wp-content\/uploads\/2024\/04\/Module-Ban-Lam-Viec-6-Nguoi-QBMOLE06.jpg 1080w, https:\/\/luan.webrt.net\/qhome\/wp-content\/uploads\/2024\/04\/Module-Ban-Lam-Viec-6-Nguoi-QBMOLE06-100x100.jpg 100w, https:\/\/luan.webrt.net\/qhome\/wp-content\/uploads\/2024\/04\/Module-Ban-Lam-Viec-6-Nguoi-QBMOLE06-510x510.jpg 510w, https:\/\/luan.webrt.net\/qhome\/wp-content\/uploads\/2024\/04\/Module-Ban-Lam-Viec-6-Nguoi-QBMOLE06-400x400.jpg 400w, https:\/\/luan.webrt.net\/qhome\/wp-content\/uploads\/2024\/04\/Module-Ban-Lam-Viec-6-Nguoi-QBMOLE06-800x800.jpg 800w, https:\/\/luan.webrt.net\/qhome\/wp-content\/uploads\/2024\/04\/Module-Ban-Lam-Viec-6-Nguoi-QBMOLE06-280x280.jpg 280w, https:\/\/luan.webrt.net\/qhome\/wp-content\/uploads\/2024\/04\/Module-Ban-Lam-Viec-6-Nguoi-QBMOLE06-768x768.jpg 768w\" sizes=\"auto, (max-width: 1080px) 100vw, 1080px\" \/><figcaption id=\"caption-attachment-10755\" class=\"wp-caption-text\">Module B\u00e0n L\u00e0m Vi\u1ec7c 6 Ng\u01b0\u1eddi QBMOLE06<\/figcaption><\/figure>\n<h2 style=\"text-align: center;\"><\/h2>\n<h2 style=\"text-align: center;\"><span style=\"color: #333399; font-size: 130%;\"><strong>CH\u1ea4T LI\u1ec6U<\/strong><\/span><\/h2>\n<figure id=\"attachment_9488\" aria-describedby=\"caption-attachment-9488\" style=\"width: 1080px\" class=\"wp-caption aligncenter\"><img loading=\"lazy\" decoding=\"async\" class=\"size-full wp-image-9488\" src=\"http:\/\/qghome.vn\/wp-content\/uploads\/2022\/11\/Go-cong-nghiep-phu-Melamine-8.png\" alt=\"G\u1ed7 MDF ph\u1ee7 melamine\" width=\"1080\" height=\"1080\" srcset=\"https:\/\/luan.webrt.net\/qhome\/wp-content\/uploads\/2022\/11\/Go-cong-nghiep-phu-Melamine-8.png 1080w, https:\/\/luan.webrt.net\/qhome\/wp-content\/uploads\/2022\/11\/Go-cong-nghiep-phu-Melamine-8-100x100.png 100w, https:\/\/luan.webrt.net\/qhome\/wp-content\/uploads\/2022\/11\/Go-cong-nghiep-phu-Melamine-8-510x510.png 510w, https:\/\/luan.webrt.net\/qhome\/wp-content\/uploads\/2022\/11\/Go-cong-nghiep-phu-Melamine-8-400x400.png 400w, https:\/\/luan.webrt.net\/qhome\/wp-content\/uploads\/2022\/11\/Go-cong-nghiep-phu-Melamine-8-800x800.png 800w, https:\/\/luan.webrt.net\/qhome\/wp-content\/uploads\/2022\/11\/Go-cong-nghiep-phu-Melamine-8-280x280.png 280w, https:\/\/luan.webrt.net\/qhome\/wp-content\/uploads\/2022\/11\/Go-cong-nghiep-phu-Melamine-8-768x768.png 768w\" sizes=\"auto, (max-width: 1080px) 100vw, 1080px\" \/><figcaption id=\"caption-attachment-9488\" class=\"wp-caption-text\">G\u1ed7 MDF ph\u1ee7 melamine<\/figcaption><\/figure>\n<figure id=\"attachment_9487\" aria-describedby=\"caption-attachment-9487\" style=\"width: 1080px\" class=\"wp-caption aligncenter\"><img loading=\"lazy\" decoding=\"async\" class=\"size-full wp-image-9487\" src=\"http:\/\/qghome.vn\/wp-content\/uploads\/2022\/11\/Go-cong-nghiep-phu-Melamine-7.png\" alt=\"G\u1ed7 MDF ph\u1ee7 melamine\" width=\"1080\" height=\"1080\" srcset=\"https:\/\/luan.webrt.net\/qhome\/wp-content\/uploads\/2022\/11\/Go-cong-nghiep-phu-Melamine-7.png 1080w, https:\/\/luan.webrt.net\/qhome\/wp-content\/uploads\/2022\/11\/Go-cong-nghiep-phu-Melamine-7-100x100.png 100w, https:\/\/luan.webrt.net\/qhome\/wp-content\/uploads\/2022\/11\/Go-cong-nghiep-phu-Melamine-7-510x510.png 510w, https:\/\/luan.webrt.net\/qhome\/wp-content\/uploads\/2022\/11\/Go-cong-nghiep-phu-Melamine-7-400x400.png 400w, https:\/\/luan.webrt.net\/qhome\/wp-content\/uploads\/2022\/11\/Go-cong-nghiep-phu-Melamine-7-800x800.png 800w, https:\/\/luan.webrt.net\/qhome\/wp-content\/uploads\/2022\/11\/Go-cong-nghiep-phu-Melamine-7-280x280.png 280w, https:\/\/luan.webrt.net\/qhome\/wp-content\/uploads\/2022\/11\/Go-cong-nghiep-phu-Melamine-7-768x768.png 768w\" sizes=\"auto, (max-width: 1080px) 100vw, 1080px\" \/><figcaption id=\"caption-attachment-9487\" class=\"wp-caption-text\">G\u1ed7 MDF ph\u1ee7 melamine<\/figcaption><\/figure>\n<figure id=\"attachment_9486\" aria-describedby=\"caption-attachment-9486\" style=\"width: 1080px\" class=\"wp-caption aligncenter\"><img loading=\"lazy\" decoding=\"async\" class=\"size-full wp-image-9486\" src=\"http:\/\/qghome.vn\/wp-content\/uploads\/2022\/11\/Go-cong-nghiep-phu-Melamine-9.png\" alt=\"G\u1ed7 MDF ph\u1ee7 melamine\" width=\"1080\" height=\"1080\" srcset=\"https:\/\/luan.webrt.net\/qhome\/wp-content\/uploads\/2022\/11\/Go-cong-nghiep-phu-Melamine-9.png 1080w, https:\/\/luan.webrt.net\/qhome\/wp-content\/uploads\/2022\/11\/Go-cong-nghiep-phu-Melamine-9-100x100.png 100w, https:\/\/luan.webrt.net\/qhome\/wp-content\/uploads\/2022\/11\/Go-cong-nghiep-phu-Melamine-9-510x510.png 510w, https:\/\/luan.webrt.net\/qhome\/wp-content\/uploads\/2022\/11\/Go-cong-nghiep-phu-Melamine-9-400x400.png 400w, https:\/\/luan.webrt.net\/qhome\/wp-content\/uploads\/2022\/11\/Go-cong-nghiep-phu-Melamine-9-800x800.png 800w, https:\/\/luan.webrt.net\/qhome\/wp-content\/uploads\/2022\/11\/Go-cong-nghiep-phu-Melamine-9-280x280.png 280w, https:\/\/luan.webrt.net\/qhome\/wp-content\/uploads\/2022\/11\/Go-cong-nghiep-phu-Melamine-9-768x768.png 768w\" sizes=\"auto, (max-width: 1080px) 100vw, 1080px\" \/><figcaption id=\"caption-attachment-9486\" class=\"wp-caption-text\">G\u1ed7 MDF ph\u1ee7 melamine<\/figcaption><\/figure>\n<h2 style=\"text-align: center;\"><span style=\"font-size: 130%; color: #333399;\"><strong>NH\u00c0 M\u00c1Y S\u1ea2N XU\u1ea4T QGHOME<\/strong><\/span><\/h2>\n<figure id=\"attachment_9485\" aria-describedby=\"caption-attachment-9485\" style=\"width: 965px\" class=\"wp-caption aligncenter\"><img loading=\"lazy\" decoding=\"async\" class=\" wp-image-9485\" src=\"http:\/\/qghome.vn\/wp-content\/uploads\/2022\/11\/nha-may-san-xuat-noi-that-qghome-viet-nam.jpg\" alt=\"Nh\u00e0 m\u00e1y s\u1ea3n xu\u1ea5t n\u1ed9i th\u1ea5t QGHOME Vi\u1ec7t Nam\" width=\"965\" height=\"565\" srcset=\"https:\/\/luan.webrt.net\/qhome\/wp-content\/uploads\/2022\/11\/nha-may-san-xuat-noi-that-qghome-viet-nam.jpg 800w, https:\/\/luan.webrt.net\/qhome\/wp-content\/uploads\/2022\/11\/nha-may-san-xuat-noi-that-qghome-viet-nam-510x298.jpg 510w, https:\/\/luan.webrt.net\/qhome\/wp-content\/uploads\/2022\/11\/nha-may-san-xuat-noi-that-qghome-viet-nam-684x400.jpg 684w, https:\/\/luan.webrt.net\/qhome\/wp-content\/uploads\/2022\/11\/nha-may-san-xuat-noi-that-qghome-viet-nam-768x449.jpg 768w\" sizes=\"auto, (max-width: 965px) 100vw, 965px\" \/><figcaption id=\"caption-attachment-9485\" class=\"wp-caption-text\">Nh\u00e0 m\u00e1y s\u1ea3n xu\u1ea5t n\u1ed9i th\u1ea5t QGHOME Vi\u1ec7t Nam<\/figcaption><\/figure>\n<figure id=\"attachment_9484\" aria-describedby=\"caption-attachment-9484\" style=\"width: 973px\" class=\"wp-caption aligncenter\"><img loading=\"lazy\" decoding=\"async\" class=\" wp-image-9484\" src=\"http:\/\/qghome.vn\/wp-content\/uploads\/2022\/11\/nha-may-noi-that-qghome-viet-nam.jpg\" alt=\"Nh\u00e0 m\u00e1y s\u1ea3n xu\u1ea5t n\u1ed9i th\u1ea5t QGHOME Vi\u1ec7t Nam\" width=\"973\" height=\"569\" srcset=\"https:\/\/luan.webrt.net\/qhome\/wp-content\/uploads\/2022\/11\/nha-may-noi-that-qghome-viet-nam.jpg 800w, https:\/\/luan.webrt.net\/qhome\/wp-content\/uploads\/2022\/11\/nha-may-noi-that-qghome-viet-nam-510x298.jpg 510w, https:\/\/luan.webrt.net\/qhome\/wp-content\/uploads\/2022\/11\/nha-may-noi-that-qghome-viet-nam-684x400.jpg 684w, https:\/\/luan.webrt.net\/qhome\/wp-content\/uploads\/2022\/11\/nha-may-noi-that-qghome-viet-nam-768x449.jpg 768w\" sizes=\"auto, (max-width: 973px) 100vw, 973px\" \/><figcaption id=\"caption-attachment-9484\" class=\"wp-caption-text\">Nh\u00e0 m\u00e1y s\u1ea3n xu\u1ea5t n\u1ed9i th\u1ea5t QGHOME Vi\u1ec7t Nam<\/figcaption><\/figure>\n<figure id=\"attachment_9483\" aria-describedby=\"caption-attachment-9483\" style=\"width: 997px\" class=\"wp-caption aligncenter\"><img loading=\"lazy\" decoding=\"async\" class=\" wp-image-9483\" src=\"http:\/\/qghome.vn\/wp-content\/uploads\/2022\/11\/nha-may-qghome-viet-nam.jpg\" alt=\"Nh\u00e0 m\u00e1y s\u1ea3n xu\u1ea5t n\u1ed9i th\u1ea5t QGHOME Vi\u1ec7t Nam\" width=\"997\" height=\"583\" srcset=\"https:\/\/luan.webrt.net\/qhome\/wp-content\/uploads\/2022\/11\/nha-may-qghome-viet-nam.jpg 800w, https:\/\/luan.webrt.net\/qhome\/wp-content\/uploads\/2022\/11\/nha-may-qghome-viet-nam-510x298.jpg 510w, https:\/\/luan.webrt.net\/qhome\/wp-content\/uploads\/2022\/11\/nha-may-qghome-viet-nam-684x400.jpg 684w, https:\/\/luan.webrt.net\/qhome\/wp-content\/uploads\/2022\/11\/nha-may-qghome-viet-nam-768x449.jpg 768w\" sizes=\"auto, (max-width: 997px) 100vw, 997px\" \/><figcaption id=\"caption-attachment-9483\" class=\"wp-caption-text\">Nh\u00e0 m\u00e1y s\u1ea3n xu\u1ea5t n\u1ed9i th\u1ea5t QGHOME Vi\u1ec7t Nam<\/figcaption><\/figure>\n","protected":false},"excerpt":{"rendered":"<p>Th\u00f4ng Tin V\u00e0 K\u00edch Th\u01b0\u1edbc S\u1ea3n Ph\u1ea9m Module B\u00e0n L\u00e0m Vi\u1ec7c 6 Ng\u01b0\u1eddi QBMOLE06 l\u00e0 m\u1ed9t b\u1ed9 s\u1ea3n ph\u1ea9m thi\u1ebft k\u1ebf \u0111\u1eb7c bi\u1ec7t \u0111\u1ec3 ph\u1ee5c v\u1ee5 nhu c\u1ea7u l\u00e0m vi\u1ec7c chung c\u1ee7a 6 ng\u01b0\u1eddi trong m\u00f4i tr\u01b0\u1eddng v\u0103n ph\u00f2ng ho\u1eb7c kh\u00f4ng gian l\u00e0m vi\u1ec7c t\u1ea1i nh\u00e0. V\u1edbi ki\u1ec3u d\u00e1ng hi\u1ec7n \u0111\u1ea1i v\u00e0 t\u00ednh ti\u1ec7n \u00edch&#8230;<\/p>\n","protected":false},"featured_media":10755,"comment_status":"open","ping_status":"closed","template":"","meta":[],"product_cat":[410],"product_tag":[413,377,378,414,411,412],"class_list":["post-8507","product","type-product","status-publish","has-post-thumbnail","hentry","product_cat-module-ban-lam-viec","product_tag-ban-lam-viec","product_tag-ban-lam-viec-cho-nhan-vien","product_tag-ban-lam-viec-nhan-vien-gia-re","product_tag-kich-thuoc-ban-lam-viec","product_tag-module-ban-lam-viec","product_tag-module-ban-lam-viec-gia-tot"],"yoast_head":"<!-- This site is optimized with the Yoast SEO plugin v19.9 - https:\/\/yoast.com\/wordpress\/plugins\/seo\/ -->\n<title>[S\u1ea3n ph\u1ea9m] Module B\u00e0n L\u00e0m Vi\u1ec7c 6 Ng\u01b0\u1eddi QBMOLE06 - N\u1ed9i th\u1ea5t QGHome<\/title>\n<meta name=\"description\" content=\"S\u1ea3n ph\u1ea9m Module B\u00e0n L\u00e0m Vi\u1ec7c 6 Ng\u01b0\u1eddi QBMOLE06 thu\u1ed9c chu\u1ed7i s\u1ea3n ph\u1ea9m b\u00e0n l\u00e0m vi\u1ec7c ch\u1ea5t l\u01b0\u1ee3ng cao. \u0110\u01b0\u1ee3c QGHome thi\u1ebft k\u1ebf, l\u1eafp r\u00e1p v\u00e0 giao h\u00e0ng t\u1eadn n\u01a1i 24\/24.\" \/>\n<meta name=\"robots\" content=\"index, follow, max-snippet:-1, max-image-preview:large, max-video-preview:-1\" \/>\n<link rel=\"canonical\" href=\"https:\/\/luan.webrt.net\/qhome\/san-pham\/module-ban-lam-viec-2-nguoi-qbmole06\/\" \/>\n<meta property=\"og:locale\" content=\"vi_VN\" \/>\n<meta property=\"og:type\" content=\"article\" \/>\n<meta property=\"og:title\" content=\"[S\u1ea3n ph\u1ea9m] Module B\u00e0n L\u00e0m Vi\u1ec7c 6 Ng\u01b0\u1eddi QBMOLE06 - N\u1ed9i th\u1ea5t QGHome\" \/>\n<meta property=\"og:description\" content=\"S\u1ea3n ph\u1ea9m Module B\u00e0n L\u00e0m Vi\u1ec7c 6 Ng\u01b0\u1eddi QBMOLE06 thu\u1ed9c chu\u1ed7i s\u1ea3n ph\u1ea9m b\u00e0n l\u00e0m vi\u1ec7c ch\u1ea5t l\u01b0\u1ee3ng cao. \u0110\u01b0\u1ee3c QGHome thi\u1ebft k\u1ebf, l\u1eafp r\u00e1p v\u00e0 giao h\u00e0ng t\u1eadn n\u01a1i 24\/24.\" \/>\n<meta property=\"og:url\" content=\"https:\/\/luan.webrt.net\/qhome\/san-pham\/module-ban-lam-viec-2-nguoi-qbmole06\/\" \/>\n<meta property=\"og:site_name\" content=\"M\u1eabu web n\u1ed9i th\u1ea5t\" \/>\n<meta property=\"article:publisher\" content=\"https:\/\/www.facebook.com\/noithatqghome\" \/>\n<meta property=\"article:modified_time\" content=\"2025-05-24T16:07:46+00:00\" \/>\n<meta property=\"og:image\" content=\"https:\/\/luan.webrt.net\/qhome\/wp-content\/uploads\/2024\/04\/Module-Ban-Lam-Viec-6-Nguoi-QBMOLE06.jpg\" \/>\n\t<meta property=\"og:image:width\" content=\"1080\" \/>\n\t<meta property=\"og:image:height\" content=\"1080\" \/>\n\t<meta property=\"og:image:type\" content=\"image\/jpeg\" \/>\n<meta name=\"twitter:card\" content=\"summary_large_image\" \/>\n<meta name=\"twitter:label1\" content=\"\u01af\u1edbc t\u00ednh th\u1eddi gian \u0111\u1ecdc\" \/>\n\t<meta name=\"twitter:data1\" content=\"3 ph\u00fat\" \/>\n<script type=\"application\/ld+json\" class=\"yoast-schema-graph\">{\"@context\":\"https:\/\/schema.org\",\"@graph\":[{\"@type\":\"WebPage\",\"@id\":\"https:\/\/luan.webrt.net\/qhome\/san-pham\/module-ban-lam-viec-2-nguoi-qbmole06\/\",\"url\":\"https:\/\/luan.webrt.net\/qhome\/san-pham\/module-ban-lam-viec-2-nguoi-qbmole06\/\",\"name\":\"[S\u1ea3n ph\u1ea9m] Module B\u00e0n L\u00e0m Vi\u1ec7c 6 Ng\u01b0\u1eddi QBMOLE06 - N\u1ed9i th\u1ea5t QGHome\",\"isPartOf\":{\"@id\":\"https:\/\/luan.webrt.net\/qhome\/#website\"},\"datePublished\":\"2024-04-09T09:35:21+00:00\",\"dateModified\":\"2025-05-24T16:07:46+00:00\",\"description\":\"S\u1ea3n ph\u1ea9m Module B\u00e0n L\u00e0m Vi\u1ec7c 6 Ng\u01b0\u1eddi QBMOLE06 thu\u1ed9c chu\u1ed7i s\u1ea3n ph\u1ea9m b\u00e0n l\u00e0m vi\u1ec7c ch\u1ea5t l\u01b0\u1ee3ng cao. \u0110\u01b0\u1ee3c QGHome thi\u1ebft k\u1ebf, l\u1eafp r\u00e1p v\u00e0 giao h\u00e0ng t\u1eadn n\u01a1i 24\/24.\",\"breadcrumb\":{\"@id\":\"https:\/\/luan.webrt.net\/qhome\/san-pham\/module-ban-lam-viec-2-nguoi-qbmole06\/#breadcrumb\"},\"inLanguage\":\"vi\",\"potentialAction\":[{\"@type\":\"ReadAction\",\"target\":[\"https:\/\/luan.webrt.net\/qhome\/san-pham\/module-ban-lam-viec-2-nguoi-qbmole06\/\"]}]},{\"@type\":\"BreadcrumbList\",\"@id\":\"https:\/\/luan.webrt.net\/qhome\/san-pham\/module-ban-lam-viec-2-nguoi-qbmole06\/#breadcrumb\",\"itemListElement\":[{\"@type\":\"ListItem\",\"position\":1,\"name\":\"Trang ch\u1ee7\",\"item\":\"https:\/\/luan.webrt.net\/qhome\/\"},{\"@type\":\"ListItem\",\"position\":2,\"name\":\"Shop\",\"item\":\"https:\/\/luan.webrt.net\/qhome\/shop\/\"},{\"@type\":\"ListItem\",\"position\":3,\"name\":\"Module B\u00e0n L\u00e0m Vi\u1ec7c 6 Ng\u01b0\u1eddi QBMOLE06\"}]},{\"@type\":\"WebSite\",\"@id\":\"https:\/\/luan.webrt.net\/qhome\/#website\",\"url\":\"https:\/\/luan.webrt.net\/qhome\/\",\"name\":\"M\u1eabu web n\u1ed9i th\u1ea5t\",\"description\":\"QGHome Vi\u1ec7t Nam\",\"publisher\":{\"@id\":\"https:\/\/luan.webrt.net\/qhome\/#organization\"},\"potentialAction\":[{\"@type\":\"SearchAction\",\"target\":{\"@type\":\"EntryPoint\",\"urlTemplate\":\"https:\/\/luan.webrt.net\/qhome\/?s={search_term_string}\"},\"query-input\":\"required name=search_term_string\"}],\"inLanguage\":\"vi\"},{\"@type\":\"Organization\",\"@id\":\"https:\/\/luan.webrt.net\/qhome\/#organization\",\"name\":\"QGHome\",\"url\":\"https:\/\/luan.webrt.net\/qhome\/\",\"logo\":{\"@type\":\"ImageObject\",\"inLanguage\":\"vi\",\"@id\":\"https:\/\/luan.webrt.net\/qhome\/#\/schema\/logo\/image\/\",\"url\":\"https:\/\/qghome.vn\/wp-content\/uploads\/2025\/08\/logo-mau-MauTH-21.png\",\"contentUrl\":\"https:\/\/qghome.vn\/wp-content\/uploads\/2025\/08\/logo-mau-MauTH-21.png\",\"width\":253,\"height\":99,\"caption\":\"QGHome\"},\"image\":{\"@id\":\"https:\/\/luan.webrt.net\/qhome\/#\/schema\/logo\/image\/\"},\"sameAs\":[\"https:\/\/www.tiktok.com\/@qghome.official\",\"https:\/\/www.youtube.com\/channel\/UCeVBuKTXkv-u94DS421cklw\",\"https:\/\/www.facebook.com\/noithatqghome\"]}]}<\/script>\n<!-- \/ Yoast SEO plugin. -->","yoast_head_json":{"title":"[S\u1ea3n ph\u1ea9m] Module B\u00e0n L\u00e0m Vi\u1ec7c 6 Ng\u01b0\u1eddi QBMOLE06 - N\u1ed9i th\u1ea5t QGHome","description":"S\u1ea3n ph\u1ea9m Module B\u00e0n L\u00e0m Vi\u1ec7c 6 Ng\u01b0\u1eddi QBMOLE06 thu\u1ed9c chu\u1ed7i s\u1ea3n ph\u1ea9m b\u00e0n l\u00e0m vi\u1ec7c ch\u1ea5t l\u01b0\u1ee3ng cao. \u0110\u01b0\u1ee3c QGHome thi\u1ebft k\u1ebf, l\u1eafp r\u00e1p v\u00e0 giao h\u00e0ng t\u1eadn n\u01a1i 24\/24.","robots":{"index":"index","follow":"follow","max-snippet":"max-snippet:-1","max-image-preview":"max-image-preview:large","max-video-preview":"max-video-preview:-1"},"canonical":"https:\/\/luan.webrt.net\/qhome\/san-pham\/module-ban-lam-viec-2-nguoi-qbmole06\/","og_locale":"vi_VN","og_type":"article","og_title":"[S\u1ea3n ph\u1ea9m] Module B\u00e0n L\u00e0m Vi\u1ec7c 6 Ng\u01b0\u1eddi QBMOLE06 - N\u1ed9i th\u1ea5t QGHome","og_description":"S\u1ea3n ph\u1ea9m Module B\u00e0n L\u00e0m Vi\u1ec7c 6 Ng\u01b0\u1eddi QBMOLE06 thu\u1ed9c chu\u1ed7i s\u1ea3n ph\u1ea9m b\u00e0n l\u00e0m vi\u1ec7c ch\u1ea5t l\u01b0\u1ee3ng cao. \u0110\u01b0\u1ee3c QGHome thi\u1ebft k\u1ebf, l\u1eafp r\u00e1p v\u00e0 giao h\u00e0ng t\u1eadn n\u01a1i 24\/24.","og_url":"https:\/\/luan.webrt.net\/qhome\/san-pham\/module-ban-lam-viec-2-nguoi-qbmole06\/","og_site_name":"M\u1eabu web n\u1ed9i th\u1ea5t","article_publisher":"https:\/\/www.facebook.com\/noithatqghome","article_modified_time":"2025-05-24T16:07:46+00:00","og_image":[{"width":1080,"height":1080,"url":"https:\/\/luan.webrt.net\/qhome\/wp-content\/uploads\/2024\/04\/Module-Ban-Lam-Viec-6-Nguoi-QBMOLE06.jpg","type":"image\/jpeg"}],"twitter_card":"summary_large_image","twitter_misc":{"\u01af\u1edbc t\u00ednh th\u1eddi gian \u0111\u1ecdc":"3 ph\u00fat"},"schema":{"@context":"https:\/\/schema.org","@graph":[{"@type":"WebPage","@id":"https:\/\/luan.webrt.net\/qhome\/san-pham\/module-ban-lam-viec-2-nguoi-qbmole06\/","url":"https:\/\/luan.webrt.net\/qhome\/san-pham\/module-ban-lam-viec-2-nguoi-qbmole06\/","name":"[S\u1ea3n ph\u1ea9m] Module B\u00e0n L\u00e0m Vi\u1ec7c 6 Ng\u01b0\u1eddi QBMOLE06 - N\u1ed9i th\u1ea5t QGHome","isPartOf":{"@id":"https:\/\/luan.webrt.net\/qhome\/#website"},"datePublished":"2024-04-09T09:35:21+00:00","dateModified":"2025-05-24T16:07:46+00:00","description":"S\u1ea3n ph\u1ea9m Module B\u00e0n L\u00e0m Vi\u1ec7c 6 Ng\u01b0\u1eddi QBMOLE06 thu\u1ed9c chu\u1ed7i s\u1ea3n ph\u1ea9m b\u00e0n l\u00e0m vi\u1ec7c ch\u1ea5t l\u01b0\u1ee3ng cao. \u0110\u01b0\u1ee3c QGHome thi\u1ebft k\u1ebf, l\u1eafp r\u00e1p v\u00e0 giao h\u00e0ng t\u1eadn n\u01a1i 24\/24.","breadcrumb":{"@id":"https:\/\/luan.webrt.net\/qhome\/san-pham\/module-ban-lam-viec-2-nguoi-qbmole06\/#breadcrumb"},"inLanguage":"vi","potentialAction":[{"@type":"ReadAction","target":["https:\/\/luan.webrt.net\/qhome\/san-pham\/module-ban-lam-viec-2-nguoi-qbmole06\/"]}]},{"@type":"BreadcrumbList","@id":"https:\/\/luan.webrt.net\/qhome\/san-pham\/module-ban-lam-viec-2-nguoi-qbmole06\/#breadcrumb","itemListElement":[{"@type":"ListItem","position":1,"name":"Trang ch\u1ee7","item":"https:\/\/luan.webrt.net\/qhome\/"},{"@type":"ListItem","position":2,"name":"Shop","item":"https:\/\/luan.webrt.net\/qhome\/shop\/"},{"@type":"ListItem","position":3,"name":"Module B\u00e0n L\u00e0m Vi\u1ec7c 6 Ng\u01b0\u1eddi QBMOLE06"}]},{"@type":"WebSite","@id":"https:\/\/luan.webrt.net\/qhome\/#website","url":"https:\/\/luan.webrt.net\/qhome\/","name":"M\u1eabu web n\u1ed9i th\u1ea5t","description":"QGHome Vi\u1ec7t Nam","publisher":{"@id":"https:\/\/luan.webrt.net\/qhome\/#organization"},"potentialAction":[{"@type":"SearchAction","target":{"@type":"EntryPoint","urlTemplate":"https:\/\/luan.webrt.net\/qhome\/?s={search_term_string}"},"query-input":"required name=search_term_string"}],"inLanguage":"vi"},{"@type":"Organization","@id":"https:\/\/luan.webrt.net\/qhome\/#organization","name":"QGHome","url":"https:\/\/luan.webrt.net\/qhome\/","logo":{"@type":"ImageObject","inLanguage":"vi","@id":"https:\/\/luan.webrt.net\/qhome\/#\/schema\/logo\/image\/","url":"https:\/\/qghome.vn\/wp-content\/uploads\/2025\/08\/logo-mau-MauTH-21.png","contentUrl":"https:\/\/qghome.vn\/wp-content\/uploads\/2025\/08\/logo-mau-MauTH-21.png","width":253,"height":99,"caption":"QGHome"},"image":{"@id":"https:\/\/luan.webrt.net\/qhome\/#\/schema\/logo\/image\/"},"sameAs":["https:\/\/www.tiktok.com\/@qghome.official","https:\/\/www.youtube.com\/channel\/UCeVBuKTXkv-u94DS421cklw","https:\/\/www.facebook.com\/noithatqghome"]}]}},"_links":{"self":[{"href":"https:\/\/luan.webrt.net\/qhome\/wp-json\/wp\/v2\/product\/8507","targetHints":{"allow":["GET"]}}],"collection":[{"href":"https:\/\/luan.webrt.net\/qhome\/wp-json\/wp\/v2\/product"}],"about":[{"href":"https:\/\/luan.webrt.net\/qhome\/wp-json\/wp\/v2\/types\/product"}],"replies":[{"embeddable":true,"href":"https:\/\/luan.webrt.net\/qhome\/wp-json\/wp\/v2\/comments?post=8507"}],"wp:featuredmedia":[{"embeddable":true,"href":"https:\/\/luan.webrt.net\/qhome\/wp-json\/wp\/v2\/media\/10755"}],"wp:attachment":[{"href":"https:\/\/luan.webrt.net\/qhome\/wp-json\/wp\/v2\/media?parent=8507"}],"wp:term":[{"taxonomy":"product_cat","embeddable":true,"href":"https:\/\/luan.webrt.net\/qhome\/wp-json\/wp\/v2\/product_cat?post=8507"},{"taxonomy":"product_tag","embeddable":true,"href":"https:\/\/luan.webrt.net\/qhome\/wp-json\/wp\/v2\/product_tag?post=8507"}],"curies":[{"name":"wp","href":"https:\/\/api.w.org\/{rel}","templated":true}]}}