{"id":8075,"date":"2024-04-05T01:49:51","date_gmt":"2024-04-05T01:49:51","guid":{"rendered":"https:\/\/qghome.vn\/?post_type=product&#038;p=8075"},"modified":"2025-08-17T08:14:14","modified_gmt":"2025-08-17T08:14:14","slug":"hoc-di-dong-qtd01","status":"publish","type":"product","link":"https:\/\/luan.webrt.net\/qhome\/san-pham\/hoc-di-dong-qtd01\/","title":{"rendered":"H\u1ed9c di \u0111\u1ed9ng QTD01"},"content":{"rendered":"<p>H\u1ed9c di \u0111\u1ed9ng QTD01 l\u00e0 m\u1ed9t thi\u1ebft b\u1ecb ti\u1ec7n d\u1ee5ng trong vi\u1ec7c t\u1ed5 ch\u1ee9c kh\u00f4ng gian l\u00e0m vi\u1ec7c ho\u1eb7c l\u01b0u tr\u1eef \u0111\u1ed3 \u0111\u1ea1c. \u0110\u01b0\u1ee3c thi\u1ebft k\u1ebf nh\u1ecf g\u1ecdn v\u00e0 c\u00f3 th\u1ec3 di chuy\u1ec3n d\u1ec5 d\u00e0ng, gi\u00fap t\u1ed1i \u01b0u h\u00f3a kh\u00f4ng gian v\u00e0 linh ho\u1ea1t trong s\u1eed d\u1ee5ng.<\/p>\n<h2 style=\"text-align: center;\"><span style=\"font-size: 140%; color: #333399;\"><strong>H\u1ed9c di \u0111\u1ed9ng QTD01 \u0111\u01b0\u1ee3c s\u1ea3n xu\u1ea5t b\u1edfi QGHOME<\/strong><\/span><\/h2>\n<table style=\"border-collapse: collapse; width: 100%; height: 105px;\">\n<tbody>\n<tr style=\"height: 21px;\">\n<td style=\"width: 24.0192%; height: 21px; text-align: center;\"><strong>Thi\u1ebft k\u1ebf\u00a0<\/strong><\/td>\n<td style=\"width: 75.9808%; height: 21px;\">\n<ul>\n<li>\u00a0\u0110\u01b0\u01a1ng \u0111\u1ea1i, l\u1ecbch l\u00e3m, gam m\u00e0u trang nh\u00e3, ph\u00f9 h\u1ee3p v\u1edbi m\u1ecdi kh\u00f4ng gian v\u0103n ph\u00f2ng.<\/li>\n<li>\u00a0H\u1ed9c t\u1ee7 \u0111\u01b0\u1ee3c thi\u1ebft k\u1ebf m\u1edf kh\u00f4ng c\u00e1nh, ti\u1ec7n l\u1ee3i cho vi\u1ec7c trang tr\u00ed ho\u1eb7c s\u1eafp x\u1ebfp \u0111\u1ed3 \u0111\u1ea1c, c\u0169ng nh\u01b0 l\u01b0u tr\u1eef h\u1ed3 s\u01a1, d\u1eef li\u1ec7u cho ng\u01b0\u1eddi s\u1eed d\u1ee5ng.<\/li>\n<\/ul>\n<\/td>\n<\/tr>\n<tr style=\"height: 21px;\">\n<td style=\"width: 24.0192%; height: 21px; text-align: center;\"><strong>Ki\u1ec3u d\u00e1ng<\/strong><\/td>\n<td style=\"width: 75.9808%; height: 21px;\">\n<ul>\n<li>\u00a0H\u1ed9c t\u1ee7 h\u00ecnh ch\u1eef nh\u1eadt \u0111\u1ee9ng v\u1edbi ba ng\u0103n c\u00f3 kh\u00f3a g\u1eadp ti\u1ec7n l\u1ee3i. M\u1ed7i ng\u0103n \u0111\u01b0\u1ee3c trang b\u1ecb tay n\u1eafm nh\u00f4m, gi\u00fap d\u1ec5 d\u00e0ng m\u1edf v\u00e0 \u0111\u00f3ng t\u1eebng ng\u0103n.<\/li>\n<li>\u00a0Ng\u0103n k\u00e9o c\u1ee7a h\u1ed9c t\u1ee7 di \u0111\u1ed9ng \u0111\u01b0\u1ee3c trang b\u1ecb ray bi 3 l\u1edbp v\u00e0 ray bi gi\u1ea3m ch\u1ea5n s\u01a1n t\u0129nh \u0111i\u1ec7n cao c\u1ea5p. \u0110\u1ea3m b\u1ea3o \u0111\u1ed9 b\u1ec1n v\u01b0\u1ee3t tr\u1ed9i cho s\u1ea3n ph\u1ea9m.<\/li>\n<\/ul>\n<\/td>\n<\/tr>\n<tr style=\"height: 21px;\">\n<td style=\"width: 24.0192%; height: 21px; text-align: center;\"><strong>Ch\u1ea5t li\u1ec7u\u00a0<\/strong><\/td>\n<td style=\"width: 75.9808%; height: 21px;\">\n<ul>\n<li>\u00a0G\u1ed7 MDF ph\u1ee7 Melamine cao c\u1ea5p ch\u1ed1ng \u1ea9m m\u1ed1c, d\u1ec5 d\u00e0ng v\u1ec7 sinh, tay n\u1eafm ti\u1ec7n l\u1ee3i c\u00f3 \u0111\u1ed9 b\u1ec1n v\u00e0 gi\u00e1 tr\u1ecb th\u1ea9m m\u1ef9 cao<\/li>\n<\/ul>\n<\/td>\n<\/tr>\n<tr style=\"height: 21px;\">\n<td style=\"width: 24.0192%; height: 21px; text-align: center;\"><strong>B\u00e1nh xe\u00a0<\/strong><\/td>\n<td style=\"width: 75.9808%; height: 21px;\">\n<ul>\n<li>\u00a0Ch\u00e2n h\u1ed9c c\u00f3 g\u1eafn b\u00e1nh xe nh\u1eadp ngo\u1ea1i ch\u1ecbu l\u1ef1c t\u1ed1t, d\u1ec5 d\u00e0ng di chuy\u1ec3n, l\u1eafp \u0111\u1eb7t, ho\u1eb7c c\u00f3 th\u1ec3 thay \u0111\u1ed5i v\u1ecb tr\u00ed h\u1ed9c m\u1ed9t c\u00e1ch nhanh ch\u00f3ng, ti\u1ec7n l\u1ee3i cho ng\u01b0\u1eddi s\u1eed d\u1ee5ng.<\/li>\n<\/ul>\n<\/td>\n<\/tr>\n<tr style=\"height: 21px;\">\n<td style=\"width: 24.0192%; height: 21px; text-align: center;\"><strong>L\u01b0u \u00fd\u00a0<\/strong><\/td>\n<td style=\"width: 75.9808%; height: 21px;\">\n<ul>\n<li>\u00a0S\u1ea3n ph\u1ea9m \u0111i k\u00e8m v\u1edbi h\u01b0\u1edbng d\u1eabn l\u1eafp \u0111\u1eb7t, s\u1eed d\u1ee5ng.<\/li>\n<li>\u00a0Phi\u1ebfu b\u1ea3o h\u00e0nh<\/li>\n<\/ul>\n<\/td>\n<\/tr>\n<\/tbody>\n<\/table>\n<h2 style=\"text-align: center;\"><span style=\"font-size: 140%;\"><strong><span style=\"color: #333399;\">K\u00cdCH TH\u01af\u1edaC<\/span><\/strong><\/span><\/h2>\n<figure id=\"attachment_10772\" aria-describedby=\"caption-attachment-10772\" style=\"width: 800px\" class=\"wp-caption aligncenter\"><img loading=\"lazy\" decoding=\"async\" class=\"wp-image-10772 size-large\" src=\"http:\/\/qghome.vn\/wp-content\/uploads\/2022\/12\/Hoc-di-dong-QTD01-Kich-thuoc-800x800.jpg\" alt=\"H\u1ed9c di \u0111\u1ed9ng QTD01 - K\u00edch th\u01b0\u1edbc\" width=\"800\" height=\"800\" srcset=\"https:\/\/luan.webrt.net\/qhome\/wp-content\/uploads\/2022\/12\/Hoc-di-dong-QTD01-Kich-thuoc-800x800.jpg 800w, https:\/\/luan.webrt.net\/qhome\/wp-content\/uploads\/2022\/12\/Hoc-di-dong-QTD01-Kich-thuoc-100x100.jpg 100w, https:\/\/luan.webrt.net\/qhome\/wp-content\/uploads\/2022\/12\/Hoc-di-dong-QTD01-Kich-thuoc-510x510.jpg 510w, https:\/\/luan.webrt.net\/qhome\/wp-content\/uploads\/2022\/12\/Hoc-di-dong-QTD01-Kich-thuoc-400x400.jpg 400w, https:\/\/luan.webrt.net\/qhome\/wp-content\/uploads\/2022\/12\/Hoc-di-dong-QTD01-Kich-thuoc-280x280.jpg 280w, https:\/\/luan.webrt.net\/qhome\/wp-content\/uploads\/2022\/12\/Hoc-di-dong-QTD01-Kich-thuoc-768x768.jpg 768w, https:\/\/luan.webrt.net\/qhome\/wp-content\/uploads\/2022\/12\/Hoc-di-dong-QTD01-Kich-thuoc.jpg 900w\" sizes=\"auto, (max-width: 800px) 100vw, 800px\" \/><figcaption id=\"caption-attachment-10772\" class=\"wp-caption-text\">H\u1ed9c di \u0111\u1ed9ng QTD01 &#8211; K\u00edch th\u01b0\u1edbc<\/figcaption><\/figure>\n<h2 style=\"text-align: center;\"><span style=\"color: #333399;\"><strong><span style=\"font-size: 140%;\">CH\u1ea4T LI\u1ec6U\u00a0<\/span><\/strong><\/span><\/h2>\n<p><img loading=\"lazy\" decoding=\"async\" class=\"aligncenter wp-image-8080 size-full\" src=\"http:\/\/qghome.vn\/wp-content\/uploads\/2024\/04\/600mm-4.png\" alt=\"B\u00e1nh xe ch\u1ecbu l\u1ef1c \" width=\"1080\" height=\"1080\" srcset=\"https:\/\/luan.webrt.net\/qhome\/wp-content\/uploads\/2024\/04\/600mm-4.png 1080w, https:\/\/luan.webrt.net\/qhome\/wp-content\/uploads\/2024\/04\/600mm-4-100x100.png 100w, https:\/\/luan.webrt.net\/qhome\/wp-content\/uploads\/2024\/04\/600mm-4-510x510.png 510w, https:\/\/luan.webrt.net\/qhome\/wp-content\/uploads\/2024\/04\/600mm-4-400x400.png 400w, https:\/\/luan.webrt.net\/qhome\/wp-content\/uploads\/2024\/04\/600mm-4-800x800.png 800w, https:\/\/luan.webrt.net\/qhome\/wp-content\/uploads\/2024\/04\/600mm-4-280x280.png 280w, https:\/\/luan.webrt.net\/qhome\/wp-content\/uploads\/2024\/04\/600mm-4-768x768.png 768w\" sizes=\"auto, (max-width: 1080px) 100vw, 1080px\" \/><\/p>\n<figure id=\"attachment_7915\" aria-describedby=\"caption-attachment-7915\" style=\"width: 1080px\" class=\"wp-caption aligncenter\"><img loading=\"lazy\" decoding=\"async\" class=\"wp-image-7915 size-full\" src=\"http:\/\/qghome.vn\/wp-content\/uploads\/2024\/04\/Go-cong-nghiep-phu-Melamine-8.png\" alt=\"G\u1ed7 MDF ph\u1ee7 melamine \" width=\"1080\" height=\"1080\" srcset=\"https:\/\/luan.webrt.net\/qhome\/wp-content\/uploads\/2024\/04\/Go-cong-nghiep-phu-Melamine-8.png 1080w, https:\/\/luan.webrt.net\/qhome\/wp-content\/uploads\/2024\/04\/Go-cong-nghiep-phu-Melamine-8-100x100.png 100w, https:\/\/luan.webrt.net\/qhome\/wp-content\/uploads\/2024\/04\/Go-cong-nghiep-phu-Melamine-8-510x510.png 510w, https:\/\/luan.webrt.net\/qhome\/wp-content\/uploads\/2024\/04\/Go-cong-nghiep-phu-Melamine-8-400x400.png 400w, https:\/\/luan.webrt.net\/qhome\/wp-content\/uploads\/2024\/04\/Go-cong-nghiep-phu-Melamine-8-800x800.png 800w, https:\/\/luan.webrt.net\/qhome\/wp-content\/uploads\/2024\/04\/Go-cong-nghiep-phu-Melamine-8-280x280.png 280w, https:\/\/luan.webrt.net\/qhome\/wp-content\/uploads\/2024\/04\/Go-cong-nghiep-phu-Melamine-8-768x768.png 768w\" sizes=\"auto, (max-width: 1080px) 100vw, 1080px\" \/><figcaption id=\"caption-attachment-7915\" class=\"wp-caption-text\"><em>G\u1ed7 MDF ph\u1ee7 melamine<\/em><\/figcaption><\/figure>\n<figure id=\"attachment_7916\" aria-describedby=\"caption-attachment-7916\" style=\"width: 1080px\" class=\"wp-caption aligncenter\"><img loading=\"lazy\" decoding=\"async\" class=\"wp-image-7916 size-full\" src=\"http:\/\/qghome.vn\/wp-content\/uploads\/2024\/04\/Go-cong-nghiep-phu-Melamine-7.png\" alt=\"G\u1ed7 MDF ph\u1ee7 melamine\" width=\"1080\" height=\"1080\" srcset=\"https:\/\/luan.webrt.net\/qhome\/wp-content\/uploads\/2024\/04\/Go-cong-nghiep-phu-Melamine-7.png 1080w, https:\/\/luan.webrt.net\/qhome\/wp-content\/uploads\/2024\/04\/Go-cong-nghiep-phu-Melamine-7-100x100.png 100w, https:\/\/luan.webrt.net\/qhome\/wp-content\/uploads\/2024\/04\/Go-cong-nghiep-phu-Melamine-7-510x510.png 510w, https:\/\/luan.webrt.net\/qhome\/wp-content\/uploads\/2024\/04\/Go-cong-nghiep-phu-Melamine-7-400x400.png 400w, https:\/\/luan.webrt.net\/qhome\/wp-content\/uploads\/2024\/04\/Go-cong-nghiep-phu-Melamine-7-800x800.png 800w, https:\/\/luan.webrt.net\/qhome\/wp-content\/uploads\/2024\/04\/Go-cong-nghiep-phu-Melamine-7-280x280.png 280w, https:\/\/luan.webrt.net\/qhome\/wp-content\/uploads\/2024\/04\/Go-cong-nghiep-phu-Melamine-7-768x768.png 768w\" sizes=\"auto, (max-width: 1080px) 100vw, 1080px\" \/><figcaption id=\"caption-attachment-7916\" class=\"wp-caption-text\"><em><span style=\"vertical-align: inherit;\"><span style=\"vertical-align: inherit;\"><span style=\"vertical-align: inherit;\">G\u1ed7 MDF ph\u1ee7 melamine<\/span><\/span><\/span><\/em><\/figcaption><\/figure>\n<figure id=\"attachment_7914\" aria-describedby=\"caption-attachment-7914\" style=\"width: 1080px\" class=\"wp-caption aligncenter\"><img loading=\"lazy\" decoding=\"async\" class=\"wp-image-7914 size-full\" src=\"http:\/\/qghome.vn\/wp-content\/uploads\/2024\/04\/Go-cong-nghiep-phu-Melamine-9.png\" alt=\"G\u1ed7 MDF ph\u1ee7 melamine\" width=\"1080\" height=\"1080\" srcset=\"https:\/\/luan.webrt.net\/qhome\/wp-content\/uploads\/2024\/04\/Go-cong-nghiep-phu-Melamine-9.png 1080w, https:\/\/luan.webrt.net\/qhome\/wp-content\/uploads\/2024\/04\/Go-cong-nghiep-phu-Melamine-9-100x100.png 100w, https:\/\/luan.webrt.net\/qhome\/wp-content\/uploads\/2024\/04\/Go-cong-nghiep-phu-Melamine-9-510x510.png 510w, https:\/\/luan.webrt.net\/qhome\/wp-content\/uploads\/2024\/04\/Go-cong-nghiep-phu-Melamine-9-400x400.png 400w, https:\/\/luan.webrt.net\/qhome\/wp-content\/uploads\/2024\/04\/Go-cong-nghiep-phu-Melamine-9-800x800.png 800w, https:\/\/luan.webrt.net\/qhome\/wp-content\/uploads\/2024\/04\/Go-cong-nghiep-phu-Melamine-9-280x280.png 280w, https:\/\/luan.webrt.net\/qhome\/wp-content\/uploads\/2024\/04\/Go-cong-nghiep-phu-Melamine-9-768x768.png 768w\" sizes=\"auto, (max-width: 1080px) 100vw, 1080px\" \/><figcaption id=\"caption-attachment-7914\" class=\"wp-caption-text\"><em><span style=\"vertical-align: inherit;\"><span style=\"vertical-align: inherit;\"><span style=\"vertical-align: inherit;\">G\u1ed7 MDF ph\u1ee7 melamine<\/span><\/span><\/span><\/em><\/figcaption><\/figure>\n<h2 style=\"text-align: center;\"><span style=\"color: #333399; font-size: 140%;\"><strong>NH\u00c0 M\u00c1Y S\u1ea2N XU\u1ea4T QGHOME<\/strong><\/span><\/h2>\n<figure id=\"attachment_7785\" aria-describedby=\"caption-attachment-7785\" style=\"width: 800px\" class=\"wp-caption aligncenter\"><img loading=\"lazy\" decoding=\"async\" class=\"wp-image-7785 size-full\" src=\"http:\/\/qghome.vn\/wp-content\/uploads\/2024\/04\/nha-may-san-xuat-noi-that-qghome-viet-nam.jpg\" alt=\"Nh\u00e0 m\u00e1y s\u1ea3n xu\u1ea5t n\u1ed9i th\u1ea5t QGHOME Vi\u1ec7t Nam\" width=\"800\" height=\"468\" srcset=\"https:\/\/luan.webrt.net\/qhome\/wp-content\/uploads\/2024\/04\/nha-may-san-xuat-noi-that-qghome-viet-nam.jpg 800w, https:\/\/luan.webrt.net\/qhome\/wp-content\/uploads\/2024\/04\/nha-may-san-xuat-noi-that-qghome-viet-nam-510x298.jpg 510w, https:\/\/luan.webrt.net\/qhome\/wp-content\/uploads\/2024\/04\/nha-may-san-xuat-noi-that-qghome-viet-nam-684x400.jpg 684w, https:\/\/luan.webrt.net\/qhome\/wp-content\/uploads\/2024\/04\/nha-may-san-xuat-noi-that-qghome-viet-nam-768x449.jpg 768w\" sizes=\"auto, (max-width: 800px) 100vw, 800px\" \/><figcaption id=\"caption-attachment-7785\" class=\"wp-caption-text\"><em>Nh\u00e0 m\u00e1y s\u1ea3n xu\u1ea5t n\u1ed9i th\u1ea5t QGHOME Vi\u1ec7t Nam<\/em><\/figcaption><\/figure>\n<figure id=\"attachment_7782\" aria-describedby=\"caption-attachment-7782\" style=\"width: 800px\" class=\"wp-caption aligncenter\"><img loading=\"lazy\" decoding=\"async\" class=\"wp-image-7782 size-full\" src=\"http:\/\/qghome.vn\/wp-content\/uploads\/2024\/04\/nha-may-noi-that-qghome-viet-nam.jpg\" alt=\"Nh\u00e0 m\u00e1y n\u1ed9i th\u1ea5t QGHOME Vi\u1ec7t Nam\" width=\"800\" height=\"468\" srcset=\"https:\/\/luan.webrt.net\/qhome\/wp-content\/uploads\/2024\/04\/nha-may-noi-that-qghome-viet-nam.jpg 800w, https:\/\/luan.webrt.net\/qhome\/wp-content\/uploads\/2024\/04\/nha-may-noi-that-qghome-viet-nam-510x298.jpg 510w, https:\/\/luan.webrt.net\/qhome\/wp-content\/uploads\/2024\/04\/nha-may-noi-that-qghome-viet-nam-684x400.jpg 684w, https:\/\/luan.webrt.net\/qhome\/wp-content\/uploads\/2024\/04\/nha-may-noi-that-qghome-viet-nam-768x449.jpg 768w\" sizes=\"auto, (max-width: 800px) 100vw, 800px\" \/><figcaption id=\"caption-attachment-7782\" class=\"wp-caption-text\"><em>Nh\u00e0 m\u00e1y n\u1ed9i th\u1ea5t QGHOME Vi\u1ec7t Nam<\/em><\/figcaption><\/figure>\n<figure id=\"attachment_7783\" aria-describedby=\"caption-attachment-7783\" style=\"width: 800px\" class=\"wp-caption aligncenter\"><img loading=\"lazy\" decoding=\"async\" class=\"wp-image-7783 size-full\" src=\"http:\/\/qghome.vn\/wp-content\/uploads\/2024\/04\/nha-may-qghome-viet-nam.jpg\" alt=\"\u0110\u01a1n v\u1ecb thi\u1ebft k\u1ebf n\u1ed9i th\u1ea5t uy t\u00edn - QGHOME\" width=\"800\" height=\"468\" srcset=\"https:\/\/luan.webrt.net\/qhome\/wp-content\/uploads\/2024\/04\/nha-may-qghome-viet-nam.jpg 800w, https:\/\/luan.webrt.net\/qhome\/wp-content\/uploads\/2024\/04\/nha-may-qghome-viet-nam-510x298.jpg 510w, https:\/\/luan.webrt.net\/qhome\/wp-content\/uploads\/2024\/04\/nha-may-qghome-viet-nam-684x400.jpg 684w, https:\/\/luan.webrt.net\/qhome\/wp-content\/uploads\/2024\/04\/nha-may-qghome-viet-nam-768x449.jpg 768w\" sizes=\"auto, (max-width: 800px) 100vw, 800px\" \/><figcaption id=\"caption-attachment-7783\" class=\"wp-caption-text\"><em>\u0110\u01a1n v\u1ecb thi\u1ebft k\u1ebf n\u1ed9i th\u1ea5t uy t\u00edn &#8211; QGHOME<\/em><\/figcaption><\/figure>\n","protected":false},"excerpt":{"rendered":"<p><span data-sheets-root=\"1\" data-sheets-value=\"{&quot;1&quot;:2,&quot;2&quot;:&quot;Th\u01b0\u01a1ng hi\u1ec7u: QGHome\\nCh\u1ea5t li\u1ec7u: G\u1ed7 c\u00f4ng nghi\u1ec7p MDF ph\u1ee7 melamine d\u00e0y 50mm, ch\u1ed1ng th\u1ea5m cao c\u1ea5p, c\u1ea1nh t\u1ee7 \u0111\u01b0\u1ee3c m\u00e0i c\u1ea1nh an to\u00e0n\\nPh\u1ee5 ki\u1ec7n: 3 ng\u0103n k\u00e9o t\u1ee7 c\u00f3 tay c\u1ea7m, b\u00e1nh xe ch\u1ecbu l\u1ef1c, ray bi 3 l\u1edbp\\nK\u00edch th\u01b0\u1edbc: W400 x D480 x H600 mm \\nM\u00e0u s\u1eafc: N\u00e2u \u0111\u1eadm\\nB\u1ea3o h\u00e0nh: 12 th\u00e1ng theo ti\u00eau chu\u1ea9n nh\u00e0 m\u00e1y, l\u1eafp gh\u00e9p ho\u00e0n thi\u1ec7n.&quot;}\" data-sheets-userformat=\"{&quot;2&quot;:21437,&quot;3&quot;:{&quot;1&quot;:0},&quot;5&quot;:{&quot;1&quot;:[{&quot;1&quot;:2,&quot;2&quot;:0,&quot;5&quot;:{&quot;1&quot;:2,&quot;2&quot;:10066329}},{&quot;1&quot;:0,&quot;2&quot;:0,&quot;3&quot;:3},{&quot;1&quot;:1,&quot;2&quot;:0,&quot;4&quot;:1}]},&quot;6&quot;:{&quot;1&quot;:[{&quot;1&quot;:2,&quot;2&quot;:0,&quot;5&quot;:{&quot;1&quot;:2,&quot;2&quot;:10066329}},{&quot;1&quot;:0,&quot;2&quot;:0,&quot;3&quot;:3},{&quot;1&quot;:1,&quot;2&quot;:0,&quot;4&quot;:1}]},&quot;7&quot;:{&quot;1&quot;:[{&quot;1&quot;:2,&quot;2&quot;:0,&quot;5&quot;:{&quot;1&quot;:2,&quot;2&quot;:10066329}},{&quot;1&quot;:0,&quot;2&quot;:0,&quot;3&quot;:3},{&quot;1&quot;:1,&quot;2&quot;:0,&quot;4&quot;:1}]},&quot;8&quot;:{&quot;1&quot;:[{&quot;1&quot;:2,&quot;2&quot;:0,&quot;5&quot;:{&quot;1&quot;:2,&quot;2&quot;:10066329}},{&quot;1&quot;:0,&quot;2&quot;:0,&quot;3&quot;:3},{&quot;1&quot;:1,&quot;2&quot;:0,&quot;4&quot;:1}]},&quot;10&quot;:1,&quot;11&quot;:4,&quot;12&quot;:0,&quot;15&quot;:&quot;Times New Roman&quot;,&quot;17&quot;:0}\"><strong>Th\u01b0\u01a1ng hi\u1ec7u:<\/strong> QGHome<br \/>\n<strong>Ch\u1ea5t li\u1ec7u:<\/strong> G\u1ed7 c\u00f4ng nghi\u1ec7p MDF ph\u1ee7 melamine d\u00e0y 50mm, ch\u1ed1ng th\u1ea5m cao c\u1ea5p, c\u1ea1nh t\u1ee7 \u0111\u01b0\u1ee3c m\u00e0i c\u1ea1nh an to\u00e0n<br \/>\n<strong>Ph\u1ee5 ki\u1ec7n:<\/strong> 3 ng\u0103n k\u00e9o t\u1ee7 c\u00f3 tay c\u1ea7m, b\u00e1nh xe ch\u1ecbu l\u1ef1c, ray bi 3 l\u1edbp<br \/>\n<strong>K\u00edch th\u01b0\u1edbc:<\/strong> W400 x D480 x H600 mm<br \/>\n<strong>M\u00e0u s\u1eafc:<\/strong> N\u00e2u \u0111\u1eadm<br \/>\n<strong>B\u1ea3o h\u00e0nh:<\/strong> 12 th\u00e1ng theo ti\u00eau chu\u1ea9n nh\u00e0 m\u00e1y, l\u1eafp gh\u00e9p ho\u00e0n thi\u1ec7n.<\/span><\/p>\n","protected":false},"featured_media":10778,"comment_status":"open","ping_status":"closed","template":"","meta":[],"product_cat":[231],"product_tag":[392,393,368],"class_list":["post-8075","product","type-product","status-publish","has-post-thumbnail","hentry","product_cat-hoc-di-dong","product_tag-hoc-di-dong","product_tag-tu-phu-di-dong","product_tag-tu-van-phong"],"yoast_head":"<!-- This site is optimized with the Yoast SEO plugin v19.9 - https:\/\/yoast.com\/wordpress\/plugins\/seo\/ -->\n<title>H\u1ed9c di \u0111\u1ed9ng QTD01<\/title>\n<meta name=\"description\" content=\"H\u1ed9c di \u0111\u1ed9ng QTD01 l\u00e0 m\u1ed9t thi\u1ebft b\u1ecb ti\u1ec7n d\u1ee5ng trong vi\u1ec7c t\u1ed5 ch\u1ee9c kh\u00f4ng gian l\u00e0m vi\u1ec7c ho\u1eb7c l\u01b0u tr\u1eef \u0111\u1ed3 \u0111\u1ea1c. \u0110\u01b0\u1ee3c thi\u1ebft k\u1ebf nh\u1ecf g\u1ecdn v\u00e0 c\u00f3 th\u1ec3 di chuy\u1ec3n d\u1ec5 d\u00e0ng\" \/>\n<meta name=\"robots\" content=\"index, follow, max-snippet:-1, max-image-preview:large, max-video-preview:-1\" \/>\n<link rel=\"canonical\" href=\"https:\/\/luan.webrt.net\/qhome\/san-pham\/hoc-di-dong-qtd01\/\" \/>\n<meta property=\"og:locale\" content=\"vi_VN\" \/>\n<meta property=\"og:type\" content=\"article\" \/>\n<meta property=\"og:title\" content=\"H\u1ed9c di \u0111\u1ed9ng QTD01\" \/>\n<meta property=\"og:description\" content=\"H\u1ed9c di \u0111\u1ed9ng QTD01 l\u00e0 m\u1ed9t thi\u1ebft b\u1ecb ti\u1ec7n d\u1ee5ng trong vi\u1ec7c t\u1ed5 ch\u1ee9c kh\u00f4ng gian l\u00e0m vi\u1ec7c ho\u1eb7c l\u01b0u tr\u1eef \u0111\u1ed3 \u0111\u1ea1c. \u0110\u01b0\u1ee3c thi\u1ebft k\u1ebf nh\u1ecf g\u1ecdn v\u00e0 c\u00f3 th\u1ec3 di chuy\u1ec3n d\u1ec5 d\u00e0ng\" \/>\n<meta property=\"og:url\" content=\"https:\/\/luan.webrt.net\/qhome\/san-pham\/hoc-di-dong-qtd01\/\" \/>\n<meta property=\"og:site_name\" content=\"M\u1eabu web n\u1ed9i th\u1ea5t\" \/>\n<meta property=\"article:publisher\" content=\"https:\/\/www.facebook.com\/noithatqghome\" \/>\n<meta property=\"article:modified_time\" content=\"2025-08-17T08:14:14+00:00\" \/>\n<meta property=\"og:image\" content=\"https:\/\/luan.webrt.net\/qhome\/wp-content\/uploads\/2022\/12\/Hoc-di-dong-QTD01.jpg\" \/>\n\t<meta property=\"og:image:width\" content=\"900\" \/>\n\t<meta property=\"og:image:height\" content=\"900\" \/>\n\t<meta property=\"og:image:type\" content=\"image\/jpeg\" \/>\n<meta name=\"twitter:card\" content=\"summary_large_image\" \/>\n<meta name=\"twitter:label1\" content=\"\u01af\u1edbc t\u00ednh th\u1eddi gian \u0111\u1ecdc\" \/>\n\t<meta name=\"twitter:data1\" content=\"4 ph\u00fat\" \/>\n<script type=\"application\/ld+json\" class=\"yoast-schema-graph\">{\"@context\":\"https:\/\/schema.org\",\"@graph\":[{\"@type\":\"WebPage\",\"@id\":\"https:\/\/luan.webrt.net\/qhome\/san-pham\/hoc-di-dong-qtd01\/\",\"url\":\"https:\/\/luan.webrt.net\/qhome\/san-pham\/hoc-di-dong-qtd01\/\",\"name\":\"H\u1ed9c di \u0111\u1ed9ng QTD01\",\"isPartOf\":{\"@id\":\"https:\/\/luan.webrt.net\/qhome\/#website\"},\"datePublished\":\"2024-04-05T01:49:51+00:00\",\"dateModified\":\"2025-08-17T08:14:14+00:00\",\"description\":\"H\u1ed9c di \u0111\u1ed9ng QTD01 l\u00e0 m\u1ed9t thi\u1ebft b\u1ecb ti\u1ec7n d\u1ee5ng trong vi\u1ec7c t\u1ed5 ch\u1ee9c kh\u00f4ng gian l\u00e0m vi\u1ec7c ho\u1eb7c l\u01b0u tr\u1eef \u0111\u1ed3 \u0111\u1ea1c. \u0110\u01b0\u1ee3c thi\u1ebft k\u1ebf nh\u1ecf g\u1ecdn v\u00e0 c\u00f3 th\u1ec3 di chuy\u1ec3n d\u1ec5 d\u00e0ng\",\"breadcrumb\":{\"@id\":\"https:\/\/luan.webrt.net\/qhome\/san-pham\/hoc-di-dong-qtd01\/#breadcrumb\"},\"inLanguage\":\"vi\",\"potentialAction\":[{\"@type\":\"ReadAction\",\"target\":[\"https:\/\/luan.webrt.net\/qhome\/san-pham\/hoc-di-dong-qtd01\/\"]}]},{\"@type\":\"BreadcrumbList\",\"@id\":\"https:\/\/luan.webrt.net\/qhome\/san-pham\/hoc-di-dong-qtd01\/#breadcrumb\",\"itemListElement\":[{\"@type\":\"ListItem\",\"position\":1,\"name\":\"Trang ch\u1ee7\",\"item\":\"https:\/\/luan.webrt.net\/qhome\/\"},{\"@type\":\"ListItem\",\"position\":2,\"name\":\"Shop\",\"item\":\"https:\/\/luan.webrt.net\/qhome\/shop\/\"},{\"@type\":\"ListItem\",\"position\":3,\"name\":\"H\u1ed9c di \u0111\u1ed9ng QTD01\"}]},{\"@type\":\"WebSite\",\"@id\":\"https:\/\/luan.webrt.net\/qhome\/#website\",\"url\":\"https:\/\/luan.webrt.net\/qhome\/\",\"name\":\"M\u1eabu web n\u1ed9i th\u1ea5t\",\"description\":\"QGHome Vi\u1ec7t Nam\",\"publisher\":{\"@id\":\"https:\/\/luan.webrt.net\/qhome\/#organization\"},\"potentialAction\":[{\"@type\":\"SearchAction\",\"target\":{\"@type\":\"EntryPoint\",\"urlTemplate\":\"https:\/\/luan.webrt.net\/qhome\/?s={search_term_string}\"},\"query-input\":\"required name=search_term_string\"}],\"inLanguage\":\"vi\"},{\"@type\":\"Organization\",\"@id\":\"https:\/\/luan.webrt.net\/qhome\/#organization\",\"name\":\"QGHome\",\"url\":\"https:\/\/luan.webrt.net\/qhome\/\",\"logo\":{\"@type\":\"ImageObject\",\"inLanguage\":\"vi\",\"@id\":\"https:\/\/luan.webrt.net\/qhome\/#\/schema\/logo\/image\/\",\"url\":\"https:\/\/qghome.vn\/wp-content\/uploads\/2025\/08\/logo-mau-MauTH-21.png\",\"contentUrl\":\"https:\/\/qghome.vn\/wp-content\/uploads\/2025\/08\/logo-mau-MauTH-21.png\",\"width\":253,\"height\":99,\"caption\":\"QGHome\"},\"image\":{\"@id\":\"https:\/\/luan.webrt.net\/qhome\/#\/schema\/logo\/image\/\"},\"sameAs\":[\"https:\/\/www.tiktok.com\/@qghome.official\",\"https:\/\/www.youtube.com\/channel\/UCeVBuKTXkv-u94DS421cklw\",\"https:\/\/www.facebook.com\/noithatqghome\"]}]}<\/script>\n<!-- \/ Yoast SEO plugin. -->","yoast_head_json":{"title":"H\u1ed9c di \u0111\u1ed9ng QTD01","description":"H\u1ed9c di \u0111\u1ed9ng QTD01 l\u00e0 m\u1ed9t thi\u1ebft b\u1ecb ti\u1ec7n d\u1ee5ng trong vi\u1ec7c t\u1ed5 ch\u1ee9c kh\u00f4ng gian l\u00e0m vi\u1ec7c ho\u1eb7c l\u01b0u tr\u1eef \u0111\u1ed3 \u0111\u1ea1c. \u0110\u01b0\u1ee3c thi\u1ebft k\u1ebf nh\u1ecf g\u1ecdn v\u00e0 c\u00f3 th\u1ec3 di chuy\u1ec3n d\u1ec5 d\u00e0ng","robots":{"index":"index","follow":"follow","max-snippet":"max-snippet:-1","max-image-preview":"max-image-preview:large","max-video-preview":"max-video-preview:-1"},"canonical":"https:\/\/luan.webrt.net\/qhome\/san-pham\/hoc-di-dong-qtd01\/","og_locale":"vi_VN","og_type":"article","og_title":"H\u1ed9c di \u0111\u1ed9ng QTD01","og_description":"H\u1ed9c di \u0111\u1ed9ng QTD01 l\u00e0 m\u1ed9t thi\u1ebft b\u1ecb ti\u1ec7n d\u1ee5ng trong vi\u1ec7c t\u1ed5 ch\u1ee9c kh\u00f4ng gian l\u00e0m vi\u1ec7c ho\u1eb7c l\u01b0u tr\u1eef \u0111\u1ed3 \u0111\u1ea1c. \u0110\u01b0\u1ee3c thi\u1ebft k\u1ebf nh\u1ecf g\u1ecdn v\u00e0 c\u00f3 th\u1ec3 di chuy\u1ec3n d\u1ec5 d\u00e0ng","og_url":"https:\/\/luan.webrt.net\/qhome\/san-pham\/hoc-di-dong-qtd01\/","og_site_name":"M\u1eabu web n\u1ed9i th\u1ea5t","article_publisher":"https:\/\/www.facebook.com\/noithatqghome","article_modified_time":"2025-08-17T08:14:14+00:00","og_image":[{"width":900,"height":900,"url":"https:\/\/luan.webrt.net\/qhome\/wp-content\/uploads\/2022\/12\/Hoc-di-dong-QTD01.jpg","type":"image\/jpeg"}],"twitter_card":"summary_large_image","twitter_misc":{"\u01af\u1edbc t\u00ednh th\u1eddi gian \u0111\u1ecdc":"4 ph\u00fat"},"schema":{"@context":"https:\/\/schema.org","@graph":[{"@type":"WebPage","@id":"https:\/\/luan.webrt.net\/qhome\/san-pham\/hoc-di-dong-qtd01\/","url":"https:\/\/luan.webrt.net\/qhome\/san-pham\/hoc-di-dong-qtd01\/","name":"H\u1ed9c di \u0111\u1ed9ng QTD01","isPartOf":{"@id":"https:\/\/luan.webrt.net\/qhome\/#website"},"datePublished":"2024-04-05T01:49:51+00:00","dateModified":"2025-08-17T08:14:14+00:00","description":"H\u1ed9c di \u0111\u1ed9ng QTD01 l\u00e0 m\u1ed9t thi\u1ebft b\u1ecb ti\u1ec7n d\u1ee5ng trong vi\u1ec7c t\u1ed5 ch\u1ee9c kh\u00f4ng gian l\u00e0m vi\u1ec7c ho\u1eb7c l\u01b0u tr\u1eef \u0111\u1ed3 \u0111\u1ea1c. \u0110\u01b0\u1ee3c thi\u1ebft k\u1ebf nh\u1ecf g\u1ecdn v\u00e0 c\u00f3 th\u1ec3 di chuy\u1ec3n d\u1ec5 d\u00e0ng","breadcrumb":{"@id":"https:\/\/luan.webrt.net\/qhome\/san-pham\/hoc-di-dong-qtd01\/#breadcrumb"},"inLanguage":"vi","potentialAction":[{"@type":"ReadAction","target":["https:\/\/luan.webrt.net\/qhome\/san-pham\/hoc-di-dong-qtd01\/"]}]},{"@type":"BreadcrumbList","@id":"https:\/\/luan.webrt.net\/qhome\/san-pham\/hoc-di-dong-qtd01\/#breadcrumb","itemListElement":[{"@type":"ListItem","position":1,"name":"Trang ch\u1ee7","item":"https:\/\/luan.webrt.net\/qhome\/"},{"@type":"ListItem","position":2,"name":"Shop","item":"https:\/\/luan.webrt.net\/qhome\/shop\/"},{"@type":"ListItem","position":3,"name":"H\u1ed9c di \u0111\u1ed9ng QTD01"}]},{"@type":"WebSite","@id":"https:\/\/luan.webrt.net\/qhome\/#website","url":"https:\/\/luan.webrt.net\/qhome\/","name":"M\u1eabu web n\u1ed9i th\u1ea5t","description":"QGHome Vi\u1ec7t Nam","publisher":{"@id":"https:\/\/luan.webrt.net\/qhome\/#organization"},"potentialAction":[{"@type":"SearchAction","target":{"@type":"EntryPoint","urlTemplate":"https:\/\/luan.webrt.net\/qhome\/?s={search_term_string}"},"query-input":"required name=search_term_string"}],"inLanguage":"vi"},{"@type":"Organization","@id":"https:\/\/luan.webrt.net\/qhome\/#organization","name":"QGHome","url":"https:\/\/luan.webrt.net\/qhome\/","logo":{"@type":"ImageObject","inLanguage":"vi","@id":"https:\/\/luan.webrt.net\/qhome\/#\/schema\/logo\/image\/","url":"https:\/\/qghome.vn\/wp-content\/uploads\/2025\/08\/logo-mau-MauTH-21.png","contentUrl":"https:\/\/qghome.vn\/wp-content\/uploads\/2025\/08\/logo-mau-MauTH-21.png","width":253,"height":99,"caption":"QGHome"},"image":{"@id":"https:\/\/luan.webrt.net\/qhome\/#\/schema\/logo\/image\/"},"sameAs":["https:\/\/www.tiktok.com\/@qghome.official","https:\/\/www.youtube.com\/channel\/UCeVBuKTXkv-u94DS421cklw","https:\/\/www.facebook.com\/noithatqghome"]}]}},"_links":{"self":[{"href":"https:\/\/luan.webrt.net\/qhome\/wp-json\/wp\/v2\/product\/8075","targetHints":{"allow":["GET"]}}],"collection":[{"href":"https:\/\/luan.webrt.net\/qhome\/wp-json\/wp\/v2\/product"}],"about":[{"href":"https:\/\/luan.webrt.net\/qhome\/wp-json\/wp\/v2\/types\/product"}],"replies":[{"embeddable":true,"href":"https:\/\/luan.webrt.net\/qhome\/wp-json\/wp\/v2\/comments?post=8075"}],"wp:featuredmedia":[{"embeddable":true,"href":"https:\/\/luan.webrt.net\/qhome\/wp-json\/wp\/v2\/media\/10778"}],"wp:attachment":[{"href":"https:\/\/luan.webrt.net\/qhome\/wp-json\/wp\/v2\/media?parent=8075"}],"wp:term":[{"taxonomy":"product_cat","embeddable":true,"href":"https:\/\/luan.webrt.net\/qhome\/wp-json\/wp\/v2\/product_cat?post=8075"},{"taxonomy":"product_tag","embeddable":true,"href":"https:\/\/luan.webrt.net\/qhome\/wp-json\/wp\/v2\/product_tag?post=8075"}],"curies":[{"name":"wp","href":"https:\/\/api.w.org\/{rel}","templated":true}]}}