{"id":8052,"date":"2024-04-04T09:09:30","date_gmt":"2024-04-04T09:09:30","guid":{"rendered":"https:\/\/qghome.vn\/?post_type=product&#038;p=8052"},"modified":"2025-08-17T08:31:34","modified_gmt":"2025-08-17T08:31:34","slug":"tu-tai-lieu-qtl04","status":"publish","type":"product","link":"https:\/\/luan.webrt.net\/qhome\/san-pham\/tu-tai-lieu-qtl04\/","title":{"rendered":"T\u1ee7 t\u00e0i li\u1ec7u QTL04"},"content":{"rendered":"<h2 style=\"text-align: center;\"><span style=\"font-size: 140%; color: #333399;\"><strong>T\u1ee7 t\u00e0i li\u1ec7u QTL04<\/strong><\/span><\/h2>\n<p>L\u00e0 m\u1ed9t d\u00f2ng t\u1ee7 v\u0103n ph\u00f2ng ph\u1ed5 bi\u1ebfn ng\u00e0y nay, t\u1ee7 t\u00e0i li\u1ec7u QTL04 \u0111\u00e3 \u0111\u01b0\u1ee3c n\u00e2ng c\u1ea5p v\u1edbi nhi\u1ec1u chi ti\u1ebft m\u1edbi, nh\u1eb1m \u0111\u1ea3m <em class=\"Highlight\">b\u1ea3o <\/em>r\u1eb1ng qu\u00e1 tr\u00ecnh s\u1eed d\u1ee5ng s\u1ebd mang l\u1ea1i tr\u1ea3i nghi\u1ec7m tuy\u1ec7t v\u1eddi nh\u1ea5t. Kh\u00f4ng ch\u1ec9 \u0111\u1ea3m b\u1ea3o an to\u00e0n tuy\u1ec7t \u0111\u1ed1i cho c\u00e1c h\u1ed3 s\u01a1 m\u00e0 c\u00f2n gi\u00fap cho kh\u00f4ng gian v\u0103n ph\u00f2ng c\u1ee7a b\u1ea1n tr\u1edf n\u00ean chuy\u00ean nghi\u1ec7p h\u01a1n.<\/p>\n<p>V\u1edbi thi\u1ebft k\u1ebf hi\u1ec7n \u0111\u1ea1i v\u00e0 s\u1ef1 ch\u00fa tr\u1ecdng \u0111\u1ebfn c\u00f4ng n\u0103ng s\u1eed d\u1ee5ng, <a href=\"https:\/\/qghome.vn\/tu-tai-lieu-qtl04\/\"><em><strong><span style=\"color: #333399;\">t\u1ee7 t\u00e0i li\u1ec7u QTL04 <\/span><\/strong><\/em><\/a>tr\u1edf th\u00e0nh l\u1ef1a ch\u1ecdn ho\u00e0n h\u1ea3o cho m\u00f4i tr\u01b0\u1eddng v\u0103n ph\u00f2ng l\u00e0m vi\u1ec7c. S\u1ea3n ph\u1ea9m \u0111\u01b0\u1ee3c l\u00e0m t\u1eeb ch\u1ea5t li\u1ec7u g\u1ed7 MDF v\u00e0 \u0111\u01b0\u1ee3c ph\u1ee7 l\u1edbp Melamine ch\u1ed1ng \u1ea9m m\u1ed1c, mang l\u1ea1i \u0111\u1ed9 b\u1ec1n v\u00e0 \u0111\u1ed9 ch\u1eafc ch\u1eafn v\u01b0\u1ee3t tr\u1ed9i, \u0111\u1ed3ng th\u1eddi \u0111\u1ea3m b\u1ea3o s\u1ef1 \u0111\u1eb9p m\u1eaft v\u00e0 sang tr\u1ecdng. ch\u00fa tr\u1ecdng \u0111\u1ebfn <em class=\"Highlight\">c\u00f4<\/em>ng n\u0103<span style=\"font-size: 14.4px;\">ng s\u1eed d\u1ee5ng\u00a0<\/span><\/p>\n<h2 style=\"text-align: center;\"><strong><span style=\"font-size: 140%; color: #333399;\">\u0110\u1eb6C \u0110I\u1ec2M S\u1ea2N PH\u1ea8M\u00a0<\/span><\/strong><\/h2>\n<ul>\n<li><span style=\"color: #282828;\">Ch\u1ea5t li\u1ec7u: G\u1ed7 MDF\u00a0ph\u1ee7 Melamine, b\u1ea3n l\u1ec1 gi\u1ea3m ch\u1ea5n c\u00f3 t\u00ednh th\u1ea9m m\u0129 cao<\/span><\/li>\n<li><span style=\"color: #282828;\">K\u00edch th\u01b0\u1edbc:\u00a0<span class=\"right\">W800 x D300 x H2000 mm<\/span><\/span><\/li>\n<li><span style=\"color: #282828;\">M\u00e0u s\u1eafc:\u00a0v\u00e2n g\u1ed7 ho\u1eb7c kh\u00e1ch h\u00e0ng l\u1ef1a ch\u1ecdn m\u00e0u s\u1eafc y\u00eau th\u00edch<\/span><\/li>\n<li><span style=\"color: #282828;\">Ch\u00fa \u00fd: Nh\u1eadn \u0111\u1eb7t h\u00e0ng k\u00edch th\u01b0\u1edbc v\u00e0 m\u00e0u s\u1eafc theo y\u00eau c\u1ea7u &#8211; gi\u00e1 ch\u01b0a bao g\u1ed3m ph\u1ee5 ki\u1ec7n<\/span><\/li>\n<li><span style=\"color: #282828;\"><strong>Li\u00ean H\u1ec7 Ngay 098 336 86 23<\/strong>: Nh\u1eadn t\u01b0 v\u1ea5n\u00a0s\u1ea3n ph\u1ea9m theo nhu\u00a0c\u1ea7u c\u1ee7a kh\u00e1ch h\u00e0ng v\u00e0 xem chi ti\u1ebft\u00a0s\u1ea3n ph\u1ea9m<\/span><\/li>\n<\/ul>\n<h2 style=\"text-align: center;\"><span style=\"font-size: 140%;\"><strong><span style=\"color: #333399;\">K\u00cdCH TH\u01af\u1edaC<\/span><\/strong><\/span><\/h2>\n<figure id=\"attachment_8053\" aria-describedby=\"caption-attachment-8053\" style=\"width: 1080px\" class=\"wp-caption aligncenter\"><img loading=\"lazy\" decoding=\"async\" class=\"wp-image-8053 size-full\" src=\"http:\/\/qghome.vn\/wp-content\/uploads\/2024\/04\/Go-cong-nghiep-phu-Melamine-55.png\" alt=\"K\u00edch th\u01b0\u1edbc s\u1ea3n ph\u1ea9m\" width=\"1080\" height=\"1080\" srcset=\"https:\/\/luan.webrt.net\/qhome\/wp-content\/uploads\/2024\/04\/Go-cong-nghiep-phu-Melamine-55.png 1080w, https:\/\/luan.webrt.net\/qhome\/wp-content\/uploads\/2024\/04\/Go-cong-nghiep-phu-Melamine-55-100x100.png 100w, https:\/\/luan.webrt.net\/qhome\/wp-content\/uploads\/2024\/04\/Go-cong-nghiep-phu-Melamine-55-510x510.png 510w, https:\/\/luan.webrt.net\/qhome\/wp-content\/uploads\/2024\/04\/Go-cong-nghiep-phu-Melamine-55-400x400.png 400w, https:\/\/luan.webrt.net\/qhome\/wp-content\/uploads\/2024\/04\/Go-cong-nghiep-phu-Melamine-55-800x800.png 800w, https:\/\/luan.webrt.net\/qhome\/wp-content\/uploads\/2024\/04\/Go-cong-nghiep-phu-Melamine-55-280x280.png 280w, https:\/\/luan.webrt.net\/qhome\/wp-content\/uploads\/2024\/04\/Go-cong-nghiep-phu-Melamine-55-768x768.png 768w\" sizes=\"auto, (max-width: 1080px) 100vw, 1080px\" \/><figcaption id=\"caption-attachment-8053\" class=\"wp-caption-text\"><em>K\u00edch th\u01b0\u1edbc s\u1ea3n ph\u1ea9m<\/em><\/figcaption><\/figure>\n<h2 style=\"text-align: center;\"><span style=\"color: #333399;\"><strong><span style=\"font-size: 140%;\">CH\u1ea4T LI\u1ec6U\u00a0\u00a0<\/span><\/strong><\/span><\/h2>\n<figure id=\"attachment_7915\" aria-describedby=\"caption-attachment-7915\" style=\"width: 1080px\" class=\"wp-caption aligncenter\"><img loading=\"lazy\" decoding=\"async\" class=\"wp-image-7915 size-full\" src=\"http:\/\/qghome.vn\/wp-content\/uploads\/2024\/04\/Go-cong-nghiep-phu-Melamine-8.png\" alt=\"G\u1ed7 MDF ph\u1ee7 melamine \" width=\"1080\" height=\"1080\" srcset=\"https:\/\/luan.webrt.net\/qhome\/wp-content\/uploads\/2024\/04\/Go-cong-nghiep-phu-Melamine-8.png 1080w, https:\/\/luan.webrt.net\/qhome\/wp-content\/uploads\/2024\/04\/Go-cong-nghiep-phu-Melamine-8-100x100.png 100w, https:\/\/luan.webrt.net\/qhome\/wp-content\/uploads\/2024\/04\/Go-cong-nghiep-phu-Melamine-8-510x510.png 510w, https:\/\/luan.webrt.net\/qhome\/wp-content\/uploads\/2024\/04\/Go-cong-nghiep-phu-Melamine-8-400x400.png 400w, https:\/\/luan.webrt.net\/qhome\/wp-content\/uploads\/2024\/04\/Go-cong-nghiep-phu-Melamine-8-800x800.png 800w, https:\/\/luan.webrt.net\/qhome\/wp-content\/uploads\/2024\/04\/Go-cong-nghiep-phu-Melamine-8-280x280.png 280w, https:\/\/luan.webrt.net\/qhome\/wp-content\/uploads\/2024\/04\/Go-cong-nghiep-phu-Melamine-8-768x768.png 768w\" sizes=\"auto, (max-width: 1080px) 100vw, 1080px\" \/><figcaption id=\"caption-attachment-7915\" class=\"wp-caption-text\"><em>G\u1ed7 MDF ph\u1ee7 melamine<\/em><\/figcaption><\/figure>\n<figure id=\"attachment_7916\" aria-describedby=\"caption-attachment-7916\" style=\"width: 1080px\" class=\"wp-caption aligncenter\"><img loading=\"lazy\" decoding=\"async\" class=\"wp-image-7916 size-full\" src=\"http:\/\/qghome.vn\/wp-content\/uploads\/2024\/04\/Go-cong-nghiep-phu-Melamine-7.png\" alt=\"G\u1ed7 MDF ph\u1ee7 melamine\" width=\"1080\" height=\"1080\" srcset=\"https:\/\/luan.webrt.net\/qhome\/wp-content\/uploads\/2024\/04\/Go-cong-nghiep-phu-Melamine-7.png 1080w, https:\/\/luan.webrt.net\/qhome\/wp-content\/uploads\/2024\/04\/Go-cong-nghiep-phu-Melamine-7-100x100.png 100w, https:\/\/luan.webrt.net\/qhome\/wp-content\/uploads\/2024\/04\/Go-cong-nghiep-phu-Melamine-7-510x510.png 510w, https:\/\/luan.webrt.net\/qhome\/wp-content\/uploads\/2024\/04\/Go-cong-nghiep-phu-Melamine-7-400x400.png 400w, https:\/\/luan.webrt.net\/qhome\/wp-content\/uploads\/2024\/04\/Go-cong-nghiep-phu-Melamine-7-800x800.png 800w, https:\/\/luan.webrt.net\/qhome\/wp-content\/uploads\/2024\/04\/Go-cong-nghiep-phu-Melamine-7-280x280.png 280w, https:\/\/luan.webrt.net\/qhome\/wp-content\/uploads\/2024\/04\/Go-cong-nghiep-phu-Melamine-7-768x768.png 768w\" sizes=\"auto, (max-width: 1080px) 100vw, 1080px\" \/><figcaption id=\"caption-attachment-7916\" class=\"wp-caption-text\"><em><span style=\"vertical-align: inherit;\">G\u1ed7 MDF ph\u1ee7 melamine<\/span><\/em><\/figcaption><\/figure>\n<figure id=\"attachment_7914\" aria-describedby=\"caption-attachment-7914\" style=\"width: 1080px\" class=\"wp-caption aligncenter\"><img loading=\"lazy\" decoding=\"async\" class=\"wp-image-7914 size-full\" src=\"http:\/\/qghome.vn\/wp-content\/uploads\/2024\/04\/Go-cong-nghiep-phu-Melamine-9.png\" alt=\"G\u1ed7 MDF ph\u1ee7 melamine\" width=\"1080\" height=\"1080\" srcset=\"https:\/\/luan.webrt.net\/qhome\/wp-content\/uploads\/2024\/04\/Go-cong-nghiep-phu-Melamine-9.png 1080w, https:\/\/luan.webrt.net\/qhome\/wp-content\/uploads\/2024\/04\/Go-cong-nghiep-phu-Melamine-9-100x100.png 100w, https:\/\/luan.webrt.net\/qhome\/wp-content\/uploads\/2024\/04\/Go-cong-nghiep-phu-Melamine-9-510x510.png 510w, https:\/\/luan.webrt.net\/qhome\/wp-content\/uploads\/2024\/04\/Go-cong-nghiep-phu-Melamine-9-400x400.png 400w, https:\/\/luan.webrt.net\/qhome\/wp-content\/uploads\/2024\/04\/Go-cong-nghiep-phu-Melamine-9-800x800.png 800w, https:\/\/luan.webrt.net\/qhome\/wp-content\/uploads\/2024\/04\/Go-cong-nghiep-phu-Melamine-9-280x280.png 280w, https:\/\/luan.webrt.net\/qhome\/wp-content\/uploads\/2024\/04\/Go-cong-nghiep-phu-Melamine-9-768x768.png 768w\" sizes=\"auto, (max-width: 1080px) 100vw, 1080px\" \/><figcaption id=\"caption-attachment-7914\" class=\"wp-caption-text\"><em><span style=\"vertical-align: inherit;\">G\u1ed7 MDF ph\u1ee7 melamine<\/span><\/em><\/figcaption><\/figure>\n<h2 style=\"text-align: center;\"><span style=\"color: #333399; font-size: 140%;\"><strong>NH\u00c0 M\u00c1Y S\u1ea2N XU\u1ea4T QGHOME<\/strong><\/span><\/h2>\n<figure id=\"attachment_7785\" aria-describedby=\"caption-attachment-7785\" style=\"width: 800px\" class=\"wp-caption aligncenter\"><img loading=\"lazy\" decoding=\"async\" class=\"wp-image-7785 size-full\" src=\"http:\/\/qghome.vn\/wp-content\/uploads\/2024\/04\/nha-may-san-xuat-noi-that-qghome-viet-nam.jpg\" alt=\"Nh\u00e0 m\u00e1y s\u1ea3n xu\u1ea5t n\u1ed9i th\u1ea5t QGHOME Vi\u1ec7t Nam\" width=\"800\" height=\"468\" srcset=\"https:\/\/luan.webrt.net\/qhome\/wp-content\/uploads\/2024\/04\/nha-may-san-xuat-noi-that-qghome-viet-nam.jpg 800w, https:\/\/luan.webrt.net\/qhome\/wp-content\/uploads\/2024\/04\/nha-may-san-xuat-noi-that-qghome-viet-nam-510x298.jpg 510w, https:\/\/luan.webrt.net\/qhome\/wp-content\/uploads\/2024\/04\/nha-may-san-xuat-noi-that-qghome-viet-nam-684x400.jpg 684w, https:\/\/luan.webrt.net\/qhome\/wp-content\/uploads\/2024\/04\/nha-may-san-xuat-noi-that-qghome-viet-nam-768x449.jpg 768w\" sizes=\"auto, (max-width: 800px) 100vw, 800px\" \/><figcaption id=\"caption-attachment-7785\" class=\"wp-caption-text\"><em>Nh\u00e0 m\u00e1y s\u1ea3n xu\u1ea5t n\u1ed9i th\u1ea5t QGHOME Vi\u1ec7t Nam<\/em><\/figcaption><\/figure>\n<figure id=\"attachment_7782\" aria-describedby=\"caption-attachment-7782\" style=\"width: 800px\" class=\"wp-caption aligncenter\"><img loading=\"lazy\" decoding=\"async\" class=\"wp-image-7782 size-full\" src=\"http:\/\/qghome.vn\/wp-content\/uploads\/2024\/04\/nha-may-noi-that-qghome-viet-nam.jpg\" alt=\"Nh\u00e0 m\u00e1y n\u1ed9i th\u1ea5t QGHOME Vi\u1ec7t Nam\" width=\"800\" height=\"468\" srcset=\"https:\/\/luan.webrt.net\/qhome\/wp-content\/uploads\/2024\/04\/nha-may-noi-that-qghome-viet-nam.jpg 800w, https:\/\/luan.webrt.net\/qhome\/wp-content\/uploads\/2024\/04\/nha-may-noi-that-qghome-viet-nam-510x298.jpg 510w, https:\/\/luan.webrt.net\/qhome\/wp-content\/uploads\/2024\/04\/nha-may-noi-that-qghome-viet-nam-684x400.jpg 684w, https:\/\/luan.webrt.net\/qhome\/wp-content\/uploads\/2024\/04\/nha-may-noi-that-qghome-viet-nam-768x449.jpg 768w\" sizes=\"auto, (max-width: 800px) 100vw, 800px\" \/><figcaption id=\"caption-attachment-7782\" class=\"wp-caption-text\"><em>Nh\u00e0 m\u00e1y n\u1ed9i th\u1ea5t QGHOME Vi\u1ec7t Nam<\/em><\/figcaption><\/figure>\n<figure id=\"attachment_7783\" aria-describedby=\"caption-attachment-7783\" style=\"width: 800px\" class=\"wp-caption aligncenter\"><img loading=\"lazy\" decoding=\"async\" class=\"wp-image-7783 size-full\" src=\"http:\/\/qghome.vn\/wp-content\/uploads\/2024\/04\/nha-may-qghome-viet-nam.jpg\" alt=\"\u0110\u01a1n v\u1ecb thi\u1ebft k\u1ebf n\u1ed9i th\u1ea5t uy t\u00edn - QGHOME\" width=\"800\" height=\"468\" srcset=\"https:\/\/luan.webrt.net\/qhome\/wp-content\/uploads\/2024\/04\/nha-may-qghome-viet-nam.jpg 800w, https:\/\/luan.webrt.net\/qhome\/wp-content\/uploads\/2024\/04\/nha-may-qghome-viet-nam-510x298.jpg 510w, https:\/\/luan.webrt.net\/qhome\/wp-content\/uploads\/2024\/04\/nha-may-qghome-viet-nam-684x400.jpg 684w, https:\/\/luan.webrt.net\/qhome\/wp-content\/uploads\/2024\/04\/nha-may-qghome-viet-nam-768x449.jpg 768w\" sizes=\"auto, (max-width: 800px) 100vw, 800px\" \/><figcaption id=\"caption-attachment-7783\" class=\"wp-caption-text\"><em>\u0110\u01a1n v\u1ecb thi\u1ebft k\u1ebf n\u1ed9i th\u1ea5t uy t\u00edn &#8211; QGHOME<\/em><\/figcaption><\/figure>\n","protected":false},"excerpt":{"rendered":"<p><strong>Th\u01b0\u01a1ng hi\u1ec7u:<\/strong> QGHome<br \/>\n<strong>Ch\u1ea5t li\u1ec7u:<\/strong> G\u1ed7 MDF ph\u1ee7 melamine d\u00e0y 18mm<br \/>\n<strong><span data-sheets-root=\"1\" data-sheets-value=\"{&quot;1&quot;:2,&quot;2&quot;:&quot;Th\u01b0\u01a1ng hi\u1ec7u: QGHome\\nCh\u1ea5t li\u1ec7u: G\u1ed7 c\u00f4ng nghi\u1ec7p MDF ph\u1ee7 melamine d\u00e0y 50mm, ch\u1ed1ng th\u1ea5m cao c\u1ea5p, c\u1ea1nh t\u1ee7 \u0111\u01b0\u1ee3c m\u00e0i c\u1ea1nh an to\u00e0n\\nPh\u1ee5 ki\u1ec7n: 2 h\u1ed9c t\u1ee7 kh\u00f4ng c\u00e1nh, ch\u00e2n nh\u1ef1a ch\u1ecbu l\u1ef1c ph\u00eda d\u01b0\u1edbi.\\nK\u00edch th\u01b0\u1edbc: W800 x D400 x H800 mm \\nM\u00e0u s\u1eafc: N\u00e2u \u0111\u1eadm\\nB\u1ea3o h\u00e0nh: 12 th\u00e1ng theo ti\u00eau chu\u1ea9n nh\u00e0 m\u00e1y, l\u1eafp gh\u00e9p ho\u00e0n thi\u1ec7n.&quot;}\" data-sheets-userformat=\"{&quot;2&quot;:21437,&quot;3&quot;:{&quot;1&quot;:0},&quot;5&quot;:{&quot;1&quot;:[{&quot;1&quot;:2,&quot;2&quot;:0,&quot;5&quot;:{&quot;1&quot;:2,&quot;2&quot;:10066329}},{&quot;1&quot;:0,&quot;2&quot;:0,&quot;3&quot;:3},{&quot;1&quot;:1,&quot;2&quot;:0,&quot;4&quot;:1}]},&quot;6&quot;:{&quot;1&quot;:[{&quot;1&quot;:2,&quot;2&quot;:0,&quot;5&quot;:{&quot;1&quot;:2,&quot;2&quot;:10066329}},{&quot;1&quot;:0,&quot;2&quot;:0,&quot;3&quot;:3},{&quot;1&quot;:1,&quot;2&quot;:0,&quot;4&quot;:1}]},&quot;7&quot;:{&quot;1&quot;:[{&quot;1&quot;:2,&quot;2&quot;:0,&quot;5&quot;:{&quot;1&quot;:2,&quot;2&quot;:10066329}},{&quot;1&quot;:0,&quot;2&quot;:0,&quot;3&quot;:3},{&quot;1&quot;:1,&quot;2&quot;:0,&quot;4&quot;:1}]},&quot;8&quot;:{&quot;1&quot;:[{&quot;1&quot;:2,&quot;2&quot;:0,&quot;5&quot;:{&quot;1&quot;:2,&quot;2&quot;:10066329}},{&quot;1&quot;:0,&quot;2&quot;:0,&quot;3&quot;:3},{&quot;1&quot;:1,&quot;2&quot;:0,&quot;4&quot;:1}]},&quot;10&quot;:1,&quot;11&quot;:4,&quot;12&quot;:0,&quot;15&quot;:&quot;Times New Roman&quot;,&quot;17&quot;:0}\">Quy c\u00e1ch<\/span>:<\/strong> C\u00e1nh t\u1ee7 g\u1ed7 k\u00ednh k\u1ebft h\u1ee3p, 2 ng\u0103n t\u1ee7 c\u00f3 kh\u00f3a, ch\u00e2n nh\u1ef1a ch\u1ecbu l\u1ef1c ph\u00eda d\u01b0\u1edbi.<br \/>\n<strong>K\u00edch th\u01b0\u1edbc:<\/strong> W800 x D300 x H2000 mm<br \/>\n<strong>M\u00e0u s\u1eafc:<\/strong> N\u00e2u nh\u1ea1t<br \/>\n<strong>B\u1ea3o h\u00e0nh:<\/strong> 12 th\u00e1ng theo ti\u00eau chu\u1ea9n nh\u00e0 m\u00e1y, l\u1eafp gh\u00e9p ho\u00e0n thi\u1ec7n.<\/p>\n","protected":false},"featured_media":8056,"comment_status":"open","ping_status":"closed","template":"","meta":[],"product_cat":[216],"product_tag":[383,368],"class_list":["post-8052","product","type-product","status-publish","has-post-thumbnail","hentry","product_cat-tu-tai-lieu","product_tag-tu-tai-lieu","product_tag-tu-van-phong"],"yoast_head":"<!-- This site is optimized with the Yoast SEO plugin v19.9 - https:\/\/yoast.com\/wordpress\/plugins\/seo\/ -->\n<title>T\u1ee7 t\u00e0i li\u1ec7u QTL04<\/title>\n<meta name=\"description\" content=\"V\u1edbi thi\u1ebft k\u1ebf hi\u1ec7n \u0111\u1ea1i v\u00e0 s\u1ef1 ch\u00fa tr\u1ecdng \u0111\u1ebfn c\u00f4ng n\u0103ng s\u1eed d\u1ee5ng, t\u1ee7 t\u00e0i li\u1ec7u QTL02 tr\u1edf th\u00e0nh l\u1ef1a ch\u1ecdn ho\u00e0n h\u1ea3o cho m\u00f4i tr\u01b0\u1eddng v\u0103n ph\u00f2ng l\u00e0m vi\u1ec7c\" \/>\n<meta name=\"robots\" content=\"index, follow, max-snippet:-1, max-image-preview:large, max-video-preview:-1\" \/>\n<link rel=\"canonical\" href=\"https:\/\/luan.webrt.net\/qhome\/san-pham\/tu-tai-lieu-qtl04\/\" \/>\n<meta property=\"og:locale\" content=\"vi_VN\" \/>\n<meta property=\"og:type\" content=\"article\" \/>\n<meta property=\"og:title\" content=\"T\u1ee7 t\u00e0i li\u1ec7u QTL04\" \/>\n<meta property=\"og:description\" content=\"V\u1edbi thi\u1ebft k\u1ebf hi\u1ec7n \u0111\u1ea1i v\u00e0 s\u1ef1 ch\u00fa tr\u1ecdng \u0111\u1ebfn c\u00f4ng n\u0103ng s\u1eed d\u1ee5ng, t\u1ee7 t\u00e0i li\u1ec7u QTL02 tr\u1edf th\u00e0nh l\u1ef1a ch\u1ecdn ho\u00e0n h\u1ea3o cho m\u00f4i tr\u01b0\u1eddng v\u0103n ph\u00f2ng l\u00e0m vi\u1ec7c\" \/>\n<meta property=\"og:url\" content=\"https:\/\/luan.webrt.net\/qhome\/san-pham\/tu-tai-lieu-qtl04\/\" \/>\n<meta property=\"og:site_name\" content=\"M\u1eabu web n\u1ed9i th\u1ea5t\" \/>\n<meta property=\"article:publisher\" content=\"https:\/\/www.facebook.com\/noithatqghome\" \/>\n<meta property=\"article:modified_time\" content=\"2025-08-17T08:31:34+00:00\" \/>\n<meta property=\"og:image\" content=\"https:\/\/luan.webrt.net\/qhome\/wp-content\/uploads\/2024\/04\/Go-cong-nghiep-phu-Melamine-52.png\" \/>\n\t<meta property=\"og:image:width\" content=\"1080\" \/>\n\t<meta property=\"og:image:height\" content=\"1080\" \/>\n\t<meta property=\"og:image:type\" content=\"image\/png\" \/>\n<meta name=\"twitter:card\" content=\"summary_large_image\" \/>\n<meta name=\"twitter:label1\" content=\"\u01af\u1edbc t\u00ednh th\u1eddi gian \u0111\u1ecdc\" \/>\n\t<meta name=\"twitter:data1\" content=\"4 ph\u00fat\" \/>\n<script type=\"application\/ld+json\" class=\"yoast-schema-graph\">{\"@context\":\"https:\/\/schema.org\",\"@graph\":[{\"@type\":\"WebPage\",\"@id\":\"https:\/\/luan.webrt.net\/qhome\/san-pham\/tu-tai-lieu-qtl04\/\",\"url\":\"https:\/\/luan.webrt.net\/qhome\/san-pham\/tu-tai-lieu-qtl04\/\",\"name\":\"T\u1ee7 t\u00e0i li\u1ec7u QTL04\",\"isPartOf\":{\"@id\":\"https:\/\/luan.webrt.net\/qhome\/#website\"},\"datePublished\":\"2024-04-04T09:09:30+00:00\",\"dateModified\":\"2025-08-17T08:31:34+00:00\",\"description\":\"V\u1edbi thi\u1ebft k\u1ebf hi\u1ec7n \u0111\u1ea1i v\u00e0 s\u1ef1 ch\u00fa tr\u1ecdng \u0111\u1ebfn c\u00f4ng n\u0103ng s\u1eed d\u1ee5ng, t\u1ee7 t\u00e0i li\u1ec7u QTL02 tr\u1edf th\u00e0nh l\u1ef1a ch\u1ecdn ho\u00e0n h\u1ea3o cho m\u00f4i tr\u01b0\u1eddng v\u0103n ph\u00f2ng l\u00e0m vi\u1ec7c\",\"breadcrumb\":{\"@id\":\"https:\/\/luan.webrt.net\/qhome\/san-pham\/tu-tai-lieu-qtl04\/#breadcrumb\"},\"inLanguage\":\"vi\",\"potentialAction\":[{\"@type\":\"ReadAction\",\"target\":[\"https:\/\/luan.webrt.net\/qhome\/san-pham\/tu-tai-lieu-qtl04\/\"]}]},{\"@type\":\"BreadcrumbList\",\"@id\":\"https:\/\/luan.webrt.net\/qhome\/san-pham\/tu-tai-lieu-qtl04\/#breadcrumb\",\"itemListElement\":[{\"@type\":\"ListItem\",\"position\":1,\"name\":\"Trang ch\u1ee7\",\"item\":\"https:\/\/luan.webrt.net\/qhome\/\"},{\"@type\":\"ListItem\",\"position\":2,\"name\":\"Shop\",\"item\":\"https:\/\/luan.webrt.net\/qhome\/shop\/\"},{\"@type\":\"ListItem\",\"position\":3,\"name\":\"T\u1ee7 t\u00e0i li\u1ec7u QTL04\"}]},{\"@type\":\"WebSite\",\"@id\":\"https:\/\/luan.webrt.net\/qhome\/#website\",\"url\":\"https:\/\/luan.webrt.net\/qhome\/\",\"name\":\"M\u1eabu web n\u1ed9i th\u1ea5t\",\"description\":\"QGHome Vi\u1ec7t Nam\",\"publisher\":{\"@id\":\"https:\/\/luan.webrt.net\/qhome\/#organization\"},\"potentialAction\":[{\"@type\":\"SearchAction\",\"target\":{\"@type\":\"EntryPoint\",\"urlTemplate\":\"https:\/\/luan.webrt.net\/qhome\/?s={search_term_string}\"},\"query-input\":\"required name=search_term_string\"}],\"inLanguage\":\"vi\"},{\"@type\":\"Organization\",\"@id\":\"https:\/\/luan.webrt.net\/qhome\/#organization\",\"name\":\"QGHome\",\"url\":\"https:\/\/luan.webrt.net\/qhome\/\",\"logo\":{\"@type\":\"ImageObject\",\"inLanguage\":\"vi\",\"@id\":\"https:\/\/luan.webrt.net\/qhome\/#\/schema\/logo\/image\/\",\"url\":\"https:\/\/qghome.vn\/wp-content\/uploads\/2025\/08\/logo-mau-MauTH-21.png\",\"contentUrl\":\"https:\/\/qghome.vn\/wp-content\/uploads\/2025\/08\/logo-mau-MauTH-21.png\",\"width\":253,\"height\":99,\"caption\":\"QGHome\"},\"image\":{\"@id\":\"https:\/\/luan.webrt.net\/qhome\/#\/schema\/logo\/image\/\"},\"sameAs\":[\"https:\/\/www.tiktok.com\/@qghome.official\",\"https:\/\/www.youtube.com\/channel\/UCeVBuKTXkv-u94DS421cklw\",\"https:\/\/www.facebook.com\/noithatqghome\"]}]}<\/script>\n<!-- \/ Yoast SEO plugin. -->","yoast_head_json":{"title":"T\u1ee7 t\u00e0i li\u1ec7u QTL04","description":"V\u1edbi thi\u1ebft k\u1ebf hi\u1ec7n \u0111\u1ea1i v\u00e0 s\u1ef1 ch\u00fa tr\u1ecdng \u0111\u1ebfn c\u00f4ng n\u0103ng s\u1eed d\u1ee5ng, t\u1ee7 t\u00e0i li\u1ec7u QTL02 tr\u1edf th\u00e0nh l\u1ef1a ch\u1ecdn ho\u00e0n h\u1ea3o cho m\u00f4i tr\u01b0\u1eddng v\u0103n ph\u00f2ng l\u00e0m vi\u1ec7c","robots":{"index":"index","follow":"follow","max-snippet":"max-snippet:-1","max-image-preview":"max-image-preview:large","max-video-preview":"max-video-preview:-1"},"canonical":"https:\/\/luan.webrt.net\/qhome\/san-pham\/tu-tai-lieu-qtl04\/","og_locale":"vi_VN","og_type":"article","og_title":"T\u1ee7 t\u00e0i li\u1ec7u QTL04","og_description":"V\u1edbi thi\u1ebft k\u1ebf hi\u1ec7n \u0111\u1ea1i v\u00e0 s\u1ef1 ch\u00fa tr\u1ecdng \u0111\u1ebfn c\u00f4ng n\u0103ng s\u1eed d\u1ee5ng, t\u1ee7 t\u00e0i li\u1ec7u QTL02 tr\u1edf th\u00e0nh l\u1ef1a ch\u1ecdn ho\u00e0n h\u1ea3o cho m\u00f4i tr\u01b0\u1eddng v\u0103n ph\u00f2ng l\u00e0m vi\u1ec7c","og_url":"https:\/\/luan.webrt.net\/qhome\/san-pham\/tu-tai-lieu-qtl04\/","og_site_name":"M\u1eabu web n\u1ed9i th\u1ea5t","article_publisher":"https:\/\/www.facebook.com\/noithatqghome","article_modified_time":"2025-08-17T08:31:34+00:00","og_image":[{"width":1080,"height":1080,"url":"https:\/\/luan.webrt.net\/qhome\/wp-content\/uploads\/2024\/04\/Go-cong-nghiep-phu-Melamine-52.png","type":"image\/png"}],"twitter_card":"summary_large_image","twitter_misc":{"\u01af\u1edbc t\u00ednh th\u1eddi gian \u0111\u1ecdc":"4 ph\u00fat"},"schema":{"@context":"https:\/\/schema.org","@graph":[{"@type":"WebPage","@id":"https:\/\/luan.webrt.net\/qhome\/san-pham\/tu-tai-lieu-qtl04\/","url":"https:\/\/luan.webrt.net\/qhome\/san-pham\/tu-tai-lieu-qtl04\/","name":"T\u1ee7 t\u00e0i li\u1ec7u QTL04","isPartOf":{"@id":"https:\/\/luan.webrt.net\/qhome\/#website"},"datePublished":"2024-04-04T09:09:30+00:00","dateModified":"2025-08-17T08:31:34+00:00","description":"V\u1edbi thi\u1ebft k\u1ebf hi\u1ec7n \u0111\u1ea1i v\u00e0 s\u1ef1 ch\u00fa tr\u1ecdng \u0111\u1ebfn c\u00f4ng n\u0103ng s\u1eed d\u1ee5ng, t\u1ee7 t\u00e0i li\u1ec7u QTL02 tr\u1edf th\u00e0nh l\u1ef1a ch\u1ecdn ho\u00e0n h\u1ea3o cho m\u00f4i tr\u01b0\u1eddng v\u0103n ph\u00f2ng l\u00e0m vi\u1ec7c","breadcrumb":{"@id":"https:\/\/luan.webrt.net\/qhome\/san-pham\/tu-tai-lieu-qtl04\/#breadcrumb"},"inLanguage":"vi","potentialAction":[{"@type":"ReadAction","target":["https:\/\/luan.webrt.net\/qhome\/san-pham\/tu-tai-lieu-qtl04\/"]}]},{"@type":"BreadcrumbList","@id":"https:\/\/luan.webrt.net\/qhome\/san-pham\/tu-tai-lieu-qtl04\/#breadcrumb","itemListElement":[{"@type":"ListItem","position":1,"name":"Trang ch\u1ee7","item":"https:\/\/luan.webrt.net\/qhome\/"},{"@type":"ListItem","position":2,"name":"Shop","item":"https:\/\/luan.webrt.net\/qhome\/shop\/"},{"@type":"ListItem","position":3,"name":"T\u1ee7 t\u00e0i li\u1ec7u QTL04"}]},{"@type":"WebSite","@id":"https:\/\/luan.webrt.net\/qhome\/#website","url":"https:\/\/luan.webrt.net\/qhome\/","name":"M\u1eabu web n\u1ed9i th\u1ea5t","description":"QGHome Vi\u1ec7t Nam","publisher":{"@id":"https:\/\/luan.webrt.net\/qhome\/#organization"},"potentialAction":[{"@type":"SearchAction","target":{"@type":"EntryPoint","urlTemplate":"https:\/\/luan.webrt.net\/qhome\/?s={search_term_string}"},"query-input":"required name=search_term_string"}],"inLanguage":"vi"},{"@type":"Organization","@id":"https:\/\/luan.webrt.net\/qhome\/#organization","name":"QGHome","url":"https:\/\/luan.webrt.net\/qhome\/","logo":{"@type":"ImageObject","inLanguage":"vi","@id":"https:\/\/luan.webrt.net\/qhome\/#\/schema\/logo\/image\/","url":"https:\/\/qghome.vn\/wp-content\/uploads\/2025\/08\/logo-mau-MauTH-21.png","contentUrl":"https:\/\/qghome.vn\/wp-content\/uploads\/2025\/08\/logo-mau-MauTH-21.png","width":253,"height":99,"caption":"QGHome"},"image":{"@id":"https:\/\/luan.webrt.net\/qhome\/#\/schema\/logo\/image\/"},"sameAs":["https:\/\/www.tiktok.com\/@qghome.official","https:\/\/www.youtube.com\/channel\/UCeVBuKTXkv-u94DS421cklw","https:\/\/www.facebook.com\/noithatqghome"]}]}},"_links":{"self":[{"href":"https:\/\/luan.webrt.net\/qhome\/wp-json\/wp\/v2\/product\/8052","targetHints":{"allow":["GET"]}}],"collection":[{"href":"https:\/\/luan.webrt.net\/qhome\/wp-json\/wp\/v2\/product"}],"about":[{"href":"https:\/\/luan.webrt.net\/qhome\/wp-json\/wp\/v2\/types\/product"}],"replies":[{"embeddable":true,"href":"https:\/\/luan.webrt.net\/qhome\/wp-json\/wp\/v2\/comments?post=8052"}],"wp:featuredmedia":[{"embeddable":true,"href":"https:\/\/luan.webrt.net\/qhome\/wp-json\/wp\/v2\/media\/8056"}],"wp:attachment":[{"href":"https:\/\/luan.webrt.net\/qhome\/wp-json\/wp\/v2\/media?parent=8052"}],"wp:term":[{"taxonomy":"product_cat","embeddable":true,"href":"https:\/\/luan.webrt.net\/qhome\/wp-json\/wp\/v2\/product_cat?post=8052"},{"taxonomy":"product_tag","embeddable":true,"href":"https:\/\/luan.webrt.net\/qhome\/wp-json\/wp\/v2\/product_tag?post=8052"}],"curies":[{"name":"wp","href":"https:\/\/api.w.org\/{rel}","templated":true}]}}