{"id":6979,"date":"2023-12-18T07:46:22","date_gmt":"2023-12-18T07:46:22","guid":{"rendered":"https:\/\/qghome.vn\/?post_type=product&#038;p=6979"},"modified":"2024-11-03T11:33:00","modified_gmt":"2024-11-03T11:33:00","slug":"ghe-gap-lien-ban-chan-son-tinh-dien","status":"publish","type":"product","link":"https:\/\/luan.webrt.net\/qhome\/san-pham\/ghe-gap-lien-ban-chan-son-tinh-dien\/","title":{"rendered":"Gh\u1ebf g\u1ea5p li\u1ec1n b\u00e0n ch\u00e2n s\u01a1n t\u0129nh \u0111i\u1ec7n"},"content":{"rendered":"<h3><strong>Gh\u1ebf g\u1ea5p li\u1ec1n b\u00e0n ch\u00e2n s\u01a1n t\u0129nh \u0111i\u1ec7n<\/strong><\/h3>\n<p><span style=\"color: #000000;\">Gh\u1ebf g\u1ea5p li\u1ec1n b\u00e0n ch\u00e2n s\u01a1n t\u0129nh \u0111i\u1ec7n gi\u00e1 r\u1ebb m\u1eb7t g\u1ed7 v\u00e2n s\u1ed3i gi\u00fap b\u1ea1n ti\u1ebft ki\u1ec7m kh\u00f4ng gian cho ph\u00f2ng h\u1ecdp v\u00e0 ph\u00f2ng l\u00e0m vi\u1ec7c th\u00eam r\u1ed9ng r\u00e3i. V\u1edbi \u0111\u1ec7m ng\u1ed3i \u00eam \u00e1i c\u00f9ng m\u1eb7t b\u00e0n vu\u00f4ng v\u1eafn gi\u00fap b\u1ea1n l\u00e0m vi\u1ec7c ti\u1ec7n l\u1ee3i h\u01a1n.<\/span><\/p>\n<p><span style=\"color: #000000;\">Khung s\u1eaft c\u1ee7a gh\u1ebf \u0111\u01b0\u1ee3c s\u01a1n m\u1ed9t l\u1edbp s\u01a1n t\u0129nh \u0111i\u1ec7n ch\u1ed1ng han r\u1ec9 n\u00ean kh\u00f4ng gian v\u0103n ph\u00f2ng c\u1ee7a b\u1ea1n sang tr\u1ecdng v\u00e0 \u0111\u1eb9p h\u01a1n. D\u00e1ng gh\u1ebf n\u00e0y r\u1ea5t th\u00edch h\u1ee3p \u0111\u1eb7t trong kh\u00f4ng gian ph\u00f2ng h\u1ecdc.<\/span><\/p>\n<p><span style=\"color: #000000;\">\u0110\u1ebfn v\u1edbi N\u00f4\u0323i Th\u00e2\u0301t QGHOME b\u1ea1n s\u1ebd \u0111\u01b0\u1ee3c ch\u1ecdn cho m\u00ecnh nh\u1eefng m\u1eabu gh\u1ebf g\u1ea5p li\u1ec1n b\u00e0n \u0111\u1eb9p. Ngo\u00e0i ra, b\u1ea1n c\u00f3 th\u1ec3 ch\u1ecdn cho m\u00ecnh nh\u1eefng m\u1eabu n\u1ed9i th\u1ea5t kh\u00e1c nh\u01b0: b\u00e0n h\u1ecdp ch\u00e2n s\u1eaft 4 ch\u00e2n \u0111\u1ed9c l\u1eadp, b\u00e0n l\u00e0m vi\u1ec7c ch\u1eef L 1m6, mang t\u1edbi \u0111\u1ea7y \u0111\u1ee7 ti\u1ec7n nghi cho v\u0103n ph\u00f2ng c\u1ee7a b\u1ea1n.<\/span><\/p>\n<p><strong><span style=\"color: #000000;\">\u0110\u0103\u0323c \u0110i\u00ea\u0309m C\u1ee7a Gh\u1ebf G\u1ea5p Li\u1ec1n B\u00e0n Ch\u00e2n S\u01a1n T\u0129nh \u0110i\u1ec7n:<\/span><\/strong><br \/>\n<span style=\"color: #000000;\">Ch\u1ea5t li\u1ec7u gh\u1ebf g\u1ea5p li\u1ec1n b\u00e0n ch\u00e2n s\u01a1n t\u0129nh \u0111i\u1ec7n gi\u00e1 r\u1ebb l\u00e0 g\u1ed7 nh\u1eadp kh\u1ea9u, ch\u00e2n s\u1eaft phun s\u01a1n t\u0129nh \u0111i\u1ec7n<\/span><br \/>\n<span style=\"color: #000000;\">K\u00edch th\u01b0\u1edbc: R\u1ed9ng 445 \u2013 s\u00e2u 510 \u2013 cao 880<\/span><br \/>\n<span style=\"color: #000000;\">M\u00e0u s\u1eafc: v\u00e2n s\u1ed3i, xanh, \u0111en\u2026<\/span><\/p>\n","protected":false},"excerpt":{"rendered":"<p>Mi\u1ec5n Ph\u00ed: T\u01b0 v\u1ea5n thi\u1ebft k\u1ebf v\u0103n ph\u00f2ng v\u00e0 l\u1eafp \u0111\u1eb7t n\u1ed9i th\u1ea5t v\u0103n ph\u00f2ng<br \/>\nMi\u1ec5n Ph\u00ed: V\u1eadn chuy\u1ec3n v\u1edbi \u0111\u01a1n h\u00e0ng tr\u00ean 10 Tri\u1ec7u v\u1edbi c\u00e1c Qu\u1eadn n\u1ed9i th\u00e0nh.<br \/>\nGi\u00e1 n\u00e0y ch\u01b0a bao g\u1ed3m: VAT v\u00e0 Ph\u00ed giao h\u00e0ng<\/p>\n","protected":false},"featured_media":6980,"comment_status":"open","ping_status":"closed","template":"","meta":[],"product_cat":[336],"product_tag":[],"class_list":["post-6979","product","type-product","status-publish","has-post-thumbnail","hentry","product_cat-ghe-gap"],"yoast_head":"<!-- This site is optimized with the Yoast SEO plugin v19.9 - https:\/\/yoast.com\/wordpress\/plugins\/seo\/ -->\n<title>Gh\u1ebf g\u1ea5p li\u1ec1n b\u00e0n ch\u00e2n s\u01a1n t\u0129nh \u0111i\u1ec7n<\/title>\n<meta name=\"description\" content=\"Qghome chuy\u00ean cung c\u1ea5p n\u1ed9i th\u1ea5t v\u0103n ph\u00f2ng, gh\u1ebf v\u0103n ph\u00f2ng, gh\u1ebf g\u1ea5p. B\u1ea3o h\u00e0nh 12 th\u00e1ng, Mi\u1ec5n ph\u00ed v\u1eadn chuy\u1ec3n n\u1ed9i th\u00e0nh, h\u1ed7 tr\u1ee3 v\u1eadn chuy\u1ec3n ngo\u1ea1i th\u00e0nh\" \/>\n<meta name=\"robots\" content=\"index, follow, max-snippet:-1, max-image-preview:large, max-video-preview:-1\" \/>\n<link rel=\"canonical\" href=\"https:\/\/luan.webrt.net\/qhome\/san-pham\/ghe-gap-lien-ban-chan-son-tinh-dien\/\" \/>\n<meta property=\"og:locale\" content=\"vi_VN\" \/>\n<meta property=\"og:type\" content=\"article\" \/>\n<meta property=\"og:title\" content=\"Gh\u1ebf g\u1ea5p li\u1ec1n b\u00e0n ch\u00e2n s\u01a1n t\u0129nh \u0111i\u1ec7n\" \/>\n<meta property=\"og:description\" content=\"Qghome chuy\u00ean cung c\u1ea5p n\u1ed9i th\u1ea5t v\u0103n ph\u00f2ng, gh\u1ebf v\u0103n ph\u00f2ng, gh\u1ebf g\u1ea5p. B\u1ea3o h\u00e0nh 12 th\u00e1ng, Mi\u1ec5n ph\u00ed v\u1eadn chuy\u1ec3n n\u1ed9i th\u00e0nh, h\u1ed7 tr\u1ee3 v\u1eadn chuy\u1ec3n ngo\u1ea1i th\u00e0nh\" \/>\n<meta property=\"og:url\" content=\"https:\/\/luan.webrt.net\/qhome\/san-pham\/ghe-gap-lien-ban-chan-son-tinh-dien\/\" \/>\n<meta property=\"og:site_name\" content=\"M\u1eabu web n\u1ed9i th\u1ea5t\" \/>\n<meta property=\"article:publisher\" content=\"https:\/\/www.facebook.com\/noithatqghome\" \/>\n<meta property=\"article:modified_time\" content=\"2024-11-03T11:33:00+00:00\" \/>\n<meta property=\"og:image\" content=\"https:\/\/luan.webrt.net\/qhome\/wp-content\/uploads\/2023\/12\/ghe-gap-lien-ban-chan-son-tinh-dien-1.jpg\" \/>\n\t<meta property=\"og:image:width\" content=\"800\" \/>\n\t<meta property=\"og:image:height\" content=\"800\" \/>\n\t<meta property=\"og:image:type\" content=\"image\/jpeg\" \/>\n<meta name=\"twitter:card\" content=\"summary_large_image\" \/>\n<meta name=\"twitter:label1\" content=\"\u01af\u1edbc t\u00ednh th\u1eddi gian \u0111\u1ecdc\" \/>\n\t<meta name=\"twitter:data1\" content=\"2 ph\u00fat\" \/>\n<script type=\"application\/ld+json\" class=\"yoast-schema-graph\">{\"@context\":\"https:\/\/schema.org\",\"@graph\":[{\"@type\":\"WebPage\",\"@id\":\"https:\/\/luan.webrt.net\/qhome\/san-pham\/ghe-gap-lien-ban-chan-son-tinh-dien\/\",\"url\":\"https:\/\/luan.webrt.net\/qhome\/san-pham\/ghe-gap-lien-ban-chan-son-tinh-dien\/\",\"name\":\"Gh\u1ebf g\u1ea5p li\u1ec1n b\u00e0n ch\u00e2n s\u01a1n t\u0129nh \u0111i\u1ec7n\",\"isPartOf\":{\"@id\":\"https:\/\/luan.webrt.net\/qhome\/#website\"},\"datePublished\":\"2023-12-18T07:46:22+00:00\",\"dateModified\":\"2024-11-03T11:33:00+00:00\",\"description\":\"Qghome chuy\u00ean cung c\u1ea5p n\u1ed9i th\u1ea5t v\u0103n ph\u00f2ng, gh\u1ebf v\u0103n ph\u00f2ng, gh\u1ebf g\u1ea5p. B\u1ea3o h\u00e0nh 12 th\u00e1ng, Mi\u1ec5n ph\u00ed v\u1eadn chuy\u1ec3n n\u1ed9i th\u00e0nh, h\u1ed7 tr\u1ee3 v\u1eadn chuy\u1ec3n ngo\u1ea1i th\u00e0nh\",\"breadcrumb\":{\"@id\":\"https:\/\/luan.webrt.net\/qhome\/san-pham\/ghe-gap-lien-ban-chan-son-tinh-dien\/#breadcrumb\"},\"inLanguage\":\"vi\",\"potentialAction\":[{\"@type\":\"ReadAction\",\"target\":[\"https:\/\/luan.webrt.net\/qhome\/san-pham\/ghe-gap-lien-ban-chan-son-tinh-dien\/\"]}]},{\"@type\":\"BreadcrumbList\",\"@id\":\"https:\/\/luan.webrt.net\/qhome\/san-pham\/ghe-gap-lien-ban-chan-son-tinh-dien\/#breadcrumb\",\"itemListElement\":[{\"@type\":\"ListItem\",\"position\":1,\"name\":\"Trang ch\u1ee7\",\"item\":\"https:\/\/luan.webrt.net\/qhome\/\"},{\"@type\":\"ListItem\",\"position\":2,\"name\":\"Shop\",\"item\":\"https:\/\/luan.webrt.net\/qhome\/shop\/\"},{\"@type\":\"ListItem\",\"position\":3,\"name\":\"Gh\u1ebf g\u1ea5p li\u1ec1n b\u00e0n ch\u00e2n s\u01a1n t\u0129nh \u0111i\u1ec7n\"}]},{\"@type\":\"WebSite\",\"@id\":\"https:\/\/luan.webrt.net\/qhome\/#website\",\"url\":\"https:\/\/luan.webrt.net\/qhome\/\",\"name\":\"M\u1eabu web n\u1ed9i th\u1ea5t\",\"description\":\"QGHome Vi\u1ec7t Nam\",\"publisher\":{\"@id\":\"https:\/\/luan.webrt.net\/qhome\/#organization\"},\"potentialAction\":[{\"@type\":\"SearchAction\",\"target\":{\"@type\":\"EntryPoint\",\"urlTemplate\":\"https:\/\/luan.webrt.net\/qhome\/?s={search_term_string}\"},\"query-input\":\"required name=search_term_string\"}],\"inLanguage\":\"vi\"},{\"@type\":\"Organization\",\"@id\":\"https:\/\/luan.webrt.net\/qhome\/#organization\",\"name\":\"QGHome\",\"url\":\"https:\/\/luan.webrt.net\/qhome\/\",\"logo\":{\"@type\":\"ImageObject\",\"inLanguage\":\"vi\",\"@id\":\"https:\/\/luan.webrt.net\/qhome\/#\/schema\/logo\/image\/\",\"url\":\"https:\/\/qghome.vn\/wp-content\/uploads\/2025\/08\/logo-mau-MauTH-21.png\",\"contentUrl\":\"https:\/\/qghome.vn\/wp-content\/uploads\/2025\/08\/logo-mau-MauTH-21.png\",\"width\":253,\"height\":99,\"caption\":\"QGHome\"},\"image\":{\"@id\":\"https:\/\/luan.webrt.net\/qhome\/#\/schema\/logo\/image\/\"},\"sameAs\":[\"https:\/\/www.tiktok.com\/@qghome.official\",\"https:\/\/www.youtube.com\/channel\/UCeVBuKTXkv-u94DS421cklw\",\"https:\/\/www.facebook.com\/noithatqghome\"]}]}<\/script>\n<!-- \/ Yoast SEO plugin. -->","yoast_head_json":{"title":"Gh\u1ebf g\u1ea5p li\u1ec1n b\u00e0n ch\u00e2n s\u01a1n t\u0129nh \u0111i\u1ec7n","description":"Qghome chuy\u00ean cung c\u1ea5p n\u1ed9i th\u1ea5t v\u0103n ph\u00f2ng, gh\u1ebf v\u0103n ph\u00f2ng, gh\u1ebf g\u1ea5p. B\u1ea3o h\u00e0nh 12 th\u00e1ng, Mi\u1ec5n ph\u00ed v\u1eadn chuy\u1ec3n n\u1ed9i th\u00e0nh, h\u1ed7 tr\u1ee3 v\u1eadn chuy\u1ec3n ngo\u1ea1i th\u00e0nh","robots":{"index":"index","follow":"follow","max-snippet":"max-snippet:-1","max-image-preview":"max-image-preview:large","max-video-preview":"max-video-preview:-1"},"canonical":"https:\/\/luan.webrt.net\/qhome\/san-pham\/ghe-gap-lien-ban-chan-son-tinh-dien\/","og_locale":"vi_VN","og_type":"article","og_title":"Gh\u1ebf g\u1ea5p li\u1ec1n b\u00e0n ch\u00e2n s\u01a1n t\u0129nh \u0111i\u1ec7n","og_description":"Qghome chuy\u00ean cung c\u1ea5p n\u1ed9i th\u1ea5t v\u0103n ph\u00f2ng, gh\u1ebf v\u0103n ph\u00f2ng, gh\u1ebf g\u1ea5p. B\u1ea3o h\u00e0nh 12 th\u00e1ng, Mi\u1ec5n ph\u00ed v\u1eadn chuy\u1ec3n n\u1ed9i th\u00e0nh, h\u1ed7 tr\u1ee3 v\u1eadn chuy\u1ec3n ngo\u1ea1i th\u00e0nh","og_url":"https:\/\/luan.webrt.net\/qhome\/san-pham\/ghe-gap-lien-ban-chan-son-tinh-dien\/","og_site_name":"M\u1eabu web n\u1ed9i th\u1ea5t","article_publisher":"https:\/\/www.facebook.com\/noithatqghome","article_modified_time":"2024-11-03T11:33:00+00:00","og_image":[{"width":800,"height":800,"url":"https:\/\/luan.webrt.net\/qhome\/wp-content\/uploads\/2023\/12\/ghe-gap-lien-ban-chan-son-tinh-dien-1.jpg","type":"image\/jpeg"}],"twitter_card":"summary_large_image","twitter_misc":{"\u01af\u1edbc t\u00ednh th\u1eddi gian \u0111\u1ecdc":"2 ph\u00fat"},"schema":{"@context":"https:\/\/schema.org","@graph":[{"@type":"WebPage","@id":"https:\/\/luan.webrt.net\/qhome\/san-pham\/ghe-gap-lien-ban-chan-son-tinh-dien\/","url":"https:\/\/luan.webrt.net\/qhome\/san-pham\/ghe-gap-lien-ban-chan-son-tinh-dien\/","name":"Gh\u1ebf g\u1ea5p li\u1ec1n b\u00e0n ch\u00e2n s\u01a1n t\u0129nh \u0111i\u1ec7n","isPartOf":{"@id":"https:\/\/luan.webrt.net\/qhome\/#website"},"datePublished":"2023-12-18T07:46:22+00:00","dateModified":"2024-11-03T11:33:00+00:00","description":"Qghome chuy\u00ean cung c\u1ea5p n\u1ed9i th\u1ea5t v\u0103n ph\u00f2ng, gh\u1ebf v\u0103n ph\u00f2ng, gh\u1ebf g\u1ea5p. B\u1ea3o h\u00e0nh 12 th\u00e1ng, Mi\u1ec5n ph\u00ed v\u1eadn chuy\u1ec3n n\u1ed9i th\u00e0nh, h\u1ed7 tr\u1ee3 v\u1eadn chuy\u1ec3n ngo\u1ea1i th\u00e0nh","breadcrumb":{"@id":"https:\/\/luan.webrt.net\/qhome\/san-pham\/ghe-gap-lien-ban-chan-son-tinh-dien\/#breadcrumb"},"inLanguage":"vi","potentialAction":[{"@type":"ReadAction","target":["https:\/\/luan.webrt.net\/qhome\/san-pham\/ghe-gap-lien-ban-chan-son-tinh-dien\/"]}]},{"@type":"BreadcrumbList","@id":"https:\/\/luan.webrt.net\/qhome\/san-pham\/ghe-gap-lien-ban-chan-son-tinh-dien\/#breadcrumb","itemListElement":[{"@type":"ListItem","position":1,"name":"Trang ch\u1ee7","item":"https:\/\/luan.webrt.net\/qhome\/"},{"@type":"ListItem","position":2,"name":"Shop","item":"https:\/\/luan.webrt.net\/qhome\/shop\/"},{"@type":"ListItem","position":3,"name":"Gh\u1ebf g\u1ea5p li\u1ec1n b\u00e0n ch\u00e2n s\u01a1n t\u0129nh \u0111i\u1ec7n"}]},{"@type":"WebSite","@id":"https:\/\/luan.webrt.net\/qhome\/#website","url":"https:\/\/luan.webrt.net\/qhome\/","name":"M\u1eabu web n\u1ed9i th\u1ea5t","description":"QGHome Vi\u1ec7t Nam","publisher":{"@id":"https:\/\/luan.webrt.net\/qhome\/#organization"},"potentialAction":[{"@type":"SearchAction","target":{"@type":"EntryPoint","urlTemplate":"https:\/\/luan.webrt.net\/qhome\/?s={search_term_string}"},"query-input":"required name=search_term_string"}],"inLanguage":"vi"},{"@type":"Organization","@id":"https:\/\/luan.webrt.net\/qhome\/#organization","name":"QGHome","url":"https:\/\/luan.webrt.net\/qhome\/","logo":{"@type":"ImageObject","inLanguage":"vi","@id":"https:\/\/luan.webrt.net\/qhome\/#\/schema\/logo\/image\/","url":"https:\/\/qghome.vn\/wp-content\/uploads\/2025\/08\/logo-mau-MauTH-21.png","contentUrl":"https:\/\/qghome.vn\/wp-content\/uploads\/2025\/08\/logo-mau-MauTH-21.png","width":253,"height":99,"caption":"QGHome"},"image":{"@id":"https:\/\/luan.webrt.net\/qhome\/#\/schema\/logo\/image\/"},"sameAs":["https:\/\/www.tiktok.com\/@qghome.official","https:\/\/www.youtube.com\/channel\/UCeVBuKTXkv-u94DS421cklw","https:\/\/www.facebook.com\/noithatqghome"]}]}},"_links":{"self":[{"href":"https:\/\/luan.webrt.net\/qhome\/wp-json\/wp\/v2\/product\/6979","targetHints":{"allow":["GET"]}}],"collection":[{"href":"https:\/\/luan.webrt.net\/qhome\/wp-json\/wp\/v2\/product"}],"about":[{"href":"https:\/\/luan.webrt.net\/qhome\/wp-json\/wp\/v2\/types\/product"}],"replies":[{"embeddable":true,"href":"https:\/\/luan.webrt.net\/qhome\/wp-json\/wp\/v2\/comments?post=6979"}],"wp:featuredmedia":[{"embeddable":true,"href":"https:\/\/luan.webrt.net\/qhome\/wp-json\/wp\/v2\/media\/6980"}],"wp:attachment":[{"href":"https:\/\/luan.webrt.net\/qhome\/wp-json\/wp\/v2\/media?parent=6979"}],"wp:term":[{"taxonomy":"product_cat","embeddable":true,"href":"https:\/\/luan.webrt.net\/qhome\/wp-json\/wp\/v2\/product_cat?post=6979"},{"taxonomy":"product_tag","embeddable":true,"href":"https:\/\/luan.webrt.net\/qhome\/wp-json\/wp\/v2\/product_tag?post=6979"}],"curies":[{"name":"wp","href":"https:\/\/api.w.org\/{rel}","templated":true}]}}