{"id":6976,"date":"2023-12-18T07:38:23","date_gmt":"2023-12-18T07:38:23","guid":{"rendered":"https:\/\/qghome.vn\/?post_type=product&#038;p=6976"},"modified":"2023-12-18T07:38:24","modified_gmt":"2023-12-18T07:38:24","slug":"ghe-gap-3-la","status":"publish","type":"product","link":"https:\/\/luan.webrt.net\/qhome\/san-pham\/ghe-gap-3-la\/","title":{"rendered":"Gh\u1ebf g\u1ea5p 3 l\u00e1"},"content":{"rendered":"<h3><strong>Gh\u1ebf g\u1ea5p 3 l\u00e1<\/strong><\/h3>\n<p>Gh\u1ebf g\u1ea5p 3 l\u00e1 gi\u00fap b\u1ea1n ti\u1ebft ki\u1ec7m kh\u00f4ng gian cho ph\u00f2ng th\u00eam r\u1ed9ng r\u00e3i. V\u1edbi 2 t\u1ea5m nh\u1ef1a ch\u1eafc ch\u1eafn \u1edf d\u01b0\u1edbi c\u00f9ng m\u1ed9t t\u1ea5m ch\u1eafn d\u1ef1a l\u01b0ng gi\u00fap b\u1ea1n ng\u1ed3i tho\u1ea3i m\u00e1i h\u01a1n. Lo\u1ea1i gh\u1ebf n\u00e0y th\u01b0\u1eddng \u0111\u01b0\u1ee3c s\u1eed d\u1ee5ng \u1edf h\u1ed9i tr\u01b0\u1eddng v\u00e0 gh\u1ebf ph\u00f2ng \u0103n. V\u00ec lo\u1ea1i gh\u1ebf n\u00e0y c\u00f3 th\u1ec3 g\u1ea5p g\u1ecdn khi s\u1eed d\u1ee5ng n\u00ean nhi\u1ec1u kh\u00e1ch h\u00e0ng \u01b0a th\u00edch.<\/p>\n<p>Gh\u1ebf \u0111\u01b0\u1ee3c thi\u1ebft k\u1ebf v\u1edbi khung s\u1eaft Oval k\u00edch th\u01b0\u1edbc 12 * 24, gi\u1eb1ng ch\u00e2n \u1ed1ng th\u00e9p k\u00edch th\u01b0\u1edbc 14mm \u0111\u01b0\u1ee3c s\u01a1n m\u00e0u b\u1ea1c ch\u1ed1ng han r\u1ec9 v\u00e0 t\u1ea1o v\u1ebb \u0111\u1eb9p cho c\u1ea3 c\u0103n ph\u00f2ng. Lo\u1ea1i gh\u1ebf n\u00e0y c\u00f3 hai m\u00e0u ph\u1ed5 bi\u1ebfn l\u00e0 m\u00e0u xanh v\u00e0 \u0111\u1ecf n\u00ean kh\u00e1 n\u1ed5i b\u1eadt<\/p>\n<p>\u0110\u1ebfn v\u1edbi N\u00f4\u0323i Th\u00e2\u0301t QGHOME b\u1ea1n s\u1ebd \u0111\u01b0\u1ee3c ch\u1ecdn cho m\u00ecnh nh\u1eefng m\u1eabu gh\u1ebf g\u1ea5p ba l\u00e1 \u0111\u1eb9p. Ngo\u00e0i ra, b\u1ea1n c\u00f3 th\u1ec3 ch\u1ecdn cho m\u00ecnh nh\u1eefng m\u1eabu n\u1ed9i th\u1ea5t kh\u00e1c nh\u01b0: gh\u1ebf ch\u00e2n q\u00f9y l\u01b0ng th\u1ea5p gi\u00e1 r\u1ebb kh\u00f4ng \u0111\u1ec7m, gh\u1ebf ch\u00e2n qu\u1ef3 l\u01b0ng cong, \u2026mang t\u1edbi \u0111\u1ea7y \u0111\u1ee7 ti\u1ec7n nghi cho v\u0103n ph\u00f2ng c\u1ee7a b\u1ea1n.<\/p>\n<p><strong>\u0110\u0103\u0323c \u0110i\u00ea\u0309m C\u1ee7a Gh\u1ebf G\u1ea5p 3 L\u00e1:<\/strong><br \/>\nCh\u1ea5t li\u1ec7u gh\u1ebf g\u1ea5p 3 l\u00e1 g\u1ed3m \u0110\u1ec7m t\u1ef1a nh\u1ef1a, ch\u00e2n khung s\u01a1n<br \/>\nK\u00edch th\u01b0\u1edbc: R\u1ed9ng 445 &#8211; s\u00e2u 500 &#8211; cao 820<br \/>\nM\u00e0u s\u1eafc: xanh, \u0111\u1ecf<\/p>\n","protected":false},"excerpt":{"rendered":"<p>Mi\u1ec5n Ph\u00ed: T\u01b0 v\u1ea5n thi\u1ebft k\u1ebf v\u0103n ph\u00f2ng v\u00e0 l\u1eafp \u0111\u1eb7t n\u1ed9i th\u1ea5t v\u0103n ph\u00f2ng<br \/>\nMi\u1ec5n Ph\u00ed: V\u1eadn chuy\u1ec3n v\u1edbi \u0111\u01a1n h\u00e0ng tr\u00ean 10 Tri\u1ec7u v\u1edbi c\u00e1c Qu\u1eadn n\u1ed9i th\u00e0nh.<br \/>\nGi\u00e1 n\u00e0y ch\u01b0a bao g\u1ed3m: VAT v\u00e0 Ph\u00ed giao h\u00e0ng<\/p>\n","protected":false},"featured_media":6977,"comment_status":"open","ping_status":"closed","template":"","meta":[],"product_cat":[336],"product_tag":[],"class_list":["post-6976","product","type-product","status-publish","has-post-thumbnail","hentry","product_cat-ghe-gap"],"yoast_head":"<!-- This site is optimized with the Yoast SEO plugin v19.9 - https:\/\/yoast.com\/wordpress\/plugins\/seo\/ -->\n<title>Gh\u1ebf g\u1ea5p 3 l\u00e1<\/title>\n<meta name=\"description\" content=\"Qghome chuy\u00ean cung c\u1ea5p n\u1ed9i th\u1ea5t v\u0103n ph\u00f2ng, gh\u1ebf v\u0103n ph\u00f2ng, gh\u1ebf g\u1ea5p. B\u1ea3o h\u00e0nh 12 th\u00e1ng, Mi\u1ec5n ph\u00ed v\u1eadn chuy\u1ec3n n\u1ed9i th\u00e0nh, h\u1ed7 tr\u1ee3 v\u1eadn chuy\u1ec3n ngo\u1ea1i th\u00e0nh\" \/>\n<meta name=\"robots\" content=\"index, follow, max-snippet:-1, max-image-preview:large, max-video-preview:-1\" \/>\n<link rel=\"canonical\" href=\"https:\/\/luan.webrt.net\/qhome\/san-pham\/ghe-gap-3-la\/\" \/>\n<meta property=\"og:locale\" content=\"vi_VN\" \/>\n<meta property=\"og:type\" content=\"article\" \/>\n<meta property=\"og:title\" content=\"Gh\u1ebf g\u1ea5p 3 l\u00e1\" \/>\n<meta property=\"og:description\" content=\"Qghome chuy\u00ean cung c\u1ea5p n\u1ed9i th\u1ea5t v\u0103n ph\u00f2ng, gh\u1ebf v\u0103n ph\u00f2ng, gh\u1ebf g\u1ea5p. B\u1ea3o h\u00e0nh 12 th\u00e1ng, Mi\u1ec5n ph\u00ed v\u1eadn chuy\u1ec3n n\u1ed9i th\u00e0nh, h\u1ed7 tr\u1ee3 v\u1eadn chuy\u1ec3n ngo\u1ea1i th\u00e0nh\" \/>\n<meta property=\"og:url\" content=\"https:\/\/luan.webrt.net\/qhome\/san-pham\/ghe-gap-3-la\/\" \/>\n<meta property=\"og:site_name\" content=\"M\u1eabu web n\u1ed9i th\u1ea5t\" \/>\n<meta property=\"article:publisher\" content=\"https:\/\/www.facebook.com\/noithatqghome\" \/>\n<meta property=\"article:modified_time\" content=\"2023-12-18T07:38:24+00:00\" \/>\n<meta property=\"og:image\" content=\"https:\/\/luan.webrt.net\/qhome\/wp-content\/uploads\/2023\/12\/ghe-gap-3-la-1.jpg\" \/>\n\t<meta property=\"og:image:width\" content=\"800\" \/>\n\t<meta property=\"og:image:height\" content=\"800\" \/>\n\t<meta property=\"og:image:type\" content=\"image\/jpeg\" \/>\n<meta name=\"twitter:card\" content=\"summary_large_image\" \/>\n<meta name=\"twitter:label1\" content=\"\u01af\u1edbc t\u00ednh th\u1eddi gian \u0111\u1ecdc\" \/>\n\t<meta name=\"twitter:data1\" content=\"2 ph\u00fat\" \/>\n<script type=\"application\/ld+json\" class=\"yoast-schema-graph\">{\"@context\":\"https:\/\/schema.org\",\"@graph\":[{\"@type\":\"WebPage\",\"@id\":\"https:\/\/luan.webrt.net\/qhome\/san-pham\/ghe-gap-3-la\/\",\"url\":\"https:\/\/luan.webrt.net\/qhome\/san-pham\/ghe-gap-3-la\/\",\"name\":\"Gh\u1ebf g\u1ea5p 3 l\u00e1\",\"isPartOf\":{\"@id\":\"https:\/\/luan.webrt.net\/qhome\/#website\"},\"datePublished\":\"2023-12-18T07:38:23+00:00\",\"dateModified\":\"2023-12-18T07:38:24+00:00\",\"description\":\"Qghome chuy\u00ean cung c\u1ea5p n\u1ed9i th\u1ea5t v\u0103n ph\u00f2ng, gh\u1ebf v\u0103n ph\u00f2ng, gh\u1ebf g\u1ea5p. B\u1ea3o h\u00e0nh 12 th\u00e1ng, Mi\u1ec5n ph\u00ed v\u1eadn chuy\u1ec3n n\u1ed9i th\u00e0nh, h\u1ed7 tr\u1ee3 v\u1eadn chuy\u1ec3n ngo\u1ea1i th\u00e0nh\",\"breadcrumb\":{\"@id\":\"https:\/\/luan.webrt.net\/qhome\/san-pham\/ghe-gap-3-la\/#breadcrumb\"},\"inLanguage\":\"vi\",\"potentialAction\":[{\"@type\":\"ReadAction\",\"target\":[\"https:\/\/luan.webrt.net\/qhome\/san-pham\/ghe-gap-3-la\/\"]}]},{\"@type\":\"BreadcrumbList\",\"@id\":\"https:\/\/luan.webrt.net\/qhome\/san-pham\/ghe-gap-3-la\/#breadcrumb\",\"itemListElement\":[{\"@type\":\"ListItem\",\"position\":1,\"name\":\"Trang ch\u1ee7\",\"item\":\"https:\/\/luan.webrt.net\/qhome\/\"},{\"@type\":\"ListItem\",\"position\":2,\"name\":\"Shop\",\"item\":\"https:\/\/luan.webrt.net\/qhome\/shop\/\"},{\"@type\":\"ListItem\",\"position\":3,\"name\":\"Gh\u1ebf g\u1ea5p 3 l\u00e1\"}]},{\"@type\":\"WebSite\",\"@id\":\"https:\/\/luan.webrt.net\/qhome\/#website\",\"url\":\"https:\/\/luan.webrt.net\/qhome\/\",\"name\":\"M\u1eabu web n\u1ed9i th\u1ea5t\",\"description\":\"QGHome Vi\u1ec7t Nam\",\"publisher\":{\"@id\":\"https:\/\/luan.webrt.net\/qhome\/#organization\"},\"potentialAction\":[{\"@type\":\"SearchAction\",\"target\":{\"@type\":\"EntryPoint\",\"urlTemplate\":\"https:\/\/luan.webrt.net\/qhome\/?s={search_term_string}\"},\"query-input\":\"required name=search_term_string\"}],\"inLanguage\":\"vi\"},{\"@type\":\"Organization\",\"@id\":\"https:\/\/luan.webrt.net\/qhome\/#organization\",\"name\":\"QGHome\",\"url\":\"https:\/\/luan.webrt.net\/qhome\/\",\"logo\":{\"@type\":\"ImageObject\",\"inLanguage\":\"vi\",\"@id\":\"https:\/\/luan.webrt.net\/qhome\/#\/schema\/logo\/image\/\",\"url\":\"https:\/\/qghome.vn\/wp-content\/uploads\/2025\/08\/logo-mau-MauTH-21.png\",\"contentUrl\":\"https:\/\/qghome.vn\/wp-content\/uploads\/2025\/08\/logo-mau-MauTH-21.png\",\"width\":253,\"height\":99,\"caption\":\"QGHome\"},\"image\":{\"@id\":\"https:\/\/luan.webrt.net\/qhome\/#\/schema\/logo\/image\/\"},\"sameAs\":[\"https:\/\/www.tiktok.com\/@qghome.official\",\"https:\/\/www.youtube.com\/channel\/UCeVBuKTXkv-u94DS421cklw\",\"https:\/\/www.facebook.com\/noithatqghome\"]}]}<\/script>\n<!-- \/ Yoast SEO plugin. -->","yoast_head_json":{"title":"Gh\u1ebf g\u1ea5p 3 l\u00e1","description":"Qghome chuy\u00ean cung c\u1ea5p n\u1ed9i th\u1ea5t v\u0103n ph\u00f2ng, gh\u1ebf v\u0103n ph\u00f2ng, gh\u1ebf g\u1ea5p. B\u1ea3o h\u00e0nh 12 th\u00e1ng, Mi\u1ec5n ph\u00ed v\u1eadn chuy\u1ec3n n\u1ed9i th\u00e0nh, h\u1ed7 tr\u1ee3 v\u1eadn chuy\u1ec3n ngo\u1ea1i th\u00e0nh","robots":{"index":"index","follow":"follow","max-snippet":"max-snippet:-1","max-image-preview":"max-image-preview:large","max-video-preview":"max-video-preview:-1"},"canonical":"https:\/\/luan.webrt.net\/qhome\/san-pham\/ghe-gap-3-la\/","og_locale":"vi_VN","og_type":"article","og_title":"Gh\u1ebf g\u1ea5p 3 l\u00e1","og_description":"Qghome chuy\u00ean cung c\u1ea5p n\u1ed9i th\u1ea5t v\u0103n ph\u00f2ng, gh\u1ebf v\u0103n ph\u00f2ng, gh\u1ebf g\u1ea5p. B\u1ea3o h\u00e0nh 12 th\u00e1ng, Mi\u1ec5n ph\u00ed v\u1eadn chuy\u1ec3n n\u1ed9i th\u00e0nh, h\u1ed7 tr\u1ee3 v\u1eadn chuy\u1ec3n ngo\u1ea1i th\u00e0nh","og_url":"https:\/\/luan.webrt.net\/qhome\/san-pham\/ghe-gap-3-la\/","og_site_name":"M\u1eabu web n\u1ed9i th\u1ea5t","article_publisher":"https:\/\/www.facebook.com\/noithatqghome","article_modified_time":"2023-12-18T07:38:24+00:00","og_image":[{"width":800,"height":800,"url":"https:\/\/luan.webrt.net\/qhome\/wp-content\/uploads\/2023\/12\/ghe-gap-3-la-1.jpg","type":"image\/jpeg"}],"twitter_card":"summary_large_image","twitter_misc":{"\u01af\u1edbc t\u00ednh th\u1eddi gian \u0111\u1ecdc":"2 ph\u00fat"},"schema":{"@context":"https:\/\/schema.org","@graph":[{"@type":"WebPage","@id":"https:\/\/luan.webrt.net\/qhome\/san-pham\/ghe-gap-3-la\/","url":"https:\/\/luan.webrt.net\/qhome\/san-pham\/ghe-gap-3-la\/","name":"Gh\u1ebf g\u1ea5p 3 l\u00e1","isPartOf":{"@id":"https:\/\/luan.webrt.net\/qhome\/#website"},"datePublished":"2023-12-18T07:38:23+00:00","dateModified":"2023-12-18T07:38:24+00:00","description":"Qghome chuy\u00ean cung c\u1ea5p n\u1ed9i th\u1ea5t v\u0103n ph\u00f2ng, gh\u1ebf v\u0103n ph\u00f2ng, gh\u1ebf g\u1ea5p. B\u1ea3o h\u00e0nh 12 th\u00e1ng, Mi\u1ec5n ph\u00ed v\u1eadn chuy\u1ec3n n\u1ed9i th\u00e0nh, h\u1ed7 tr\u1ee3 v\u1eadn chuy\u1ec3n ngo\u1ea1i th\u00e0nh","breadcrumb":{"@id":"https:\/\/luan.webrt.net\/qhome\/san-pham\/ghe-gap-3-la\/#breadcrumb"},"inLanguage":"vi","potentialAction":[{"@type":"ReadAction","target":["https:\/\/luan.webrt.net\/qhome\/san-pham\/ghe-gap-3-la\/"]}]},{"@type":"BreadcrumbList","@id":"https:\/\/luan.webrt.net\/qhome\/san-pham\/ghe-gap-3-la\/#breadcrumb","itemListElement":[{"@type":"ListItem","position":1,"name":"Trang ch\u1ee7","item":"https:\/\/luan.webrt.net\/qhome\/"},{"@type":"ListItem","position":2,"name":"Shop","item":"https:\/\/luan.webrt.net\/qhome\/shop\/"},{"@type":"ListItem","position":3,"name":"Gh\u1ebf g\u1ea5p 3 l\u00e1"}]},{"@type":"WebSite","@id":"https:\/\/luan.webrt.net\/qhome\/#website","url":"https:\/\/luan.webrt.net\/qhome\/","name":"M\u1eabu web n\u1ed9i th\u1ea5t","description":"QGHome Vi\u1ec7t Nam","publisher":{"@id":"https:\/\/luan.webrt.net\/qhome\/#organization"},"potentialAction":[{"@type":"SearchAction","target":{"@type":"EntryPoint","urlTemplate":"https:\/\/luan.webrt.net\/qhome\/?s={search_term_string}"},"query-input":"required name=search_term_string"}],"inLanguage":"vi"},{"@type":"Organization","@id":"https:\/\/luan.webrt.net\/qhome\/#organization","name":"QGHome","url":"https:\/\/luan.webrt.net\/qhome\/","logo":{"@type":"ImageObject","inLanguage":"vi","@id":"https:\/\/luan.webrt.net\/qhome\/#\/schema\/logo\/image\/","url":"https:\/\/qghome.vn\/wp-content\/uploads\/2025\/08\/logo-mau-MauTH-21.png","contentUrl":"https:\/\/qghome.vn\/wp-content\/uploads\/2025\/08\/logo-mau-MauTH-21.png","width":253,"height":99,"caption":"QGHome"},"image":{"@id":"https:\/\/luan.webrt.net\/qhome\/#\/schema\/logo\/image\/"},"sameAs":["https:\/\/www.tiktok.com\/@qghome.official","https:\/\/www.youtube.com\/channel\/UCeVBuKTXkv-u94DS421cklw","https:\/\/www.facebook.com\/noithatqghome"]}]}},"_links":{"self":[{"href":"https:\/\/luan.webrt.net\/qhome\/wp-json\/wp\/v2\/product\/6976","targetHints":{"allow":["GET"]}}],"collection":[{"href":"https:\/\/luan.webrt.net\/qhome\/wp-json\/wp\/v2\/product"}],"about":[{"href":"https:\/\/luan.webrt.net\/qhome\/wp-json\/wp\/v2\/types\/product"}],"replies":[{"embeddable":true,"href":"https:\/\/luan.webrt.net\/qhome\/wp-json\/wp\/v2\/comments?post=6976"}],"wp:featuredmedia":[{"embeddable":true,"href":"https:\/\/luan.webrt.net\/qhome\/wp-json\/wp\/v2\/media\/6977"}],"wp:attachment":[{"href":"https:\/\/luan.webrt.net\/qhome\/wp-json\/wp\/v2\/media?parent=6976"}],"wp:term":[{"taxonomy":"product_cat","embeddable":true,"href":"https:\/\/luan.webrt.net\/qhome\/wp-json\/wp\/v2\/product_cat?post=6976"},{"taxonomy":"product_tag","embeddable":true,"href":"https:\/\/luan.webrt.net\/qhome\/wp-json\/wp\/v2\/product_tag?post=6976"}],"curies":[{"name":"wp","href":"https:\/\/api.w.org\/{rel}","templated":true}]}}