{"id":6960,"date":"2023-12-18T04:36:58","date_gmt":"2023-12-18T04:36:58","guid":{"rendered":"https:\/\/qghome.vn\/?post_type=product&#038;p=6960"},"modified":"2025-05-28T21:52:55","modified_gmt":"2025-05-28T21:52:55","slug":"ghe-chan-quy-qgcq09","status":"publish","type":"product","link":"https:\/\/luan.webrt.net\/qhome\/san-pham\/ghe-chan-quy-qgcq09\/","title":{"rendered":"Gh\u1ebf ch\u00e2n qu\u1ef3 QGCQ09"},"content":{"rendered":"<h3><strong>Gh\u1ebf ch\u00e2n qu\u1ef3 QGCQ09<\/strong><\/h3>\n<p><span style=\"color: #282828;\">Gh\u1ebf ch\u00e2n qu\u1ef3 QGCQ09 gi\u00fap b\u1ea1n ng\u1ed3i l\u00e0m vi\u1ec7c tho\u1ea3i m\u00e1i. Gh\u1ebf \u0111\u01b0\u1ee3c l\u00e0m r\u1ea5t ch\u1eafc ch\u1eafn gi\u00fap b\u1ea1n th\u1ea3 l\u1ecfng c\u01a1 th\u1ec3 khi l\u00e0m vi\u1ec7c. \u0110\u1eb7c bi\u1ec7t, khung inox ch\u1eafc ch\u1eafn ch\u1ed1ng han r\u1ec9 t\u1ed1t.<\/span><\/p>\n<p><span style=\"color: #282828;\">Lo\u1ea1i gh\u1ebf n\u00e0y c\u00f3 thi\u1ebft k\u1ebf \u0111\u01a1n gi\u1ea3n nh\u01b0ng ng\u1ed3i r\u1ea5t tho\u1ea3i m\u00e1i. Ng\u01b0\u1eddi ta th\u01b0\u1eddng \u0111\u1eb7t d\u00e1ng gh\u1ebf n\u00e0y trong ph\u00f2ng l\u00e0m vi\u1ec7c \u0111\u1ec3 gi\u00fap th\u00fac \u0111\u1ea9y hi\u1ec7u qu\u1ea3 l\u00e0m vi\u1ec7c t\u1ed1t h\u01a1n. S\u1edf h\u1eefu nh\u1eefng m\u1eabu gh\u1ebf cho kh\u00f4ng gian v\u0103n ph\u00f2ng \u0111\u1ea7y \u0111\u1ee7 ti\u1ec7n nghi v\u00e0 \u0111\u1eb9p h\u01a1n.<\/span><\/p>\n<p><span style=\"color: #282828;\">S\u1edf h\u1eefu nh\u1eefng m\u1eabu n\u1ed9i th\u1ea5t v\u0103n ph\u00f2ng \u0111\u1eb9p t\u1ea1i N\u00f4\u0323i Th\u00e2\u0301t QGHOME ngay h\u00f4m nay. T\u1eeb b\u00e0n gh\u1ebf v\u0103n ph\u00f2ng cho t\u1edbi n\u1ed9i th\u1ea5t gia \u0111\u00ecnh nh\u01b0: b\u00e0n l\u00e0m vi\u1ec7c gi\u00e1 r\u1ebb 1m2 h\u1ed9c s\u00e2u, b\u00e0n l\u00e0m vi\u1ec7c gi\u00e1 r\u1ebb fami kh\u00f4ng h\u1ed9c,\u2026 \u0110\u1ea3m b\u1ea3o b\u1ea1n s\u1ebd h\u00e0i l\u00f2ng khi t\u1edbi \u0111\u00e2y l\u1ef1a ch\u1ecdn s\u1ea3n ph\u1ea9m.<\/span><\/p>\n<p><strong><span style=\"color: #282828;\">\u0110\u0103\u0323c \u0110i\u00ea\u0309m C\u1ee7a Gh\u1ebf Ch\u00e2n Qu\u1ef3 QGCQ09:<\/span><\/strong><br \/>\n<span style=\"color: #282828;\">Ch\u1ea5t li\u1ec7u gh\u1ebf ch\u00e2n qu\u1ef3 l\u01b0ng th\u1ea5p gi\u00e1 r\u1ebb kh\u00f4ng \u0111\u1ec7m l\u00e0 khung inox, l\u01b0\u1edbi<\/span><br \/>\n<span style=\"color: #282828;\">K\u00edch th\u01b0\u1edbc: 44x47x105cm<\/span><br \/>\n<span style=\"color: #282828;\">M\u00e0u s\u1eafc: \u0111en<\/span><\/p>\n","protected":false},"excerpt":{"rendered":"<p>Mi\u1ec5n Ph\u00ed: T\u01b0 v\u1ea5n thi\u1ebft k\u1ebf v\u0103n ph\u00f2ng v\u00e0 l\u1eafp \u0111\u1eb7t n\u1ed9i th\u1ea5t v\u0103n ph\u00f2ng<br \/>\nMi\u1ec5n Ph\u00ed: V\u1eadn chuy\u1ec3n v\u1edbi \u0111\u01a1n h\u00e0ng tr\u00ean 10 Tri\u1ec7u v\u1edbi c\u00e1c Qu\u1eadn n\u1ed9i th\u00e0nh.<br \/>\nGi\u00e1 n\u00e0y ch\u01b0a bao g\u1ed3m: VAT v\u00e0 Ph\u00ed giao h\u00e0ng<\/p>\n","protected":false},"featured_media":6961,"comment_status":"open","ping_status":"closed","template":"","meta":[],"product_cat":[294,119],"product_tag":[],"class_list":["post-6960","product","type-product","status-publish","has-post-thumbnail","hentry","product_cat-ghe-chan-quy","product_cat-san-pham"],"yoast_head":"<!-- This site is optimized with the Yoast SEO plugin v19.9 - https:\/\/yoast.com\/wordpress\/plugins\/seo\/ -->\n<title>Gh\u1ebf ch\u00e2n qu\u1ef3 QGCQ09<\/title>\n<meta name=\"description\" content=\"Qghome chuy\u00ean cung c\u1ea5p n\u1ed9i th\u1ea5t v\u0103n ph\u00f2ng, gh\u1ebf v\u0103n ph\u00f2ng, Gh\u1ebf ch\u00e2n qu\u1ef3. B\u1ea3o h\u00e0nh 12 th\u00e1ng, Mi\u1ec5n ph\u00ed v\u1eadn chuy\u1ec3n n\u1ed9i th\u00e0nh, h\u1ed7 tr\u1ee3 v\u1eadn chuy\u1ec3n ngo\u1ea1i th\u00e0nh\" \/>\n<meta name=\"robots\" content=\"index, follow, max-snippet:-1, max-image-preview:large, max-video-preview:-1\" \/>\n<link rel=\"canonical\" href=\"https:\/\/luan.webrt.net\/qhome\/san-pham\/ghe-chan-quy-qgcq09\/\" \/>\n<meta property=\"og:locale\" content=\"vi_VN\" \/>\n<meta property=\"og:type\" content=\"article\" \/>\n<meta property=\"og:title\" content=\"Gh\u1ebf ch\u00e2n qu\u1ef3 QGCQ09\" \/>\n<meta property=\"og:description\" content=\"Qghome chuy\u00ean cung c\u1ea5p n\u1ed9i th\u1ea5t v\u0103n ph\u00f2ng, gh\u1ebf v\u0103n ph\u00f2ng, Gh\u1ebf ch\u00e2n qu\u1ef3. B\u1ea3o h\u00e0nh 12 th\u00e1ng, Mi\u1ec5n ph\u00ed v\u1eadn chuy\u1ec3n n\u1ed9i th\u00e0nh, h\u1ed7 tr\u1ee3 v\u1eadn chuy\u1ec3n ngo\u1ea1i th\u00e0nh\" \/>\n<meta property=\"og:url\" content=\"https:\/\/luan.webrt.net\/qhome\/san-pham\/ghe-chan-quy-qgcq09\/\" \/>\n<meta property=\"og:site_name\" content=\"M\u1eabu web n\u1ed9i th\u1ea5t\" \/>\n<meta property=\"article:publisher\" content=\"https:\/\/www.facebook.com\/noithatqghome\" \/>\n<meta property=\"article:modified_time\" content=\"2025-05-28T21:52:55+00:00\" \/>\n<meta property=\"og:image\" content=\"https:\/\/luan.webrt.net\/qhome\/wp-content\/uploads\/2023\/12\/ghe-chan-quy-Q09.jpg\" \/>\n\t<meta property=\"og:image:width\" content=\"510\" \/>\n\t<meta property=\"og:image:height\" content=\"510\" \/>\n\t<meta property=\"og:image:type\" content=\"image\/jpeg\" \/>\n<meta name=\"twitter:card\" content=\"summary_large_image\" \/>\n<meta name=\"twitter:label1\" content=\"\u01af\u1edbc t\u00ednh th\u1eddi gian \u0111\u1ecdc\" \/>\n\t<meta name=\"twitter:data1\" content=\"1 ph\u00fat\" \/>\n<script type=\"application\/ld+json\" class=\"yoast-schema-graph\">{\"@context\":\"https:\/\/schema.org\",\"@graph\":[{\"@type\":\"WebPage\",\"@id\":\"https:\/\/luan.webrt.net\/qhome\/san-pham\/ghe-chan-quy-qgcq09\/\",\"url\":\"https:\/\/luan.webrt.net\/qhome\/san-pham\/ghe-chan-quy-qgcq09\/\",\"name\":\"Gh\u1ebf ch\u00e2n qu\u1ef3 QGCQ09\",\"isPartOf\":{\"@id\":\"https:\/\/luan.webrt.net\/qhome\/#website\"},\"datePublished\":\"2023-12-18T04:36:58+00:00\",\"dateModified\":\"2025-05-28T21:52:55+00:00\",\"description\":\"Qghome chuy\u00ean cung c\u1ea5p n\u1ed9i th\u1ea5t v\u0103n ph\u00f2ng, gh\u1ebf v\u0103n ph\u00f2ng, Gh\u1ebf ch\u00e2n qu\u1ef3. B\u1ea3o h\u00e0nh 12 th\u00e1ng, Mi\u1ec5n ph\u00ed v\u1eadn chuy\u1ec3n n\u1ed9i th\u00e0nh, h\u1ed7 tr\u1ee3 v\u1eadn chuy\u1ec3n ngo\u1ea1i th\u00e0nh\",\"breadcrumb\":{\"@id\":\"https:\/\/luan.webrt.net\/qhome\/san-pham\/ghe-chan-quy-qgcq09\/#breadcrumb\"},\"inLanguage\":\"vi\",\"potentialAction\":[{\"@type\":\"ReadAction\",\"target\":[\"https:\/\/luan.webrt.net\/qhome\/san-pham\/ghe-chan-quy-qgcq09\/\"]}]},{\"@type\":\"BreadcrumbList\",\"@id\":\"https:\/\/luan.webrt.net\/qhome\/san-pham\/ghe-chan-quy-qgcq09\/#breadcrumb\",\"itemListElement\":[{\"@type\":\"ListItem\",\"position\":1,\"name\":\"Trang ch\u1ee7\",\"item\":\"https:\/\/luan.webrt.net\/qhome\/\"},{\"@type\":\"ListItem\",\"position\":2,\"name\":\"Shop\",\"item\":\"https:\/\/luan.webrt.net\/qhome\/shop\/\"},{\"@type\":\"ListItem\",\"position\":3,\"name\":\"Gh\u1ebf ch\u00e2n qu\u1ef3 QGCQ09\"}]},{\"@type\":\"WebSite\",\"@id\":\"https:\/\/luan.webrt.net\/qhome\/#website\",\"url\":\"https:\/\/luan.webrt.net\/qhome\/\",\"name\":\"M\u1eabu web n\u1ed9i th\u1ea5t\",\"description\":\"QGHome Vi\u1ec7t Nam\",\"publisher\":{\"@id\":\"https:\/\/luan.webrt.net\/qhome\/#organization\"},\"potentialAction\":[{\"@type\":\"SearchAction\",\"target\":{\"@type\":\"EntryPoint\",\"urlTemplate\":\"https:\/\/luan.webrt.net\/qhome\/?s={search_term_string}\"},\"query-input\":\"required name=search_term_string\"}],\"inLanguage\":\"vi\"},{\"@type\":\"Organization\",\"@id\":\"https:\/\/luan.webrt.net\/qhome\/#organization\",\"name\":\"QGHome\",\"url\":\"https:\/\/luan.webrt.net\/qhome\/\",\"logo\":{\"@type\":\"ImageObject\",\"inLanguage\":\"vi\",\"@id\":\"https:\/\/luan.webrt.net\/qhome\/#\/schema\/logo\/image\/\",\"url\":\"https:\/\/qghome.vn\/wp-content\/uploads\/2025\/08\/logo-mau-MauTH-21.png\",\"contentUrl\":\"https:\/\/qghome.vn\/wp-content\/uploads\/2025\/08\/logo-mau-MauTH-21.png\",\"width\":253,\"height\":99,\"caption\":\"QGHome\"},\"image\":{\"@id\":\"https:\/\/luan.webrt.net\/qhome\/#\/schema\/logo\/image\/\"},\"sameAs\":[\"https:\/\/www.tiktok.com\/@qghome.official\",\"https:\/\/www.youtube.com\/channel\/UCeVBuKTXkv-u94DS421cklw\",\"https:\/\/www.facebook.com\/noithatqghome\"]}]}<\/script>\n<!-- \/ Yoast SEO plugin. -->","yoast_head_json":{"title":"Gh\u1ebf ch\u00e2n qu\u1ef3 QGCQ09","description":"Qghome chuy\u00ean cung c\u1ea5p n\u1ed9i th\u1ea5t v\u0103n ph\u00f2ng, gh\u1ebf v\u0103n ph\u00f2ng, Gh\u1ebf ch\u00e2n qu\u1ef3. B\u1ea3o h\u00e0nh 12 th\u00e1ng, Mi\u1ec5n ph\u00ed v\u1eadn chuy\u1ec3n n\u1ed9i th\u00e0nh, h\u1ed7 tr\u1ee3 v\u1eadn chuy\u1ec3n ngo\u1ea1i th\u00e0nh","robots":{"index":"index","follow":"follow","max-snippet":"max-snippet:-1","max-image-preview":"max-image-preview:large","max-video-preview":"max-video-preview:-1"},"canonical":"https:\/\/luan.webrt.net\/qhome\/san-pham\/ghe-chan-quy-qgcq09\/","og_locale":"vi_VN","og_type":"article","og_title":"Gh\u1ebf ch\u00e2n qu\u1ef3 QGCQ09","og_description":"Qghome chuy\u00ean cung c\u1ea5p n\u1ed9i th\u1ea5t v\u0103n ph\u00f2ng, gh\u1ebf v\u0103n ph\u00f2ng, Gh\u1ebf ch\u00e2n qu\u1ef3. B\u1ea3o h\u00e0nh 12 th\u00e1ng, Mi\u1ec5n ph\u00ed v\u1eadn chuy\u1ec3n n\u1ed9i th\u00e0nh, h\u1ed7 tr\u1ee3 v\u1eadn chuy\u1ec3n ngo\u1ea1i th\u00e0nh","og_url":"https:\/\/luan.webrt.net\/qhome\/san-pham\/ghe-chan-quy-qgcq09\/","og_site_name":"M\u1eabu web n\u1ed9i th\u1ea5t","article_publisher":"https:\/\/www.facebook.com\/noithatqghome","article_modified_time":"2025-05-28T21:52:55+00:00","og_image":[{"width":510,"height":510,"url":"https:\/\/luan.webrt.net\/qhome\/wp-content\/uploads\/2023\/12\/ghe-chan-quy-Q09.jpg","type":"image\/jpeg"}],"twitter_card":"summary_large_image","twitter_misc":{"\u01af\u1edbc t\u00ednh th\u1eddi gian \u0111\u1ecdc":"1 ph\u00fat"},"schema":{"@context":"https:\/\/schema.org","@graph":[{"@type":"WebPage","@id":"https:\/\/luan.webrt.net\/qhome\/san-pham\/ghe-chan-quy-qgcq09\/","url":"https:\/\/luan.webrt.net\/qhome\/san-pham\/ghe-chan-quy-qgcq09\/","name":"Gh\u1ebf ch\u00e2n qu\u1ef3 QGCQ09","isPartOf":{"@id":"https:\/\/luan.webrt.net\/qhome\/#website"},"datePublished":"2023-12-18T04:36:58+00:00","dateModified":"2025-05-28T21:52:55+00:00","description":"Qghome chuy\u00ean cung c\u1ea5p n\u1ed9i th\u1ea5t v\u0103n ph\u00f2ng, gh\u1ebf v\u0103n ph\u00f2ng, Gh\u1ebf ch\u00e2n qu\u1ef3. B\u1ea3o h\u00e0nh 12 th\u00e1ng, Mi\u1ec5n ph\u00ed v\u1eadn chuy\u1ec3n n\u1ed9i th\u00e0nh, h\u1ed7 tr\u1ee3 v\u1eadn chuy\u1ec3n ngo\u1ea1i th\u00e0nh","breadcrumb":{"@id":"https:\/\/luan.webrt.net\/qhome\/san-pham\/ghe-chan-quy-qgcq09\/#breadcrumb"},"inLanguage":"vi","potentialAction":[{"@type":"ReadAction","target":["https:\/\/luan.webrt.net\/qhome\/san-pham\/ghe-chan-quy-qgcq09\/"]}]},{"@type":"BreadcrumbList","@id":"https:\/\/luan.webrt.net\/qhome\/san-pham\/ghe-chan-quy-qgcq09\/#breadcrumb","itemListElement":[{"@type":"ListItem","position":1,"name":"Trang ch\u1ee7","item":"https:\/\/luan.webrt.net\/qhome\/"},{"@type":"ListItem","position":2,"name":"Shop","item":"https:\/\/luan.webrt.net\/qhome\/shop\/"},{"@type":"ListItem","position":3,"name":"Gh\u1ebf ch\u00e2n qu\u1ef3 QGCQ09"}]},{"@type":"WebSite","@id":"https:\/\/luan.webrt.net\/qhome\/#website","url":"https:\/\/luan.webrt.net\/qhome\/","name":"M\u1eabu web n\u1ed9i th\u1ea5t","description":"QGHome Vi\u1ec7t Nam","publisher":{"@id":"https:\/\/luan.webrt.net\/qhome\/#organization"},"potentialAction":[{"@type":"SearchAction","target":{"@type":"EntryPoint","urlTemplate":"https:\/\/luan.webrt.net\/qhome\/?s={search_term_string}"},"query-input":"required name=search_term_string"}],"inLanguage":"vi"},{"@type":"Organization","@id":"https:\/\/luan.webrt.net\/qhome\/#organization","name":"QGHome","url":"https:\/\/luan.webrt.net\/qhome\/","logo":{"@type":"ImageObject","inLanguage":"vi","@id":"https:\/\/luan.webrt.net\/qhome\/#\/schema\/logo\/image\/","url":"https:\/\/qghome.vn\/wp-content\/uploads\/2025\/08\/logo-mau-MauTH-21.png","contentUrl":"https:\/\/qghome.vn\/wp-content\/uploads\/2025\/08\/logo-mau-MauTH-21.png","width":253,"height":99,"caption":"QGHome"},"image":{"@id":"https:\/\/luan.webrt.net\/qhome\/#\/schema\/logo\/image\/"},"sameAs":["https:\/\/www.tiktok.com\/@qghome.official","https:\/\/www.youtube.com\/channel\/UCeVBuKTXkv-u94DS421cklw","https:\/\/www.facebook.com\/noithatqghome"]}]}},"_links":{"self":[{"href":"https:\/\/luan.webrt.net\/qhome\/wp-json\/wp\/v2\/product\/6960","targetHints":{"allow":["GET"]}}],"collection":[{"href":"https:\/\/luan.webrt.net\/qhome\/wp-json\/wp\/v2\/product"}],"about":[{"href":"https:\/\/luan.webrt.net\/qhome\/wp-json\/wp\/v2\/types\/product"}],"replies":[{"embeddable":true,"href":"https:\/\/luan.webrt.net\/qhome\/wp-json\/wp\/v2\/comments?post=6960"}],"wp:featuredmedia":[{"embeddable":true,"href":"https:\/\/luan.webrt.net\/qhome\/wp-json\/wp\/v2\/media\/6961"}],"wp:attachment":[{"href":"https:\/\/luan.webrt.net\/qhome\/wp-json\/wp\/v2\/media?parent=6960"}],"wp:term":[{"taxonomy":"product_cat","embeddable":true,"href":"https:\/\/luan.webrt.net\/qhome\/wp-json\/wp\/v2\/product_cat?post=6960"},{"taxonomy":"product_tag","embeddable":true,"href":"https:\/\/luan.webrt.net\/qhome\/wp-json\/wp\/v2\/product_tag?post=6960"}],"curies":[{"name":"wp","href":"https:\/\/api.w.org\/{rel}","templated":true}]}}