{"id":6943,"date":"2023-12-18T03:46:24","date_gmt":"2023-12-18T03:46:24","guid":{"rendered":"https:\/\/qghome.vn\/?post_type=product&#038;p=6943"},"modified":"2024-04-20T01:23:38","modified_gmt":"2024-04-20T01:23:38","slug":"ghe-chan-quy-qgcq03","status":"publish","type":"product","link":"https:\/\/luan.webrt.net\/qhome\/san-pham\/ghe-chan-quy-qgcq03\/","title":{"rendered":"Gh\u1ebf ch\u00e2n qu\u1ef3 QGCQ03"},"content":{"rendered":"<h4><strong>Gh\u1ebf ch\u00e2n qu\u1ef3 QGCQ03<\/strong><\/h4>\n<p><strong>Gh\u1ebf ch\u00e2n qu\u1ef3 QGCQ03<\/strong>\u00a0l\u00e0 s\u1ea3n ph\u1ea9m gh\u1ebf v\u0103n ph\u00f2ng, gh\u1ebf ph\u00f2ng h\u1ecdp v\u1edbi k\u1ebft c\u1ea5u v\u1eefng ch\u1eafc, ki\u1ec3u d\u00e1ng hi\u1ec7n \u0111\u1ea1i.<br \/>\n&#8211; Gh\u1ebf c\u00f3 c\u1ea5u t\u1ea1o ph\u1ea7n khung b\u1eb1ng th\u00e9p m\u1ea1 Crom c\u00f3 kh\u1ea3 n\u0103ng ch\u1ecbu l\u1ef1c t\u1ed1t, ch\u1ed1ng han r\u1ec9, bong tr\u00f3c<br \/>\n&#8211; T\u1ef1a l\u01b0ng v\u00e0 \u0111\u1ec7m gh\u1ebf s\u1eed d\u1ee5ng da b\u1ecdc v\u1ea3i c\u00f4ng nghi\u1ec7p v\u1edbi ph\u1ea7n \u0111\u1ec7m m\u00fat ng\u1ed3i \u00eam \u00e1i<br \/>\n&#8211; Tay gh\u1ebf s\u1eed d\u1ee5ng th\u00e9p m\u1ea1 Crom s\u00e1ng b\u00f3ng, s\u1eed d\u1ee5ng da b\u1ecdc t\u1ea1o n\u00e9t sang tr\u1ecdng cho kh\u00f4ng gian<\/p>\n<h4><strong>Th\u00f4ng s\u1ed1 k\u1ef9 thu\u1eadt Gh\u1ebf ch\u00e2n qu\u1ef3 QGCQ03:<\/strong><\/h4>\n<table style=\"border-collapse: collapse; width: 45.4613%; height: 85px;\">\n<tbody>\n<tr style=\"height: 22px;\">\n<td style=\"width: 11.8507%; height: 22px;\"><span style=\"font-family: arial, helvetica, sans-serif; font-size: 100%;\">K\u00edch th\u01b0\u1edbc<\/span><\/td>\n<td style=\"width: 23.0966%; height: 22px;\"><span style=\"font-family: arial, helvetica, sans-serif; font-size: 100%;\">&#8211; Cao ch\u1ed7 ng\u1ed3i : 45cm<\/span><br \/>\n<span style=\"font-family: arial, helvetica, sans-serif; font-size: 100%;\">&#8211; Cao t\u1ed5ng gh\u1ebf: 108cm<\/span><br \/>\n<span style=\"font-family: arial, helvetica, sans-serif; font-size: 100%;\">&#8211; R\u1ed9ng ch\u1ed7 ng\u1ed3i: 48cm<\/span><br \/>\n<span style=\"font-family: arial, helvetica, sans-serif; font-size: 100%;\">&#8211; R\u1ed9ng ph\u1ee7 b\u00ec: 55cm<\/span><br \/>\n<span style=\"font-family: arial, helvetica, sans-serif; font-size: 100%;\">&#8211; S\u00e2u: 52cm<\/span><\/td>\n<\/tr>\n<tr style=\"height: 21px;\">\n<td style=\"width: 11.8507%; height: 21px;\"><span style=\"font-family: arial, helvetica, sans-serif; font-size: 100%;\">Ch\u1ea5t li\u1ec7u<\/span><\/td>\n<td style=\"width: 23.0966%; height: 21px;\"><span style=\"font-family: arial, helvetica, sans-serif; font-size: 100%;\">&#8211; Ph\u1ea7n ng\u1ed3i v\u00e0 t\u1ef1a l\u01b0ng d\u01b0\u1ee3c l\u00e0m t\u1eeb da PU<\/span><br \/>\n<span style=\"font-family: arial, helvetica, sans-serif; font-size: 100%;\">&#8211; Ch\u00e2n th\u00e9p m\u1ea1 Crom<\/span><br \/>\n<span style=\"font-family: arial, helvetica, sans-serif; font-size: 100%;\">&#8211; Khung tay \u0111\u01b0\u1ee3c b\u1ecdc da<\/span><br \/>\n<span style=\"font-family: arial, helvetica, sans-serif; font-size: 100%;\">&#8211; \u0110\u1ebf nh\u1ef1a nh\u1ef1a h\u1ea1n ch\u1ebf x\u01b0\u1edbc s\u00e0n<\/span><\/td>\n<\/tr>\n<tr style=\"height: 21px;\">\n<td style=\"width: 11.8507%; height: 21px;\"><span style=\"font-family: arial, helvetica, sans-serif; font-size: 100%;\">Ki\u1ec3u d\u00e1ng<\/span><\/td>\n<td style=\"width: 23.0966%; height: 21px;\"><span style=\"font-family: arial, helvetica, sans-serif; font-size: 100%;\">\u00a0Gh\u1ebf qu\u1ef3 v\u0103n ph\u00f2ng<\/span><\/td>\n<\/tr>\n<tr style=\"height: 21px;\">\n<td style=\"width: 11.8507%; height: 21px;\"><span style=\"font-family: arial, helvetica, sans-serif; font-size: 100%;\">M\u00e0u s\u1ea3n ph\u1ea9m<\/span><\/td>\n<td style=\"width: 23.0966%; height: 21px;\"><span style=\"font-family: arial, helvetica, sans-serif; font-size: 100%;\">M\u00e0u \u0111en<\/span><\/td>\n<\/tr>\n<\/tbody>\n<\/table>\n<hr \/>\n<p style=\"text-align: center;\"><strong>\u0110\u01a0N V\u1eca T\u01af V\u1ea4N THI\u1ebeT K\u1ebe THI C\u00d4NG, CUNG C\u1ea4P N\u1ed8I TH\u1ea4T V\u0102N PH\u00d2NG<\/strong><br \/>\n<span style=\"color: #00aae7;\"><strong><a style=\"color: #00aae7;\" href=\"https:\/\/qghome.vn\/\">QGHOME<\/a><\/strong><\/span> chuy\u00ean t\u01b0 v\u1ea5n thi\u1ebft k\u1ebf v\u0103n ph\u00f2ng, thi\u1ebft k\u1ebf ph\u00f2ng l\u00e0m vi\u1ec7c, ph\u00f2ng gi\u00e1m \u0111\u1ed1c. Cung c\u1ea5p n\u1ed9i th\u00e1t v\u0103n ph\u00f2ng: b\u00e0n l\u00e0m vi\u1ec7c, b\u00e0n gi\u00e1m \u0111\u1ed1c, modul l\u00e0m vi\u1ec7c, t\u1ee7 t\u00e0i li\u1ec7u, gh\u1ebf v\u0103n ph\u00f2ng, gh\u1ebf gi\u00e1m \u0111\u1ed1c, gh\u1ebf xoay, gh\u1ebf qu\u1ef3,&#8230;<\/p>\n","protected":false},"excerpt":{"rendered":"<p>Mi\u1ec5n Ph\u00ed: T\u01b0 v\u1ea5n thi\u1ebft k\u1ebf v\u0103n ph\u00f2ng v\u00e0 l\u1eafp \u0111\u1eb7t n\u1ed9i th\u1ea5t v\u0103n ph\u00f2ng<br \/>\nMi\u1ec5n Ph\u00ed: V\u1eadn chuy\u1ec3n v\u1edbi \u0111\u01a1n h\u00e0ng tr\u00ean 10 Tri\u1ec7u v\u1edbi c\u00e1c Qu\u1eadn n\u1ed9i th\u00e0nh.<br \/>\nGi\u00e1 n\u00e0y ch\u01b0a bao g\u1ed3m: VAT v\u00e0 Ph\u00ed giao h\u00e0ng<\/p>\n","protected":false},"featured_media":6944,"comment_status":"open","ping_status":"closed","template":"","meta":[],"product_cat":[294],"product_tag":[341,340,338,337,342,339],"class_list":["post-6943","product","type-product","status-publish","has-post-thumbnail","hentry","product_cat-ghe-chan-quy","product_tag-ghe-chan-quy-gia-re","product_tag-ghe-chan-quy-luoi","product_tag-ghe-chan-quy-van-phong","product_tag-ghe-da-chan-quy","product_tag-ghe-phong-hop-chan-quy","product_tag-ghe-quy-van-phong"],"yoast_head":"<!-- This site is optimized with the Yoast SEO plugin v19.9 - https:\/\/yoast.com\/wordpress\/plugins\/seo\/ -->\n<title>Gh\u1ebf ch\u00e2n qu\u1ef3 QGCQ03<\/title>\n<meta name=\"description\" content=\"Qghome chuy\u00ean cung c\u1ea5p n\u1ed9i th\u1ea5t v\u0103n ph\u00f2ng, gh\u1ebf v\u0103n ph\u00f2ng, Gh\u1ebf ch\u00e2n qu\u1ef3 QGCQ03. B\u1ea3o h\u00e0nh 12 th\u00e1ng, Mi\u1ec5n ph\u00ed v\u1eadn chuy\u1ec3n n\u1ed9i th\u00e0nh\" \/>\n<meta name=\"robots\" content=\"index, follow, max-snippet:-1, max-image-preview:large, max-video-preview:-1\" \/>\n<link rel=\"canonical\" href=\"https:\/\/luan.webrt.net\/qhome\/san-pham\/ghe-chan-quy-qgcq03\/\" \/>\n<meta property=\"og:locale\" content=\"vi_VN\" \/>\n<meta property=\"og:type\" content=\"article\" \/>\n<meta property=\"og:title\" content=\"Gh\u1ebf ch\u00e2n qu\u1ef3 QGCQ03\" \/>\n<meta property=\"og:description\" content=\"Qghome chuy\u00ean cung c\u1ea5p n\u1ed9i th\u1ea5t v\u0103n ph\u00f2ng, gh\u1ebf v\u0103n ph\u00f2ng, Gh\u1ebf ch\u00e2n qu\u1ef3 QGCQ03. B\u1ea3o h\u00e0nh 12 th\u00e1ng, Mi\u1ec5n ph\u00ed v\u1eadn chuy\u1ec3n n\u1ed9i th\u00e0nh\" \/>\n<meta property=\"og:url\" content=\"https:\/\/luan.webrt.net\/qhome\/san-pham\/ghe-chan-quy-qgcq03\/\" \/>\n<meta property=\"og:site_name\" content=\"M\u1eabu web n\u1ed9i th\u1ea5t\" \/>\n<meta property=\"article:publisher\" content=\"https:\/\/www.facebook.com\/noithatqghome\" \/>\n<meta property=\"article:modified_time\" content=\"2024-04-20T01:23:38+00:00\" \/>\n<meta property=\"og:image\" content=\"https:\/\/luan.webrt.net\/qhome\/wp-content\/uploads\/2023\/12\/ghe-chan-quy-Q03-1.jpg\" \/>\n\t<meta property=\"og:image:width\" content=\"800\" \/>\n\t<meta property=\"og:image:height\" content=\"800\" \/>\n\t<meta property=\"og:image:type\" content=\"image\/jpeg\" \/>\n<meta name=\"twitter:card\" content=\"summary_large_image\" \/>\n<meta name=\"twitter:label1\" content=\"\u01af\u1edbc t\u00ednh th\u1eddi gian \u0111\u1ecdc\" \/>\n\t<meta name=\"twitter:data1\" content=\"2 ph\u00fat\" \/>\n<script type=\"application\/ld+json\" class=\"yoast-schema-graph\">{\"@context\":\"https:\/\/schema.org\",\"@graph\":[{\"@type\":\"WebPage\",\"@id\":\"https:\/\/luan.webrt.net\/qhome\/san-pham\/ghe-chan-quy-qgcq03\/\",\"url\":\"https:\/\/luan.webrt.net\/qhome\/san-pham\/ghe-chan-quy-qgcq03\/\",\"name\":\"Gh\u1ebf ch\u00e2n qu\u1ef3 QGCQ03\",\"isPartOf\":{\"@id\":\"https:\/\/luan.webrt.net\/qhome\/#website\"},\"datePublished\":\"2023-12-18T03:46:24+00:00\",\"dateModified\":\"2024-04-20T01:23:38+00:00\",\"description\":\"Qghome chuy\u00ean cung c\u1ea5p n\u1ed9i th\u1ea5t v\u0103n ph\u00f2ng, gh\u1ebf v\u0103n ph\u00f2ng, Gh\u1ebf ch\u00e2n qu\u1ef3 QGCQ03. B\u1ea3o h\u00e0nh 12 th\u00e1ng, Mi\u1ec5n ph\u00ed v\u1eadn chuy\u1ec3n n\u1ed9i th\u00e0nh\",\"breadcrumb\":{\"@id\":\"https:\/\/luan.webrt.net\/qhome\/san-pham\/ghe-chan-quy-qgcq03\/#breadcrumb\"},\"inLanguage\":\"vi\",\"potentialAction\":[{\"@type\":\"ReadAction\",\"target\":[\"https:\/\/luan.webrt.net\/qhome\/san-pham\/ghe-chan-quy-qgcq03\/\"]}]},{\"@type\":\"BreadcrumbList\",\"@id\":\"https:\/\/luan.webrt.net\/qhome\/san-pham\/ghe-chan-quy-qgcq03\/#breadcrumb\",\"itemListElement\":[{\"@type\":\"ListItem\",\"position\":1,\"name\":\"Trang ch\u1ee7\",\"item\":\"https:\/\/luan.webrt.net\/qhome\/\"},{\"@type\":\"ListItem\",\"position\":2,\"name\":\"Shop\",\"item\":\"https:\/\/luan.webrt.net\/qhome\/shop\/\"},{\"@type\":\"ListItem\",\"position\":3,\"name\":\"Gh\u1ebf ch\u00e2n qu\u1ef3 QGCQ03\"}]},{\"@type\":\"WebSite\",\"@id\":\"https:\/\/luan.webrt.net\/qhome\/#website\",\"url\":\"https:\/\/luan.webrt.net\/qhome\/\",\"name\":\"M\u1eabu web n\u1ed9i th\u1ea5t\",\"description\":\"QGHome Vi\u1ec7t Nam\",\"publisher\":{\"@id\":\"https:\/\/luan.webrt.net\/qhome\/#organization\"},\"potentialAction\":[{\"@type\":\"SearchAction\",\"target\":{\"@type\":\"EntryPoint\",\"urlTemplate\":\"https:\/\/luan.webrt.net\/qhome\/?s={search_term_string}\"},\"query-input\":\"required name=search_term_string\"}],\"inLanguage\":\"vi\"},{\"@type\":\"Organization\",\"@id\":\"https:\/\/luan.webrt.net\/qhome\/#organization\",\"name\":\"QGHome\",\"url\":\"https:\/\/luan.webrt.net\/qhome\/\",\"logo\":{\"@type\":\"ImageObject\",\"inLanguage\":\"vi\",\"@id\":\"https:\/\/luan.webrt.net\/qhome\/#\/schema\/logo\/image\/\",\"url\":\"https:\/\/qghome.vn\/wp-content\/uploads\/2025\/08\/logo-mau-MauTH-21.png\",\"contentUrl\":\"https:\/\/qghome.vn\/wp-content\/uploads\/2025\/08\/logo-mau-MauTH-21.png\",\"width\":253,\"height\":99,\"caption\":\"QGHome\"},\"image\":{\"@id\":\"https:\/\/luan.webrt.net\/qhome\/#\/schema\/logo\/image\/\"},\"sameAs\":[\"https:\/\/www.tiktok.com\/@qghome.official\",\"https:\/\/www.youtube.com\/channel\/UCeVBuKTXkv-u94DS421cklw\",\"https:\/\/www.facebook.com\/noithatqghome\"]}]}<\/script>\n<!-- \/ Yoast SEO plugin. -->","yoast_head_json":{"title":"Gh\u1ebf ch\u00e2n qu\u1ef3 QGCQ03","description":"Qghome chuy\u00ean cung c\u1ea5p n\u1ed9i th\u1ea5t v\u0103n ph\u00f2ng, gh\u1ebf v\u0103n ph\u00f2ng, Gh\u1ebf ch\u00e2n qu\u1ef3 QGCQ03. B\u1ea3o h\u00e0nh 12 th\u00e1ng, Mi\u1ec5n ph\u00ed v\u1eadn chuy\u1ec3n n\u1ed9i th\u00e0nh","robots":{"index":"index","follow":"follow","max-snippet":"max-snippet:-1","max-image-preview":"max-image-preview:large","max-video-preview":"max-video-preview:-1"},"canonical":"https:\/\/luan.webrt.net\/qhome\/san-pham\/ghe-chan-quy-qgcq03\/","og_locale":"vi_VN","og_type":"article","og_title":"Gh\u1ebf ch\u00e2n qu\u1ef3 QGCQ03","og_description":"Qghome chuy\u00ean cung c\u1ea5p n\u1ed9i th\u1ea5t v\u0103n ph\u00f2ng, gh\u1ebf v\u0103n ph\u00f2ng, Gh\u1ebf ch\u00e2n qu\u1ef3 QGCQ03. B\u1ea3o h\u00e0nh 12 th\u00e1ng, Mi\u1ec5n ph\u00ed v\u1eadn chuy\u1ec3n n\u1ed9i th\u00e0nh","og_url":"https:\/\/luan.webrt.net\/qhome\/san-pham\/ghe-chan-quy-qgcq03\/","og_site_name":"M\u1eabu web n\u1ed9i th\u1ea5t","article_publisher":"https:\/\/www.facebook.com\/noithatqghome","article_modified_time":"2024-04-20T01:23:38+00:00","og_image":[{"width":800,"height":800,"url":"https:\/\/luan.webrt.net\/qhome\/wp-content\/uploads\/2023\/12\/ghe-chan-quy-Q03-1.jpg","type":"image\/jpeg"}],"twitter_card":"summary_large_image","twitter_misc":{"\u01af\u1edbc t\u00ednh th\u1eddi gian \u0111\u1ecdc":"2 ph\u00fat"},"schema":{"@context":"https:\/\/schema.org","@graph":[{"@type":"WebPage","@id":"https:\/\/luan.webrt.net\/qhome\/san-pham\/ghe-chan-quy-qgcq03\/","url":"https:\/\/luan.webrt.net\/qhome\/san-pham\/ghe-chan-quy-qgcq03\/","name":"Gh\u1ebf ch\u00e2n qu\u1ef3 QGCQ03","isPartOf":{"@id":"https:\/\/luan.webrt.net\/qhome\/#website"},"datePublished":"2023-12-18T03:46:24+00:00","dateModified":"2024-04-20T01:23:38+00:00","description":"Qghome chuy\u00ean cung c\u1ea5p n\u1ed9i th\u1ea5t v\u0103n ph\u00f2ng, gh\u1ebf v\u0103n ph\u00f2ng, Gh\u1ebf ch\u00e2n qu\u1ef3 QGCQ03. B\u1ea3o h\u00e0nh 12 th\u00e1ng, Mi\u1ec5n ph\u00ed v\u1eadn chuy\u1ec3n n\u1ed9i th\u00e0nh","breadcrumb":{"@id":"https:\/\/luan.webrt.net\/qhome\/san-pham\/ghe-chan-quy-qgcq03\/#breadcrumb"},"inLanguage":"vi","potentialAction":[{"@type":"ReadAction","target":["https:\/\/luan.webrt.net\/qhome\/san-pham\/ghe-chan-quy-qgcq03\/"]}]},{"@type":"BreadcrumbList","@id":"https:\/\/luan.webrt.net\/qhome\/san-pham\/ghe-chan-quy-qgcq03\/#breadcrumb","itemListElement":[{"@type":"ListItem","position":1,"name":"Trang ch\u1ee7","item":"https:\/\/luan.webrt.net\/qhome\/"},{"@type":"ListItem","position":2,"name":"Shop","item":"https:\/\/luan.webrt.net\/qhome\/shop\/"},{"@type":"ListItem","position":3,"name":"Gh\u1ebf ch\u00e2n qu\u1ef3 QGCQ03"}]},{"@type":"WebSite","@id":"https:\/\/luan.webrt.net\/qhome\/#website","url":"https:\/\/luan.webrt.net\/qhome\/","name":"M\u1eabu web n\u1ed9i th\u1ea5t","description":"QGHome Vi\u1ec7t Nam","publisher":{"@id":"https:\/\/luan.webrt.net\/qhome\/#organization"},"potentialAction":[{"@type":"SearchAction","target":{"@type":"EntryPoint","urlTemplate":"https:\/\/luan.webrt.net\/qhome\/?s={search_term_string}"},"query-input":"required name=search_term_string"}],"inLanguage":"vi"},{"@type":"Organization","@id":"https:\/\/luan.webrt.net\/qhome\/#organization","name":"QGHome","url":"https:\/\/luan.webrt.net\/qhome\/","logo":{"@type":"ImageObject","inLanguage":"vi","@id":"https:\/\/luan.webrt.net\/qhome\/#\/schema\/logo\/image\/","url":"https:\/\/qghome.vn\/wp-content\/uploads\/2025\/08\/logo-mau-MauTH-21.png","contentUrl":"https:\/\/qghome.vn\/wp-content\/uploads\/2025\/08\/logo-mau-MauTH-21.png","width":253,"height":99,"caption":"QGHome"},"image":{"@id":"https:\/\/luan.webrt.net\/qhome\/#\/schema\/logo\/image\/"},"sameAs":["https:\/\/www.tiktok.com\/@qghome.official","https:\/\/www.youtube.com\/channel\/UCeVBuKTXkv-u94DS421cklw","https:\/\/www.facebook.com\/noithatqghome"]}]}},"_links":{"self":[{"href":"https:\/\/luan.webrt.net\/qhome\/wp-json\/wp\/v2\/product\/6943","targetHints":{"allow":["GET"]}}],"collection":[{"href":"https:\/\/luan.webrt.net\/qhome\/wp-json\/wp\/v2\/product"}],"about":[{"href":"https:\/\/luan.webrt.net\/qhome\/wp-json\/wp\/v2\/types\/product"}],"replies":[{"embeddable":true,"href":"https:\/\/luan.webrt.net\/qhome\/wp-json\/wp\/v2\/comments?post=6943"}],"wp:featuredmedia":[{"embeddable":true,"href":"https:\/\/luan.webrt.net\/qhome\/wp-json\/wp\/v2\/media\/6944"}],"wp:attachment":[{"href":"https:\/\/luan.webrt.net\/qhome\/wp-json\/wp\/v2\/media?parent=6943"}],"wp:term":[{"taxonomy":"product_cat","embeddable":true,"href":"https:\/\/luan.webrt.net\/qhome\/wp-json\/wp\/v2\/product_cat?post=6943"},{"taxonomy":"product_tag","embeddable":true,"href":"https:\/\/luan.webrt.net\/qhome\/wp-json\/wp\/v2\/product_tag?post=6943"}],"curies":[{"name":"wp","href":"https:\/\/api.w.org\/{rel}","templated":true}]}}