{"id":6923,"date":"2023-12-14T03:25:14","date_gmt":"2023-12-14T03:25:14","guid":{"rendered":"https:\/\/qghome.vn\/?post_type=product&#038;p=6923"},"modified":"2024-04-19T09:46:42","modified_gmt":"2024-04-19T09:46:42","slug":"ghe-xoay-van-phong-qgx17","status":"publish","type":"product","link":"https:\/\/luan.webrt.net\/qhome\/san-pham\/ghe-xoay-van-phong-qgx17\/","title":{"rendered":"Gh\u1ebf xoay v\u0103n ph\u00f2ng QGX17"},"content":{"rendered":"<h3><span style=\"color: #000000;\"><strong>Gh\u1ebf xoay v\u0103n ph\u00f2ng QGX17<\/strong><\/span><\/h3>\n<p><span style=\"color: #000000;\">D\u00f2ng gh\u1ebf v\u0103n ph\u00f2ng hi\u1ec7n \u0111\u1ea1i \u0111\u01b0\u1ee3c ph\u00e1t tri\u1ec3n d\u1ef1a tr\u00ean nghi\u00ean c\u1ee9u t\u1ec9 m\u1ec9 v\u1ec1 th\u00f3i quen l\u00e0m vi\u1ec7c v\u00e0 s\u1ee9c kh\u1ecfe c\u1ee7a nh\u00e2n vi\u00ean v\u0103n ph\u00f2ng.<\/span><\/p>\n<p><span style=\"color: #000000;\">V\u1edbi t\u00ednh n\u0103ng xoay h\u01b0\u1edbng l\u00e0m vi\u1ec7c, chi\u1ebfc gh\u1ebf l\u01b0\u1edbi v\u0103n ph\u00f2ng QGHOME \u0111\u01b0\u1ee3c thi\u1ebft k\u1ebf c\u00f3 th\u1ec3 ng\u1ea3 l\u01b0ng v\u00e0 xoay chuy\u1ec3n linh ho\u1ea1t, c\u00f9ng v\u1edbi b\u00e1nh xe tr\u01b0\u1ee3t ph\u00eda d\u01b0\u1edbi \u0111\u1ec3 mang l\u1ea1i s\u1ef1 ti\u1ec7n l\u1ee3i. \u0110i\u1ec1u n\u00e0y gi\u00fap b\u1ea1n d\u1ec5 d\u00e0ng xoay chuy\u1ec3n g\u00f3c nh\u00ecn \u0111\u1ec3 t\u01b0\u01a1ng t\u00e1c c\u00f4ng vi\u1ec7c v\u1edbi m\u1ecdi ng\u01b0\u1eddi.<\/span><\/p>\n<p><span style=\"color: #000000;\">\u0110\u1ec3 di chuy\u1ec3n trong khi ng\u1ed3i l\u00e0m vi\u1ec7c, b\u1ea1n kh\u00f4ng c\u1ea7n ph\u1ea3i \u0111\u1ee9ng d\u1eady v\u00e0 di chuy\u1ec3n \u0111\u00f4i ch\u00e2n n\u1eb7ng n\u1ec1 t\u1eeb ch\u1ed7 n\u00e0y sang ch\u1ed7 kh\u00e1c \u0111\u1ec3 l\u1ea5y v\u1eadt d\u1ee5ng ho\u1eb7c ho\u00e0n th\u00e0nh m\u1ed9t nhi\u1ec7m v\u1ee5 n\u00e0o \u0111\u00f3. Thay v\u00e0o \u0111\u00f3, ch\u1ec9 c\u1ea7n m\u1ed9t c\u00fa \u0111\u1ea9y ch\u00e2n nh\u1eb9 xu\u1ed1ng s\u00e0n nh\u00e0 t\u1eeb v\u1ecb tr\u00ed ng\u1ed3i tr\u00ean gh\u1ebf, v\u00e0 trong ch\u01b0a \u0111\u1ea7y 2 gi\u00e2y, b\u1ea1n c\u00f3 th\u1ec3 di chuy\u1ec3n \u0111\u1ebfn b\u1ea5t k\u1ef3 v\u1ecb tr\u00ed n\u00e0o trong ph\u00f2ng l\u00e0m vi\u1ec7c. \u0110\u1eb7c t\u00ednh n\u00e0y \u0111\u00e3 kh\u00f4ng c\u00f2n xa l\u1ea1 v\u1edbi ng\u01b0\u1eddi d\u00f9ng, nh\u01b0ng hi\u1ec7u qu\u1ea3 v\u00e0 l\u1ee3i \u00edch tuy\u1ec7t v\u1eddi m\u00e0 n\u00f3 mang l\u1ea1i l\u00e0 \u0111i\u1ec1u kh\u00f4ng th\u1ec3 ph\u1ee7 nh\u1eadn.<\/span><\/p>\n<p><span style=\"color: #000000;\">H\u01a1n n\u1eefa, gh\u1ebf c\u00f2n \u0111\u01b0\u1ee3c ho\u00e0n thi\u1ec7n v\u1edbi kh\u1ea3 n\u0103ng t\u01b0\u01a1ng th\u00edch \u0111a d\u1ea1ng v\u1edbi c\u00e1c ki\u1ec3u h\u00ecnh v\u00e0 k\u00edch th\u01b0\u1edbc kh\u00e1c nhau.<\/span><\/p>\n<p><span style=\"color: #000000;\">Th\u00f4ng s\u1ed1 k\u1ef9 thu\u1eadt c\u1ee7a Gh\u1ebf Xoay V\u0103n Ph\u00f2ng QGX17 bao g\u1ed3m:<\/span><\/p>\n<ul>\n<li><span style=\"color: #000000;\">M\u00e0u s\u1eafc: \u0110en, \u0110\u1ecf, Xanh d\u01b0\u01a1ng, Xanh l\u00e1<\/span><\/li>\n<li><span style=\"color: #000000;\">K\u00edch th\u01b0\u1edbc: Chi\u1ec1u cao m\u1eb7t ng\u1ed3i 43 &#8211; 53 cm Ngang 49 cm S\u00e2u 50 cm Cao 87 &#8211; 97 cm<\/span><\/li>\n<li><span style=\"color: #000000;\">Ch\u1ea5t li\u1ec7u: L\u01b0ng l\u01b0\u1edbi k\u1ebft h\u1ee3p n\u1ec7m m\u00fat \u00eam \u00e1i, Ch\u00e2n sao \u0111\u01b0\u1ee3c l\u00e0m t\u1eeb th\u00e9p m\u1ea1 Crom, C\u00f3 pistong n\u00e2ng h\u1ea1, B\u00e1nh xe di chuy\u1ec3n 360 \u0111\u1ed9, Tay v\u1ecbn \u0111\u01b0\u1ee3c l\u00e0m t\u1eeb nh\u1ef1a<\/span><\/li>\n<\/ul>\n","protected":false},"excerpt":{"rendered":"<p>Gh\u1ebf xoay v\u0103n ph\u00f2ng l\u01b0ng l\u01b0\u1edbi \u0111i\u1ec1u ch\u1ec9nh \u0111\u1ed9 cao<br \/>\nMi\u1ec5n Ph\u00ed: T\u01b0 v\u1ea5n thi\u1ebft k\u1ebf v\u0103n ph\u00f2ng v\u00e0 l\u1eafp \u0111\u1eb7t n\u1ed9i th\u1ea5t v\u0103n ph\u00f2ng<br \/>\nMi\u1ec5n Ph\u00ed: V\u1eadn chuy\u1ec3n v\u1edbi \u0111\u01a1n h\u00e0ng tr\u00ean 10 Tri\u1ec7u v\u1edbi c\u00e1c Qu\u1eadn n\u1ed9i th\u00e0nh.<br \/>\nGi\u00e1 n\u00e0y ch\u01b0a bao g\u1ed3m: VAT v\u00e0 Ph\u00ed giao h\u00e0ng<\/p>\n","protected":false},"featured_media":6924,"comment_status":"open","ping_status":"closed","template":"","meta":[],"product_cat":[296],"product_tag":[],"class_list":["post-6923","product","type-product","status-publish","has-post-thumbnail","hentry","product_cat-ghe-xoay-van-phong"],"yoast_head":"<!-- This site is optimized with the Yoast SEO plugin v19.9 - https:\/\/yoast.com\/wordpress\/plugins\/seo\/ -->\n<title>Gh\u1ebf xoay v\u0103n ph\u00f2ng QGX17<\/title>\n<meta name=\"description\" content=\"QGHome Chuy\u00ean cung c\u1ea5p Gh\u1ebf xoay v\u0103n ph\u00f2ng l\u01b0ng l\u01b0\u1edbi \u0111i\u1ec1u ch\u1ec9nh \u0111\u1ed9 cao c\u00f3 t\u1ef1a l\u01b0ng t\u1ef1a \u0111\u1ea7u cao c\u1ea5p, gi\u00e1 t\u1ed1t nh\u1ea5t, cam k\u1ebft ch\u1ea5t l\u01b0\u1ee3ng\" \/>\n<meta name=\"robots\" content=\"index, follow, max-snippet:-1, max-image-preview:large, max-video-preview:-1\" \/>\n<link rel=\"canonical\" href=\"https:\/\/luan.webrt.net\/qhome\/san-pham\/ghe-xoay-van-phong-qgx17\/\" \/>\n<meta property=\"og:locale\" content=\"vi_VN\" \/>\n<meta property=\"og:type\" content=\"article\" \/>\n<meta property=\"og:title\" content=\"Gh\u1ebf xoay v\u0103n ph\u00f2ng QGX17\" \/>\n<meta property=\"og:description\" content=\"QGHome Chuy\u00ean cung c\u1ea5p Gh\u1ebf xoay v\u0103n ph\u00f2ng l\u01b0ng l\u01b0\u1edbi \u0111i\u1ec1u ch\u1ec9nh \u0111\u1ed9 cao c\u00f3 t\u1ef1a l\u01b0ng t\u1ef1a \u0111\u1ea7u cao c\u1ea5p, gi\u00e1 t\u1ed1t nh\u1ea5t, cam k\u1ebft ch\u1ea5t l\u01b0\u1ee3ng\" \/>\n<meta property=\"og:url\" content=\"https:\/\/luan.webrt.net\/qhome\/san-pham\/ghe-xoay-van-phong-qgx17\/\" \/>\n<meta property=\"og:site_name\" content=\"M\u1eabu web n\u1ed9i th\u1ea5t\" \/>\n<meta property=\"article:publisher\" content=\"https:\/\/www.facebook.com\/noithatqghome\" \/>\n<meta property=\"article:modified_time\" content=\"2024-04-19T09:46:42+00:00\" \/>\n<meta property=\"og:image\" content=\"https:\/\/luan.webrt.net\/qhome\/wp-content\/uploads\/2023\/12\/ghe-xoay-van-phong-qg17-3.jpg\" \/>\n\t<meta property=\"og:image:width\" content=\"768\" \/>\n\t<meta property=\"og:image:height\" content=\"768\" \/>\n\t<meta property=\"og:image:type\" content=\"image\/jpeg\" \/>\n<meta name=\"twitter:card\" content=\"summary_large_image\" \/>\n<meta name=\"twitter:label1\" content=\"\u01af\u1edbc t\u00ednh th\u1eddi gian \u0111\u1ecdc\" \/>\n\t<meta name=\"twitter:data1\" content=\"2 ph\u00fat\" \/>\n<script type=\"application\/ld+json\" class=\"yoast-schema-graph\">{\"@context\":\"https:\/\/schema.org\",\"@graph\":[{\"@type\":\"WebPage\",\"@id\":\"https:\/\/luan.webrt.net\/qhome\/san-pham\/ghe-xoay-van-phong-qgx17\/\",\"url\":\"https:\/\/luan.webrt.net\/qhome\/san-pham\/ghe-xoay-van-phong-qgx17\/\",\"name\":\"Gh\u1ebf xoay v\u0103n ph\u00f2ng QGX17\",\"isPartOf\":{\"@id\":\"https:\/\/luan.webrt.net\/qhome\/#website\"},\"datePublished\":\"2023-12-14T03:25:14+00:00\",\"dateModified\":\"2024-04-19T09:46:42+00:00\",\"description\":\"QGHome Chuy\u00ean cung c\u1ea5p Gh\u1ebf xoay v\u0103n ph\u00f2ng l\u01b0ng l\u01b0\u1edbi \u0111i\u1ec1u ch\u1ec9nh \u0111\u1ed9 cao c\u00f3 t\u1ef1a l\u01b0ng t\u1ef1a \u0111\u1ea7u cao c\u1ea5p, gi\u00e1 t\u1ed1t nh\u1ea5t, cam k\u1ebft ch\u1ea5t l\u01b0\u1ee3ng\",\"breadcrumb\":{\"@id\":\"https:\/\/luan.webrt.net\/qhome\/san-pham\/ghe-xoay-van-phong-qgx17\/#breadcrumb\"},\"inLanguage\":\"vi\",\"potentialAction\":[{\"@type\":\"ReadAction\",\"target\":[\"https:\/\/luan.webrt.net\/qhome\/san-pham\/ghe-xoay-van-phong-qgx17\/\"]}]},{\"@type\":\"BreadcrumbList\",\"@id\":\"https:\/\/luan.webrt.net\/qhome\/san-pham\/ghe-xoay-van-phong-qgx17\/#breadcrumb\",\"itemListElement\":[{\"@type\":\"ListItem\",\"position\":1,\"name\":\"Trang ch\u1ee7\",\"item\":\"https:\/\/luan.webrt.net\/qhome\/\"},{\"@type\":\"ListItem\",\"position\":2,\"name\":\"Shop\",\"item\":\"https:\/\/luan.webrt.net\/qhome\/shop\/\"},{\"@type\":\"ListItem\",\"position\":3,\"name\":\"Gh\u1ebf xoay v\u0103n ph\u00f2ng QGX17\"}]},{\"@type\":\"WebSite\",\"@id\":\"https:\/\/luan.webrt.net\/qhome\/#website\",\"url\":\"https:\/\/luan.webrt.net\/qhome\/\",\"name\":\"M\u1eabu web n\u1ed9i th\u1ea5t\",\"description\":\"QGHome Vi\u1ec7t Nam\",\"publisher\":{\"@id\":\"https:\/\/luan.webrt.net\/qhome\/#organization\"},\"potentialAction\":[{\"@type\":\"SearchAction\",\"target\":{\"@type\":\"EntryPoint\",\"urlTemplate\":\"https:\/\/luan.webrt.net\/qhome\/?s={search_term_string}\"},\"query-input\":\"required name=search_term_string\"}],\"inLanguage\":\"vi\"},{\"@type\":\"Organization\",\"@id\":\"https:\/\/luan.webrt.net\/qhome\/#organization\",\"name\":\"QGHome\",\"url\":\"https:\/\/luan.webrt.net\/qhome\/\",\"logo\":{\"@type\":\"ImageObject\",\"inLanguage\":\"vi\",\"@id\":\"https:\/\/luan.webrt.net\/qhome\/#\/schema\/logo\/image\/\",\"url\":\"https:\/\/qghome.vn\/wp-content\/uploads\/2025\/08\/logo-mau-MauTH-21.png\",\"contentUrl\":\"https:\/\/qghome.vn\/wp-content\/uploads\/2025\/08\/logo-mau-MauTH-21.png\",\"width\":253,\"height\":99,\"caption\":\"QGHome\"},\"image\":{\"@id\":\"https:\/\/luan.webrt.net\/qhome\/#\/schema\/logo\/image\/\"},\"sameAs\":[\"https:\/\/www.tiktok.com\/@qghome.official\",\"https:\/\/www.youtube.com\/channel\/UCeVBuKTXkv-u94DS421cklw\",\"https:\/\/www.facebook.com\/noithatqghome\"]}]}<\/script>\n<!-- \/ Yoast SEO plugin. -->","yoast_head_json":{"title":"Gh\u1ebf xoay v\u0103n ph\u00f2ng QGX17","description":"QGHome Chuy\u00ean cung c\u1ea5p Gh\u1ebf xoay v\u0103n ph\u00f2ng l\u01b0ng l\u01b0\u1edbi \u0111i\u1ec1u ch\u1ec9nh \u0111\u1ed9 cao c\u00f3 t\u1ef1a l\u01b0ng t\u1ef1a \u0111\u1ea7u cao c\u1ea5p, gi\u00e1 t\u1ed1t nh\u1ea5t, cam k\u1ebft ch\u1ea5t l\u01b0\u1ee3ng","robots":{"index":"index","follow":"follow","max-snippet":"max-snippet:-1","max-image-preview":"max-image-preview:large","max-video-preview":"max-video-preview:-1"},"canonical":"https:\/\/luan.webrt.net\/qhome\/san-pham\/ghe-xoay-van-phong-qgx17\/","og_locale":"vi_VN","og_type":"article","og_title":"Gh\u1ebf xoay v\u0103n ph\u00f2ng QGX17","og_description":"QGHome Chuy\u00ean cung c\u1ea5p Gh\u1ebf xoay v\u0103n ph\u00f2ng l\u01b0ng l\u01b0\u1edbi \u0111i\u1ec1u ch\u1ec9nh \u0111\u1ed9 cao c\u00f3 t\u1ef1a l\u01b0ng t\u1ef1a \u0111\u1ea7u cao c\u1ea5p, gi\u00e1 t\u1ed1t nh\u1ea5t, cam k\u1ebft ch\u1ea5t l\u01b0\u1ee3ng","og_url":"https:\/\/luan.webrt.net\/qhome\/san-pham\/ghe-xoay-van-phong-qgx17\/","og_site_name":"M\u1eabu web n\u1ed9i th\u1ea5t","article_publisher":"https:\/\/www.facebook.com\/noithatqghome","article_modified_time":"2024-04-19T09:46:42+00:00","og_image":[{"width":768,"height":768,"url":"https:\/\/luan.webrt.net\/qhome\/wp-content\/uploads\/2023\/12\/ghe-xoay-van-phong-qg17-3.jpg","type":"image\/jpeg"}],"twitter_card":"summary_large_image","twitter_misc":{"\u01af\u1edbc t\u00ednh th\u1eddi gian \u0111\u1ecdc":"2 ph\u00fat"},"schema":{"@context":"https:\/\/schema.org","@graph":[{"@type":"WebPage","@id":"https:\/\/luan.webrt.net\/qhome\/san-pham\/ghe-xoay-van-phong-qgx17\/","url":"https:\/\/luan.webrt.net\/qhome\/san-pham\/ghe-xoay-van-phong-qgx17\/","name":"Gh\u1ebf xoay v\u0103n ph\u00f2ng QGX17","isPartOf":{"@id":"https:\/\/luan.webrt.net\/qhome\/#website"},"datePublished":"2023-12-14T03:25:14+00:00","dateModified":"2024-04-19T09:46:42+00:00","description":"QGHome Chuy\u00ean cung c\u1ea5p Gh\u1ebf xoay v\u0103n ph\u00f2ng l\u01b0ng l\u01b0\u1edbi \u0111i\u1ec1u ch\u1ec9nh \u0111\u1ed9 cao c\u00f3 t\u1ef1a l\u01b0ng t\u1ef1a \u0111\u1ea7u cao c\u1ea5p, gi\u00e1 t\u1ed1t nh\u1ea5t, cam k\u1ebft ch\u1ea5t l\u01b0\u1ee3ng","breadcrumb":{"@id":"https:\/\/luan.webrt.net\/qhome\/san-pham\/ghe-xoay-van-phong-qgx17\/#breadcrumb"},"inLanguage":"vi","potentialAction":[{"@type":"ReadAction","target":["https:\/\/luan.webrt.net\/qhome\/san-pham\/ghe-xoay-van-phong-qgx17\/"]}]},{"@type":"BreadcrumbList","@id":"https:\/\/luan.webrt.net\/qhome\/san-pham\/ghe-xoay-van-phong-qgx17\/#breadcrumb","itemListElement":[{"@type":"ListItem","position":1,"name":"Trang ch\u1ee7","item":"https:\/\/luan.webrt.net\/qhome\/"},{"@type":"ListItem","position":2,"name":"Shop","item":"https:\/\/luan.webrt.net\/qhome\/shop\/"},{"@type":"ListItem","position":3,"name":"Gh\u1ebf xoay v\u0103n ph\u00f2ng QGX17"}]},{"@type":"WebSite","@id":"https:\/\/luan.webrt.net\/qhome\/#website","url":"https:\/\/luan.webrt.net\/qhome\/","name":"M\u1eabu web n\u1ed9i th\u1ea5t","description":"QGHome Vi\u1ec7t Nam","publisher":{"@id":"https:\/\/luan.webrt.net\/qhome\/#organization"},"potentialAction":[{"@type":"SearchAction","target":{"@type":"EntryPoint","urlTemplate":"https:\/\/luan.webrt.net\/qhome\/?s={search_term_string}"},"query-input":"required name=search_term_string"}],"inLanguage":"vi"},{"@type":"Organization","@id":"https:\/\/luan.webrt.net\/qhome\/#organization","name":"QGHome","url":"https:\/\/luan.webrt.net\/qhome\/","logo":{"@type":"ImageObject","inLanguage":"vi","@id":"https:\/\/luan.webrt.net\/qhome\/#\/schema\/logo\/image\/","url":"https:\/\/qghome.vn\/wp-content\/uploads\/2025\/08\/logo-mau-MauTH-21.png","contentUrl":"https:\/\/qghome.vn\/wp-content\/uploads\/2025\/08\/logo-mau-MauTH-21.png","width":253,"height":99,"caption":"QGHome"},"image":{"@id":"https:\/\/luan.webrt.net\/qhome\/#\/schema\/logo\/image\/"},"sameAs":["https:\/\/www.tiktok.com\/@qghome.official","https:\/\/www.youtube.com\/channel\/UCeVBuKTXkv-u94DS421cklw","https:\/\/www.facebook.com\/noithatqghome"]}]}},"_links":{"self":[{"href":"https:\/\/luan.webrt.net\/qhome\/wp-json\/wp\/v2\/product\/6923","targetHints":{"allow":["GET"]}}],"collection":[{"href":"https:\/\/luan.webrt.net\/qhome\/wp-json\/wp\/v2\/product"}],"about":[{"href":"https:\/\/luan.webrt.net\/qhome\/wp-json\/wp\/v2\/types\/product"}],"replies":[{"embeddable":true,"href":"https:\/\/luan.webrt.net\/qhome\/wp-json\/wp\/v2\/comments?post=6923"}],"wp:featuredmedia":[{"embeddable":true,"href":"https:\/\/luan.webrt.net\/qhome\/wp-json\/wp\/v2\/media\/6924"}],"wp:attachment":[{"href":"https:\/\/luan.webrt.net\/qhome\/wp-json\/wp\/v2\/media?parent=6923"}],"wp:term":[{"taxonomy":"product_cat","embeddable":true,"href":"https:\/\/luan.webrt.net\/qhome\/wp-json\/wp\/v2\/product_cat?post=6923"},{"taxonomy":"product_tag","embeddable":true,"href":"https:\/\/luan.webrt.net\/qhome\/wp-json\/wp\/v2\/product_tag?post=6923"}],"curies":[{"name":"wp","href":"https:\/\/api.w.org\/{rel}","templated":true}]}}