{"id":6912,"date":"2023-12-13T10:57:50","date_gmt":"2023-12-13T10:57:50","guid":{"rendered":"https:\/\/qghome.vn\/?post_type=product&#038;p=6912"},"modified":"2024-04-19T09:33:05","modified_gmt":"2024-04-19T09:33:05","slug":"ghe-xoay-van-phong-qgx15","status":"publish","type":"product","link":"https:\/\/luan.webrt.net\/qhome\/san-pham\/ghe-xoay-van-phong-qgx15\/","title":{"rendered":"Gh\u1ebf xoay v\u0103n ph\u00f2ng QGX15"},"content":{"rendered":"<h3><strong>Gh\u1ebf xoay v\u0103n ph\u00f2ng QGX15<\/strong><\/h3>\n<p><span style=\"color: #282828;\">Gh\u1ebf xoay ng\u1ea3 l\u01b0ng t\u1ef1a \u0111\u1ea7u QGX15 m\u00e0u \u0111en v\u1edbi gi\u00e1 c\u1ea3 ph\u1ea3i ch\u0103ng. Gh\u1ebf n\u00e0y s\u1ebd mang l\u1ea1i s\u1ef1 tho\u1ea3i m\u00e1i cho b\u1ea1n khi ng\u1ed3i l\u00e0m vi\u1ec7c. N\u00f3 \u0111\u01b0\u1ee3c l\u00e0m ch\u1eafc ch\u1eafn v\u1edbi l\u1edbp l\u01b0\u1edbi d\u00e0y m\u1ecbn gi\u00fap b\u1ea1n th\u01b0 gi\u00e3n c\u01a1 th\u1ec3 khi l\u00e0m vi\u1ec7c. \u0110\u1eb7c bi\u1ec7t, ch\u00e2n gh\u1ebf xoay gi\u00fap b\u1ea1n di chuy\u1ec3n d\u1ec5 d\u00e0ng trong ph\u00f2ng l\u00e0m vi\u1ec7c.<\/span><\/p>\n<p><span style=\"color: #282828;\">M\u1ed9t \u0111\u1eb7c \u0111i\u1ec3m kh\u00e1c c\u1ee7a gh\u1ebf n\u00e0y l\u00e0 kh\u1ea3 n\u0103ng \u0111i\u1ec1u ch\u1ec9nh chi\u1ec1u cao d\u1ec5 d\u00e0ng th\u00f4ng qua c\u01a1 ch\u1ebf b\u00edt t\u00f4ng. Th\u01b0\u1eddng \u0111\u01b0\u1ee3c s\u1eed d\u1ee5ng trong ph\u00f2ng l\u00e0m vi\u1ec7c, gh\u1ebf n\u00e0y gi\u00fap t\u0103ng c\u01b0\u1eddng hi\u1ec7u su\u1ea5t l\u00e0m vi\u1ec7c.<\/span><\/p>\n<p><span style=\"color: #282828;\">N\u1ebfu b\u1ea1n mu\u1ed1n s\u1edf h\u1eefu nh\u1eefng m\u1eabu n\u1ed9i th\u1ea5t v\u0103n ph\u00f2ng \u0111\u1eb9p, h\u00e3y \u0111\u1ebfn N\u00f4\u0323i Th\u00e2\u0301t QGHOME ngay h\u00f4m nay. T\u1ea1i \u0111\u00e2y, b\u1ea1n c\u00f3 th\u1ec3 t\u00ecm th\u1ea5y b\u00e0n gh\u1ebf v\u0103n ph\u00f2ng v\u00e0 nhi\u1ec1u s\u1ea3n ph\u1ea9m n\u1ed9i th\u1ea5t gia \u0111\u00ecnh kh\u00e1c nh\u01b0 k\u1ec7 s\u1eaft V l\u1ed7 4 t\u1ea7ng, b\u00e0n li\u1ec1n gi\u00e1 s\u00e1ch 1m2 v\u1edbi gi\u00e1 r\u1ebb. Ch\u00fang t\u00f4i cam k\u1ebft s\u1ebd mang \u0111\u1ebfn s\u1ef1 h\u00e0i l\u00f2ng cho b\u1ea1n khi b\u1ea1n ch\u1ecdn s\u1ea3n ph\u1ea9m t\u1ea1i \u0111\u00e2y.<\/span><\/p>\n<p><span style=\"color: #282828;\">\u0110\u1eb7c \u0111i\u1ec3m c\u1ee7a gh\u1ebf xoay QGX15 gi\u00e1 r\u1ebb:<\/span><\/p>\n<ul>\n<li><span style=\"color: #282828;\">Ch\u1ea5t li\u1ec7u: Da PU, tay nh\u1ef1a ch\u1eef T c\u1ed1 \u0111\u1ecbnh, ch\u00e2n sao m\u1ea1 crome<\/span><\/li>\n<li><span style=\"color: #282828;\">K\u00edch th\u01b0\u1edbc: 60x61x106-116cm<\/span><\/li>\n<li><span style=\"color: #282828;\">M\u00e0u s\u1eafc: \u0110en<\/span><\/li>\n<\/ul>\n","protected":false},"excerpt":{"rendered":"<p>Gh\u1ebf xoay v\u0103n ph\u00f2ng l\u01b0ng l\u01b0\u1edbi \u0111i\u1ec1u ch\u1ec9nh \u0111\u1ed9 cao<br \/>\nMi\u1ec5n Ph\u00ed: T\u01b0 v\u1ea5n thi\u1ebft k\u1ebf v\u0103n ph\u00f2ng v\u00e0 l\u1eafp \u0111\u1eb7t n\u1ed9i th\u1ea5t v\u0103n ph\u00f2ng<br \/>\nMi\u1ec5n Ph\u00ed: V\u1eadn chuy\u1ec3n v\u1edbi \u0111\u01a1n h\u00e0ng tr\u00ean 10 Tri\u1ec7u v\u1edbi c\u00e1c Qu\u1eadn n\u1ed9i th\u00e0nh.<br \/>\nGi\u00e1 n\u00e0y ch\u01b0a bao g\u1ed3m: VAT v\u00e0 Ph\u00ed giao h\u00e0ng<\/p>\n","protected":false},"featured_media":6913,"comment_status":"open","ping_status":"closed","template":"","meta":[],"product_cat":[296],"product_tag":[],"class_list":["post-6912","product","type-product","status-publish","has-post-thumbnail","hentry","product_cat-ghe-xoay-van-phong"],"yoast_head":"<!-- This site is optimized with the Yoast SEO plugin v19.9 - https:\/\/yoast.com\/wordpress\/plugins\/seo\/ -->\n<title>Gh\u1ebf xoay v\u0103n ph\u00f2ng QGX15<\/title>\n<meta name=\"description\" content=\"QGHome Chuy\u00ean cung c\u1ea5p Gh\u1ebf xoay v\u0103n ph\u00f2ng l\u01b0ng l\u01b0\u1edbi \u0111i\u1ec1u ch\u1ec9nh \u0111\u1ed9 cao c\u00f3 t\u1ef1a l\u01b0ng t\u1ef1a \u0111\u1ea7u cao c\u1ea5p, gi\u00e1 t\u1ed1t nh\u1ea5t, cam k\u1ebft ch\u1ea5t l\u01b0\u1ee3ng\" \/>\n<meta name=\"robots\" content=\"index, follow, max-snippet:-1, max-image-preview:large, max-video-preview:-1\" \/>\n<link rel=\"canonical\" href=\"https:\/\/luan.webrt.net\/qhome\/san-pham\/ghe-xoay-van-phong-qgx15\/\" \/>\n<meta property=\"og:locale\" content=\"vi_VN\" \/>\n<meta property=\"og:type\" content=\"article\" \/>\n<meta property=\"og:title\" content=\"Gh\u1ebf xoay v\u0103n ph\u00f2ng QGX15\" \/>\n<meta property=\"og:description\" content=\"QGHome Chuy\u00ean cung c\u1ea5p Gh\u1ebf xoay v\u0103n ph\u00f2ng l\u01b0ng l\u01b0\u1edbi \u0111i\u1ec1u ch\u1ec9nh \u0111\u1ed9 cao c\u00f3 t\u1ef1a l\u01b0ng t\u1ef1a \u0111\u1ea7u cao c\u1ea5p, gi\u00e1 t\u1ed1t nh\u1ea5t, cam k\u1ebft ch\u1ea5t l\u01b0\u1ee3ng\" \/>\n<meta property=\"og:url\" content=\"https:\/\/luan.webrt.net\/qhome\/san-pham\/ghe-xoay-van-phong-qgx15\/\" \/>\n<meta property=\"og:site_name\" content=\"M\u1eabu web n\u1ed9i th\u1ea5t\" \/>\n<meta property=\"article:publisher\" content=\"https:\/\/www.facebook.com\/noithatqghome\" \/>\n<meta property=\"article:modified_time\" content=\"2024-04-19T09:33:05+00:00\" \/>\n<meta property=\"og:image\" content=\"https:\/\/luan.webrt.net\/qhome\/wp-content\/uploads\/2023\/12\/ghe-xoay-van-phong-qg15-2.jpg\" \/>\n\t<meta property=\"og:image:width\" content=\"247\" \/>\n\t<meta property=\"og:image:height\" content=\"247\" \/>\n\t<meta property=\"og:image:type\" content=\"image\/jpeg\" \/>\n<meta name=\"twitter:card\" content=\"summary_large_image\" \/>\n<meta name=\"twitter:label1\" content=\"\u01af\u1edbc t\u00ednh th\u1eddi gian \u0111\u1ecdc\" \/>\n\t<meta name=\"twitter:data1\" content=\"2 ph\u00fat\" \/>\n<script type=\"application\/ld+json\" class=\"yoast-schema-graph\">{\"@context\":\"https:\/\/schema.org\",\"@graph\":[{\"@type\":\"WebPage\",\"@id\":\"https:\/\/luan.webrt.net\/qhome\/san-pham\/ghe-xoay-van-phong-qgx15\/\",\"url\":\"https:\/\/luan.webrt.net\/qhome\/san-pham\/ghe-xoay-van-phong-qgx15\/\",\"name\":\"Gh\u1ebf xoay v\u0103n ph\u00f2ng QGX15\",\"isPartOf\":{\"@id\":\"https:\/\/luan.webrt.net\/qhome\/#website\"},\"datePublished\":\"2023-12-13T10:57:50+00:00\",\"dateModified\":\"2024-04-19T09:33:05+00:00\",\"description\":\"QGHome Chuy\u00ean cung c\u1ea5p Gh\u1ebf xoay v\u0103n ph\u00f2ng l\u01b0ng l\u01b0\u1edbi \u0111i\u1ec1u ch\u1ec9nh \u0111\u1ed9 cao c\u00f3 t\u1ef1a l\u01b0ng t\u1ef1a \u0111\u1ea7u cao c\u1ea5p, gi\u00e1 t\u1ed1t nh\u1ea5t, cam k\u1ebft ch\u1ea5t l\u01b0\u1ee3ng\",\"breadcrumb\":{\"@id\":\"https:\/\/luan.webrt.net\/qhome\/san-pham\/ghe-xoay-van-phong-qgx15\/#breadcrumb\"},\"inLanguage\":\"vi\",\"potentialAction\":[{\"@type\":\"ReadAction\",\"target\":[\"https:\/\/luan.webrt.net\/qhome\/san-pham\/ghe-xoay-van-phong-qgx15\/\"]}]},{\"@type\":\"BreadcrumbList\",\"@id\":\"https:\/\/luan.webrt.net\/qhome\/san-pham\/ghe-xoay-van-phong-qgx15\/#breadcrumb\",\"itemListElement\":[{\"@type\":\"ListItem\",\"position\":1,\"name\":\"Trang ch\u1ee7\",\"item\":\"https:\/\/luan.webrt.net\/qhome\/\"},{\"@type\":\"ListItem\",\"position\":2,\"name\":\"Shop\",\"item\":\"https:\/\/luan.webrt.net\/qhome\/shop\/\"},{\"@type\":\"ListItem\",\"position\":3,\"name\":\"Gh\u1ebf xoay v\u0103n ph\u00f2ng QGX15\"}]},{\"@type\":\"WebSite\",\"@id\":\"https:\/\/luan.webrt.net\/qhome\/#website\",\"url\":\"https:\/\/luan.webrt.net\/qhome\/\",\"name\":\"M\u1eabu web n\u1ed9i th\u1ea5t\",\"description\":\"QGHome Vi\u1ec7t Nam\",\"publisher\":{\"@id\":\"https:\/\/luan.webrt.net\/qhome\/#organization\"},\"potentialAction\":[{\"@type\":\"SearchAction\",\"target\":{\"@type\":\"EntryPoint\",\"urlTemplate\":\"https:\/\/luan.webrt.net\/qhome\/?s={search_term_string}\"},\"query-input\":\"required name=search_term_string\"}],\"inLanguage\":\"vi\"},{\"@type\":\"Organization\",\"@id\":\"https:\/\/luan.webrt.net\/qhome\/#organization\",\"name\":\"QGHome\",\"url\":\"https:\/\/luan.webrt.net\/qhome\/\",\"logo\":{\"@type\":\"ImageObject\",\"inLanguage\":\"vi\",\"@id\":\"https:\/\/luan.webrt.net\/qhome\/#\/schema\/logo\/image\/\",\"url\":\"https:\/\/qghome.vn\/wp-content\/uploads\/2025\/08\/logo-mau-MauTH-21.png\",\"contentUrl\":\"https:\/\/qghome.vn\/wp-content\/uploads\/2025\/08\/logo-mau-MauTH-21.png\",\"width\":253,\"height\":99,\"caption\":\"QGHome\"},\"image\":{\"@id\":\"https:\/\/luan.webrt.net\/qhome\/#\/schema\/logo\/image\/\"},\"sameAs\":[\"https:\/\/www.tiktok.com\/@qghome.official\",\"https:\/\/www.youtube.com\/channel\/UCeVBuKTXkv-u94DS421cklw\",\"https:\/\/www.facebook.com\/noithatqghome\"]}]}<\/script>\n<!-- \/ Yoast SEO plugin. -->","yoast_head_json":{"title":"Gh\u1ebf xoay v\u0103n ph\u00f2ng QGX15","description":"QGHome Chuy\u00ean cung c\u1ea5p Gh\u1ebf xoay v\u0103n ph\u00f2ng l\u01b0ng l\u01b0\u1edbi \u0111i\u1ec1u ch\u1ec9nh \u0111\u1ed9 cao c\u00f3 t\u1ef1a l\u01b0ng t\u1ef1a \u0111\u1ea7u cao c\u1ea5p, gi\u00e1 t\u1ed1t nh\u1ea5t, cam k\u1ebft ch\u1ea5t l\u01b0\u1ee3ng","robots":{"index":"index","follow":"follow","max-snippet":"max-snippet:-1","max-image-preview":"max-image-preview:large","max-video-preview":"max-video-preview:-1"},"canonical":"https:\/\/luan.webrt.net\/qhome\/san-pham\/ghe-xoay-van-phong-qgx15\/","og_locale":"vi_VN","og_type":"article","og_title":"Gh\u1ebf xoay v\u0103n ph\u00f2ng QGX15","og_description":"QGHome Chuy\u00ean cung c\u1ea5p Gh\u1ebf xoay v\u0103n ph\u00f2ng l\u01b0ng l\u01b0\u1edbi \u0111i\u1ec1u ch\u1ec9nh \u0111\u1ed9 cao c\u00f3 t\u1ef1a l\u01b0ng t\u1ef1a \u0111\u1ea7u cao c\u1ea5p, gi\u00e1 t\u1ed1t nh\u1ea5t, cam k\u1ebft ch\u1ea5t l\u01b0\u1ee3ng","og_url":"https:\/\/luan.webrt.net\/qhome\/san-pham\/ghe-xoay-van-phong-qgx15\/","og_site_name":"M\u1eabu web n\u1ed9i th\u1ea5t","article_publisher":"https:\/\/www.facebook.com\/noithatqghome","article_modified_time":"2024-04-19T09:33:05+00:00","og_image":[{"width":247,"height":247,"url":"https:\/\/luan.webrt.net\/qhome\/wp-content\/uploads\/2023\/12\/ghe-xoay-van-phong-qg15-2.jpg","type":"image\/jpeg"}],"twitter_card":"summary_large_image","twitter_misc":{"\u01af\u1edbc t\u00ednh th\u1eddi gian \u0111\u1ecdc":"2 ph\u00fat"},"schema":{"@context":"https:\/\/schema.org","@graph":[{"@type":"WebPage","@id":"https:\/\/luan.webrt.net\/qhome\/san-pham\/ghe-xoay-van-phong-qgx15\/","url":"https:\/\/luan.webrt.net\/qhome\/san-pham\/ghe-xoay-van-phong-qgx15\/","name":"Gh\u1ebf xoay v\u0103n ph\u00f2ng QGX15","isPartOf":{"@id":"https:\/\/luan.webrt.net\/qhome\/#website"},"datePublished":"2023-12-13T10:57:50+00:00","dateModified":"2024-04-19T09:33:05+00:00","description":"QGHome Chuy\u00ean cung c\u1ea5p Gh\u1ebf xoay v\u0103n ph\u00f2ng l\u01b0ng l\u01b0\u1edbi \u0111i\u1ec1u ch\u1ec9nh \u0111\u1ed9 cao c\u00f3 t\u1ef1a l\u01b0ng t\u1ef1a \u0111\u1ea7u cao c\u1ea5p, gi\u00e1 t\u1ed1t nh\u1ea5t, cam k\u1ebft ch\u1ea5t l\u01b0\u1ee3ng","breadcrumb":{"@id":"https:\/\/luan.webrt.net\/qhome\/san-pham\/ghe-xoay-van-phong-qgx15\/#breadcrumb"},"inLanguage":"vi","potentialAction":[{"@type":"ReadAction","target":["https:\/\/luan.webrt.net\/qhome\/san-pham\/ghe-xoay-van-phong-qgx15\/"]}]},{"@type":"BreadcrumbList","@id":"https:\/\/luan.webrt.net\/qhome\/san-pham\/ghe-xoay-van-phong-qgx15\/#breadcrumb","itemListElement":[{"@type":"ListItem","position":1,"name":"Trang ch\u1ee7","item":"https:\/\/luan.webrt.net\/qhome\/"},{"@type":"ListItem","position":2,"name":"Shop","item":"https:\/\/luan.webrt.net\/qhome\/shop\/"},{"@type":"ListItem","position":3,"name":"Gh\u1ebf xoay v\u0103n ph\u00f2ng QGX15"}]},{"@type":"WebSite","@id":"https:\/\/luan.webrt.net\/qhome\/#website","url":"https:\/\/luan.webrt.net\/qhome\/","name":"M\u1eabu web n\u1ed9i th\u1ea5t","description":"QGHome Vi\u1ec7t Nam","publisher":{"@id":"https:\/\/luan.webrt.net\/qhome\/#organization"},"potentialAction":[{"@type":"SearchAction","target":{"@type":"EntryPoint","urlTemplate":"https:\/\/luan.webrt.net\/qhome\/?s={search_term_string}"},"query-input":"required name=search_term_string"}],"inLanguage":"vi"},{"@type":"Organization","@id":"https:\/\/luan.webrt.net\/qhome\/#organization","name":"QGHome","url":"https:\/\/luan.webrt.net\/qhome\/","logo":{"@type":"ImageObject","inLanguage":"vi","@id":"https:\/\/luan.webrt.net\/qhome\/#\/schema\/logo\/image\/","url":"https:\/\/qghome.vn\/wp-content\/uploads\/2025\/08\/logo-mau-MauTH-21.png","contentUrl":"https:\/\/qghome.vn\/wp-content\/uploads\/2025\/08\/logo-mau-MauTH-21.png","width":253,"height":99,"caption":"QGHome"},"image":{"@id":"https:\/\/luan.webrt.net\/qhome\/#\/schema\/logo\/image\/"},"sameAs":["https:\/\/www.tiktok.com\/@qghome.official","https:\/\/www.youtube.com\/channel\/UCeVBuKTXkv-u94DS421cklw","https:\/\/www.facebook.com\/noithatqghome"]}]}},"_links":{"self":[{"href":"https:\/\/luan.webrt.net\/qhome\/wp-json\/wp\/v2\/product\/6912","targetHints":{"allow":["GET"]}}],"collection":[{"href":"https:\/\/luan.webrt.net\/qhome\/wp-json\/wp\/v2\/product"}],"about":[{"href":"https:\/\/luan.webrt.net\/qhome\/wp-json\/wp\/v2\/types\/product"}],"replies":[{"embeddable":true,"href":"https:\/\/luan.webrt.net\/qhome\/wp-json\/wp\/v2\/comments?post=6912"}],"wp:featuredmedia":[{"embeddable":true,"href":"https:\/\/luan.webrt.net\/qhome\/wp-json\/wp\/v2\/media\/6913"}],"wp:attachment":[{"href":"https:\/\/luan.webrt.net\/qhome\/wp-json\/wp\/v2\/media?parent=6912"}],"wp:term":[{"taxonomy":"product_cat","embeddable":true,"href":"https:\/\/luan.webrt.net\/qhome\/wp-json\/wp\/v2\/product_cat?post=6912"},{"taxonomy":"product_tag","embeddable":true,"href":"https:\/\/luan.webrt.net\/qhome\/wp-json\/wp\/v2\/product_tag?post=6912"}],"curies":[{"name":"wp","href":"https:\/\/api.w.org\/{rel}","templated":true}]}}