{"id":6907,"date":"2023-12-13T09:16:02","date_gmt":"2023-12-13T09:16:02","guid":{"rendered":"https:\/\/qghome.vn\/?post_type=product&#038;p=6907"},"modified":"2025-05-24T04:40:04","modified_gmt":"2025-05-24T04:40:04","slug":"ghe-xoay-van-phong-qgx13","status":"publish","type":"product","link":"https:\/\/luan.webrt.net\/qhome\/san-pham\/ghe-xoay-van-phong-qgx13\/","title":{"rendered":"Gh\u1ebf xoay v\u0103n ph\u00f2ng QGX13"},"content":{"rendered":"<h3><strong>Gh\u1ebf xoay v\u0103n ph\u00f2ng QGX13<\/strong><\/h3>\n<p><span style=\"color: #282828;\">Gh\u1ebf \u0111\u01b0\u1ee3c thi\u1ebft k\u1ebf v\u1eefng ch\u1eafc v\u1edbi l\u1edbp l\u01b0\u1edbi d\u00e0y m\u1ecbn, gi\u00fap b\u1ea1n th\u1ea3 l\u1ecfng c\u01a1 th\u1ec3 trong qu\u00e1 tr\u00ecnh l\u00e0m vi\u1ec7c. \u0110\u1eb7c bi\u1ec7t, ch\u00e2n gh\u1ebf xoay gi\u00fap b\u1ea1n d\u1ec5 d\u00e0ng di chuy\u1ec3n trong ph\u00f2ng l\u00e0m vi\u1ec7c.<\/span><\/p>\n<p><span style=\"color: #282828;\">\u0110i\u1ec3m \u0111\u1eb7c bi\u1ec7t kh\u00e1c c\u1ee7a gh\u1ebf n\u00e0y l\u00e0 kh\u1ea3 n\u0103ng d\u1ec5 d\u00e0ng \u0111i\u1ec1u ch\u1ec9nh chi\u1ec1u cao b\u1eb1ng b\u00edt t\u00f4ng \u0111\u1ea9y l\u00ean xu\u1ed1ng. \u0110i\u1ec1u n\u00e0y gi\u00fap t\u00f9y ch\u1ec9nh ph\u00f9 h\u1ee3p v\u1edbi chi\u1ec1u cao v\u00e0 v\u1ecb tr\u00ed l\u00e0m vi\u1ec7c c\u1ee7a b\u1ea1n. Lo\u1ea1i gh\u1ebf n\u00e0y th\u01b0\u1eddng \u0111\u01b0\u1ee3c \u0111\u1eb7t trong ph\u00f2ng l\u00e0m vi\u1ec7c \u0111\u1ec3 t\u0103ng hi\u1ec7u qu\u1ea3 l\u00e0m vi\u1ec7c.<\/span><\/p>\n<p><span style=\"color: #282828;\">H\u00e3y s\u1edf h\u1eefu ngay nh\u1eefng m\u1eabu n\u1ed9i th\u1ea5t v\u0103n ph\u00f2ng \u0111\u1eb9p t\u1ea1i N\u00f4\u0323i Th\u00e2\u0301t QGHOME. Ch\u00fang t\u00f4i cung c\u1ea5p \u0111a d\u1ea1ng s\u1ea3n ph\u1ea9m nh\u01b0 gh\u1ebf ch\u00e2n qu\u1ef3 l\u01b0ng da th\u1ea5p gi\u00e1 r\u1ebb, b\u00e0n gi\u00e1m \u0111\u1ed1c 1m8 v\u00e0 nhi\u1ec1u s\u1ea3n ph\u1ea9m n\u1ed9i th\u1ea5t gia \u0111\u00ecnh kh\u00e1c. Ch\u1eafc ch\u1eafn b\u1ea1n s\u1ebd h\u00e0i l\u00f2ng khi \u0111\u1ebfn \u0111\u00e2y ch\u1ecdn l\u1ef1a s\u1ea3n ph\u1ea9m.<\/span><\/p>\n<p><span style=\"color: #282828;\">Th\u00f4ng tin chi ti\u1ebft v\u1ec1 Gh\u1ebf Xoay L\u01b0ng Da Gi\u00e1 R\u1ebb:<\/span><\/p>\n<ul>\n<li><span style=\"color: #282828;\">Ch\u1ea5t li\u1ec7u: L\u01b0ng th\u1ea5p, th\u00e2n gh\u1ebf b\u1eb1ng th\u00e9p m\u1ea1 chrome, t\u1ef1a l\u01b0ng da c\u00f4ng nghi\u1ec7p, tay s\u1eaft m\u1ea1 chrome, b\u00e1nh xe nh\u1ef1a, piston n\u00e2ng h\u1ea1<\/span><\/li>\n<li><span style=\"color: #282828;\">K\u00edch th\u01b0\u1edbc: 58x50x88-93cm<\/span><\/li>\n<li><span style=\"color: #282828;\">M\u00e0u s\u1eafc: \u0110en<\/span><\/li>\n<\/ul>\n","protected":false},"excerpt":{"rendered":"<p>Gh\u1ebf xoay v\u0103n ph\u00f2ng l\u01b0ng l\u01b0\u1edbi \u0111i\u1ec1u ch\u1ec9nh \u0111\u1ed9 cao<br \/>\nMi\u1ec5n Ph\u00ed: T\u01b0 v\u1ea5n thi\u1ebft k\u1ebf v\u0103n ph\u00f2ng v\u00e0 l\u1eafp \u0111\u1eb7t n\u1ed9i th\u1ea5t v\u0103n ph\u00f2ng<br \/>\nMi\u1ec5n Ph\u00ed: V\u1eadn chuy\u1ec3n v\u1edbi \u0111\u01a1n h\u00e0ng tr\u00ean 10 Tri\u1ec7u v\u1edbi c\u00e1c Qu\u1eadn n\u1ed9i th\u00e0nh.<br \/>\nGi\u00e1 n\u00e0y ch\u01b0a bao g\u1ed3m: VAT v\u00e0 Ph\u00ed giao h\u00e0ng<\/p>\n","protected":false},"featured_media":6908,"comment_status":"open","ping_status":"closed","template":"","meta":[],"product_cat":[296],"product_tag":[],"class_list":["post-6907","product","type-product","status-publish","has-post-thumbnail","hentry","product_cat-ghe-xoay-van-phong"],"yoast_head":"<!-- This site is optimized with the Yoast SEO plugin v19.9 - https:\/\/yoast.com\/wordpress\/plugins\/seo\/ -->\n<title>Gh\u1ebf xoay v\u0103n ph\u00f2ng QGX13<\/title>\n<meta name=\"description\" content=\"QGHome Chuy\u00ean cung c\u1ea5p Gh\u1ebf xoay v\u0103n ph\u00f2ng l\u01b0ng l\u01b0\u1edbi \u0111i\u1ec1u ch\u1ec9nh \u0111\u1ed9 cao c\u00f3 t\u1ef1a l\u01b0ng t\u1ef1a \u0111\u1ea7u cao c\u1ea5p, gi\u00e1 t\u1ed1t nh\u1ea5t, cam k\u1ebft ch\u1ea5t l\u01b0\u1ee3ng\" \/>\n<meta name=\"robots\" content=\"index, follow, max-snippet:-1, max-image-preview:large, max-video-preview:-1\" \/>\n<link rel=\"canonical\" href=\"https:\/\/luan.webrt.net\/qhome\/san-pham\/ghe-xoay-van-phong-qgx13\/\" \/>\n<meta property=\"og:locale\" content=\"vi_VN\" \/>\n<meta property=\"og:type\" content=\"article\" \/>\n<meta property=\"og:title\" content=\"Gh\u1ebf xoay v\u0103n ph\u00f2ng QGX13\" \/>\n<meta property=\"og:description\" content=\"QGHome Chuy\u00ean cung c\u1ea5p Gh\u1ebf xoay v\u0103n ph\u00f2ng l\u01b0ng l\u01b0\u1edbi \u0111i\u1ec1u ch\u1ec9nh \u0111\u1ed9 cao c\u00f3 t\u1ef1a l\u01b0ng t\u1ef1a \u0111\u1ea7u cao c\u1ea5p, gi\u00e1 t\u1ed1t nh\u1ea5t, cam k\u1ebft ch\u1ea5t l\u01b0\u1ee3ng\" \/>\n<meta property=\"og:url\" content=\"https:\/\/luan.webrt.net\/qhome\/san-pham\/ghe-xoay-van-phong-qgx13\/\" \/>\n<meta property=\"og:site_name\" content=\"M\u1eabu web n\u1ed9i th\u1ea5t\" \/>\n<meta property=\"article:publisher\" content=\"https:\/\/www.facebook.com\/noithatqghome\" \/>\n<meta property=\"article:modified_time\" content=\"2025-05-24T04:40:04+00:00\" \/>\n<meta property=\"og:image\" content=\"https:\/\/luan.webrt.net\/qhome\/wp-content\/uploads\/2023\/12\/ghe-xoay-van-phong-qg13-4.jpg\" \/>\n\t<meta property=\"og:image:width\" content=\"768\" \/>\n\t<meta property=\"og:image:height\" content=\"768\" \/>\n\t<meta property=\"og:image:type\" content=\"image\/jpeg\" \/>\n<meta name=\"twitter:card\" content=\"summary_large_image\" \/>\n<meta name=\"twitter:label1\" content=\"\u01af\u1edbc t\u00ednh th\u1eddi gian \u0111\u1ecdc\" \/>\n\t<meta name=\"twitter:data1\" content=\"2 ph\u00fat\" \/>\n<script type=\"application\/ld+json\" class=\"yoast-schema-graph\">{\"@context\":\"https:\/\/schema.org\",\"@graph\":[{\"@type\":\"WebPage\",\"@id\":\"https:\/\/luan.webrt.net\/qhome\/san-pham\/ghe-xoay-van-phong-qgx13\/\",\"url\":\"https:\/\/luan.webrt.net\/qhome\/san-pham\/ghe-xoay-van-phong-qgx13\/\",\"name\":\"Gh\u1ebf xoay v\u0103n ph\u00f2ng QGX13\",\"isPartOf\":{\"@id\":\"https:\/\/luan.webrt.net\/qhome\/#website\"},\"datePublished\":\"2023-12-13T09:16:02+00:00\",\"dateModified\":\"2025-05-24T04:40:04+00:00\",\"description\":\"QGHome Chuy\u00ean cung c\u1ea5p Gh\u1ebf xoay v\u0103n ph\u00f2ng l\u01b0ng l\u01b0\u1edbi \u0111i\u1ec1u ch\u1ec9nh \u0111\u1ed9 cao c\u00f3 t\u1ef1a l\u01b0ng t\u1ef1a \u0111\u1ea7u cao c\u1ea5p, gi\u00e1 t\u1ed1t nh\u1ea5t, cam k\u1ebft ch\u1ea5t l\u01b0\u1ee3ng\",\"breadcrumb\":{\"@id\":\"https:\/\/luan.webrt.net\/qhome\/san-pham\/ghe-xoay-van-phong-qgx13\/#breadcrumb\"},\"inLanguage\":\"vi\",\"potentialAction\":[{\"@type\":\"ReadAction\",\"target\":[\"https:\/\/luan.webrt.net\/qhome\/san-pham\/ghe-xoay-van-phong-qgx13\/\"]}]},{\"@type\":\"BreadcrumbList\",\"@id\":\"https:\/\/luan.webrt.net\/qhome\/san-pham\/ghe-xoay-van-phong-qgx13\/#breadcrumb\",\"itemListElement\":[{\"@type\":\"ListItem\",\"position\":1,\"name\":\"Trang ch\u1ee7\",\"item\":\"https:\/\/luan.webrt.net\/qhome\/\"},{\"@type\":\"ListItem\",\"position\":2,\"name\":\"Shop\",\"item\":\"https:\/\/luan.webrt.net\/qhome\/shop\/\"},{\"@type\":\"ListItem\",\"position\":3,\"name\":\"Gh\u1ebf xoay v\u0103n ph\u00f2ng QGX13\"}]},{\"@type\":\"WebSite\",\"@id\":\"https:\/\/luan.webrt.net\/qhome\/#website\",\"url\":\"https:\/\/luan.webrt.net\/qhome\/\",\"name\":\"M\u1eabu web n\u1ed9i th\u1ea5t\",\"description\":\"QGHome Vi\u1ec7t Nam\",\"publisher\":{\"@id\":\"https:\/\/luan.webrt.net\/qhome\/#organization\"},\"potentialAction\":[{\"@type\":\"SearchAction\",\"target\":{\"@type\":\"EntryPoint\",\"urlTemplate\":\"https:\/\/luan.webrt.net\/qhome\/?s={search_term_string}\"},\"query-input\":\"required name=search_term_string\"}],\"inLanguage\":\"vi\"},{\"@type\":\"Organization\",\"@id\":\"https:\/\/luan.webrt.net\/qhome\/#organization\",\"name\":\"QGHome\",\"url\":\"https:\/\/luan.webrt.net\/qhome\/\",\"logo\":{\"@type\":\"ImageObject\",\"inLanguage\":\"vi\",\"@id\":\"https:\/\/luan.webrt.net\/qhome\/#\/schema\/logo\/image\/\",\"url\":\"https:\/\/qghome.vn\/wp-content\/uploads\/2025\/08\/logo-mau-MauTH-21.png\",\"contentUrl\":\"https:\/\/qghome.vn\/wp-content\/uploads\/2025\/08\/logo-mau-MauTH-21.png\",\"width\":253,\"height\":99,\"caption\":\"QGHome\"},\"image\":{\"@id\":\"https:\/\/luan.webrt.net\/qhome\/#\/schema\/logo\/image\/\"},\"sameAs\":[\"https:\/\/www.tiktok.com\/@qghome.official\",\"https:\/\/www.youtube.com\/channel\/UCeVBuKTXkv-u94DS421cklw\",\"https:\/\/www.facebook.com\/noithatqghome\"]}]}<\/script>\n<!-- \/ Yoast SEO plugin. -->","yoast_head_json":{"title":"Gh\u1ebf xoay v\u0103n ph\u00f2ng QGX13","description":"QGHome Chuy\u00ean cung c\u1ea5p Gh\u1ebf xoay v\u0103n ph\u00f2ng l\u01b0ng l\u01b0\u1edbi \u0111i\u1ec1u ch\u1ec9nh \u0111\u1ed9 cao c\u00f3 t\u1ef1a l\u01b0ng t\u1ef1a \u0111\u1ea7u cao c\u1ea5p, gi\u00e1 t\u1ed1t nh\u1ea5t, cam k\u1ebft ch\u1ea5t l\u01b0\u1ee3ng","robots":{"index":"index","follow":"follow","max-snippet":"max-snippet:-1","max-image-preview":"max-image-preview:large","max-video-preview":"max-video-preview:-1"},"canonical":"https:\/\/luan.webrt.net\/qhome\/san-pham\/ghe-xoay-van-phong-qgx13\/","og_locale":"vi_VN","og_type":"article","og_title":"Gh\u1ebf xoay v\u0103n ph\u00f2ng QGX13","og_description":"QGHome Chuy\u00ean cung c\u1ea5p Gh\u1ebf xoay v\u0103n ph\u00f2ng l\u01b0ng l\u01b0\u1edbi \u0111i\u1ec1u ch\u1ec9nh \u0111\u1ed9 cao c\u00f3 t\u1ef1a l\u01b0ng t\u1ef1a \u0111\u1ea7u cao c\u1ea5p, gi\u00e1 t\u1ed1t nh\u1ea5t, cam k\u1ebft ch\u1ea5t l\u01b0\u1ee3ng","og_url":"https:\/\/luan.webrt.net\/qhome\/san-pham\/ghe-xoay-van-phong-qgx13\/","og_site_name":"M\u1eabu web n\u1ed9i th\u1ea5t","article_publisher":"https:\/\/www.facebook.com\/noithatqghome","article_modified_time":"2025-05-24T04:40:04+00:00","og_image":[{"width":768,"height":768,"url":"https:\/\/luan.webrt.net\/qhome\/wp-content\/uploads\/2023\/12\/ghe-xoay-van-phong-qg13-4.jpg","type":"image\/jpeg"}],"twitter_card":"summary_large_image","twitter_misc":{"\u01af\u1edbc t\u00ednh th\u1eddi gian \u0111\u1ecdc":"2 ph\u00fat"},"schema":{"@context":"https:\/\/schema.org","@graph":[{"@type":"WebPage","@id":"https:\/\/luan.webrt.net\/qhome\/san-pham\/ghe-xoay-van-phong-qgx13\/","url":"https:\/\/luan.webrt.net\/qhome\/san-pham\/ghe-xoay-van-phong-qgx13\/","name":"Gh\u1ebf xoay v\u0103n ph\u00f2ng QGX13","isPartOf":{"@id":"https:\/\/luan.webrt.net\/qhome\/#website"},"datePublished":"2023-12-13T09:16:02+00:00","dateModified":"2025-05-24T04:40:04+00:00","description":"QGHome Chuy\u00ean cung c\u1ea5p Gh\u1ebf xoay v\u0103n ph\u00f2ng l\u01b0ng l\u01b0\u1edbi \u0111i\u1ec1u ch\u1ec9nh \u0111\u1ed9 cao c\u00f3 t\u1ef1a l\u01b0ng t\u1ef1a \u0111\u1ea7u cao c\u1ea5p, gi\u00e1 t\u1ed1t nh\u1ea5t, cam k\u1ebft ch\u1ea5t l\u01b0\u1ee3ng","breadcrumb":{"@id":"https:\/\/luan.webrt.net\/qhome\/san-pham\/ghe-xoay-van-phong-qgx13\/#breadcrumb"},"inLanguage":"vi","potentialAction":[{"@type":"ReadAction","target":["https:\/\/luan.webrt.net\/qhome\/san-pham\/ghe-xoay-van-phong-qgx13\/"]}]},{"@type":"BreadcrumbList","@id":"https:\/\/luan.webrt.net\/qhome\/san-pham\/ghe-xoay-van-phong-qgx13\/#breadcrumb","itemListElement":[{"@type":"ListItem","position":1,"name":"Trang ch\u1ee7","item":"https:\/\/luan.webrt.net\/qhome\/"},{"@type":"ListItem","position":2,"name":"Shop","item":"https:\/\/luan.webrt.net\/qhome\/shop\/"},{"@type":"ListItem","position":3,"name":"Gh\u1ebf xoay v\u0103n ph\u00f2ng QGX13"}]},{"@type":"WebSite","@id":"https:\/\/luan.webrt.net\/qhome\/#website","url":"https:\/\/luan.webrt.net\/qhome\/","name":"M\u1eabu web n\u1ed9i th\u1ea5t","description":"QGHome Vi\u1ec7t Nam","publisher":{"@id":"https:\/\/luan.webrt.net\/qhome\/#organization"},"potentialAction":[{"@type":"SearchAction","target":{"@type":"EntryPoint","urlTemplate":"https:\/\/luan.webrt.net\/qhome\/?s={search_term_string}"},"query-input":"required name=search_term_string"}],"inLanguage":"vi"},{"@type":"Organization","@id":"https:\/\/luan.webrt.net\/qhome\/#organization","name":"QGHome","url":"https:\/\/luan.webrt.net\/qhome\/","logo":{"@type":"ImageObject","inLanguage":"vi","@id":"https:\/\/luan.webrt.net\/qhome\/#\/schema\/logo\/image\/","url":"https:\/\/qghome.vn\/wp-content\/uploads\/2025\/08\/logo-mau-MauTH-21.png","contentUrl":"https:\/\/qghome.vn\/wp-content\/uploads\/2025\/08\/logo-mau-MauTH-21.png","width":253,"height":99,"caption":"QGHome"},"image":{"@id":"https:\/\/luan.webrt.net\/qhome\/#\/schema\/logo\/image\/"},"sameAs":["https:\/\/www.tiktok.com\/@qghome.official","https:\/\/www.youtube.com\/channel\/UCeVBuKTXkv-u94DS421cklw","https:\/\/www.facebook.com\/noithatqghome"]}]}},"_links":{"self":[{"href":"https:\/\/luan.webrt.net\/qhome\/wp-json\/wp\/v2\/product\/6907","targetHints":{"allow":["GET"]}}],"collection":[{"href":"https:\/\/luan.webrt.net\/qhome\/wp-json\/wp\/v2\/product"}],"about":[{"href":"https:\/\/luan.webrt.net\/qhome\/wp-json\/wp\/v2\/types\/product"}],"replies":[{"embeddable":true,"href":"https:\/\/luan.webrt.net\/qhome\/wp-json\/wp\/v2\/comments?post=6907"}],"wp:featuredmedia":[{"embeddable":true,"href":"https:\/\/luan.webrt.net\/qhome\/wp-json\/wp\/v2\/media\/6908"}],"wp:attachment":[{"href":"https:\/\/luan.webrt.net\/qhome\/wp-json\/wp\/v2\/media?parent=6907"}],"wp:term":[{"taxonomy":"product_cat","embeddable":true,"href":"https:\/\/luan.webrt.net\/qhome\/wp-json\/wp\/v2\/product_cat?post=6907"},{"taxonomy":"product_tag","embeddable":true,"href":"https:\/\/luan.webrt.net\/qhome\/wp-json\/wp\/v2\/product_tag?post=6907"}],"curies":[{"name":"wp","href":"https:\/\/api.w.org\/{rel}","templated":true}]}}