{"id":6898,"date":"2023-12-14T04:22:10","date_gmt":"2023-12-14T04:22:10","guid":{"rendered":"https:\/\/qghome.vn\/?post_type=product&#038;p=6898"},"modified":"2024-06-01T09:12:58","modified_gmt":"2024-06-01T09:12:58","slug":"ghe-chan-quy-qgcq02","status":"publish","type":"product","link":"https:\/\/luan.webrt.net\/qhome\/san-pham\/ghe-chan-quy-qgcq02\/","title":{"rendered":"Gh\u1ebf ch\u00e2n qu\u1ef3 QGCQ02"},"content":{"rendered":"<h3><strong>Gh\u1ebf ch\u00e2n qu\u1ef3 QGCQ02<\/strong><\/h3>\n<p>Gh\u1ebf \u0111\u01b0\u1ee3c l\u00e0m b\u1eb1ng khung inox ch\u1ed1ng han r\u1ec9, ch\u1ed1ng bong ch\u00f3c, ch\u1eafc ch\u1eafn kh\u1ea3 n\u0103ng ch\u1ecbu l\u1ef1c t\u1ed1t. \u0110\u1ec7m ng\u1ed3i \u00eam \u00e1i gi\u00fap b\u1ea1n th\u1ea3 l\u1ecfng c\u01a1 th\u1ec3 khi l\u00e0m vi\u1ec7c.<\/p>\n<p>Thi\u1ebft k\u1ebf \u0111\u01a1n gi\u1ea3n mang l\u1ea1i t\u01b0 th\u1ebf ng\u1ed3i tho\u1ea3i m\u00e1i, ph\u00f9 h\u1ee3p v\u1edbi nhi\u1ec1u kh\u00f4ng gian ph\u00f2ng l\u00e0m vi\u1ec7c \u0111\u1ec3 gi\u00fap th\u00fac \u0111\u1ea9y hi\u1ec7u qu\u1ea3 l\u00e0m vi\u1ec7c t\u1ed1t h\u01a1n.<\/p>\n<h4><strong>Th\u00f4ng s\u1ed1 k\u1ef9 thu\u1eadt Gh\u1ebf ch\u00e2n qu\u1ef3 QGCQ02:<\/strong><\/h4>\n<p>&#8211; Thi\u1ebft k\u1ebf: thi\u1ebft k\u1ebf hi\u1ec7n \u0111\u1ea1i l\u01b0ng trung<br \/>\n&#8211; L\u01b0ng gh\u1ebf: B\u1ecdc b\u1eb1ng v\u1ea3i l\u01b0\u1edbi ch\u1ed1ng t\u00edch nhi\u1ec7t, t\u1ea1o s\u1ef1 th\u00f4ng tho\u00e1ng, tho\u1ea3i m\u00e1i cho ng\u01b0\u1eddi ng\u1ed3i<br \/>\n&#8211; N\u1ec7m gh\u1ebf: L\u00e0m t\u1eeb m\u00fat cao c\u1ea5p, b\u1ecdc v\u1ea3i t\u1ea1o s\u1ef1 \u00eam \u00e1i, d\u1ec5 ch\u1ecbu<br \/>\n&#8211; Ch\u00e2n gh\u1ebf: Thi\u1ebft k\u1ebf ch\u00e2n qu\u1ef3 \u0111\u1ed9 \u0111\u00e1o, khung Inox ch\u1ed1ng bong tr\u00f3c, han r\u1ec9 t\u00ednh th\u1ea9m m\u1ef9 cao<br \/>\n&#8211; Tay v\u1ecbn: nh\u1ef1a c\u1ed1 \u0111\u1ecbnh<br \/>\n&#8211; K\u00edch th\u01b0\u1edbc: 60 x 47 x 88 &#8211; 98mm<br \/>\n&#8211; M\u00e0u s\u1eafc: \u0110en, Xanh d\u01b0\u01a1ng, Xanh l\u00e1, \u0110\u1ecf phai<\/p>\n<p><strong><span style=\"color: #00aae7;\"><a style=\"color: #00aae7;\" href=\"https:\/\/qghome.vn\/\">Qghome<\/a> <\/span><\/strong>chuy\u00ean thi\u1ebft k\u1ebf thi c\u00f4ng n\u1ed9i th\u1ea5t v\u0103n ph\u00f2ng, ph\u00f2ng h\u1ecdp, ph\u00f2ng l\u00e0m vi\u1ec7c, ph\u00f2ng gi\u00e1m \u0111\u1ed1c. Cung c\u1ea5p gh\u1ebf v\u0103n ph\u00f2ng, gh\u1ebf gi\u00e1m \u0111\u1ed1c, gh\u1ebf xoay v\u0103n ph\u00f2ng, gh\u1ebf qu\u1ef3 v\u1edbi thi\u1ebft k\u1ebf hi\u1ec7n \u0111\u1ea1i, tinh t\u1ebf.<\/p>\n<hr \/>\n<p style=\"text-align: center;\"><strong>\u0110\u01a0N V\u1eca T\u01af V\u1ea4N THI\u1ebeT K\u1ebe THI C\u00d4NG, CUNG C\u1ea4P N\u1ed8I TH\u1ea4T V\u0102N PH\u00d2NG<\/strong><br \/>\n<span style=\"color: #00aae7;\"><strong><a style=\"color: #00aae7;\" href=\"https:\/\/qghome.vn\/\">QGHOME<\/a><\/strong><\/span> chuy\u00ean t\u01b0 v\u1ea5n thi\u1ebft k\u1ebf v\u0103n ph\u00f2ng, thi\u1ebft k\u1ebf ph\u00f2ng l\u00e0m vi\u1ec7c, ph\u00f2ng gi\u00e1m \u0111\u1ed1c. Cung c\u1ea5p n\u1ed9i th\u00e1t v\u0103n ph\u00f2ng: b\u00e0n l\u00e0m vi\u1ec7c, b\u00e0n gi\u00e1m \u0111\u1ed1c, modul l\u00e0m vi\u1ec7c, t\u1ee7 t\u00e0i li\u1ec7u, gh\u1ebf v\u0103n ph\u00f2ng, gh\u1ebf gi\u00e1m \u0111\u1ed1c, gh\u1ebf xoay, gh\u1ebf qu\u1ef3,&#8230;<\/p>\n","protected":false},"excerpt":{"rendered":"<p>Mi\u1ec5n Ph\u00ed: T\u01b0 v\u1ea5n thi\u1ebft k\u1ebf v\u0103n ph\u00f2ng v\u00e0 l\u1eafp \u0111\u1eb7t n\u1ed9i th\u1ea5t v\u0103n ph\u00f2ng<br \/>\nMi\u1ec5n Ph\u00ed: V\u1eadn chuy\u1ec3n v\u1edbi \u0111\u01a1n h\u00e0ng tr\u00ean 10 Tri\u1ec7u v\u1edbi c\u00e1c Qu\u1eadn n\u1ed9i th\u00e0nh.<br \/>\nGi\u00e1 n\u00e0y ch\u01b0a bao g\u1ed3m: VAT v\u00e0 Ph\u00ed giao h\u00e0ng<\/p>\n","protected":false},"featured_media":10059,"comment_status":"open","ping_status":"closed","template":"","meta":[],"product_cat":[294,221,119],"product_tag":[341,340,338,337,342,339],"class_list":["post-6898","product","type-product","status-publish","has-post-thumbnail","hentry","product_cat-ghe-chan-quy","product_cat-ghe-van-phong","product_cat-san-pham","product_tag-ghe-chan-quy-gia-re","product_tag-ghe-chan-quy-luoi","product_tag-ghe-chan-quy-van-phong","product_tag-ghe-da-chan-quy","product_tag-ghe-phong-hop-chan-quy","product_tag-ghe-quy-van-phong"],"yoast_head":"<!-- This site is optimized with the Yoast SEO plugin v19.9 - https:\/\/yoast.com\/wordpress\/plugins\/seo\/ -->\n<title>Gh\u1ebf ch\u00e2n qu\u1ef3 QGCQ02<\/title>\n<meta name=\"description\" content=\"Qghome chuy\u00ean cung c\u1ea5p n\u1ed9i th\u1ea5t v\u0103n ph\u00f2ng, gh\u1ebf v\u0103n ph\u00f2ng, Gh\u1ebf ch\u00e2n qu\u1ef3 QGCQ02. B\u1ea3o h\u00e0nh 12 th\u00e1ng, Mi\u1ec5n ph\u00ed v\u1eadn chuy\u1ec3n n\u1ed9i th\u00e0nh, h\u1ed7 tr\u1ee3 v\u1eadn chuy\u1ec3n ngo\u1ea1i th\u00e0nh\" \/>\n<meta name=\"robots\" content=\"index, follow, max-snippet:-1, max-image-preview:large, max-video-preview:-1\" \/>\n<link rel=\"canonical\" href=\"https:\/\/luan.webrt.net\/qhome\/san-pham\/ghe-chan-quy-qgcq02\/\" \/>\n<meta property=\"og:locale\" content=\"vi_VN\" \/>\n<meta property=\"og:type\" content=\"article\" \/>\n<meta property=\"og:title\" content=\"Gh\u1ebf ch\u00e2n qu\u1ef3 QGCQ02\" \/>\n<meta property=\"og:description\" content=\"Qghome chuy\u00ean cung c\u1ea5p n\u1ed9i th\u1ea5t v\u0103n ph\u00f2ng, gh\u1ebf v\u0103n ph\u00f2ng, Gh\u1ebf ch\u00e2n qu\u1ef3 QGCQ02. B\u1ea3o h\u00e0nh 12 th\u00e1ng, Mi\u1ec5n ph\u00ed v\u1eadn chuy\u1ec3n n\u1ed9i th\u00e0nh, h\u1ed7 tr\u1ee3 v\u1eadn chuy\u1ec3n ngo\u1ea1i th\u00e0nh\" \/>\n<meta property=\"og:url\" content=\"https:\/\/luan.webrt.net\/qhome\/san-pham\/ghe-chan-quy-qgcq02\/\" \/>\n<meta property=\"og:site_name\" content=\"M\u1eabu web n\u1ed9i th\u1ea5t\" \/>\n<meta property=\"article:publisher\" content=\"https:\/\/www.facebook.com\/noithatqghome\" \/>\n<meta property=\"article:modified_time\" content=\"2024-06-01T09:12:58+00:00\" \/>\n<meta property=\"og:image\" content=\"https:\/\/luan.webrt.net\/qhome\/wp-content\/uploads\/2023\/12\/Ghe-chan-quy-QGCQ02.png\" \/>\n\t<meta property=\"og:image:width\" content=\"1020\" \/>\n\t<meta property=\"og:image:height\" content=\"1020\" \/>\n\t<meta property=\"og:image:type\" content=\"image\/png\" \/>\n<meta name=\"twitter:card\" content=\"summary_large_image\" \/>\n<meta name=\"twitter:label1\" content=\"\u01af\u1edbc t\u00ednh th\u1eddi gian \u0111\u1ecdc\" \/>\n\t<meta name=\"twitter:data1\" content=\"2 ph\u00fat\" \/>\n<script type=\"application\/ld+json\" class=\"yoast-schema-graph\">{\"@context\":\"https:\/\/schema.org\",\"@graph\":[{\"@type\":\"WebPage\",\"@id\":\"https:\/\/luan.webrt.net\/qhome\/san-pham\/ghe-chan-quy-qgcq02\/\",\"url\":\"https:\/\/luan.webrt.net\/qhome\/san-pham\/ghe-chan-quy-qgcq02\/\",\"name\":\"Gh\u1ebf ch\u00e2n qu\u1ef3 QGCQ02\",\"isPartOf\":{\"@id\":\"https:\/\/luan.webrt.net\/qhome\/#website\"},\"datePublished\":\"2023-12-14T04:22:10+00:00\",\"dateModified\":\"2024-06-01T09:12:58+00:00\",\"description\":\"Qghome chuy\u00ean cung c\u1ea5p n\u1ed9i th\u1ea5t v\u0103n ph\u00f2ng, gh\u1ebf v\u0103n ph\u00f2ng, Gh\u1ebf ch\u00e2n qu\u1ef3 QGCQ02. B\u1ea3o h\u00e0nh 12 th\u00e1ng, Mi\u1ec5n ph\u00ed v\u1eadn chuy\u1ec3n n\u1ed9i th\u00e0nh, h\u1ed7 tr\u1ee3 v\u1eadn chuy\u1ec3n ngo\u1ea1i th\u00e0nh\",\"breadcrumb\":{\"@id\":\"https:\/\/luan.webrt.net\/qhome\/san-pham\/ghe-chan-quy-qgcq02\/#breadcrumb\"},\"inLanguage\":\"vi\",\"potentialAction\":[{\"@type\":\"ReadAction\",\"target\":[\"https:\/\/luan.webrt.net\/qhome\/san-pham\/ghe-chan-quy-qgcq02\/\"]}]},{\"@type\":\"BreadcrumbList\",\"@id\":\"https:\/\/luan.webrt.net\/qhome\/san-pham\/ghe-chan-quy-qgcq02\/#breadcrumb\",\"itemListElement\":[{\"@type\":\"ListItem\",\"position\":1,\"name\":\"Trang ch\u1ee7\",\"item\":\"https:\/\/luan.webrt.net\/qhome\/\"},{\"@type\":\"ListItem\",\"position\":2,\"name\":\"Shop\",\"item\":\"https:\/\/luan.webrt.net\/qhome\/shop\/\"},{\"@type\":\"ListItem\",\"position\":3,\"name\":\"Gh\u1ebf ch\u00e2n qu\u1ef3 QGCQ02\"}]},{\"@type\":\"WebSite\",\"@id\":\"https:\/\/luan.webrt.net\/qhome\/#website\",\"url\":\"https:\/\/luan.webrt.net\/qhome\/\",\"name\":\"M\u1eabu web n\u1ed9i th\u1ea5t\",\"description\":\"QGHome Vi\u1ec7t Nam\",\"publisher\":{\"@id\":\"https:\/\/luan.webrt.net\/qhome\/#organization\"},\"potentialAction\":[{\"@type\":\"SearchAction\",\"target\":{\"@type\":\"EntryPoint\",\"urlTemplate\":\"https:\/\/luan.webrt.net\/qhome\/?s={search_term_string}\"},\"query-input\":\"required name=search_term_string\"}],\"inLanguage\":\"vi\"},{\"@type\":\"Organization\",\"@id\":\"https:\/\/luan.webrt.net\/qhome\/#organization\",\"name\":\"QGHome\",\"url\":\"https:\/\/luan.webrt.net\/qhome\/\",\"logo\":{\"@type\":\"ImageObject\",\"inLanguage\":\"vi\",\"@id\":\"https:\/\/luan.webrt.net\/qhome\/#\/schema\/logo\/image\/\",\"url\":\"https:\/\/qghome.vn\/wp-content\/uploads\/2025\/08\/logo-mau-MauTH-21.png\",\"contentUrl\":\"https:\/\/qghome.vn\/wp-content\/uploads\/2025\/08\/logo-mau-MauTH-21.png\",\"width\":253,\"height\":99,\"caption\":\"QGHome\"},\"image\":{\"@id\":\"https:\/\/luan.webrt.net\/qhome\/#\/schema\/logo\/image\/\"},\"sameAs\":[\"https:\/\/www.tiktok.com\/@qghome.official\",\"https:\/\/www.youtube.com\/channel\/UCeVBuKTXkv-u94DS421cklw\",\"https:\/\/www.facebook.com\/noithatqghome\"]}]}<\/script>\n<!-- \/ Yoast SEO plugin. -->","yoast_head_json":{"title":"Gh\u1ebf ch\u00e2n qu\u1ef3 QGCQ02","description":"Qghome chuy\u00ean cung c\u1ea5p n\u1ed9i th\u1ea5t v\u0103n ph\u00f2ng, gh\u1ebf v\u0103n ph\u00f2ng, Gh\u1ebf ch\u00e2n qu\u1ef3 QGCQ02. B\u1ea3o h\u00e0nh 12 th\u00e1ng, Mi\u1ec5n ph\u00ed v\u1eadn chuy\u1ec3n n\u1ed9i th\u00e0nh, h\u1ed7 tr\u1ee3 v\u1eadn chuy\u1ec3n ngo\u1ea1i th\u00e0nh","robots":{"index":"index","follow":"follow","max-snippet":"max-snippet:-1","max-image-preview":"max-image-preview:large","max-video-preview":"max-video-preview:-1"},"canonical":"https:\/\/luan.webrt.net\/qhome\/san-pham\/ghe-chan-quy-qgcq02\/","og_locale":"vi_VN","og_type":"article","og_title":"Gh\u1ebf ch\u00e2n qu\u1ef3 QGCQ02","og_description":"Qghome chuy\u00ean cung c\u1ea5p n\u1ed9i th\u1ea5t v\u0103n ph\u00f2ng, gh\u1ebf v\u0103n ph\u00f2ng, Gh\u1ebf ch\u00e2n qu\u1ef3 QGCQ02. B\u1ea3o h\u00e0nh 12 th\u00e1ng, Mi\u1ec5n ph\u00ed v\u1eadn chuy\u1ec3n n\u1ed9i th\u00e0nh, h\u1ed7 tr\u1ee3 v\u1eadn chuy\u1ec3n ngo\u1ea1i th\u00e0nh","og_url":"https:\/\/luan.webrt.net\/qhome\/san-pham\/ghe-chan-quy-qgcq02\/","og_site_name":"M\u1eabu web n\u1ed9i th\u1ea5t","article_publisher":"https:\/\/www.facebook.com\/noithatqghome","article_modified_time":"2024-06-01T09:12:58+00:00","og_image":[{"width":1020,"height":1020,"url":"https:\/\/luan.webrt.net\/qhome\/wp-content\/uploads\/2023\/12\/Ghe-chan-quy-QGCQ02.png","type":"image\/png"}],"twitter_card":"summary_large_image","twitter_misc":{"\u01af\u1edbc t\u00ednh th\u1eddi gian \u0111\u1ecdc":"2 ph\u00fat"},"schema":{"@context":"https:\/\/schema.org","@graph":[{"@type":"WebPage","@id":"https:\/\/luan.webrt.net\/qhome\/san-pham\/ghe-chan-quy-qgcq02\/","url":"https:\/\/luan.webrt.net\/qhome\/san-pham\/ghe-chan-quy-qgcq02\/","name":"Gh\u1ebf ch\u00e2n qu\u1ef3 QGCQ02","isPartOf":{"@id":"https:\/\/luan.webrt.net\/qhome\/#website"},"datePublished":"2023-12-14T04:22:10+00:00","dateModified":"2024-06-01T09:12:58+00:00","description":"Qghome chuy\u00ean cung c\u1ea5p n\u1ed9i th\u1ea5t v\u0103n ph\u00f2ng, gh\u1ebf v\u0103n ph\u00f2ng, Gh\u1ebf ch\u00e2n qu\u1ef3 QGCQ02. B\u1ea3o h\u00e0nh 12 th\u00e1ng, Mi\u1ec5n ph\u00ed v\u1eadn chuy\u1ec3n n\u1ed9i th\u00e0nh, h\u1ed7 tr\u1ee3 v\u1eadn chuy\u1ec3n ngo\u1ea1i th\u00e0nh","breadcrumb":{"@id":"https:\/\/luan.webrt.net\/qhome\/san-pham\/ghe-chan-quy-qgcq02\/#breadcrumb"},"inLanguage":"vi","potentialAction":[{"@type":"ReadAction","target":["https:\/\/luan.webrt.net\/qhome\/san-pham\/ghe-chan-quy-qgcq02\/"]}]},{"@type":"BreadcrumbList","@id":"https:\/\/luan.webrt.net\/qhome\/san-pham\/ghe-chan-quy-qgcq02\/#breadcrumb","itemListElement":[{"@type":"ListItem","position":1,"name":"Trang ch\u1ee7","item":"https:\/\/luan.webrt.net\/qhome\/"},{"@type":"ListItem","position":2,"name":"Shop","item":"https:\/\/luan.webrt.net\/qhome\/shop\/"},{"@type":"ListItem","position":3,"name":"Gh\u1ebf ch\u00e2n qu\u1ef3 QGCQ02"}]},{"@type":"WebSite","@id":"https:\/\/luan.webrt.net\/qhome\/#website","url":"https:\/\/luan.webrt.net\/qhome\/","name":"M\u1eabu web n\u1ed9i th\u1ea5t","description":"QGHome Vi\u1ec7t Nam","publisher":{"@id":"https:\/\/luan.webrt.net\/qhome\/#organization"},"potentialAction":[{"@type":"SearchAction","target":{"@type":"EntryPoint","urlTemplate":"https:\/\/luan.webrt.net\/qhome\/?s={search_term_string}"},"query-input":"required name=search_term_string"}],"inLanguage":"vi"},{"@type":"Organization","@id":"https:\/\/luan.webrt.net\/qhome\/#organization","name":"QGHome","url":"https:\/\/luan.webrt.net\/qhome\/","logo":{"@type":"ImageObject","inLanguage":"vi","@id":"https:\/\/luan.webrt.net\/qhome\/#\/schema\/logo\/image\/","url":"https:\/\/qghome.vn\/wp-content\/uploads\/2025\/08\/logo-mau-MauTH-21.png","contentUrl":"https:\/\/qghome.vn\/wp-content\/uploads\/2025\/08\/logo-mau-MauTH-21.png","width":253,"height":99,"caption":"QGHome"},"image":{"@id":"https:\/\/luan.webrt.net\/qhome\/#\/schema\/logo\/image\/"},"sameAs":["https:\/\/www.tiktok.com\/@qghome.official","https:\/\/www.youtube.com\/channel\/UCeVBuKTXkv-u94DS421cklw","https:\/\/www.facebook.com\/noithatqghome"]}]}},"_links":{"self":[{"href":"https:\/\/luan.webrt.net\/qhome\/wp-json\/wp\/v2\/product\/6898","targetHints":{"allow":["GET"]}}],"collection":[{"href":"https:\/\/luan.webrt.net\/qhome\/wp-json\/wp\/v2\/product"}],"about":[{"href":"https:\/\/luan.webrt.net\/qhome\/wp-json\/wp\/v2\/types\/product"}],"replies":[{"embeddable":true,"href":"https:\/\/luan.webrt.net\/qhome\/wp-json\/wp\/v2\/comments?post=6898"}],"wp:featuredmedia":[{"embeddable":true,"href":"https:\/\/luan.webrt.net\/qhome\/wp-json\/wp\/v2\/media\/10059"}],"wp:attachment":[{"href":"https:\/\/luan.webrt.net\/qhome\/wp-json\/wp\/v2\/media?parent=6898"}],"wp:term":[{"taxonomy":"product_cat","embeddable":true,"href":"https:\/\/luan.webrt.net\/qhome\/wp-json\/wp\/v2\/product_cat?post=6898"},{"taxonomy":"product_tag","embeddable":true,"href":"https:\/\/luan.webrt.net\/qhome\/wp-json\/wp\/v2\/product_tag?post=6898"}],"curies":[{"name":"wp","href":"https:\/\/api.w.org\/{rel}","templated":true}]}}