{"id":6886,"date":"2023-12-13T08:31:27","date_gmt":"2023-12-13T08:31:27","guid":{"rendered":"https:\/\/qghome.vn\/?post_type=product&#038;p=6886"},"modified":"2024-04-19T09:20:24","modified_gmt":"2024-04-19T09:20:24","slug":"ghe-xoay-van-phong-qgx11","status":"publish","type":"product","link":"https:\/\/luan.webrt.net\/qhome\/san-pham\/ghe-xoay-van-phong-qgx11\/","title":{"rendered":"Gh\u1ebf xoay v\u0103n ph\u00f2ng QGX11"},"content":{"rendered":"<h3><strong>Gh\u1ebf xoay v\u0103n ph\u00f2ng QGX11<\/strong><\/h3>\n<div><span style=\"color: #282828;\"><strong>1. Th\u00f4ng tin chi ti\u1ebft<\/strong><\/span><\/div>\n<div><span style=\"color: #282828;\">\u2013 H\u00e0ng cao c\u1ea5p nh\u1eadp kh\u1ea9u<\/span><\/div>\n<div><span style=\"color: #282828;\">\u2013 Tr\u1ecdng l\u01b0\u1ee3ng: 13kg<\/span><\/div>\n<div><span style=\"color: #282828;\">\u2013 Ch\u1ea5t li\u1ec7u: Nh\u1ef1a ABS Cao C\u1ea5p, V\u1ea3i l\u01b0\u1edbi si\u00eau tho\u00e1ng kh\u00ed<\/span><\/div>\n<div><span style=\"color: #282828;\">\u2013 M\u00e0u s\u1eafc: Tr\u1eafng \u0110en X\u00e1m<\/span><\/div>\n<div><\/div>\n<div><span style=\"color: #282828;\"><strong>2. \u01afu \u0111i\u1ec3m v\u01b0\u1ee3t tr\u1ed9i:<\/strong> Gh\u1ebf xoay v\u0103n ph\u00f2ng gaming c\u00f4ng th\u00e1i h\u1ecdc ergonomic<\/span><\/div>\n<div><span style=\"color: #282828;\">\u2013 H\u00ecnh th\u1ee9c \u01b0a nh\u00ecn, \u0111\u1eb9p m\u1eaft c\u00f3 ng\u1ea3 l\u01b0ng<\/span><\/div>\n<div><span style=\"color: #282828;\">\u2013 Thi\u1ebft k\u1ebf \u0111\u01b0\u1eddng n\u00e9t tinh t\u1ebf theo \u0111\u00fang t\u01b0 th\u1ebf ng\u1ed3i, t\u1ea1o c\u1ea3m gi\u00e1c tho\u1ea3i m\u00e1i nh\u1ea5t khi ng\u1ed3i l\u00e0m vi\u1ec7c<\/span><\/div>\n<div><span style=\"color: #282828;\">\u2013 Ch\u1ed1ng \u00ea m\u1ecfi c\u1ed5, l\u01b0ng, h\u1ea1n ch\u1ebf c\u00e1c b\u00eanh v\u1ec1 x\u01b0\u01a1ng kh\u1edbp<\/span><\/div>\n<div><span style=\"color: #282828;\">\u2013 D\u1ec5 d\u00e0ng thay \u0111\u1ed5i chi\u1ec1u cao gh\u1ebf, ng\u1ea3 l\u01b0ng<\/span><\/div>\n<div><span style=\"color: #282828;\">\u2013 C\u1ea5u t\u1ea1o ch\u1eafc kh\u1ecfe, ch\u1ecbu \u0111\u01b0\u1ee3c t\u1ea3i tr\u1ecdng l\u00ean t\u1edbi 180kg<\/span><\/div>\n<div><span style=\"color: #282828;\">\u2013 Ph\u00f9 h\u1ee3p v\u01a1i nh\u1eefng ng\u01b0\u1eddi th\u01b0\u1eddng xuy\u00ean ng\u1ed3i li\u00ean t\u1ee5c h\u00e0ng gi\u1edd<\/span><\/div>\n<div><\/div>\n<div><span style=\"color: #282828;\"><strong>CAM K\u1ebeT :<\/strong> Gh\u1ebf xoay v\u0103n ph\u00f2ng gaming c\u00f4ng th\u00e1i h\u1ecdc ergonomic<\/span><\/div>\n<div><span style=\"color: #282828;\">+ Ho\u00e0n h\u00e0ng 7 ng\u00e0y n\u1ebfu l\u1ed7i do nh\u00e0 s\u1ea3n xu\u1ea5t<\/span><\/div>\n<div><span style=\"color: #282828;\">+ Ch\u1ea5t l\u01b0\u1ee3ng s\u1ea3n ph\u1ea9m t\u1ed1t<\/span><\/div>\n<div><span style=\"color: #282828;\">+ Giao h\u00e0ng nhanh<\/span><\/div>\n<div><span style=\"color: #282828;\">+ Ki\u1ec3m tra k\u1ef9 h\u00e0ng tr\u01b0\u1edbc khi giao cho Kh\u00e1ch h\u00e0ng<\/span><\/div>\n<div><span style=\"color: #282828;\">+ T\u01b0 v\u1ea5n nhi\u1ec7t t\u00ecnh<\/span><\/div>\n<div><\/div>\n<div><span style=\"color: #282828;\">H\u00e3y nhanh tay s\u1eafm ngay 1 chi\u1ebfc Gh\u1ebf xoay v\u0103n ph\u00f2ng gaming c\u00f4ng th\u00e1i h\u1ecdc ergonomic<\/span><\/div>\n","protected":false},"excerpt":{"rendered":"<p>Gh\u1ebf xoay v\u0103n ph\u00f2ng l\u01b0ng l\u01b0\u1edbi \u0111i\u1ec1u ch\u1ec9nh \u0111\u1ed9 cao<br \/>\nMi\u1ec5n Ph\u00ed: T\u01b0 v\u1ea5n thi\u1ebft k\u1ebf v\u0103n ph\u00f2ng v\u00e0 l\u1eafp \u0111\u1eb7t n\u1ed9i th\u1ea5t v\u0103n ph\u00f2ng<br \/>\nMi\u1ec5n Ph\u00ed: V\u1eadn chuy\u1ec3n v\u1edbi \u0111\u01a1n h\u00e0ng tr\u00ean 10 Tri\u1ec7u v\u1edbi c\u00e1c Qu\u1eadn n\u1ed9i th\u00e0nh.<br \/>\nGi\u00e1 n\u00e0y ch\u01b0a bao g\u1ed3m: VAT v\u00e0 Ph\u00ed giao h\u00e0ng<\/p>\n","protected":false},"featured_media":6891,"comment_status":"open","ping_status":"closed","template":"","meta":[],"product_cat":[296],"product_tag":[],"class_list":["post-6886","product","type-product","status-publish","has-post-thumbnail","hentry","product_cat-ghe-xoay-van-phong"],"yoast_head":"<!-- This site is optimized with the Yoast SEO plugin v19.9 - https:\/\/yoast.com\/wordpress\/plugins\/seo\/ -->\n<title>Gh\u1ebf xoay v\u0103n ph\u00f2ng QGX11<\/title>\n<meta name=\"description\" content=\"QGHome chuy\u00ean cung c\u1ea5p Gh\u1ebf xoay v\u0103n ph\u00f2ng l\u01b0ng l\u01b0\u1edbi \u0111i\u1ec1u ch\u1ec9nh \u0111\u1ed9 cao c\u00f3 t\u1ef1a l\u01b0ng t\u1ef1a \u0111\u1ea7u cao c\u1ea5p, gi\u00e1 t\u1ed1t nh\u1ea5t, cam k\u1ebft ch\u1ea5t l\u01b0\u1ee3ng\" \/>\n<meta name=\"robots\" content=\"index, follow, max-snippet:-1, max-image-preview:large, max-video-preview:-1\" \/>\n<link rel=\"canonical\" href=\"https:\/\/luan.webrt.net\/qhome\/san-pham\/ghe-xoay-van-phong-qgx11\/\" \/>\n<meta property=\"og:locale\" content=\"vi_VN\" \/>\n<meta property=\"og:type\" content=\"article\" \/>\n<meta property=\"og:title\" content=\"Gh\u1ebf xoay v\u0103n ph\u00f2ng QGX11\" \/>\n<meta property=\"og:description\" content=\"QGHome chuy\u00ean cung c\u1ea5p Gh\u1ebf xoay v\u0103n ph\u00f2ng l\u01b0ng l\u01b0\u1edbi \u0111i\u1ec1u ch\u1ec9nh \u0111\u1ed9 cao c\u00f3 t\u1ef1a l\u01b0ng t\u1ef1a \u0111\u1ea7u cao c\u1ea5p, gi\u00e1 t\u1ed1t nh\u1ea5t, cam k\u1ebft ch\u1ea5t l\u01b0\u1ee3ng\" \/>\n<meta property=\"og:url\" content=\"https:\/\/luan.webrt.net\/qhome\/san-pham\/ghe-xoay-van-phong-qgx11\/\" \/>\n<meta property=\"og:site_name\" content=\"M\u1eabu web n\u1ed9i th\u1ea5t\" \/>\n<meta property=\"article:publisher\" content=\"https:\/\/www.facebook.com\/noithatqghome\" \/>\n<meta property=\"article:modified_time\" content=\"2024-04-19T09:20:24+00:00\" \/>\n<meta property=\"og:image\" content=\"https:\/\/luan.webrt.net\/qhome\/wp-content\/uploads\/2023\/12\/ghe-xoay-van-phong-qg15.jpg\" \/>\n\t<meta property=\"og:image:width\" content=\"768\" \/>\n\t<meta property=\"og:image:height\" content=\"768\" \/>\n\t<meta property=\"og:image:type\" content=\"image\/jpeg\" \/>\n<meta name=\"twitter:card\" content=\"summary_large_image\" \/>\n<meta name=\"twitter:label1\" content=\"\u01af\u1edbc t\u00ednh th\u1eddi gian \u0111\u1ecdc\" \/>\n\t<meta name=\"twitter:data1\" content=\"1 ph\u00fat\" \/>\n<script type=\"application\/ld+json\" class=\"yoast-schema-graph\">{\"@context\":\"https:\/\/schema.org\",\"@graph\":[{\"@type\":\"WebPage\",\"@id\":\"https:\/\/luan.webrt.net\/qhome\/san-pham\/ghe-xoay-van-phong-qgx11\/\",\"url\":\"https:\/\/luan.webrt.net\/qhome\/san-pham\/ghe-xoay-van-phong-qgx11\/\",\"name\":\"Gh\u1ebf xoay v\u0103n ph\u00f2ng QGX11\",\"isPartOf\":{\"@id\":\"https:\/\/luan.webrt.net\/qhome\/#website\"},\"datePublished\":\"2023-12-13T08:31:27+00:00\",\"dateModified\":\"2024-04-19T09:20:24+00:00\",\"description\":\"QGHome chuy\u00ean cung c\u1ea5p Gh\u1ebf xoay v\u0103n ph\u00f2ng l\u01b0ng l\u01b0\u1edbi \u0111i\u1ec1u ch\u1ec9nh \u0111\u1ed9 cao c\u00f3 t\u1ef1a l\u01b0ng t\u1ef1a \u0111\u1ea7u cao c\u1ea5p, gi\u00e1 t\u1ed1t nh\u1ea5t, cam k\u1ebft ch\u1ea5t l\u01b0\u1ee3ng\",\"breadcrumb\":{\"@id\":\"https:\/\/luan.webrt.net\/qhome\/san-pham\/ghe-xoay-van-phong-qgx11\/#breadcrumb\"},\"inLanguage\":\"vi\",\"potentialAction\":[{\"@type\":\"ReadAction\",\"target\":[\"https:\/\/luan.webrt.net\/qhome\/san-pham\/ghe-xoay-van-phong-qgx11\/\"]}]},{\"@type\":\"BreadcrumbList\",\"@id\":\"https:\/\/luan.webrt.net\/qhome\/san-pham\/ghe-xoay-van-phong-qgx11\/#breadcrumb\",\"itemListElement\":[{\"@type\":\"ListItem\",\"position\":1,\"name\":\"Trang ch\u1ee7\",\"item\":\"https:\/\/luan.webrt.net\/qhome\/\"},{\"@type\":\"ListItem\",\"position\":2,\"name\":\"Shop\",\"item\":\"https:\/\/luan.webrt.net\/qhome\/shop\/\"},{\"@type\":\"ListItem\",\"position\":3,\"name\":\"Gh\u1ebf xoay v\u0103n ph\u00f2ng QGX11\"}]},{\"@type\":\"WebSite\",\"@id\":\"https:\/\/luan.webrt.net\/qhome\/#website\",\"url\":\"https:\/\/luan.webrt.net\/qhome\/\",\"name\":\"M\u1eabu web n\u1ed9i th\u1ea5t\",\"description\":\"QGHome Vi\u1ec7t Nam\",\"publisher\":{\"@id\":\"https:\/\/luan.webrt.net\/qhome\/#organization\"},\"potentialAction\":[{\"@type\":\"SearchAction\",\"target\":{\"@type\":\"EntryPoint\",\"urlTemplate\":\"https:\/\/luan.webrt.net\/qhome\/?s={search_term_string}\"},\"query-input\":\"required name=search_term_string\"}],\"inLanguage\":\"vi\"},{\"@type\":\"Organization\",\"@id\":\"https:\/\/luan.webrt.net\/qhome\/#organization\",\"name\":\"QGHome\",\"url\":\"https:\/\/luan.webrt.net\/qhome\/\",\"logo\":{\"@type\":\"ImageObject\",\"inLanguage\":\"vi\",\"@id\":\"https:\/\/luan.webrt.net\/qhome\/#\/schema\/logo\/image\/\",\"url\":\"https:\/\/qghome.vn\/wp-content\/uploads\/2025\/08\/logo-mau-MauTH-21.png\",\"contentUrl\":\"https:\/\/qghome.vn\/wp-content\/uploads\/2025\/08\/logo-mau-MauTH-21.png\",\"width\":253,\"height\":99,\"caption\":\"QGHome\"},\"image\":{\"@id\":\"https:\/\/luan.webrt.net\/qhome\/#\/schema\/logo\/image\/\"},\"sameAs\":[\"https:\/\/www.tiktok.com\/@qghome.official\",\"https:\/\/www.youtube.com\/channel\/UCeVBuKTXkv-u94DS421cklw\",\"https:\/\/www.facebook.com\/noithatqghome\"]}]}<\/script>\n<!-- \/ Yoast SEO plugin. -->","yoast_head_json":{"title":"Gh\u1ebf xoay v\u0103n ph\u00f2ng QGX11","description":"QGHome chuy\u00ean cung c\u1ea5p Gh\u1ebf xoay v\u0103n ph\u00f2ng l\u01b0ng l\u01b0\u1edbi \u0111i\u1ec1u ch\u1ec9nh \u0111\u1ed9 cao c\u00f3 t\u1ef1a l\u01b0ng t\u1ef1a \u0111\u1ea7u cao c\u1ea5p, gi\u00e1 t\u1ed1t nh\u1ea5t, cam k\u1ebft ch\u1ea5t l\u01b0\u1ee3ng","robots":{"index":"index","follow":"follow","max-snippet":"max-snippet:-1","max-image-preview":"max-image-preview:large","max-video-preview":"max-video-preview:-1"},"canonical":"https:\/\/luan.webrt.net\/qhome\/san-pham\/ghe-xoay-van-phong-qgx11\/","og_locale":"vi_VN","og_type":"article","og_title":"Gh\u1ebf xoay v\u0103n ph\u00f2ng QGX11","og_description":"QGHome chuy\u00ean cung c\u1ea5p Gh\u1ebf xoay v\u0103n ph\u00f2ng l\u01b0ng l\u01b0\u1edbi \u0111i\u1ec1u ch\u1ec9nh \u0111\u1ed9 cao c\u00f3 t\u1ef1a l\u01b0ng t\u1ef1a \u0111\u1ea7u cao c\u1ea5p, gi\u00e1 t\u1ed1t nh\u1ea5t, cam k\u1ebft ch\u1ea5t l\u01b0\u1ee3ng","og_url":"https:\/\/luan.webrt.net\/qhome\/san-pham\/ghe-xoay-van-phong-qgx11\/","og_site_name":"M\u1eabu web n\u1ed9i th\u1ea5t","article_publisher":"https:\/\/www.facebook.com\/noithatqghome","article_modified_time":"2024-04-19T09:20:24+00:00","og_image":[{"width":768,"height":768,"url":"https:\/\/luan.webrt.net\/qhome\/wp-content\/uploads\/2023\/12\/ghe-xoay-van-phong-qg15.jpg","type":"image\/jpeg"}],"twitter_card":"summary_large_image","twitter_misc":{"\u01af\u1edbc t\u00ednh th\u1eddi gian \u0111\u1ecdc":"1 ph\u00fat"},"schema":{"@context":"https:\/\/schema.org","@graph":[{"@type":"WebPage","@id":"https:\/\/luan.webrt.net\/qhome\/san-pham\/ghe-xoay-van-phong-qgx11\/","url":"https:\/\/luan.webrt.net\/qhome\/san-pham\/ghe-xoay-van-phong-qgx11\/","name":"Gh\u1ebf xoay v\u0103n ph\u00f2ng QGX11","isPartOf":{"@id":"https:\/\/luan.webrt.net\/qhome\/#website"},"datePublished":"2023-12-13T08:31:27+00:00","dateModified":"2024-04-19T09:20:24+00:00","description":"QGHome chuy\u00ean cung c\u1ea5p Gh\u1ebf xoay v\u0103n ph\u00f2ng l\u01b0ng l\u01b0\u1edbi \u0111i\u1ec1u ch\u1ec9nh \u0111\u1ed9 cao c\u00f3 t\u1ef1a l\u01b0ng t\u1ef1a \u0111\u1ea7u cao c\u1ea5p, gi\u00e1 t\u1ed1t nh\u1ea5t, cam k\u1ebft ch\u1ea5t l\u01b0\u1ee3ng","breadcrumb":{"@id":"https:\/\/luan.webrt.net\/qhome\/san-pham\/ghe-xoay-van-phong-qgx11\/#breadcrumb"},"inLanguage":"vi","potentialAction":[{"@type":"ReadAction","target":["https:\/\/luan.webrt.net\/qhome\/san-pham\/ghe-xoay-van-phong-qgx11\/"]}]},{"@type":"BreadcrumbList","@id":"https:\/\/luan.webrt.net\/qhome\/san-pham\/ghe-xoay-van-phong-qgx11\/#breadcrumb","itemListElement":[{"@type":"ListItem","position":1,"name":"Trang ch\u1ee7","item":"https:\/\/luan.webrt.net\/qhome\/"},{"@type":"ListItem","position":2,"name":"Shop","item":"https:\/\/luan.webrt.net\/qhome\/shop\/"},{"@type":"ListItem","position":3,"name":"Gh\u1ebf xoay v\u0103n ph\u00f2ng QGX11"}]},{"@type":"WebSite","@id":"https:\/\/luan.webrt.net\/qhome\/#website","url":"https:\/\/luan.webrt.net\/qhome\/","name":"M\u1eabu web n\u1ed9i th\u1ea5t","description":"QGHome Vi\u1ec7t Nam","publisher":{"@id":"https:\/\/luan.webrt.net\/qhome\/#organization"},"potentialAction":[{"@type":"SearchAction","target":{"@type":"EntryPoint","urlTemplate":"https:\/\/luan.webrt.net\/qhome\/?s={search_term_string}"},"query-input":"required name=search_term_string"}],"inLanguage":"vi"},{"@type":"Organization","@id":"https:\/\/luan.webrt.net\/qhome\/#organization","name":"QGHome","url":"https:\/\/luan.webrt.net\/qhome\/","logo":{"@type":"ImageObject","inLanguage":"vi","@id":"https:\/\/luan.webrt.net\/qhome\/#\/schema\/logo\/image\/","url":"https:\/\/qghome.vn\/wp-content\/uploads\/2025\/08\/logo-mau-MauTH-21.png","contentUrl":"https:\/\/qghome.vn\/wp-content\/uploads\/2025\/08\/logo-mau-MauTH-21.png","width":253,"height":99,"caption":"QGHome"},"image":{"@id":"https:\/\/luan.webrt.net\/qhome\/#\/schema\/logo\/image\/"},"sameAs":["https:\/\/www.tiktok.com\/@qghome.official","https:\/\/www.youtube.com\/channel\/UCeVBuKTXkv-u94DS421cklw","https:\/\/www.facebook.com\/noithatqghome"]}]}},"_links":{"self":[{"href":"https:\/\/luan.webrt.net\/qhome\/wp-json\/wp\/v2\/product\/6886","targetHints":{"allow":["GET"]}}],"collection":[{"href":"https:\/\/luan.webrt.net\/qhome\/wp-json\/wp\/v2\/product"}],"about":[{"href":"https:\/\/luan.webrt.net\/qhome\/wp-json\/wp\/v2\/types\/product"}],"replies":[{"embeddable":true,"href":"https:\/\/luan.webrt.net\/qhome\/wp-json\/wp\/v2\/comments?post=6886"}],"wp:featuredmedia":[{"embeddable":true,"href":"https:\/\/luan.webrt.net\/qhome\/wp-json\/wp\/v2\/media\/6891"}],"wp:attachment":[{"href":"https:\/\/luan.webrt.net\/qhome\/wp-json\/wp\/v2\/media?parent=6886"}],"wp:term":[{"taxonomy":"product_cat","embeddable":true,"href":"https:\/\/luan.webrt.net\/qhome\/wp-json\/wp\/v2\/product_cat?post=6886"},{"taxonomy":"product_tag","embeddable":true,"href":"https:\/\/luan.webrt.net\/qhome\/wp-json\/wp\/v2\/product_tag?post=6886"}],"curies":[{"name":"wp","href":"https:\/\/api.w.org\/{rel}","templated":true}]}}