{"id":6882,"date":"2023-12-13T08:20:13","date_gmt":"2023-12-13T08:20:13","guid":{"rendered":"https:\/\/qghome.vn\/?post_type=product&#038;p=6882"},"modified":"2024-04-19T09:18:42","modified_gmt":"2024-04-19T09:18:42","slug":"ghe-xoay-van-phong-qgx10","status":"publish","type":"product","link":"https:\/\/luan.webrt.net\/qhome\/san-pham\/ghe-xoay-van-phong-qgx10\/","title":{"rendered":"Gh\u1ebf xoay v\u0103n ph\u00f2ng QGX10"},"content":{"rendered":"<h3><strong><span style=\"color: #282828;\">Gh\u1ebf xoay v\u0103n ph\u00f2ng QGX10<\/span><\/strong><\/h3>\n<div><span style=\"color: #282828;\">Gh\u1ebf xoay v\u0103n ph\u00f2ng l\u01b0ng l\u01b0\u1edbi QG10 l\u00e0 m\u1ed9t s\u1ea3n ph\u1ea9m v\u1edbi nhi\u1ec1u \u01b0u \u0111i\u1ec3m v\u00e0 ti\u1ec7n \u00edch. V\u1edbi ch\u1ea5t li\u1ec7u b\u1eb1ng nh\u1ef1a v\u00e0 l\u01b0\u1edbi, gh\u1ebf mang l\u1ea1i s\u1ef1 tho\u1ea3i m\u00e1i cho ng\u01b0\u1eddi s\u1eed d\u1ee5ng.<\/span><\/div>\n<div><span style=\"color: #282828;\">Gh\u1ebf n\u00e0y \u0111\u01b0\u1ee3c thi\u1ebft k\u1ebf ch\u1eafc ch\u1eafn v\u1edbi l\u1edbp \u0111\u1ec7m d\u00e0y, gi\u00fap ng\u01b0\u1eddi s\u1eed d\u1ee5ng c\u00f3 th\u1ec3 th\u1ea3 l\u1ecfng c\u01a1 th\u1ec3 khi l\u00e0m vi\u1ec7c. \u0110\u1eb7c bi\u1ec7t, ch\u00e2n gh\u1ebf xoay cho ph\u00e9p di chuy\u1ec3n d\u1ec5 d\u00e0ng trong ph\u00f2ng l\u00e0m vi\u1ec7c.<\/span><\/div>\n<div><span style=\"color: #282828;\">M\u1ed9t \u0111i\u1ec3m \u0111\u1eb7c bi\u1ec7t kh\u00e1c c\u1ee7a lo\u1ea1i gh\u1ebf n\u00e0y l\u00e0 kh\u1ea3 n\u0103ng \u0111i\u1ec1u ch\u1ec9nh chi\u1ec1u cao th\u00f4ng qua b\u00edt t\u00f4ng \u0111\u1ea9y l\u00ean xu\u1ed1ng. \u0110i\u1ec1u n\u00e0y gi\u00fap ng\u01b0\u1eddi s\u1eed d\u1ee5ng c\u00f3 th\u1ec3 t\u00f9y ch\u1ec9nh \u0111\u1ec3 ph\u00f9 h\u1ee3p v\u1edbi chi\u1ec1u cao v\u00e0 v\u1ecb tr\u00ed l\u00e0m vi\u1ec7c c\u1ee7a m\u00ecnh. Vi\u1ec7c \u0111\u1eb7t gh\u1ebf n\u00e0y trong ph\u00f2ng l\u00e0m vi\u1ec7c c\u00f3 th\u1ec3 gi\u00fap th\u00fac \u0111\u1ea9y hi\u1ec7u qu\u1ea3 l\u00e0m vi\u1ec7c.<\/span><\/div>\n<div><\/div>\n<div><span style=\"color: #282828;\"><strong>Th\u00f4ng tin chi ti\u1ebft v\u1ec1 gh\u1ebf xoay v\u0103n ph\u00f2ng QGX10:<\/strong><\/span><\/div>\n<div><span style=\"color: #282828;\">T\u00ean s\u1ea3n ph\u1ea9m: QGX10<\/span><\/div>\n<div><span style=\"color: #282828;\">Phong c\u00e1ch: gh\u1ebf v\u0103n ph\u00f2ng<\/span><\/div>\n<div><span style=\"color: #282828;\">M\u00e0u s\u1eafc: \u0111en<\/span><\/div>\n<div><span style=\"color: #282828;\">S\u1eed d\u1ee5ng: V\u0103n ph\u00f2ng<\/span><\/div>\n<div><span style=\"color: #282828;\">S\u1ee3i v\u1ea3i: V\u1ea3i l\u01b0\u1edbi<\/span><\/div>\n<div><span style=\"color: #282828;\">K\u00edch th\u01b0\u1edbc cao: 95-103-120cm<\/span><\/div>\n<div>K\u00edch th\u01b0\u1edbc ch\u1ed7 ng\u1ed3i: 49-49-40cm<\/div>\n","protected":false},"excerpt":{"rendered":"<p>Gh\u1ebf xoay v\u0103n ph\u00f2ng l\u01b0ng l\u01b0\u1edbi \u0111i\u1ec1u ch\u1ec9nh \u0111\u1ed9 cao<br \/>\nMi\u1ec5n Ph\u00ed: T\u01b0 v\u1ea5n thi\u1ebft k\u1ebf v\u0103n ph\u00f2ng v\u00e0 l\u1eafp \u0111\u1eb7t n\u1ed9i th\u1ea5t v\u0103n ph\u00f2ng<br \/>\nMi\u1ec5n Ph\u00ed: V\u1eadn chuy\u1ec3n v\u1edbi \u0111\u01a1n h\u00e0ng tr\u00ean 10 Tri\u1ec7u v\u1edbi c\u00e1c Qu\u1eadn n\u1ed9i th\u00e0nh.<br \/>\nGi\u00e1 n\u00e0y ch\u01b0a bao g\u1ed3m: VAT v\u00e0 Ph\u00ed giao h\u00e0ng<\/p>\n","protected":false},"featured_media":6883,"comment_status":"open","ping_status":"closed","template":"","meta":[],"product_cat":[296],"product_tag":[],"class_list":["post-6882","product","type-product","status-publish","has-post-thumbnail","hentry","product_cat-ghe-xoay-van-phong"],"yoast_head":"<!-- This site is optimized with the Yoast SEO plugin v19.9 - https:\/\/yoast.com\/wordpress\/plugins\/seo\/ -->\n<title>Gh\u1ebf xoay v\u0103n ph\u00f2ng QGX10<\/title>\n<meta name=\"description\" content=\"QGHome Chuy\u00ean cung c\u1ea5p Gh\u1ebf xoay v\u0103n ph\u00f2ng l\u01b0ng l\u01b0\u1edbi \u0111i\u1ec1u ch\u1ec9nh \u0111\u1ed9 cao c\u00f3 t\u1ef1a l\u01b0ng t\u1ef1a \u0111\u1ea7u cao c\u1ea5p, gi\u00e1 t\u1ed1t nh\u1ea5t, cam k\u1ebft ch\u1ea5t l\u01b0\u1ee3ng\" \/>\n<meta name=\"robots\" content=\"index, follow, max-snippet:-1, max-image-preview:large, max-video-preview:-1\" \/>\n<link rel=\"canonical\" href=\"https:\/\/luan.webrt.net\/qhome\/san-pham\/ghe-xoay-van-phong-qgx10\/\" \/>\n<meta property=\"og:locale\" content=\"vi_VN\" \/>\n<meta property=\"og:type\" content=\"article\" \/>\n<meta property=\"og:title\" content=\"Gh\u1ebf xoay v\u0103n ph\u00f2ng QGX10\" \/>\n<meta property=\"og:description\" content=\"QGHome Chuy\u00ean cung c\u1ea5p Gh\u1ebf xoay v\u0103n ph\u00f2ng l\u01b0ng l\u01b0\u1edbi \u0111i\u1ec1u ch\u1ec9nh \u0111\u1ed9 cao c\u00f3 t\u1ef1a l\u01b0ng t\u1ef1a \u0111\u1ea7u cao c\u1ea5p, gi\u00e1 t\u1ed1t nh\u1ea5t, cam k\u1ebft ch\u1ea5t l\u01b0\u1ee3ng\" \/>\n<meta property=\"og:url\" content=\"https:\/\/luan.webrt.net\/qhome\/san-pham\/ghe-xoay-van-phong-qgx10\/\" \/>\n<meta property=\"og:site_name\" content=\"M\u1eabu web n\u1ed9i th\u1ea5t\" \/>\n<meta property=\"article:publisher\" content=\"https:\/\/www.facebook.com\/noithatqghome\" \/>\n<meta property=\"article:modified_time\" content=\"2024-04-19T09:18:42+00:00\" \/>\n<meta property=\"og:image\" content=\"https:\/\/luan.webrt.net\/qhome\/wp-content\/uploads\/2023\/12\/ghe-xoay-van-phong-qg10-2.jpg\" \/>\n\t<meta property=\"og:image:width\" content=\"768\" \/>\n\t<meta property=\"og:image:height\" content=\"768\" \/>\n\t<meta property=\"og:image:type\" content=\"image\/jpeg\" \/>\n<meta name=\"twitter:card\" content=\"summary_large_image\" \/>\n<meta name=\"twitter:label1\" content=\"\u01af\u1edbc t\u00ednh th\u1eddi gian \u0111\u1ecdc\" \/>\n\t<meta name=\"twitter:data1\" content=\"1 ph\u00fat\" \/>\n<script type=\"application\/ld+json\" class=\"yoast-schema-graph\">{\"@context\":\"https:\/\/schema.org\",\"@graph\":[{\"@type\":\"WebPage\",\"@id\":\"https:\/\/luan.webrt.net\/qhome\/san-pham\/ghe-xoay-van-phong-qgx10\/\",\"url\":\"https:\/\/luan.webrt.net\/qhome\/san-pham\/ghe-xoay-van-phong-qgx10\/\",\"name\":\"Gh\u1ebf xoay v\u0103n ph\u00f2ng QGX10\",\"isPartOf\":{\"@id\":\"https:\/\/luan.webrt.net\/qhome\/#website\"},\"datePublished\":\"2023-12-13T08:20:13+00:00\",\"dateModified\":\"2024-04-19T09:18:42+00:00\",\"description\":\"QGHome Chuy\u00ean cung c\u1ea5p Gh\u1ebf xoay v\u0103n ph\u00f2ng l\u01b0ng l\u01b0\u1edbi \u0111i\u1ec1u ch\u1ec9nh \u0111\u1ed9 cao c\u00f3 t\u1ef1a l\u01b0ng t\u1ef1a \u0111\u1ea7u cao c\u1ea5p, gi\u00e1 t\u1ed1t nh\u1ea5t, cam k\u1ebft ch\u1ea5t l\u01b0\u1ee3ng\",\"breadcrumb\":{\"@id\":\"https:\/\/luan.webrt.net\/qhome\/san-pham\/ghe-xoay-van-phong-qgx10\/#breadcrumb\"},\"inLanguage\":\"vi\",\"potentialAction\":[{\"@type\":\"ReadAction\",\"target\":[\"https:\/\/luan.webrt.net\/qhome\/san-pham\/ghe-xoay-van-phong-qgx10\/\"]}]},{\"@type\":\"BreadcrumbList\",\"@id\":\"https:\/\/luan.webrt.net\/qhome\/san-pham\/ghe-xoay-van-phong-qgx10\/#breadcrumb\",\"itemListElement\":[{\"@type\":\"ListItem\",\"position\":1,\"name\":\"Trang ch\u1ee7\",\"item\":\"https:\/\/luan.webrt.net\/qhome\/\"},{\"@type\":\"ListItem\",\"position\":2,\"name\":\"Shop\",\"item\":\"https:\/\/luan.webrt.net\/qhome\/shop\/\"},{\"@type\":\"ListItem\",\"position\":3,\"name\":\"Gh\u1ebf xoay v\u0103n ph\u00f2ng QGX10\"}]},{\"@type\":\"WebSite\",\"@id\":\"https:\/\/luan.webrt.net\/qhome\/#website\",\"url\":\"https:\/\/luan.webrt.net\/qhome\/\",\"name\":\"M\u1eabu web n\u1ed9i th\u1ea5t\",\"description\":\"QGHome Vi\u1ec7t Nam\",\"publisher\":{\"@id\":\"https:\/\/luan.webrt.net\/qhome\/#organization\"},\"potentialAction\":[{\"@type\":\"SearchAction\",\"target\":{\"@type\":\"EntryPoint\",\"urlTemplate\":\"https:\/\/luan.webrt.net\/qhome\/?s={search_term_string}\"},\"query-input\":\"required name=search_term_string\"}],\"inLanguage\":\"vi\"},{\"@type\":\"Organization\",\"@id\":\"https:\/\/luan.webrt.net\/qhome\/#organization\",\"name\":\"QGHome\",\"url\":\"https:\/\/luan.webrt.net\/qhome\/\",\"logo\":{\"@type\":\"ImageObject\",\"inLanguage\":\"vi\",\"@id\":\"https:\/\/luan.webrt.net\/qhome\/#\/schema\/logo\/image\/\",\"url\":\"https:\/\/qghome.vn\/wp-content\/uploads\/2025\/08\/logo-mau-MauTH-21.png\",\"contentUrl\":\"https:\/\/qghome.vn\/wp-content\/uploads\/2025\/08\/logo-mau-MauTH-21.png\",\"width\":253,\"height\":99,\"caption\":\"QGHome\"},\"image\":{\"@id\":\"https:\/\/luan.webrt.net\/qhome\/#\/schema\/logo\/image\/\"},\"sameAs\":[\"https:\/\/www.tiktok.com\/@qghome.official\",\"https:\/\/www.youtube.com\/channel\/UCeVBuKTXkv-u94DS421cklw\",\"https:\/\/www.facebook.com\/noithatqghome\"]}]}<\/script>\n<!-- \/ Yoast SEO plugin. -->","yoast_head_json":{"title":"Gh\u1ebf xoay v\u0103n ph\u00f2ng QGX10","description":"QGHome Chuy\u00ean cung c\u1ea5p Gh\u1ebf xoay v\u0103n ph\u00f2ng l\u01b0ng l\u01b0\u1edbi \u0111i\u1ec1u ch\u1ec9nh \u0111\u1ed9 cao c\u00f3 t\u1ef1a l\u01b0ng t\u1ef1a \u0111\u1ea7u cao c\u1ea5p, gi\u00e1 t\u1ed1t nh\u1ea5t, cam k\u1ebft ch\u1ea5t l\u01b0\u1ee3ng","robots":{"index":"index","follow":"follow","max-snippet":"max-snippet:-1","max-image-preview":"max-image-preview:large","max-video-preview":"max-video-preview:-1"},"canonical":"https:\/\/luan.webrt.net\/qhome\/san-pham\/ghe-xoay-van-phong-qgx10\/","og_locale":"vi_VN","og_type":"article","og_title":"Gh\u1ebf xoay v\u0103n ph\u00f2ng QGX10","og_description":"QGHome Chuy\u00ean cung c\u1ea5p Gh\u1ebf xoay v\u0103n ph\u00f2ng l\u01b0ng l\u01b0\u1edbi \u0111i\u1ec1u ch\u1ec9nh \u0111\u1ed9 cao c\u00f3 t\u1ef1a l\u01b0ng t\u1ef1a \u0111\u1ea7u cao c\u1ea5p, gi\u00e1 t\u1ed1t nh\u1ea5t, cam k\u1ebft ch\u1ea5t l\u01b0\u1ee3ng","og_url":"https:\/\/luan.webrt.net\/qhome\/san-pham\/ghe-xoay-van-phong-qgx10\/","og_site_name":"M\u1eabu web n\u1ed9i th\u1ea5t","article_publisher":"https:\/\/www.facebook.com\/noithatqghome","article_modified_time":"2024-04-19T09:18:42+00:00","og_image":[{"width":768,"height":768,"url":"https:\/\/luan.webrt.net\/qhome\/wp-content\/uploads\/2023\/12\/ghe-xoay-van-phong-qg10-2.jpg","type":"image\/jpeg"}],"twitter_card":"summary_large_image","twitter_misc":{"\u01af\u1edbc t\u00ednh th\u1eddi gian \u0111\u1ecdc":"1 ph\u00fat"},"schema":{"@context":"https:\/\/schema.org","@graph":[{"@type":"WebPage","@id":"https:\/\/luan.webrt.net\/qhome\/san-pham\/ghe-xoay-van-phong-qgx10\/","url":"https:\/\/luan.webrt.net\/qhome\/san-pham\/ghe-xoay-van-phong-qgx10\/","name":"Gh\u1ebf xoay v\u0103n ph\u00f2ng QGX10","isPartOf":{"@id":"https:\/\/luan.webrt.net\/qhome\/#website"},"datePublished":"2023-12-13T08:20:13+00:00","dateModified":"2024-04-19T09:18:42+00:00","description":"QGHome Chuy\u00ean cung c\u1ea5p Gh\u1ebf xoay v\u0103n ph\u00f2ng l\u01b0ng l\u01b0\u1edbi \u0111i\u1ec1u ch\u1ec9nh \u0111\u1ed9 cao c\u00f3 t\u1ef1a l\u01b0ng t\u1ef1a \u0111\u1ea7u cao c\u1ea5p, gi\u00e1 t\u1ed1t nh\u1ea5t, cam k\u1ebft ch\u1ea5t l\u01b0\u1ee3ng","breadcrumb":{"@id":"https:\/\/luan.webrt.net\/qhome\/san-pham\/ghe-xoay-van-phong-qgx10\/#breadcrumb"},"inLanguage":"vi","potentialAction":[{"@type":"ReadAction","target":["https:\/\/luan.webrt.net\/qhome\/san-pham\/ghe-xoay-van-phong-qgx10\/"]}]},{"@type":"BreadcrumbList","@id":"https:\/\/luan.webrt.net\/qhome\/san-pham\/ghe-xoay-van-phong-qgx10\/#breadcrumb","itemListElement":[{"@type":"ListItem","position":1,"name":"Trang ch\u1ee7","item":"https:\/\/luan.webrt.net\/qhome\/"},{"@type":"ListItem","position":2,"name":"Shop","item":"https:\/\/luan.webrt.net\/qhome\/shop\/"},{"@type":"ListItem","position":3,"name":"Gh\u1ebf xoay v\u0103n ph\u00f2ng QGX10"}]},{"@type":"WebSite","@id":"https:\/\/luan.webrt.net\/qhome\/#website","url":"https:\/\/luan.webrt.net\/qhome\/","name":"M\u1eabu web n\u1ed9i th\u1ea5t","description":"QGHome Vi\u1ec7t Nam","publisher":{"@id":"https:\/\/luan.webrt.net\/qhome\/#organization"},"potentialAction":[{"@type":"SearchAction","target":{"@type":"EntryPoint","urlTemplate":"https:\/\/luan.webrt.net\/qhome\/?s={search_term_string}"},"query-input":"required name=search_term_string"}],"inLanguage":"vi"},{"@type":"Organization","@id":"https:\/\/luan.webrt.net\/qhome\/#organization","name":"QGHome","url":"https:\/\/luan.webrt.net\/qhome\/","logo":{"@type":"ImageObject","inLanguage":"vi","@id":"https:\/\/luan.webrt.net\/qhome\/#\/schema\/logo\/image\/","url":"https:\/\/qghome.vn\/wp-content\/uploads\/2025\/08\/logo-mau-MauTH-21.png","contentUrl":"https:\/\/qghome.vn\/wp-content\/uploads\/2025\/08\/logo-mau-MauTH-21.png","width":253,"height":99,"caption":"QGHome"},"image":{"@id":"https:\/\/luan.webrt.net\/qhome\/#\/schema\/logo\/image\/"},"sameAs":["https:\/\/www.tiktok.com\/@qghome.official","https:\/\/www.youtube.com\/channel\/UCeVBuKTXkv-u94DS421cklw","https:\/\/www.facebook.com\/noithatqghome"]}]}},"_links":{"self":[{"href":"https:\/\/luan.webrt.net\/qhome\/wp-json\/wp\/v2\/product\/6882","targetHints":{"allow":["GET"]}}],"collection":[{"href":"https:\/\/luan.webrt.net\/qhome\/wp-json\/wp\/v2\/product"}],"about":[{"href":"https:\/\/luan.webrt.net\/qhome\/wp-json\/wp\/v2\/types\/product"}],"replies":[{"embeddable":true,"href":"https:\/\/luan.webrt.net\/qhome\/wp-json\/wp\/v2\/comments?post=6882"}],"wp:featuredmedia":[{"embeddable":true,"href":"https:\/\/luan.webrt.net\/qhome\/wp-json\/wp\/v2\/media\/6883"}],"wp:attachment":[{"href":"https:\/\/luan.webrt.net\/qhome\/wp-json\/wp\/v2\/media?parent=6882"}],"wp:term":[{"taxonomy":"product_cat","embeddable":true,"href":"https:\/\/luan.webrt.net\/qhome\/wp-json\/wp\/v2\/product_cat?post=6882"},{"taxonomy":"product_tag","embeddable":true,"href":"https:\/\/luan.webrt.net\/qhome\/wp-json\/wp\/v2\/product_tag?post=6882"}],"curies":[{"name":"wp","href":"https:\/\/api.w.org\/{rel}","templated":true}]}}