{"id":6858,"date":"2023-12-13T06:47:53","date_gmt":"2023-12-13T06:47:53","guid":{"rendered":"https:\/\/qghome.vn\/?post_type=product&#038;p=6858"},"modified":"2024-11-18T15:37:05","modified_gmt":"2024-11-18T15:37:05","slug":"ghe-xoay-van-phong-qgx08","status":"publish","type":"product","link":"https:\/\/luan.webrt.net\/qhome\/san-pham\/ghe-xoay-van-phong-qgx08\/","title":{"rendered":"Gh\u1ebf xoay v\u0103n ph\u00f2ng QGX08"},"content":{"rendered":"<p>Gh\u1ebf xoay v\u0103n ph\u00f2ng QGX08<\/p>\n<p>Gh\u1ebf xoay v\u0103n ph\u00f2ng QGX08 c\u00f3 th\u1ec3 \u0111i\u1ec1u ch\u1ec9nh \u0111\u01b0\u1ee3c \u0111\u1ed9 cao, \u0111\u1ed9 nghi\u00eang v\u00e0 \u0111\u1ed9 s\u00e2u c\u1ee7a t\u1ef1a l\u01b0ng v\u00e0 \u0111\u1ec7m ng\u1ed3i, \u0111\u1ea3m b\u1ea3o r\u1eb1ng b\u1ea1n s\u1ebd lu\u00f4n c\u00f3 t\u01b0 th\u1ebf ng\u1ed3i \u0111\u00fang c\u00e1ch.<\/p>\n<p>Ngo\u00e0i ra, Gh\u1ebf xoay v\u0103n ph\u00f2ng QGX08 c\u00f2n c\u00f3 c\u00e1c t\u00ednh n\u0103ng kh\u00e1c nh\u01b0 \u0111\u1ec7m t\u1ef1a \u0111\u1ea7u, \u0111\u1ec7m c\u1ed5 v\u00e0 \u0111\u1ec7m tay, gi\u00fap b\u1ea1n t\u0103ng c\u01b0\u1eddng s\u1ef1 tho\u1ea3i m\u00e1i v\u00e0 \u0111\u1ea3m b\u1ea3o t\u01b0 th\u1ebf ng\u1ed3i \u0111\u00fang c\u00e1ch<\/p>\n<p>V\u1edbi thi\u1ebft k\u1ebf sang tr\u1ecdng, Gh\u1ebf xoay v\u0103n ph\u00f2ng QGX08 l\u00e0 s\u1ef1 l\u1ef1a ch\u1ecdn ho\u00e0n h\u1ea3o cho b\u1ea5t k\u1ef3 v\u0103n ph\u00f2ng n\u00e0o. N\u00f3 c\u0169ng l\u00e0 m\u1ed9t m\u00f3n qu\u00e0 tuy\u1ec7t v\u1eddi cho nh\u1eefng ng\u01b0\u1eddi th\u00e2n y\u00eau c\u1ee7a b\u1ea1n, gi\u00fap h\u1ecd b\u1ea3o v\u1ec7 s\u1ee9c kh\u1ecfe v\u00e0 t\u0103ng c\u01b0\u1eddng t\u01b0 th\u1ebf ng\u1ed3i \u0111\u00fang c\u00e1ch.<\/p>\n<p>TH\u00d4NG TIN S\u1ea2N PH\u1ea8M:<br \/>\n\u2013 K\u00edch th\u01b0\u1edbc t\u1ef1a l\u01b0ng gh\u1ebf SE605: 58x57cm<br \/>\n\u2013 Chi\u1ec1u cao \u0111\u1ec7m ng\u1ed3i: 41x51cm<br \/>\n\u2013 Chi\u1ec1u cao t\u1ef1a \u0111\u1ea7u: 17~23cm<br \/>\n\u2013 Chi\u1ec1u cao t\u1ef1a tay: 20 cm<br \/>\n\u2013 Chi\u1ec1u d\u00e0i t\u1ef1a tay: 25~32cm<br \/>\n\u2013 Di\u1ec7n t\u00edch ph\u1ea7n ch\u00e2n b\u00e1nh xe: 60cm<br \/>\n\u2013 Ph\u1ea7n t\u1ef1a tay c\u00f3 th\u1ec3 k\u00e9o l\u00ean xu\u1ed1ng t\u1edbi 90\u00b0<br \/>\n\u2013 H\u00e0ng cao c\u1ea5p nh\u1eadp kh\u1ea9u<br \/>\n\u2013 Tr\u1ecdng l\u01b0\u1ee3ng: 13kg<br \/>\n\u2013 Ch\u1ea5t li\u1ec7u: Nh\u1ef1a ABS Cao C\u1ea5p, V\u1ea3i l\u01b0\u1edbi si\u00eau tho\u00e1ng kh\u00ed<br \/>\n\u2013 M\u00e0u s\u1eafc: Tr\u1eafng \u0110en X\u00e1m<\/p>\n<p>BN06 \u2013 Gh\u1ebf c\u00f3 th\u1ec3 ng\u1ea3 t\u1ef1 \u0111\u1ed9ng \u1edf sau \u0111i\u1ec1u ch\u1ec9nh \u1edf tay v\u00e0 c\u00f3 g\u00e1c ch\u00e2n. C\u00f3 l\u01b0ng k\u00e9p v\u00e0 c\u00f3 2 l\u01b0ng, t\u1ef1a \u0111\u1ea7u l\u01b0\u1edbi tho\u00e1ng kh\u00ed, \u0111i\u1ec1u ch\u1ec9nh l\u00ean xu\u1ed1ng<\/p>\n<p>BN08 \u2013 Kh\u00f4ng c\u00f3 g\u00e1c ch\u00e2n, tay g\u1eadp l\u00ean xu\u1ed1ng, 2 l\u01b0ng : l\u01b0ng k\u00e9p v\u00e0 l\u01b0ng ph\u1ee5 c\u1ed1 \u0111\u1ecbnh \u00f4m c\u1ed9t s\u1ed1ng, t\u1ef1a \u0111\u1ea7u, l\u01b0ng l\u01b0\u1edbi tho\u00e1ng kh\u00ed, ng\u1ea3 g\u1eadt g\u00f9<\/p>\n<p>CTH01 \u2013 Gh\u1ebf c\u00f3 th\u1ec3 ng\u1ea3 t\u1ef1 \u0111\u1ed9ng \u1edf sau \u0111i\u1ec1u ch\u1ec9nh \u1edf tay v\u00e0 c\u00f3 g\u00e1c ch\u00e2n. C\u00f3 l\u01b0ng k\u00e9p v\u00e0 c\u00f3 2 l\u01b0ng, t\u1ef1a \u0111\u1ea7u l\u01b0\u1edbi tho\u00e1ng kh\u00ed, \u0111i\u1ec1u ch\u1ec9nh l\u00ean xu\u1ed1ng<\/p>\n<p>\u01afu \u0111i\u1ec3m v\u01b0\u1ee3t tr\u1ed9i: Gh\u1ebf xoay v\u0103n ph\u00f2ng gaming c\u00f4ng th\u00e1i h\u1ecdc ergonomic<br \/>\n\u2013 H\u00ecnh th\u1ee9c \u01b0a nh\u00ecn, \u0111\u1eb9p m\u1eaft c\u00f3 ng\u1ea3 l\u01b0ng<br \/>\n\u2013 Thi\u1ebft k\u1ebf \u0111\u01b0\u1eddng n\u00e9t tinh t\u1ebf theo \u0111\u00fang t\u01b0 th\u1ebf ng\u1ed3i, t\u1ea1o c\u1ea3m gi\u00e1c tho\u1ea3i m\u00e1i nh\u1ea5t khi ng\u1ed3i l\u00e0m vi\u1ec7c<br \/>\n\u2013 Ch\u1ed1ng \u00ea m\u1ecfi c\u1ed5, l\u01b0ng, h\u1ea1n ch\u1ebf c\u00e1c b\u00eanh v\u1ec1 x\u01b0\u01a1ng kh\u1edbp<br \/>\n\u2013 D\u1ec5 d\u00e0ng thay \u0111\u1ed5i chi\u1ec1u cao gh\u1ebf, ng\u1ea3 l\u01b0ng<br \/>\n\u2013 C\u1ea5u t\u1ea1o ch\u1eafc kh\u1ecfe, ch\u1ecbu \u0111\u01b0\u1ee3c t\u1ea3i tr\u1ecdng l\u00ean t\u1edbi 180kg.<br \/>\n\u2013 Ph\u00f9 h\u1ee3p v\u01a1i nh\u1eefng ng\u01b0\u1eddi th\u01b0\u1eddng xuy\u00ean ng\u1ed3i li\u00ean t\u1ee5c h\u00e0ng gi\u1edd<\/p>\n<p>CAM K\u1ebeT: Gh\u1ebf xoay v\u0103n ph\u00f2ng gaming c\u00f4ng th\u00e1i h\u1ecdc ergonomic, Gh\u1ebf Xoay V\u0103n Ph\u00f2ng, Gh\u1ebf C\u00f4ng Th\u00e1i H\u1ecdc, Gh\u1ebf Gaming Ng\u1ea3 L\u01b0ng G\u00e1c Ch\u00e2n T\u1ef1a \u0110\u1ea7u<br \/>\n+ Ho\u00e0n h\u00e0ng 7 ng\u00e0y n\u1ebfu l\u1ed7i do nh\u00e0 s\u1ea3n xu\u1ea5t.<br \/>\n+ Ch\u1ea5t l\u01b0\u1ee3ng s\u1ea3n ph\u1ea9m t\u1ed1t<br \/>\n+ Giao h\u00e0ng nhanh<br \/>\n+ Ki\u1ec3m tra k\u1ef9 h\u00e0ng tr\u01b0\u1edbc khi giao cho Kh\u00e1ch h\u00e0ng<br \/>\n+ T\u01b0 v\u1ea5n nhi\u1ec7t t\u00ecnh<\/p>\n<p>CH\u00cdNH S\u00c1CH B\u1ea2O H\u00c0NH C\u1ee6A SHOP \u2013 H\u1ed6 TR\u1ee2 B\u1ea2O H\u00c0NH \u0110\u1ed4I H\u00c0NG 7 nga\u0300y<\/p>\n","protected":false},"excerpt":{"rendered":"<p>Gh\u1ebf xoay v\u0103n ph\u00f2ng l\u01b0ng l\u01b0\u1edbi \u0111i\u1ec1u ch\u1ec9nh \u0111\u1ed9 cao<br \/>\nMi\u1ec5n Ph\u00ed: T\u01b0 v\u1ea5n thi\u1ebft k\u1ebf v\u0103n ph\u00f2ng v\u00e0 l\u1eafp \u0111\u1eb7t n\u1ed9i th\u1ea5t v\u0103n ph\u00f2ng<br \/>\nMi\u1ec5n Ph\u00ed: V\u1eadn chuy\u1ec3n v\u1edbi \u0111\u01a1n h\u00e0ng tr\u00ean 10 Tri\u1ec7u v\u1edbi c\u00e1c Qu\u1eadn n\u1ed9i th\u00e0nh.<br \/>\nGi\u00e1 n\u00e0y ch\u01b0a bao g\u1ed3m: VAT v\u00e0 Ph\u00ed giao h\u00e0ng<\/p>\n","protected":false},"featured_media":6862,"comment_status":"open","ping_status":"closed","template":"","meta":[],"product_cat":[296],"product_tag":[],"class_list":["post-6858","product","type-product","status-publish","has-post-thumbnail","hentry","product_cat-ghe-xoay-van-phong"],"yoast_head":"<!-- This site is optimized with the Yoast SEO plugin v19.9 - https:\/\/yoast.com\/wordpress\/plugins\/seo\/ -->\n<title>Gh\u1ebf xoay v\u0103n ph\u00f2ng QGX08<\/title>\n<meta name=\"description\" content=\"QGHome Chuy\u00ean cung c\u1ea5p Gh\u1ebf xoay v\u0103n ph\u00f2ng l\u01b0ng l\u01b0\u1edbi \u0111i\u1ec1u ch\u1ec9nh \u0111\u1ed9 cao c\u00f3 t\u1ef1a l\u01b0ng t\u1ef1a \u0111\u1ea7u cao c\u1ea5p, gi\u00e1 t\u1ed1t nh\u1ea5t, cam k\u1ebft ch\u1ea5t l\u01b0\u1ee3ng\" \/>\n<meta name=\"robots\" content=\"index, follow, max-snippet:-1, max-image-preview:large, max-video-preview:-1\" \/>\n<link rel=\"canonical\" href=\"https:\/\/luan.webrt.net\/qhome\/san-pham\/ghe-xoay-van-phong-qgx08\/\" \/>\n<meta property=\"og:locale\" content=\"vi_VN\" \/>\n<meta property=\"og:type\" content=\"article\" \/>\n<meta property=\"og:title\" content=\"Gh\u1ebf xoay v\u0103n ph\u00f2ng QGX08\" \/>\n<meta property=\"og:description\" content=\"QGHome Chuy\u00ean cung c\u1ea5p Gh\u1ebf xoay v\u0103n ph\u00f2ng l\u01b0ng l\u01b0\u1edbi \u0111i\u1ec1u ch\u1ec9nh \u0111\u1ed9 cao c\u00f3 t\u1ef1a l\u01b0ng t\u1ef1a \u0111\u1ea7u cao c\u1ea5p, gi\u00e1 t\u1ed1t nh\u1ea5t, cam k\u1ebft ch\u1ea5t l\u01b0\u1ee3ng\" \/>\n<meta property=\"og:url\" content=\"https:\/\/luan.webrt.net\/qhome\/san-pham\/ghe-xoay-van-phong-qgx08\/\" \/>\n<meta property=\"og:site_name\" content=\"M\u1eabu web n\u1ed9i th\u1ea5t\" \/>\n<meta property=\"article:publisher\" content=\"https:\/\/www.facebook.com\/noithatqghome\" \/>\n<meta property=\"article:modified_time\" content=\"2024-11-18T15:37:05+00:00\" \/>\n<meta property=\"og:image\" content=\"https:\/\/luan.webrt.net\/qhome\/wp-content\/uploads\/2023\/12\/ghe-xoay-van-phong-qg04-6.jpg\" \/>\n\t<meta property=\"og:image:width\" content=\"768\" \/>\n\t<meta property=\"og:image:height\" content=\"768\" \/>\n\t<meta property=\"og:image:type\" content=\"image\/jpeg\" \/>\n<meta name=\"twitter:card\" content=\"summary_large_image\" \/>\n<meta name=\"twitter:label1\" content=\"\u01af\u1edbc t\u00ednh th\u1eddi gian \u0111\u1ecdc\" \/>\n\t<meta name=\"twitter:data1\" content=\"3 ph\u00fat\" \/>\n<script type=\"application\/ld+json\" class=\"yoast-schema-graph\">{\"@context\":\"https:\/\/schema.org\",\"@graph\":[{\"@type\":\"WebPage\",\"@id\":\"https:\/\/luan.webrt.net\/qhome\/san-pham\/ghe-xoay-van-phong-qgx08\/\",\"url\":\"https:\/\/luan.webrt.net\/qhome\/san-pham\/ghe-xoay-van-phong-qgx08\/\",\"name\":\"Gh\u1ebf xoay v\u0103n ph\u00f2ng QGX08\",\"isPartOf\":{\"@id\":\"https:\/\/luan.webrt.net\/qhome\/#website\"},\"datePublished\":\"2023-12-13T06:47:53+00:00\",\"dateModified\":\"2024-11-18T15:37:05+00:00\",\"description\":\"QGHome Chuy\u00ean cung c\u1ea5p Gh\u1ebf xoay v\u0103n ph\u00f2ng l\u01b0ng l\u01b0\u1edbi \u0111i\u1ec1u ch\u1ec9nh \u0111\u1ed9 cao c\u00f3 t\u1ef1a l\u01b0ng t\u1ef1a \u0111\u1ea7u cao c\u1ea5p, gi\u00e1 t\u1ed1t nh\u1ea5t, cam k\u1ebft ch\u1ea5t l\u01b0\u1ee3ng\",\"breadcrumb\":{\"@id\":\"https:\/\/luan.webrt.net\/qhome\/san-pham\/ghe-xoay-van-phong-qgx08\/#breadcrumb\"},\"inLanguage\":\"vi\",\"potentialAction\":[{\"@type\":\"ReadAction\",\"target\":[\"https:\/\/luan.webrt.net\/qhome\/san-pham\/ghe-xoay-van-phong-qgx08\/\"]}]},{\"@type\":\"BreadcrumbList\",\"@id\":\"https:\/\/luan.webrt.net\/qhome\/san-pham\/ghe-xoay-van-phong-qgx08\/#breadcrumb\",\"itemListElement\":[{\"@type\":\"ListItem\",\"position\":1,\"name\":\"Trang ch\u1ee7\",\"item\":\"https:\/\/luan.webrt.net\/qhome\/\"},{\"@type\":\"ListItem\",\"position\":2,\"name\":\"Shop\",\"item\":\"https:\/\/luan.webrt.net\/qhome\/shop\/\"},{\"@type\":\"ListItem\",\"position\":3,\"name\":\"Gh\u1ebf xoay v\u0103n ph\u00f2ng QGX08\"}]},{\"@type\":\"WebSite\",\"@id\":\"https:\/\/luan.webrt.net\/qhome\/#website\",\"url\":\"https:\/\/luan.webrt.net\/qhome\/\",\"name\":\"M\u1eabu web n\u1ed9i th\u1ea5t\",\"description\":\"QGHome Vi\u1ec7t Nam\",\"publisher\":{\"@id\":\"https:\/\/luan.webrt.net\/qhome\/#organization\"},\"potentialAction\":[{\"@type\":\"SearchAction\",\"target\":{\"@type\":\"EntryPoint\",\"urlTemplate\":\"https:\/\/luan.webrt.net\/qhome\/?s={search_term_string}\"},\"query-input\":\"required name=search_term_string\"}],\"inLanguage\":\"vi\"},{\"@type\":\"Organization\",\"@id\":\"https:\/\/luan.webrt.net\/qhome\/#organization\",\"name\":\"QGHome\",\"url\":\"https:\/\/luan.webrt.net\/qhome\/\",\"logo\":{\"@type\":\"ImageObject\",\"inLanguage\":\"vi\",\"@id\":\"https:\/\/luan.webrt.net\/qhome\/#\/schema\/logo\/image\/\",\"url\":\"https:\/\/qghome.vn\/wp-content\/uploads\/2025\/08\/logo-mau-MauTH-21.png\",\"contentUrl\":\"https:\/\/qghome.vn\/wp-content\/uploads\/2025\/08\/logo-mau-MauTH-21.png\",\"width\":253,\"height\":99,\"caption\":\"QGHome\"},\"image\":{\"@id\":\"https:\/\/luan.webrt.net\/qhome\/#\/schema\/logo\/image\/\"},\"sameAs\":[\"https:\/\/www.tiktok.com\/@qghome.official\",\"https:\/\/www.youtube.com\/channel\/UCeVBuKTXkv-u94DS421cklw\",\"https:\/\/www.facebook.com\/noithatqghome\"]}]}<\/script>\n<!-- \/ Yoast SEO plugin. -->","yoast_head_json":{"title":"Gh\u1ebf xoay v\u0103n ph\u00f2ng QGX08","description":"QGHome Chuy\u00ean cung c\u1ea5p Gh\u1ebf xoay v\u0103n ph\u00f2ng l\u01b0ng l\u01b0\u1edbi \u0111i\u1ec1u ch\u1ec9nh \u0111\u1ed9 cao c\u00f3 t\u1ef1a l\u01b0ng t\u1ef1a \u0111\u1ea7u cao c\u1ea5p, gi\u00e1 t\u1ed1t nh\u1ea5t, cam k\u1ebft ch\u1ea5t l\u01b0\u1ee3ng","robots":{"index":"index","follow":"follow","max-snippet":"max-snippet:-1","max-image-preview":"max-image-preview:large","max-video-preview":"max-video-preview:-1"},"canonical":"https:\/\/luan.webrt.net\/qhome\/san-pham\/ghe-xoay-van-phong-qgx08\/","og_locale":"vi_VN","og_type":"article","og_title":"Gh\u1ebf xoay v\u0103n ph\u00f2ng QGX08","og_description":"QGHome Chuy\u00ean cung c\u1ea5p Gh\u1ebf xoay v\u0103n ph\u00f2ng l\u01b0ng l\u01b0\u1edbi \u0111i\u1ec1u ch\u1ec9nh \u0111\u1ed9 cao c\u00f3 t\u1ef1a l\u01b0ng t\u1ef1a \u0111\u1ea7u cao c\u1ea5p, gi\u00e1 t\u1ed1t nh\u1ea5t, cam k\u1ebft ch\u1ea5t l\u01b0\u1ee3ng","og_url":"https:\/\/luan.webrt.net\/qhome\/san-pham\/ghe-xoay-van-phong-qgx08\/","og_site_name":"M\u1eabu web n\u1ed9i th\u1ea5t","article_publisher":"https:\/\/www.facebook.com\/noithatqghome","article_modified_time":"2024-11-18T15:37:05+00:00","og_image":[{"width":768,"height":768,"url":"https:\/\/luan.webrt.net\/qhome\/wp-content\/uploads\/2023\/12\/ghe-xoay-van-phong-qg04-6.jpg","type":"image\/jpeg"}],"twitter_card":"summary_large_image","twitter_misc":{"\u01af\u1edbc t\u00ednh th\u1eddi gian \u0111\u1ecdc":"3 ph\u00fat"},"schema":{"@context":"https:\/\/schema.org","@graph":[{"@type":"WebPage","@id":"https:\/\/luan.webrt.net\/qhome\/san-pham\/ghe-xoay-van-phong-qgx08\/","url":"https:\/\/luan.webrt.net\/qhome\/san-pham\/ghe-xoay-van-phong-qgx08\/","name":"Gh\u1ebf xoay v\u0103n ph\u00f2ng QGX08","isPartOf":{"@id":"https:\/\/luan.webrt.net\/qhome\/#website"},"datePublished":"2023-12-13T06:47:53+00:00","dateModified":"2024-11-18T15:37:05+00:00","description":"QGHome Chuy\u00ean cung c\u1ea5p Gh\u1ebf xoay v\u0103n ph\u00f2ng l\u01b0ng l\u01b0\u1edbi \u0111i\u1ec1u ch\u1ec9nh \u0111\u1ed9 cao c\u00f3 t\u1ef1a l\u01b0ng t\u1ef1a \u0111\u1ea7u cao c\u1ea5p, gi\u00e1 t\u1ed1t nh\u1ea5t, cam k\u1ebft ch\u1ea5t l\u01b0\u1ee3ng","breadcrumb":{"@id":"https:\/\/luan.webrt.net\/qhome\/san-pham\/ghe-xoay-van-phong-qgx08\/#breadcrumb"},"inLanguage":"vi","potentialAction":[{"@type":"ReadAction","target":["https:\/\/luan.webrt.net\/qhome\/san-pham\/ghe-xoay-van-phong-qgx08\/"]}]},{"@type":"BreadcrumbList","@id":"https:\/\/luan.webrt.net\/qhome\/san-pham\/ghe-xoay-van-phong-qgx08\/#breadcrumb","itemListElement":[{"@type":"ListItem","position":1,"name":"Trang ch\u1ee7","item":"https:\/\/luan.webrt.net\/qhome\/"},{"@type":"ListItem","position":2,"name":"Shop","item":"https:\/\/luan.webrt.net\/qhome\/shop\/"},{"@type":"ListItem","position":3,"name":"Gh\u1ebf xoay v\u0103n ph\u00f2ng QGX08"}]},{"@type":"WebSite","@id":"https:\/\/luan.webrt.net\/qhome\/#website","url":"https:\/\/luan.webrt.net\/qhome\/","name":"M\u1eabu web n\u1ed9i th\u1ea5t","description":"QGHome Vi\u1ec7t Nam","publisher":{"@id":"https:\/\/luan.webrt.net\/qhome\/#organization"},"potentialAction":[{"@type":"SearchAction","target":{"@type":"EntryPoint","urlTemplate":"https:\/\/luan.webrt.net\/qhome\/?s={search_term_string}"},"query-input":"required name=search_term_string"}],"inLanguage":"vi"},{"@type":"Organization","@id":"https:\/\/luan.webrt.net\/qhome\/#organization","name":"QGHome","url":"https:\/\/luan.webrt.net\/qhome\/","logo":{"@type":"ImageObject","inLanguage":"vi","@id":"https:\/\/luan.webrt.net\/qhome\/#\/schema\/logo\/image\/","url":"https:\/\/qghome.vn\/wp-content\/uploads\/2025\/08\/logo-mau-MauTH-21.png","contentUrl":"https:\/\/qghome.vn\/wp-content\/uploads\/2025\/08\/logo-mau-MauTH-21.png","width":253,"height":99,"caption":"QGHome"},"image":{"@id":"https:\/\/luan.webrt.net\/qhome\/#\/schema\/logo\/image\/"},"sameAs":["https:\/\/www.tiktok.com\/@qghome.official","https:\/\/www.youtube.com\/channel\/UCeVBuKTXkv-u94DS421cklw","https:\/\/www.facebook.com\/noithatqghome"]}]}},"_links":{"self":[{"href":"https:\/\/luan.webrt.net\/qhome\/wp-json\/wp\/v2\/product\/6858","targetHints":{"allow":["GET"]}}],"collection":[{"href":"https:\/\/luan.webrt.net\/qhome\/wp-json\/wp\/v2\/product"}],"about":[{"href":"https:\/\/luan.webrt.net\/qhome\/wp-json\/wp\/v2\/types\/product"}],"replies":[{"embeddable":true,"href":"https:\/\/luan.webrt.net\/qhome\/wp-json\/wp\/v2\/comments?post=6858"}],"wp:featuredmedia":[{"embeddable":true,"href":"https:\/\/luan.webrt.net\/qhome\/wp-json\/wp\/v2\/media\/6862"}],"wp:attachment":[{"href":"https:\/\/luan.webrt.net\/qhome\/wp-json\/wp\/v2\/media?parent=6858"}],"wp:term":[{"taxonomy":"product_cat","embeddable":true,"href":"https:\/\/luan.webrt.net\/qhome\/wp-json\/wp\/v2\/product_cat?post=6858"},{"taxonomy":"product_tag","embeddable":true,"href":"https:\/\/luan.webrt.net\/qhome\/wp-json\/wp\/v2\/product_tag?post=6858"}],"curies":[{"name":"wp","href":"https:\/\/api.w.org\/{rel}","templated":true}]}}