{"id":6851,"date":"2023-12-13T06:33:34","date_gmt":"2023-12-13T06:33:34","guid":{"rendered":"https:\/\/qghome.vn\/?post_type=product&#038;p=6851"},"modified":"2024-04-19T09:08:19","modified_gmt":"2024-04-19T09:08:19","slug":"ghe-xoay-van-phong-qgx07","status":"publish","type":"product","link":"https:\/\/luan.webrt.net\/qhome\/san-pham\/ghe-xoay-van-phong-qgx07\/","title":{"rendered":"Gh\u1ebf xoay v\u0103n ph\u00f2ng QGX07"},"content":{"rendered":"<p>Gh\u1ebf xoay v\u0103n ph\u00f2ng QGX07<\/p>\n<p>Gh\u1ebf c\u00f4ng th\u00e1i h\u1ecdc ng\u1ea3 l\u01b0ng 35 \u0111\u1ed9 v\u1ea3i l\u01b0\u1edbi tho\u00e1ng kh\u00ed, t\u1ef1a l\u01b0ng \u00eam \u00e1i, t\u1ef1a \u0111\u1ea7u v\u00e0 c\u1ed5, k\u00ea tay ti\u1ec7n \u00edch<\/p>\n<p>1 TH\u00d4NG TIN S\u1ea2N PH\u1ea8M:<\/p>\n<ul>\n<li>Gh\u1ebf Xoay V\u0103n Ph\u00f2ng C\u00f4ng Th\u00e1i H\u1ecdc Tay G\u1eadp cao c\u1ea5p m\u1eabu hot nh\u1ea5t n\u0103m 2023<\/li>\n<li>L\u00e0 s\u1ea3n ph\u1ea9m t\u1ef1 tin b\u00e1n ch\u1ea1y nh\u1ea5t trong nh\u1eefng n\u0103m qua, \u0111\u01b0\u1ee3c c\u1ed9ng \u0111\u1ed3ng ng\u01b0\u1eddi Vi\u1ec7t tin d\u00f9ng b\u1edfi nh\u1eefng c\u00f4ng d\u1ee5ng mang l\u1ea1i v\u00f4 c\u00f9ng tuy\u1ec7t v\u1eddi.<\/li>\n<li>Gh\u1ebf v\u0103n ph\u00f2ng cao c\u1ea5p s\u1eed d\u1ee5ng h\u1ec7 th\u1ed1ng tay g\u1eadp th\u00f4ng minh, gh\u1ebf l\u00e0m vi\u1ec7c xoay v\u0103n ph\u00f2ng 360 \u0111\u1ed9 \u0111i\u1ec1u ch\u1ec9nh \u0111\u1ed9 cao c\u00f3 t\u1ef1a g\u00e1y, gi\u00fap gi\u1ea3m \u0111au l\u01b0ng, \u0111au c\u1ed5 l\u00e0 s\u1ea3n ph\u1ea9m \u0111ang chi\u1ebfm l\u0129nh ph\u00e2n kh\u00fac t\u1ea7m trung, \u0111\u01b0\u1ee3c thi\u1ebft k\u1ebf theo ti\u00eau chu\u1ea9n Ergonomic c\u00f9ng v\u1eadt li\u1ec7u cao c\u1ea5p, \u0111\u00e3 \u0111\u01b0\u1ee3c c\u00f4ng ty th\u1ea9m \u0111\u1ecbnh v\u1edbi ti\u00eau chu\u1ea9n kh\u1eaft khe nh\u1ea5t c\u1ee7a Ch\u00e2u \u00c2u \u2013 ANSI\/BIFMA X5.1<\/li>\n<li>\u01afu \u0111i\u1ec3m c\u1ee7a s\u1ea3n ph\u1ea9m gh\u1ebf v\u0103n ph\u00f2ng xoay 360 \u0111\u1ed9 so v\u1edbi nh\u1eefng s\u1ea3n ph\u1ea9m c\u00f9ng lo\u1ea1i tr\u00ean th\u1ecb tr\u01b0\u1eddng l\u00e0 gh\u1ebf c\u00f3 th\u1ec3 ng\u1ea3 ra ph\u00eda sau kho\u1ea3ng 35 \u0111\u1ed9 th\u00f4ng qua n\u00fam xoay d\u01b0\u1edbi ph\u1ea7n \u0111\u1ec7m ng\u1ed3i, t\u1ea1o c\u1ea3m gi\u00e1c tho\u1ea3i m\u00e1i, th\u01b0 gi\u00e3n khi ng\u1ed3i l\u00e0m vi\u1ec7c trong th\u1eddi gian d\u00e0i. l\u1edbp v\u1ea3i l\u01b0\u1edbi b\u1ecdc t\u1ef1a l\u01b0ng v\u00e0 \u0111\u1ec7m tho\u00e1ng kh\u00ed, ph\u1ea7n \u0111\u1ec7m c\u00f2n c\u00f3 l\u1ed7 nh\u1ecf th\u00f4ng tho\u00e1ng gi\u00fap b\u1ea1n kh\u00f4ng b\u1ecb \u0111au b\u1ecb \u00ea khi ng\u1ed3i l\u00e2u<\/li>\n<\/ul>\n<p>2 TH\u00d4NG TIN CHI TI\u1ebeT:<\/p>\n<ul>\n<li>\u00a0\u01afu \u0111i\u1ec3m c\u1ee7a s\u1ea3n ph\u1ea9m l\u00e0m vi\u1ec7c xoay 360 \u0111\u1ed9:<\/li>\n<li>Gh\u1ebf c\u00f3 th\u1ec3 ng\u1ea3 ra ph\u00eda sau 30 \u0111\u1ed9<\/li>\n<li>L\u1eafp r\u00e1p nhanh v\u00e0 d\u1ec5 d\u00e0ng<\/li>\n<li>\u0110\u1ec7m ng\u1ed3i l\u00f3t \u0111\u1ec7m cao su \u0111\u01b0\u1ee3c b\u1ecdc v\u1ea3i l\u01b0\u1edbi tho\u00e1ng kh\u00ed, b\u00e1m b\u1ea9n<\/li>\n<li>T\u1ef1a l\u01b0ng v\u1ea3i l\u01b0\u1edbi tho\u00e1ng kh\u00ed v\u00e0 \u0111\u01b0\u1ee3c thi\u1ebft k\u1ebf c\u00f3 gi\u00e1 \u0111\u1ee1 l\u01b0ng \u0111\u1eb7c bi\u1ec7t gi\u00fap n\u00e2ng \u0111\u1ee1 ph\u1ea7n ngang th\u1eaft l\u01b0ng<\/li>\n<li>C\u00f3 ph\u1ea7n t\u1ef1a \u0111\u1ea7u v\u00e0 c\u00f3 th\u1ec3 \u0111i\u1ec1u ch\u1ec9nh t\u1ef1a \u0111\u1ea7u tho\u1ea3i m\u00e1i, gh\u1ebf c\u00f3 th\u1ec3 ng\u1ea3 ra sau v\u00e0 n\u00e2ng cao ho\u1eb7c h\u1ea1 th\u1ea5p t\u00f9y ch\u1ec9nh<\/li>\n<li>Khung ch\u00e2n gh\u1ebf thi\u1ebft k\u1ebf h\u00ecnh ng\u00f4i sao 5 c\u00e1nh ch\u1ecbu l\u1ef1c c\u1ef1c t\u1ed1t, b\u00e1nh xe l\u0103n gi\u00fap gh\u1ebf di chuy\u1ec3n nh\u1eb9 nh\u00e0ng<\/li>\n<li>Gh\u1ebf \u0111\u1ec7m \u00eam \u00e1i, t\u1ea1o c\u1ea3m gi\u00e1c th\u01b0 gi\u00e3n khi ng\u1ed3i<\/li>\n<li>T\u1ef1a l\u01b0ng sau thi\u1ebft k\u1ebf ch\u1eef Y t\u0103ng kh\u1ea3 n\u0103ng ch\u1ecbu l\u1ef1c<\/li>\n<li>\u00a0S\u1ea3n ph\u1ea9m c\u00f3 2 m\u00e0u l\u1ef1a ch\u1ecdn: khung tr\u1eafng \u0111\u1ec7m \u0111en, khung tr\u1eafng \u0111\u1ec7m ghi<\/li>\n<\/ul>\n","protected":false},"excerpt":{"rendered":"<p>Gh\u1ebf xoay v\u0103n ph\u00f2ng l\u01b0ng l\u01b0\u1edbi \u0111i\u1ec1u ch\u1ec9nh \u0111\u1ed9 cao<br \/>\nMi\u1ec5n Ph\u00ed: T\u01b0 v\u1ea5n thi\u1ebft k\u1ebf v\u0103n ph\u00f2ng v\u00e0 l\u1eafp \u0111\u1eb7t n\u1ed9i th\u1ea5t v\u0103n ph\u00f2ng<br \/>\nMi\u1ec5n Ph\u00ed: V\u1eadn chuy\u1ec3n v\u1edbi \u0111\u01a1n h\u00e0ng tr\u00ean 10 Tri\u1ec7u v\u1edbi c\u00e1c Qu\u1eadn n\u1ed9i th\u00e0nh.<br \/>\nGi\u00e1 n\u00e0y ch\u01b0a bao g\u1ed3m: VAT v\u00e0 Ph\u00ed giao h\u00e0ng<\/p>\n","protected":false},"featured_media":6852,"comment_status":"open","ping_status":"closed","template":"","meta":[],"product_cat":[296],"product_tag":[],"class_list":["post-6851","product","type-product","status-publish","has-post-thumbnail","hentry","product_cat-ghe-xoay-van-phong"],"yoast_head":"<!-- This site is optimized with the Yoast SEO plugin v19.9 - https:\/\/yoast.com\/wordpress\/plugins\/seo\/ -->\n<title>Gh\u1ebf xoay v\u0103n ph\u00f2ng QGX07<\/title>\n<meta name=\"description\" content=\"QGHome Chuy\u00ean cung c\u1ea5p Gh\u1ebf xoay v\u0103n ph\u00f2ng l\u01b0ng l\u01b0\u1edbi \u0111i\u1ec1u ch\u1ec9nh \u0111\u1ed9 cao c\u00f3 t\u1ef1a l\u01b0ng t\u1ef1a \u0111\u1ea7u cao c\u1ea5p, gi\u00e1 t\u1ed1t nh\u1ea5t, cam k\u1ebft ch\u1ea5t l\u01b0\u1ee3ng\" \/>\n<meta name=\"robots\" content=\"index, follow, max-snippet:-1, max-image-preview:large, max-video-preview:-1\" \/>\n<link rel=\"canonical\" href=\"https:\/\/luan.webrt.net\/qhome\/san-pham\/ghe-xoay-van-phong-qgx07\/\" \/>\n<meta property=\"og:locale\" content=\"vi_VN\" \/>\n<meta property=\"og:type\" content=\"article\" \/>\n<meta property=\"og:title\" content=\"Gh\u1ebf xoay v\u0103n ph\u00f2ng QGX07\" \/>\n<meta property=\"og:description\" content=\"QGHome Chuy\u00ean cung c\u1ea5p Gh\u1ebf xoay v\u0103n ph\u00f2ng l\u01b0ng l\u01b0\u1edbi \u0111i\u1ec1u ch\u1ec9nh \u0111\u1ed9 cao c\u00f3 t\u1ef1a l\u01b0ng t\u1ef1a \u0111\u1ea7u cao c\u1ea5p, gi\u00e1 t\u1ed1t nh\u1ea5t, cam k\u1ebft ch\u1ea5t l\u01b0\u1ee3ng\" \/>\n<meta property=\"og:url\" content=\"https:\/\/luan.webrt.net\/qhome\/san-pham\/ghe-xoay-van-phong-qgx07\/\" \/>\n<meta property=\"og:site_name\" content=\"M\u1eabu web n\u1ed9i th\u1ea5t\" \/>\n<meta property=\"article:publisher\" content=\"https:\/\/www.facebook.com\/noithatqghome\" \/>\n<meta property=\"article:modified_time\" content=\"2024-04-19T09:08:19+00:00\" \/>\n<meta property=\"og:image\" content=\"https:\/\/luan.webrt.net\/qhome\/wp-content\/uploads\/2023\/12\/ghe-xoay-van-phong-qg01-2.jpg\" \/>\n\t<meta property=\"og:image:width\" content=\"768\" \/>\n\t<meta property=\"og:image:height\" content=\"768\" \/>\n\t<meta property=\"og:image:type\" content=\"image\/jpeg\" \/>\n<meta name=\"twitter:card\" content=\"summary_large_image\" \/>\n<meta name=\"twitter:label1\" content=\"\u01af\u1edbc t\u00ednh th\u1eddi gian \u0111\u1ecdc\" \/>\n\t<meta name=\"twitter:data1\" content=\"3 ph\u00fat\" \/>\n<script type=\"application\/ld+json\" class=\"yoast-schema-graph\">{\"@context\":\"https:\/\/schema.org\",\"@graph\":[{\"@type\":\"WebPage\",\"@id\":\"https:\/\/luan.webrt.net\/qhome\/san-pham\/ghe-xoay-van-phong-qgx07\/\",\"url\":\"https:\/\/luan.webrt.net\/qhome\/san-pham\/ghe-xoay-van-phong-qgx07\/\",\"name\":\"Gh\u1ebf xoay v\u0103n ph\u00f2ng QGX07\",\"isPartOf\":{\"@id\":\"https:\/\/luan.webrt.net\/qhome\/#website\"},\"datePublished\":\"2023-12-13T06:33:34+00:00\",\"dateModified\":\"2024-04-19T09:08:19+00:00\",\"description\":\"QGHome Chuy\u00ean cung c\u1ea5p Gh\u1ebf xoay v\u0103n ph\u00f2ng l\u01b0ng l\u01b0\u1edbi \u0111i\u1ec1u ch\u1ec9nh \u0111\u1ed9 cao c\u00f3 t\u1ef1a l\u01b0ng t\u1ef1a \u0111\u1ea7u cao c\u1ea5p, gi\u00e1 t\u1ed1t nh\u1ea5t, cam k\u1ebft ch\u1ea5t l\u01b0\u1ee3ng\",\"breadcrumb\":{\"@id\":\"https:\/\/luan.webrt.net\/qhome\/san-pham\/ghe-xoay-van-phong-qgx07\/#breadcrumb\"},\"inLanguage\":\"vi\",\"potentialAction\":[{\"@type\":\"ReadAction\",\"target\":[\"https:\/\/luan.webrt.net\/qhome\/san-pham\/ghe-xoay-van-phong-qgx07\/\"]}]},{\"@type\":\"BreadcrumbList\",\"@id\":\"https:\/\/luan.webrt.net\/qhome\/san-pham\/ghe-xoay-van-phong-qgx07\/#breadcrumb\",\"itemListElement\":[{\"@type\":\"ListItem\",\"position\":1,\"name\":\"Trang ch\u1ee7\",\"item\":\"https:\/\/luan.webrt.net\/qhome\/\"},{\"@type\":\"ListItem\",\"position\":2,\"name\":\"Shop\",\"item\":\"https:\/\/luan.webrt.net\/qhome\/shop\/\"},{\"@type\":\"ListItem\",\"position\":3,\"name\":\"Gh\u1ebf xoay v\u0103n ph\u00f2ng QGX07\"}]},{\"@type\":\"WebSite\",\"@id\":\"https:\/\/luan.webrt.net\/qhome\/#website\",\"url\":\"https:\/\/luan.webrt.net\/qhome\/\",\"name\":\"M\u1eabu web n\u1ed9i th\u1ea5t\",\"description\":\"QGHome Vi\u1ec7t Nam\",\"publisher\":{\"@id\":\"https:\/\/luan.webrt.net\/qhome\/#organization\"},\"potentialAction\":[{\"@type\":\"SearchAction\",\"target\":{\"@type\":\"EntryPoint\",\"urlTemplate\":\"https:\/\/luan.webrt.net\/qhome\/?s={search_term_string}\"},\"query-input\":\"required name=search_term_string\"}],\"inLanguage\":\"vi\"},{\"@type\":\"Organization\",\"@id\":\"https:\/\/luan.webrt.net\/qhome\/#organization\",\"name\":\"QGHome\",\"url\":\"https:\/\/luan.webrt.net\/qhome\/\",\"logo\":{\"@type\":\"ImageObject\",\"inLanguage\":\"vi\",\"@id\":\"https:\/\/luan.webrt.net\/qhome\/#\/schema\/logo\/image\/\",\"url\":\"https:\/\/qghome.vn\/wp-content\/uploads\/2025\/08\/logo-mau-MauTH-21.png\",\"contentUrl\":\"https:\/\/qghome.vn\/wp-content\/uploads\/2025\/08\/logo-mau-MauTH-21.png\",\"width\":253,\"height\":99,\"caption\":\"QGHome\"},\"image\":{\"@id\":\"https:\/\/luan.webrt.net\/qhome\/#\/schema\/logo\/image\/\"},\"sameAs\":[\"https:\/\/www.tiktok.com\/@qghome.official\",\"https:\/\/www.youtube.com\/channel\/UCeVBuKTXkv-u94DS421cklw\",\"https:\/\/www.facebook.com\/noithatqghome\"]}]}<\/script>\n<!-- \/ Yoast SEO plugin. -->","yoast_head_json":{"title":"Gh\u1ebf xoay v\u0103n ph\u00f2ng QGX07","description":"QGHome Chuy\u00ean cung c\u1ea5p Gh\u1ebf xoay v\u0103n ph\u00f2ng l\u01b0ng l\u01b0\u1edbi \u0111i\u1ec1u ch\u1ec9nh \u0111\u1ed9 cao c\u00f3 t\u1ef1a l\u01b0ng t\u1ef1a \u0111\u1ea7u cao c\u1ea5p, gi\u00e1 t\u1ed1t nh\u1ea5t, cam k\u1ebft ch\u1ea5t l\u01b0\u1ee3ng","robots":{"index":"index","follow":"follow","max-snippet":"max-snippet:-1","max-image-preview":"max-image-preview:large","max-video-preview":"max-video-preview:-1"},"canonical":"https:\/\/luan.webrt.net\/qhome\/san-pham\/ghe-xoay-van-phong-qgx07\/","og_locale":"vi_VN","og_type":"article","og_title":"Gh\u1ebf xoay v\u0103n ph\u00f2ng QGX07","og_description":"QGHome Chuy\u00ean cung c\u1ea5p Gh\u1ebf xoay v\u0103n ph\u00f2ng l\u01b0ng l\u01b0\u1edbi \u0111i\u1ec1u ch\u1ec9nh \u0111\u1ed9 cao c\u00f3 t\u1ef1a l\u01b0ng t\u1ef1a \u0111\u1ea7u cao c\u1ea5p, gi\u00e1 t\u1ed1t nh\u1ea5t, cam k\u1ebft ch\u1ea5t l\u01b0\u1ee3ng","og_url":"https:\/\/luan.webrt.net\/qhome\/san-pham\/ghe-xoay-van-phong-qgx07\/","og_site_name":"M\u1eabu web n\u1ed9i th\u1ea5t","article_publisher":"https:\/\/www.facebook.com\/noithatqghome","article_modified_time":"2024-04-19T09:08:19+00:00","og_image":[{"width":768,"height":768,"url":"https:\/\/luan.webrt.net\/qhome\/wp-content\/uploads\/2023\/12\/ghe-xoay-van-phong-qg01-2.jpg","type":"image\/jpeg"}],"twitter_card":"summary_large_image","twitter_misc":{"\u01af\u1edbc t\u00ednh th\u1eddi gian \u0111\u1ecdc":"3 ph\u00fat"},"schema":{"@context":"https:\/\/schema.org","@graph":[{"@type":"WebPage","@id":"https:\/\/luan.webrt.net\/qhome\/san-pham\/ghe-xoay-van-phong-qgx07\/","url":"https:\/\/luan.webrt.net\/qhome\/san-pham\/ghe-xoay-van-phong-qgx07\/","name":"Gh\u1ebf xoay v\u0103n ph\u00f2ng QGX07","isPartOf":{"@id":"https:\/\/luan.webrt.net\/qhome\/#website"},"datePublished":"2023-12-13T06:33:34+00:00","dateModified":"2024-04-19T09:08:19+00:00","description":"QGHome Chuy\u00ean cung c\u1ea5p Gh\u1ebf xoay v\u0103n ph\u00f2ng l\u01b0ng l\u01b0\u1edbi \u0111i\u1ec1u ch\u1ec9nh \u0111\u1ed9 cao c\u00f3 t\u1ef1a l\u01b0ng t\u1ef1a \u0111\u1ea7u cao c\u1ea5p, gi\u00e1 t\u1ed1t nh\u1ea5t, cam k\u1ebft ch\u1ea5t l\u01b0\u1ee3ng","breadcrumb":{"@id":"https:\/\/luan.webrt.net\/qhome\/san-pham\/ghe-xoay-van-phong-qgx07\/#breadcrumb"},"inLanguage":"vi","potentialAction":[{"@type":"ReadAction","target":["https:\/\/luan.webrt.net\/qhome\/san-pham\/ghe-xoay-van-phong-qgx07\/"]}]},{"@type":"BreadcrumbList","@id":"https:\/\/luan.webrt.net\/qhome\/san-pham\/ghe-xoay-van-phong-qgx07\/#breadcrumb","itemListElement":[{"@type":"ListItem","position":1,"name":"Trang ch\u1ee7","item":"https:\/\/luan.webrt.net\/qhome\/"},{"@type":"ListItem","position":2,"name":"Shop","item":"https:\/\/luan.webrt.net\/qhome\/shop\/"},{"@type":"ListItem","position":3,"name":"Gh\u1ebf xoay v\u0103n ph\u00f2ng QGX07"}]},{"@type":"WebSite","@id":"https:\/\/luan.webrt.net\/qhome\/#website","url":"https:\/\/luan.webrt.net\/qhome\/","name":"M\u1eabu web n\u1ed9i th\u1ea5t","description":"QGHome Vi\u1ec7t Nam","publisher":{"@id":"https:\/\/luan.webrt.net\/qhome\/#organization"},"potentialAction":[{"@type":"SearchAction","target":{"@type":"EntryPoint","urlTemplate":"https:\/\/luan.webrt.net\/qhome\/?s={search_term_string}"},"query-input":"required name=search_term_string"}],"inLanguage":"vi"},{"@type":"Organization","@id":"https:\/\/luan.webrt.net\/qhome\/#organization","name":"QGHome","url":"https:\/\/luan.webrt.net\/qhome\/","logo":{"@type":"ImageObject","inLanguage":"vi","@id":"https:\/\/luan.webrt.net\/qhome\/#\/schema\/logo\/image\/","url":"https:\/\/qghome.vn\/wp-content\/uploads\/2025\/08\/logo-mau-MauTH-21.png","contentUrl":"https:\/\/qghome.vn\/wp-content\/uploads\/2025\/08\/logo-mau-MauTH-21.png","width":253,"height":99,"caption":"QGHome"},"image":{"@id":"https:\/\/luan.webrt.net\/qhome\/#\/schema\/logo\/image\/"},"sameAs":["https:\/\/www.tiktok.com\/@qghome.official","https:\/\/www.youtube.com\/channel\/UCeVBuKTXkv-u94DS421cklw","https:\/\/www.facebook.com\/noithatqghome"]}]}},"_links":{"self":[{"href":"https:\/\/luan.webrt.net\/qhome\/wp-json\/wp\/v2\/product\/6851","targetHints":{"allow":["GET"]}}],"collection":[{"href":"https:\/\/luan.webrt.net\/qhome\/wp-json\/wp\/v2\/product"}],"about":[{"href":"https:\/\/luan.webrt.net\/qhome\/wp-json\/wp\/v2\/types\/product"}],"replies":[{"embeddable":true,"href":"https:\/\/luan.webrt.net\/qhome\/wp-json\/wp\/v2\/comments?post=6851"}],"wp:featuredmedia":[{"embeddable":true,"href":"https:\/\/luan.webrt.net\/qhome\/wp-json\/wp\/v2\/media\/6852"}],"wp:attachment":[{"href":"https:\/\/luan.webrt.net\/qhome\/wp-json\/wp\/v2\/media?parent=6851"}],"wp:term":[{"taxonomy":"product_cat","embeddable":true,"href":"https:\/\/luan.webrt.net\/qhome\/wp-json\/wp\/v2\/product_cat?post=6851"},{"taxonomy":"product_tag","embeddable":true,"href":"https:\/\/luan.webrt.net\/qhome\/wp-json\/wp\/v2\/product_tag?post=6851"}],"curies":[{"name":"wp","href":"https:\/\/api.w.org\/{rel}","templated":true}]}}