{"id":6808,"date":"2023-12-13T04:59:28","date_gmt":"2023-12-13T04:59:28","guid":{"rendered":"https:\/\/qghome.vn\/?post_type=product&#038;p=6808"},"modified":"2024-07-16T00:36:55","modified_gmt":"2024-07-16T00:36:55","slug":"ghe-xoay-van-phong-qgx02","status":"publish","type":"product","link":"https:\/\/luan.webrt.net\/qhome\/san-pham\/ghe-xoay-van-phong-qgx02\/","title":{"rendered":"Gh\u1ebf xoay v\u0103n ph\u00f2ng QGX02"},"content":{"rendered":"<p>Gh\u1ebf xoay v\u0103n ph\u00f2ng QGX02<\/p>\n<p>Th\u00f4ng Tin S\u1ea3n Ph\u1ea9m<br \/>\n\u2013 K\u00edch th\u01b0\u1edbc t\u1ef1a l\u01b0ng: 58x57cm<br \/>\n\u2013 Chi\u1ec1u cao \u0111\u1ec7m ng\u1ed3i: 38x48cm<br \/>\n\u2013 Chi\u1ec1u cao t\u1ef1a tay: 20 cm<br \/>\n\u2013 Chi\u1ec1u d\u00e0i t\u1ef1a tay: 25~32cm<br \/>\n\u2013 Di\u1ec7n t\u00edch ph\u1ea7n ch\u00e2n b\u00e1nh xe: 60cm<\/p>\n<p>*\u01afu \u0111i\u1ec3m s\u1ea3n ph\u1ea9m<br \/>\n\u2013 Gh\u1ebf v\u0103n ph\u00f2ng ph\u1ea7n t\u1ef1a tay c\u00f3 th\u1ec3 k\u00e9o l\u00ean xu\u1ed1ng t\u1edbi 90\u00b0<br \/>\n\u2013 Gh\u1ebf v\u0103n ph\u00f2ng \u0111\u1ec7m ng\u1ed3i l\u00f3t \u0111\u1ec7m cao su \u0111\u01b0\u1ee3c b\u1ecdc v\u1ea3i l\u01b0\u1edbi tho\u00e1ng kh\u00ed ch\u1ed1ng b\u00e1m b\u00e1m b\u1ea9n<br \/>\n\u2013 Gh\u1ebf v\u0103n ph\u00f2ng c\u00f3 t\u1ef1a l\u01b0ng v\u1ea3i l\u01b0\u1edbi tho\u00e1ng kh\u00ed v\u00e0 \u0111\u01b0\u1ee3c thi\u1ebft k\u1ebf c\u00f3 gi\u00e1 \u0111\u1ee1 l\u01b0ng \u0111\u1eb7c bi\u1ec7t gi\u00fap n\u00e2ng \u0111\u1ee1 ph\u1ea7n ngang th\u1eaft l\u01b0ng<br \/>\n* Cam K\u1ebft C\u1ee7a Shop<br \/>\nS\u1ea3n ph\u1ea9m nh\u1eadn \u0111\u01b0\u1ee3c gi\u1ed1ng nh\u01b0 m\u00f4 t\u1ea3<br \/>\nH\u00ecnh \u1ea3nh s\u1ea3n ph\u1ea9m l\u00e0 \u1ea3nh ch\u1ee5p th\u1eadt<br \/>\nKi\u1ec3m tra h\u00e0ng k\u1ef9 tr\u01b0\u1edbc khi giao \u0111\u1ebfn tay kh\u00e1ch h\u00e0ng<br \/>\nCam k\u1ebft b\u1ea3o h\u00e0nh \u0111\u1ed5i tr\u1ea3 theo quy \u0111\u1ecbnh c\u1ee7a Shopee<br \/>\nShop b\u00e1n h\u00e0ng to\u00e0n qu\u1ed1c \u2013 nh\u1eadn h\u00e0ng thanh to\u00e1n<\/p>\n","protected":false},"excerpt":{"rendered":"<p>Gh\u1ebf xoay v\u0103n ph\u00f2ng l\u01b0ng l\u01b0\u1edbi \u0111i\u1ec1u ch\u1ec9nh \u0111\u1ed9 cao<\/p>\n<p class=\"text\"><strong>Mi\u1ec5n Ph\u00ed:<\/strong>\u00a0T\u01b0 v\u1ea5n thi\u1ebft k\u1ebf v\u0103n ph\u00f2ng v\u00e0 l\u1eafp \u0111\u1eb7t n\u1ed9i th\u1ea5t v\u0103n ph\u00f2ng<\/p>\n<p class=\"text\"><strong>Mi\u1ec5n Ph\u00ed:<\/strong>\u00a0V\u1eadn chuy\u1ec3n v\u1edbi \u0111\u01a1n h\u00e0ng tr\u00ean 10 Tri\u1ec7u v\u1edbi c\u00e1c Qu\u1eadn n\u1ed9i th\u00e0nh.<\/p>\n<p class=\"text\">Gi\u00e1 n\u00e0y ch\u01b0a bao g\u1ed3m: VAT v\u00e0 Ph\u00ed giao h\u00e0ng<\/p>\n","protected":false},"featured_media":6812,"comment_status":"open","ping_status":"closed","template":"","meta":[],"product_cat":[221,296],"product_tag":[],"class_list":["post-6808","product","type-product","status-publish","has-post-thumbnail","hentry","product_cat-ghe-van-phong","product_cat-ghe-xoay-van-phong"],"yoast_head":"<!-- This site is optimized with the Yoast SEO plugin v19.9 - https:\/\/yoast.com\/wordpress\/plugins\/seo\/ -->\n<title>Gh\u1ebf xoay v\u0103n ph\u00f2ng QGX02<\/title>\n<meta name=\"description\" content=\"Gh\u1ebf xoay v\u0103n ph\u00f2ng QGX02\" \/>\n<meta name=\"robots\" content=\"index, follow, max-snippet:-1, max-image-preview:large, max-video-preview:-1\" \/>\n<link rel=\"canonical\" href=\"https:\/\/luan.webrt.net\/qhome\/san-pham\/ghe-xoay-van-phong-qgx02\/\" \/>\n<meta property=\"og:locale\" content=\"vi_VN\" \/>\n<meta property=\"og:type\" content=\"article\" \/>\n<meta property=\"og:title\" content=\"Gh\u1ebf xoay v\u0103n ph\u00f2ng QGX02\" \/>\n<meta property=\"og:description\" content=\"Gh\u1ebf xoay v\u0103n ph\u00f2ng QGX02\" \/>\n<meta property=\"og:url\" content=\"https:\/\/luan.webrt.net\/qhome\/san-pham\/ghe-xoay-van-phong-qgx02\/\" \/>\n<meta property=\"og:site_name\" content=\"M\u1eabu web n\u1ed9i th\u1ea5t\" \/>\n<meta property=\"article:publisher\" content=\"https:\/\/www.facebook.com\/noithatqghome\" \/>\n<meta property=\"article:modified_time\" content=\"2024-07-16T00:36:55+00:00\" \/>\n<meta property=\"og:image\" content=\"https:\/\/luan.webrt.net\/qhome\/wp-content\/uploads\/2023\/12\/ghe-xoay-van-phong-qg07.jpg\" \/>\n\t<meta property=\"og:image:width\" content=\"768\" \/>\n\t<meta property=\"og:image:height\" content=\"768\" \/>\n\t<meta property=\"og:image:type\" content=\"image\/jpeg\" \/>\n<meta name=\"twitter:card\" content=\"summary_large_image\" \/>\n<meta name=\"twitter:label1\" content=\"\u01af\u1edbc t\u00ednh th\u1eddi gian \u0111\u1ecdc\" \/>\n\t<meta name=\"twitter:data1\" content=\"1 ph\u00fat\" \/>\n<script type=\"application\/ld+json\" class=\"yoast-schema-graph\">{\"@context\":\"https:\/\/schema.org\",\"@graph\":[{\"@type\":\"WebPage\",\"@id\":\"https:\/\/luan.webrt.net\/qhome\/san-pham\/ghe-xoay-van-phong-qgx02\/\",\"url\":\"https:\/\/luan.webrt.net\/qhome\/san-pham\/ghe-xoay-van-phong-qgx02\/\",\"name\":\"Gh\u1ebf xoay v\u0103n ph\u00f2ng QGX02\",\"isPartOf\":{\"@id\":\"https:\/\/luan.webrt.net\/qhome\/#website\"},\"datePublished\":\"2023-12-13T04:59:28+00:00\",\"dateModified\":\"2024-07-16T00:36:55+00:00\",\"description\":\"Gh\u1ebf xoay v\u0103n ph\u00f2ng QGX02\",\"breadcrumb\":{\"@id\":\"https:\/\/luan.webrt.net\/qhome\/san-pham\/ghe-xoay-van-phong-qgx02\/#breadcrumb\"},\"inLanguage\":\"vi\",\"potentialAction\":[{\"@type\":\"ReadAction\",\"target\":[\"https:\/\/luan.webrt.net\/qhome\/san-pham\/ghe-xoay-van-phong-qgx02\/\"]}]},{\"@type\":\"BreadcrumbList\",\"@id\":\"https:\/\/luan.webrt.net\/qhome\/san-pham\/ghe-xoay-van-phong-qgx02\/#breadcrumb\",\"itemListElement\":[{\"@type\":\"ListItem\",\"position\":1,\"name\":\"Trang ch\u1ee7\",\"item\":\"https:\/\/luan.webrt.net\/qhome\/\"},{\"@type\":\"ListItem\",\"position\":2,\"name\":\"Shop\",\"item\":\"https:\/\/luan.webrt.net\/qhome\/shop\/\"},{\"@type\":\"ListItem\",\"position\":3,\"name\":\"Gh\u1ebf xoay v\u0103n ph\u00f2ng QGX02\"}]},{\"@type\":\"WebSite\",\"@id\":\"https:\/\/luan.webrt.net\/qhome\/#website\",\"url\":\"https:\/\/luan.webrt.net\/qhome\/\",\"name\":\"M\u1eabu web n\u1ed9i th\u1ea5t\",\"description\":\"QGHome Vi\u1ec7t Nam\",\"publisher\":{\"@id\":\"https:\/\/luan.webrt.net\/qhome\/#organization\"},\"potentialAction\":[{\"@type\":\"SearchAction\",\"target\":{\"@type\":\"EntryPoint\",\"urlTemplate\":\"https:\/\/luan.webrt.net\/qhome\/?s={search_term_string}\"},\"query-input\":\"required name=search_term_string\"}],\"inLanguage\":\"vi\"},{\"@type\":\"Organization\",\"@id\":\"https:\/\/luan.webrt.net\/qhome\/#organization\",\"name\":\"QGHome\",\"url\":\"https:\/\/luan.webrt.net\/qhome\/\",\"logo\":{\"@type\":\"ImageObject\",\"inLanguage\":\"vi\",\"@id\":\"https:\/\/luan.webrt.net\/qhome\/#\/schema\/logo\/image\/\",\"url\":\"https:\/\/qghome.vn\/wp-content\/uploads\/2025\/08\/logo-mau-MauTH-21.png\",\"contentUrl\":\"https:\/\/qghome.vn\/wp-content\/uploads\/2025\/08\/logo-mau-MauTH-21.png\",\"width\":253,\"height\":99,\"caption\":\"QGHome\"},\"image\":{\"@id\":\"https:\/\/luan.webrt.net\/qhome\/#\/schema\/logo\/image\/\"},\"sameAs\":[\"https:\/\/www.tiktok.com\/@qghome.official\",\"https:\/\/www.youtube.com\/channel\/UCeVBuKTXkv-u94DS421cklw\",\"https:\/\/www.facebook.com\/noithatqghome\"]}]}<\/script>\n<!-- \/ Yoast SEO plugin. -->","yoast_head_json":{"title":"Gh\u1ebf xoay v\u0103n ph\u00f2ng QGX02","description":"Gh\u1ebf xoay v\u0103n ph\u00f2ng QGX02","robots":{"index":"index","follow":"follow","max-snippet":"max-snippet:-1","max-image-preview":"max-image-preview:large","max-video-preview":"max-video-preview:-1"},"canonical":"https:\/\/luan.webrt.net\/qhome\/san-pham\/ghe-xoay-van-phong-qgx02\/","og_locale":"vi_VN","og_type":"article","og_title":"Gh\u1ebf xoay v\u0103n ph\u00f2ng QGX02","og_description":"Gh\u1ebf xoay v\u0103n ph\u00f2ng QGX02","og_url":"https:\/\/luan.webrt.net\/qhome\/san-pham\/ghe-xoay-van-phong-qgx02\/","og_site_name":"M\u1eabu web n\u1ed9i th\u1ea5t","article_publisher":"https:\/\/www.facebook.com\/noithatqghome","article_modified_time":"2024-07-16T00:36:55+00:00","og_image":[{"width":768,"height":768,"url":"https:\/\/luan.webrt.net\/qhome\/wp-content\/uploads\/2023\/12\/ghe-xoay-van-phong-qg07.jpg","type":"image\/jpeg"}],"twitter_card":"summary_large_image","twitter_misc":{"\u01af\u1edbc t\u00ednh th\u1eddi gian \u0111\u1ecdc":"1 ph\u00fat"},"schema":{"@context":"https:\/\/schema.org","@graph":[{"@type":"WebPage","@id":"https:\/\/luan.webrt.net\/qhome\/san-pham\/ghe-xoay-van-phong-qgx02\/","url":"https:\/\/luan.webrt.net\/qhome\/san-pham\/ghe-xoay-van-phong-qgx02\/","name":"Gh\u1ebf xoay v\u0103n ph\u00f2ng QGX02","isPartOf":{"@id":"https:\/\/luan.webrt.net\/qhome\/#website"},"datePublished":"2023-12-13T04:59:28+00:00","dateModified":"2024-07-16T00:36:55+00:00","description":"Gh\u1ebf xoay v\u0103n ph\u00f2ng QGX02","breadcrumb":{"@id":"https:\/\/luan.webrt.net\/qhome\/san-pham\/ghe-xoay-van-phong-qgx02\/#breadcrumb"},"inLanguage":"vi","potentialAction":[{"@type":"ReadAction","target":["https:\/\/luan.webrt.net\/qhome\/san-pham\/ghe-xoay-van-phong-qgx02\/"]}]},{"@type":"BreadcrumbList","@id":"https:\/\/luan.webrt.net\/qhome\/san-pham\/ghe-xoay-van-phong-qgx02\/#breadcrumb","itemListElement":[{"@type":"ListItem","position":1,"name":"Trang ch\u1ee7","item":"https:\/\/luan.webrt.net\/qhome\/"},{"@type":"ListItem","position":2,"name":"Shop","item":"https:\/\/luan.webrt.net\/qhome\/shop\/"},{"@type":"ListItem","position":3,"name":"Gh\u1ebf xoay v\u0103n ph\u00f2ng QGX02"}]},{"@type":"WebSite","@id":"https:\/\/luan.webrt.net\/qhome\/#website","url":"https:\/\/luan.webrt.net\/qhome\/","name":"M\u1eabu web n\u1ed9i th\u1ea5t","description":"QGHome Vi\u1ec7t Nam","publisher":{"@id":"https:\/\/luan.webrt.net\/qhome\/#organization"},"potentialAction":[{"@type":"SearchAction","target":{"@type":"EntryPoint","urlTemplate":"https:\/\/luan.webrt.net\/qhome\/?s={search_term_string}"},"query-input":"required name=search_term_string"}],"inLanguage":"vi"},{"@type":"Organization","@id":"https:\/\/luan.webrt.net\/qhome\/#organization","name":"QGHome","url":"https:\/\/luan.webrt.net\/qhome\/","logo":{"@type":"ImageObject","inLanguage":"vi","@id":"https:\/\/luan.webrt.net\/qhome\/#\/schema\/logo\/image\/","url":"https:\/\/qghome.vn\/wp-content\/uploads\/2025\/08\/logo-mau-MauTH-21.png","contentUrl":"https:\/\/qghome.vn\/wp-content\/uploads\/2025\/08\/logo-mau-MauTH-21.png","width":253,"height":99,"caption":"QGHome"},"image":{"@id":"https:\/\/luan.webrt.net\/qhome\/#\/schema\/logo\/image\/"},"sameAs":["https:\/\/www.tiktok.com\/@qghome.official","https:\/\/www.youtube.com\/channel\/UCeVBuKTXkv-u94DS421cklw","https:\/\/www.facebook.com\/noithatqghome"]}]}},"_links":{"self":[{"href":"https:\/\/luan.webrt.net\/qhome\/wp-json\/wp\/v2\/product\/6808","targetHints":{"allow":["GET"]}}],"collection":[{"href":"https:\/\/luan.webrt.net\/qhome\/wp-json\/wp\/v2\/product"}],"about":[{"href":"https:\/\/luan.webrt.net\/qhome\/wp-json\/wp\/v2\/types\/product"}],"replies":[{"embeddable":true,"href":"https:\/\/luan.webrt.net\/qhome\/wp-json\/wp\/v2\/comments?post=6808"}],"wp:featuredmedia":[{"embeddable":true,"href":"https:\/\/luan.webrt.net\/qhome\/wp-json\/wp\/v2\/media\/6812"}],"wp:attachment":[{"href":"https:\/\/luan.webrt.net\/qhome\/wp-json\/wp\/v2\/media?parent=6808"}],"wp:term":[{"taxonomy":"product_cat","embeddable":true,"href":"https:\/\/luan.webrt.net\/qhome\/wp-json\/wp\/v2\/product_cat?post=6808"},{"taxonomy":"product_tag","embeddable":true,"href":"https:\/\/luan.webrt.net\/qhome\/wp-json\/wp\/v2\/product_tag?post=6808"}],"curies":[{"name":"wp","href":"https:\/\/api.w.org\/{rel}","templated":true}]}}