{"id":6029,"date":"2023-09-01T12:45:49","date_gmt":"2023-09-01T12:45:49","guid":{"rendered":"https:\/\/qghome.vn\/?post_type=product&#038;p=6029"},"modified":"2025-11-11T03:48:49","modified_gmt":"2025-11-11T03:48:49","slug":"ghe-chan-quy-qgcq01","status":"publish","type":"product","link":"https:\/\/luan.webrt.net\/qhome\/san-pham\/ghe-chan-quy-qgcq01\/","title":{"rendered":"Gh\u1ebf ch\u00e2n qu\u1ef3 QGCQ01"},"content":{"rendered":"<p><strong><span style=\"font-size: 120%;\">H\u00e3y li\u00ean h\u1ec7 hotline:\u00a0<span style=\"color: #ed1c24;\">0983368623<\/span>\u00a0\u0111\u1ec3 \u0111\u01b0\u1ee3c t\u01b0 v\u1ea5n v\u00e0 \u0111\u1eb7t h\u00e0ng ngay h\u00f4m nay!<\/span><\/strong><\/p>\n<p>Gh\u1ebf ch\u00e2n qu\u1ef3 v\u0103n ph\u00f2ng l\u00e0 m\u1ed9t l\u1ef1a ch\u1ecdn ph\u1ed5 bi\u1ebfn trong nhi\u1ec1u kh\u00f4ng gian l\u00e0m vi\u1ec7c hi\u1ec7n \u0111\u1ea1i nh\u1edd thi\u1ebft k\u1ebf \u0111\u01a1n gi\u1ea3n nh\u01b0ng tinh t\u1ebf v\u00e0 chuy\u00ean nghi\u1ec7p. Thi\u1ebft k\u1ebf ch\u00e2n qu\u1ef3 gi\u00fap gh\u1ebf kh\u00f4ng d\u1ec5 b\u1ecb l\u1eadt ng\u00e3, \u0111\u1ea3m b\u1ea3o an to\u00e0n cho ng\u01b0\u1eddi s\u1eed d\u1ee5ng, \u0111\u1eb7c bi\u1ec7t l\u00e0 trong c\u00e1c cu\u1ed9c h\u1ecdp k\u00e9o d\u00e0i hay khi c\u1ea7n thay \u0111\u1ed5i v\u1ecb tr\u00ed ng\u1ed3i. Ngo\u00e0i ra, gh\u1ebf ch\u00e2n qu\u1ef3 c\u00f2n d\u1ec5 d\u00e0ng trong vi\u1ec7c b\u1ea3o d\u01b0\u1ee1ng v\u00e0 v\u1ec7 sinh, gi\u00fap duy tr\u00ec s\u1ef1 s\u1ea1ch s\u1ebd v\u00e0 m\u1edbi m\u1ebb cho kh\u00f4ng gian v\u0103n ph\u00f2ng.<\/p>\n<figure id=\"attachment_17139\" aria-describedby=\"caption-attachment-17139\" style=\"width: 400px\" class=\"wp-caption aligncenter\"><img loading=\"lazy\" decoding=\"async\" class=\"wp-image-17139 size-medium\" title=\"ghe chan quy da\" src=\"http:\/\/qghome.vn\/wp-content\/uploads\/2023\/09\/ghe-chan-quy-da-400x400.jpg\" alt=\"ghe chan quy da\" width=\"400\" height=\"400\" srcset=\"https:\/\/luan.webrt.net\/qhome\/wp-content\/uploads\/2023\/09\/ghe-chan-quy-da-400x400.jpg 400w, https:\/\/luan.webrt.net\/qhome\/wp-content\/uploads\/2023\/09\/ghe-chan-quy-da-100x100.jpg 100w, https:\/\/luan.webrt.net\/qhome\/wp-content\/uploads\/2023\/09\/ghe-chan-quy-da-510x510.jpg 510w, https:\/\/luan.webrt.net\/qhome\/wp-content\/uploads\/2023\/09\/ghe-chan-quy-da-800x800.jpg 800w, https:\/\/luan.webrt.net\/qhome\/wp-content\/uploads\/2023\/09\/ghe-chan-quy-da-280x280.jpg 280w, https:\/\/luan.webrt.net\/qhome\/wp-content\/uploads\/2023\/09\/ghe-chan-quy-da-768x768.jpg 768w, https:\/\/luan.webrt.net\/qhome\/wp-content\/uploads\/2023\/09\/ghe-chan-quy-da.jpg 1200w\" sizes=\"auto, (max-width: 400px) 100vw, 400px\" \/><figcaption id=\"caption-attachment-17139\" class=\"wp-caption-text\">ghe chan quy da<\/figcaption><\/figure>\n<p><strong>Gh\u1ebf Ch\u00e2n Qu\u1ef3 QGCQ01:<\/strong><\/p>\n<p>Da M\u00e0u V\u00e0ng Kem<br \/>\nCh\u00e2n gh\u1ebf l\u00e0m t\u1eeb th\u00e9p m\u1ea1 crom s\u00e1ng b\u00f3ng, ch\u1ecbu l\u1ef1c t\u1ed1t, ch\u1ed1ng hoen g\u1ec9.<br \/>\nCh\u00e2n qu\u1ef3 \u0111\u00fac u\u1ed1n t\u1ea1o c\u1ea3m gi\u00e1c v\u1eefng ch\u1eafc khi ng\u1ed3i.<br \/>\nT\u1ef1a l\u01b0ng v\u00e0 \u0111\u1ec7m ng\u1ed3i: B\u1ecdc da cao c\u1ea5p, \u0111\u1ec7m m\u00fat m\u1eadt \u0111\u1ed9 b\u1ecdt cao \u0111\u01b0\u1ee3c \u0111\u00fac s\u1eb5n theo khu\u00e2n ri\u00eang c\u1ee7a s\u1ea3n ph\u1ea9m.<br \/>\nV\u1edbi gh\u1ebf da ch\u00e2n qu\u1ef3 th\u00ec to\u00e0n b\u1ed9 ph\u1ea7n ti\u1ebfp x\u00fac v\u1edbi ng\u01b0\u1eddi s\u1eed d\u1ee5ng \u0111\u01b0\u1ee3c b\u1ecdc b\u1eb1ng da c\u00f2n ph\u1ea7n sau l\u01b0ng v\u00e0 m\u1eb7t d\u01b0\u1edbi b\u1ecdc b\u1eb1ng PU v\u1edbi m\u00e0u s\u1eafc t\u01b0\u01a1ng \u0111\u01b0\u01a1ng.<br \/>\nTay v\u1ecbn b\u1eb1ng g\u1ed7 s\u1ed3i t\u1ef1 nhi\u00ean, b\u1ecdc da b\u1ec1 m\u1eb7t, li\u1ec1n l\u01b0ng t\u1ef1a m\u1ea1nh m\u1ebd sang tr\u1ecdng.<\/p>\n<p><img loading=\"lazy\" decoding=\"async\" class=\"size-medium wp-image-17138 aligncenter\" title=\"ghe chan quy\" src=\"http:\/\/qghome.vn\/wp-content\/uploads\/2023\/09\/ghe-chan-quy-400x400.jpg\" alt=\"ghe chan quy\" width=\"400\" height=\"400\" srcset=\"https:\/\/luan.webrt.net\/qhome\/wp-content\/uploads\/2023\/09\/ghe-chan-quy-400x400.jpg 400w, https:\/\/luan.webrt.net\/qhome\/wp-content\/uploads\/2023\/09\/ghe-chan-quy-100x100.jpg 100w, https:\/\/luan.webrt.net\/qhome\/wp-content\/uploads\/2023\/09\/ghe-chan-quy-510x510.jpg 510w, https:\/\/luan.webrt.net\/qhome\/wp-content\/uploads\/2023\/09\/ghe-chan-quy-800x800.jpg 800w, https:\/\/luan.webrt.net\/qhome\/wp-content\/uploads\/2023\/09\/ghe-chan-quy-280x280.jpg 280w, https:\/\/luan.webrt.net\/qhome\/wp-content\/uploads\/2023\/09\/ghe-chan-quy-768x768.jpg 768w, https:\/\/luan.webrt.net\/qhome\/wp-content\/uploads\/2023\/09\/ghe-chan-quy.jpg 1200w\" sizes=\"auto, (max-width: 400px) 100vw, 400px\" \/><\/p>\n<p>N\u1ed8I TH\u1ea4T V\u0102N PH\u00d2NG QGHome\u2013 CH\u1ea4T L\u01af\u1ee2NG \u0110\u1eb6T L\u00caN H\u00c0NG \u0110\u1ea6U<br \/>\n\u0110\u1ebfn v\u1edbi h\u1ec7 th\u1ed1ng c\u1eeda h\u00e0ng N\u1ed9i th\u1ea5t QGHome qu\u00fd kh\u00e1ch c\u00f3 th\u1ec3 th\u1ecfa th\u00edch l\u1ef1a ch\u1ecdn cho m\u00ecnh nh\u1eefng s\u1ea3n ph\u1ea9m \u01b0ng \u00fd v\u00e0 ho\u00e0n to\u00e0n y\u00ean t\u00e2m v\u1ec1 ch\u1ea5t l\u01b0\u1ee3ng c\u0169ng nh\u01b0 gi\u00e1 th\u00e0nh. \u0110\u1ec3 s\u1edf h\u1eefu gh\u1ebf ng\u1ed3i v\u0103n ph\u00f2ng hay b\u00e0n v\u0103n ph\u00f2ng qu\u00fd kh\u00e1ch h\u00e0ng vui l\u00f2ng li\u00ean h\u1ec7 theo \u0111\u1ecba ch\u1ec9 b\u00ean d\u01b0\u1edbi.<\/p>\n<div class=\"host-bincmiainjofjnhchmcalkanjebghoen\" style=\"position: relative; z-index: 2147483647;\"><\/div>\n","protected":false},"excerpt":{"rendered":"<p>Da PU cao c\u1ea5p, m\u1ec1m m\u1ea1i. Tay gh\u1ebf th\u00e9p m\u1ea1 crome b\u1ecdc vi\u1ec1n nh\u1ef1a PVC<br \/>\nK\u00edch th\u01b0\u1edbc: D\u00e0i: 46 \u2013 Cao: 107 \u2013 R\u1ed9ng: 50<br \/>\nM\u00e0u s\u1eafc: M\u00e0u v\u00e0ng kem, m\u00e0u da,\u2026<br \/>\nB\u1ea3o h\u00e0nh: 12 th\u00e1ng<\/p>\n<div class=\"host-bincmiainjofjnhchmcalkanjebghoen\" style=\"position: relative; z-index: 2147483647;\"><\/div>\n","protected":false},"featured_media":17138,"comment_status":"open","ping_status":"closed","template":"","meta":[],"product_cat":[294,221],"product_tag":[],"class_list":["post-6029","product","type-product","status-publish","has-post-thumbnail","hentry","product_cat-ghe-chan-quy","product_cat-ghe-van-phong"],"yoast_head":"<!-- This site is optimized with the Yoast SEO plugin v19.9 - https:\/\/yoast.com\/wordpress\/plugins\/seo\/ -->\n<title>Gh\u1ebf ch\u00e2n qu\u1ef3 QGCQ01<\/title>\n<meta name=\"description\" content=\"N\u1ed9i Th\u1ea5t QGHome l\u00e0 \u0111\u01a1n v\u1ecb chuy\u00ean cung c\u1ea5p gh\u1ebf ch\u00e2n qu\u1ef3 v\u1edbi nhi\u1ec1u ki\u1ec3u d\u00e1ng m\u1eabu m\u00e3 \u0111a d\u1ea1ng, Cam k\u1ebft ch\u1ea5t l\u01b0\u1ee3ng, b\u1ea3o h\u00e0nh d\u00e0i h\u1ea1n, giao h\u00e0ng to\u00e0n qu\u1ed1c.\" \/>\n<meta name=\"robots\" content=\"index, follow, max-snippet:-1, max-image-preview:large, max-video-preview:-1\" \/>\n<link rel=\"canonical\" href=\"https:\/\/luan.webrt.net\/qhome\/san-pham\/ghe-chan-quy-qgcq01\/\" \/>\n<meta property=\"og:locale\" content=\"vi_VN\" \/>\n<meta property=\"og:type\" content=\"article\" \/>\n<meta property=\"og:title\" content=\"Gh\u1ebf ch\u00e2n qu\u1ef3 QGCQ01\" \/>\n<meta property=\"og:description\" content=\"N\u1ed9i Th\u1ea5t QGHome l\u00e0 \u0111\u01a1n v\u1ecb chuy\u00ean cung c\u1ea5p gh\u1ebf ch\u00e2n qu\u1ef3 v\u1edbi nhi\u1ec1u ki\u1ec3u d\u00e1ng m\u1eabu m\u00e3 \u0111a d\u1ea1ng, Cam k\u1ebft ch\u1ea5t l\u01b0\u1ee3ng, b\u1ea3o h\u00e0nh d\u00e0i h\u1ea1n, giao h\u00e0ng to\u00e0n qu\u1ed1c.\" \/>\n<meta property=\"og:url\" content=\"https:\/\/luan.webrt.net\/qhome\/san-pham\/ghe-chan-quy-qgcq01\/\" \/>\n<meta property=\"og:site_name\" content=\"M\u1eabu web n\u1ed9i th\u1ea5t\" \/>\n<meta property=\"article:publisher\" content=\"https:\/\/www.facebook.com\/noithatqghome\" \/>\n<meta property=\"article:modified_time\" content=\"2025-11-11T03:48:49+00:00\" \/>\n<meta property=\"og:image\" content=\"https:\/\/luan.webrt.net\/qhome\/wp-content\/uploads\/2023\/09\/ghe-chan-quy.jpg\" \/>\n\t<meta property=\"og:image:width\" content=\"1200\" \/>\n\t<meta property=\"og:image:height\" content=\"1200\" \/>\n\t<meta property=\"og:image:type\" content=\"image\/jpeg\" \/>\n<meta name=\"twitter:card\" content=\"summary_large_image\" \/>\n<meta name=\"twitter:label1\" content=\"\u01af\u1edbc t\u00ednh th\u1eddi gian \u0111\u1ecdc\" \/>\n\t<meta name=\"twitter:data1\" content=\"3 ph\u00fat\" \/>\n<script type=\"application\/ld+json\" class=\"yoast-schema-graph\">{\"@context\":\"https:\/\/schema.org\",\"@graph\":[{\"@type\":\"WebPage\",\"@id\":\"https:\/\/luan.webrt.net\/qhome\/san-pham\/ghe-chan-quy-qgcq01\/\",\"url\":\"https:\/\/luan.webrt.net\/qhome\/san-pham\/ghe-chan-quy-qgcq01\/\",\"name\":\"Gh\u1ebf ch\u00e2n qu\u1ef3 QGCQ01\",\"isPartOf\":{\"@id\":\"https:\/\/luan.webrt.net\/qhome\/#website\"},\"datePublished\":\"2023-09-01T12:45:49+00:00\",\"dateModified\":\"2025-11-11T03:48:49+00:00\",\"description\":\"N\u1ed9i Th\u1ea5t QGHome l\u00e0 \u0111\u01a1n v\u1ecb chuy\u00ean cung c\u1ea5p gh\u1ebf ch\u00e2n qu\u1ef3 v\u1edbi nhi\u1ec1u ki\u1ec3u d\u00e1ng m\u1eabu m\u00e3 \u0111a d\u1ea1ng, Cam k\u1ebft ch\u1ea5t l\u01b0\u1ee3ng, b\u1ea3o h\u00e0nh d\u00e0i h\u1ea1n, giao h\u00e0ng to\u00e0n qu\u1ed1c.\",\"breadcrumb\":{\"@id\":\"https:\/\/luan.webrt.net\/qhome\/san-pham\/ghe-chan-quy-qgcq01\/#breadcrumb\"},\"inLanguage\":\"vi\",\"potentialAction\":[{\"@type\":\"ReadAction\",\"target\":[\"https:\/\/luan.webrt.net\/qhome\/san-pham\/ghe-chan-quy-qgcq01\/\"]}]},{\"@type\":\"BreadcrumbList\",\"@id\":\"https:\/\/luan.webrt.net\/qhome\/san-pham\/ghe-chan-quy-qgcq01\/#breadcrumb\",\"itemListElement\":[{\"@type\":\"ListItem\",\"position\":1,\"name\":\"Trang ch\u1ee7\",\"item\":\"https:\/\/luan.webrt.net\/qhome\/\"},{\"@type\":\"ListItem\",\"position\":2,\"name\":\"Shop\",\"item\":\"https:\/\/luan.webrt.net\/qhome\/shop\/\"},{\"@type\":\"ListItem\",\"position\":3,\"name\":\"Gh\u1ebf ch\u00e2n qu\u1ef3 QGCQ01\"}]},{\"@type\":\"WebSite\",\"@id\":\"https:\/\/luan.webrt.net\/qhome\/#website\",\"url\":\"https:\/\/luan.webrt.net\/qhome\/\",\"name\":\"M\u1eabu web n\u1ed9i th\u1ea5t\",\"description\":\"QGHome Vi\u1ec7t Nam\",\"publisher\":{\"@id\":\"https:\/\/luan.webrt.net\/qhome\/#organization\"},\"potentialAction\":[{\"@type\":\"SearchAction\",\"target\":{\"@type\":\"EntryPoint\",\"urlTemplate\":\"https:\/\/luan.webrt.net\/qhome\/?s={search_term_string}\"},\"query-input\":\"required name=search_term_string\"}],\"inLanguage\":\"vi\"},{\"@type\":\"Organization\",\"@id\":\"https:\/\/luan.webrt.net\/qhome\/#organization\",\"name\":\"QGHome\",\"url\":\"https:\/\/luan.webrt.net\/qhome\/\",\"logo\":{\"@type\":\"ImageObject\",\"inLanguage\":\"vi\",\"@id\":\"https:\/\/luan.webrt.net\/qhome\/#\/schema\/logo\/image\/\",\"url\":\"https:\/\/qghome.vn\/wp-content\/uploads\/2025\/08\/logo-mau-MauTH-21.png\",\"contentUrl\":\"https:\/\/qghome.vn\/wp-content\/uploads\/2025\/08\/logo-mau-MauTH-21.png\",\"width\":253,\"height\":99,\"caption\":\"QGHome\"},\"image\":{\"@id\":\"https:\/\/luan.webrt.net\/qhome\/#\/schema\/logo\/image\/\"},\"sameAs\":[\"https:\/\/www.tiktok.com\/@qghome.official\",\"https:\/\/www.youtube.com\/channel\/UCeVBuKTXkv-u94DS421cklw\",\"https:\/\/www.facebook.com\/noithatqghome\"]}]}<\/script>\n<!-- \/ Yoast SEO plugin. -->","yoast_head_json":{"title":"Gh\u1ebf ch\u00e2n qu\u1ef3 QGCQ01","description":"N\u1ed9i Th\u1ea5t QGHome l\u00e0 \u0111\u01a1n v\u1ecb chuy\u00ean cung c\u1ea5p gh\u1ebf ch\u00e2n qu\u1ef3 v\u1edbi nhi\u1ec1u ki\u1ec3u d\u00e1ng m\u1eabu m\u00e3 \u0111a d\u1ea1ng, Cam k\u1ebft ch\u1ea5t l\u01b0\u1ee3ng, b\u1ea3o h\u00e0nh d\u00e0i h\u1ea1n, giao h\u00e0ng to\u00e0n qu\u1ed1c.","robots":{"index":"index","follow":"follow","max-snippet":"max-snippet:-1","max-image-preview":"max-image-preview:large","max-video-preview":"max-video-preview:-1"},"canonical":"https:\/\/luan.webrt.net\/qhome\/san-pham\/ghe-chan-quy-qgcq01\/","og_locale":"vi_VN","og_type":"article","og_title":"Gh\u1ebf ch\u00e2n qu\u1ef3 QGCQ01","og_description":"N\u1ed9i Th\u1ea5t QGHome l\u00e0 \u0111\u01a1n v\u1ecb chuy\u00ean cung c\u1ea5p gh\u1ebf ch\u00e2n qu\u1ef3 v\u1edbi nhi\u1ec1u ki\u1ec3u d\u00e1ng m\u1eabu m\u00e3 \u0111a d\u1ea1ng, Cam k\u1ebft ch\u1ea5t l\u01b0\u1ee3ng, b\u1ea3o h\u00e0nh d\u00e0i h\u1ea1n, giao h\u00e0ng to\u00e0n qu\u1ed1c.","og_url":"https:\/\/luan.webrt.net\/qhome\/san-pham\/ghe-chan-quy-qgcq01\/","og_site_name":"M\u1eabu web n\u1ed9i th\u1ea5t","article_publisher":"https:\/\/www.facebook.com\/noithatqghome","article_modified_time":"2025-11-11T03:48:49+00:00","og_image":[{"width":1200,"height":1200,"url":"https:\/\/luan.webrt.net\/qhome\/wp-content\/uploads\/2023\/09\/ghe-chan-quy.jpg","type":"image\/jpeg"}],"twitter_card":"summary_large_image","twitter_misc":{"\u01af\u1edbc t\u00ednh th\u1eddi gian \u0111\u1ecdc":"3 ph\u00fat"},"schema":{"@context":"https:\/\/schema.org","@graph":[{"@type":"WebPage","@id":"https:\/\/luan.webrt.net\/qhome\/san-pham\/ghe-chan-quy-qgcq01\/","url":"https:\/\/luan.webrt.net\/qhome\/san-pham\/ghe-chan-quy-qgcq01\/","name":"Gh\u1ebf ch\u00e2n qu\u1ef3 QGCQ01","isPartOf":{"@id":"https:\/\/luan.webrt.net\/qhome\/#website"},"datePublished":"2023-09-01T12:45:49+00:00","dateModified":"2025-11-11T03:48:49+00:00","description":"N\u1ed9i Th\u1ea5t QGHome l\u00e0 \u0111\u01a1n v\u1ecb chuy\u00ean cung c\u1ea5p gh\u1ebf ch\u00e2n qu\u1ef3 v\u1edbi nhi\u1ec1u ki\u1ec3u d\u00e1ng m\u1eabu m\u00e3 \u0111a d\u1ea1ng, Cam k\u1ebft ch\u1ea5t l\u01b0\u1ee3ng, b\u1ea3o h\u00e0nh d\u00e0i h\u1ea1n, giao h\u00e0ng to\u00e0n qu\u1ed1c.","breadcrumb":{"@id":"https:\/\/luan.webrt.net\/qhome\/san-pham\/ghe-chan-quy-qgcq01\/#breadcrumb"},"inLanguage":"vi","potentialAction":[{"@type":"ReadAction","target":["https:\/\/luan.webrt.net\/qhome\/san-pham\/ghe-chan-quy-qgcq01\/"]}]},{"@type":"BreadcrumbList","@id":"https:\/\/luan.webrt.net\/qhome\/san-pham\/ghe-chan-quy-qgcq01\/#breadcrumb","itemListElement":[{"@type":"ListItem","position":1,"name":"Trang ch\u1ee7","item":"https:\/\/luan.webrt.net\/qhome\/"},{"@type":"ListItem","position":2,"name":"Shop","item":"https:\/\/luan.webrt.net\/qhome\/shop\/"},{"@type":"ListItem","position":3,"name":"Gh\u1ebf ch\u00e2n qu\u1ef3 QGCQ01"}]},{"@type":"WebSite","@id":"https:\/\/luan.webrt.net\/qhome\/#website","url":"https:\/\/luan.webrt.net\/qhome\/","name":"M\u1eabu web n\u1ed9i th\u1ea5t","description":"QGHome Vi\u1ec7t Nam","publisher":{"@id":"https:\/\/luan.webrt.net\/qhome\/#organization"},"potentialAction":[{"@type":"SearchAction","target":{"@type":"EntryPoint","urlTemplate":"https:\/\/luan.webrt.net\/qhome\/?s={search_term_string}"},"query-input":"required name=search_term_string"}],"inLanguage":"vi"},{"@type":"Organization","@id":"https:\/\/luan.webrt.net\/qhome\/#organization","name":"QGHome","url":"https:\/\/luan.webrt.net\/qhome\/","logo":{"@type":"ImageObject","inLanguage":"vi","@id":"https:\/\/luan.webrt.net\/qhome\/#\/schema\/logo\/image\/","url":"https:\/\/qghome.vn\/wp-content\/uploads\/2025\/08\/logo-mau-MauTH-21.png","contentUrl":"https:\/\/qghome.vn\/wp-content\/uploads\/2025\/08\/logo-mau-MauTH-21.png","width":253,"height":99,"caption":"QGHome"},"image":{"@id":"https:\/\/luan.webrt.net\/qhome\/#\/schema\/logo\/image\/"},"sameAs":["https:\/\/www.tiktok.com\/@qghome.official","https:\/\/www.youtube.com\/channel\/UCeVBuKTXkv-u94DS421cklw","https:\/\/www.facebook.com\/noithatqghome"]}]}},"_links":{"self":[{"href":"https:\/\/luan.webrt.net\/qhome\/wp-json\/wp\/v2\/product\/6029","targetHints":{"allow":["GET"]}}],"collection":[{"href":"https:\/\/luan.webrt.net\/qhome\/wp-json\/wp\/v2\/product"}],"about":[{"href":"https:\/\/luan.webrt.net\/qhome\/wp-json\/wp\/v2\/types\/product"}],"replies":[{"embeddable":true,"href":"https:\/\/luan.webrt.net\/qhome\/wp-json\/wp\/v2\/comments?post=6029"}],"wp:featuredmedia":[{"embeddable":true,"href":"https:\/\/luan.webrt.net\/qhome\/wp-json\/wp\/v2\/media\/17138"}],"wp:attachment":[{"href":"https:\/\/luan.webrt.net\/qhome\/wp-json\/wp\/v2\/media?parent=6029"}],"wp:term":[{"taxonomy":"product_cat","embeddable":true,"href":"https:\/\/luan.webrt.net\/qhome\/wp-json\/wp\/v2\/product_cat?post=6029"},{"taxonomy":"product_tag","embeddable":true,"href":"https:\/\/luan.webrt.net\/qhome\/wp-json\/wp\/v2\/product_tag?post=6029"}],"curies":[{"name":"wp","href":"https:\/\/api.w.org\/{rel}","templated":true}]}}