{"id":4150,"date":"2022-12-21T03:30:44","date_gmt":"2022-12-21T03:30:44","guid":{"rendered":"https:\/\/qghome.vn\/?post_type=product&#038;p=4150"},"modified":"2025-12-19T08:06:42","modified_gmt":"2025-12-19T08:06:42","slug":"ghe-nhan-vien-qgnv13","status":"publish","type":"product","link":"https:\/\/luan.webrt.net\/qhome\/san-pham\/ghe-nhan-vien-qgnv13\/","title":{"rendered":"Gh\u1ebf nh\u00e2n vi\u00ean QGNV13"},"content":{"rendered":"<p><a href=\"https:\/\/qghome.vn\/ghe-nhan-vien-qgnv13\/\">Gh\u1ebf nh\u00e2n vi\u00ean QGNV13<\/a> \u0111\u01b0\u1ee3c thi\u1ebft k\u1ebf v\u00e0 l\u1eafp r\u00e1p b\u01a1i \u0111\u1ed9i ng\u0169 k\u1ef9 thu\u1eadt t\u1ea1i QGHome b\u1eb1ng c\u00e1c d\u1eady chuy\u1ec1n hi\u1ec7n \u0111\u1ea1i, cao c\u1ea5p. Mang \u0111\u1ebfn cho kh\u00e1ch h\u00e0ng nh\u1eefng s\u1ea3n ph\u1ea9m th\u1ef1c s\u1ef1 ch\u1ea5t l\u01b0\u1ee3ng<\/p>\n<h2><strong>1. Thi\u1ebft k\u1ebf<\/strong><\/h2>\n<ul>\n<li><span style=\"color: #282828;\">Khung l\u01b0ng b\u1eb1ng nh\u1ef1a nylon PA. T\u1ef1a l\u01b0ng b\u1ecdc v\u1ea3i l\u01b0\u1edbi cao c\u1ea5p. \u0110\u1ec7m \u0111\u1ee1 l\u01b0ng \u0111i\u1ec1u ch\u1ec9nh \u0111\u1ed9 cao th\u1ea5p, \u00f4m s\u00e1t l\u01b0ng ng\u01b0\u1eddi ng\u1ed3i.<\/span><\/li>\n<li><span style=\"color: #282828;\">T\u1ef1a tay b\u1eb1ng nh\u1ef1a PA c\u1ed1 \u0111\u1ecbnh<\/span><\/li>\n<li><span style=\"color: #282828;\">\u0110\u1ec7m ng\u1ed3i b\u1eb1ng m\u00fat \u0111\u1ecbnh h\u00ecnh m\u1eadt \u0111\u1ed9 cao, b\u1ecdc v\u1ea3i n\u1ec9 cao c\u1ea5p, d\u00e0y 7cm, c\u00f3 \u0111\u1ebf \u0111\u1ee1 ch\u1eafc ch\u1eafn<\/span><\/li>\n<li><span style=\"color: #282828;\">Chu\u1ea9n t\u1ed1t cho s\u1ee9c kh\u1ecfe ng\u01b0\u1eddi ti\u00eau d\u00f9ng -&gt; \u0111\u01b0\u1ee3c c\u00e1c chuy\u00ean gia v\u1ec1 Chiropratic v\u00e0 c\u00e1c Physiotherapist h\u00e0ng \u0111\u1ea7u khuy\u00ean d\u00f9ng<\/span><\/li>\n<li><span style=\"color: #282828;\">Ch\u00e2n gh\u1ebf b\u1eb1ng th\u00e9p s\u01a1n t\u0129nh \u0111i\u1ec7n<\/span><\/li>\n<\/ul>\n<h2><strong>2. \u0110\u1eb7c \u0111i\u1ec3m v\u00e0 t\u00ednh n\u0103ng n\u1ed5i b\u1eadt<\/strong><\/h2>\n<div class=\"mceTemp\">\u00a0<\/div>\n<div class=\"mceTemp\">\u00a0<\/div>\n<figure id=\"attachment_4143\" aria-describedby=\"caption-attachment-4143\" style=\"width: 800px\" class=\"wp-caption aligncenter\"><img loading=\"lazy\" decoding=\"async\" class=\"size-full wp-image-4143\" src=\"http:\/\/qghome.vn\/wp-content\/uploads\/2022\/12\/dac-tinh-noi-bat.jpg\" alt=\"\u0110\u1eb7c t\u00ednh n\u1ed5i b\u1eadt\" width=\"800\" height=\"800\" srcset=\"https:\/\/luan.webrt.net\/qhome\/wp-content\/uploads\/2022\/12\/dac-tinh-noi-bat.jpg 800w, https:\/\/luan.webrt.net\/qhome\/wp-content\/uploads\/2022\/12\/dac-tinh-noi-bat-100x100.jpg 100w, https:\/\/luan.webrt.net\/qhome\/wp-content\/uploads\/2022\/12\/dac-tinh-noi-bat-510x510.jpg 510w, https:\/\/luan.webrt.net\/qhome\/wp-content\/uploads\/2022\/12\/dac-tinh-noi-bat-400x400.jpg 400w, https:\/\/luan.webrt.net\/qhome\/wp-content\/uploads\/2022\/12\/dac-tinh-noi-bat-280x280.jpg 280w, https:\/\/luan.webrt.net\/qhome\/wp-content\/uploads\/2022\/12\/dac-tinh-noi-bat-768x768.jpg 768w\" sizes=\"auto, (max-width: 800px) 100vw, 800px\" \/><figcaption id=\"caption-attachment-4143\" class=\"wp-caption-text\">\u0110\u1eb7c t\u00ednh n\u1ed5i b\u1eadt<\/figcaption><\/figure>\n<figure id=\"attachment_4129\" aria-describedby=\"caption-attachment-4129\" style=\"width: 800px\" class=\"wp-caption aligncenter\"><img loading=\"lazy\" decoding=\"async\" class=\"size-full wp-image-4129\" src=\"http:\/\/qghome.vn\/wp-content\/uploads\/2022\/12\/ca-san-pham-len-quan.jpg\" alt=\"C\u00e1c s\u1ea3n ph\u1ea9m li\u00ean quan\" width=\"800\" height=\"800\" srcset=\"https:\/\/luan.webrt.net\/qhome\/wp-content\/uploads\/2022\/12\/ca-san-pham-len-quan.jpg 800w, https:\/\/luan.webrt.net\/qhome\/wp-content\/uploads\/2022\/12\/ca-san-pham-len-quan-100x100.jpg 100w, https:\/\/luan.webrt.net\/qhome\/wp-content\/uploads\/2022\/12\/ca-san-pham-len-quan-510x510.jpg 510w, https:\/\/luan.webrt.net\/qhome\/wp-content\/uploads\/2022\/12\/ca-san-pham-len-quan-400x400.jpg 400w, https:\/\/luan.webrt.net\/qhome\/wp-content\/uploads\/2022\/12\/ca-san-pham-len-quan-280x280.jpg 280w, https:\/\/luan.webrt.net\/qhome\/wp-content\/uploads\/2022\/12\/ca-san-pham-len-quan-768x768.jpg 768w\" sizes=\"auto, (max-width: 800px) 100vw, 800px\" \/><figcaption id=\"caption-attachment-4129\" class=\"wp-caption-text\">C\u00e1c s\u1ea3n ph\u1ea9m li\u00ean quan<\/figcaption><\/figure>\n<figure id=\"attachment_4136\" aria-describedby=\"caption-attachment-4136\" style=\"width: 800px\" class=\"wp-caption aligncenter\"><img loading=\"lazy\" decoding=\"async\" class=\"size-full wp-image-4136\" src=\"http:\/\/qghome.vn\/wp-content\/uploads\/2022\/12\/tuy-chon-mau-sac.jpg\" alt=\"T\u00f9y ch\u1ecdn m\u00e0u s\u1eafc\" width=\"800\" height=\"800\" srcset=\"https:\/\/luan.webrt.net\/qhome\/wp-content\/uploads\/2022\/12\/tuy-chon-mau-sac.jpg 800w, https:\/\/luan.webrt.net\/qhome\/wp-content\/uploads\/2022\/12\/tuy-chon-mau-sac-100x100.jpg 100w, https:\/\/luan.webrt.net\/qhome\/wp-content\/uploads\/2022\/12\/tuy-chon-mau-sac-510x510.jpg 510w, https:\/\/luan.webrt.net\/qhome\/wp-content\/uploads\/2022\/12\/tuy-chon-mau-sac-400x400.jpg 400w, https:\/\/luan.webrt.net\/qhome\/wp-content\/uploads\/2022\/12\/tuy-chon-mau-sac-280x280.jpg 280w, https:\/\/luan.webrt.net\/qhome\/wp-content\/uploads\/2022\/12\/tuy-chon-mau-sac-768x768.jpg 768w\" sizes=\"auto, (max-width: 800px) 100vw, 800px\" \/><figcaption id=\"caption-attachment-4136\" class=\"wp-caption-text\">T\u00f9y ch\u1ecdn m\u00e0u s\u1eafc<\/figcaption><\/figure>\n<h2><strong>3. C\u00e1ch l\u1eafp r\u00e1p<\/strong><\/h2>\n<p>H\u00e3y l\u1eafp theo s\u01a1 \u0111\u1ed3 sau ho\u1eb7c g\u1ecdi nhay <span style=\"color: #ed1c24;\"><strong>Hotline: 0983 368 623<\/strong><\/span>\u00a0\u0111\u1ec3 \u0111\u01b0\u1ee3c t\u01b0 v\u1ea5n chi ti\u1ebft h\u01a1n v\u1ec1 b\u1ea5t k\u00ec s\u1ea3n ph\u1ea9m n\u00e0o.<\/p>\n<p>\u00a0<\/p>\n<figure id=\"attachment_3064\" aria-describedby=\"caption-attachment-3064\" style=\"width: 800px\" class=\"wp-caption aligncenter\"><img loading=\"lazy\" decoding=\"async\" class=\"size-full wp-image-3064\" src=\"http:\/\/qghome.vn\/wp-content\/uploads\/2022\/11\/cach-lap-rap-ghe-van-phong-G102.jpg\" alt=\"C\u00e1ch l\u1eafp r\u00e1p gh\u1ebf v\u0103n ph\u00f2ng G102\" width=\"800\" height=\"800\" srcset=\"https:\/\/luan.webrt.net\/qhome\/wp-content\/uploads\/2022\/11\/cach-lap-rap-ghe-van-phong-G102.jpg 800w, https:\/\/luan.webrt.net\/qhome\/wp-content\/uploads\/2022\/11\/cach-lap-rap-ghe-van-phong-G102-100x100.jpg 100w, https:\/\/luan.webrt.net\/qhome\/wp-content\/uploads\/2022\/11\/cach-lap-rap-ghe-van-phong-G102-510x510.jpg 510w, https:\/\/luan.webrt.net\/qhome\/wp-content\/uploads\/2022\/11\/cach-lap-rap-ghe-van-phong-G102-400x400.jpg 400w, https:\/\/luan.webrt.net\/qhome\/wp-content\/uploads\/2022\/11\/cach-lap-rap-ghe-van-phong-G102-280x280.jpg 280w, https:\/\/luan.webrt.net\/qhome\/wp-content\/uploads\/2022\/11\/cach-lap-rap-ghe-van-phong-G102-768x768.jpg 768w\" sizes=\"auto, (max-width: 800px) 100vw, 800px\" \/><figcaption id=\"caption-attachment-3064\" class=\"wp-caption-text\"><em>C\u00e1ch l\u1eafp r\u00e1p gh\u1ebf nh\u00e2n vi\u00ean QGNV13<\/em><\/figcaption><\/figure>\n<div class=\"mceTemp\">\u00a0<\/div>\n<h2><strong>4. Quy tr\u00ecnh s\u1ea3n xu\u1ea5t s\u1ea3n ph\u1ea9m<\/strong><\/h2>\n<p>Quy tr\u00ecnh s\u1ea3n xu\u1ea5t chu\u1ea9n ch\u00e2u \u00c2u kh\u00e9p k\u00edn, mang l\u1ea1i ch\u1ea5t l\u01b0\u1ee3ng s\u1ea3n ph\u1ea9m \u0111\u00f4ng \u0111\u1ec1u 100%<\/p>\n<figure id=\"attachment_3074\" aria-describedby=\"caption-attachment-3074\" style=\"width: 800px\" class=\"wp-caption aligncenter\"><img loading=\"lazy\" decoding=\"async\" class=\"size-full wp-image-3074\" src=\"http:\/\/qghome.vn\/wp-content\/uploads\/2022\/11\/quy-trinh-san-xuat-ghe-van-phong-G102.jpg\" alt=\"Quy tr\u00ecnh s\u1ea3n xu\u1ea5t gh\u1ebf\" width=\"800\" height=\"800\" srcset=\"https:\/\/luan.webrt.net\/qhome\/wp-content\/uploads\/2022\/11\/quy-trinh-san-xuat-ghe-van-phong-G102.jpg 800w, https:\/\/luan.webrt.net\/qhome\/wp-content\/uploads\/2022\/11\/quy-trinh-san-xuat-ghe-van-phong-G102-100x100.jpg 100w, https:\/\/luan.webrt.net\/qhome\/wp-content\/uploads\/2022\/11\/quy-trinh-san-xuat-ghe-van-phong-G102-510x510.jpg 510w, https:\/\/luan.webrt.net\/qhome\/wp-content\/uploads\/2022\/11\/quy-trinh-san-xuat-ghe-van-phong-G102-400x400.jpg 400w, https:\/\/luan.webrt.net\/qhome\/wp-content\/uploads\/2022\/11\/quy-trinh-san-xuat-ghe-van-phong-G102-280x280.jpg 280w, https:\/\/luan.webrt.net\/qhome\/wp-content\/uploads\/2022\/11\/quy-trinh-san-xuat-ghe-van-phong-G102-768x768.jpg 768w\" sizes=\"auto, (max-width: 800px) 100vw, 800px\" \/><figcaption id=\"caption-attachment-3074\" class=\"wp-caption-text\"><em>Quy tr\u00ecnh s\u1ea3n xu\u1ea5t gh\u1ebf<\/em><\/figcaption><\/figure>\n<p><em><strong>Ngu\u1ed3n: <a href=\"https:\/\/qghome.vn\/\">QGHome<\/a><\/strong><\/em><\/p>\n<div class=\"host-bincmiainjofjnhchmcalkanjebghoen\" style=\"position: relative; z-index: 2147483647;\">\u00a0<\/div>\n","protected":false},"excerpt":{"rendered":"<p>&nbsp;<\/p>\n<div class=\"host-bincmiainjofjnhchmcalkanjebghoen\" style=\"position: relative; z-index: 2147483647;\"><\/div>\n","protected":false},"featured_media":4149,"comment_status":"open","ping_status":"closed","template":"","meta":[],"product_cat":[217],"product_tag":[],"class_list":["post-4150","product","type-product","status-publish","has-post-thumbnail","hentry","product_cat-ghe-nhan-vien"],"yoast_head":"<!-- This site is optimized with the Yoast SEO plugin v19.9 - https:\/\/yoast.com\/wordpress\/plugins\/seo\/ -->\n<title>[S\u1ea3n ph\u1ea9m] Gh\u1ebf nh\u00e2n vi\u00ean QGNV13 - N\u1ed9i th\u1ea5t QGHome<\/title>\n<meta name=\"description\" content=\"S\u1ea3n ph\u1ea9m gh\u1ebf nh\u00e2n vi\u00ean QGNV13 thu\u1ed9c chu\u1ed7i s\u1ea3n ph\u1ea9m gh\u1ebf v\u00e0m vi\u1ec7c cao c\u1ea5p. \u0110\u01b0\u1ee3c QGHome thi\u1ebft k\u1ebf, l\u1eafp r\u00e1p v\u00e0 giao h\u00e0ng. Hotline: 0968875005.\" \/>\n<meta name=\"robots\" content=\"index, follow, max-snippet:-1, max-image-preview:large, max-video-preview:-1\" \/>\n<link rel=\"canonical\" href=\"https:\/\/luan.webrt.net\/qhome\/san-pham\/ghe-nhan-vien-qgnv13\/\" \/>\n<meta property=\"og:locale\" content=\"vi_VN\" \/>\n<meta property=\"og:type\" content=\"article\" \/>\n<meta property=\"og:title\" content=\"[S\u1ea3n ph\u1ea9m] Gh\u1ebf nh\u00e2n vi\u00ean QGNV13 - N\u1ed9i th\u1ea5t QGHome\" \/>\n<meta property=\"og:description\" content=\"S\u1ea3n ph\u1ea9m gh\u1ebf nh\u00e2n vi\u00ean QGNV13 thu\u1ed9c chu\u1ed7i s\u1ea3n ph\u1ea9m gh\u1ebf v\u00e0m vi\u1ec7c cao c\u1ea5p. \u0110\u01b0\u1ee3c QGHome thi\u1ebft k\u1ebf, l\u1eafp r\u00e1p v\u00e0 giao h\u00e0ng. Hotline: 0968875005.\" \/>\n<meta property=\"og:url\" content=\"https:\/\/luan.webrt.net\/qhome\/san-pham\/ghe-nhan-vien-qgnv13\/\" \/>\n<meta property=\"og:site_name\" content=\"M\u1eabu web n\u1ed9i th\u1ea5t\" \/>\n<meta property=\"article:publisher\" content=\"https:\/\/www.facebook.com\/noithatqghome\" \/>\n<meta property=\"article:modified_time\" content=\"2025-12-19T08:06:42+00:00\" \/>\n<meta property=\"og:image\" content=\"https:\/\/luan.webrt.net\/qhome\/wp-content\/uploads\/2022\/12\/ghe-van-phong-141.jpg\" \/>\n\t<meta property=\"og:image:width\" content=\"800\" \/>\n\t<meta property=\"og:image:height\" content=\"800\" \/>\n\t<meta property=\"og:image:type\" content=\"image\/jpeg\" \/>\n<meta name=\"twitter:card\" content=\"summary_large_image\" \/>\n<meta name=\"twitter:label1\" content=\"\u01af\u1edbc t\u00ednh th\u1eddi gian \u0111\u1ecdc\" \/>\n\t<meta name=\"twitter:data1\" content=\"3 ph\u00fat\" \/>\n<script type=\"application\/ld+json\" class=\"yoast-schema-graph\">{\"@context\":\"https:\/\/schema.org\",\"@graph\":[{\"@type\":\"WebPage\",\"@id\":\"https:\/\/luan.webrt.net\/qhome\/san-pham\/ghe-nhan-vien-qgnv13\/\",\"url\":\"https:\/\/luan.webrt.net\/qhome\/san-pham\/ghe-nhan-vien-qgnv13\/\",\"name\":\"[S\u1ea3n ph\u1ea9m] Gh\u1ebf nh\u00e2n vi\u00ean QGNV13 - N\u1ed9i th\u1ea5t QGHome\",\"isPartOf\":{\"@id\":\"https:\/\/luan.webrt.net\/qhome\/#website\"},\"datePublished\":\"2022-12-21T03:30:44+00:00\",\"dateModified\":\"2025-12-19T08:06:42+00:00\",\"description\":\"S\u1ea3n ph\u1ea9m gh\u1ebf nh\u00e2n vi\u00ean QGNV13 thu\u1ed9c chu\u1ed7i s\u1ea3n ph\u1ea9m gh\u1ebf v\u00e0m vi\u1ec7c cao c\u1ea5p. \u0110\u01b0\u1ee3c QGHome thi\u1ebft k\u1ebf, l\u1eafp r\u00e1p v\u00e0 giao h\u00e0ng. Hotline: 0968875005.\",\"breadcrumb\":{\"@id\":\"https:\/\/luan.webrt.net\/qhome\/san-pham\/ghe-nhan-vien-qgnv13\/#breadcrumb\"},\"inLanguage\":\"vi\",\"potentialAction\":[{\"@type\":\"ReadAction\",\"target\":[\"https:\/\/luan.webrt.net\/qhome\/san-pham\/ghe-nhan-vien-qgnv13\/\"]}]},{\"@type\":\"BreadcrumbList\",\"@id\":\"https:\/\/luan.webrt.net\/qhome\/san-pham\/ghe-nhan-vien-qgnv13\/#breadcrumb\",\"itemListElement\":[{\"@type\":\"ListItem\",\"position\":1,\"name\":\"Trang ch\u1ee7\",\"item\":\"https:\/\/luan.webrt.net\/qhome\/\"},{\"@type\":\"ListItem\",\"position\":2,\"name\":\"Shop\",\"item\":\"https:\/\/luan.webrt.net\/qhome\/shop\/\"},{\"@type\":\"ListItem\",\"position\":3,\"name\":\"Gh\u1ebf nh\u00e2n vi\u00ean QGNV13\"}]},{\"@type\":\"WebSite\",\"@id\":\"https:\/\/luan.webrt.net\/qhome\/#website\",\"url\":\"https:\/\/luan.webrt.net\/qhome\/\",\"name\":\"M\u1eabu web n\u1ed9i th\u1ea5t\",\"description\":\"QGHome Vi\u1ec7t Nam\",\"publisher\":{\"@id\":\"https:\/\/luan.webrt.net\/qhome\/#organization\"},\"potentialAction\":[{\"@type\":\"SearchAction\",\"target\":{\"@type\":\"EntryPoint\",\"urlTemplate\":\"https:\/\/luan.webrt.net\/qhome\/?s={search_term_string}\"},\"query-input\":\"required name=search_term_string\"}],\"inLanguage\":\"vi\"},{\"@type\":\"Organization\",\"@id\":\"https:\/\/luan.webrt.net\/qhome\/#organization\",\"name\":\"QGHome\",\"url\":\"https:\/\/luan.webrt.net\/qhome\/\",\"logo\":{\"@type\":\"ImageObject\",\"inLanguage\":\"vi\",\"@id\":\"https:\/\/luan.webrt.net\/qhome\/#\/schema\/logo\/image\/\",\"url\":\"https:\/\/qghome.vn\/wp-content\/uploads\/2025\/08\/logo-mau-MauTH-21.png\",\"contentUrl\":\"https:\/\/qghome.vn\/wp-content\/uploads\/2025\/08\/logo-mau-MauTH-21.png\",\"width\":253,\"height\":99,\"caption\":\"QGHome\"},\"image\":{\"@id\":\"https:\/\/luan.webrt.net\/qhome\/#\/schema\/logo\/image\/\"},\"sameAs\":[\"https:\/\/www.tiktok.com\/@qghome.official\",\"https:\/\/www.youtube.com\/channel\/UCeVBuKTXkv-u94DS421cklw\",\"https:\/\/www.facebook.com\/noithatqghome\"]}]}<\/script>\n<!-- \/ Yoast SEO plugin. -->","yoast_head_json":{"title":"[S\u1ea3n ph\u1ea9m] Gh\u1ebf nh\u00e2n vi\u00ean QGNV13 - N\u1ed9i th\u1ea5t QGHome","description":"S\u1ea3n ph\u1ea9m gh\u1ebf nh\u00e2n vi\u00ean QGNV13 thu\u1ed9c chu\u1ed7i s\u1ea3n ph\u1ea9m gh\u1ebf v\u00e0m vi\u1ec7c cao c\u1ea5p. \u0110\u01b0\u1ee3c QGHome thi\u1ebft k\u1ebf, l\u1eafp r\u00e1p v\u00e0 giao h\u00e0ng. Hotline: 0968875005.","robots":{"index":"index","follow":"follow","max-snippet":"max-snippet:-1","max-image-preview":"max-image-preview:large","max-video-preview":"max-video-preview:-1"},"canonical":"https:\/\/luan.webrt.net\/qhome\/san-pham\/ghe-nhan-vien-qgnv13\/","og_locale":"vi_VN","og_type":"article","og_title":"[S\u1ea3n ph\u1ea9m] Gh\u1ebf nh\u00e2n vi\u00ean QGNV13 - N\u1ed9i th\u1ea5t QGHome","og_description":"S\u1ea3n ph\u1ea9m gh\u1ebf nh\u00e2n vi\u00ean QGNV13 thu\u1ed9c chu\u1ed7i s\u1ea3n ph\u1ea9m gh\u1ebf v\u00e0m vi\u1ec7c cao c\u1ea5p. \u0110\u01b0\u1ee3c QGHome thi\u1ebft k\u1ebf, l\u1eafp r\u00e1p v\u00e0 giao h\u00e0ng. Hotline: 0968875005.","og_url":"https:\/\/luan.webrt.net\/qhome\/san-pham\/ghe-nhan-vien-qgnv13\/","og_site_name":"M\u1eabu web n\u1ed9i th\u1ea5t","article_publisher":"https:\/\/www.facebook.com\/noithatqghome","article_modified_time":"2025-12-19T08:06:42+00:00","og_image":[{"width":800,"height":800,"url":"https:\/\/luan.webrt.net\/qhome\/wp-content\/uploads\/2022\/12\/ghe-van-phong-141.jpg","type":"image\/jpeg"}],"twitter_card":"summary_large_image","twitter_misc":{"\u01af\u1edbc t\u00ednh th\u1eddi gian \u0111\u1ecdc":"3 ph\u00fat"},"schema":{"@context":"https:\/\/schema.org","@graph":[{"@type":"WebPage","@id":"https:\/\/luan.webrt.net\/qhome\/san-pham\/ghe-nhan-vien-qgnv13\/","url":"https:\/\/luan.webrt.net\/qhome\/san-pham\/ghe-nhan-vien-qgnv13\/","name":"[S\u1ea3n ph\u1ea9m] Gh\u1ebf nh\u00e2n vi\u00ean QGNV13 - N\u1ed9i th\u1ea5t QGHome","isPartOf":{"@id":"https:\/\/luan.webrt.net\/qhome\/#website"},"datePublished":"2022-12-21T03:30:44+00:00","dateModified":"2025-12-19T08:06:42+00:00","description":"S\u1ea3n ph\u1ea9m gh\u1ebf nh\u00e2n vi\u00ean QGNV13 thu\u1ed9c chu\u1ed7i s\u1ea3n ph\u1ea9m gh\u1ebf v\u00e0m vi\u1ec7c cao c\u1ea5p. \u0110\u01b0\u1ee3c QGHome thi\u1ebft k\u1ebf, l\u1eafp r\u00e1p v\u00e0 giao h\u00e0ng. Hotline: 0968875005.","breadcrumb":{"@id":"https:\/\/luan.webrt.net\/qhome\/san-pham\/ghe-nhan-vien-qgnv13\/#breadcrumb"},"inLanguage":"vi","potentialAction":[{"@type":"ReadAction","target":["https:\/\/luan.webrt.net\/qhome\/san-pham\/ghe-nhan-vien-qgnv13\/"]}]},{"@type":"BreadcrumbList","@id":"https:\/\/luan.webrt.net\/qhome\/san-pham\/ghe-nhan-vien-qgnv13\/#breadcrumb","itemListElement":[{"@type":"ListItem","position":1,"name":"Trang ch\u1ee7","item":"https:\/\/luan.webrt.net\/qhome\/"},{"@type":"ListItem","position":2,"name":"Shop","item":"https:\/\/luan.webrt.net\/qhome\/shop\/"},{"@type":"ListItem","position":3,"name":"Gh\u1ebf nh\u00e2n vi\u00ean QGNV13"}]},{"@type":"WebSite","@id":"https:\/\/luan.webrt.net\/qhome\/#website","url":"https:\/\/luan.webrt.net\/qhome\/","name":"M\u1eabu web n\u1ed9i th\u1ea5t","description":"QGHome Vi\u1ec7t Nam","publisher":{"@id":"https:\/\/luan.webrt.net\/qhome\/#organization"},"potentialAction":[{"@type":"SearchAction","target":{"@type":"EntryPoint","urlTemplate":"https:\/\/luan.webrt.net\/qhome\/?s={search_term_string}"},"query-input":"required name=search_term_string"}],"inLanguage":"vi"},{"@type":"Organization","@id":"https:\/\/luan.webrt.net\/qhome\/#organization","name":"QGHome","url":"https:\/\/luan.webrt.net\/qhome\/","logo":{"@type":"ImageObject","inLanguage":"vi","@id":"https:\/\/luan.webrt.net\/qhome\/#\/schema\/logo\/image\/","url":"https:\/\/qghome.vn\/wp-content\/uploads\/2025\/08\/logo-mau-MauTH-21.png","contentUrl":"https:\/\/qghome.vn\/wp-content\/uploads\/2025\/08\/logo-mau-MauTH-21.png","width":253,"height":99,"caption":"QGHome"},"image":{"@id":"https:\/\/luan.webrt.net\/qhome\/#\/schema\/logo\/image\/"},"sameAs":["https:\/\/www.tiktok.com\/@qghome.official","https:\/\/www.youtube.com\/channel\/UCeVBuKTXkv-u94DS421cklw","https:\/\/www.facebook.com\/noithatqghome"]}]}},"_links":{"self":[{"href":"https:\/\/luan.webrt.net\/qhome\/wp-json\/wp\/v2\/product\/4150","targetHints":{"allow":["GET"]}}],"collection":[{"href":"https:\/\/luan.webrt.net\/qhome\/wp-json\/wp\/v2\/product"}],"about":[{"href":"https:\/\/luan.webrt.net\/qhome\/wp-json\/wp\/v2\/types\/product"}],"replies":[{"embeddable":true,"href":"https:\/\/luan.webrt.net\/qhome\/wp-json\/wp\/v2\/comments?post=4150"}],"wp:featuredmedia":[{"embeddable":true,"href":"https:\/\/luan.webrt.net\/qhome\/wp-json\/wp\/v2\/media\/4149"}],"wp:attachment":[{"href":"https:\/\/luan.webrt.net\/qhome\/wp-json\/wp\/v2\/media?parent=4150"}],"wp:term":[{"taxonomy":"product_cat","embeddable":true,"href":"https:\/\/luan.webrt.net\/qhome\/wp-json\/wp\/v2\/product_cat?post=4150"},{"taxonomy":"product_tag","embeddable":true,"href":"https:\/\/luan.webrt.net\/qhome\/wp-json\/wp\/v2\/product_tag?post=4150"}],"curies":[{"name":"wp","href":"https:\/\/api.w.org\/{rel}","templated":true}]}}