{"id":3900,"date":"2022-12-06T03:42:28","date_gmt":"2022-12-06T03:42:28","guid":{"rendered":"https:\/\/qghome.vn\/?post_type=product&#038;p=3900"},"modified":"2025-12-19T04:58:19","modified_gmt":"2025-12-19T04:58:19","slug":"hoc-di-dong-qtd07","status":"publish","type":"product","link":"https:\/\/luan.webrt.net\/qhome\/san-pham\/hoc-di-dong-qtd07\/","title":{"rendered":"H\u1ed9c di \u0111\u1ed9ng QTD07"},"content":{"rendered":"<h2><strong>\u0110\u1eb6T H\u00c0NG T\u1ee6 V\u0102N PH\u00d2NG THEO \u00dd <span style=\"color: #ed1c24;\">(<em>Hotline: 0983 368 623<\/em>)<\/span><\/strong><\/h2>\n<p>B\u1ea1n h\u00e3y g\u1ecdi ngay cho <a href=\"https:\/\/qghome.vn\/\">ch\u00fang t\u00f4i<\/a> \u0111\u1ec3 ch\u1ecdn m\u1eabu t\u1ee7 v\u0103n ph\u00f2ng theo \u00fd, ch\u1ecdn k\u00edch th\u01b0\u1edbc mong mu\u1ed1n v\u00e0 ch\u00fang t\u00f4i s\u1ebd giao t\u1eadn tay b\u1ea1n.<\/p>\n<h2><strong>Chi ti\u1ebft s\u1ea3n ph\u1ea9m h\u1ed9c di \u0111\u1ed9ng QTD07 :<\/strong><\/h2>\n<p><strong>&#8211; Thi\u1ebft k\u1ebf:<\/strong> Hi\u1ec7n \u0111\u1ea1i, sang tr\u1ecdng, m\u00e0u s\u1eafc trang nh\u00e3, th\u00edch h\u1ee3p v\u1edbi m\u1ecdi kh\u00f4ng gian v\u0103n ph\u00f2ng. H\u1ed9c t\u1ee7 \u0111\u01b0\u1ee3c thi\u1ebft k\u1ebf th\u00edch h\u1ee3p cho vi\u1ec7c trang tr\u00ed ho\u1eb7c ch\u1ee9a \u0111\u1ef1ng \u0111\u1ed3 ti\u1ec7n d\u1ee5ng ho\u1eb7c d\u00f9ng l\u01b0u tr\u1eef h\u1ed3 s\u01a1, d\u1eef li\u1ec7u cho ng\u01b0\u1eddi s\u1eed d\u1ee5ng.<\/p>\n<p><strong>&#8211; Ki\u1ec3u d\u00e1ng:<\/strong> H\u1ed9c h\u00ecnh ch\u1eef nh\u1eadt \u0111\u1ee9ng v\u1edbi hai ng\u0103n c\u00f3 kh\u00f3a g\u1eadp ti\u1ec7n l\u1ee3i. Ng\u0103n k\u00e9o h\u1ed9c t\u1ee7 di \u0111\u1ed9ng \u0111\u1ec1u \u0111\u01b0\u1ee3c trang b\u1ecb ray bi 3 l\u1edbp v\u00e0 ray bi gi\u1ea3m ch\u1ea5n s\u01a1n t\u0129nh \u0111i\u1ec7n cao c\u1ea5p \u0111\u1ea3m b\u1ea3o \u0111\u1ed9 b\u1ec1n v\u01b0\u1ee3t tr\u1ed9i cho s\u1ea3n ph\u1ea9m.<\/p>\n<p><strong>&#8211; Ch\u1ea5t li\u1ec7u:<\/strong> C\u1ed1t g\u1ed7 l\u00e0 MFC cao c\u1ea5p ph\u1ee7 Melamine H\u00e0n Qu\u1ed1c ch\u1ed1ng \u1ea9m m\u1ed1c c\u1ef1c t\u1ed1t, d\u1ec5 lau ch\u00f9i v\u1ec7 sinh h\u00e0ng ng\u00e0y. Tay n\u1eafm ng\u0103n k\u00e9o b\u1eb1ng nh\u00f4m cao c\u1ea5p ch\u1ed1ng han gh\u1ec9 v\u00e0 bong tr\u00f3c, \u0111\u1ea3m b\u1ea3o \u0111\u1ed9 b\u1ec1n v\u00e0 gi\u00e1 tr\u1ecb th\u1ea9m m\u1ef9 cao.<\/p>\n<p><strong>&#8211; B\u00e1nh xe:<\/strong> Ch\u00e2n h\u1ed9c c\u00f3 g\u1eafn b\u00e1nh xe nh\u1eadp ngo\u1ea1i ch\u1ecbu l\u1ef1c t\u1ed1t, d\u1ec5 d\u00e0ng di chuy\u1ec3n, l\u1eafp \u0111\u1eb7t, ho\u1eb7c c\u00f3 th\u1ec3 thay \u0111\u1ed5i v\u1ecb tr\u00ed h\u1ed9c m\u1ed9t c\u00e1ch nhanh ch\u00f3ng, ti\u1ec7n l\u1ee3i cho ng\u01b0\u1eddi s\u1eed d\u1ee5ng.<\/p>\n<p><strong>&#8211; L\u01b0u \u00fd:<\/strong> S\u1ea3n ph\u1ea9m \u0111i k\u00e8m v\u1edbi h\u01b0\u1edbng d\u1eabn l\u1eafp \u0111\u1eb7t, s\u1eed d\u1ee5ng; Phi\u1ebfu b\u1ea3o h\u00e0nh.<\/p>\n<div class=\"mceTemp\"><\/div>\n<figure id=\"attachment_3902\" aria-describedby=\"caption-attachment-3902\" style=\"width: 800px\" class=\"wp-caption aligncenter\"><img loading=\"lazy\" decoding=\"async\" class=\"wp-image-3902 size-full\" src=\"http:\/\/qghome.vn\/wp-content\/uploads\/2022\/12\/truc-dien-tu-phu-di-dong-TP200.jpg\" alt=\"H\u1ed9c di \u0111\u1ed9ng QTD07 \" width=\"800\" height=\"800\" srcset=\"https:\/\/luan.webrt.net\/qhome\/wp-content\/uploads\/2022\/12\/truc-dien-tu-phu-di-dong-TP200.jpg 800w, https:\/\/luan.webrt.net\/qhome\/wp-content\/uploads\/2022\/12\/truc-dien-tu-phu-di-dong-TP200-100x100.jpg 100w, https:\/\/luan.webrt.net\/qhome\/wp-content\/uploads\/2022\/12\/truc-dien-tu-phu-di-dong-TP200-510x510.jpg 510w, https:\/\/luan.webrt.net\/qhome\/wp-content\/uploads\/2022\/12\/truc-dien-tu-phu-di-dong-TP200-400x400.jpg 400w, https:\/\/luan.webrt.net\/qhome\/wp-content\/uploads\/2022\/12\/truc-dien-tu-phu-di-dong-TP200-280x280.jpg 280w, https:\/\/luan.webrt.net\/qhome\/wp-content\/uploads\/2022\/12\/truc-dien-tu-phu-di-dong-TP200-768x768.jpg 768w, https:\/\/luan.webrt.net\/qhome\/wp-content\/uploads\/2022\/12\/truc-dien-tu-phu-di-dong-TP200-247x247.jpg 247w\" sizes=\"auto, (max-width: 800px) 100vw, 800px\" \/><figcaption id=\"caption-attachment-3902\" class=\"wp-caption-text\">H\u1ed9c di \u0111\u1ed9ng QTD07<\/figcaption><\/figure>\n<figure id=\"attachment_3901\" aria-describedby=\"caption-attachment-3901\" style=\"width: 800px\" class=\"wp-caption aligncenter\"><img loading=\"lazy\" decoding=\"async\" class=\"wp-image-3901 size-full\" src=\"http:\/\/qghome.vn\/wp-content\/uploads\/2022\/12\/hinh-anh-tu-phu-di-dong-TP200.jpg\" alt=\"H\u1ed9c di \u0111\u1ed9ng QTD07 \" width=\"800\" height=\"800\" srcset=\"https:\/\/luan.webrt.net\/qhome\/wp-content\/uploads\/2022\/12\/hinh-anh-tu-phu-di-dong-TP200.jpg 800w, https:\/\/luan.webrt.net\/qhome\/wp-content\/uploads\/2022\/12\/hinh-anh-tu-phu-di-dong-TP200-100x100.jpg 100w, https:\/\/luan.webrt.net\/qhome\/wp-content\/uploads\/2022\/12\/hinh-anh-tu-phu-di-dong-TP200-510x510.jpg 510w, https:\/\/luan.webrt.net\/qhome\/wp-content\/uploads\/2022\/12\/hinh-anh-tu-phu-di-dong-TP200-400x400.jpg 400w, https:\/\/luan.webrt.net\/qhome\/wp-content\/uploads\/2022\/12\/hinh-anh-tu-phu-di-dong-TP200-280x280.jpg 280w, https:\/\/luan.webrt.net\/qhome\/wp-content\/uploads\/2022\/12\/hinh-anh-tu-phu-di-dong-TP200-768x768.jpg 768w\" sizes=\"auto, (max-width: 800px) 100vw, 800px\" \/><figcaption id=\"caption-attachment-3901\" class=\"wp-caption-text\">H\u1ed9c di \u0111\u1ed9ng QTD07<\/figcaption><\/figure>\n<figure id=\"attachment_3895\" aria-describedby=\"caption-attachment-3895\" style=\"width: 800px\" class=\"wp-caption aligncenter\"><img loading=\"lazy\" decoding=\"async\" class=\"size-full wp-image-3895\" src=\"http:\/\/qghome.vn\/wp-content\/uploads\/2022\/12\/phu-kien-cao-cap.jpg\" alt=\"Ph\u1ee5 ki\u1ec7n, ch\u00e2n \u0111\u1ebf \u0111i k\u00e8m cao c\u1ea5p\" width=\"800\" height=\"800\" srcset=\"https:\/\/luan.webrt.net\/qhome\/wp-content\/uploads\/2022\/12\/phu-kien-cao-cap.jpg 800w, https:\/\/luan.webrt.net\/qhome\/wp-content\/uploads\/2022\/12\/phu-kien-cao-cap-100x100.jpg 100w, https:\/\/luan.webrt.net\/qhome\/wp-content\/uploads\/2022\/12\/phu-kien-cao-cap-510x510.jpg 510w, https:\/\/luan.webrt.net\/qhome\/wp-content\/uploads\/2022\/12\/phu-kien-cao-cap-400x400.jpg 400w, https:\/\/luan.webrt.net\/qhome\/wp-content\/uploads\/2022\/12\/phu-kien-cao-cap-280x280.jpg 280w, https:\/\/luan.webrt.net\/qhome\/wp-content\/uploads\/2022\/12\/phu-kien-cao-cap-768x768.jpg 768w\" sizes=\"auto, (max-width: 800px) 100vw, 800px\" \/><figcaption id=\"caption-attachment-3895\" class=\"wp-caption-text\">Ph\u1ee5 ki\u1ec7n, ch\u00e2n \u0111\u1ebf \u0111i k\u00e8m cao c\u1ea5p<\/figcaption><\/figure>\n<figure id=\"attachment_3893\" aria-describedby=\"caption-attachment-3893\" style=\"width: 800px\" class=\"wp-caption aligncenter\"><img loading=\"lazy\" decoding=\"async\" class=\"size-full wp-image-3893\" src=\"http:\/\/qghome.vn\/wp-content\/uploads\/2022\/12\/ngan-keo-trang-bi-ray-bi-cao-cap.jpg\" alt=\"Ray ng\u0103n k\u00e9o l\u00e0m b\u1eb1ng th\u00e9p cao c\u1ea5p, cho th\u1eddi gian s\u1ef1 d\u1ee5ng l\u00e2u d\u00e0i v\u00e0 b\u1ec1n b\u1ec9\" width=\"800\" height=\"800\" srcset=\"https:\/\/luan.webrt.net\/qhome\/wp-content\/uploads\/2022\/12\/ngan-keo-trang-bi-ray-bi-cao-cap.jpg 800w, https:\/\/luan.webrt.net\/qhome\/wp-content\/uploads\/2022\/12\/ngan-keo-trang-bi-ray-bi-cao-cap-100x100.jpg 100w, https:\/\/luan.webrt.net\/qhome\/wp-content\/uploads\/2022\/12\/ngan-keo-trang-bi-ray-bi-cao-cap-510x510.jpg 510w, https:\/\/luan.webrt.net\/qhome\/wp-content\/uploads\/2022\/12\/ngan-keo-trang-bi-ray-bi-cao-cap-400x400.jpg 400w, https:\/\/luan.webrt.net\/qhome\/wp-content\/uploads\/2022\/12\/ngan-keo-trang-bi-ray-bi-cao-cap-280x280.jpg 280w, https:\/\/luan.webrt.net\/qhome\/wp-content\/uploads\/2022\/12\/ngan-keo-trang-bi-ray-bi-cao-cap-768x768.jpg 768w\" sizes=\"auto, (max-width: 800px) 100vw, 800px\" \/><figcaption id=\"caption-attachment-3893\" class=\"wp-caption-text\">Ray ng\u0103n k\u00e9o l\u00e0m b\u1eb1ng th\u00e9p cao c\u1ea5p, cho th\u1eddi gian s\u1ef1 d\u1ee5ng l\u00e2u d\u00e0i v\u00e0 b\u1ec1n b\u1ec9<\/figcaption><\/figure>\n<figure id=\"attachment_3891\" aria-describedby=\"caption-attachment-3891\" style=\"width: 800px\" class=\"wp-caption aligncenter\"><img loading=\"lazy\" decoding=\"async\" class=\"size-full wp-image-3891\" src=\"http:\/\/qghome.vn\/wp-content\/uploads\/2022\/12\/dung-do-tien-dung.jpg\" alt=\"\u0110\u1ef1ng \u0111\u1ed3 ti\u1ec7n l\u1ee3i trong c\u00e1c ng\u0103n k\u00e9o \u0111\u1ed3\" width=\"800\" height=\"800\" srcset=\"https:\/\/luan.webrt.net\/qhome\/wp-content\/uploads\/2022\/12\/dung-do-tien-dung.jpg 800w, https:\/\/luan.webrt.net\/qhome\/wp-content\/uploads\/2022\/12\/dung-do-tien-dung-100x100.jpg 100w, https:\/\/luan.webrt.net\/qhome\/wp-content\/uploads\/2022\/12\/dung-do-tien-dung-510x510.jpg 510w, https:\/\/luan.webrt.net\/qhome\/wp-content\/uploads\/2022\/12\/dung-do-tien-dung-400x400.jpg 400w, https:\/\/luan.webrt.net\/qhome\/wp-content\/uploads\/2022\/12\/dung-do-tien-dung-280x280.jpg 280w, https:\/\/luan.webrt.net\/qhome\/wp-content\/uploads\/2022\/12\/dung-do-tien-dung-768x768.jpg 768w\" sizes=\"auto, (max-width: 800px) 100vw, 800px\" \/><figcaption id=\"caption-attachment-3891\" class=\"wp-caption-text\">\u0110\u1ef1ng \u0111\u1ed3 ti\u1ec7n l\u1ee3i trong c\u00e1c ng\u0103n k\u00e9o \u0111\u1ed3<\/figcaption><\/figure>\n<div class=\"mceTemp\"><\/div>\n<p><em><strong>T\u01b0 v\u1ea5n mi\u1ec5n ph\u00ed g\u1ecdi ngay <span style=\"color: #ed1c24;\">Hotline: 0968875005<\/span><\/strong><\/em><\/p>\n<div class=\"host-bincmiainjofjnhchmcalkanjebghoen\" style=\"position: relative; z-index: 2147483647;\"><\/div>\n","protected":false},"excerpt":{"rendered":"<p>&nbsp;<\/p>\n<div class=\"host-bincmiainjofjnhchmcalkanjebghoen\" style=\"position: relative; z-index: 2147483647;\"><\/div>\n","protected":false},"featured_media":3902,"comment_status":"open","ping_status":"closed","template":"","meta":[],"product_cat":[231],"product_tag":[],"class_list":["post-3900","product","type-product","status-publish","has-post-thumbnail","hentry","product_cat-hoc-di-dong"],"yoast_head":"<!-- This site is optimized with the Yoast SEO plugin v19.9 - https:\/\/yoast.com\/wordpress\/plugins\/seo\/ -->\n<title>[S\u1ea3n ph\u1ea9m] H\u1ed9c di \u0111\u1ed9ng QTD07 - N\u1ed9i th\u1ea5t QGHome<\/title>\n<meta name=\"description\" content=\"S\u1ea3n ph\u1ea9m h\u1ed9c di \u0111\u1ed9ng QTD07 thu\u1ed9c chu\u1ed7i s\u1ea3n ph\u1ea9m n\u1ed9i th\u1ea5t th\u00f4ng minh. \u0110\u01b0\u1ee3c QGHome thi\u1ebft k\u1ebf, l\u1eafp r\u00e1p v\u00e0 giao h\u00e0ng. T\u01b0 v\u1ea5n g\u1ecdi ngay Hotline: 0968875005.\" \/>\n<meta name=\"robots\" content=\"index, follow, max-snippet:-1, max-image-preview:large, max-video-preview:-1\" \/>\n<link rel=\"canonical\" href=\"https:\/\/luan.webrt.net\/qhome\/san-pham\/hoc-di-dong-qtd07\/\" \/>\n<meta property=\"og:locale\" content=\"vi_VN\" \/>\n<meta property=\"og:type\" content=\"article\" \/>\n<meta property=\"og:title\" content=\"[S\u1ea3n ph\u1ea9m] H\u1ed9c di \u0111\u1ed9ng QTD07 - N\u1ed9i th\u1ea5t QGHome\" \/>\n<meta property=\"og:description\" content=\"S\u1ea3n ph\u1ea9m h\u1ed9c di \u0111\u1ed9ng QTD07 thu\u1ed9c chu\u1ed7i s\u1ea3n ph\u1ea9m n\u1ed9i th\u1ea5t th\u00f4ng minh. \u0110\u01b0\u1ee3c QGHome thi\u1ebft k\u1ebf, l\u1eafp r\u00e1p v\u00e0 giao h\u00e0ng. T\u01b0 v\u1ea5n g\u1ecdi ngay Hotline: 0968875005.\" \/>\n<meta property=\"og:url\" content=\"https:\/\/luan.webrt.net\/qhome\/san-pham\/hoc-di-dong-qtd07\/\" \/>\n<meta property=\"og:site_name\" content=\"M\u1eabu web n\u1ed9i th\u1ea5t\" \/>\n<meta property=\"article:publisher\" content=\"https:\/\/www.facebook.com\/noithatqghome\" \/>\n<meta property=\"article:modified_time\" content=\"2025-12-19T04:58:19+00:00\" \/>\n<meta property=\"og:image\" content=\"https:\/\/luan.webrt.net\/qhome\/wp-content\/uploads\/2022\/12\/truc-dien-tu-phu-di-dong-TP200.jpg\" \/>\n\t<meta property=\"og:image:width\" content=\"800\" \/>\n\t<meta property=\"og:image:height\" content=\"800\" \/>\n\t<meta property=\"og:image:type\" content=\"image\/jpeg\" \/>\n<meta name=\"twitter:card\" content=\"summary_large_image\" \/>\n<meta name=\"twitter:label1\" content=\"\u01af\u1edbc t\u00ednh th\u1eddi gian \u0111\u1ecdc\" \/>\n\t<meta name=\"twitter:data1\" content=\"3 ph\u00fat\" \/>\n<script type=\"application\/ld+json\" class=\"yoast-schema-graph\">{\"@context\":\"https:\/\/schema.org\",\"@graph\":[{\"@type\":\"WebPage\",\"@id\":\"https:\/\/luan.webrt.net\/qhome\/san-pham\/hoc-di-dong-qtd07\/\",\"url\":\"https:\/\/luan.webrt.net\/qhome\/san-pham\/hoc-di-dong-qtd07\/\",\"name\":\"[S\u1ea3n ph\u1ea9m] H\u1ed9c di \u0111\u1ed9ng QTD07 - N\u1ed9i th\u1ea5t QGHome\",\"isPartOf\":{\"@id\":\"https:\/\/luan.webrt.net\/qhome\/#website\"},\"datePublished\":\"2022-12-06T03:42:28+00:00\",\"dateModified\":\"2025-12-19T04:58:19+00:00\",\"description\":\"S\u1ea3n ph\u1ea9m h\u1ed9c di \u0111\u1ed9ng QTD07 thu\u1ed9c chu\u1ed7i s\u1ea3n ph\u1ea9m n\u1ed9i th\u1ea5t th\u00f4ng minh. \u0110\u01b0\u1ee3c QGHome thi\u1ebft k\u1ebf, l\u1eafp r\u00e1p v\u00e0 giao h\u00e0ng. T\u01b0 v\u1ea5n g\u1ecdi ngay Hotline: 0968875005.\",\"breadcrumb\":{\"@id\":\"https:\/\/luan.webrt.net\/qhome\/san-pham\/hoc-di-dong-qtd07\/#breadcrumb\"},\"inLanguage\":\"vi\",\"potentialAction\":[{\"@type\":\"ReadAction\",\"target\":[\"https:\/\/luan.webrt.net\/qhome\/san-pham\/hoc-di-dong-qtd07\/\"]}]},{\"@type\":\"BreadcrumbList\",\"@id\":\"https:\/\/luan.webrt.net\/qhome\/san-pham\/hoc-di-dong-qtd07\/#breadcrumb\",\"itemListElement\":[{\"@type\":\"ListItem\",\"position\":1,\"name\":\"Trang ch\u1ee7\",\"item\":\"https:\/\/luan.webrt.net\/qhome\/\"},{\"@type\":\"ListItem\",\"position\":2,\"name\":\"Shop\",\"item\":\"https:\/\/luan.webrt.net\/qhome\/shop\/\"},{\"@type\":\"ListItem\",\"position\":3,\"name\":\"H\u1ed9c di \u0111\u1ed9ng QTD07\"}]},{\"@type\":\"WebSite\",\"@id\":\"https:\/\/luan.webrt.net\/qhome\/#website\",\"url\":\"https:\/\/luan.webrt.net\/qhome\/\",\"name\":\"M\u1eabu web n\u1ed9i th\u1ea5t\",\"description\":\"QGHome Vi\u1ec7t Nam\",\"publisher\":{\"@id\":\"https:\/\/luan.webrt.net\/qhome\/#organization\"},\"potentialAction\":[{\"@type\":\"SearchAction\",\"target\":{\"@type\":\"EntryPoint\",\"urlTemplate\":\"https:\/\/luan.webrt.net\/qhome\/?s={search_term_string}\"},\"query-input\":\"required name=search_term_string\"}],\"inLanguage\":\"vi\"},{\"@type\":\"Organization\",\"@id\":\"https:\/\/luan.webrt.net\/qhome\/#organization\",\"name\":\"QGHome\",\"url\":\"https:\/\/luan.webrt.net\/qhome\/\",\"logo\":{\"@type\":\"ImageObject\",\"inLanguage\":\"vi\",\"@id\":\"https:\/\/luan.webrt.net\/qhome\/#\/schema\/logo\/image\/\",\"url\":\"https:\/\/qghome.vn\/wp-content\/uploads\/2025\/08\/logo-mau-MauTH-21.png\",\"contentUrl\":\"https:\/\/qghome.vn\/wp-content\/uploads\/2025\/08\/logo-mau-MauTH-21.png\",\"width\":253,\"height\":99,\"caption\":\"QGHome\"},\"image\":{\"@id\":\"https:\/\/luan.webrt.net\/qhome\/#\/schema\/logo\/image\/\"},\"sameAs\":[\"https:\/\/www.tiktok.com\/@qghome.official\",\"https:\/\/www.youtube.com\/channel\/UCeVBuKTXkv-u94DS421cklw\",\"https:\/\/www.facebook.com\/noithatqghome\"]}]}<\/script>\n<!-- \/ Yoast SEO plugin. -->","yoast_head_json":{"title":"[S\u1ea3n ph\u1ea9m] H\u1ed9c di \u0111\u1ed9ng QTD07 - N\u1ed9i th\u1ea5t QGHome","description":"S\u1ea3n ph\u1ea9m h\u1ed9c di \u0111\u1ed9ng QTD07 thu\u1ed9c chu\u1ed7i s\u1ea3n ph\u1ea9m n\u1ed9i th\u1ea5t th\u00f4ng minh. \u0110\u01b0\u1ee3c QGHome thi\u1ebft k\u1ebf, l\u1eafp r\u00e1p v\u00e0 giao h\u00e0ng. T\u01b0 v\u1ea5n g\u1ecdi ngay Hotline: 0968875005.","robots":{"index":"index","follow":"follow","max-snippet":"max-snippet:-1","max-image-preview":"max-image-preview:large","max-video-preview":"max-video-preview:-1"},"canonical":"https:\/\/luan.webrt.net\/qhome\/san-pham\/hoc-di-dong-qtd07\/","og_locale":"vi_VN","og_type":"article","og_title":"[S\u1ea3n ph\u1ea9m] H\u1ed9c di \u0111\u1ed9ng QTD07 - N\u1ed9i th\u1ea5t QGHome","og_description":"S\u1ea3n ph\u1ea9m h\u1ed9c di \u0111\u1ed9ng QTD07 thu\u1ed9c chu\u1ed7i s\u1ea3n ph\u1ea9m n\u1ed9i th\u1ea5t th\u00f4ng minh. \u0110\u01b0\u1ee3c QGHome thi\u1ebft k\u1ebf, l\u1eafp r\u00e1p v\u00e0 giao h\u00e0ng. T\u01b0 v\u1ea5n g\u1ecdi ngay Hotline: 0968875005.","og_url":"https:\/\/luan.webrt.net\/qhome\/san-pham\/hoc-di-dong-qtd07\/","og_site_name":"M\u1eabu web n\u1ed9i th\u1ea5t","article_publisher":"https:\/\/www.facebook.com\/noithatqghome","article_modified_time":"2025-12-19T04:58:19+00:00","og_image":[{"width":800,"height":800,"url":"https:\/\/luan.webrt.net\/qhome\/wp-content\/uploads\/2022\/12\/truc-dien-tu-phu-di-dong-TP200.jpg","type":"image\/jpeg"}],"twitter_card":"summary_large_image","twitter_misc":{"\u01af\u1edbc t\u00ednh th\u1eddi gian \u0111\u1ecdc":"3 ph\u00fat"},"schema":{"@context":"https:\/\/schema.org","@graph":[{"@type":"WebPage","@id":"https:\/\/luan.webrt.net\/qhome\/san-pham\/hoc-di-dong-qtd07\/","url":"https:\/\/luan.webrt.net\/qhome\/san-pham\/hoc-di-dong-qtd07\/","name":"[S\u1ea3n ph\u1ea9m] H\u1ed9c di \u0111\u1ed9ng QTD07 - N\u1ed9i th\u1ea5t QGHome","isPartOf":{"@id":"https:\/\/luan.webrt.net\/qhome\/#website"},"datePublished":"2022-12-06T03:42:28+00:00","dateModified":"2025-12-19T04:58:19+00:00","description":"S\u1ea3n ph\u1ea9m h\u1ed9c di \u0111\u1ed9ng QTD07 thu\u1ed9c chu\u1ed7i s\u1ea3n ph\u1ea9m n\u1ed9i th\u1ea5t th\u00f4ng minh. \u0110\u01b0\u1ee3c QGHome thi\u1ebft k\u1ebf, l\u1eafp r\u00e1p v\u00e0 giao h\u00e0ng. T\u01b0 v\u1ea5n g\u1ecdi ngay Hotline: 0968875005.","breadcrumb":{"@id":"https:\/\/luan.webrt.net\/qhome\/san-pham\/hoc-di-dong-qtd07\/#breadcrumb"},"inLanguage":"vi","potentialAction":[{"@type":"ReadAction","target":["https:\/\/luan.webrt.net\/qhome\/san-pham\/hoc-di-dong-qtd07\/"]}]},{"@type":"BreadcrumbList","@id":"https:\/\/luan.webrt.net\/qhome\/san-pham\/hoc-di-dong-qtd07\/#breadcrumb","itemListElement":[{"@type":"ListItem","position":1,"name":"Trang ch\u1ee7","item":"https:\/\/luan.webrt.net\/qhome\/"},{"@type":"ListItem","position":2,"name":"Shop","item":"https:\/\/luan.webrt.net\/qhome\/shop\/"},{"@type":"ListItem","position":3,"name":"H\u1ed9c di \u0111\u1ed9ng QTD07"}]},{"@type":"WebSite","@id":"https:\/\/luan.webrt.net\/qhome\/#website","url":"https:\/\/luan.webrt.net\/qhome\/","name":"M\u1eabu web n\u1ed9i th\u1ea5t","description":"QGHome Vi\u1ec7t Nam","publisher":{"@id":"https:\/\/luan.webrt.net\/qhome\/#organization"},"potentialAction":[{"@type":"SearchAction","target":{"@type":"EntryPoint","urlTemplate":"https:\/\/luan.webrt.net\/qhome\/?s={search_term_string}"},"query-input":"required name=search_term_string"}],"inLanguage":"vi"},{"@type":"Organization","@id":"https:\/\/luan.webrt.net\/qhome\/#organization","name":"QGHome","url":"https:\/\/luan.webrt.net\/qhome\/","logo":{"@type":"ImageObject","inLanguage":"vi","@id":"https:\/\/luan.webrt.net\/qhome\/#\/schema\/logo\/image\/","url":"https:\/\/qghome.vn\/wp-content\/uploads\/2025\/08\/logo-mau-MauTH-21.png","contentUrl":"https:\/\/qghome.vn\/wp-content\/uploads\/2025\/08\/logo-mau-MauTH-21.png","width":253,"height":99,"caption":"QGHome"},"image":{"@id":"https:\/\/luan.webrt.net\/qhome\/#\/schema\/logo\/image\/"},"sameAs":["https:\/\/www.tiktok.com\/@qghome.official","https:\/\/www.youtube.com\/channel\/UCeVBuKTXkv-u94DS421cklw","https:\/\/www.facebook.com\/noithatqghome"]}]}},"_links":{"self":[{"href":"https:\/\/luan.webrt.net\/qhome\/wp-json\/wp\/v2\/product\/3900","targetHints":{"allow":["GET"]}}],"collection":[{"href":"https:\/\/luan.webrt.net\/qhome\/wp-json\/wp\/v2\/product"}],"about":[{"href":"https:\/\/luan.webrt.net\/qhome\/wp-json\/wp\/v2\/types\/product"}],"replies":[{"embeddable":true,"href":"https:\/\/luan.webrt.net\/qhome\/wp-json\/wp\/v2\/comments?post=3900"}],"wp:featuredmedia":[{"embeddable":true,"href":"https:\/\/luan.webrt.net\/qhome\/wp-json\/wp\/v2\/media\/3902"}],"wp:attachment":[{"href":"https:\/\/luan.webrt.net\/qhome\/wp-json\/wp\/v2\/media?parent=3900"}],"wp:term":[{"taxonomy":"product_cat","embeddable":true,"href":"https:\/\/luan.webrt.net\/qhome\/wp-json\/wp\/v2\/product_cat?post=3900"},{"taxonomy":"product_tag","embeddable":true,"href":"https:\/\/luan.webrt.net\/qhome\/wp-json\/wp\/v2\/product_tag?post=3900"}],"curies":[{"name":"wp","href":"https:\/\/api.w.org\/{rel}","templated":true}]}}