{"id":3246,"date":"2022-11-18T04:15:11","date_gmt":"2022-11-18T04:15:11","guid":{"rendered":"https:\/\/qghome.vn\/?post_type=product&#038;p=3246"},"modified":"2025-12-19T05:00:15","modified_gmt":"2025-12-19T05:00:15","slug":"ghe-giam-doc-qgd03","status":"publish","type":"product","link":"https:\/\/luan.webrt.net\/qhome\/san-pham\/ghe-giam-doc-qgd03\/","title":{"rendered":"Gh\u1ebf gi\u00e1m \u0111\u1ed1c QG\u011003"},"content":{"rendered":"<h2><strong>Chi ti\u1ebft v\u1ec1 gh\u1ebf gi\u00e1m \u0111\u1ed1c QG\u011003<\/strong><\/h2>\n<p><span class=\"s1\">T\u00ednh n\u0103ng \u0111\u1eb7c bi\u1ec7t c\u1ee7a s\u1ea3n ph\u1ea9m:<\/span><\/p>\n<ul>\n<li>\u0110i\u1ec1u ch\u1ec9nh chi\u1ec1u cao gh\u1ebf 1090mm \u2013 1290mm<\/li>\n<li>\u0110\u1ec7m \u0111\u1ee1 h\u00f5m l\u01b0ng ph\u00f9 h\u1ee3p c\u01a1 th\u1ec3 -&gt; ch\u1ed1ng \u0111au m\u1ecfi l\u01b0ng<\/li>\n<li>T\u1ef1a \u0111\u1ee1 tay ph\u00f9 h\u1ee3p chi\u1ec1u d\u00e0i c\u00e1nh tay v\u00e0 t\u01b0 th\u1ebf l\u00e0m vi\u1ec7c -&gt; ch\u1ed1ng c\u0103ng m\u1ecfi c\u01a1 vai \u2013 tay<\/li>\n<li>T\u1ef1a \u0111\u1ee1 c\u1ed5 ph\u00f9 h\u1ee3p c\u01a1 th\u1ec3 -&gt; ch\u1ed3ng \u0111au m\u1ecfi vai g\u00e1y c\u1ed5<\/li>\n<li>Da b\u00f2 t\u1ef1 nhi\u00ean Italy b\u1ec1n \u0111\u1eb9p k\u1ebft h\u1ee3p v\u1edbi \u0111\u1ec7m m\u00fat nguy\u00ean kh\u1ed1i cao c\u1ea5p -&gt; C\u1ea3m gi\u00e1c ng\u1ed3i \u00eam \u00e1i v\u00e0 tho\u1ea3i m\u00e1i<\/li>\n<li>Chu\u1ea9n t\u1ed1t cho s\u1ee9c kh\u1ecfe ng\u01b0\u1eddi ti\u00eau d\u00f9ng -&gt; \u0111\u01b0\u1ee3c c\u00e1c chuy\u00ean gia v\u1ec1 Chiropratic v\u00e0 c\u00e1c Physiotherapist h\u00e0ng \u0111\u1ea7u khuy\u00ean d\u00f9ng<\/li>\n<li>Khung cha\u0302n h\u01a1\u0323p kim nho\u0302m \u0111u\u0301c<\/li>\n<\/ul>\n<div class=\"mceTemp\">\u00a0<\/div>\n<figure id=\"attachment_3256\" aria-describedby=\"caption-attachment-3256\" style=\"width: 800px\" class=\"wp-caption aligncenter\"><img loading=\"lazy\" decoding=\"async\" class=\"size-full wp-image-3256\" src=\"http:\/\/qghome.vn\/wp-content\/uploads\/2022\/11\/thiet-ke-hien-dai.jpg\" alt=\"Thi\u1ebft k\u1ebf hi\u1ec7n \u0111\u1ea1i gh\u1ebf gi\u00e1m \u0111\u1ed1c GGD111\" width=\"800\" height=\"800\" srcset=\"https:\/\/luan.webrt.net\/qhome\/wp-content\/uploads\/2022\/11\/thiet-ke-hien-dai.jpg 800w, https:\/\/luan.webrt.net\/qhome\/wp-content\/uploads\/2022\/11\/thiet-ke-hien-dai-100x100.jpg 100w, https:\/\/luan.webrt.net\/qhome\/wp-content\/uploads\/2022\/11\/thiet-ke-hien-dai-510x510.jpg 510w, https:\/\/luan.webrt.net\/qhome\/wp-content\/uploads\/2022\/11\/thiet-ke-hien-dai-400x400.jpg 400w, https:\/\/luan.webrt.net\/qhome\/wp-content\/uploads\/2022\/11\/thiet-ke-hien-dai-280x280.jpg 280w, https:\/\/luan.webrt.net\/qhome\/wp-content\/uploads\/2022\/11\/thiet-ke-hien-dai-768x768.jpg 768w\" sizes=\"auto, (max-width: 800px) 100vw, 800px\" \/><figcaption id=\"caption-attachment-3256\" class=\"wp-caption-text\">Thi\u1ebft k\u1ebf hi\u1ec7n \u0111\u1ea1i gh\u1ebf gi\u00e1m \u0111\u1ed1c GGD111<\/figcaption><\/figure>\n<figure id=\"attachment_3251\" aria-describedby=\"caption-attachment-3251\" style=\"width: 800px\" class=\"wp-caption aligncenter\"><img loading=\"lazy\" decoding=\"async\" class=\"size-full wp-image-3251\" src=\"http:\/\/qghome.vn\/wp-content\/uploads\/2022\/11\/da-ghe.jpg\" alt=\"Da gh\u1ebf cao c\u1ea5p\" width=\"800\" height=\"800\" srcset=\"https:\/\/luan.webrt.net\/qhome\/wp-content\/uploads\/2022\/11\/da-ghe.jpg 800w, https:\/\/luan.webrt.net\/qhome\/wp-content\/uploads\/2022\/11\/da-ghe-100x100.jpg 100w, https:\/\/luan.webrt.net\/qhome\/wp-content\/uploads\/2022\/11\/da-ghe-510x510.jpg 510w, https:\/\/luan.webrt.net\/qhome\/wp-content\/uploads\/2022\/11\/da-ghe-400x400.jpg 400w, https:\/\/luan.webrt.net\/qhome\/wp-content\/uploads\/2022\/11\/da-ghe-280x280.jpg 280w, https:\/\/luan.webrt.net\/qhome\/wp-content\/uploads\/2022\/11\/da-ghe-768x768.jpg 768w\" sizes=\"auto, (max-width: 800px) 100vw, 800px\" \/><figcaption id=\"caption-attachment-3251\" class=\"wp-caption-text\">Da gh\u1ebf cao c\u1ea5p<\/figcaption><\/figure>\n<figure id=\"attachment_3250\" aria-describedby=\"caption-attachment-3250\" style=\"width: 800px\" class=\"wp-caption aligncenter\"><img loading=\"lazy\" decoding=\"async\" class=\"size-full wp-image-3250\" src=\"http:\/\/qghome.vn\/wp-content\/uploads\/2022\/11\/chat-lieu-da-bo-tu-nhien.jpg\" alt=\"Da gh\u1ebf t\u1ef1 nhi\u00ean\" width=\"800\" height=\"800\" srcset=\"https:\/\/luan.webrt.net\/qhome\/wp-content\/uploads\/2022\/11\/chat-lieu-da-bo-tu-nhien.jpg 800w, https:\/\/luan.webrt.net\/qhome\/wp-content\/uploads\/2022\/11\/chat-lieu-da-bo-tu-nhien-100x100.jpg 100w, https:\/\/luan.webrt.net\/qhome\/wp-content\/uploads\/2022\/11\/chat-lieu-da-bo-tu-nhien-510x510.jpg 510w, https:\/\/luan.webrt.net\/qhome\/wp-content\/uploads\/2022\/11\/chat-lieu-da-bo-tu-nhien-400x400.jpg 400w, https:\/\/luan.webrt.net\/qhome\/wp-content\/uploads\/2022\/11\/chat-lieu-da-bo-tu-nhien-280x280.jpg 280w, https:\/\/luan.webrt.net\/qhome\/wp-content\/uploads\/2022\/11\/chat-lieu-da-bo-tu-nhien-768x768.jpg 768w\" sizes=\"auto, (max-width: 800px) 100vw, 800px\" \/><figcaption id=\"caption-attachment-3250\" class=\"wp-caption-text\">Da gh\u1ebf t\u1ef1 nhi\u00ean<\/figcaption><\/figure>\n<figure id=\"attachment_3249\" aria-describedby=\"caption-attachment-3249\" style=\"width: 800px\" class=\"wp-caption aligncenter\"><img loading=\"lazy\" decoding=\"async\" class=\"size-full wp-image-3249\" src=\"http:\/\/qghome.vn\/wp-content\/uploads\/2022\/11\/cac-vi-tri-kim-loai-cao-cap.jpg\" alt=\"C\u00e1c v\u1ecb tri kim lo\u1ea1i ch\u1ea5t l\u01b0\u1ee3ng cao\" width=\"800\" height=\"800\" srcset=\"https:\/\/luan.webrt.net\/qhome\/wp-content\/uploads\/2022\/11\/cac-vi-tri-kim-loai-cao-cap.jpg 800w, https:\/\/luan.webrt.net\/qhome\/wp-content\/uploads\/2022\/11\/cac-vi-tri-kim-loai-cao-cap-100x100.jpg 100w, https:\/\/luan.webrt.net\/qhome\/wp-content\/uploads\/2022\/11\/cac-vi-tri-kim-loai-cao-cap-510x510.jpg 510w, https:\/\/luan.webrt.net\/qhome\/wp-content\/uploads\/2022\/11\/cac-vi-tri-kim-loai-cao-cap-400x400.jpg 400w, https:\/\/luan.webrt.net\/qhome\/wp-content\/uploads\/2022\/11\/cac-vi-tri-kim-loai-cao-cap-280x280.jpg 280w, https:\/\/luan.webrt.net\/qhome\/wp-content\/uploads\/2022\/11\/cac-vi-tri-kim-loai-cao-cap-768x768.jpg 768w\" sizes=\"auto, (max-width: 800px) 100vw, 800px\" \/><figcaption id=\"caption-attachment-3249\" class=\"wp-caption-text\">C\u00e1c v\u1ecb tri kim lo\u1ea1i ch\u1ea5t l\u01b0\u1ee3ng cao<\/figcaption><\/figure>\n<div class=\"mceTemp\">\u00a0<\/div>\n<div class=\"mceTemp\">\u00a0<\/div>\n<p><em><strong>T\u01b0 v\u1ea5n mi\u1ec5n ph\u00ed g\u1ecdi ngay <span style=\"color: #ed1c24;\">Hotline: 0983 368 623<\/span><\/strong><\/em><\/p>\n","protected":false},"excerpt":{"rendered":"<p>Chi ti\u1ebft v\u1ec1 gh\u1ebf gi\u00e1m \u0111\u1ed1c QG\u011003 T\u00ednh n\u0103ng \u0111\u1eb7c bi\u1ec7t c\u1ee7a s\u1ea3n ph\u1ea9m: \u0110i\u1ec1u ch\u1ec9nh chi\u1ec1u cao gh\u1ebf 1090mm \u2013 1290mm \u0110\u1ec7m \u0111\u1ee1 h\u00f5m l\u01b0ng ph\u00f9 h\u1ee3p c\u01a1 th\u1ec3 -&gt; ch\u1ed1ng \u0111au m\u1ecfi l\u01b0ng T\u1ef1a \u0111\u1ee1 tay ph\u00f9 h\u1ee3p chi\u1ec1u d\u00e0i c\u00e1nh tay v\u00e0 t\u01b0 th\u1ebf l\u00e0m vi\u1ec7c -&gt; ch\u1ed1ng c\u0103ng m\u1ecfi c\u01a1 vai&#8230;<\/p>\n","protected":false},"featured_media":10812,"comment_status":"open","ping_status":"closed","template":"","meta":[],"product_cat":[218],"product_tag":[],"class_list":["post-3246","product","type-product","status-publish","has-post-thumbnail","hentry","product_cat-ghe-giam-doc"],"yoast_head":"<!-- This site is optimized with the Yoast SEO plugin v19.9 - https:\/\/yoast.com\/wordpress\/plugins\/seo\/ -->\n<title>[S\u1ea3n ph\u1ea9m] Gh\u1ebf gi\u00e1m \u0111\u1ed1c QG\u011003 - N\u1ed9i th\u1ea5t QGHome<\/title>\n<meta name=\"description\" content=\"S\u1ea3n ph\u1ea9m gh\u1ebf gi\u00e1m \u0111\u1ed1c QG\u011003 thu\u1ed9c chu\u1ed7i s\u1ea3n ph\u1ea9m b\u00e0n gi\u00e1m \u0111\u1ed1c cao c\u1ea5p. \u0110\u01b0\u1ee3c QGHome thi\u1ebft k\u1ebf, l\u1eafp r\u00e1p v\u00e0 giao h\u00e0ng. T\u01b0 v\u1ea5n g\u1ecdi ngay Hotline: 0968875005.\" \/>\n<meta name=\"robots\" content=\"index, follow, max-snippet:-1, max-image-preview:large, max-video-preview:-1\" \/>\n<link rel=\"canonical\" href=\"https:\/\/luan.webrt.net\/qhome\/san-pham\/ghe-giam-doc-qgd03\/\" \/>\n<meta property=\"og:locale\" content=\"vi_VN\" \/>\n<meta property=\"og:type\" content=\"article\" \/>\n<meta property=\"og:title\" content=\"[S\u1ea3n ph\u1ea9m] Gh\u1ebf gi\u00e1m \u0111\u1ed1c QG\u011003 - N\u1ed9i th\u1ea5t QGHome\" \/>\n<meta property=\"og:description\" content=\"S\u1ea3n ph\u1ea9m gh\u1ebf gi\u00e1m \u0111\u1ed1c QG\u011003 thu\u1ed9c chu\u1ed7i s\u1ea3n ph\u1ea9m b\u00e0n gi\u00e1m \u0111\u1ed1c cao c\u1ea5p. \u0110\u01b0\u1ee3c QGHome thi\u1ebft k\u1ebf, l\u1eafp r\u00e1p v\u00e0 giao h\u00e0ng. T\u01b0 v\u1ea5n g\u1ecdi ngay Hotline: 0968875005.\" \/>\n<meta property=\"og:url\" content=\"https:\/\/luan.webrt.net\/qhome\/san-pham\/ghe-giam-doc-qgd03\/\" \/>\n<meta property=\"og:site_name\" content=\"M\u1eabu web n\u1ed9i th\u1ea5t\" \/>\n<meta property=\"article:publisher\" content=\"https:\/\/www.facebook.com\/noithatqghome\" \/>\n<meta property=\"article:modified_time\" content=\"2025-12-19T05:00:15+00:00\" \/>\n<meta property=\"og:image\" content=\"https:\/\/luan.webrt.net\/qhome\/wp-content\/uploads\/2022\/11\/Ghe-giam-doc-QGD03-1.png\" \/>\n\t<meta property=\"og:image:width\" content=\"1080\" \/>\n\t<meta property=\"og:image:height\" content=\"1080\" \/>\n\t<meta property=\"og:image:type\" content=\"image\/png\" \/>\n<meta name=\"twitter:card\" content=\"summary_large_image\" \/>\n<meta name=\"twitter:label1\" content=\"\u01af\u1edbc t\u00ednh th\u1eddi gian \u0111\u1ecdc\" \/>\n\t<meta name=\"twitter:data1\" content=\"2 ph\u00fat\" \/>\n<script type=\"application\/ld+json\" class=\"yoast-schema-graph\">{\"@context\":\"https:\/\/schema.org\",\"@graph\":[{\"@type\":\"WebPage\",\"@id\":\"https:\/\/luan.webrt.net\/qhome\/san-pham\/ghe-giam-doc-qgd03\/\",\"url\":\"https:\/\/luan.webrt.net\/qhome\/san-pham\/ghe-giam-doc-qgd03\/\",\"name\":\"[S\u1ea3n ph\u1ea9m] Gh\u1ebf gi\u00e1m \u0111\u1ed1c QG\u011003 - N\u1ed9i th\u1ea5t QGHome\",\"isPartOf\":{\"@id\":\"https:\/\/luan.webrt.net\/qhome\/#website\"},\"datePublished\":\"2022-11-18T04:15:11+00:00\",\"dateModified\":\"2025-12-19T05:00:15+00:00\",\"description\":\"S\u1ea3n ph\u1ea9m gh\u1ebf gi\u00e1m \u0111\u1ed1c QG\u011003 thu\u1ed9c chu\u1ed7i s\u1ea3n ph\u1ea9m b\u00e0n gi\u00e1m \u0111\u1ed1c cao c\u1ea5p. \u0110\u01b0\u1ee3c QGHome thi\u1ebft k\u1ebf, l\u1eafp r\u00e1p v\u00e0 giao h\u00e0ng. T\u01b0 v\u1ea5n g\u1ecdi ngay Hotline: 0968875005.\",\"breadcrumb\":{\"@id\":\"https:\/\/luan.webrt.net\/qhome\/san-pham\/ghe-giam-doc-qgd03\/#breadcrumb\"},\"inLanguage\":\"vi\",\"potentialAction\":[{\"@type\":\"ReadAction\",\"target\":[\"https:\/\/luan.webrt.net\/qhome\/san-pham\/ghe-giam-doc-qgd03\/\"]}]},{\"@type\":\"BreadcrumbList\",\"@id\":\"https:\/\/luan.webrt.net\/qhome\/san-pham\/ghe-giam-doc-qgd03\/#breadcrumb\",\"itemListElement\":[{\"@type\":\"ListItem\",\"position\":1,\"name\":\"Trang ch\u1ee7\",\"item\":\"https:\/\/luan.webrt.net\/qhome\/\"},{\"@type\":\"ListItem\",\"position\":2,\"name\":\"Shop\",\"item\":\"https:\/\/luan.webrt.net\/qhome\/shop\/\"},{\"@type\":\"ListItem\",\"position\":3,\"name\":\"Gh\u1ebf gi\u00e1m \u0111\u1ed1c QG\u011003\"}]},{\"@type\":\"WebSite\",\"@id\":\"https:\/\/luan.webrt.net\/qhome\/#website\",\"url\":\"https:\/\/luan.webrt.net\/qhome\/\",\"name\":\"M\u1eabu web n\u1ed9i th\u1ea5t\",\"description\":\"QGHome Vi\u1ec7t Nam\",\"publisher\":{\"@id\":\"https:\/\/luan.webrt.net\/qhome\/#organization\"},\"potentialAction\":[{\"@type\":\"SearchAction\",\"target\":{\"@type\":\"EntryPoint\",\"urlTemplate\":\"https:\/\/luan.webrt.net\/qhome\/?s={search_term_string}\"},\"query-input\":\"required name=search_term_string\"}],\"inLanguage\":\"vi\"},{\"@type\":\"Organization\",\"@id\":\"https:\/\/luan.webrt.net\/qhome\/#organization\",\"name\":\"QGHome\",\"url\":\"https:\/\/luan.webrt.net\/qhome\/\",\"logo\":{\"@type\":\"ImageObject\",\"inLanguage\":\"vi\",\"@id\":\"https:\/\/luan.webrt.net\/qhome\/#\/schema\/logo\/image\/\",\"url\":\"https:\/\/qghome.vn\/wp-content\/uploads\/2025\/08\/logo-mau-MauTH-21.png\",\"contentUrl\":\"https:\/\/qghome.vn\/wp-content\/uploads\/2025\/08\/logo-mau-MauTH-21.png\",\"width\":253,\"height\":99,\"caption\":\"QGHome\"},\"image\":{\"@id\":\"https:\/\/luan.webrt.net\/qhome\/#\/schema\/logo\/image\/\"},\"sameAs\":[\"https:\/\/www.tiktok.com\/@qghome.official\",\"https:\/\/www.youtube.com\/channel\/UCeVBuKTXkv-u94DS421cklw\",\"https:\/\/www.facebook.com\/noithatqghome\"]}]}<\/script>\n<!-- \/ Yoast SEO plugin. -->","yoast_head_json":{"title":"[S\u1ea3n ph\u1ea9m] Gh\u1ebf gi\u00e1m \u0111\u1ed1c QG\u011003 - N\u1ed9i th\u1ea5t QGHome","description":"S\u1ea3n ph\u1ea9m gh\u1ebf gi\u00e1m \u0111\u1ed1c QG\u011003 thu\u1ed9c chu\u1ed7i s\u1ea3n ph\u1ea9m b\u00e0n gi\u00e1m \u0111\u1ed1c cao c\u1ea5p. \u0110\u01b0\u1ee3c QGHome thi\u1ebft k\u1ebf, l\u1eafp r\u00e1p v\u00e0 giao h\u00e0ng. T\u01b0 v\u1ea5n g\u1ecdi ngay Hotline: 0968875005.","robots":{"index":"index","follow":"follow","max-snippet":"max-snippet:-1","max-image-preview":"max-image-preview:large","max-video-preview":"max-video-preview:-1"},"canonical":"https:\/\/luan.webrt.net\/qhome\/san-pham\/ghe-giam-doc-qgd03\/","og_locale":"vi_VN","og_type":"article","og_title":"[S\u1ea3n ph\u1ea9m] Gh\u1ebf gi\u00e1m \u0111\u1ed1c QG\u011003 - N\u1ed9i th\u1ea5t QGHome","og_description":"S\u1ea3n ph\u1ea9m gh\u1ebf gi\u00e1m \u0111\u1ed1c QG\u011003 thu\u1ed9c chu\u1ed7i s\u1ea3n ph\u1ea9m b\u00e0n gi\u00e1m \u0111\u1ed1c cao c\u1ea5p. \u0110\u01b0\u1ee3c QGHome thi\u1ebft k\u1ebf, l\u1eafp r\u00e1p v\u00e0 giao h\u00e0ng. T\u01b0 v\u1ea5n g\u1ecdi ngay Hotline: 0968875005.","og_url":"https:\/\/luan.webrt.net\/qhome\/san-pham\/ghe-giam-doc-qgd03\/","og_site_name":"M\u1eabu web n\u1ed9i th\u1ea5t","article_publisher":"https:\/\/www.facebook.com\/noithatqghome","article_modified_time":"2025-12-19T05:00:15+00:00","og_image":[{"width":1080,"height":1080,"url":"https:\/\/luan.webrt.net\/qhome\/wp-content\/uploads\/2022\/11\/Ghe-giam-doc-QGD03-1.png","type":"image\/png"}],"twitter_card":"summary_large_image","twitter_misc":{"\u01af\u1edbc t\u00ednh th\u1eddi gian \u0111\u1ecdc":"2 ph\u00fat"},"schema":{"@context":"https:\/\/schema.org","@graph":[{"@type":"WebPage","@id":"https:\/\/luan.webrt.net\/qhome\/san-pham\/ghe-giam-doc-qgd03\/","url":"https:\/\/luan.webrt.net\/qhome\/san-pham\/ghe-giam-doc-qgd03\/","name":"[S\u1ea3n ph\u1ea9m] Gh\u1ebf gi\u00e1m \u0111\u1ed1c QG\u011003 - N\u1ed9i th\u1ea5t QGHome","isPartOf":{"@id":"https:\/\/luan.webrt.net\/qhome\/#website"},"datePublished":"2022-11-18T04:15:11+00:00","dateModified":"2025-12-19T05:00:15+00:00","description":"S\u1ea3n ph\u1ea9m gh\u1ebf gi\u00e1m \u0111\u1ed1c QG\u011003 thu\u1ed9c chu\u1ed7i s\u1ea3n ph\u1ea9m b\u00e0n gi\u00e1m \u0111\u1ed1c cao c\u1ea5p. \u0110\u01b0\u1ee3c QGHome thi\u1ebft k\u1ebf, l\u1eafp r\u00e1p v\u00e0 giao h\u00e0ng. T\u01b0 v\u1ea5n g\u1ecdi ngay Hotline: 0968875005.","breadcrumb":{"@id":"https:\/\/luan.webrt.net\/qhome\/san-pham\/ghe-giam-doc-qgd03\/#breadcrumb"},"inLanguage":"vi","potentialAction":[{"@type":"ReadAction","target":["https:\/\/luan.webrt.net\/qhome\/san-pham\/ghe-giam-doc-qgd03\/"]}]},{"@type":"BreadcrumbList","@id":"https:\/\/luan.webrt.net\/qhome\/san-pham\/ghe-giam-doc-qgd03\/#breadcrumb","itemListElement":[{"@type":"ListItem","position":1,"name":"Trang ch\u1ee7","item":"https:\/\/luan.webrt.net\/qhome\/"},{"@type":"ListItem","position":2,"name":"Shop","item":"https:\/\/luan.webrt.net\/qhome\/shop\/"},{"@type":"ListItem","position":3,"name":"Gh\u1ebf gi\u00e1m \u0111\u1ed1c QG\u011003"}]},{"@type":"WebSite","@id":"https:\/\/luan.webrt.net\/qhome\/#website","url":"https:\/\/luan.webrt.net\/qhome\/","name":"M\u1eabu web n\u1ed9i th\u1ea5t","description":"QGHome Vi\u1ec7t Nam","publisher":{"@id":"https:\/\/luan.webrt.net\/qhome\/#organization"},"potentialAction":[{"@type":"SearchAction","target":{"@type":"EntryPoint","urlTemplate":"https:\/\/luan.webrt.net\/qhome\/?s={search_term_string}"},"query-input":"required name=search_term_string"}],"inLanguage":"vi"},{"@type":"Organization","@id":"https:\/\/luan.webrt.net\/qhome\/#organization","name":"QGHome","url":"https:\/\/luan.webrt.net\/qhome\/","logo":{"@type":"ImageObject","inLanguage":"vi","@id":"https:\/\/luan.webrt.net\/qhome\/#\/schema\/logo\/image\/","url":"https:\/\/qghome.vn\/wp-content\/uploads\/2025\/08\/logo-mau-MauTH-21.png","contentUrl":"https:\/\/qghome.vn\/wp-content\/uploads\/2025\/08\/logo-mau-MauTH-21.png","width":253,"height":99,"caption":"QGHome"},"image":{"@id":"https:\/\/luan.webrt.net\/qhome\/#\/schema\/logo\/image\/"},"sameAs":["https:\/\/www.tiktok.com\/@qghome.official","https:\/\/www.youtube.com\/channel\/UCeVBuKTXkv-u94DS421cklw","https:\/\/www.facebook.com\/noithatqghome"]}]}},"_links":{"self":[{"href":"https:\/\/luan.webrt.net\/qhome\/wp-json\/wp\/v2\/product\/3246","targetHints":{"allow":["GET"]}}],"collection":[{"href":"https:\/\/luan.webrt.net\/qhome\/wp-json\/wp\/v2\/product"}],"about":[{"href":"https:\/\/luan.webrt.net\/qhome\/wp-json\/wp\/v2\/types\/product"}],"replies":[{"embeddable":true,"href":"https:\/\/luan.webrt.net\/qhome\/wp-json\/wp\/v2\/comments?post=3246"}],"wp:featuredmedia":[{"embeddable":true,"href":"https:\/\/luan.webrt.net\/qhome\/wp-json\/wp\/v2\/media\/10812"}],"wp:attachment":[{"href":"https:\/\/luan.webrt.net\/qhome\/wp-json\/wp\/v2\/media?parent=3246"}],"wp:term":[{"taxonomy":"product_cat","embeddable":true,"href":"https:\/\/luan.webrt.net\/qhome\/wp-json\/wp\/v2\/product_cat?post=3246"},{"taxonomy":"product_tag","embeddable":true,"href":"https:\/\/luan.webrt.net\/qhome\/wp-json\/wp\/v2\/product_tag?post=3246"}],"curies":[{"name":"wp","href":"https:\/\/api.w.org\/{rel}","templated":true}]}}