{"id":3162,"date":"2022-11-17T03:29:27","date_gmt":"2022-11-17T03:29:27","guid":{"rendered":"https:\/\/qghome.vn\/?post_type=product&#038;p=3162"},"modified":"2025-08-17T08:09:06","modified_gmt":"2025-08-17T08:09:06","slug":"ghe-giam-doc-ggd101","status":"publish","type":"product","link":"https:\/\/luan.webrt.net\/qhome\/san-pham\/ghe-giam-doc-ggd101\/","title":{"rendered":"Gh\u1ebf gi\u00e1m \u0111\u1ed1c QG\u011001"},"content":{"rendered":"<div class=\"mceTemp\"><\/div>\n<p class=\"p1\"><span class=\"s1\">\u0110\u1eb3ng c\u1ea5p c\u1ee7a ng\u01b0\u1eddi l\u00e3nh \u0111\u1ea1o kh\u00f4ng ch\u1ec9 th\u1ec3 hi\u1ec7n \u1edf th\u1ea7n th\u00e1i con ng\u01b0\u1eddi hay phong c\u00e1ch l\u00e0m vi\u1ec7c m\u00e0 c\u00f2n \u1edf n\u1ed9i th\u1ea5t v\u0103n ph\u00f2ng. B\u1ecf qua nh\u1eefng m\u1eabu gh\u1ebf da truy\u1ec1n th\u1ed1ng,\u00a0l\u00e0 s\u1ef1\u00a0L\u1ef0A CH\u1eccN KH\u00c1C BI\u1ec6T, th\u1ec3 hi\u1ec7n \u0111\u01b0\u1ee3c to\u00e0n b\u1ed9 kh\u00ed ch\u1ea5t v\u00e0\u00a0kh\u1eb3ng \u0111\u1ecbnh \u0111\u01b0\u1ee3c v\u1ecb tr\u00ed ng\u01b0\u1eddi \u0111\u1ee9ng \u0111\u1ea7u.<\/span><\/p>\n<h2><strong>Chi ti\u1ebft v\u1ec1 gh\u1ebf gi\u00e1m \u0111\u1ed1c QG\u011001<\/strong><\/h2>\n<p><span class=\"s1\">Thi\u1ebft k\u1ebf l\u01b0ng cao, ch\u00e2n xoay v\u1edbi ki\u1ec3u d\u00e1ng hi\u1ec7n \u0111\u1ea1i, ki\u1ebfn t\u1ea1o kh\u00f4ng gian l\u00e0m vi\u1ec7c\u00a0SANG TR\u1eccNG,\u00a0CHUY\u00caN NGHI\u1ec6P, kh\u1eb3ng \u0111\u1ecbnh \u0111\u1eb3ng c\u1ea5p ng\u01b0\u1eddi d\u00f9ng.<\/span><\/p>\n<p><span class=\"s1\">Th\u00f4ng s\u1ed1 c\u1ee7a s\u1ea3n ph\u1ea9m:<\/span><\/p>\n<ul>\n<li>\u0110i\u1ec1u ch\u1ec9nh chi\u1ec1u cao gh\u1ebf 1190-1275mm<\/li>\n<li>\u0110\u1ec7m \u0111\u1ee1 h\u00f5m l\u01b0ng ph\u00f9 h\u1ee3p c\u01a1 th\u1ec3 -&gt; ch\u1ed1ng \u0111au m\u1ecfi l\u01b0ng.<\/li>\n<li>T\u1ef1a \u0111\u1ee1 tay ph\u00f9 h\u1ee3p chi\u1ec1u d\u00e0i c\u00e1nh tay v\u00e0 t\u01b0 th\u1ebf l\u00e0m vi\u1ec7c -&gt; ch\u1ed1ng c\u0103ng m\u1ecfi c\u01a1 vai \u2013 tay<\/li>\n<li>T\u1ef1a \u0111\u1ee1 c\u1ed5 ph\u00f9 h\u1ee3p c\u01a1 th\u1ec3 -&gt; ch\u1ed3ng \u0111au m\u1ecfi vai g\u00e1y c\u1ed5<\/li>\n<li>Da b\u00f2 t\u1ef1 nhi\u00ean Italy b\u1ec1n \u0111\u1eb9p k\u1ebft h\u1ee3p v\u1edbi \u0111\u1ec7m m\u00fat nguy\u00ean kh\u1ed1i cao c\u1ea5p -&gt; C\u1ea3m gi\u00e1c ng\u1ed3i \u00eam \u00e1i v\u00e0 tho\u1ea3i m\u00e1i<\/li>\n<li>Chu\u1ea9n t\u1ed1t cho s\u1ee9c kh\u1ecfe ng\u01b0\u1eddi ti\u00eau d\u00f9ng -&gt; \u0111\u01b0\u1ee3c c\u00e1c chuy\u00ean gia v\u1ec1 Chiropratic v\u00e0 c\u00e1c Physiotherapist h\u00e0ng \u0111\u1ea7u khuy\u00ean d\u00f9ng<\/li>\n<li>khung cha\u0302n h\u01a1\u0323p kim nho\u0302m \u0111u\u0301c ch\u1eafc ch\u1eafn, c\u00f3 kh\u1ea3 n\u0103ng ch\u1ecbu l\u1ef1c t\u1ed1t. B\u1ec1n b\u1ec9 theo th\u1eddi gian<\/li>\n<\/ul>\n<figure id=\"attachment_10807\" aria-describedby=\"caption-attachment-10807\" style=\"width: 800px\" class=\"wp-caption aligncenter\"><img loading=\"lazy\" decoding=\"async\" class=\"wp-image-10807 size-large\" src=\"http:\/\/qghome.vn\/wp-content\/uploads\/2022\/11\/Ghe-giam-doc-QGD01-Kich-thuoc-800x800.png\" alt=\"Gh\u1ebf gi\u00e1m \u0111\u1ed1c QG\u011001 - K\u00edch th\u01b0\u1edbc\" width=\"800\" height=\"800\" srcset=\"https:\/\/luan.webrt.net\/qhome\/wp-content\/uploads\/2022\/11\/Ghe-giam-doc-QGD01-Kich-thuoc-800x800.png 800w, https:\/\/luan.webrt.net\/qhome\/wp-content\/uploads\/2022\/11\/Ghe-giam-doc-QGD01-Kich-thuoc-100x100.png 100w, https:\/\/luan.webrt.net\/qhome\/wp-content\/uploads\/2022\/11\/Ghe-giam-doc-QGD01-Kich-thuoc-510x510.png 510w, https:\/\/luan.webrt.net\/qhome\/wp-content\/uploads\/2022\/11\/Ghe-giam-doc-QGD01-Kich-thuoc-400x400.png 400w, https:\/\/luan.webrt.net\/qhome\/wp-content\/uploads\/2022\/11\/Ghe-giam-doc-QGD01-Kich-thuoc-280x280.png 280w, https:\/\/luan.webrt.net\/qhome\/wp-content\/uploads\/2022\/11\/Ghe-giam-doc-QGD01-Kich-thuoc-768x768.png 768w, https:\/\/luan.webrt.net\/qhome\/wp-content\/uploads\/2022\/11\/Ghe-giam-doc-QGD01-Kich-thuoc.png 1080w\" sizes=\"auto, (max-width: 800px) 100vw, 800px\" \/><figcaption id=\"caption-attachment-10807\" class=\"wp-caption-text\">Gh\u1ebf gi\u00e1m \u0111\u1ed1c QG\u011001 &#8211; K\u00edch th\u01b0\u1edbc<\/figcaption><\/figure>\n<div class=\"mceTemp\"><\/div>\n<figure id=\"attachment_3182\" aria-describedby=\"caption-attachment-3182\" style=\"width: 800px\" class=\"wp-caption aligncenter\"><img loading=\"lazy\" decoding=\"async\" class=\"size-full wp-image-3182\" src=\"http:\/\/qghome.vn\/wp-content\/uploads\/2022\/11\/dac-tinh-noi-bat-ghe-giam-doc-GGD202.jpg\" alt=\"\u0110\u1eb7c \u0111i\u1ec3m n\u1ed5i b\u1eadt c\u1ee7a gh\u1ebf\" width=\"800\" height=\"800\" srcset=\"https:\/\/luan.webrt.net\/qhome\/wp-content\/uploads\/2022\/11\/dac-tinh-noi-bat-ghe-giam-doc-GGD202.jpg 800w, https:\/\/luan.webrt.net\/qhome\/wp-content\/uploads\/2022\/11\/dac-tinh-noi-bat-ghe-giam-doc-GGD202-100x100.jpg 100w, https:\/\/luan.webrt.net\/qhome\/wp-content\/uploads\/2022\/11\/dac-tinh-noi-bat-ghe-giam-doc-GGD202-510x510.jpg 510w, https:\/\/luan.webrt.net\/qhome\/wp-content\/uploads\/2022\/11\/dac-tinh-noi-bat-ghe-giam-doc-GGD202-400x400.jpg 400w, https:\/\/luan.webrt.net\/qhome\/wp-content\/uploads\/2022\/11\/dac-tinh-noi-bat-ghe-giam-doc-GGD202-280x280.jpg 280w, https:\/\/luan.webrt.net\/qhome\/wp-content\/uploads\/2022\/11\/dac-tinh-noi-bat-ghe-giam-doc-GGD202-768x768.jpg 768w\" sizes=\"auto, (max-width: 800px) 100vw, 800px\" \/><figcaption id=\"caption-attachment-3182\" class=\"wp-caption-text\">\u0110\u1eb7c \u0111i\u1ec3m n\u1ed5i b\u1eadt c\u1ee7a gh\u1ebf<\/figcaption><\/figure>\n<figure id=\"attachment_3181\" aria-describedby=\"caption-attachment-3181\" style=\"width: 800px\" class=\"wp-caption aligncenter\"><img loading=\"lazy\" decoding=\"async\" class=\"size-full wp-image-3181\" src=\"http:\/\/qghome.vn\/wp-content\/uploads\/2022\/11\/dac-tinh-hay-ghe-giam-doc-GGD201.jpg\" alt=\"\u0110\u1eb7c t\u00ednh gh\u1ebf gi\u00e1m \u0111\u1ed1c GGD101\" width=\"800\" height=\"800\" srcset=\"https:\/\/luan.webrt.net\/qhome\/wp-content\/uploads\/2022\/11\/dac-tinh-hay-ghe-giam-doc-GGD201.jpg 800w, https:\/\/luan.webrt.net\/qhome\/wp-content\/uploads\/2022\/11\/dac-tinh-hay-ghe-giam-doc-GGD201-100x100.jpg 100w, https:\/\/luan.webrt.net\/qhome\/wp-content\/uploads\/2022\/11\/dac-tinh-hay-ghe-giam-doc-GGD201-510x510.jpg 510w, https:\/\/luan.webrt.net\/qhome\/wp-content\/uploads\/2022\/11\/dac-tinh-hay-ghe-giam-doc-GGD201-400x400.jpg 400w, https:\/\/luan.webrt.net\/qhome\/wp-content\/uploads\/2022\/11\/dac-tinh-hay-ghe-giam-doc-GGD201-280x280.jpg 280w, https:\/\/luan.webrt.net\/qhome\/wp-content\/uploads\/2022\/11\/dac-tinh-hay-ghe-giam-doc-GGD201-768x768.jpg 768w\" sizes=\"auto, (max-width: 800px) 100vw, 800px\" \/><figcaption id=\"caption-attachment-3181\" class=\"wp-caption-text\">\u0110\u1eb7c t\u00ednh gh\u1ebf gi\u00e1m \u0111\u1ed1c GGD101<\/figcaption><\/figure>\n<figure id=\"attachment_3185\" aria-describedby=\"caption-attachment-3185\" style=\"width: 800px\" class=\"wp-caption aligncenter\"><img loading=\"lazy\" decoding=\"async\" class=\"size-full wp-image-3185\" src=\"http:\/\/qghome.vn\/wp-content\/uploads\/2022\/11\/khung-lung-ghe-giam-doc-GGD201.jpg\" alt=\"Khung l\u01b0ng gh\u1ebf gi\u00e1m \u0111\u1ed1c GGD101\" width=\"800\" height=\"800\" srcset=\"https:\/\/luan.webrt.net\/qhome\/wp-content\/uploads\/2022\/11\/khung-lung-ghe-giam-doc-GGD201.jpg 800w, https:\/\/luan.webrt.net\/qhome\/wp-content\/uploads\/2022\/11\/khung-lung-ghe-giam-doc-GGD201-100x100.jpg 100w, https:\/\/luan.webrt.net\/qhome\/wp-content\/uploads\/2022\/11\/khung-lung-ghe-giam-doc-GGD201-510x510.jpg 510w, https:\/\/luan.webrt.net\/qhome\/wp-content\/uploads\/2022\/11\/khung-lung-ghe-giam-doc-GGD201-400x400.jpg 400w, https:\/\/luan.webrt.net\/qhome\/wp-content\/uploads\/2022\/11\/khung-lung-ghe-giam-doc-GGD201-280x280.jpg 280w, https:\/\/luan.webrt.net\/qhome\/wp-content\/uploads\/2022\/11\/khung-lung-ghe-giam-doc-GGD201-768x768.jpg 768w\" sizes=\"auto, (max-width: 800px) 100vw, 800px\" \/><figcaption id=\"caption-attachment-3185\" class=\"wp-caption-text\">Khung l\u01b0ng gh\u1ebf gi\u00e1m \u0111\u1ed1c GGD101<\/figcaption><\/figure>\n<figure id=\"attachment_3179\" aria-describedby=\"caption-attachment-3179\" style=\"width: 800px\" class=\"wp-caption aligncenter\"><img loading=\"lazy\" decoding=\"async\" class=\"size-full wp-image-3179\" src=\"http:\/\/qghome.vn\/wp-content\/uploads\/2022\/11\/dac-tinh-ghe-giam-doc-GGD201.jpg\" alt=\"Tay gh\u1ebf gi\u00e1m \u0111\u1ed1c GGD101\" width=\"800\" height=\"800\" srcset=\"https:\/\/luan.webrt.net\/qhome\/wp-content\/uploads\/2022\/11\/dac-tinh-ghe-giam-doc-GGD201.jpg 800w, https:\/\/luan.webrt.net\/qhome\/wp-content\/uploads\/2022\/11\/dac-tinh-ghe-giam-doc-GGD201-100x100.jpg 100w, https:\/\/luan.webrt.net\/qhome\/wp-content\/uploads\/2022\/11\/dac-tinh-ghe-giam-doc-GGD201-510x510.jpg 510w, https:\/\/luan.webrt.net\/qhome\/wp-content\/uploads\/2022\/11\/dac-tinh-ghe-giam-doc-GGD201-400x400.jpg 400w, https:\/\/luan.webrt.net\/qhome\/wp-content\/uploads\/2022\/11\/dac-tinh-ghe-giam-doc-GGD201-280x280.jpg 280w, https:\/\/luan.webrt.net\/qhome\/wp-content\/uploads\/2022\/11\/dac-tinh-ghe-giam-doc-GGD201-768x768.jpg 768w\" sizes=\"auto, (max-width: 800px) 100vw, 800px\" \/><figcaption id=\"caption-attachment-3179\" class=\"wp-caption-text\">Tay gh\u1ebf gi\u00e1m \u0111\u1ed1c GGD101<\/figcaption><\/figure>\n<figure id=\"attachment_3178\" aria-describedby=\"caption-attachment-3178\" style=\"width: 800px\" class=\"wp-caption aligncenter\"><img loading=\"lazy\" decoding=\"async\" class=\"size-full wp-image-3178\" src=\"http:\/\/qghome.vn\/wp-content\/uploads\/2022\/11\/chan-ghe.jpg\" alt=\"Ch\u00e2n gh\u1ebf\" width=\"800\" height=\"800\" srcset=\"https:\/\/luan.webrt.net\/qhome\/wp-content\/uploads\/2022\/11\/chan-ghe.jpg 800w, https:\/\/luan.webrt.net\/qhome\/wp-content\/uploads\/2022\/11\/chan-ghe-100x100.jpg 100w, https:\/\/luan.webrt.net\/qhome\/wp-content\/uploads\/2022\/11\/chan-ghe-510x510.jpg 510w, https:\/\/luan.webrt.net\/qhome\/wp-content\/uploads\/2022\/11\/chan-ghe-400x400.jpg 400w, https:\/\/luan.webrt.net\/qhome\/wp-content\/uploads\/2022\/11\/chan-ghe-280x280.jpg 280w, https:\/\/luan.webrt.net\/qhome\/wp-content\/uploads\/2022\/11\/chan-ghe-768x768.jpg 768w\" sizes=\"auto, (max-width: 800px) 100vw, 800px\" \/><figcaption id=\"caption-attachment-3178\" class=\"wp-caption-text\">Ch\u00e2n gh\u1ebf<\/figcaption><\/figure>\n<figure id=\"attachment_3177\" aria-describedby=\"caption-attachment-3177\" style=\"width: 800px\" class=\"wp-caption aligncenter\"><img loading=\"lazy\" decoding=\"async\" class=\"size-full wp-image-3177\" src=\"http:\/\/qghome.vn\/wp-content\/uploads\/2022\/11\/banh-xe-va-da-ghe.jpg\" alt=\"B\u00e1nh xe v\u00e0 da gh\u1ebf\" width=\"800\" height=\"800\" srcset=\"https:\/\/luan.webrt.net\/qhome\/wp-content\/uploads\/2022\/11\/banh-xe-va-da-ghe.jpg 800w, https:\/\/luan.webrt.net\/qhome\/wp-content\/uploads\/2022\/11\/banh-xe-va-da-ghe-100x100.jpg 100w, https:\/\/luan.webrt.net\/qhome\/wp-content\/uploads\/2022\/11\/banh-xe-va-da-ghe-510x510.jpg 510w, https:\/\/luan.webrt.net\/qhome\/wp-content\/uploads\/2022\/11\/banh-xe-va-da-ghe-400x400.jpg 400w, https:\/\/luan.webrt.net\/qhome\/wp-content\/uploads\/2022\/11\/banh-xe-va-da-ghe-280x280.jpg 280w, https:\/\/luan.webrt.net\/qhome\/wp-content\/uploads\/2022\/11\/banh-xe-va-da-ghe-768x768.jpg 768w\" sizes=\"auto, (max-width: 800px) 100vw, 800px\" \/><figcaption id=\"caption-attachment-3177\" class=\"wp-caption-text\">B\u00e1nh xe v\u00e0 da gh\u1ebf<\/figcaption><\/figure>\n<figure id=\"attachment_3160\" aria-describedby=\"caption-attachment-3160\" style=\"width: 800px\" class=\"wp-caption aligncenter\"><img loading=\"lazy\" decoding=\"async\" class=\"size-full wp-image-3160\" src=\"http:\/\/qghome.vn\/wp-content\/uploads\/2022\/11\/sap-pham-lien-quan-ban-giam-doc-bgd102.jpg\" alt=\"S\u1ea3n ph\u1ea9m li\u00ean quan\" width=\"800\" height=\"800\" srcset=\"https:\/\/luan.webrt.net\/qhome\/wp-content\/uploads\/2022\/11\/sap-pham-lien-quan-ban-giam-doc-bgd102.jpg 800w, https:\/\/luan.webrt.net\/qhome\/wp-content\/uploads\/2022\/11\/sap-pham-lien-quan-ban-giam-doc-bgd102-100x100.jpg 100w, https:\/\/luan.webrt.net\/qhome\/wp-content\/uploads\/2022\/11\/sap-pham-lien-quan-ban-giam-doc-bgd102-510x510.jpg 510w, https:\/\/luan.webrt.net\/qhome\/wp-content\/uploads\/2022\/11\/sap-pham-lien-quan-ban-giam-doc-bgd102-400x400.jpg 400w, https:\/\/luan.webrt.net\/qhome\/wp-content\/uploads\/2022\/11\/sap-pham-lien-quan-ban-giam-doc-bgd102-280x280.jpg 280w, https:\/\/luan.webrt.net\/qhome\/wp-content\/uploads\/2022\/11\/sap-pham-lien-quan-ban-giam-doc-bgd102-768x768.jpg 768w\" sizes=\"auto, (max-width: 800px) 100vw, 800px\" \/><figcaption id=\"caption-attachment-3160\" class=\"wp-caption-text\">S\u1ea3n ph\u1ea9m li\u00ean quan<\/figcaption><\/figure>\n<div class=\"mceTemp\"><\/div>\n<div class=\"mceTemp\"><\/div>\n<p><em><strong>T\u01b0 v\u1ea5n mi\u1ec5n ph\u00ed g\u1ecdi ngay <span style=\"color: #ed1c24;\">Hotline: 0968875005<\/span><\/strong><\/em><\/p>\n","protected":false},"excerpt":{"rendered":"<p>\u0110\u1eb3ng c\u1ea5p c\u1ee7a ng\u01b0\u1eddi l\u00e3nh \u0111\u1ea1o kh\u00f4ng ch\u1ec9 th\u1ec3 hi\u1ec7n \u1edf th\u1ea7n th\u00e1i con ng\u01b0\u1eddi hay phong c\u00e1ch l\u00e0m vi\u1ec7c m\u00e0 c\u00f2n \u1edf n\u1ed9i th\u1ea5t v\u0103n ph\u00f2ng. B\u1ecf qua nh\u1eefng m\u1eabu gh\u1ebf da truy\u1ec1n th\u1ed1ng,\u00a0l\u00e0 s\u1ef1\u00a0L\u1ef0A CH\u1eccN KH\u00c1C BI\u1ec6T, th\u1ec3 hi\u1ec7n \u0111\u01b0\u1ee3c to\u00e0n b\u1ed9 kh\u00ed ch\u1ea5t v\u00e0\u00a0kh\u1eb3ng \u0111\u1ecbnh \u0111\u01b0\u1ee3c v\u1ecb tr\u00ed ng\u01b0\u1eddi \u0111\u1ee9ng \u0111\u1ea7u. Chi&#8230;<\/p>\n","protected":false},"featured_media":10808,"comment_status":"open","ping_status":"closed","template":"","meta":[],"product_cat":[218],"product_tag":[],"class_list":["post-3162","product","type-product","status-publish","has-post-thumbnail","hentry","product_cat-ghe-giam-doc"],"yoast_head":"<!-- This site is optimized with the Yoast SEO plugin v19.9 - https:\/\/yoast.com\/wordpress\/plugins\/seo\/ -->\n<title>[S\u1ea3n ph\u1ea9m] Gh\u1ebf gi\u00e1m \u0111\u1ed1c QG\u011001 - N\u1ed9i th\u1ea5t QGHome<\/title>\n<meta name=\"description\" content=\"S\u1ea3n ph\u1ea9m gh\u1ebf gi\u00e1m \u0111\u1ed1c QG\u011001 thu\u1ed9c chu\u1ed7i s\u1ea3n ph\u1ea9m b\u00e0n gi\u00e1m \u0111\u1ed1c cao c\u1ea5p. \u0110\u01b0\u1ee3c QGHome thi\u1ebft k\u1ebf, l\u1eafp r\u00e1p v\u00e0 giao h\u00e0ng. T\u01b0 v\u1ea5n g\u1ecdi ngay Hotline: 0968875005.\" \/>\n<meta name=\"robots\" content=\"index, follow, max-snippet:-1, max-image-preview:large, max-video-preview:-1\" \/>\n<link rel=\"canonical\" href=\"https:\/\/luan.webrt.net\/qhome\/san-pham\/ghe-giam-doc-ggd101\/\" \/>\n<meta property=\"og:locale\" content=\"vi_VN\" \/>\n<meta property=\"og:type\" content=\"article\" \/>\n<meta property=\"og:title\" content=\"[S\u1ea3n ph\u1ea9m] Gh\u1ebf gi\u00e1m \u0111\u1ed1c QG\u011001 - N\u1ed9i th\u1ea5t QGHome\" \/>\n<meta property=\"og:description\" content=\"S\u1ea3n ph\u1ea9m gh\u1ebf gi\u00e1m \u0111\u1ed1c QG\u011001 thu\u1ed9c chu\u1ed7i s\u1ea3n ph\u1ea9m b\u00e0n gi\u00e1m \u0111\u1ed1c cao c\u1ea5p. \u0110\u01b0\u1ee3c QGHome thi\u1ebft k\u1ebf, l\u1eafp r\u00e1p v\u00e0 giao h\u00e0ng. T\u01b0 v\u1ea5n g\u1ecdi ngay Hotline: 0968875005.\" \/>\n<meta property=\"og:url\" content=\"https:\/\/luan.webrt.net\/qhome\/san-pham\/ghe-giam-doc-ggd101\/\" \/>\n<meta property=\"og:site_name\" content=\"M\u1eabu web n\u1ed9i th\u1ea5t\" \/>\n<meta property=\"article:publisher\" content=\"https:\/\/www.facebook.com\/noithatqghome\" \/>\n<meta property=\"article:modified_time\" content=\"2025-08-17T08:09:06+00:00\" \/>\n<meta property=\"og:image\" content=\"https:\/\/luan.webrt.net\/qhome\/wp-content\/uploads\/2022\/11\/Ghe-giam-doc-QGD01-1.png\" \/>\n\t<meta property=\"og:image:width\" content=\"1080\" \/>\n\t<meta property=\"og:image:height\" content=\"1080\" \/>\n\t<meta property=\"og:image:type\" content=\"image\/png\" \/>\n<meta name=\"twitter:card\" content=\"summary_large_image\" \/>\n<meta name=\"twitter:label1\" content=\"\u01af\u1edbc t\u00ednh th\u1eddi gian \u0111\u1ecdc\" \/>\n\t<meta name=\"twitter:data1\" content=\"4 ph\u00fat\" \/>\n<script type=\"application\/ld+json\" class=\"yoast-schema-graph\">{\"@context\":\"https:\/\/schema.org\",\"@graph\":[{\"@type\":\"WebPage\",\"@id\":\"https:\/\/luan.webrt.net\/qhome\/san-pham\/ghe-giam-doc-ggd101\/\",\"url\":\"https:\/\/luan.webrt.net\/qhome\/san-pham\/ghe-giam-doc-ggd101\/\",\"name\":\"[S\u1ea3n ph\u1ea9m] Gh\u1ebf gi\u00e1m \u0111\u1ed1c QG\u011001 - N\u1ed9i th\u1ea5t QGHome\",\"isPartOf\":{\"@id\":\"https:\/\/luan.webrt.net\/qhome\/#website\"},\"datePublished\":\"2022-11-17T03:29:27+00:00\",\"dateModified\":\"2025-08-17T08:09:06+00:00\",\"description\":\"S\u1ea3n ph\u1ea9m gh\u1ebf gi\u00e1m \u0111\u1ed1c QG\u011001 thu\u1ed9c chu\u1ed7i s\u1ea3n ph\u1ea9m b\u00e0n gi\u00e1m \u0111\u1ed1c cao c\u1ea5p. \u0110\u01b0\u1ee3c QGHome thi\u1ebft k\u1ebf, l\u1eafp r\u00e1p v\u00e0 giao h\u00e0ng. T\u01b0 v\u1ea5n g\u1ecdi ngay Hotline: 0968875005.\",\"breadcrumb\":{\"@id\":\"https:\/\/luan.webrt.net\/qhome\/san-pham\/ghe-giam-doc-ggd101\/#breadcrumb\"},\"inLanguage\":\"vi\",\"potentialAction\":[{\"@type\":\"ReadAction\",\"target\":[\"https:\/\/luan.webrt.net\/qhome\/san-pham\/ghe-giam-doc-ggd101\/\"]}]},{\"@type\":\"BreadcrumbList\",\"@id\":\"https:\/\/luan.webrt.net\/qhome\/san-pham\/ghe-giam-doc-ggd101\/#breadcrumb\",\"itemListElement\":[{\"@type\":\"ListItem\",\"position\":1,\"name\":\"Trang ch\u1ee7\",\"item\":\"https:\/\/luan.webrt.net\/qhome\/\"},{\"@type\":\"ListItem\",\"position\":2,\"name\":\"Shop\",\"item\":\"https:\/\/luan.webrt.net\/qhome\/shop\/\"},{\"@type\":\"ListItem\",\"position\":3,\"name\":\"Gh\u1ebf gi\u00e1m \u0111\u1ed1c QG\u011001\"}]},{\"@type\":\"WebSite\",\"@id\":\"https:\/\/luan.webrt.net\/qhome\/#website\",\"url\":\"https:\/\/luan.webrt.net\/qhome\/\",\"name\":\"M\u1eabu web n\u1ed9i th\u1ea5t\",\"description\":\"QGHome Vi\u1ec7t Nam\",\"publisher\":{\"@id\":\"https:\/\/luan.webrt.net\/qhome\/#organization\"},\"potentialAction\":[{\"@type\":\"SearchAction\",\"target\":{\"@type\":\"EntryPoint\",\"urlTemplate\":\"https:\/\/luan.webrt.net\/qhome\/?s={search_term_string}\"},\"query-input\":\"required name=search_term_string\"}],\"inLanguage\":\"vi\"},{\"@type\":\"Organization\",\"@id\":\"https:\/\/luan.webrt.net\/qhome\/#organization\",\"name\":\"QGHome\",\"url\":\"https:\/\/luan.webrt.net\/qhome\/\",\"logo\":{\"@type\":\"ImageObject\",\"inLanguage\":\"vi\",\"@id\":\"https:\/\/luan.webrt.net\/qhome\/#\/schema\/logo\/image\/\",\"url\":\"https:\/\/qghome.vn\/wp-content\/uploads\/2025\/08\/logo-mau-MauTH-21.png\",\"contentUrl\":\"https:\/\/qghome.vn\/wp-content\/uploads\/2025\/08\/logo-mau-MauTH-21.png\",\"width\":253,\"height\":99,\"caption\":\"QGHome\"},\"image\":{\"@id\":\"https:\/\/luan.webrt.net\/qhome\/#\/schema\/logo\/image\/\"},\"sameAs\":[\"https:\/\/www.tiktok.com\/@qghome.official\",\"https:\/\/www.youtube.com\/channel\/UCeVBuKTXkv-u94DS421cklw\",\"https:\/\/www.facebook.com\/noithatqghome\"]}]}<\/script>\n<!-- \/ Yoast SEO plugin. -->","yoast_head_json":{"title":"[S\u1ea3n ph\u1ea9m] Gh\u1ebf gi\u00e1m \u0111\u1ed1c QG\u011001 - N\u1ed9i th\u1ea5t QGHome","description":"S\u1ea3n ph\u1ea9m gh\u1ebf gi\u00e1m \u0111\u1ed1c QG\u011001 thu\u1ed9c chu\u1ed7i s\u1ea3n ph\u1ea9m b\u00e0n gi\u00e1m \u0111\u1ed1c cao c\u1ea5p. \u0110\u01b0\u1ee3c QGHome thi\u1ebft k\u1ebf, l\u1eafp r\u00e1p v\u00e0 giao h\u00e0ng. T\u01b0 v\u1ea5n g\u1ecdi ngay Hotline: 0968875005.","robots":{"index":"index","follow":"follow","max-snippet":"max-snippet:-1","max-image-preview":"max-image-preview:large","max-video-preview":"max-video-preview:-1"},"canonical":"https:\/\/luan.webrt.net\/qhome\/san-pham\/ghe-giam-doc-ggd101\/","og_locale":"vi_VN","og_type":"article","og_title":"[S\u1ea3n ph\u1ea9m] Gh\u1ebf gi\u00e1m \u0111\u1ed1c QG\u011001 - N\u1ed9i th\u1ea5t QGHome","og_description":"S\u1ea3n ph\u1ea9m gh\u1ebf gi\u00e1m \u0111\u1ed1c QG\u011001 thu\u1ed9c chu\u1ed7i s\u1ea3n ph\u1ea9m b\u00e0n gi\u00e1m \u0111\u1ed1c cao c\u1ea5p. \u0110\u01b0\u1ee3c QGHome thi\u1ebft k\u1ebf, l\u1eafp r\u00e1p v\u00e0 giao h\u00e0ng. T\u01b0 v\u1ea5n g\u1ecdi ngay Hotline: 0968875005.","og_url":"https:\/\/luan.webrt.net\/qhome\/san-pham\/ghe-giam-doc-ggd101\/","og_site_name":"M\u1eabu web n\u1ed9i th\u1ea5t","article_publisher":"https:\/\/www.facebook.com\/noithatqghome","article_modified_time":"2025-08-17T08:09:06+00:00","og_image":[{"width":1080,"height":1080,"url":"https:\/\/luan.webrt.net\/qhome\/wp-content\/uploads\/2022\/11\/Ghe-giam-doc-QGD01-1.png","type":"image\/png"}],"twitter_card":"summary_large_image","twitter_misc":{"\u01af\u1edbc t\u00ednh th\u1eddi gian \u0111\u1ecdc":"4 ph\u00fat"},"schema":{"@context":"https:\/\/schema.org","@graph":[{"@type":"WebPage","@id":"https:\/\/luan.webrt.net\/qhome\/san-pham\/ghe-giam-doc-ggd101\/","url":"https:\/\/luan.webrt.net\/qhome\/san-pham\/ghe-giam-doc-ggd101\/","name":"[S\u1ea3n ph\u1ea9m] Gh\u1ebf gi\u00e1m \u0111\u1ed1c QG\u011001 - N\u1ed9i th\u1ea5t QGHome","isPartOf":{"@id":"https:\/\/luan.webrt.net\/qhome\/#website"},"datePublished":"2022-11-17T03:29:27+00:00","dateModified":"2025-08-17T08:09:06+00:00","description":"S\u1ea3n ph\u1ea9m gh\u1ebf gi\u00e1m \u0111\u1ed1c QG\u011001 thu\u1ed9c chu\u1ed7i s\u1ea3n ph\u1ea9m b\u00e0n gi\u00e1m \u0111\u1ed1c cao c\u1ea5p. \u0110\u01b0\u1ee3c QGHome thi\u1ebft k\u1ebf, l\u1eafp r\u00e1p v\u00e0 giao h\u00e0ng. T\u01b0 v\u1ea5n g\u1ecdi ngay Hotline: 0968875005.","breadcrumb":{"@id":"https:\/\/luan.webrt.net\/qhome\/san-pham\/ghe-giam-doc-ggd101\/#breadcrumb"},"inLanguage":"vi","potentialAction":[{"@type":"ReadAction","target":["https:\/\/luan.webrt.net\/qhome\/san-pham\/ghe-giam-doc-ggd101\/"]}]},{"@type":"BreadcrumbList","@id":"https:\/\/luan.webrt.net\/qhome\/san-pham\/ghe-giam-doc-ggd101\/#breadcrumb","itemListElement":[{"@type":"ListItem","position":1,"name":"Trang ch\u1ee7","item":"https:\/\/luan.webrt.net\/qhome\/"},{"@type":"ListItem","position":2,"name":"Shop","item":"https:\/\/luan.webrt.net\/qhome\/shop\/"},{"@type":"ListItem","position":3,"name":"Gh\u1ebf gi\u00e1m \u0111\u1ed1c QG\u011001"}]},{"@type":"WebSite","@id":"https:\/\/luan.webrt.net\/qhome\/#website","url":"https:\/\/luan.webrt.net\/qhome\/","name":"M\u1eabu web n\u1ed9i th\u1ea5t","description":"QGHome Vi\u1ec7t Nam","publisher":{"@id":"https:\/\/luan.webrt.net\/qhome\/#organization"},"potentialAction":[{"@type":"SearchAction","target":{"@type":"EntryPoint","urlTemplate":"https:\/\/luan.webrt.net\/qhome\/?s={search_term_string}"},"query-input":"required name=search_term_string"}],"inLanguage":"vi"},{"@type":"Organization","@id":"https:\/\/luan.webrt.net\/qhome\/#organization","name":"QGHome","url":"https:\/\/luan.webrt.net\/qhome\/","logo":{"@type":"ImageObject","inLanguage":"vi","@id":"https:\/\/luan.webrt.net\/qhome\/#\/schema\/logo\/image\/","url":"https:\/\/qghome.vn\/wp-content\/uploads\/2025\/08\/logo-mau-MauTH-21.png","contentUrl":"https:\/\/qghome.vn\/wp-content\/uploads\/2025\/08\/logo-mau-MauTH-21.png","width":253,"height":99,"caption":"QGHome"},"image":{"@id":"https:\/\/luan.webrt.net\/qhome\/#\/schema\/logo\/image\/"},"sameAs":["https:\/\/www.tiktok.com\/@qghome.official","https:\/\/www.youtube.com\/channel\/UCeVBuKTXkv-u94DS421cklw","https:\/\/www.facebook.com\/noithatqghome"]}]}},"_links":{"self":[{"href":"https:\/\/luan.webrt.net\/qhome\/wp-json\/wp\/v2\/product\/3162","targetHints":{"allow":["GET"]}}],"collection":[{"href":"https:\/\/luan.webrt.net\/qhome\/wp-json\/wp\/v2\/product"}],"about":[{"href":"https:\/\/luan.webrt.net\/qhome\/wp-json\/wp\/v2\/types\/product"}],"replies":[{"embeddable":true,"href":"https:\/\/luan.webrt.net\/qhome\/wp-json\/wp\/v2\/comments?post=3162"}],"wp:featuredmedia":[{"embeddable":true,"href":"https:\/\/luan.webrt.net\/qhome\/wp-json\/wp\/v2\/media\/10808"}],"wp:attachment":[{"href":"https:\/\/luan.webrt.net\/qhome\/wp-json\/wp\/v2\/media?parent=3162"}],"wp:term":[{"taxonomy":"product_cat","embeddable":true,"href":"https:\/\/luan.webrt.net\/qhome\/wp-json\/wp\/v2\/product_cat?post=3162"},{"taxonomy":"product_tag","embeddable":true,"href":"https:\/\/luan.webrt.net\/qhome\/wp-json\/wp\/v2\/product_tag?post=3162"}],"curies":[{"name":"wp","href":"https:\/\/api.w.org\/{rel}","templated":true}]}}