{"id":3086,"date":"2022-11-16T09:46:02","date_gmt":"2022-11-16T09:46:02","guid":{"rendered":"https:\/\/qghome.vn\/?post_type=product&#038;p=3086"},"modified":"2025-12-19T08:09:11","modified_gmt":"2025-12-19T08:09:11","slug":"ghe-nhan-vien-qgnv04","status":"publish","type":"product","link":"https:\/\/luan.webrt.net\/qhome\/san-pham\/ghe-nhan-vien-qgnv04\/","title":{"rendered":"Gh\u1ebf nh\u00e2n vi\u00ean QGNV04"},"content":{"rendered":"<p>Gh\u1ebf nh\u00e2n vi\u00ean QGNV04 \u0111\u1ef1c thi\u1ebft k\u1ebf theo ti\u00eau chu\u1ea9n ch\u00e2u \u00c2u, QGHome ti\u1ebfp nh\u1eadn d\u00e2y truy\u1ec1n \u0111\u01b0\u1ee3c c\u00e1c b\u00ean li\u00ean quan ch\u1ee9ng nh\u1eadn, \u0111\u1ea3m b\u1ea3o. Th\u1ef1c hi\u1ec7n s\u1ea3n xu\u1ea5t h\u00e0ng lo\u1ea1t v\u00e0 cho ra nh\u1eefng s\u1ea3n ph\u1ea9m \u0111\u00fang chu\u1ea9n v\u00e0 \u0111\u1eadm n\u00e9t nguy\u00ean b\u1ea3n.<\/p>\n<h2><strong>1. Thi\u1ebft k\u1ebf<\/strong><\/h2>\n<p>Thi\u1ebft k\u1ebf v\u1edbi nhi\u1ec1u v\u1ecb tr\u00ed \u0111\u01b0\u1ee3c gia c\u1ed1 ha l\u00e0m l\u1ea1i. \u0110\u00f3 ch\u00ednh l\u00e0 \u0111i\u1ec3m m\u1edbi trong b\u1ea3n th\u00e2n chi\u1ebfc gh\u1ebf nh\u00e2n vi\u00ean QGNV04 t\u1ea1o nhi\u1ec1u d\u1ea5u \u1ea5n v\u00e0 l\u1ee3i \u00edch kh\u00f4ng t\u01b0\u1edfng cho ng\u01b0\u1eddi s\u1eed d\u1ee5ng.<\/p>\n<div class=\"mceTemp\">\u00a0<\/div>\n<figure id=\"attachment_3092\" aria-describedby=\"caption-attachment-3092\" style=\"width: 800px\" class=\"wp-caption aligncenter\"><img loading=\"lazy\" decoding=\"async\" class=\"size-full wp-image-3092\" src=\"http:\/\/qghome.vn\/wp-content\/uploads\/2022\/11\/thiet-ke-ghe-van-phong-G112.jpg\" alt=\"Thi\u1ebft k\u1ebf gh\u1ebf v\u0103n ph\u00f2ng G112\" width=\"800\" height=\"800\" srcset=\"https:\/\/luan.webrt.net\/qhome\/wp-content\/uploads\/2022\/11\/thiet-ke-ghe-van-phong-G112.jpg 800w, https:\/\/luan.webrt.net\/qhome\/wp-content\/uploads\/2022\/11\/thiet-ke-ghe-van-phong-G112-100x100.jpg 100w, https:\/\/luan.webrt.net\/qhome\/wp-content\/uploads\/2022\/11\/thiet-ke-ghe-van-phong-G112-510x510.jpg 510w, https:\/\/luan.webrt.net\/qhome\/wp-content\/uploads\/2022\/11\/thiet-ke-ghe-van-phong-G112-400x400.jpg 400w, https:\/\/luan.webrt.net\/qhome\/wp-content\/uploads\/2022\/11\/thiet-ke-ghe-van-phong-G112-280x280.jpg 280w, https:\/\/luan.webrt.net\/qhome\/wp-content\/uploads\/2022\/11\/thiet-ke-ghe-van-phong-G112-768x768.jpg 768w\" sizes=\"auto, (max-width: 800px) 100vw, 800px\" \/><figcaption id=\"caption-attachment-3092\" class=\"wp-caption-text\"><em>Thi\u1ebft k\u1ebf gh\u1ebf v\u0103n ph\u00f2ng<\/em><\/figcaption><\/figure>\n<h2><strong>2. \u01afu \u0111i\u1ec3n c\u1ee7a s\u1ea3n ph\u1ea9m<\/strong><\/h2>\n<p>D\u01b0\u1edbi \u0111\u00e2y l\u1ea7 c\u00e1c \u01b0u \u0111i\u1ec3m c\u00f3 th\u1ec3 d\u1ec5 d\u00e0ng nh\u1eadn ra khi s\u1eed d\u1ee5ng s\u1ea3n ph\u1ea9m gh\u1ebf nh\u00e2n vi\u00ean QGNV04:<\/p>\n<ul>\n<li>\u0110\u1ec7m da simili \u0111\u1ee1 h\u00f5m l\u01b0ng ph\u00f9 h\u1ee3p c\u01a1 th\u1ec3 \u0111\u1ec3 ch\u1ed1ng \u0111au m\u1ecfi l\u01b0ng.<\/li>\n<li>T\u1ef1a \u0111\u1ee1 tay ph\u00f9 h\u1ee3p chi\u1ec1u d\u00e0i c\u00e1nh tay v\u00e0 t\u01b0 th\u1ebf l\u00e0m vi\u1ec7c g\u00f3p ph\u1ea7n ch\u1ed1ng c\u0103ng m\u1ecfi c\u01a1 vai v\u00e0 tay<\/li>\n<li>Khung th\u00e9p kh\u00f4ng r\u1ec9 \u0111\u1ee1 ph\u1ea7n l\u01b0ng da simili cao c\u1ea5p, ch\u1ed1ng t\u00edch nhi\u1ec7t v\u00e0 ch\u1ed1ng \u1ea9m m\u1ed1c t\u1ed1t cho c\u1ea3m gi\u00e1c ng\u1ed3i \u00eam \u00e1i v\u00e0 tho\u1ea3i m\u00e1i<\/li>\n<li>\u0110\u01b0\u1ee3c c\u00e1c chuy\u00ean gia v\u1ec1 Chiropratic v\u00e0 c\u00e1c Physiotherapist h\u00e0ng \u0111\u1ea7u khuy\u00ean d\u00f9ng.<\/li>\n<li>Ch\u00e2n \u0111\u1ebf \u0111\u01b0\u1ee3c thi\u1ebft k\u1ebf m\u1ea1 crom ch\u1ea5t l\u01b0\u1ee3ng cao c\u1ea5p.<\/li>\n<\/ul>\n<figure id=\"attachment_3093\" aria-describedby=\"caption-attachment-3093\" style=\"width: 800px\" class=\"wp-caption aligncenter\"><img loading=\"lazy\" decoding=\"async\" class=\"size-full wp-image-3093\" src=\"http:\/\/qghome.vn\/wp-content\/uploads\/2022\/11\/tinh-chat-ghe-van-phong-G112.jpg\" alt=\"T\u00ednh ch\u1ea5t gh\u1ebf v\u0103n ph\u00f2ng G112\" width=\"800\" height=\"800\" srcset=\"https:\/\/luan.webrt.net\/qhome\/wp-content\/uploads\/2022\/11\/tinh-chat-ghe-van-phong-G112.jpg 800w, https:\/\/luan.webrt.net\/qhome\/wp-content\/uploads\/2022\/11\/tinh-chat-ghe-van-phong-G112-100x100.jpg 100w, https:\/\/luan.webrt.net\/qhome\/wp-content\/uploads\/2022\/11\/tinh-chat-ghe-van-phong-G112-510x510.jpg 510w, https:\/\/luan.webrt.net\/qhome\/wp-content\/uploads\/2022\/11\/tinh-chat-ghe-van-phong-G112-400x400.jpg 400w, https:\/\/luan.webrt.net\/qhome\/wp-content\/uploads\/2022\/11\/tinh-chat-ghe-van-phong-G112-280x280.jpg 280w, https:\/\/luan.webrt.net\/qhome\/wp-content\/uploads\/2022\/11\/tinh-chat-ghe-van-phong-G112-768x768.jpg 768w\" sizes=\"auto, (max-width: 800px) 100vw, 800px\" \/><figcaption id=\"caption-attachment-3093\" class=\"wp-caption-text\"><em>T\u00ednh ch\u1ea5t gh\u1ebf v\u0103n ph\u00f2ng\u00a0<\/em><\/figcaption><\/figure>\n<div class=\"mceTemp\">\u00a0<\/div>\n<figure id=\"attachment_3087\" aria-describedby=\"caption-attachment-3087\" style=\"width: 800px\" class=\"wp-caption aligncenter\"><img loading=\"lazy\" decoding=\"async\" class=\"\u0110\u1eb7c \u0111i\u1ec3m gh\u1ebf v\u0103n ph\u00f2ng G112 wp-image-3087 size-full\" title=\"\u0110\u1eb7c \u0111i\u1ec3m gh\u1ebf v\u0103n ph\u00f2ng G112\" src=\"http:\/\/qghome.vn\/wp-content\/uploads\/2022\/11\/dac-diem-ghe-van-phong-G112.jpg\" alt=\"\u0110\u1eb7c \u0111i\u1ec3m gh\u1ebf v\u0103n ph\u00f2ng G112\" width=\"800\" height=\"800\" srcset=\"https:\/\/luan.webrt.net\/qhome\/wp-content\/uploads\/2022\/11\/dac-diem-ghe-van-phong-G112.jpg 800w, https:\/\/luan.webrt.net\/qhome\/wp-content\/uploads\/2022\/11\/dac-diem-ghe-van-phong-G112-100x100.jpg 100w, https:\/\/luan.webrt.net\/qhome\/wp-content\/uploads\/2022\/11\/dac-diem-ghe-van-phong-G112-510x510.jpg 510w, https:\/\/luan.webrt.net\/qhome\/wp-content\/uploads\/2022\/11\/dac-diem-ghe-van-phong-G112-400x400.jpg 400w, https:\/\/luan.webrt.net\/qhome\/wp-content\/uploads\/2022\/11\/dac-diem-ghe-van-phong-G112-280x280.jpg 280w, https:\/\/luan.webrt.net\/qhome\/wp-content\/uploads\/2022\/11\/dac-diem-ghe-van-phong-G112-768x768.jpg 768w\" sizes=\"auto, (max-width: 800px) 100vw, 800px\" \/><figcaption id=\"caption-attachment-3087\" class=\"wp-caption-text\"><em>\u0110\u1eb7c \u0111i\u1ec3m gh\u1ebf v\u0103n ph\u00f2ng G112<\/em><\/figcaption><\/figure>\n<p>\u00a0<\/p>\n<h2><strong>3. C\u00e1ch l\u1eafp r\u00e1p<\/strong><\/h2>\n<p>H\u00e3y l\u1eafp theo s\u01a1 \u0111\u1ed3 sau ho\u1eb7c g\u1ecdi nhay Hotline: 0983 368 623 \u0111\u1ec3 \u0111\u01b0\u1ee3c t\u01b0 v\u1ea5n chi ti\u1ebft h\u01a1n v\u1ec1 b\u1ea5t k\u00ec s\u1ea3n ph\u1ea9m n\u00e0o.<\/p>\n<p>\u00a0<\/p>\n<figure id=\"attachment_3064\" aria-describedby=\"caption-attachment-3064\" style=\"width: 800px\" class=\"wp-caption aligncenter\"><img loading=\"lazy\" decoding=\"async\" class=\"size-full wp-image-3064\" src=\"http:\/\/qghome.vn\/wp-content\/uploads\/2022\/11\/cach-lap-rap-ghe-van-phong-G102.jpg\" alt=\"C\u00e1ch l\u1eafp r\u00e1p gh\u1ebf v\u0103n ph\u00f2ng G102\" width=\"800\" height=\"800\" srcset=\"https:\/\/luan.webrt.net\/qhome\/wp-content\/uploads\/2022\/11\/cach-lap-rap-ghe-van-phong-G102.jpg 800w, https:\/\/luan.webrt.net\/qhome\/wp-content\/uploads\/2022\/11\/cach-lap-rap-ghe-van-phong-G102-100x100.jpg 100w, https:\/\/luan.webrt.net\/qhome\/wp-content\/uploads\/2022\/11\/cach-lap-rap-ghe-van-phong-G102-510x510.jpg 510w, https:\/\/luan.webrt.net\/qhome\/wp-content\/uploads\/2022\/11\/cach-lap-rap-ghe-van-phong-G102-400x400.jpg 400w, https:\/\/luan.webrt.net\/qhome\/wp-content\/uploads\/2022\/11\/cach-lap-rap-ghe-van-phong-G102-280x280.jpg 280w, https:\/\/luan.webrt.net\/qhome\/wp-content\/uploads\/2022\/11\/cach-lap-rap-ghe-van-phong-G102-768x768.jpg 768w\" sizes=\"auto, (max-width: 800px) 100vw, 800px\" \/><figcaption id=\"caption-attachment-3064\" class=\"wp-caption-text\"><em>C\u00e1ch l\u1eafp r\u00e1p gh\u1ebf v\u0103n ph\u00f2ng G102<\/em><\/figcaption><\/figure>\n<div class=\"mceTemp\">\u00a0<\/div>\n<h2><strong>4. Quy tr\u00ecnh s\u1ea3n xu\u1ea5t s\u1ea3n ph\u1ea9m<\/strong><\/h2>\n<p>Quy tr\u00ecnh s\u1ea3n xu\u1ea5t ch\u1ea5u ch\u00e2u \u00c2u kh\u00e9p k\u00edm, mang l\u1ea1i ch\u1ea5t l\u01b0\u1ee3ng s\u1ea3n ph\u1ea9m \u0111\u00f4ng \u0111\u1ec1u 100%<\/p>\n<figure id=\"attachment_3074\" aria-describedby=\"caption-attachment-3074\" style=\"width: 800px\" class=\"wp-caption aligncenter\"><img loading=\"lazy\" decoding=\"async\" class=\"size-full wp-image-3074\" src=\"http:\/\/qghome.vn\/wp-content\/uploads\/2022\/11\/quy-trinh-san-xuat-ghe-van-phong-G102.jpg\" alt=\"Quy tr\u00ecnh s\u1ea3n xu\u1ea5t gh\u1ebf\" width=\"800\" height=\"800\" srcset=\"https:\/\/luan.webrt.net\/qhome\/wp-content\/uploads\/2022\/11\/quy-trinh-san-xuat-ghe-van-phong-G102.jpg 800w, https:\/\/luan.webrt.net\/qhome\/wp-content\/uploads\/2022\/11\/quy-trinh-san-xuat-ghe-van-phong-G102-100x100.jpg 100w, https:\/\/luan.webrt.net\/qhome\/wp-content\/uploads\/2022\/11\/quy-trinh-san-xuat-ghe-van-phong-G102-510x510.jpg 510w, https:\/\/luan.webrt.net\/qhome\/wp-content\/uploads\/2022\/11\/quy-trinh-san-xuat-ghe-van-phong-G102-400x400.jpg 400w, https:\/\/luan.webrt.net\/qhome\/wp-content\/uploads\/2022\/11\/quy-trinh-san-xuat-ghe-van-phong-G102-280x280.jpg 280w, https:\/\/luan.webrt.net\/qhome\/wp-content\/uploads\/2022\/11\/quy-trinh-san-xuat-ghe-van-phong-G102-768x768.jpg 768w\" sizes=\"auto, (max-width: 800px) 100vw, 800px\" \/><figcaption id=\"caption-attachment-3074\" class=\"wp-caption-text\"><em>Quy tr\u00ecnh s\u1ea3n xu\u1ea5t gh\u1ebf<\/em><\/figcaption><\/figure>\n","protected":false},"excerpt":{"rendered":"<p>Gh\u1ebf nh\u00e2n vi\u00ean QGNV04 \u0111\u1ef1c thi\u1ebft k\u1ebf theo ti\u00eau chu\u1ea9n ch\u00e2u \u00c2u, QGHome ti\u1ebfp nh\u1eadn d\u00e2y truy\u1ec1n \u0111\u01b0\u1ee3c c\u00e1c b\u00ean li\u00ean quan ch\u1ee9ng nh\u1eadn, \u0111\u1ea3m b\u1ea3o. Th\u1ef1c hi\u1ec7n s\u1ea3n xu\u1ea5t h\u00e0ng lo\u1ea1t v\u00e0 cho ra nh\u1eefng s\u1ea3n ph\u1ea9m \u0111\u00fang chu\u1ea9n v\u00e0 \u0111\u1eadm n\u00e9t nguy\u00ean b\u1ea3n. 1. Thi\u1ebft k\u1ebf Thi\u1ebft k\u1ebf v\u1edbi nhi\u1ec1u v\u1ecb tr\u00ed \u0111\u01b0\u1ee3c&#8230;<\/p>\n","protected":false},"featured_media":10986,"comment_status":"open","ping_status":"closed","template":"","meta":[],"product_cat":[217],"product_tag":[],"class_list":["post-3086","product","type-product","status-publish","has-post-thumbnail","hentry","product_cat-ghe-nhan-vien"],"yoast_head":"<!-- This site is optimized with the Yoast SEO plugin v19.9 - https:\/\/yoast.com\/wordpress\/plugins\/seo\/ -->\n<title>[S\u1ea3n ph\u1ea9m] Gh\u1ebf nh\u00e2n vi\u00ean QGNV04 - N\u1ed9i th\u1ea5t QGHome<\/title>\n<meta name=\"description\" content=\"S\u1ea3n ph\u1ea9m gh\u1ebf nh\u00e2n vi\u00ean QGNV04 thu\u1ed9c chu\u1ed7i s\u1ea3n ph\u1ea9m gh\u1ebf v\u00e0m vi\u1ec7c ph\u1ed5 th\u00f4ng. \u0110\u01b0\u1ee3c QGHome thi\u1ebft k\u1ebf, l\u1eafp r\u00e1p v\u00e0 giao h\u00e0ng. Hotline: 0968875005.\" \/>\n<meta name=\"robots\" content=\"index, follow, max-snippet:-1, max-image-preview:large, max-video-preview:-1\" \/>\n<link rel=\"canonical\" href=\"https:\/\/luan.webrt.net\/qhome\/san-pham\/ghe-nhan-vien-qgnv04\/\" \/>\n<meta property=\"og:locale\" content=\"vi_VN\" \/>\n<meta property=\"og:type\" content=\"article\" \/>\n<meta property=\"og:title\" content=\"[S\u1ea3n ph\u1ea9m] Gh\u1ebf nh\u00e2n vi\u00ean QGNV04 - N\u1ed9i th\u1ea5t QGHome\" \/>\n<meta property=\"og:description\" content=\"S\u1ea3n ph\u1ea9m gh\u1ebf nh\u00e2n vi\u00ean QGNV04 thu\u1ed9c chu\u1ed7i s\u1ea3n ph\u1ea9m gh\u1ebf v\u00e0m vi\u1ec7c ph\u1ed5 th\u00f4ng. \u0110\u01b0\u1ee3c QGHome thi\u1ebft k\u1ebf, l\u1eafp r\u00e1p v\u00e0 giao h\u00e0ng. Hotline: 0968875005.\" \/>\n<meta property=\"og:url\" content=\"https:\/\/luan.webrt.net\/qhome\/san-pham\/ghe-nhan-vien-qgnv04\/\" \/>\n<meta property=\"og:site_name\" content=\"M\u1eabu web n\u1ed9i th\u1ea5t\" \/>\n<meta property=\"article:publisher\" content=\"https:\/\/www.facebook.com\/noithatqghome\" \/>\n<meta property=\"article:modified_time\" content=\"2025-12-19T08:09:11+00:00\" \/>\n<meta property=\"og:image\" content=\"https:\/\/luan.webrt.net\/qhome\/wp-content\/uploads\/2022\/12\/Ghe-nhan-vien-QGNV04.jpg\" \/>\n\t<meta property=\"og:image:width\" content=\"900\" \/>\n\t<meta property=\"og:image:height\" content=\"900\" \/>\n\t<meta property=\"og:image:type\" content=\"image\/jpeg\" \/>\n<meta name=\"twitter:card\" content=\"summary_large_image\" \/>\n<meta name=\"twitter:label1\" content=\"\u01af\u1edbc t\u00ednh th\u1eddi gian \u0111\u1ecdc\" \/>\n\t<meta name=\"twitter:data1\" content=\"3 ph\u00fat\" \/>\n<script type=\"application\/ld+json\" class=\"yoast-schema-graph\">{\"@context\":\"https:\/\/schema.org\",\"@graph\":[{\"@type\":\"WebPage\",\"@id\":\"https:\/\/luan.webrt.net\/qhome\/san-pham\/ghe-nhan-vien-qgnv04\/\",\"url\":\"https:\/\/luan.webrt.net\/qhome\/san-pham\/ghe-nhan-vien-qgnv04\/\",\"name\":\"[S\u1ea3n ph\u1ea9m] Gh\u1ebf nh\u00e2n vi\u00ean QGNV04 - N\u1ed9i th\u1ea5t QGHome\",\"isPartOf\":{\"@id\":\"https:\/\/luan.webrt.net\/qhome\/#website\"},\"datePublished\":\"2022-11-16T09:46:02+00:00\",\"dateModified\":\"2025-12-19T08:09:11+00:00\",\"description\":\"S\u1ea3n ph\u1ea9m gh\u1ebf nh\u00e2n vi\u00ean QGNV04 thu\u1ed9c chu\u1ed7i s\u1ea3n ph\u1ea9m gh\u1ebf v\u00e0m vi\u1ec7c ph\u1ed5 th\u00f4ng. \u0110\u01b0\u1ee3c QGHome thi\u1ebft k\u1ebf, l\u1eafp r\u00e1p v\u00e0 giao h\u00e0ng. Hotline: 0968875005.\",\"breadcrumb\":{\"@id\":\"https:\/\/luan.webrt.net\/qhome\/san-pham\/ghe-nhan-vien-qgnv04\/#breadcrumb\"},\"inLanguage\":\"vi\",\"potentialAction\":[{\"@type\":\"ReadAction\",\"target\":[\"https:\/\/luan.webrt.net\/qhome\/san-pham\/ghe-nhan-vien-qgnv04\/\"]}]},{\"@type\":\"BreadcrumbList\",\"@id\":\"https:\/\/luan.webrt.net\/qhome\/san-pham\/ghe-nhan-vien-qgnv04\/#breadcrumb\",\"itemListElement\":[{\"@type\":\"ListItem\",\"position\":1,\"name\":\"Trang ch\u1ee7\",\"item\":\"https:\/\/luan.webrt.net\/qhome\/\"},{\"@type\":\"ListItem\",\"position\":2,\"name\":\"Shop\",\"item\":\"https:\/\/luan.webrt.net\/qhome\/shop\/\"},{\"@type\":\"ListItem\",\"position\":3,\"name\":\"Gh\u1ebf nh\u00e2n vi\u00ean QGNV04\"}]},{\"@type\":\"WebSite\",\"@id\":\"https:\/\/luan.webrt.net\/qhome\/#website\",\"url\":\"https:\/\/luan.webrt.net\/qhome\/\",\"name\":\"M\u1eabu web n\u1ed9i th\u1ea5t\",\"description\":\"QGHome Vi\u1ec7t Nam\",\"publisher\":{\"@id\":\"https:\/\/luan.webrt.net\/qhome\/#organization\"},\"potentialAction\":[{\"@type\":\"SearchAction\",\"target\":{\"@type\":\"EntryPoint\",\"urlTemplate\":\"https:\/\/luan.webrt.net\/qhome\/?s={search_term_string}\"},\"query-input\":\"required name=search_term_string\"}],\"inLanguage\":\"vi\"},{\"@type\":\"Organization\",\"@id\":\"https:\/\/luan.webrt.net\/qhome\/#organization\",\"name\":\"QGHome\",\"url\":\"https:\/\/luan.webrt.net\/qhome\/\",\"logo\":{\"@type\":\"ImageObject\",\"inLanguage\":\"vi\",\"@id\":\"https:\/\/luan.webrt.net\/qhome\/#\/schema\/logo\/image\/\",\"url\":\"https:\/\/qghome.vn\/wp-content\/uploads\/2025\/08\/logo-mau-MauTH-21.png\",\"contentUrl\":\"https:\/\/qghome.vn\/wp-content\/uploads\/2025\/08\/logo-mau-MauTH-21.png\",\"width\":253,\"height\":99,\"caption\":\"QGHome\"},\"image\":{\"@id\":\"https:\/\/luan.webrt.net\/qhome\/#\/schema\/logo\/image\/\"},\"sameAs\":[\"https:\/\/www.tiktok.com\/@qghome.official\",\"https:\/\/www.youtube.com\/channel\/UCeVBuKTXkv-u94DS421cklw\",\"https:\/\/www.facebook.com\/noithatqghome\"]}]}<\/script>\n<!-- \/ Yoast SEO plugin. -->","yoast_head_json":{"title":"[S\u1ea3n ph\u1ea9m] Gh\u1ebf nh\u00e2n vi\u00ean QGNV04 - N\u1ed9i th\u1ea5t QGHome","description":"S\u1ea3n ph\u1ea9m gh\u1ebf nh\u00e2n vi\u00ean QGNV04 thu\u1ed9c chu\u1ed7i s\u1ea3n ph\u1ea9m gh\u1ebf v\u00e0m vi\u1ec7c ph\u1ed5 th\u00f4ng. \u0110\u01b0\u1ee3c QGHome thi\u1ebft k\u1ebf, l\u1eafp r\u00e1p v\u00e0 giao h\u00e0ng. Hotline: 0968875005.","robots":{"index":"index","follow":"follow","max-snippet":"max-snippet:-1","max-image-preview":"max-image-preview:large","max-video-preview":"max-video-preview:-1"},"canonical":"https:\/\/luan.webrt.net\/qhome\/san-pham\/ghe-nhan-vien-qgnv04\/","og_locale":"vi_VN","og_type":"article","og_title":"[S\u1ea3n ph\u1ea9m] Gh\u1ebf nh\u00e2n vi\u00ean QGNV04 - N\u1ed9i th\u1ea5t QGHome","og_description":"S\u1ea3n ph\u1ea9m gh\u1ebf nh\u00e2n vi\u00ean QGNV04 thu\u1ed9c chu\u1ed7i s\u1ea3n ph\u1ea9m gh\u1ebf v\u00e0m vi\u1ec7c ph\u1ed5 th\u00f4ng. \u0110\u01b0\u1ee3c QGHome thi\u1ebft k\u1ebf, l\u1eafp r\u00e1p v\u00e0 giao h\u00e0ng. Hotline: 0968875005.","og_url":"https:\/\/luan.webrt.net\/qhome\/san-pham\/ghe-nhan-vien-qgnv04\/","og_site_name":"M\u1eabu web n\u1ed9i th\u1ea5t","article_publisher":"https:\/\/www.facebook.com\/noithatqghome","article_modified_time":"2025-12-19T08:09:11+00:00","og_image":[{"width":900,"height":900,"url":"https:\/\/luan.webrt.net\/qhome\/wp-content\/uploads\/2022\/12\/Ghe-nhan-vien-QGNV04.jpg","type":"image\/jpeg"}],"twitter_card":"summary_large_image","twitter_misc":{"\u01af\u1edbc t\u00ednh th\u1eddi gian \u0111\u1ecdc":"3 ph\u00fat"},"schema":{"@context":"https:\/\/schema.org","@graph":[{"@type":"WebPage","@id":"https:\/\/luan.webrt.net\/qhome\/san-pham\/ghe-nhan-vien-qgnv04\/","url":"https:\/\/luan.webrt.net\/qhome\/san-pham\/ghe-nhan-vien-qgnv04\/","name":"[S\u1ea3n ph\u1ea9m] Gh\u1ebf nh\u00e2n vi\u00ean QGNV04 - N\u1ed9i th\u1ea5t QGHome","isPartOf":{"@id":"https:\/\/luan.webrt.net\/qhome\/#website"},"datePublished":"2022-11-16T09:46:02+00:00","dateModified":"2025-12-19T08:09:11+00:00","description":"S\u1ea3n ph\u1ea9m gh\u1ebf nh\u00e2n vi\u00ean QGNV04 thu\u1ed9c chu\u1ed7i s\u1ea3n ph\u1ea9m gh\u1ebf v\u00e0m vi\u1ec7c ph\u1ed5 th\u00f4ng. \u0110\u01b0\u1ee3c QGHome thi\u1ebft k\u1ebf, l\u1eafp r\u00e1p v\u00e0 giao h\u00e0ng. Hotline: 0968875005.","breadcrumb":{"@id":"https:\/\/luan.webrt.net\/qhome\/san-pham\/ghe-nhan-vien-qgnv04\/#breadcrumb"},"inLanguage":"vi","potentialAction":[{"@type":"ReadAction","target":["https:\/\/luan.webrt.net\/qhome\/san-pham\/ghe-nhan-vien-qgnv04\/"]}]},{"@type":"BreadcrumbList","@id":"https:\/\/luan.webrt.net\/qhome\/san-pham\/ghe-nhan-vien-qgnv04\/#breadcrumb","itemListElement":[{"@type":"ListItem","position":1,"name":"Trang ch\u1ee7","item":"https:\/\/luan.webrt.net\/qhome\/"},{"@type":"ListItem","position":2,"name":"Shop","item":"https:\/\/luan.webrt.net\/qhome\/shop\/"},{"@type":"ListItem","position":3,"name":"Gh\u1ebf nh\u00e2n vi\u00ean QGNV04"}]},{"@type":"WebSite","@id":"https:\/\/luan.webrt.net\/qhome\/#website","url":"https:\/\/luan.webrt.net\/qhome\/","name":"M\u1eabu web n\u1ed9i th\u1ea5t","description":"QGHome Vi\u1ec7t Nam","publisher":{"@id":"https:\/\/luan.webrt.net\/qhome\/#organization"},"potentialAction":[{"@type":"SearchAction","target":{"@type":"EntryPoint","urlTemplate":"https:\/\/luan.webrt.net\/qhome\/?s={search_term_string}"},"query-input":"required name=search_term_string"}],"inLanguage":"vi"},{"@type":"Organization","@id":"https:\/\/luan.webrt.net\/qhome\/#organization","name":"QGHome","url":"https:\/\/luan.webrt.net\/qhome\/","logo":{"@type":"ImageObject","inLanguage":"vi","@id":"https:\/\/luan.webrt.net\/qhome\/#\/schema\/logo\/image\/","url":"https:\/\/qghome.vn\/wp-content\/uploads\/2025\/08\/logo-mau-MauTH-21.png","contentUrl":"https:\/\/qghome.vn\/wp-content\/uploads\/2025\/08\/logo-mau-MauTH-21.png","width":253,"height":99,"caption":"QGHome"},"image":{"@id":"https:\/\/luan.webrt.net\/qhome\/#\/schema\/logo\/image\/"},"sameAs":["https:\/\/www.tiktok.com\/@qghome.official","https:\/\/www.youtube.com\/channel\/UCeVBuKTXkv-u94DS421cklw","https:\/\/www.facebook.com\/noithatqghome"]}]}},"_links":{"self":[{"href":"https:\/\/luan.webrt.net\/qhome\/wp-json\/wp\/v2\/product\/3086","targetHints":{"allow":["GET"]}}],"collection":[{"href":"https:\/\/luan.webrt.net\/qhome\/wp-json\/wp\/v2\/product"}],"about":[{"href":"https:\/\/luan.webrt.net\/qhome\/wp-json\/wp\/v2\/types\/product"}],"replies":[{"embeddable":true,"href":"https:\/\/luan.webrt.net\/qhome\/wp-json\/wp\/v2\/comments?post=3086"}],"wp:featuredmedia":[{"embeddable":true,"href":"https:\/\/luan.webrt.net\/qhome\/wp-json\/wp\/v2\/media\/10986"}],"wp:attachment":[{"href":"https:\/\/luan.webrt.net\/qhome\/wp-json\/wp\/v2\/media?parent=3086"}],"wp:term":[{"taxonomy":"product_cat","embeddable":true,"href":"https:\/\/luan.webrt.net\/qhome\/wp-json\/wp\/v2\/product_cat?post=3086"},{"taxonomy":"product_tag","embeddable":true,"href":"https:\/\/luan.webrt.net\/qhome\/wp-json\/wp\/v2\/product_tag?post=3086"}],"curies":[{"name":"wp","href":"https:\/\/api.w.org\/{rel}","templated":true}]}}