{"id":3048,"date":"2022-11-16T04:32:07","date_gmt":"2022-11-16T04:32:07","guid":{"rendered":"https:\/\/qghome.vn\/?post_type=product&#038;p=3048"},"modified":"2025-11-13T07:06:16","modified_gmt":"2025-11-13T07:06:16","slug":"ghe-nhan-vien-qgnv01","status":"publish","type":"product","link":"https:\/\/luan.webrt.net\/qhome\/san-pham\/ghe-nhan-vien-qgnv01\/","title":{"rendered":"Gh\u1ebf nh\u00e2n vi\u00ean QGNV01"},"content":{"rendered":"<h2><strong>1. Thi\u1ebft k\u1ebf Ergonomics c\u1ee7a gh\u1ebf QGNV01<\/strong><\/h2>\n<p>Ergonomic c\u00f3 ngh\u0129a ti\u1ebfng Vi\u1ec7t l\u00e0 c\u00f4ng th\u00e1i h\u1ecdc, gh\u1ebf c\u00f3 thi\u1ebft k\u1ebf n\u00e0y gi\u00fap t\u1ea1o n\u00ean nh\u1eefng s\u1ea3n ph\u1ea9m th\u00edch \u1ee9ng t\u1ed1t v\u1edbi m\u00f4i tr\u01b0\u1eddng l\u00e0m vi\u1ec7c. Nh\u1eadn \u0111\u01b0\u1ee3c tr\u1ef1c ti\u1ebfp nh\u1eefng gi\u00e1 tr\u1ecb \u0111\u00f3 ch\u00ednh l\u00e0 ng\u01b0\u1eddi s\u1eed d\u1ee5ng, m\u00e0 \u1edf \u0111\u00e2y \u0111a ph\u1ea7n l\u00e0 nh\u1eefng ng\u01b0\u1eddi l\u00e0m v\u0103n ph\u00f2ng.<\/p>\n<figure id=\"attachment_3049\" aria-describedby=\"caption-attachment-3049\" style=\"width: 800px\" class=\"wp-caption aligncenter\"><img loading=\"lazy\" decoding=\"async\" class=\"size-full wp-image-3049\" src=\"http:\/\/qghome.vn\/wp-content\/uploads\/2022\/11\/banner-ghe-van-phong-G101.jpg\" alt=\"Banner gh\u1ebf v\u0103n ph\u00f2ng G101\" width=\"800\" height=\"800\" srcset=\"https:\/\/luan.webrt.net\/qhome\/wp-content\/uploads\/2022\/11\/banner-ghe-van-phong-G101.jpg 800w, https:\/\/luan.webrt.net\/qhome\/wp-content\/uploads\/2022\/11\/banner-ghe-van-phong-G101-100x100.jpg 100w, https:\/\/luan.webrt.net\/qhome\/wp-content\/uploads\/2022\/11\/banner-ghe-van-phong-G101-510x510.jpg 510w, https:\/\/luan.webrt.net\/qhome\/wp-content\/uploads\/2022\/11\/banner-ghe-van-phong-G101-400x400.jpg 400w, https:\/\/luan.webrt.net\/qhome\/wp-content\/uploads\/2022\/11\/banner-ghe-van-phong-G101-280x280.jpg 280w, https:\/\/luan.webrt.net\/qhome\/wp-content\/uploads\/2022\/11\/banner-ghe-van-phong-G101-768x768.jpg 768w\" sizes=\"auto, (max-width: 800px) 100vw, 800px\" \/><figcaption id=\"caption-attachment-3049\" class=\"wp-caption-text\"><em>Banner gh\u1ebf v\u0103n ph\u00f2ng G101<\/em><\/figcaption><\/figure>\n<figure id=\"attachment_3050\" aria-describedby=\"caption-attachment-3050\" style=\"width: 800px\" class=\"wp-caption aligncenter\"><img loading=\"lazy\" decoding=\"async\" class=\"size-full wp-image-3050\" src=\"http:\/\/qghome.vn\/wp-content\/uploads\/2022\/11\/dac-diem-ghe-van-phong-G101.jpg\" alt=\"\u0110\u1eb7c \u0111i\u1ec3m gh\u1ebf v\u0103n ph\u00f2ng G101\" width=\"800\" height=\"800\" srcset=\"https:\/\/luan.webrt.net\/qhome\/wp-content\/uploads\/2022\/11\/dac-diem-ghe-van-phong-G101.jpg 800w, https:\/\/luan.webrt.net\/qhome\/wp-content\/uploads\/2022\/11\/dac-diem-ghe-van-phong-G101-100x100.jpg 100w, https:\/\/luan.webrt.net\/qhome\/wp-content\/uploads\/2022\/11\/dac-diem-ghe-van-phong-G101-510x510.jpg 510w, https:\/\/luan.webrt.net\/qhome\/wp-content\/uploads\/2022\/11\/dac-diem-ghe-van-phong-G101-400x400.jpg 400w, https:\/\/luan.webrt.net\/qhome\/wp-content\/uploads\/2022\/11\/dac-diem-ghe-van-phong-G101-280x280.jpg 280w, https:\/\/luan.webrt.net\/qhome\/wp-content\/uploads\/2022\/11\/dac-diem-ghe-van-phong-G101-768x768.jpg 768w\" sizes=\"auto, (max-width: 800px) 100vw, 800px\" \/><figcaption id=\"caption-attachment-3050\" class=\"wp-caption-text\"><em>\u0110\u1eb7c \u0111i\u1ec3m gh\u1ebf v\u0103n ph\u00f2ng QGNV01<\/em><\/figcaption><\/figure>\n<div class=\"mceTemp\"><\/div>\n<h2><strong>2. K\u00edch th\u01b0\u1edbc<\/strong><\/h2>\n<p>\u0110\u01b0\u1ee3c l\u00e0m ra ph\u00f9 h\u1ee3p v\u1edbi \u0111a s\u1ed1 k\u00edch th\u1ee9c c\u1ee7a ng\u01b0\u1eddi Vi\u1ec7t Nam, b\u1ea1n c\u00f3 th\u1ec3 xem k\u00edch th\u1ee9c gh\u1ebf d\u01b0\u1edbi \u0111\u00e2y:<\/p>\n<figure id=\"attachment_3055\" aria-describedby=\"caption-attachment-3055\" style=\"width: 800px\" class=\"wp-caption aligncenter\"><img loading=\"lazy\" decoding=\"async\" class=\"size-full wp-image-3055\" src=\"http:\/\/qghome.vn\/wp-content\/uploads\/2022\/11\/kich-thuoc-ghe-van-phong-G101.jpg\" alt=\"K\u00edch th\u01b0\u1edbc gh\u1ebf v\u0103n ph\u00f2ng G101\" width=\"800\" height=\"800\" srcset=\"https:\/\/luan.webrt.net\/qhome\/wp-content\/uploads\/2022\/11\/kich-thuoc-ghe-van-phong-G101.jpg 800w, https:\/\/luan.webrt.net\/qhome\/wp-content\/uploads\/2022\/11\/kich-thuoc-ghe-van-phong-G101-100x100.jpg 100w, https:\/\/luan.webrt.net\/qhome\/wp-content\/uploads\/2022\/11\/kich-thuoc-ghe-van-phong-G101-510x510.jpg 510w, https:\/\/luan.webrt.net\/qhome\/wp-content\/uploads\/2022\/11\/kich-thuoc-ghe-van-phong-G101-400x400.jpg 400w, https:\/\/luan.webrt.net\/qhome\/wp-content\/uploads\/2022\/11\/kich-thuoc-ghe-van-phong-G101-280x280.jpg 280w, https:\/\/luan.webrt.net\/qhome\/wp-content\/uploads\/2022\/11\/kich-thuoc-ghe-van-phong-G101-768x768.jpg 768w\" sizes=\"auto, (max-width: 800px) 100vw, 800px\" \/><figcaption id=\"caption-attachment-3055\" class=\"wp-caption-text\"><em>K\u00edch th\u01b0\u1edbc gh\u1ebf v\u0103n ph\u00f2ng G101<\/em><\/figcaption><\/figure>\n<h2><strong>3. \u01afu \u0111i\u1ec3m c\u1ee7a ch\u1ea5t li\u1ec7u gh\u1ebf<\/strong><\/h2>\n<p>V\u1edbi c\u00e1c ch\u1ea5t li\u1ec7u th\u00e2n thi\u1ec7n v\u1edbi con ng\u01b0\u1eddi, thi\u1ebft k\u1ebf &#8220;Intimate&#8221; t\u1ea1o ra nh\u1eefng l\u1ee3i \u00edch t\u1edbi s\u1ee9c kh\u1ebbo v\u00e0 cu\u1ed9c s\u1ed1ng cho ng\u01b0\u1eddi s\u1eed d\u1ee5ng<\/p>\n<ul>\n<li>Thi\u1ebft k\u1ebf v\u1ecb tr\u00ed ng\u1ed3i c\u00f3 b\u1ecdt bi\u1ec3n \u0111\u1ec7m m\u00fat \u00eam \u00e1i.<\/li>\n<li>D\u00e1ng gh\u1ebf n\u00e2ng \u0111\u1ee1 ng\u01b0\u1eddi ng\u1ed3i m\u1ed9t c\u00e1ch tho\u1ea3i m\u00e1i.<\/li>\n<li>\u0110\u1ec7m l\u01b0ng \u0111\u01b0\u1ee3c l\u00e0m cong, tr\u1ef1c ti\u1ebfp n\u00e2ng \u0111\u1ee1 ph\u1ea7n x\u01b0\u01a1ng s\u1ed1ng c\u1ee7a ng\u01b0\u1eddi ng\u1ed3i.<\/li>\n<li>Kim lo\u1ea1i v\u1edbi c\u00e1c v\u1ecb tr\u00ed l\u1eafp r\u00e1p ch\u1eafc ch\u1eafn, t\u1ea1o c\u1ea3m gi\u00e1c ng\u1ed3i t\u1ed1t cho ng\u01b0\u1eddi d\u00f9ng trong th\u1eddi gian d\u00e0i.<\/li>\n<li>C\u00e1c m\u1ea5u b\u00e1m t\u1ea1i c\u00e1c v\u1ecb tr\u1ecb ch\u00e2n gh\u1ebf c\u00f3 kh\u1ea3 n\u0103ng ch\u1ed1ng tr\u01b0\u1ee3t t\u1ed1t.<\/li>\n<\/ul>\n<p><img loading=\"lazy\" decoding=\"async\" class=\"size-full wp-image-3056 aligncenter\" src=\"http:\/\/qghome.vn\/wp-content\/uploads\/2022\/11\/thiet-ke-ghe-van-phong-G101.jpg\" alt=\"Thi\u1ebft k\u1ebf gh\u1ebf v\u0103n ph\u00f2ng G101\" width=\"800\" height=\"800\" srcset=\"https:\/\/luan.webrt.net\/qhome\/wp-content\/uploads\/2022\/11\/thiet-ke-ghe-van-phong-G101.jpg 800w, https:\/\/luan.webrt.net\/qhome\/wp-content\/uploads\/2022\/11\/thiet-ke-ghe-van-phong-G101-100x100.jpg 100w, https:\/\/luan.webrt.net\/qhome\/wp-content\/uploads\/2022\/11\/thiet-ke-ghe-van-phong-G101-510x510.jpg 510w, https:\/\/luan.webrt.net\/qhome\/wp-content\/uploads\/2022\/11\/thiet-ke-ghe-van-phong-G101-400x400.jpg 400w, https:\/\/luan.webrt.net\/qhome\/wp-content\/uploads\/2022\/11\/thiet-ke-ghe-van-phong-G101-280x280.jpg 280w, https:\/\/luan.webrt.net\/qhome\/wp-content\/uploads\/2022\/11\/thiet-ke-ghe-van-phong-G101-768x768.jpg 768w\" sizes=\"auto, (max-width: 800px) 100vw, 800px\" \/><\/p>\n<p style=\"text-align: center;\"><em>Thi\u1ebft k\u1ebf gh\u1ebf v\u0103n ph\u00f2ng QGNV01<\/em><\/p>\n<h2><strong>4. Ph\u1ed1i c\u1ea3nh cho gh\u1ebf nh\u00e2n vi\u00ean QGNV01<\/strong><\/h2>\n<div class=\"mceTemp\"><\/div>\n<figure id=\"attachment_3060\" aria-describedby=\"caption-attachment-3060\" style=\"width: 800px\" class=\"wp-caption aligncenter\"><img loading=\"lazy\" decoding=\"async\" class=\"size-full wp-image-3060\" src=\"http:\/\/qghome.vn\/wp-content\/uploads\/2022\/11\/phoi-canh-ghe-van-phong-G101.jpg\" alt=\"Ph\u1ed1i c\u1ea3nh gh\u1ebf v\u0103n ph\u00f2ng G101\" width=\"800\" height=\"800\" srcset=\"https:\/\/luan.webrt.net\/qhome\/wp-content\/uploads\/2022\/11\/phoi-canh-ghe-van-phong-G101.jpg 800w, https:\/\/luan.webrt.net\/qhome\/wp-content\/uploads\/2022\/11\/phoi-canh-ghe-van-phong-G101-100x100.jpg 100w, https:\/\/luan.webrt.net\/qhome\/wp-content\/uploads\/2022\/11\/phoi-canh-ghe-van-phong-G101-510x510.jpg 510w, https:\/\/luan.webrt.net\/qhome\/wp-content\/uploads\/2022\/11\/phoi-canh-ghe-van-phong-G101-400x400.jpg 400w, https:\/\/luan.webrt.net\/qhome\/wp-content\/uploads\/2022\/11\/phoi-canh-ghe-van-phong-G101-280x280.jpg 280w, https:\/\/luan.webrt.net\/qhome\/wp-content\/uploads\/2022\/11\/phoi-canh-ghe-van-phong-G101-768x768.jpg 768w\" sizes=\"auto, (max-width: 800px) 100vw, 800px\" \/><figcaption id=\"caption-attachment-3060\" class=\"wp-caption-text\"><em>Ph\u1ed1i c\u1ea3nh gh\u1ebf v\u0103n ph\u00f2ng QGNV01<\/em><\/figcaption><\/figure>\n<figure id=\"attachment_3061\" aria-describedby=\"caption-attachment-3061\" style=\"width: 800px\" class=\"wp-caption aligncenter\"><img loading=\"lazy\" decoding=\"async\" class=\"size-full wp-image-3061\" src=\"http:\/\/qghome.vn\/wp-content\/uploads\/2022\/11\/phoi-canh-ghe-van-phong-G101-2.jpg\" alt=\"Ph\u1ed1i c\u1ea3nh gh\u1ebf v\u0103n ph\u00f2ng G101\" width=\"800\" height=\"800\" srcset=\"https:\/\/luan.webrt.net\/qhome\/wp-content\/uploads\/2022\/11\/phoi-canh-ghe-van-phong-G101-2.jpg 800w, https:\/\/luan.webrt.net\/qhome\/wp-content\/uploads\/2022\/11\/phoi-canh-ghe-van-phong-G101-2-100x100.jpg 100w, https:\/\/luan.webrt.net\/qhome\/wp-content\/uploads\/2022\/11\/phoi-canh-ghe-van-phong-G101-2-510x510.jpg 510w, https:\/\/luan.webrt.net\/qhome\/wp-content\/uploads\/2022\/11\/phoi-canh-ghe-van-phong-G101-2-400x400.jpg 400w, https:\/\/luan.webrt.net\/qhome\/wp-content\/uploads\/2022\/11\/phoi-canh-ghe-van-phong-G101-2-280x280.jpg 280w, https:\/\/luan.webrt.net\/qhome\/wp-content\/uploads\/2022\/11\/phoi-canh-ghe-van-phong-G101-2-768x768.jpg 768w\" sizes=\"auto, (max-width: 800px) 100vw, 800px\" \/><figcaption id=\"caption-attachment-3061\" class=\"wp-caption-text\"><em>Ph\u1ed1i c\u1ea3nh gh\u1ebf v\u0103n ph\u00f2ng QGNV01<\/em><\/figcaption><\/figure>\n<p>Gh\u1ebf v\u0103n ph\u00f2ng QGNV01 \u0111\u01b0\u1ee3c s\u1ea3n xu\u1ea5t v\u00e0 ph\u00e2n ph\u1ed1i b\u1edfi QGHome thi\u1ebft k\u1ebf d\u1ef1a tr\u00ean d\u00e2y chuy\u1ec1n c\u00f4ng ngh\u1ec7 hi\u1ec7n \u0111\u1ea1i \u2013 b\u1ea3o v\u1ec7 s\u1ee9c kh\u1ecfe ng\u01b0\u1eddi d\u00f9ng, h\u1ea1n ch\u1ebf m\u1eafc c\u00e1c b\u1ec7nh v\u0103n ph\u00f2ng. Gh\u1ebf ch\u00e2n qu\u1ef3 ph\u00f9 h\u1ee3p v\u1edbi kh\u00f4ng gian ph\u00f2ng h\u1ecdp, t\u1ea1o s\u1ef1 chuy\u00ean nghi\u1ec7p, k\u00edch th\u00edch t\u01b0 duy s\u00e1ng t\u1ea1o, n\u00e2ng cao n\u0103ng su\u1ea5t c\u00f4ng vi\u1ec7c.<\/p>\n<div class=\"host-bincmiainjofjnhchmcalkanjebghoen\" style=\"position: relative; z-index: 2147483647;\"><\/div>\n","protected":false},"excerpt":{"rendered":"<p>&nbsp;<\/p>\n<div class=\"host-bincmiainjofjnhchmcalkanjebghoen\" style=\"position: relative; z-index: 2147483647;\"><\/div>\n","protected":false},"featured_media":17278,"comment_status":"open","ping_status":"closed","template":"","meta":[],"product_cat":[217],"product_tag":[],"class_list":["post-3048","product","type-product","status-publish","has-post-thumbnail","hentry","product_cat-ghe-nhan-vien"],"yoast_head":"<!-- This site is optimized with the Yoast SEO plugin v19.9 - https:\/\/yoast.com\/wordpress\/plugins\/seo\/ -->\n<title>[S\u1ea3n ph\u1ea9m] Gh\u1ebf nh\u00e2n vi\u00ean QGNV01 - N\u1ed9i th\u1ea5t QGHome<\/title>\n<meta name=\"description\" content=\"S\u1ea3n ph\u1ea9m gh\u1ebf nh\u00e2n vi\u00ean QGNV01 thu\u1ed9c chu\u1ed7i s\u1ea3n ph\u1ea9m gh\u1ebf v\u00e0m vi\u1ec7c ph\u1ed5 th\u00f4ng. \u0110\u01b0\u1ee3c QGHome thi\u1ebft k\u1ebf, l\u1eafp r\u00e1p v\u00e0 giao h\u00e0ng. Hotline: 0968875005.\" \/>\n<meta name=\"robots\" content=\"index, follow, max-snippet:-1, max-image-preview:large, max-video-preview:-1\" \/>\n<link rel=\"canonical\" href=\"https:\/\/luan.webrt.net\/qhome\/san-pham\/ghe-nhan-vien-qgnv01\/\" \/>\n<meta property=\"og:locale\" content=\"vi_VN\" \/>\n<meta property=\"og:type\" content=\"article\" \/>\n<meta property=\"og:title\" content=\"[S\u1ea3n ph\u1ea9m] Gh\u1ebf nh\u00e2n vi\u00ean QGNV01 - N\u1ed9i th\u1ea5t QGHome\" \/>\n<meta property=\"og:description\" content=\"S\u1ea3n ph\u1ea9m gh\u1ebf nh\u00e2n vi\u00ean QGNV01 thu\u1ed9c chu\u1ed7i s\u1ea3n ph\u1ea9m gh\u1ebf v\u00e0m vi\u1ec7c ph\u1ed5 th\u00f4ng. \u0110\u01b0\u1ee3c QGHome thi\u1ebft k\u1ebf, l\u1eafp r\u00e1p v\u00e0 giao h\u00e0ng. Hotline: 0968875005.\" \/>\n<meta property=\"og:url\" content=\"https:\/\/luan.webrt.net\/qhome\/san-pham\/ghe-nhan-vien-qgnv01\/\" \/>\n<meta property=\"og:site_name\" content=\"M\u1eabu web n\u1ed9i th\u1ea5t\" \/>\n<meta property=\"article:publisher\" content=\"https:\/\/www.facebook.com\/noithatqghome\" \/>\n<meta property=\"article:modified_time\" content=\"2025-11-13T07:06:16+00:00\" \/>\n<meta property=\"og:image\" content=\"https:\/\/luan.webrt.net\/qhome\/wp-content\/uploads\/2022\/11\/ghe-nhan-vien-cao-cap.jpg\" \/>\n\t<meta property=\"og:image:width\" content=\"1200\" \/>\n\t<meta property=\"og:image:height\" content=\"1200\" \/>\n\t<meta property=\"og:image:type\" content=\"image\/jpeg\" \/>\n<meta name=\"twitter:card\" content=\"summary_large_image\" \/>\n<meta name=\"twitter:label1\" content=\"\u01af\u1edbc t\u00ednh th\u1eddi gian \u0111\u1ecdc\" \/>\n\t<meta name=\"twitter:data1\" content=\"4 ph\u00fat\" \/>\n<script type=\"application\/ld+json\" class=\"yoast-schema-graph\">{\"@context\":\"https:\/\/schema.org\",\"@graph\":[{\"@type\":\"WebPage\",\"@id\":\"https:\/\/luan.webrt.net\/qhome\/san-pham\/ghe-nhan-vien-qgnv01\/\",\"url\":\"https:\/\/luan.webrt.net\/qhome\/san-pham\/ghe-nhan-vien-qgnv01\/\",\"name\":\"[S\u1ea3n ph\u1ea9m] Gh\u1ebf nh\u00e2n vi\u00ean QGNV01 - N\u1ed9i th\u1ea5t QGHome\",\"isPartOf\":{\"@id\":\"https:\/\/luan.webrt.net\/qhome\/#website\"},\"datePublished\":\"2022-11-16T04:32:07+00:00\",\"dateModified\":\"2025-11-13T07:06:16+00:00\",\"description\":\"S\u1ea3n ph\u1ea9m gh\u1ebf nh\u00e2n vi\u00ean QGNV01 thu\u1ed9c chu\u1ed7i s\u1ea3n ph\u1ea9m gh\u1ebf v\u00e0m vi\u1ec7c ph\u1ed5 th\u00f4ng. \u0110\u01b0\u1ee3c QGHome thi\u1ebft k\u1ebf, l\u1eafp r\u00e1p v\u00e0 giao h\u00e0ng. Hotline: 0968875005.\",\"breadcrumb\":{\"@id\":\"https:\/\/luan.webrt.net\/qhome\/san-pham\/ghe-nhan-vien-qgnv01\/#breadcrumb\"},\"inLanguage\":\"vi\",\"potentialAction\":[{\"@type\":\"ReadAction\",\"target\":[\"https:\/\/luan.webrt.net\/qhome\/san-pham\/ghe-nhan-vien-qgnv01\/\"]}]},{\"@type\":\"BreadcrumbList\",\"@id\":\"https:\/\/luan.webrt.net\/qhome\/san-pham\/ghe-nhan-vien-qgnv01\/#breadcrumb\",\"itemListElement\":[{\"@type\":\"ListItem\",\"position\":1,\"name\":\"Trang ch\u1ee7\",\"item\":\"https:\/\/luan.webrt.net\/qhome\/\"},{\"@type\":\"ListItem\",\"position\":2,\"name\":\"Shop\",\"item\":\"https:\/\/luan.webrt.net\/qhome\/shop\/\"},{\"@type\":\"ListItem\",\"position\":3,\"name\":\"Gh\u1ebf nh\u00e2n vi\u00ean QGNV01\"}]},{\"@type\":\"WebSite\",\"@id\":\"https:\/\/luan.webrt.net\/qhome\/#website\",\"url\":\"https:\/\/luan.webrt.net\/qhome\/\",\"name\":\"M\u1eabu web n\u1ed9i th\u1ea5t\",\"description\":\"QGHome Vi\u1ec7t Nam\",\"publisher\":{\"@id\":\"https:\/\/luan.webrt.net\/qhome\/#organization\"},\"potentialAction\":[{\"@type\":\"SearchAction\",\"target\":{\"@type\":\"EntryPoint\",\"urlTemplate\":\"https:\/\/luan.webrt.net\/qhome\/?s={search_term_string}\"},\"query-input\":\"required name=search_term_string\"}],\"inLanguage\":\"vi\"},{\"@type\":\"Organization\",\"@id\":\"https:\/\/luan.webrt.net\/qhome\/#organization\",\"name\":\"QGHome\",\"url\":\"https:\/\/luan.webrt.net\/qhome\/\",\"logo\":{\"@type\":\"ImageObject\",\"inLanguage\":\"vi\",\"@id\":\"https:\/\/luan.webrt.net\/qhome\/#\/schema\/logo\/image\/\",\"url\":\"https:\/\/qghome.vn\/wp-content\/uploads\/2025\/08\/logo-mau-MauTH-21.png\",\"contentUrl\":\"https:\/\/qghome.vn\/wp-content\/uploads\/2025\/08\/logo-mau-MauTH-21.png\",\"width\":253,\"height\":99,\"caption\":\"QGHome\"},\"image\":{\"@id\":\"https:\/\/luan.webrt.net\/qhome\/#\/schema\/logo\/image\/\"},\"sameAs\":[\"https:\/\/www.tiktok.com\/@qghome.official\",\"https:\/\/www.youtube.com\/channel\/UCeVBuKTXkv-u94DS421cklw\",\"https:\/\/www.facebook.com\/noithatqghome\"]}]}<\/script>\n<!-- \/ Yoast SEO plugin. -->","yoast_head_json":{"title":"[S\u1ea3n ph\u1ea9m] Gh\u1ebf nh\u00e2n vi\u00ean QGNV01 - N\u1ed9i th\u1ea5t QGHome","description":"S\u1ea3n ph\u1ea9m gh\u1ebf nh\u00e2n vi\u00ean QGNV01 thu\u1ed9c chu\u1ed7i s\u1ea3n ph\u1ea9m gh\u1ebf v\u00e0m vi\u1ec7c ph\u1ed5 th\u00f4ng. \u0110\u01b0\u1ee3c QGHome thi\u1ebft k\u1ebf, l\u1eafp r\u00e1p v\u00e0 giao h\u00e0ng. Hotline: 0968875005.","robots":{"index":"index","follow":"follow","max-snippet":"max-snippet:-1","max-image-preview":"max-image-preview:large","max-video-preview":"max-video-preview:-1"},"canonical":"https:\/\/luan.webrt.net\/qhome\/san-pham\/ghe-nhan-vien-qgnv01\/","og_locale":"vi_VN","og_type":"article","og_title":"[S\u1ea3n ph\u1ea9m] Gh\u1ebf nh\u00e2n vi\u00ean QGNV01 - N\u1ed9i th\u1ea5t QGHome","og_description":"S\u1ea3n ph\u1ea9m gh\u1ebf nh\u00e2n vi\u00ean QGNV01 thu\u1ed9c chu\u1ed7i s\u1ea3n ph\u1ea9m gh\u1ebf v\u00e0m vi\u1ec7c ph\u1ed5 th\u00f4ng. \u0110\u01b0\u1ee3c QGHome thi\u1ebft k\u1ebf, l\u1eafp r\u00e1p v\u00e0 giao h\u00e0ng. Hotline: 0968875005.","og_url":"https:\/\/luan.webrt.net\/qhome\/san-pham\/ghe-nhan-vien-qgnv01\/","og_site_name":"M\u1eabu web n\u1ed9i th\u1ea5t","article_publisher":"https:\/\/www.facebook.com\/noithatqghome","article_modified_time":"2025-11-13T07:06:16+00:00","og_image":[{"width":1200,"height":1200,"url":"https:\/\/luan.webrt.net\/qhome\/wp-content\/uploads\/2022\/11\/ghe-nhan-vien-cao-cap.jpg","type":"image\/jpeg"}],"twitter_card":"summary_large_image","twitter_misc":{"\u01af\u1edbc t\u00ednh th\u1eddi gian \u0111\u1ecdc":"4 ph\u00fat"},"schema":{"@context":"https:\/\/schema.org","@graph":[{"@type":"WebPage","@id":"https:\/\/luan.webrt.net\/qhome\/san-pham\/ghe-nhan-vien-qgnv01\/","url":"https:\/\/luan.webrt.net\/qhome\/san-pham\/ghe-nhan-vien-qgnv01\/","name":"[S\u1ea3n ph\u1ea9m] Gh\u1ebf nh\u00e2n vi\u00ean QGNV01 - N\u1ed9i th\u1ea5t QGHome","isPartOf":{"@id":"https:\/\/luan.webrt.net\/qhome\/#website"},"datePublished":"2022-11-16T04:32:07+00:00","dateModified":"2025-11-13T07:06:16+00:00","description":"S\u1ea3n ph\u1ea9m gh\u1ebf nh\u00e2n vi\u00ean QGNV01 thu\u1ed9c chu\u1ed7i s\u1ea3n ph\u1ea9m gh\u1ebf v\u00e0m vi\u1ec7c ph\u1ed5 th\u00f4ng. \u0110\u01b0\u1ee3c QGHome thi\u1ebft k\u1ebf, l\u1eafp r\u00e1p v\u00e0 giao h\u00e0ng. Hotline: 0968875005.","breadcrumb":{"@id":"https:\/\/luan.webrt.net\/qhome\/san-pham\/ghe-nhan-vien-qgnv01\/#breadcrumb"},"inLanguage":"vi","potentialAction":[{"@type":"ReadAction","target":["https:\/\/luan.webrt.net\/qhome\/san-pham\/ghe-nhan-vien-qgnv01\/"]}]},{"@type":"BreadcrumbList","@id":"https:\/\/luan.webrt.net\/qhome\/san-pham\/ghe-nhan-vien-qgnv01\/#breadcrumb","itemListElement":[{"@type":"ListItem","position":1,"name":"Trang ch\u1ee7","item":"https:\/\/luan.webrt.net\/qhome\/"},{"@type":"ListItem","position":2,"name":"Shop","item":"https:\/\/luan.webrt.net\/qhome\/shop\/"},{"@type":"ListItem","position":3,"name":"Gh\u1ebf nh\u00e2n vi\u00ean QGNV01"}]},{"@type":"WebSite","@id":"https:\/\/luan.webrt.net\/qhome\/#website","url":"https:\/\/luan.webrt.net\/qhome\/","name":"M\u1eabu web n\u1ed9i th\u1ea5t","description":"QGHome Vi\u1ec7t Nam","publisher":{"@id":"https:\/\/luan.webrt.net\/qhome\/#organization"},"potentialAction":[{"@type":"SearchAction","target":{"@type":"EntryPoint","urlTemplate":"https:\/\/luan.webrt.net\/qhome\/?s={search_term_string}"},"query-input":"required name=search_term_string"}],"inLanguage":"vi"},{"@type":"Organization","@id":"https:\/\/luan.webrt.net\/qhome\/#organization","name":"QGHome","url":"https:\/\/luan.webrt.net\/qhome\/","logo":{"@type":"ImageObject","inLanguage":"vi","@id":"https:\/\/luan.webrt.net\/qhome\/#\/schema\/logo\/image\/","url":"https:\/\/qghome.vn\/wp-content\/uploads\/2025\/08\/logo-mau-MauTH-21.png","contentUrl":"https:\/\/qghome.vn\/wp-content\/uploads\/2025\/08\/logo-mau-MauTH-21.png","width":253,"height":99,"caption":"QGHome"},"image":{"@id":"https:\/\/luan.webrt.net\/qhome\/#\/schema\/logo\/image\/"},"sameAs":["https:\/\/www.tiktok.com\/@qghome.official","https:\/\/www.youtube.com\/channel\/UCeVBuKTXkv-u94DS421cklw","https:\/\/www.facebook.com\/noithatqghome"]}]}},"_links":{"self":[{"href":"https:\/\/luan.webrt.net\/qhome\/wp-json\/wp\/v2\/product\/3048","targetHints":{"allow":["GET"]}}],"collection":[{"href":"https:\/\/luan.webrt.net\/qhome\/wp-json\/wp\/v2\/product"}],"about":[{"href":"https:\/\/luan.webrt.net\/qhome\/wp-json\/wp\/v2\/types\/product"}],"replies":[{"embeddable":true,"href":"https:\/\/luan.webrt.net\/qhome\/wp-json\/wp\/v2\/comments?post=3048"}],"wp:featuredmedia":[{"embeddable":true,"href":"https:\/\/luan.webrt.net\/qhome\/wp-json\/wp\/v2\/media\/17278"}],"wp:attachment":[{"href":"https:\/\/luan.webrt.net\/qhome\/wp-json\/wp\/v2\/media?parent=3048"}],"wp:term":[{"taxonomy":"product_cat","embeddable":true,"href":"https:\/\/luan.webrt.net\/qhome\/wp-json\/wp\/v2\/product_cat?post=3048"},{"taxonomy":"product_tag","embeddable":true,"href":"https:\/\/luan.webrt.net\/qhome\/wp-json\/wp\/v2\/product_tag?post=3048"}],"curies":[{"name":"wp","href":"https:\/\/api.w.org\/{rel}","templated":true}]}}