{"id":26648,"date":"2025-12-17T06:24:50","date_gmt":"2025-12-17T06:24:50","guid":{"rendered":"https:\/\/qghome.vn\/?post_type=product&#038;p=26648"},"modified":"2025-12-18T10:24:32","modified_gmt":"2025-12-18T10:24:32","slug":"tu-thuoc-gia-dinh-go-cong-nghiep-tt04","status":"publish","type":"product","link":"https:\/\/luan.webrt.net\/qhome\/san-pham\/tu-thuoc-gia-dinh-go-cong-nghiep-tt04\/","title":{"rendered":"T\u1ee7 thu\u1ed1c gia \u0111\u00ecnh g\u1ed7 c\u00f4ng nghi\u1ec7p TT04"},"content":{"rendered":"<p data-start=\"383\" data-end=\"688\"><span style=\"color: #000000;\"><strong data-start=\"383\" data-end=\"443\">Ch\u1ea5t li\u1ec7u g\u1ed7 c\u00f4ng nghi\u1ec7p MDF \u2013 B\u1ec1n, \u1ed5n \u0111\u1ecbnh, d\u1ec5 b\u1ea3o qu\u1ea3n<\/strong><\/span><br data-start=\"443\" data-end=\"446\" \/><span style=\"color: #000000;\">T\u1ee7 \u0111\u01b0\u1ee3c l\u00e0m t\u1eeb <strong data-start=\"461\" data-end=\"483\">g\u1ed7 c\u00f4ng nghi\u1ec7p MDF<\/strong>, c\u00f3 k\u1ebft c\u1ea5u ch\u1eafc ch\u1eafn, \u00edt cong v\u00eanh v\u00e0 ph\u00f9 h\u1ee3p v\u1edbi \u0111i\u1ec1u ki\u1ec7n m\u00f4i tr\u01b0\u1eddng trong nh\u00e0. B\u1ec1 m\u1eb7t g\u1ed7 \u0111\u01b0\u1ee3c x\u1eed l\u00fd m\u1ecbn, gi\u1eef \u0111\u01b0\u1ee3c m\u00e0u s\u1eafc t\u1ef1 nhi\u00ean, d\u1ec5 lau ch\u00f9i v\u00e0 \u0111\u1ea3m b\u1ea3o t\u00ednh th\u1ea9m m\u1ef9 l\u00e2u d\u00e0i trong qu\u00e1 tr\u00ecnh s\u1eed d\u1ee5ng.<\/span><\/p>\n<p><img loading=\"lazy\" decoding=\"async\" class=\"size-full wp-image-26690 aligncenter\" src=\"https:\/\/qghome.vn\/wp-content\/uploads\/2025\/12\/images.jpeg\" alt=\"thiet-ke-mau-tu-thuoc-hinh-ngoi-nha\" width=\"194\" height=\"259\" \/><\/p>\n<p data-start=\"690\" data-end=\"1016\"><span style=\"color: #000000;\"><strong data-start=\"690\" data-end=\"735\">Thi\u1ebft k\u1ebf c\u1eeda \u0111\u00f4i \u2013 Thu\u1eadn ti\u1ec7n khi s\u1eed d\u1ee5ng<\/strong><\/span><br data-start=\"735\" data-end=\"738\" \/><span style=\"color: #000000;\">C\u1eeda t\u1ee7 d\u1ea1ng \u0111\u00f4i, m\u1edf \u0111\u00f3ng nh\u1eb9 nh\u00e0ng, gi\u00fap ng\u01b0\u1eddi d\u00f9ng d\u1ec5 d\u00e0ng thao t\u00e1c v\u00e0 quan s\u00e1t to\u00e0n b\u1ed9 kh\u00f4ng gian b\u00ean trong. Ph\u1ea7n c\u1eeda k\u00ednh trong su\u1ed1t k\u1ebft h\u1ee3p bi\u1ec3u t\u01b0\u1ee3ng d\u1ea5u th\u1eadp \u0111\u1ecf gi\u00fap nh\u1eadn bi\u1ebft nhanh \u0111\u00e2y l\u00e0 t\u1ee7 thu\u1ed1c, \u0111\u1eb7c bi\u1ec7t h\u1eefu \u00edch trong c\u00e1c t\u00ecnh hu\u1ed1ng c\u1ea7n l\u1ea5y thu\u1ed1c ho\u1eb7c v\u1eadt t\u01b0 y t\u1ebf g\u1ea5p.<\/span><\/p>\n<p data-start=\"1018\" data-end=\"1308\"><span style=\"color: #000000;\"><strong data-start=\"1018\" data-end=\"1065\">B\u1ed1 tr\u00ed ng\u0103n khoa h\u1ecdc \u2013 D\u1ec5 s\u1eafp x\u1ebfp thu\u1ed1c men<\/strong><\/span><br data-start=\"1065\" data-end=\"1068\" \/><span style=\"color: #000000;\">Kh\u00f4ng gian b\u00ean trong \u0111\u01b0\u1ee3c chia ng\u0103n h\u1ee3p l\u00fd, ph\u00f9 h\u1ee3p \u0111\u1ec3 ph\u00e2n lo\u1ea1i thu\u1ed1c u\u1ed1ng, thu\u1ed1c b\u00f4i, b\u00f4ng b\u0103ng, d\u1ee5ng c\u1ee5 s\u01a1 c\u1ee9u v\u00e0 c\u00e1c v\u1eadt d\u1ee5ng y t\u1ebf c\u1ea7n thi\u1ebft kh\u00e1c. Vi\u1ec7c s\u1eafp x\u1ebfp r\u00f5 r\u00e0ng gi\u00fap tr\u00e1nh th\u1ea5t l\u1ea1c, h\u1ea1n ch\u1ebf nh\u1ea7m l\u1eabn v\u00e0 d\u1ec5 ki\u1ec3m so\u00e1t thu\u1ed1c h\u1ebft h\u1ea1n.<\/span><\/p>\n<p><img loading=\"lazy\" decoding=\"async\" class=\"size-medium wp-image-26601 aligncenter\" src=\"https:\/\/qghome.vn\/wp-content\/uploads\/2025\/12\/11f908f832f7bda9e4e6-397x400.jpg\" alt=\"Tu - thuoc\" width=\"397\" height=\"400\" srcset=\"https:\/\/luan.webrt.net\/qhome\/wp-content\/uploads\/2025\/12\/11f908f832f7bda9e4e6-397x400.jpg 397w, https:\/\/luan.webrt.net\/qhome\/wp-content\/uploads\/2025\/12\/11f908f832f7bda9e4e6-510x514.jpg 510w, https:\/\/luan.webrt.net\/qhome\/wp-content\/uploads\/2025\/12\/11f908f832f7bda9e4e6-100x100.jpg 100w, https:\/\/luan.webrt.net\/qhome\/wp-content\/uploads\/2025\/12\/11f908f832f7bda9e4e6.jpg 567w\" sizes=\"auto, (max-width: 397px) 100vw, 397px\" \/><\/p>\n<p data-start=\"1310\" data-end=\"1556\"><span style=\"color: #000000;\"><strong data-start=\"1310\" data-end=\"1346\">Ph\u00f9 h\u1ee3p nhi\u1ec1u kh\u00f4ng gian s\u1eed d\u1ee5ng<\/strong><\/span><br data-start=\"1346\" data-end=\"1349\" \/><span style=\"color: #000000;\">V\u1edbi k\u00edch th\u01b0\u1edbc v\u1eeba ph\u1ea3i, t\u1ee7 c\u00f3 th\u1ec3 \u0111\u1eb7t tr\u00ean k\u1ec7, t\u1ee7 trang tr\u00ed ho\u1eb7c treo t\u01b0\u1eddng t\u00f9y nhu c\u1ea7u. Ki\u1ec3u d\u00e1ng g\u1ecdn g\u00e0ng, m\u00e0u g\u1ed7 s\u00e1ng gi\u00fap t\u1ee7 d\u1ec5 d\u00e0ng h\u00e0i h\u00f2a v\u1edbi n\u1ed9i th\u1ea5t gia \u0111\u00ecnh, c\u0103n h\u1ed9, v\u0103n ph\u00f2ng ho\u1eb7c ph\u00f2ng y t\u1ebf nh\u1ecf.<\/span><\/p>\n<p data-start=\"1558\" data-end=\"1776\"><span style=\"color: #000000;\"><strong data-start=\"1558\" data-end=\"1596\">Gi\u00e1 tr\u1ecb thi\u1ebft y\u1ebfu cho m\u1ed7i gia \u0111\u00ecnh<\/strong><\/span><br data-start=\"1596\" data-end=\"1599\" \/><span style=\"color: #000000;\">T\u1ee7 thu\u1ed1c kh\u00f4ng ch\u1ec9 l\u00e0 n\u01a1i c\u1ea5t gi\u1eef thu\u1ed1c, m\u00e0 c\u00f2n gi\u00fap m\u1ed7i gia \u0111\u00ecnh ch\u1ee7 \u0111\u1ed9ng h\u01a1n trong vi\u1ec7c ch\u0103m s\u00f3c s\u1ee9c kh\u1ecfe, s\u1eb5n s\u00e0ng x\u1eed l\u00fd c\u00e1c t\u00ecnh hu\u1ed1ng y t\u1ebf c\u01a1 b\u1ea3n trong cu\u1ed9c s\u1ed1ng h\u1eb1ng ng\u00e0y.<\/span><\/p>\n<p data-start=\"1778\" data-end=\"1797\"><span style=\"color: #000000;\"><strong data-start=\"1778\" data-end=\"1797\">\u01afu \u0111i\u1ec3m n\u1ed5i b\u1eadt<\/strong><\/span><\/p>\n<ul data-start=\"1798\" data-end=\"1974\">\n<li data-start=\"1798\" data-end=\"1833\">\n<p data-start=\"1800\" data-end=\"1833\"><span style=\"color: #000000;\">G\u1ed7 c\u00f4ng nghi\u1ec7p MDF b\u1ec1n, \u1ed5n \u0111\u1ecbnh<\/span><\/p>\n<\/li>\n<li data-start=\"1834\" data-end=\"1870\">\n<p data-start=\"1836\" data-end=\"1870\"><span style=\"color: #000000;\">C\u1eeda k\u00ednh trong su\u1ed1t, d\u1ec5 quan s\u00e1t<\/span><\/p>\n<\/li>\n<li data-start=\"1871\" data-end=\"1900\">\n<p data-start=\"1873\" data-end=\"1900\"><span style=\"color: #000000;\">Thi\u1ebft k\u1ebf c\u1eeda \u0111\u00f4i ti\u1ec7n l\u1ee3i<\/span><\/p>\n<\/li>\n<li data-start=\"1901\" data-end=\"1935\">\n<p data-start=\"1903\" data-end=\"1935\"><span style=\"color: #000000;\">Ng\u0103n chia khoa h\u1ecdc, d\u1ec5 s\u1eed d\u1ee5ng<\/span><\/p>\n<\/li>\n<li data-start=\"1936\" data-end=\"1974\">\n<p data-start=\"1938\" data-end=\"1974\"><span style=\"color: #000000;\">Ph\u00f9 h\u1ee3p nhi\u1ec1u kh\u00f4ng gian sinh ho\u1ea1t<\/span><\/p>\n<\/li>\n<\/ul>\n<div class=\"host-bincmiainjofjnhchmcalkanjebghoen\" style=\"position: relative; z-index: 2147483647;\"><\/div>\n<div class=\"host-bincmiainjofjnhchmcalkanjebghoen\" style=\"position: relative; z-index: 2147483647;\"><\/div>\n","protected":false},"excerpt":{"rendered":"<ul data-start=\"1829\" data-end=\"2090\">\n<li data-start=\"1829\" data-end=\"1876\">\n<p data-start=\"1831\" data-end=\"1876\"><span style=\"color: #000000;\">G\u1ed7 c\u00f4ng nghi\u1ec7p MDF b\u1ec1n, \u1ed5n \u0111\u1ecbnh, d\u1ec5 v\u1ec7 sinh<\/span><\/p>\n<\/li>\n<li data-start=\"1877\" data-end=\"1930\">\n<p data-start=\"1879\" data-end=\"1930\"><span style=\"color: #000000;\">Thi\u1ebft k\u1ebf treo t\u01b0\u1eddng g\u1ecdn g\u00e0ng, ti\u1ebft ki\u1ec7m di\u1ec7n t\u00edch<\/span><\/p>\n<\/li>\n<li data-start=\"1931\" data-end=\"1983\">\n<p data-start=\"1933\" data-end=\"1983\"><span style=\"color: #000000;\">C\u1eeda k\u00ednh trong su\u1ed1t, d\u1ec5 quan s\u00e1t thu\u1ed1c b\u00ean trong<\/span><\/p>\n<\/li>\n<li data-start=\"1984\" data-end=\"2038\">\n<p data-start=\"1986\" data-end=\"2038\"><span style=\"color: #000000;\">Ng\u0103n chia h\u1ee3p l\u00fd, thu\u1eadn ti\u1ec7n cho s\u1eed d\u1ee5ng h\u1eb1ng ng\u00e0y<\/span><\/p>\n<\/li>\n<\/ul>\n<div class=\"host-bincmiainjofjnhchmcalkanjebghoen\" style=\"position: relative; z-index: 2147483647;\"><\/div>\n<div class=\"host-bincmiainjofjnhchmcalkanjebghoen\" style=\"position: relative; z-index: 2147483647;\"><\/div>\n","protected":false},"featured_media":26606,"comment_status":"open","ping_status":"closed","template":"","meta":[],"product_cat":[575],"product_tag":[],"class_list":["post-26648","product","type-product","status-publish","has-post-thumbnail","hentry","product_cat-noi-that-nha-thuoc"],"yoast_head":"<!-- This site is optimized with the Yoast SEO plugin v19.9 - https:\/\/yoast.com\/wordpress\/plugins\/seo\/ -->\n<title>T\u1ee7 thu\u1ed1c gia \u0111\u00ecnh g\u1ed7 c\u00f4ng nghi\u1ec7p TT04<\/title>\n<meta name=\"description\" content=\"T\u1ee7 thu\u1ed1c gia \u0111\u00ecnh g\u1ed7 MDF l\u00e0 gi\u1ea3i ph\u00e1p th\u1ef1c t\u1ebf gi\u00fap gi\u1eef thu\u1ed1c men g\u1ecdn g\u00e0ng, an to\u00e0n v\u00e0 lu\u00f4n s\u1eb5n s\u00e0ng khi c\u1ea7n thi\u1ebft, mang l\u1ea1i s\u1ef1 y\u00ean t\u00e2m cho c\u1ea3 gia \u0111\u00ecnh.\" \/>\n<meta name=\"robots\" content=\"index, follow, max-snippet:-1, max-image-preview:large, max-video-preview:-1\" \/>\n<link rel=\"canonical\" href=\"https:\/\/luan.webrt.net\/qhome\/san-pham\/tu-thuoc-gia-dinh-go-cong-nghiep-tt04\/\" \/>\n<meta property=\"og:locale\" content=\"vi_VN\" \/>\n<meta property=\"og:type\" content=\"article\" \/>\n<meta property=\"og:title\" content=\"T\u1ee7 thu\u1ed1c gia \u0111\u00ecnh g\u1ed7 c\u00f4ng nghi\u1ec7p TT04\" \/>\n<meta property=\"og:description\" content=\"T\u1ee7 thu\u1ed1c gia \u0111\u00ecnh g\u1ed7 MDF l\u00e0 gi\u1ea3i ph\u00e1p th\u1ef1c t\u1ebf gi\u00fap gi\u1eef thu\u1ed1c men g\u1ecdn g\u00e0ng, an to\u00e0n v\u00e0 lu\u00f4n s\u1eb5n s\u00e0ng khi c\u1ea7n thi\u1ebft, mang l\u1ea1i s\u1ef1 y\u00ean t\u00e2m cho c\u1ea3 gia \u0111\u00ecnh.\" \/>\n<meta property=\"og:url\" content=\"https:\/\/luan.webrt.net\/qhome\/san-pham\/tu-thuoc-gia-dinh-go-cong-nghiep-tt04\/\" \/>\n<meta property=\"og:site_name\" content=\"M\u1eabu web n\u1ed9i th\u1ea5t\" \/>\n<meta property=\"article:publisher\" content=\"https:\/\/www.facebook.com\/noithatqghome\" \/>\n<meta property=\"article:modified_time\" content=\"2025-12-18T10:24:32+00:00\" \/>\n<meta property=\"og:image\" content=\"https:\/\/luan.webrt.net\/qhome\/wp-content\/uploads\/2025\/12\/8480a2e66ee9e1b7b8f8.jpg\" \/>\n\t<meta property=\"og:image:width\" content=\"581\" \/>\n\t<meta property=\"og:image:height\" content=\"583\" \/>\n\t<meta property=\"og:image:type\" content=\"image\/jpeg\" \/>\n<meta name=\"twitter:card\" content=\"summary_large_image\" \/>\n<meta name=\"twitter:label1\" content=\"\u01af\u1edbc t\u00ednh th\u1eddi gian \u0111\u1ecdc\" \/>\n\t<meta name=\"twitter:data1\" content=\"3 ph\u00fat\" \/>\n<script type=\"application\/ld+json\" class=\"yoast-schema-graph\">{\"@context\":\"https:\/\/schema.org\",\"@graph\":[{\"@type\":\"WebPage\",\"@id\":\"https:\/\/luan.webrt.net\/qhome\/san-pham\/tu-thuoc-gia-dinh-go-cong-nghiep-tt04\/\",\"url\":\"https:\/\/luan.webrt.net\/qhome\/san-pham\/tu-thuoc-gia-dinh-go-cong-nghiep-tt04\/\",\"name\":\"T\u1ee7 thu\u1ed1c gia \u0111\u00ecnh g\u1ed7 c\u00f4ng nghi\u1ec7p TT04\",\"isPartOf\":{\"@id\":\"https:\/\/luan.webrt.net\/qhome\/#website\"},\"datePublished\":\"2025-12-17T06:24:50+00:00\",\"dateModified\":\"2025-12-18T10:24:32+00:00\",\"description\":\"T\u1ee7 thu\u1ed1c gia \u0111\u00ecnh g\u1ed7 MDF l\u00e0 gi\u1ea3i ph\u00e1p th\u1ef1c t\u1ebf gi\u00fap gi\u1eef thu\u1ed1c men g\u1ecdn g\u00e0ng, an to\u00e0n v\u00e0 lu\u00f4n s\u1eb5n s\u00e0ng khi c\u1ea7n thi\u1ebft, mang l\u1ea1i s\u1ef1 y\u00ean t\u00e2m cho c\u1ea3 gia \u0111\u00ecnh.\",\"breadcrumb\":{\"@id\":\"https:\/\/luan.webrt.net\/qhome\/san-pham\/tu-thuoc-gia-dinh-go-cong-nghiep-tt04\/#breadcrumb\"},\"inLanguage\":\"vi\",\"potentialAction\":[{\"@type\":\"ReadAction\",\"target\":[\"https:\/\/luan.webrt.net\/qhome\/san-pham\/tu-thuoc-gia-dinh-go-cong-nghiep-tt04\/\"]}]},{\"@type\":\"BreadcrumbList\",\"@id\":\"https:\/\/luan.webrt.net\/qhome\/san-pham\/tu-thuoc-gia-dinh-go-cong-nghiep-tt04\/#breadcrumb\",\"itemListElement\":[{\"@type\":\"ListItem\",\"position\":1,\"name\":\"Trang ch\u1ee7\",\"item\":\"https:\/\/luan.webrt.net\/qhome\/\"},{\"@type\":\"ListItem\",\"position\":2,\"name\":\"Shop\",\"item\":\"https:\/\/luan.webrt.net\/qhome\/shop\/\"},{\"@type\":\"ListItem\",\"position\":3,\"name\":\"T\u1ee7 thu\u1ed1c gia \u0111\u00ecnh g\u1ed7 c\u00f4ng nghi\u1ec7p TT04\"}]},{\"@type\":\"WebSite\",\"@id\":\"https:\/\/luan.webrt.net\/qhome\/#website\",\"url\":\"https:\/\/luan.webrt.net\/qhome\/\",\"name\":\"M\u1eabu web n\u1ed9i th\u1ea5t\",\"description\":\"QGHome Vi\u1ec7t Nam\",\"publisher\":{\"@id\":\"https:\/\/luan.webrt.net\/qhome\/#organization\"},\"potentialAction\":[{\"@type\":\"SearchAction\",\"target\":{\"@type\":\"EntryPoint\",\"urlTemplate\":\"https:\/\/luan.webrt.net\/qhome\/?s={search_term_string}\"},\"query-input\":\"required name=search_term_string\"}],\"inLanguage\":\"vi\"},{\"@type\":\"Organization\",\"@id\":\"https:\/\/luan.webrt.net\/qhome\/#organization\",\"name\":\"QGHome\",\"url\":\"https:\/\/luan.webrt.net\/qhome\/\",\"logo\":{\"@type\":\"ImageObject\",\"inLanguage\":\"vi\",\"@id\":\"https:\/\/luan.webrt.net\/qhome\/#\/schema\/logo\/image\/\",\"url\":\"https:\/\/qghome.vn\/wp-content\/uploads\/2025\/08\/logo-mau-MauTH-21.png\",\"contentUrl\":\"https:\/\/qghome.vn\/wp-content\/uploads\/2025\/08\/logo-mau-MauTH-21.png\",\"width\":253,\"height\":99,\"caption\":\"QGHome\"},\"image\":{\"@id\":\"https:\/\/luan.webrt.net\/qhome\/#\/schema\/logo\/image\/\"},\"sameAs\":[\"https:\/\/www.tiktok.com\/@qghome.official\",\"https:\/\/www.youtube.com\/channel\/UCeVBuKTXkv-u94DS421cklw\",\"https:\/\/www.facebook.com\/noithatqghome\"]}]}<\/script>\n<!-- \/ Yoast SEO plugin. -->","yoast_head_json":{"title":"T\u1ee7 thu\u1ed1c gia \u0111\u00ecnh g\u1ed7 c\u00f4ng nghi\u1ec7p TT04","description":"T\u1ee7 thu\u1ed1c gia \u0111\u00ecnh g\u1ed7 MDF l\u00e0 gi\u1ea3i ph\u00e1p th\u1ef1c t\u1ebf gi\u00fap gi\u1eef thu\u1ed1c men g\u1ecdn g\u00e0ng, an to\u00e0n v\u00e0 lu\u00f4n s\u1eb5n s\u00e0ng khi c\u1ea7n thi\u1ebft, mang l\u1ea1i s\u1ef1 y\u00ean t\u00e2m cho c\u1ea3 gia \u0111\u00ecnh.","robots":{"index":"index","follow":"follow","max-snippet":"max-snippet:-1","max-image-preview":"max-image-preview:large","max-video-preview":"max-video-preview:-1"},"canonical":"https:\/\/luan.webrt.net\/qhome\/san-pham\/tu-thuoc-gia-dinh-go-cong-nghiep-tt04\/","og_locale":"vi_VN","og_type":"article","og_title":"T\u1ee7 thu\u1ed1c gia \u0111\u00ecnh g\u1ed7 c\u00f4ng nghi\u1ec7p TT04","og_description":"T\u1ee7 thu\u1ed1c gia \u0111\u00ecnh g\u1ed7 MDF l\u00e0 gi\u1ea3i ph\u00e1p th\u1ef1c t\u1ebf gi\u00fap gi\u1eef thu\u1ed1c men g\u1ecdn g\u00e0ng, an to\u00e0n v\u00e0 lu\u00f4n s\u1eb5n s\u00e0ng khi c\u1ea7n thi\u1ebft, mang l\u1ea1i s\u1ef1 y\u00ean t\u00e2m cho c\u1ea3 gia \u0111\u00ecnh.","og_url":"https:\/\/luan.webrt.net\/qhome\/san-pham\/tu-thuoc-gia-dinh-go-cong-nghiep-tt04\/","og_site_name":"M\u1eabu web n\u1ed9i th\u1ea5t","article_publisher":"https:\/\/www.facebook.com\/noithatqghome","article_modified_time":"2025-12-18T10:24:32+00:00","og_image":[{"width":581,"height":583,"url":"https:\/\/luan.webrt.net\/qhome\/wp-content\/uploads\/2025\/12\/8480a2e66ee9e1b7b8f8.jpg","type":"image\/jpeg"}],"twitter_card":"summary_large_image","twitter_misc":{"\u01af\u1edbc t\u00ednh th\u1eddi gian \u0111\u1ecdc":"3 ph\u00fat"},"schema":{"@context":"https:\/\/schema.org","@graph":[{"@type":"WebPage","@id":"https:\/\/luan.webrt.net\/qhome\/san-pham\/tu-thuoc-gia-dinh-go-cong-nghiep-tt04\/","url":"https:\/\/luan.webrt.net\/qhome\/san-pham\/tu-thuoc-gia-dinh-go-cong-nghiep-tt04\/","name":"T\u1ee7 thu\u1ed1c gia \u0111\u00ecnh g\u1ed7 c\u00f4ng nghi\u1ec7p TT04","isPartOf":{"@id":"https:\/\/luan.webrt.net\/qhome\/#website"},"datePublished":"2025-12-17T06:24:50+00:00","dateModified":"2025-12-18T10:24:32+00:00","description":"T\u1ee7 thu\u1ed1c gia \u0111\u00ecnh g\u1ed7 MDF l\u00e0 gi\u1ea3i ph\u00e1p th\u1ef1c t\u1ebf gi\u00fap gi\u1eef thu\u1ed1c men g\u1ecdn g\u00e0ng, an to\u00e0n v\u00e0 lu\u00f4n s\u1eb5n s\u00e0ng khi c\u1ea7n thi\u1ebft, mang l\u1ea1i s\u1ef1 y\u00ean t\u00e2m cho c\u1ea3 gia \u0111\u00ecnh.","breadcrumb":{"@id":"https:\/\/luan.webrt.net\/qhome\/san-pham\/tu-thuoc-gia-dinh-go-cong-nghiep-tt04\/#breadcrumb"},"inLanguage":"vi","potentialAction":[{"@type":"ReadAction","target":["https:\/\/luan.webrt.net\/qhome\/san-pham\/tu-thuoc-gia-dinh-go-cong-nghiep-tt04\/"]}]},{"@type":"BreadcrumbList","@id":"https:\/\/luan.webrt.net\/qhome\/san-pham\/tu-thuoc-gia-dinh-go-cong-nghiep-tt04\/#breadcrumb","itemListElement":[{"@type":"ListItem","position":1,"name":"Trang ch\u1ee7","item":"https:\/\/luan.webrt.net\/qhome\/"},{"@type":"ListItem","position":2,"name":"Shop","item":"https:\/\/luan.webrt.net\/qhome\/shop\/"},{"@type":"ListItem","position":3,"name":"T\u1ee7 thu\u1ed1c gia \u0111\u00ecnh g\u1ed7 c\u00f4ng nghi\u1ec7p TT04"}]},{"@type":"WebSite","@id":"https:\/\/luan.webrt.net\/qhome\/#website","url":"https:\/\/luan.webrt.net\/qhome\/","name":"M\u1eabu web n\u1ed9i th\u1ea5t","description":"QGHome Vi\u1ec7t Nam","publisher":{"@id":"https:\/\/luan.webrt.net\/qhome\/#organization"},"potentialAction":[{"@type":"SearchAction","target":{"@type":"EntryPoint","urlTemplate":"https:\/\/luan.webrt.net\/qhome\/?s={search_term_string}"},"query-input":"required name=search_term_string"}],"inLanguage":"vi"},{"@type":"Organization","@id":"https:\/\/luan.webrt.net\/qhome\/#organization","name":"QGHome","url":"https:\/\/luan.webrt.net\/qhome\/","logo":{"@type":"ImageObject","inLanguage":"vi","@id":"https:\/\/luan.webrt.net\/qhome\/#\/schema\/logo\/image\/","url":"https:\/\/qghome.vn\/wp-content\/uploads\/2025\/08\/logo-mau-MauTH-21.png","contentUrl":"https:\/\/qghome.vn\/wp-content\/uploads\/2025\/08\/logo-mau-MauTH-21.png","width":253,"height":99,"caption":"QGHome"},"image":{"@id":"https:\/\/luan.webrt.net\/qhome\/#\/schema\/logo\/image\/"},"sameAs":["https:\/\/www.tiktok.com\/@qghome.official","https:\/\/www.youtube.com\/channel\/UCeVBuKTXkv-u94DS421cklw","https:\/\/www.facebook.com\/noithatqghome"]}]}},"_links":{"self":[{"href":"https:\/\/luan.webrt.net\/qhome\/wp-json\/wp\/v2\/product\/26648","targetHints":{"allow":["GET"]}}],"collection":[{"href":"https:\/\/luan.webrt.net\/qhome\/wp-json\/wp\/v2\/product"}],"about":[{"href":"https:\/\/luan.webrt.net\/qhome\/wp-json\/wp\/v2\/types\/product"}],"replies":[{"embeddable":true,"href":"https:\/\/luan.webrt.net\/qhome\/wp-json\/wp\/v2\/comments?post=26648"}],"wp:featuredmedia":[{"embeddable":true,"href":"https:\/\/luan.webrt.net\/qhome\/wp-json\/wp\/v2\/media\/26606"}],"wp:attachment":[{"href":"https:\/\/luan.webrt.net\/qhome\/wp-json\/wp\/v2\/media?parent=26648"}],"wp:term":[{"taxonomy":"product_cat","embeddable":true,"href":"https:\/\/luan.webrt.net\/qhome\/wp-json\/wp\/v2\/product_cat?post=26648"},{"taxonomy":"product_tag","embeddable":true,"href":"https:\/\/luan.webrt.net\/qhome\/wp-json\/wp\/v2\/product_tag?post=26648"}],"curies":[{"name":"wp","href":"https:\/\/api.w.org\/{rel}","templated":true}]}}