{"id":14232,"date":"2025-03-12T14:28:15","date_gmt":"2025-03-12T14:28:15","guid":{"rendered":"https:\/\/qghome.vn\/?post_type=product&#038;p=14232"},"modified":"2025-12-18T09:14:32","modified_gmt":"2025-12-18T09:14:32","slug":"ke-tivi-kiem-vach-ngan-phong-khach-vtvq16","status":"publish","type":"product","link":"https:\/\/luan.webrt.net\/qhome\/san-pham\/ke-tivi-kiem-vach-ngan-phong-khach-vtvq16\/","title":{"rendered":"K\u1ec7 tivi ki\u00eam v\u00e1ch ng\u0103n ph\u00f2ng kh\u00e1ch VTVQ16"},"content":{"rendered":"<h1><span style=\"color: #333399;\">K\u1ec7 tivi ki\u00eam v\u00e1ch ng\u0103n ph\u00f2ng kh\u00e1ch VTVQ16<\/span><\/h1>\n<p><span style=\"color: #000000;\">Trong thi\u1ebft k\u1ebf n\u1ed9i th\u1ea5t hi\u1ec7n \u0111\u1ea1i, k\u1ec7 tivi ki\u00eam v\u00e1ch ng\u0103n ng\u00e0y c\u00e0ng tr\u1edf th\u00e0nh m\u1ed9t l\u1ef1a ch\u1ecdn ph\u1ed5 bi\u1ebfn nh\u1edd s\u1ef1 k\u1ebft h\u1ee3p gi\u1eefa t\u00ednh th\u1ea9m m\u1ef9 v\u00e0 c\u00f4ng n\u0103ng. Kh\u00f4ng ch\u1ec9 \u0111\u01a1n thu\u1ea7n l\u00e0 n\u01a1i \u0111\u1eb7t tivi, s\u1ea3n ph\u1ea9m n\u00e0y c\u00f2n gi\u00fap ph\u00e2n chia kh\u00f4ng gian m\u1ed9t c\u00e1ch tinh t\u1ebf. T\u1ea1o \u0111i\u1ec3m nh\u1ea5n sang tr\u1ecdng v\u00e0 ti\u1ec7n nghi cho ph\u00f2ng kh\u00e1ch.<\/span><\/p>\n<p><span style=\"color: #000000;\">M\u1eabu k\u1ec7 tivi ki\u00eam v\u00e1ch ng\u0103n VTVQ16 mang phong c\u00e1ch hi\u1ec7n \u0111\u1ea1i, t\u1ed1i gi\u1ea3n nh\u01b0ng kh\u00f4ng k\u00e9m ph\u1ea7n tinh t\u1ebf. Thi\u1ebft k\u1ebf n\u00e0y ph\u00f9 h\u1ee3p v\u1edbi nhi\u1ec1u lo\u1ea1i h\u00ecnh kh\u00f4ng gian, t\u1eeb c\u0103n h\u1ed9 chung c\u01b0, nh\u00e0 ph\u1ed1 \u0111\u1ebfn bi\u1ec7t th\u1ef1 cao c\u1ea5p.<\/span><\/p>\n<h3><span style=\"color: #000000;\">T\u1ed5ng quan s\u1ea3n ph\u1ea9m<\/span><\/h3>\n<table style=\"border-collapse: collapse; width: 100%; height: 105px;\">\n<tbody>\n<tr style=\"height: 21px;\">\n<td style=\"width: 14.2711%; height: 21px;\"><span style=\"color: #000000;\">K\u00edch th\u01b0\u1edbc<\/span><\/td>\n<td style=\"width: 85.7289%; height: 21px;\"><span style=\"color: #000000;\">D\u00e0i 2800mm x R\u1ed9ng 400mm x Cao 3000mm<\/span><\/td>\n<\/tr>\n<tr style=\"height: 21px;\">\n<td style=\"width: 14.2711%; height: 21px;\"><span style=\"color: #000000;\">Ch\u1ea5t li\u1ec7u<\/span><\/td>\n<td style=\"width: 85.7289%; height: 21px;\"><span style=\"color: #000000;\">G\u1ed7 c\u00f4ng nghi\u1ec7p MDF ph\u1ee7 Melamine ch\u1ea5t l\u01b0\u1ee3ng cao. H\u1ea1n ch\u1ebf t\u1ed1i \u0111a t\u00ecnh tr\u1ea1ng cong v\u00eanh, m\u1ed1i m\u1ecdt, co ng\u00f3t. Ch\u1ed1ng th\u1ea5m n\u01b0\u1edbc, h\u1ea1n ch\u1ebf b\u00e1m b\u1ee5i, d\u1ec5 d\u00e0ng v\u1ec7 sinh lau ch\u00f9i.<\/span><\/p>\n<p><span style=\"color: #000000;\">\u1ed0p lam s\u00f3ng, \u1ed1p pvc cao c\u1ea5p, b\u1ec1n b\u1ec9 v\u1edbi \u0111a d\u1ea1ng m\u1eabu m\u00e3, m\u00e0u s\u1eafc.<\/span><\/td>\n<\/tr>\n<tr style=\"height: 21px;\">\n<td style=\"width: 14.2711%; height: 21px;\"><span style=\"color: #000000;\">M\u00e0u s\u1eafc<\/span><\/td>\n<td style=\"width: 85.7289%; height: 21px;\"><span style=\"color: #000000;\">M\u00e0u s\u1eafc trung t\u00ednh v\u1edbi tone be v\u00e2n g\u1ed7 hi\u1ec7n \u0111\u1ea1i, thanh l\u1ecbch.<\/span><\/td>\n<\/tr>\n<tr style=\"height: 21px;\">\n<td style=\"width: 14.2711%; height: 21px;\"><span style=\"color: #000000;\">D\u1ecbch v\u1ee5<\/span><\/td>\n<td style=\"width: 85.7289%; height: 21px;\"><span style=\"color: #000000;\">Kh\u00e1ch h\u00e0ng li\u00ean h\u1ec7 \u0111\u1ec3 nh\u1eadn t\u01b0 v\u1ea5n thi\u1ebft k\u1ebf, b\u00e1o gi\u00e1, l\u1eafp \u0111\u1eb7t trong th\u1eddi gian s\u1edbm nh\u1ea5t.<\/span><\/p>\n<p><span style=\"color: #000000;\">H\u1ed7 tr\u1ee3 b\u1ea3o h\u00e0nh 12 th\u00e1ng theo ti\u00eau chu\u1ea9n c\u1ee7a nh\u00e0 m\u00e1y.<\/span><\/td>\n<\/tr>\n<\/tbody>\n<\/table>\n<p>&nbsp;<\/p>\n<figure id=\"attachment_14233\" aria-describedby=\"caption-attachment-14233\" style=\"width: 1024px\" class=\"wp-caption alignnone\"><img loading=\"lazy\" decoding=\"async\" class=\"size-full wp-image-14233\" src=\"http:\/\/qghome.vn\/wp-content\/uploads\/2025\/03\/ke-tivi-kiem-vach-ngan-16.webp\" alt=\"K\u1ec7 tivi ki\u00eam v\u00e1ch ng\u0103n ph\u00f2ng kh\u00e1ch VTVQ16 phong c\u00e1ch hi\u1ec7n \u0111\u1ea1i, t\u00edch h\u1ee3p h\u1ec7 th\u1ed1ng \u0111\u00e8n LED, t\u1ee7 trang tr\u00ed sang tr\u1ecdng, gi\u00fap t\u1ed1i \u01b0u kh\u00f4ng gian s\u1ed1ng\" width=\"1024\" height=\"1024\" srcset=\"https:\/\/luan.webrt.net\/qhome\/wp-content\/uploads\/2025\/03\/ke-tivi-kiem-vach-ngan-16.webp 1024w, https:\/\/luan.webrt.net\/qhome\/wp-content\/uploads\/2025\/03\/ke-tivi-kiem-vach-ngan-16-100x100.webp 100w, https:\/\/luan.webrt.net\/qhome\/wp-content\/uploads\/2025\/03\/ke-tivi-kiem-vach-ngan-16-510x510.webp 510w, https:\/\/luan.webrt.net\/qhome\/wp-content\/uploads\/2025\/03\/ke-tivi-kiem-vach-ngan-16-400x400.webp 400w, https:\/\/luan.webrt.net\/qhome\/wp-content\/uploads\/2025\/03\/ke-tivi-kiem-vach-ngan-16-800x800.webp 800w, https:\/\/luan.webrt.net\/qhome\/wp-content\/uploads\/2025\/03\/ke-tivi-kiem-vach-ngan-16-280x280.webp 280w, https:\/\/luan.webrt.net\/qhome\/wp-content\/uploads\/2025\/03\/ke-tivi-kiem-vach-ngan-16-768x768.webp 768w\" sizes=\"auto, (max-width: 1024px) 100vw, 1024px\" \/><figcaption id=\"caption-attachment-14233\" class=\"wp-caption-text\"><span style=\"color: #000000;\">K\u1ec7 tivi ki\u00eam v\u00e1ch ng\u0103n ph\u00f2ng kh\u00e1ch phong c\u00e1ch hi\u1ec7n \u0111\u1ea1i, t\u00edch h\u1ee3p h\u1ec7 th\u1ed1ng \u0111\u00e8n LED, t\u1ee7 trang tr\u00ed sang tr\u1ecdng, gi\u00fap t\u1ed1i \u01b0u kh\u00f4ng gian s\u1ed1ng<\/span><\/figcaption><\/figure>\n<p data-pm-slice=\"1 1 []\"><span style=\"color: #000000;\">M\u1eabu v\u00e1ch tivi hi\u1ec7n \u0111\u1ea1i VTVQ16 ph\u00f9 h\u1ee3p v\u1edbi nhi\u1ec1u phong c\u00e1ch n\u1ed9i th\u1ea5t kh\u00e1c nhau. T\u1eeb phong c\u00e1ch hi\u1ec7n \u0111\u1ea1i, t\u00e2n c\u1ed5 \u0111i\u1ec3n \u0111\u1ebfn t\u1ed1i gi\u1ea3n. V\u1edbi s\u1ef1 linh ho\u1ea1t trong thi\u1ebft k\u1ebf, s\u1ea3n ph\u1ea9m c\u00f3 th\u1ec3 \u0111\u01b0\u1ee3c t\u00f9y ch\u1ec9nh theo nhu c\u1ea7u s\u1eed d\u1ee5ng v\u00e0 s\u1edf th\u00edch c\u1ee7a gia ch\u1ee7.<\/span><\/p>\n<h3><span style=\"color: #000000;\">Gi\u00e1 tr\u1ecb th\u1ea9m m\u1ef9 v\u01b0\u1ee3t tr\u1ed9i<\/span><\/h3>\n<p data-pm-slice=\"1 3 []\"><span style=\"color: #000000;\">M\u1eabu k\u1ec7 tivi ki\u00eam v\u00e1ch ng\u0103n VTVQ16 h\u1eefu thi\u1ebft k\u1ebf hi\u1ec7n \u0111\u1ea1i v\u1edbi s\u1ef1 k\u1ebft h\u1ee3p h\u00e0i h\u00f2a gi\u1eefa c\u00e1c v\u1eadt li\u1ec7u cao c\u1ea5p. Mang \u0111\u1ebfn s\u1ef1 sang tr\u1ecdng v\u00e0 thanh l\u1ecbch cho kh\u00f4ng gian s\u1ed1ng, th\u1ec3 hi\u1ec7n gu th\u1ea9m m\u1ef9 tinh t\u1ebf c\u1ee7a gia ch\u1ee7. Nh\u1eefng \u0111\u01b0\u1eddng n\u00e9t thi\u1ebft k\u1ebf t\u1ed1i gi\u1ea3n nh\u01b0ng tinh t\u1ebf, \u1ea5m \u00e1p, k\u1ebft h\u1ee3p v\u1edbi h\u1ec7 th\u1ed1ng \u0111\u00e8n LED \u00e2m t\u01b0\u1eddng t\u1ea1o hi\u1ec7u \u1ee9ng \u00e1nh s\u00e1ng \u1ea5m \u00e1p. L\u00e0m n\u1ed5i b\u1eadt v\u1ebb \u0111\u1eb9p t\u1ed5ng th\u1ec3 c\u1ee7a kh\u00f4ng gian.<\/span><\/p>\n<ul data-spread=\"false\">\n<li><span style=\"color: #000000;\"><strong>Ch\u1ea5t li\u1ec7u cao c\u1ea5p:<\/strong> K\u1ec7 tivi \u0111\u01b0\u1ee3c l\u00e0m t\u1eeb g\u1ed7 c\u00f4ng nghi\u1ec7p cao c\u1ea5p ph\u1ee7 melamine, mang l\u1ea1i v\u1ebb \u0111\u1eb9p t\u1ef1 nhi\u00ean v\u00e0 \u0111\u1ed9 b\u1ec1n cao. B\u1ec1 m\u1eb7t nh\u1eb5n b\u00f3ng, ch\u1ed1ng tr\u1ea7y x\u01b0\u1edbc, gi\u00fap s\u1ea3n ph\u1ea9m lu\u00f4n b\u1ec1n \u0111\u1eb9p theo th\u1eddi gian.<\/span><\/li>\n<li><span style=\"color: #000000;\"><strong>T\u00f4ng m\u00e0u nh\u00e3 nh\u1eb7n:<\/strong> S\u1ef1 k\u1ebft h\u1ee3p gi\u1eefa gam m\u00e0u be, n\u00e2u g\u1ed7 v\u00e0 \u00e1nh s\u00e1ng nh\u1eb9 t\u1eeb h\u1ec7 th\u1ed1ng \u0111\u00e8n LED gi\u00fap t\u1ea1o c\u1ea3m gi\u00e1c \u1ea5m c\u00fang v\u00e0 sang tr\u1ecdng cho ph\u00f2ng kh\u00e1ch.<\/span><\/li>\n<li><span style=\"color: #000000;\"><strong>Thi\u1ebft k\u1ebf tinh t\u1ebf:<\/strong> K\u1ec7 tivi \u0111\u01b0\u1ee3c t\u00edch h\u1ee3p v\u1edbi h\u1ec7 t\u1ee7 trang tr\u00ed \u1edf hai b\u00ean. B\u1ea1n c\u00f3 th\u1ec3 s\u1eed d\u1ee5ng c\u00e1c ng\u0103n k\u1ec7 m\u1edf \u0111\u1ec3 tr\u01b0ng b\u00e0y c\u00e1c v\u1eadt ph\u1ea9m decor nh\u01b0 t\u01b0\u1ee3ng ngh\u1ec7 thu\u1eadt, b\u00ecnh g\u1ed1m v\u00e0 c\u00e2y c\u1ea3nh nh\u1ecf, g\u00f3p ph\u1ea7n t\u1ea1o \u0111i\u1ec3m nh\u1ea5n \u0111\u1ed9c \u0111\u00e1o.<\/span><\/li>\n<\/ul>\n<h3><span style=\"font-size: 20.16px; color: #000000;\">C\u00f4ng n\u0103ng \u0111a d\u1ea1ng, linh ho\u1ea1t &#8211; V\u00e1ch ng\u0103n ph\u00f2ng kh\u00e1ch ki\u00eam k\u1ec7 tivi VTVQ16<\/span><\/h3>\n<p><span style=\"color: #000000;\"><strong>T\u1ed1i \u01b0u kh\u00f4ng gian:<\/strong> K\u1ec7 tivi ki\u00eam v\u00e1ch ng\u0103n VTVQ16 l\u00e0 gi\u1ea3i ph\u00e1p l\u00fd t\u01b0\u1edfng cho nh\u1eefng c\u0103n h\u1ed9 chung c\u01b0 ho\u1eb7c nh\u00e0 ph\u1ed1 c\u00f3 di\u1ec7n t\u00edch h\u1ea1n ch\u1ebf. S\u1ea3n ph\u1ea9m gi\u00fap ph\u00e2n chia khu v\u1ef1c ph\u00f2ng kh\u00e1ch v\u1edbi b\u1ebfp ho\u1eb7c ph\u00f2ng \u0103n m\u1ed9t c\u00e1ch tinh t\u1ebf m\u00e0 kh\u00f4ng l\u00e0m m\u1ea5t \u0111i s\u1ef1 th\u00f4ng tho\u00e1ng.<\/span><\/p>\n<p><span style=\"color: #000000;\"><strong>L\u01b0u tr\u1eef ti\u1ec7n \u00edch:<\/strong> H\u1ec7 th\u1ed1ng t\u1ee7 k\u1ec7 ph\u00eda d\u01b0\u1edbi v\u00e0 hai b\u00ean c\u00f3 th\u1ec3 \u0111\u01b0\u1ee3c s\u1eed d\u1ee5ng \u0111\u1ec3 l\u01b0u tr\u1eef \u0111\u1ed3 d\u00f9ng gia \u0111\u00ecnh, s\u00e1ch b\u00e1o, ho\u1eb7c thi\u1ebft b\u1ecb \u0111i\u1ec7n t\u1eed. Gi\u00fap kh\u00f4ng gian s\u1ed1ng c\u1ee7a gia \u0111\u00ecnh b\u1ea1n lu\u00f4n g\u1ecdn g\u00e0ng, ng\u0103n n\u1eafp.<\/span><\/p>\n<h3><span style=\"color: #000000;\">C\u00e1ch l\u1ef1a ch\u1ecdn k\u1ec7 tivi ki\u00eam v\u00e1ch ng\u0103n ph\u00f9 h\u1ee3p v\u1edbi kh\u00f4ng gian<\/span><\/h3>\n<p><span style=\"color: #000000;\">X\u00e1c \u0111\u1ecbnh phong c\u00e1ch thi\u1ebft k\u1ebf:<\/span><\/p>\n<ul data-spread=\"false\">\n<li><span style=\"color: #000000;\">N\u1ebfu b\u1ea1n y\u00eau th\u00edch phong c\u00e1ch hi\u1ec7n \u0111\u1ea1i, h\u00e3y ch\u1ecdn m\u1eabu c\u00f3 \u0111\u01b0\u1eddng n\u00e9t t\u1ed1i gi\u1ea3n, k\u1ebft h\u1ee3p k\u00ednh v\u00e0 kim lo\u1ea1i.<\/span><\/li>\n<li><span style=\"color: #000000;\">N\u1ebfu theo \u0111u\u1ed5i phong c\u00e1ch c\u1ed5 \u0111i\u1ec3n ho\u1eb7c t\u00e2n c\u1ed5 \u0111i\u1ec3n, m\u1eabu k\u1ec7 c\u00f3 h\u1ecda ti\u1ebft ch\u1ea1m kh\u1eafc tinh x\u1ea3o s\u1ebd l\u00e0 l\u1ef1a ch\u1ecdn ho\u00e0n h\u1ea3o.<\/span><\/li>\n<\/ul>\n<p><span style=\"color: #000000;\">Ch\u1ecdn m\u00e0u s\u1eafc ph\u00f9 h\u1ee3p:<\/span><\/p>\n<ul data-spread=\"false\">\n<li><span style=\"color: #000000;\">M\u00e0u s\u00e1ng (tr\u1eafng, be, v\u00e2n g\u1ed7 s\u00e1ng): Gi\u00fap kh\u00f4ng gian r\u1ed9ng r\u00e3i h\u01a1n, ph\u00f9 h\u1ee3p v\u1edbi c\u0103n h\u1ed9 chung c\u01b0.<\/span><\/li>\n<li><span style=\"color: #000000;\">M\u00e0u t\u1ed1i (g\u1ed7 \u00f3c ch\u00f3, \u0111en, x\u00e1m \u0111\u1eadm): T\u1ea1o chi\u1ec1u s\u00e2u, ph\u00f9 h\u1ee3p v\u1edbi nh\u1eefng kh\u00f4ng gian r\u1ed9ng, sang tr\u1ecdng.<\/span><\/li>\n<\/ul>\n<p><span style=\"color: #000000;\">T\u00ednh to\u00e1n k\u00edch th\u01b0\u1edbc h\u1ee3p l\u00fd:<\/span><\/p>\n<ul data-spread=\"false\">\n<li><span style=\"color: #000000;\">Kh\u00f4ng n\u00ean ch\u1ecdn m\u1eabu k\u1ec7 qu\u00e1 l\u1edbn n\u1ebfu di\u1ec7n t\u00edch ph\u00f2ng kh\u00e1ch nh\u1ecf.<\/span><\/li>\n<li><span style=\"color: #000000;\">K\u1ec7 n\u00ean c\u00f3 chi\u1ec1u cao v\u1eeba ph\u1ea3i, tr\u00e1nh che khu\u1ea5t c\u00e1c y\u1ebfu t\u1ed1 n\u1ed9i th\u1ea5t kh\u00e1c.<\/span><\/li>\n<\/ul>\n<p><span style=\"color: #000000;\">Ch\u00fa tr\u1ecdng \u0111\u1ebfn c\u00f4ng n\u0103ng s\u1eed d\u1ee5ng:<\/span><\/p>\n<ul data-spread=\"false\">\n<li><span style=\"color: #000000;\">N\u1ebfu c\u1ea7n l\u01b0u tr\u1eef nhi\u1ec1u, n\u00ean ch\u1ecdn m\u1eabu c\u00f3 nhi\u1ec1u ng\u0103n ch\u1ee9a.<\/span><\/li>\n<li><span style=\"color: #000000;\">N\u1ebfu y\u00eau th\u00edch trang tr\u00ed, h\u00e3y ch\u1ecdn m\u1eabu v\u00e1ch tivi hi\u1ec7n \u0111\u1ea1i c\u00f3 nhi\u1ec1u k\u1ec7 m\u1edf \u0111\u1ec3 tr\u01b0ng b\u00e0y decor.<\/span><\/li>\n<\/ul>\n<h3><\/h3>\n<p><span style=\"color: #000000;\">M\u1eabu k\u1ec7 tivi ki\u00eam v\u00e1ch ng\u0103n VTVQ16 l\u00e0 m\u1ed9t l\u1ef1a ch\u1ecdn ho\u00e0n h\u1ea3o cho nh\u1eefng ai y\u00eau th\u00edch phong c\u00e1ch hi\u1ec7n \u0111\u1ea1i, sang tr\u1ecdng. V\u1edbi thi\u1ebft k\u1ebf tinh t\u1ebf, c\u00f4ng n\u0103ng \u0111a d\u1ea1ng v\u00e0 kh\u1ea3 n\u0103ng t\u1ed1i \u01b0u h\u00f3a kh\u00f4ng gian. S\u1ea3n ph\u1ea9m n\u00e0y s\u1ebd gi\u00fap ph\u00f2ng kh\u00e1ch tr\u1edf n\u00ean \u0111\u1eb3ng c\u1ea5p v\u00e0 ti\u1ec7n nghi h\u01a1n.<\/span><\/p>\n<div class=\"host-bincmiainjofjnhchmcalkanjebghoen\" style=\"position: relative; z-index: 2147483647;\"><\/div>\n<div class=\"host-bincmiainjofjnhchmcalkanjebghoen\" style=\"position: relative; z-index: 2147483647;\"><\/div>\n","protected":false},"excerpt":{"rendered":"<p>&nbsp;<\/p>\n<div class=\"host-bincmiainjofjnhchmcalkanjebghoen\" style=\"position: relative; z-index: 2147483647;\"><\/div>\n<div class=\"host-bincmiainjofjnhchmcalkanjebghoen\" style=\"position: relative; z-index: 2147483647;\"><\/div>\n","protected":false},"featured_media":14233,"comment_status":"open","ping_status":"closed","template":"","meta":[],"product_cat":[682,732],"product_tag":[],"class_list":["post-14232","product","type-product","status-publish","has-post-thumbnail","hentry","product_cat-noi-that-phong-khach","product_cat-vach-tivi-phong-khach"],"yoast_head":"<!-- This site is optimized with the Yoast SEO plugin v19.9 - https:\/\/yoast.com\/wordpress\/plugins\/seo\/ -->\n<title>K\u1ec7 tivi ki\u00eam v\u00e1ch ng\u0103n ph\u00f2ng kh\u00e1ch VTVQ16<\/title>\n<meta name=\"description\" content=\"Kh\u00e1m ph\u00e1 m\u1eabu k\u1ec7 tivi ki\u00eam v\u00e1ch ng\u0103n ph\u00f2ng kh\u00e1ch VTVQ16 hi\u1ec7n \u0111\u1ea1i, thi\u1ebft k\u1ebf tinh t\u1ebf, t\u1ed1i \u01b0u kh\u00f4ng gian. T\u00edch h\u1ee3p t\u1ee7 trang tr\u00ed,\u0111\u00e8n LED t\u1ea1o \u0111i\u1ec3m nh\u1ea5n. Xem ngay!\" \/>\n<meta name=\"robots\" content=\"index, follow, max-snippet:-1, max-image-preview:large, max-video-preview:-1\" \/>\n<link rel=\"canonical\" href=\"https:\/\/luan.webrt.net\/qhome\/san-pham\/ke-tivi-kiem-vach-ngan-phong-khach-vtvq16\/\" \/>\n<meta property=\"og:locale\" content=\"vi_VN\" \/>\n<meta property=\"og:type\" content=\"article\" \/>\n<meta property=\"og:title\" content=\"K\u1ec7 tivi ki\u00eam v\u00e1ch ng\u0103n ph\u00f2ng kh\u00e1ch VTVQ16\" \/>\n<meta property=\"og:description\" content=\"Kh\u00e1m ph\u00e1 m\u1eabu k\u1ec7 tivi ki\u00eam v\u00e1ch ng\u0103n ph\u00f2ng kh\u00e1ch VTVQ16 hi\u1ec7n \u0111\u1ea1i, thi\u1ebft k\u1ebf tinh t\u1ebf, t\u1ed1i \u01b0u kh\u00f4ng gian. T\u00edch h\u1ee3p t\u1ee7 trang tr\u00ed,\u0111\u00e8n LED t\u1ea1o \u0111i\u1ec3m nh\u1ea5n. Xem ngay!\" \/>\n<meta property=\"og:url\" content=\"https:\/\/luan.webrt.net\/qhome\/san-pham\/ke-tivi-kiem-vach-ngan-phong-khach-vtvq16\/\" \/>\n<meta property=\"og:site_name\" content=\"M\u1eabu web n\u1ed9i th\u1ea5t\" \/>\n<meta property=\"article:publisher\" content=\"https:\/\/www.facebook.com\/noithatqghome\" \/>\n<meta property=\"article:modified_time\" content=\"2025-12-18T09:14:32+00:00\" \/>\n<meta property=\"og:image\" content=\"https:\/\/luan.webrt.net\/qhome\/wp-content\/uploads\/2025\/03\/ke-tivi-kiem-vach-ngan-16.webp\" \/>\n\t<meta property=\"og:image:width\" content=\"1024\" \/>\n\t<meta property=\"og:image:height\" content=\"1024\" \/>\n\t<meta property=\"og:image:type\" content=\"image\/webp\" \/>\n<meta name=\"twitter:card\" content=\"summary_large_image\" \/>\n<meta name=\"twitter:label1\" content=\"\u01af\u1edbc t\u00ednh th\u1eddi gian \u0111\u1ecdc\" \/>\n\t<meta name=\"twitter:data1\" content=\"6 ph\u00fat\" \/>\n<script type=\"application\/ld+json\" class=\"yoast-schema-graph\">{\"@context\":\"https:\/\/schema.org\",\"@graph\":[{\"@type\":\"WebPage\",\"@id\":\"https:\/\/luan.webrt.net\/qhome\/san-pham\/ke-tivi-kiem-vach-ngan-phong-khach-vtvq16\/\",\"url\":\"https:\/\/luan.webrt.net\/qhome\/san-pham\/ke-tivi-kiem-vach-ngan-phong-khach-vtvq16\/\",\"name\":\"K\u1ec7 tivi ki\u00eam v\u00e1ch ng\u0103n ph\u00f2ng kh\u00e1ch VTVQ16\",\"isPartOf\":{\"@id\":\"https:\/\/luan.webrt.net\/qhome\/#website\"},\"datePublished\":\"2025-03-12T14:28:15+00:00\",\"dateModified\":\"2025-12-18T09:14:32+00:00\",\"description\":\"Kh\u00e1m ph\u00e1 m\u1eabu k\u1ec7 tivi ki\u00eam v\u00e1ch ng\u0103n ph\u00f2ng kh\u00e1ch VTVQ16 hi\u1ec7n \u0111\u1ea1i, thi\u1ebft k\u1ebf tinh t\u1ebf, t\u1ed1i \u01b0u kh\u00f4ng gian. T\u00edch h\u1ee3p t\u1ee7 trang tr\u00ed,\u0111\u00e8n LED t\u1ea1o \u0111i\u1ec3m nh\u1ea5n. Xem ngay!\",\"breadcrumb\":{\"@id\":\"https:\/\/luan.webrt.net\/qhome\/san-pham\/ke-tivi-kiem-vach-ngan-phong-khach-vtvq16\/#breadcrumb\"},\"inLanguage\":\"vi\",\"potentialAction\":[{\"@type\":\"ReadAction\",\"target\":[\"https:\/\/luan.webrt.net\/qhome\/san-pham\/ke-tivi-kiem-vach-ngan-phong-khach-vtvq16\/\"]}]},{\"@type\":\"BreadcrumbList\",\"@id\":\"https:\/\/luan.webrt.net\/qhome\/san-pham\/ke-tivi-kiem-vach-ngan-phong-khach-vtvq16\/#breadcrumb\",\"itemListElement\":[{\"@type\":\"ListItem\",\"position\":1,\"name\":\"Trang ch\u1ee7\",\"item\":\"https:\/\/luan.webrt.net\/qhome\/\"},{\"@type\":\"ListItem\",\"position\":2,\"name\":\"Shop\",\"item\":\"https:\/\/luan.webrt.net\/qhome\/shop\/\"},{\"@type\":\"ListItem\",\"position\":3,\"name\":\"K\u1ec7 tivi ki\u00eam v\u00e1ch ng\u0103n ph\u00f2ng kh\u00e1ch VTVQ16\"}]},{\"@type\":\"WebSite\",\"@id\":\"https:\/\/luan.webrt.net\/qhome\/#website\",\"url\":\"https:\/\/luan.webrt.net\/qhome\/\",\"name\":\"M\u1eabu web n\u1ed9i th\u1ea5t\",\"description\":\"QGHome Vi\u1ec7t Nam\",\"publisher\":{\"@id\":\"https:\/\/luan.webrt.net\/qhome\/#organization\"},\"potentialAction\":[{\"@type\":\"SearchAction\",\"target\":{\"@type\":\"EntryPoint\",\"urlTemplate\":\"https:\/\/luan.webrt.net\/qhome\/?s={search_term_string}\"},\"query-input\":\"required name=search_term_string\"}],\"inLanguage\":\"vi\"},{\"@type\":\"Organization\",\"@id\":\"https:\/\/luan.webrt.net\/qhome\/#organization\",\"name\":\"QGHome\",\"url\":\"https:\/\/luan.webrt.net\/qhome\/\",\"logo\":{\"@type\":\"ImageObject\",\"inLanguage\":\"vi\",\"@id\":\"https:\/\/luan.webrt.net\/qhome\/#\/schema\/logo\/image\/\",\"url\":\"https:\/\/qghome.vn\/wp-content\/uploads\/2025\/08\/logo-mau-MauTH-21.png\",\"contentUrl\":\"https:\/\/qghome.vn\/wp-content\/uploads\/2025\/08\/logo-mau-MauTH-21.png\",\"width\":253,\"height\":99,\"caption\":\"QGHome\"},\"image\":{\"@id\":\"https:\/\/luan.webrt.net\/qhome\/#\/schema\/logo\/image\/\"},\"sameAs\":[\"https:\/\/www.tiktok.com\/@qghome.official\",\"https:\/\/www.youtube.com\/channel\/UCeVBuKTXkv-u94DS421cklw\",\"https:\/\/www.facebook.com\/noithatqghome\"]}]}<\/script>\n<!-- \/ Yoast SEO plugin. -->","yoast_head_json":{"title":"K\u1ec7 tivi ki\u00eam v\u00e1ch ng\u0103n ph\u00f2ng kh\u00e1ch VTVQ16","description":"Kh\u00e1m ph\u00e1 m\u1eabu k\u1ec7 tivi ki\u00eam v\u00e1ch ng\u0103n ph\u00f2ng kh\u00e1ch VTVQ16 hi\u1ec7n \u0111\u1ea1i, thi\u1ebft k\u1ebf tinh t\u1ebf, t\u1ed1i \u01b0u kh\u00f4ng gian. T\u00edch h\u1ee3p t\u1ee7 trang tr\u00ed,\u0111\u00e8n LED t\u1ea1o \u0111i\u1ec3m nh\u1ea5n. Xem ngay!","robots":{"index":"index","follow":"follow","max-snippet":"max-snippet:-1","max-image-preview":"max-image-preview:large","max-video-preview":"max-video-preview:-1"},"canonical":"https:\/\/luan.webrt.net\/qhome\/san-pham\/ke-tivi-kiem-vach-ngan-phong-khach-vtvq16\/","og_locale":"vi_VN","og_type":"article","og_title":"K\u1ec7 tivi ki\u00eam v\u00e1ch ng\u0103n ph\u00f2ng kh\u00e1ch VTVQ16","og_description":"Kh\u00e1m ph\u00e1 m\u1eabu k\u1ec7 tivi ki\u00eam v\u00e1ch ng\u0103n ph\u00f2ng kh\u00e1ch VTVQ16 hi\u1ec7n \u0111\u1ea1i, thi\u1ebft k\u1ebf tinh t\u1ebf, t\u1ed1i \u01b0u kh\u00f4ng gian. T\u00edch h\u1ee3p t\u1ee7 trang tr\u00ed,\u0111\u00e8n LED t\u1ea1o \u0111i\u1ec3m nh\u1ea5n. Xem ngay!","og_url":"https:\/\/luan.webrt.net\/qhome\/san-pham\/ke-tivi-kiem-vach-ngan-phong-khach-vtvq16\/","og_site_name":"M\u1eabu web n\u1ed9i th\u1ea5t","article_publisher":"https:\/\/www.facebook.com\/noithatqghome","article_modified_time":"2025-12-18T09:14:32+00:00","og_image":[{"width":1024,"height":1024,"url":"https:\/\/luan.webrt.net\/qhome\/wp-content\/uploads\/2025\/03\/ke-tivi-kiem-vach-ngan-16.webp","type":"image\/webp"}],"twitter_card":"summary_large_image","twitter_misc":{"\u01af\u1edbc t\u00ednh th\u1eddi gian \u0111\u1ecdc":"6 ph\u00fat"},"schema":{"@context":"https:\/\/schema.org","@graph":[{"@type":"WebPage","@id":"https:\/\/luan.webrt.net\/qhome\/san-pham\/ke-tivi-kiem-vach-ngan-phong-khach-vtvq16\/","url":"https:\/\/luan.webrt.net\/qhome\/san-pham\/ke-tivi-kiem-vach-ngan-phong-khach-vtvq16\/","name":"K\u1ec7 tivi ki\u00eam v\u00e1ch ng\u0103n ph\u00f2ng kh\u00e1ch VTVQ16","isPartOf":{"@id":"https:\/\/luan.webrt.net\/qhome\/#website"},"datePublished":"2025-03-12T14:28:15+00:00","dateModified":"2025-12-18T09:14:32+00:00","description":"Kh\u00e1m ph\u00e1 m\u1eabu k\u1ec7 tivi ki\u00eam v\u00e1ch ng\u0103n ph\u00f2ng kh\u00e1ch VTVQ16 hi\u1ec7n \u0111\u1ea1i, thi\u1ebft k\u1ebf tinh t\u1ebf, t\u1ed1i \u01b0u kh\u00f4ng gian. T\u00edch h\u1ee3p t\u1ee7 trang tr\u00ed,\u0111\u00e8n LED t\u1ea1o \u0111i\u1ec3m nh\u1ea5n. Xem ngay!","breadcrumb":{"@id":"https:\/\/luan.webrt.net\/qhome\/san-pham\/ke-tivi-kiem-vach-ngan-phong-khach-vtvq16\/#breadcrumb"},"inLanguage":"vi","potentialAction":[{"@type":"ReadAction","target":["https:\/\/luan.webrt.net\/qhome\/san-pham\/ke-tivi-kiem-vach-ngan-phong-khach-vtvq16\/"]}]},{"@type":"BreadcrumbList","@id":"https:\/\/luan.webrt.net\/qhome\/san-pham\/ke-tivi-kiem-vach-ngan-phong-khach-vtvq16\/#breadcrumb","itemListElement":[{"@type":"ListItem","position":1,"name":"Trang ch\u1ee7","item":"https:\/\/luan.webrt.net\/qhome\/"},{"@type":"ListItem","position":2,"name":"Shop","item":"https:\/\/luan.webrt.net\/qhome\/shop\/"},{"@type":"ListItem","position":3,"name":"K\u1ec7 tivi ki\u00eam v\u00e1ch ng\u0103n ph\u00f2ng kh\u00e1ch VTVQ16"}]},{"@type":"WebSite","@id":"https:\/\/luan.webrt.net\/qhome\/#website","url":"https:\/\/luan.webrt.net\/qhome\/","name":"M\u1eabu web n\u1ed9i th\u1ea5t","description":"QGHome Vi\u1ec7t Nam","publisher":{"@id":"https:\/\/luan.webrt.net\/qhome\/#organization"},"potentialAction":[{"@type":"SearchAction","target":{"@type":"EntryPoint","urlTemplate":"https:\/\/luan.webrt.net\/qhome\/?s={search_term_string}"},"query-input":"required name=search_term_string"}],"inLanguage":"vi"},{"@type":"Organization","@id":"https:\/\/luan.webrt.net\/qhome\/#organization","name":"QGHome","url":"https:\/\/luan.webrt.net\/qhome\/","logo":{"@type":"ImageObject","inLanguage":"vi","@id":"https:\/\/luan.webrt.net\/qhome\/#\/schema\/logo\/image\/","url":"https:\/\/qghome.vn\/wp-content\/uploads\/2025\/08\/logo-mau-MauTH-21.png","contentUrl":"https:\/\/qghome.vn\/wp-content\/uploads\/2025\/08\/logo-mau-MauTH-21.png","width":253,"height":99,"caption":"QGHome"},"image":{"@id":"https:\/\/luan.webrt.net\/qhome\/#\/schema\/logo\/image\/"},"sameAs":["https:\/\/www.tiktok.com\/@qghome.official","https:\/\/www.youtube.com\/channel\/UCeVBuKTXkv-u94DS421cklw","https:\/\/www.facebook.com\/noithatqghome"]}]}},"_links":{"self":[{"href":"https:\/\/luan.webrt.net\/qhome\/wp-json\/wp\/v2\/product\/14232","targetHints":{"allow":["GET"]}}],"collection":[{"href":"https:\/\/luan.webrt.net\/qhome\/wp-json\/wp\/v2\/product"}],"about":[{"href":"https:\/\/luan.webrt.net\/qhome\/wp-json\/wp\/v2\/types\/product"}],"replies":[{"embeddable":true,"href":"https:\/\/luan.webrt.net\/qhome\/wp-json\/wp\/v2\/comments?post=14232"}],"wp:featuredmedia":[{"embeddable":true,"href":"https:\/\/luan.webrt.net\/qhome\/wp-json\/wp\/v2\/media\/14233"}],"wp:attachment":[{"href":"https:\/\/luan.webrt.net\/qhome\/wp-json\/wp\/v2\/media?parent=14232"}],"wp:term":[{"taxonomy":"product_cat","embeddable":true,"href":"https:\/\/luan.webrt.net\/qhome\/wp-json\/wp\/v2\/product_cat?post=14232"},{"taxonomy":"product_tag","embeddable":true,"href":"https:\/\/luan.webrt.net\/qhome\/wp-json\/wp\/v2\/product_tag?post=14232"}],"curies":[{"name":"wp","href":"https:\/\/api.w.org\/{rel}","templated":true}]}}