{"id":14203,"date":"2025-03-10T13:38:19","date_gmt":"2025-03-10T13:38:19","guid":{"rendered":"https:\/\/qghome.vn\/?post_type=product&#038;p=14203"},"modified":"2025-11-05T08:45:16","modified_gmt":"2025-11-05T08:45:16","slug":"thiet-ke-vach-tivi-dep-vtvq15","status":"publish","type":"product","link":"https:\/\/luan.webrt.net\/qhome\/san-pham\/thiet-ke-vach-tivi-dep-vtvq15\/","title":{"rendered":"Thi\u1ebft k\u1ebf v\u00e1ch tivi \u0111\u1eb9p VTVQ15"},"content":{"rendered":"<h1><span style=\"color: #000000;\">Thi\u1ebft k\u1ebf v\u00e1ch tivi \u0111\u1eb9p, hi\u1ec7n \u0111\u1ea1i VTVQ15<\/span><\/h1>\n<p data-pm-slice=\"1 1 []\"><span style=\"color: #000000;\">Trong thi\u1ebft k\u1ebf n\u1ed9i th\u1ea5t hi\u1ec7n \u0111\u1ea1i, thi\u1ebft k\u1ebf v\u00e1ch tivi \u0111\u1eb9p \u0111ang tr\u1edf th\u00e0nh xu h\u01b0\u1edbng ph\u1ed5 bi\u1ebfn gi\u00fap kh\u00f4ng gian ph\u00f2ng kh\u00e1ch tr\u1edf n\u00ean sang tr\u1ecdng v\u00e0 ti\u1ec7n nghi h\u01a1n. \u0110\u1eb7c bi\u1ec7t, s\u1ef1 k\u1ebft h\u1ee3p gi\u1eefa v\u00e1ch tivi v\u1edbi t\u1ee7 trang tr\u00ed v\u00e0 k\u1ec7 \u0111\u1ec3 \u0111\u1ed3 kh\u00f4ng ch\u1ec9 t\u1ed1i \u01b0u h\u00f3a c\u00f4ng n\u0103ng s\u1eed d\u1ee5ng m\u00e0 c\u00f2n g\u00f3p ph\u1ea7n t\u1ea1o \u0111i\u1ec3m nh\u1ea5n \u1ea5n t\u01b0\u1ee3ng cho ng\u00f4i nh\u00e0.<\/span><\/p>\n<h3><span style=\"color: #000000;\">T\u1ed5ng quan s\u1ea3n ph\u1ea9m<\/span><\/h3>\n<table style=\"width: 99.8973%; height: 517px;\">\n<tbody>\n<tr style=\"height: 21px;\">\n<td style=\"width: 13.4635%; height: 21px;\"><span style=\"color: #000000;\">Phong c\u00e1ch<\/span><\/td>\n<td style=\"width: 85.8171%; height: 21px;\"><span style=\"color: #000000;\">Hi\u1ec7n \u0111\u1ea1i &#8211; T\u1ed1i gi\u1ea3n<\/span><\/td>\n<\/tr>\n<tr style=\"height: 72px;\">\n<td style=\"width: 13.4635%; height: 72px;\"><span style=\"color: #000000;\">K\u00edch th\u01b0\u1edbc<\/span><\/td>\n<td style=\"width: 85.8171%; height: 72px;\">\n<ul>\n<li><span style=\"color: #000000;\">V\u00e1ch tivi: D1800mm\u00a0 x C2600mm<\/span><\/li>\n<li><span style=\"color: #000000;\">K\u1ec7 tivi: D1800mm x R400mm x C400mm<\/span><\/li>\n<\/ul>\n<\/td>\n<\/tr>\n<tr style=\"height: 223px;\">\n<td style=\"width: 13.4635%; height: 223px;\"><span style=\"color: #000000;\">Ch\u1ea5t li\u1ec7u<\/span><\/td>\n<td style=\"width: 85.8171%; height: 223px;\"><span style=\"color: #000000;\">Ch\u1ecdn l\u1ecdc v\u00e0 s\u1ea3n xu\u1ea5t t\u1eeb g\u1ed7 MDF ph\u1ee7 melamine cao c\u1ea5p, c\u00f3 nh\u1eefng \u01b0u \u0111i\u1ec3m v\u01b0\u1ee3t tr\u1ed9i nh\u01b0:<\/span><\/p>\n<ul>\n<li><span style=\"color: #000000;\">Ch\u1ed1ng th\u1ea5m m\u01b0\u1edbc, ch\u1ed1ng m\u1ed1i m\u1ecdt, d\u1ec5 v\u1ec7 sinh lau ch\u00f9i.<\/span><\/li>\n<li><span style=\"color: #000000;\">H\u1ea1n ch\u1ebf cong v\u00eanh, kh\u00f4ng b\u1ecb co ng\u00f3t.<\/span><\/li>\n<li><span style=\"color: #000000;\">An to\u00e0n khi s\u1eed d\u1ee5ng, th\u00e2n thi\u1ec7n v\u1edbi m\u00f4i tr\u01b0\u1eddng.<\/span><\/li>\n<li><span style=\"color: #000000;\">M\u00e0u s\u1eafc \u0111a d\u1ea1ng, d\u1ec5 ph\u1ed1i m\u00e0u theo phong c\u00e1ch ri\u00eang.<\/span><\/li>\n<\/ul>\n<p><span style=\"color: #000000;\">\u1ed0p PVC v\u00e2n m\u00e2y tinh x\u1ea3o, \u0111a d\u1ea1ng m\u00e0u s\u1eafc, m\u1eabu m\u00e3.\u00a0<\/span><\/p>\n<p><span style=\"color: #000000;\">\u1ed0p lam s\u00f3ng v\u00e2n g\u1ed7 sang tr\u1ecdng, b\u1ec1n \u0111\u1eb9p.<\/span><\/td>\n<\/tr>\n<tr style=\"height: 108px;\">\n<td style=\"width: 13.4635%; height: 108px;\"><span style=\"color: #000000;\">M\u00e0u s\u1eafc<\/span><\/td>\n<td style=\"width: 85.8171%; height: 108px;\"><span style=\"color: #000000;\">S\u1ef1 k\u1ebft h\u1ee3p tinh t\u1ebf gi\u1eefa gam m\u00e0u tr\u1eafng v\u00e2n m\u00e2y sang tr\u1ecdng v\u00e0 s\u1eafc n\u00e2u g\u1ed7 \u1ea5m \u00e1p. T\u1ea1o n\u00ean \u0111i\u1ec3m nh\u1ea5n \u0111\u1eb3ng c\u1ea5p, thanh l\u1ecbch nh\u01b0ng v\u1eabn g\u1ea7n g\u0169i v\u00e0 \u1ea5m c\u00fang cho kh\u00f4ng gian ph\u00f2ng kh\u00e1ch.<\/span><\/p>\n<p><span style=\"color: #000000;\">Kh\u00e1ch h\u00e0ng c\u00f3 th\u1ec3 l\u1ef1a ch\u1ecdn c\u00e1c m\u00e0u s\u1eafc kh\u00e1c cho ph\u00f9 h\u1ee3p nhu c\u1ea7u.<\/span><\/td>\n<\/tr>\n<tr style=\"height: 93px;\">\n<td style=\"width: 13.4635%; height: 93px;\"><span style=\"color: #000000;\">D\u1ecbch v\u1ee5 \u01b0u \u0111\u00e3i<\/span><\/td>\n<td style=\"width: 85.8171%; height: 93px;\">\n<ul>\n<li><span style=\"color: #000000;\">Mi\u1ec5n ph\u00ed t\u01b0 v\u1ea5n thi\u1ebft k\u1ebf theo kh\u00f4ng gian nh\u00e0 b\u1ea1n.<\/span><\/li>\n<li><span style=\"color: #000000;\">H\u1ed7 tr\u1ee3 b\u1ea3o h\u00e0nh 12 th\u00e1ng theo ti\u00eau chu\u1ea9n c\u1ee7a nh\u00e0 m\u00e1y.<\/span><\/li>\n<li><span style=\"color: #000000;\">Chi\u1ebft kh\u1ea5u cho kh\u00e1ch h\u00e0ng th\u00e2n thi\u1ebft ho\u1eb7c \u0111\u01a1n h\u00e0ng s\u1ed1 l\u01b0\u1ee3ng l\u1edbn.<\/span><\/li>\n<\/ul>\n<\/td>\n<\/tr>\n<\/tbody>\n<\/table>\n<figure id=\"attachment_14204\" aria-describedby=\"caption-attachment-14204\" style=\"width: 1000px\" class=\"wp-caption alignnone\"><img loading=\"lazy\" decoding=\"async\" class=\"size-full wp-image-14204\" src=\"http:\/\/qghome.vn\/wp-content\/uploads\/2025\/03\/vach-tivi-phong-khach-hien-dai-15.jpg\" alt=\"Thi\u1ebft k\u1ebf V\u00e1ch tivi ph\u00f2ng kh\u00e1ch VTVQ15 k\u1ebft h\u1ee3p b\u00e0n th\u1edd b\u1eb1ng g\u1ed7 c\u00f4ng nghi\u1ec7p, thi\u1ebft k\u1ebf sang tr\u1ecdng v\u1edbi h\u1ecda ti\u1ebft CNC tinh x\u1ea3o, k\u1ebft h\u1ee3p k\u1ec7 trang tr\u00ed v\u00e0 \u0111\u00e8n LED hi\u1ec7n \u0111\u1ea1i.\" width=\"1000\" height=\"666\" srcset=\"https:\/\/luan.webrt.net\/qhome\/wp-content\/uploads\/2025\/03\/vach-tivi-phong-khach-hien-dai-15.jpg 1000w, https:\/\/luan.webrt.net\/qhome\/wp-content\/uploads\/2025\/03\/vach-tivi-phong-khach-hien-dai-15-510x340.jpg 510w, https:\/\/luan.webrt.net\/qhome\/wp-content\/uploads\/2025\/03\/vach-tivi-phong-khach-hien-dai-15-601x400.jpg 601w, https:\/\/luan.webrt.net\/qhome\/wp-content\/uploads\/2025\/03\/vach-tivi-phong-khach-hien-dai-15-768x511.jpg 768w\" sizes=\"auto, (max-width: 1000px) 100vw, 1000px\" \/><figcaption id=\"caption-attachment-14204\" class=\"wp-caption-text\"><span style=\"color: #000000;\">Thi\u1ebft k\u1ebf v\u00e1ch tivi ph\u00f2ng kh\u00e1ch VTVQ15 k\u1ebft h\u1ee3p b\u00e0n th\u1edd, thi\u1ebft k\u1ebf sang tr\u1ecdng v\u1edbi h\u1ecda ti\u1ebft CNC tinh x\u1ea3o, k\u1ebft h\u1ee3p k\u1ec7 trang tr\u00ed v\u00e0 \u0111\u00e8n LED hi\u1ec7n \u0111\u1ea1i.<\/span><\/figcaption><\/figure>\n<h3 data-pm-slice=\"1 1 []\"><span style=\"color: #000000;\">Thi\u1ebft k\u1ebf v\u00e1ch tivi \u0111\u1eb9p \u2013 T\u0103ng t\u00ednh th\u1ea9m m\u1ef9 v\u00e0 sang tr\u1ecdng<\/span><\/h3>\n<p><span style=\"color: #000000;\">M\u1ed9t thi\u1ebft k\u1ebf v\u00e1ch tivi \u0111\u1eb9p kh\u00f4ng ch\u1ec9 gi\u00fap che \u0111i nh\u1eefng b\u1ee9c t\u01b0\u1eddng \u0111\u01a1n \u0111i\u1ec7u m\u00e0 c\u00f2n n\u00e2ng t\u1ea7m kh\u00f4ng gian s\u1ed1ng. V\u1edbi \u0111\u00f3 l\u00e0 s\u1ef1 k\u1ebft h\u1ee3p gi\u1eefa c\u00e1c ch\u1ea5t li\u1ec7u cao c\u1ea5p nh\u01b0 g\u1ed7 c\u00f4ng nghi\u1ec7p MDF, v\u00e1ch CNC h\u1ecda ti\u1ebft ngh\u1ec7 thu\u1eadt v\u00e0 \u1ed1p t\u01b0\u1eddng pvc v\u00e2n m\u00e2y sang tr\u1ecdng. Trong m\u1eabu thi\u1ebft k\u1ebf VTVQ15, c\u00e1c \u0111\u01b0\u1eddng v\u00e2n g\u1ed7 k\u1ebft h\u1ee3p v\u1edbi hoa v\u0103n c\u1eaft laser tinh t\u1ebf t\u1ea1o c\u1ea3m gi\u00e1c v\u1eeba \u1ea5m c\u00fang, v\u1eeba hi\u1ec7n \u0111\u1ea1i.<\/span><\/p>\n<p><span style=\"color: #000000;\">V\u00e1ch tivi \u0111\u01b0\u1ee3c chia th\u00e0nh c\u00e1c khu v\u1ef1c r\u00f5 r\u00e0ng:<\/span><\/p>\n<ul data-spread=\"false\">\n<li><span style=\"color: #000000;\"><strong>B\u1ee9c v\u00e1ch tivi<\/strong> trung t\u00e2m v\u1edbi n\u1ec1n \u0111\u00e1 v\u00e2n m\u00e2y sang tr\u1ecdng.<\/span><\/li>\n<li><span style=\"color: #000000;\"><strong>K\u1ec7 tivi ki\u00eam v\u00e1ch ng\u0103n<\/strong>, v\u1eeba d\u00f9ng \u0111\u1ec3 \u0111\u1eb7t tivi v\u1eeba t\u00edch h\u1ee3p t\u1ee7 ch\u1ee9a \u0111\u1ed3.<\/span><\/li>\n<li><span style=\"color: #000000;\"><strong>T\u1ee7 trang tr\u00ed k\u1ebft h\u1ee3p \u0111\u00e8n LED \u00e2m t\u01b0\u1eddng<\/strong>, t\u1ea1o kh\u00f4ng gian tr\u01b0ng b\u00e0y \u0111\u1ed3 decor nh\u01b0 t\u01b0\u1ee3ng, ch\u1eadu c\u00e2y, s\u00e1ch\u2026<\/span><\/li>\n<\/ul>\n<h3><span style=\"color: #000000;\">C\u00f4ng n\u0103ng v\u01b0\u1ee3t tr\u1ed9i \u2013 T\u00edch h\u1ee3p nhi\u1ec1u ti\u1ec7n \u00edch<\/span><\/h3>\n<p><span style=\"color: #000000;\">Kh\u00f4ng ch\u1ec9 mang \u0111\u1ebfn v\u1ebb \u0111\u1eb9p th\u1ea9m m\u1ef9, thi\u1ebft k\u1ebf v\u00e1ch tivi \u0111\u1eb9p VTVQ15 c\u00f2n gi\u00fap t\u1ed1i \u01b0u h\u00f3a c\u00f4ng n\u0103ng s\u1eed d\u1ee5ng. V\u1edbi h\u1ec7 th\u1ed1ng t\u1ee7 v\u00e0 k\u1ec7 th\u00f4ng minh, gia ch\u1ee7 c\u00f3 th\u1ec3 s\u1eed d\u1ee5ng \u0111\u1ec3 l\u01b0u tr\u1eef c\u00e1c v\u1eadt d\u1ee5ng c\u1ea7n thi\u1ebft, gi\u00fap kh\u00f4ng gian lu\u00f4n g\u1ecdn g\u00e0ng, ng\u0103n n\u1eafp. M\u1ed9t s\u1ed1 c\u00f4ng n\u0103ng n\u1ed5i b\u1eadt c\u00f3 th\u1ec3 k\u1ec3 \u0111\u1ebfn nh\u01b0:<\/span><\/p>\n<ul data-spread=\"false\">\n<li><span style=\"color: #000000;\"><strong>Ph\u00e2n chia kh\u00f4ng gian khoa h\u1ecdc<\/strong>: Trong thi\u1ebft k\u1ebf n\u00e0y, v\u00e1ch tivi c\u00f2n \u0111\u00f3ng vai tr\u00f2 nh\u01b0 m\u1ed9t v\u00e1ch ng\u0103n gi\u1eefa ph\u00f2ng kh\u00e1ch v\u00e0 khu v\u1ef1c th\u1edd c\u00fang, \u0111\u1ea3m b\u1ea3o s\u1ef1 ri\u00eang t\u01b0 v\u00e0 t\u00ednh phong th\u1ee7y.<\/span><\/li>\n<li><span style=\"color: #000000;\"><strong>T\u1eadn d\u1ee5ng kh\u00f4ng gian l\u01b0u tr\u1eef<\/strong>: H\u1ec7 t\u1ee7 d\u01b0\u1edbi k\u1ec7 tivi gi\u00fap t\u1ed1i \u0111a h\u00f3a di\u1ec7n t\u00edch, ph\u00f9 h\u1ee3p cho nh\u1eefng c\u0103n h\u1ed9 c\u00f3 kh\u00f4ng gian nh\u1ecf.<\/span><\/li>\n<li><span style=\"color: #000000;\"><strong>T\u00edch h\u1ee3p \u00e1nh s\u00e1ng th\u00f4ng minh<\/strong>: H\u1ec7 th\u1ed1ng \u0111\u00e8n LED \u00e2m t\u01b0\u1eddng gi\u00fap t\u0103ng hi\u1ec7u \u1ee9ng th\u1ecb gi\u00e1c, l\u00e0m n\u1ed5i b\u1eadt v\u1ebb \u0111\u1eb9p c\u1ee7a v\u00e1ch tivi v\u00e0 k\u1ec7 trang tr\u00ed.<\/span><\/li>\n<\/ul>\n<h3>T\u00ednh th\u1ea9m m\u1ef9 ho\u00e0n h\u1ea3o v\u1edbi s\u1ef1 k\u1ebft h\u1ee3p m\u00e0u s\u1eafc h\u00e0i h\u00f2a<\/h3>\n<p data-start=\"154\" data-end=\"785\"><span style=\"color: #000000;\">Trong thi\u1ebft k\u1ebf n\u1ed9i th\u1ea5t, m\u00e0u s\u1eafc \u0111\u00f3ng vai tr\u00f2 quan tr\u1ecdng trong vi\u1ec7c t\u1ea1o n\u00ean c\u1ea3m gi\u00e1c sang tr\u1ecdng v\u00e0 \u1ea5m c\u00fang cho kh\u00f4ng gian. Thi\u1ebft k\u1ebf v\u00e1ch tivi \u0111\u1eb9p VTVQ15 l\u00e0 minh ch\u1ee9ng r\u00f5 n\u00e9t cho s\u1ef1 ph\u1ed1i h\u1ee3p tinh t\u1ebf gi\u1eefa c\u00e1c gam m\u00e0u trung t\u00ednh v\u00e0 v\u00e2n g\u1ed7. T\u00f4ng m\u00e0u tr\u1eafng s\u00e1ng c\u1ee7a \u1ed1p pvc t\u1ef1a nh\u01b0 \u0111\u00e1 marble mang l\u1ea1i v\u1ebb \u0111\u1eb9p thanh l\u1ecbch, hi\u1ec7n \u0111\u1ea1i. Gi\u00fap kh\u00f4ng gian ph\u00f2ng kh\u00e1ch tr\u1edf n\u00ean r\u1ed9ng r\u00e3i v\u00e0 tho\u00e1ng \u0111\u00e3ng h\u01a1n. B\u00ean c\u1ea1nh \u0111\u00f3, m\u00e0u n\u00e2u tr\u1ea7m c\u1ee7a g\u1ed7 MDF t\u1ea1o \u0111i\u1ec3m nh\u1ea5n \u1ea5m \u00e1p, h\u00e0i h\u00f2a v\u1edbi n\u1ed9i th\u1ea5t t\u1ed5ng th\u1ec3. Nh\u1eefng \u0111\u01b0\u1eddng v\u00e2n g\u1ed7 m\u1ec1m m\u1ea1i k\u1ebft h\u1ee3p v\u1edbi hoa v\u0103n CNC tinh x\u1ea3o tr\u00ean v\u00e1ch ng\u0103n gi\u00fap thi\u1ebft k\u1ebf th\u00eam ph\u1ea7n sang tr\u1ecdng, n\u00e2ng t\u1ea7m kh\u00f4ng gian s\u1ed1ng.<\/span><\/p>\n<p data-start=\"787\" data-end=\"1072\"><span style=\"color: #000000;\">S\u1ef1 c\u00e2n b\u1eb1ng gi\u1eefa m\u00e0u s\u1eafc s\u00e1ng v\u00e0 t\u1ed1i kh\u00f4ng ch\u1ec9 gi\u00fap t\u0103ng chi\u1ec1u s\u00e2u cho c\u0103n ph\u00f2ng m\u00e0 c\u00f2n t\u1ea1o n\u00ean m\u1ed9t \u0111i\u1ec3m nh\u00ecn ngh\u1ec7 thu\u1eadt \u0111\u1ea7y \u1ea5n t\u01b0\u1ee3ng. V\u1edbi nh\u1eefng gam m\u00e0u n\u00e0y, v\u00e1ch tivi kh\u00f4ng ch\u1ec9 l\u00e0 m\u1ed9t s\u1ea3n ph\u1ea9m n\u1ed9i th\u1ea5t m\u00e0 c\u00f2n l\u00e0 m\u1ed9t t\u00e1c ph\u1ea9m trang tr\u00ed, mang l\u1ea1i gi\u00e1 tr\u1ecb th\u1ea9m m\u1ef9 cao cho ng\u00f4i nh\u00e0.<\/span><\/p>\n<h3><span style=\"color: #000000;\">Ch\u1ea5t li\u1ec7u cao c\u1ea5p, \u0111\u1ed9 b\u1ec1n v\u01b0\u1ee3t tr\u1ed9i<\/span><\/h3>\n<p><span style=\"color: #000000;\">M\u1eabu <strong>thi\u1ebft k\u1ebf v\u00e1ch tivi \u0111\u1eb9p<\/strong> n\u00e0y s\u1eed d\u1ee5ng c\u00e1c ch\u1ea5t li\u1ec7u cao c\u1ea5p nh\u01b0:<\/span><\/p>\n<ul data-spread=\"false\">\n<li><span style=\"color: #000000;\"><strong>G\u1ed7 MDF cao c\u1ea5p, b\u1ec1n b\u1ec9. <\/strong>H\u1ea1n ch\u1ebf cong v\u00eanh, m\u1ed1i m\u1ecdt, \u0111\u1ea3m b\u1ea3o \u0111\u1ed9 b\u1ec1n l\u00e2u d\u00e0i.<\/span><\/li>\n<li><span style=\"color: #000000;\"><strong>\u1ed0p \u0111\u00e1 v\u00e2n m\u00e2y cao c\u1ea5p.<\/strong>\u00a0T\u1ea1o c\u1ea3m gi\u00e1c sang tr\u1ecdng, d\u1ec5 lau ch\u00f9i.<\/span><\/li>\n<li><span style=\"color: #000000;\"><strong>H\u1ec7 t\u1ee7 v\u00e1ch CNC tinh t\u1ebf <\/strong>v\u1edbi h\u1ecda ti\u1ebft trang tr\u00ed \u0111\u1eb9p m\u1eaft. Gi\u00fap kh\u00f4ng gian th\u00eam ph\u1ea7n \u0111\u1ed9c \u0111\u00e1o.<\/span><\/li>\n<\/ul>\n<h3><span style=\"color: #000000;\">T\u1ea1i sao n\u00ean l\u1ef1a ch\u1ecdn m\u1eabu thi\u1ebft k\u1ebf v\u00e1ch tivi \u0111\u1eb9p n\u00e0y?<\/span><\/h3>\n<ul data-spread=\"false\">\n<li><span style=\"color: #000000;\"><strong>T\u1ed1i \u01b0u di\u1ec7n t\u00edch <\/strong>v\u1edbi thi\u1ebft k\u1ebf t\u00edch h\u1ee3p nhi\u1ec1u c\u00f4ng n\u0103ng gi\u00fap ti\u1ebft ki\u1ec7m kh\u00f4ng gian.<\/span><\/li>\n<li><span style=\"color: #000000;\"><strong>T\u0103ng t\u00ednh th\u1ea9m m\u1ef9 <\/strong>k\u1ebft h\u1ee3p gi\u1eefa v\u00e1ch g\u1ed7, \u0111\u00e1 \u1ed1p v\u00e0 h\u1ec7 t\u1ee7 trang tr\u00ed t\u1ea1o \u0111i\u1ec3m nh\u1ea5n \u1ea5n t\u01b0\u1ee3ng.<\/span><\/li>\n<li><span style=\"color: #000000;\"><strong>Ch\u1ea5t li\u1ec7u b\u1ec1n b\u1ec9 <\/strong>v\u1edbi g\u1ed7 MDF ch\u1ed1ng \u1ea9m, b\u1ec1 m\u1eb7t ph\u1ee7 melamine d\u1ec5 d\u00e0ng v\u1ec7 sinh.<\/span><\/li>\n<li><span style=\"color: #000000;\"><strong>Ph\u00f9 h\u1ee3p v\u1edbi nhi\u1ec1u phong c\u00e1ch. <\/strong>D\u1ec5 d\u00e0ng k\u1ebft h\u1ee3p v\u1edbi n\u1ed9i th\u1ea5t hi\u1ec7n \u0111\u1ea1i, t\u00e2n c\u1ed5 \u0111i\u1ec3n.<\/span><\/li>\n<\/ul>\n<h3><span style=\"color: #000000;\">\u0110\u1ecba ch\u1ec9 mua v\u00e1ch tivi k\u1ebft h\u1ee3p t\u1ee7 trang tr\u00ed uy t\u00edn<\/span><\/h3>\n<p><span style=\"color: #000000;\">N\u1ebfu b\u1ea1n \u0111ang t\u00ecm ki\u1ebfm<span style=\"color: #0000ff;\"><em><a style=\"color: #0000ff;\" href=\"https:\/\/qghome.vn\/noi-that-chung-cu\/noi-that-phong-khach\/vach-tivi-phong-khach\/\"> m\u1eabu v\u00e1ch tivi<\/a> <\/em><\/span>\u0111\u1eb9p, ch\u1ea5t l\u01b0\u1ee3ng cao v\u1edbi m\u1ee9c gi\u00e1 h\u1ee3p l\u00fd, h\u00e3y li\u00ean h\u1ec7 ngay v\u1edbi ch\u00fang t\u00f4i. V\u1edbi nhi\u1ec1u n\u0103m kinh nghi\u1ec7m trong thi\u1ebft k\u1ebf v\u00e0 thi c\u00f4ng n\u1ed9i th\u1ea5t. Ch\u00fang t\u00f4i cam k\u1ebft mang \u0111\u1ebfn nh\u1eefng s\u1ea3n ph\u1ea9m tinh t\u1ebf, ph\u00f9 h\u1ee3p v\u1edbi kh\u00f4ng gian s\u1ed1ng hi\u1ec7n \u0111\u1ea1i c\u1ee7a b\u1ea1n.<\/span><\/p>\n<p><span style=\"color: #000000;\">\u2728 Li\u00ean h\u1ec7 ngay \u0111\u1ec3 nh\u1eadn t\u01b0 v\u1ea5n chi ti\u1ebft v\u00e0 b\u00e1o gi\u00e1 t\u1ed1t nh\u1ea5t!<\/span><\/p>\n<div class=\"host-bincmiainjofjnhchmcalkanjebghoen\" style=\"position: relative; z-index: 2147483647;\"><\/div>\n<div class=\"host-bincmiainjofjnhchmcalkanjebghoen\" style=\"position: relative; z-index: 2147483647;\"><\/div>\n<div class=\"host-bincmiainjofjnhchmcalkanjebghoen\" style=\"position: relative; z-index: 2147483647;\"><\/div>\n<div class=\"host-bincmiainjofjnhchmcalkanjebghoen\" style=\"position: relative; z-index: 2147483647;\"><\/div>\n","protected":false},"excerpt":{"rendered":"<p>&nbsp;<\/p>\n<div class=\"host-bincmiainjofjnhchmcalkanjebghoen\" style=\"position: relative; z-index: 2147483647;\"><\/div>\n<div class=\"host-bincmiainjofjnhchmcalkanjebghoen\" style=\"position: relative; z-index: 2147483647;\"><\/div>\n<div class=\"host-bincmiainjofjnhchmcalkanjebghoen\" style=\"position: relative; z-index: 2147483647;\"><\/div>\n<div class=\"host-bincmiainjofjnhchmcalkanjebghoen\" style=\"position: relative; z-index: 2147483647;\"><\/div>\n","protected":false},"featured_media":14204,"comment_status":"open","ping_status":"closed","template":"","meta":[],"product_cat":[682,732,119],"product_tag":[],"class_list":["post-14203","product","type-product","status-publish","has-post-thumbnail","hentry","product_cat-noi-that-phong-khach","product_cat-vach-tivi-phong-khach","product_cat-san-pham"],"yoast_head":"<!-- This site is optimized with the Yoast SEO plugin v19.9 - https:\/\/yoast.com\/wordpress\/plugins\/seo\/ -->\n<title>Thi\u1ebft k\u1ebf v\u00e1ch tivi \u0111\u1eb9p VTVQ15<\/title>\n<meta name=\"description\" content=\"Xem ngay thi\u1ebft k\u1ebf v\u00e1ch tivi k\u1ebft h\u1ee3p b\u00e0n th\u1edd \u0111\u1eb9p,hi\u1ec7n \u0111\u1ea1i,s\u1eed d\u1ee5ng g\u1ed7 c\u00f4ng nghi\u1ec7p cao c\u1ea5p c\u00f9ng h\u1ecda ti\u1ebft CNC tinh x\u1ea3o,t\u1ea1o \u0111i\u1ec3m nh\u1ea5n sang tr\u1ecdng cho ph\u00f2ng kh\u00e1ch.\" \/>\n<meta name=\"robots\" content=\"index, follow, max-snippet:-1, max-image-preview:large, max-video-preview:-1\" \/>\n<link rel=\"canonical\" href=\"https:\/\/luan.webrt.net\/qhome\/san-pham\/thiet-ke-vach-tivi-dep-vtvq15\/\" \/>\n<meta property=\"og:locale\" content=\"vi_VN\" \/>\n<meta property=\"og:type\" content=\"article\" \/>\n<meta property=\"og:title\" content=\"Thi\u1ebft k\u1ebf v\u00e1ch tivi \u0111\u1eb9p VTVQ15\" \/>\n<meta property=\"og:description\" content=\"Xem ngay thi\u1ebft k\u1ebf v\u00e1ch tivi k\u1ebft h\u1ee3p b\u00e0n th\u1edd \u0111\u1eb9p,hi\u1ec7n \u0111\u1ea1i,s\u1eed d\u1ee5ng g\u1ed7 c\u00f4ng nghi\u1ec7p cao c\u1ea5p c\u00f9ng h\u1ecda ti\u1ebft CNC tinh x\u1ea3o,t\u1ea1o \u0111i\u1ec3m nh\u1ea5n sang tr\u1ecdng cho ph\u00f2ng kh\u00e1ch.\" \/>\n<meta property=\"og:url\" content=\"https:\/\/luan.webrt.net\/qhome\/san-pham\/thiet-ke-vach-tivi-dep-vtvq15\/\" \/>\n<meta property=\"og:site_name\" content=\"M\u1eabu web n\u1ed9i th\u1ea5t\" \/>\n<meta property=\"article:publisher\" content=\"https:\/\/www.facebook.com\/noithatqghome\" \/>\n<meta property=\"article:modified_time\" content=\"2025-11-05T08:45:16+00:00\" \/>\n<meta property=\"og:image\" content=\"https:\/\/luan.webrt.net\/qhome\/wp-content\/uploads\/2025\/03\/vach-tivi-phong-khach-hien-dai-15.jpg\" \/>\n\t<meta property=\"og:image:width\" content=\"1000\" \/>\n\t<meta property=\"og:image:height\" content=\"666\" \/>\n\t<meta property=\"og:image:type\" content=\"image\/jpeg\" \/>\n<meta name=\"twitter:card\" content=\"summary_large_image\" \/>\n<meta name=\"twitter:label1\" content=\"\u01af\u1edbc t\u00ednh th\u1eddi gian \u0111\u1ecdc\" \/>\n\t<meta name=\"twitter:data1\" content=\"7 ph\u00fat\" \/>\n<script type=\"application\/ld+json\" class=\"yoast-schema-graph\">{\"@context\":\"https:\/\/schema.org\",\"@graph\":[{\"@type\":\"WebPage\",\"@id\":\"https:\/\/luan.webrt.net\/qhome\/san-pham\/thiet-ke-vach-tivi-dep-vtvq15\/\",\"url\":\"https:\/\/luan.webrt.net\/qhome\/san-pham\/thiet-ke-vach-tivi-dep-vtvq15\/\",\"name\":\"Thi\u1ebft k\u1ebf v\u00e1ch tivi \u0111\u1eb9p VTVQ15\",\"isPartOf\":{\"@id\":\"https:\/\/luan.webrt.net\/qhome\/#website\"},\"datePublished\":\"2025-03-10T13:38:19+00:00\",\"dateModified\":\"2025-11-05T08:45:16+00:00\",\"description\":\"Xem ngay thi\u1ebft k\u1ebf v\u00e1ch tivi k\u1ebft h\u1ee3p b\u00e0n th\u1edd \u0111\u1eb9p,hi\u1ec7n \u0111\u1ea1i,s\u1eed d\u1ee5ng g\u1ed7 c\u00f4ng nghi\u1ec7p cao c\u1ea5p c\u00f9ng h\u1ecda ti\u1ebft CNC tinh x\u1ea3o,t\u1ea1o \u0111i\u1ec3m nh\u1ea5n sang tr\u1ecdng cho ph\u00f2ng kh\u00e1ch.\",\"breadcrumb\":{\"@id\":\"https:\/\/luan.webrt.net\/qhome\/san-pham\/thiet-ke-vach-tivi-dep-vtvq15\/#breadcrumb\"},\"inLanguage\":\"vi\",\"potentialAction\":[{\"@type\":\"ReadAction\",\"target\":[\"https:\/\/luan.webrt.net\/qhome\/san-pham\/thiet-ke-vach-tivi-dep-vtvq15\/\"]}]},{\"@type\":\"BreadcrumbList\",\"@id\":\"https:\/\/luan.webrt.net\/qhome\/san-pham\/thiet-ke-vach-tivi-dep-vtvq15\/#breadcrumb\",\"itemListElement\":[{\"@type\":\"ListItem\",\"position\":1,\"name\":\"Trang ch\u1ee7\",\"item\":\"https:\/\/luan.webrt.net\/qhome\/\"},{\"@type\":\"ListItem\",\"position\":2,\"name\":\"Shop\",\"item\":\"https:\/\/luan.webrt.net\/qhome\/shop\/\"},{\"@type\":\"ListItem\",\"position\":3,\"name\":\"Thi\u1ebft k\u1ebf v\u00e1ch tivi \u0111\u1eb9p VTVQ15\"}]},{\"@type\":\"WebSite\",\"@id\":\"https:\/\/luan.webrt.net\/qhome\/#website\",\"url\":\"https:\/\/luan.webrt.net\/qhome\/\",\"name\":\"M\u1eabu web n\u1ed9i th\u1ea5t\",\"description\":\"QGHome Vi\u1ec7t Nam\",\"publisher\":{\"@id\":\"https:\/\/luan.webrt.net\/qhome\/#organization\"},\"potentialAction\":[{\"@type\":\"SearchAction\",\"target\":{\"@type\":\"EntryPoint\",\"urlTemplate\":\"https:\/\/luan.webrt.net\/qhome\/?s={search_term_string}\"},\"query-input\":\"required name=search_term_string\"}],\"inLanguage\":\"vi\"},{\"@type\":\"Organization\",\"@id\":\"https:\/\/luan.webrt.net\/qhome\/#organization\",\"name\":\"QGHome\",\"url\":\"https:\/\/luan.webrt.net\/qhome\/\",\"logo\":{\"@type\":\"ImageObject\",\"inLanguage\":\"vi\",\"@id\":\"https:\/\/luan.webrt.net\/qhome\/#\/schema\/logo\/image\/\",\"url\":\"https:\/\/qghome.vn\/wp-content\/uploads\/2025\/08\/logo-mau-MauTH-21.png\",\"contentUrl\":\"https:\/\/qghome.vn\/wp-content\/uploads\/2025\/08\/logo-mau-MauTH-21.png\",\"width\":253,\"height\":99,\"caption\":\"QGHome\"},\"image\":{\"@id\":\"https:\/\/luan.webrt.net\/qhome\/#\/schema\/logo\/image\/\"},\"sameAs\":[\"https:\/\/www.tiktok.com\/@qghome.official\",\"https:\/\/www.youtube.com\/channel\/UCeVBuKTXkv-u94DS421cklw\",\"https:\/\/www.facebook.com\/noithatqghome\"]}]}<\/script>\n<!-- \/ Yoast SEO plugin. -->","yoast_head_json":{"title":"Thi\u1ebft k\u1ebf v\u00e1ch tivi \u0111\u1eb9p VTVQ15","description":"Xem ngay thi\u1ebft k\u1ebf v\u00e1ch tivi k\u1ebft h\u1ee3p b\u00e0n th\u1edd \u0111\u1eb9p,hi\u1ec7n \u0111\u1ea1i,s\u1eed d\u1ee5ng g\u1ed7 c\u00f4ng nghi\u1ec7p cao c\u1ea5p c\u00f9ng h\u1ecda ti\u1ebft CNC tinh x\u1ea3o,t\u1ea1o \u0111i\u1ec3m nh\u1ea5n sang tr\u1ecdng cho ph\u00f2ng kh\u00e1ch.","robots":{"index":"index","follow":"follow","max-snippet":"max-snippet:-1","max-image-preview":"max-image-preview:large","max-video-preview":"max-video-preview:-1"},"canonical":"https:\/\/luan.webrt.net\/qhome\/san-pham\/thiet-ke-vach-tivi-dep-vtvq15\/","og_locale":"vi_VN","og_type":"article","og_title":"Thi\u1ebft k\u1ebf v\u00e1ch tivi \u0111\u1eb9p VTVQ15","og_description":"Xem ngay thi\u1ebft k\u1ebf v\u00e1ch tivi k\u1ebft h\u1ee3p b\u00e0n th\u1edd \u0111\u1eb9p,hi\u1ec7n \u0111\u1ea1i,s\u1eed d\u1ee5ng g\u1ed7 c\u00f4ng nghi\u1ec7p cao c\u1ea5p c\u00f9ng h\u1ecda ti\u1ebft CNC tinh x\u1ea3o,t\u1ea1o \u0111i\u1ec3m nh\u1ea5n sang tr\u1ecdng cho ph\u00f2ng kh\u00e1ch.","og_url":"https:\/\/luan.webrt.net\/qhome\/san-pham\/thiet-ke-vach-tivi-dep-vtvq15\/","og_site_name":"M\u1eabu web n\u1ed9i th\u1ea5t","article_publisher":"https:\/\/www.facebook.com\/noithatqghome","article_modified_time":"2025-11-05T08:45:16+00:00","og_image":[{"width":1000,"height":666,"url":"https:\/\/luan.webrt.net\/qhome\/wp-content\/uploads\/2025\/03\/vach-tivi-phong-khach-hien-dai-15.jpg","type":"image\/jpeg"}],"twitter_card":"summary_large_image","twitter_misc":{"\u01af\u1edbc t\u00ednh th\u1eddi gian \u0111\u1ecdc":"7 ph\u00fat"},"schema":{"@context":"https:\/\/schema.org","@graph":[{"@type":"WebPage","@id":"https:\/\/luan.webrt.net\/qhome\/san-pham\/thiet-ke-vach-tivi-dep-vtvq15\/","url":"https:\/\/luan.webrt.net\/qhome\/san-pham\/thiet-ke-vach-tivi-dep-vtvq15\/","name":"Thi\u1ebft k\u1ebf v\u00e1ch tivi \u0111\u1eb9p VTVQ15","isPartOf":{"@id":"https:\/\/luan.webrt.net\/qhome\/#website"},"datePublished":"2025-03-10T13:38:19+00:00","dateModified":"2025-11-05T08:45:16+00:00","description":"Xem ngay thi\u1ebft k\u1ebf v\u00e1ch tivi k\u1ebft h\u1ee3p b\u00e0n th\u1edd \u0111\u1eb9p,hi\u1ec7n \u0111\u1ea1i,s\u1eed d\u1ee5ng g\u1ed7 c\u00f4ng nghi\u1ec7p cao c\u1ea5p c\u00f9ng h\u1ecda ti\u1ebft CNC tinh x\u1ea3o,t\u1ea1o \u0111i\u1ec3m nh\u1ea5n sang tr\u1ecdng cho ph\u00f2ng kh\u00e1ch.","breadcrumb":{"@id":"https:\/\/luan.webrt.net\/qhome\/san-pham\/thiet-ke-vach-tivi-dep-vtvq15\/#breadcrumb"},"inLanguage":"vi","potentialAction":[{"@type":"ReadAction","target":["https:\/\/luan.webrt.net\/qhome\/san-pham\/thiet-ke-vach-tivi-dep-vtvq15\/"]}]},{"@type":"BreadcrumbList","@id":"https:\/\/luan.webrt.net\/qhome\/san-pham\/thiet-ke-vach-tivi-dep-vtvq15\/#breadcrumb","itemListElement":[{"@type":"ListItem","position":1,"name":"Trang ch\u1ee7","item":"https:\/\/luan.webrt.net\/qhome\/"},{"@type":"ListItem","position":2,"name":"Shop","item":"https:\/\/luan.webrt.net\/qhome\/shop\/"},{"@type":"ListItem","position":3,"name":"Thi\u1ebft k\u1ebf v\u00e1ch tivi \u0111\u1eb9p VTVQ15"}]},{"@type":"WebSite","@id":"https:\/\/luan.webrt.net\/qhome\/#website","url":"https:\/\/luan.webrt.net\/qhome\/","name":"M\u1eabu web n\u1ed9i th\u1ea5t","description":"QGHome Vi\u1ec7t Nam","publisher":{"@id":"https:\/\/luan.webrt.net\/qhome\/#organization"},"potentialAction":[{"@type":"SearchAction","target":{"@type":"EntryPoint","urlTemplate":"https:\/\/luan.webrt.net\/qhome\/?s={search_term_string}"},"query-input":"required name=search_term_string"}],"inLanguage":"vi"},{"@type":"Organization","@id":"https:\/\/luan.webrt.net\/qhome\/#organization","name":"QGHome","url":"https:\/\/luan.webrt.net\/qhome\/","logo":{"@type":"ImageObject","inLanguage":"vi","@id":"https:\/\/luan.webrt.net\/qhome\/#\/schema\/logo\/image\/","url":"https:\/\/qghome.vn\/wp-content\/uploads\/2025\/08\/logo-mau-MauTH-21.png","contentUrl":"https:\/\/qghome.vn\/wp-content\/uploads\/2025\/08\/logo-mau-MauTH-21.png","width":253,"height":99,"caption":"QGHome"},"image":{"@id":"https:\/\/luan.webrt.net\/qhome\/#\/schema\/logo\/image\/"},"sameAs":["https:\/\/www.tiktok.com\/@qghome.official","https:\/\/www.youtube.com\/channel\/UCeVBuKTXkv-u94DS421cklw","https:\/\/www.facebook.com\/noithatqghome"]}]}},"_links":{"self":[{"href":"https:\/\/luan.webrt.net\/qhome\/wp-json\/wp\/v2\/product\/14203","targetHints":{"allow":["GET"]}}],"collection":[{"href":"https:\/\/luan.webrt.net\/qhome\/wp-json\/wp\/v2\/product"}],"about":[{"href":"https:\/\/luan.webrt.net\/qhome\/wp-json\/wp\/v2\/types\/product"}],"replies":[{"embeddable":true,"href":"https:\/\/luan.webrt.net\/qhome\/wp-json\/wp\/v2\/comments?post=14203"}],"wp:featuredmedia":[{"embeddable":true,"href":"https:\/\/luan.webrt.net\/qhome\/wp-json\/wp\/v2\/media\/14204"}],"wp:attachment":[{"href":"https:\/\/luan.webrt.net\/qhome\/wp-json\/wp\/v2\/media?parent=14203"}],"wp:term":[{"taxonomy":"product_cat","embeddable":true,"href":"https:\/\/luan.webrt.net\/qhome\/wp-json\/wp\/v2\/product_cat?post=14203"},{"taxonomy":"product_tag","embeddable":true,"href":"https:\/\/luan.webrt.net\/qhome\/wp-json\/wp\/v2\/product_tag?post=14203"}],"curies":[{"name":"wp","href":"https:\/\/api.w.org\/{rel}","templated":true}]}}