{"id":14129,"date":"2025-03-09T09:44:02","date_gmt":"2025-03-09T09:44:02","guid":{"rendered":"https:\/\/qghome.vn\/?post_type=product&#038;p=14129"},"modified":"2025-11-05T08:50:17","modified_gmt":"2025-11-05T08:50:17","slug":"mau-ke-tivi-ket-hop-vach-ngan","status":"publish","type":"product","link":"https:\/\/luan.webrt.net\/qhome\/san-pham\/mau-ke-tivi-ket-hop-vach-ngan\/","title":{"rendered":"M\u1eabu k\u1ec7 tivi k\u1ebft h\u1ee3p v\u00e1ch ng\u0103n VTVQ13"},"content":{"rendered":"<h1 style=\"text-align: center;\"><span style=\"color: #ff6600;\">M\u1eabu k\u1ec7 tivi k\u1ebft h\u1ee3p v\u00e1ch ng\u0103n VTVQ13<\/span><\/h1>\n<p><span style=\"color: #000000;\"><span style=\"font-weight: 400;\">Trong xu h\u01b0\u1edbng thi\u1ebft k\u1ebf n\u1ed9i th\u1ea5t hi\u1ec7n \u0111\u1ea1i, <\/span>m\u1eabu k\u1ec7 tivi k\u1ebft h\u1ee3p v\u00e1ch ng\u0103n<span style=\"font-weight: 400;\"> \u0111ang tr\u1edf th\u00e0nh l\u1ef1a ch\u1ecdn ho\u00e0n h\u1ea3o cho nh\u1eefng gia \u0111\u00ecnh mong mu\u1ed1n t\u1ed1i \u01b0u h\u00f3a kh\u00f4ng gian s\u1ed1ng. S\u1ea3n ph\u1ea9m v\u00e1ch tivi VTVQ13 kh\u00f4ng ch\u1ec9 gi\u00fap t\u0103ng t\u00ednh th\u1ea9m m\u1ef9 m\u00e0 c\u00f2n mang \u0111\u1ebfn s\u1ef1 ti\u1ec7n nghi v\u00e0 \u0111a n\u0103ng cho ph\u00f2ng kh\u00e1ch, t\u1ea1o \u0111i\u1ec3m nh\u1ea5n sang tr\u1ecdng v\u00e0 hi\u1ec7n \u0111\u1ea1i.<\/span><\/span><\/p>\n<h2><span style=\"color: #0000ff;\">T\u1ed5ng quan m\u1eabu s\u1ea3n ph\u1ea9m k\u1ec7 tivi k\u1ebft h\u1ee3p v\u00e1ch ng\u0103n VTVQ13<\/span><\/h2>\n<table style=\"width: 100%;\">\n<tbody>\n<tr>\n<td style=\"width: 12.8337%;\"><span style=\"color: #000000;\">Phong c\u00e1ch<\/span><\/td>\n<td style=\"width: 86.4476%;\"><span style=\"color: #000000;\">Hi\u1ec7n \u0111\u1ea1i &#8211; T\u1ed1i gi\u1ea3n<\/span><\/td>\n<\/tr>\n<tr>\n<td style=\"width: 12.8337%;\"><span style=\"color: #000000;\">K\u00edch th\u01b0\u1edbc<\/span><\/td>\n<td style=\"width: 86.4476%;\">\n<ul>\n<li><span style=\"color: #000000;\">V\u00e1ch tivi: D2000mm\u00a0 x C2500mm<\/span><\/li>\n<li><span style=\"color: #000000;\">T\u1ee7 trang tr\u00ed: 900mm x R450mm x C3000mm<\/span><\/li>\n<li><span style=\"color: #000000;\">K\u1ec7 tivi: D2000mm x R450mm x C350mm<\/span><\/li>\n<\/ul>\n<\/td>\n<\/tr>\n<tr>\n<td style=\"width: 12.8337%;\"><span style=\"color: #000000;\">Ch\u1ea5t li\u1ec7u<\/span><\/td>\n<td style=\"width: 86.4476%;\"><span style=\"color: #000000;\">Ch\u1ecdn l\u1ecdc v\u00e0 s\u1ea3n xu\u1ea5t t\u1eeb g\u1ed7 MDF ph\u1ee7 melamine cao c\u1ea5p, c\u00f3 nh\u1eefng \u01b0u \u0111i\u1ec3m v\u01b0\u1ee3t tr\u1ed9i nh\u01b0:<\/span><\/p>\n<ul>\n<li><span style=\"color: #000000;\">Ch\u1ed1ng th\u1ea5m m\u01b0\u1edbc, ch\u1ed1ng m\u1ed1i m\u1ecdt, d\u1ec5 v\u1ec7 sinh lau ch\u00f9i.<\/span><\/li>\n<li><span style=\"color: #000000;\">H\u1ea1n ch\u1ebf cong v\u00eanh, kh\u00f4ng b\u1ecb co ng\u00f3t.<\/span><\/li>\n<li><span style=\"color: #000000;\">An to\u00e0n khi s\u1eed d\u1ee5ng, th\u00e2n thi\u1ec7n v\u1edbi m\u00f4i tr\u01b0\u1eddng.<\/span><\/li>\n<li><span style=\"color: #000000;\">M\u00e0u s\u1eafc \u0111a d\u1ea1ng, d\u1ec5 ph\u1ed1i m\u00e0u theo phong c\u00e1ch ri\u00eang.<\/span><\/li>\n<\/ul>\n<p><span style=\"color: #000000;\">\u1ed0p PVC v\u00e2n m\u00e2y tinh x\u1ea3o, \u0111a d\u1ea1ng m\u00e0u s\u1eafc, m\u1eabu m\u00e3 cho kh\u00e1ch h\u00e0ng th\u00eam s\u1ef1 l\u1ef1a ch\u1ecdn ph\u00f9 h\u1ee3p.<\/span><\/td>\n<\/tr>\n<tr>\n<td style=\"width: 12.8337%;\"><span style=\"color: #000000;\">M\u00e0u s\u1eafc<\/span><\/td>\n<td style=\"width: 86.4476%;\"><span style=\"color: #000000;\">S\u1ef1 k\u1ebft h\u1ee3p tinh t\u1ebf gi\u1eefa gam m\u00e0u tr\u1eafng v\u00e2n m\u00e2y sang tr\u1ecdng v\u00e0 s\u1eafc n\u00e2u g\u1ed7 \u1ea5m \u00e1p. T\u1ea1o n\u00ean \u0111i\u1ec3m nh\u1ea5n \u0111\u1eb3ng c\u1ea5p, thanh l\u1ecbch nh\u01b0ng v\u1eabn g\u1ea7n g\u0169i v\u00e0 \u1ea5m c\u00fang cho kh\u00f4ng gian ph\u00f2ng kh\u00e1ch.<\/span><\/td>\n<\/tr>\n<tr>\n<td style=\"width: 12.8337%;\"><span style=\"color: #000000;\">D\u1ecbch v\u1ee5 \u01b0u \u0111\u00e3i<\/span><\/td>\n<td style=\"width: 86.4476%;\">\n<ul>\n<li><span style=\"color: #000000;\">Mi\u1ec5n ph\u00ed t\u01b0 v\u1ea5n thi\u1ebft k\u1ebf theo kh\u00f4ng gian nh\u00e0 b\u1ea1n.<\/span><\/li>\n<li><span style=\"color: #000000;\">H\u1ed7 tr\u1ee3 b\u1ea3o h\u00e0nh 12 th\u00e1ng theo ti\u00eau chu\u1ea9n c\u1ee7a nh\u00e0 m\u00e1y.<\/span><\/li>\n<li><span style=\"color: #000000;\">Chi\u1ebft kh\u1ea5u cho kh\u00e1ch h\u00e0ng th\u00e2n thi\u1ebft ho\u1eb7c \u0111\u01a1n h\u00e0ng s\u1ed1 l\u01b0\u1ee3ng l\u1edbn.<\/span><\/li>\n<\/ul>\n<\/td>\n<\/tr>\n<\/tbody>\n<\/table>\n<h2><span style=\"color: #0000ff;\"><b>Thi\u1ebft k\u1ebf hi\u1ec7n \u0111\u1ea1i, tinh t\u1ebf v\u00e0 \u0111\u1eb3ng c\u1ea5p<\/b><\/span><\/h2>\n<p><span style=\"color: #000000;\"><span style=\"font-weight: 400;\">M\u1eabu k\u1ec7 tivi k\u1ebft h\u1ee3p v\u00e1ch ng\u0103n VTVQ13 s\u1edf h\u1eefu thi\u1ebft k\u1ebf <\/span>v\u00e1ch tivi ph\u00f2ng kh\u00e1ch<span style=\"font-weight: 400;\"> v\u00f4 c\u00f9ng \u1ea5n t\u01b0\u1ee3ng, k\u1ebft h\u1ee3p h\u00e0i h\u00f2a gi\u1eefa ch\u1ea5t li\u1ec7u g\u1ed7 MDF cao c\u1ea5p v\u00e0 \u1ed1p PVC v\u00e2n g\u1ed7 sang tr\u1ecdng. S\u1ef1 ph\u1ed1i h\u1ee3p gi\u1eefa c\u00e1c gam m\u00e0u trung t\u00ednh nh\u01b0 tr\u1eafng, n\u00e2u v\u00e2n g\u1ed7 v\u00e0 \u00e1nh s\u00e1ng \u0111\u00e8n LED \u00e2m t\u01b0\u1eddng t\u1ea1o n\u00ean m\u1ed9t kh\u00f4ng gian trang nh\u00e3, \u1ea5m c\u00fang nh\u01b0ng v\u1eabn r\u1ea5t hi\u1ec7n \u0111\u1ea1i.<\/span><\/span><\/p>\n<p><span style=\"color: #000000;\"><span style=\"font-weight: 400;\">Nh\u1eefng \u0111\u01b0\u1eddng v\u00e2n g\u1ed7 t\u1ef1 nhi\u00ean c\u00f9ng b\u1ec1 m\u1eb7t nh\u1eb5n m\u1ecbn kh\u00f4ng ch\u1ec9 mang \u0111\u1ebfn v\u1ebb \u0111\u1eb9p thanh l\u1ecbch m\u00e0 c\u00f2n gi\u00fap kh\u00f4ng gian tr\u1edf n\u00ean r\u1ed9ng r\u00e3i h\u01a1n. C\u00e1c chi ti\u1ebft thi\u1ebft k\u1ebf t\u1ed1i gi\u1ea3n nh\u01b0ng tinh t\u1ebf, k\u1ebft h\u1ee3p v\u1edbi \u00e1nh s\u00e1ng d\u1ecbu nh\u1eb9 t\u1eeb \u0111\u00e8n LED gi\u00fap t\u1ea1o chi\u1ec1u s\u00e2u, l\u00e0m n\u1ed5i b\u1eadt <\/span>b\u1ee9c v\u00e1ch tivi<span style=\"font-weight: 400;\"> v\u00e0 n\u00e2ng t\u1ea7m th\u1ea9m m\u1ef9 cho c\u1ea3 c\u0103n ph\u00f2ng.<\/span><\/span><\/p>\n<figure id=\"attachment_14130\" aria-describedby=\"caption-attachment-14130\" style=\"width: 1000px\" class=\"wp-caption aligncenter\"><img loading=\"lazy\" decoding=\"async\" class=\"size-full wp-image-14130\" src=\"http:\/\/qghome.vn\/wp-content\/uploads\/2025\/03\/vach-tivi-phong-khach-13.jpg\" alt=\"M\u1eabu k\u1ec7 tivi k\u1ebft h\u1ee3p v\u00e1ch ng\u0103n VTVQ13 hi\u1ec7n \u0111\u1ea1i v\u1edbi thi\u1ebft k\u1ebf t\u1ed1i gi\u1ea3n, gam m\u00e0u tr\u1eafng \u2013 v\u00e2n g\u1ed7 \u1ea5m \u00e1p, t\u00edch h\u1ee3p h\u1ec7 t\u1ee7 trang tr\u00ed tinh t\u1ebf gi\u00fap kh\u00f4ng gian ph\u00f2ng kh\u00e1ch tr\u1edf n\u00ean sang tr\u1ecdng v\u00e0 ti\u1ec7n nghi.\" width=\"1000\" height=\"666\" srcset=\"https:\/\/luan.webrt.net\/qhome\/wp-content\/uploads\/2025\/03\/vach-tivi-phong-khach-13.jpg 1000w, https:\/\/luan.webrt.net\/qhome\/wp-content\/uploads\/2025\/03\/vach-tivi-phong-khach-13-510x340.jpg 510w, https:\/\/luan.webrt.net\/qhome\/wp-content\/uploads\/2025\/03\/vach-tivi-phong-khach-13-601x400.jpg 601w, https:\/\/luan.webrt.net\/qhome\/wp-content\/uploads\/2025\/03\/vach-tivi-phong-khach-13-768x511.jpg 768w\" sizes=\"auto, (max-width: 1000px) 100vw, 1000px\" \/><figcaption id=\"caption-attachment-14130\" class=\"wp-caption-text\"><span style=\"color: #000000;\">M\u1eabu k\u1ec7 tivi k\u1ebft h\u1ee3p v\u00e1ch ng\u0103n hi\u1ec7n \u0111\u1ea1i v\u1edbi thi\u1ebft k\u1ebf t\u1ed1i gi\u1ea3n, gam m\u00e0u tr\u1eafng \u2013 v\u00e2n g\u1ed7 \u1ea5m \u00e1p, t\u00edch h\u1ee3p h\u1ec7 t\u1ee7 trang tr\u00ed tinh t\u1ebf gi\u00fap kh\u00f4ng gian ph\u00f2ng kh\u00e1ch tr\u1edf n\u00ean sang tr\u1ecdng v\u00e0 ti\u1ec7n nghi.<\/span><\/figcaption><\/figure>\n<h2><span style=\"color: #0000ff;\"><b>C\u00f4ng n\u0103ng \u0111a d\u1ea1ng &#8211; Gi\u1ea3i ph\u00e1p th\u00f4ng minh cho kh\u00f4ng gian s\u1ed1ng<\/b><\/span><\/h2>\n<h3>Th\u1ecfa m\u00e3n nhu c\u1ea7u decor c\u1ee7a b\u1ea1n<\/h3>\n<p><span style=\"color: #000000;\"><span style=\"font-weight: 400;\">Kh\u00f4ng ch\u1ec9 \u0111\u1eb9p m\u1eaft, <\/span>k\u1ec7 tivi ki\u00eam v\u00e1ch ng\u0103n VTVQ13<span style=\"font-weight: 400;\">\u00a0c\u00f2n \u0111\u01b0\u1ee3c thi\u1ebft k\u1ebf t\u1ed1i \u01b0u c\u00f4ng n\u0103ng s\u1eed d\u1ee5ng. H\u1ec7 th\u1ed1ng k\u1ec7 trang tr\u00ed \u0111i k\u00e8m kh\u00f4ng ch\u1ec9 gi\u00fap tr\u01b0ng b\u00e0y c\u00e1c v\u1eadt ph\u1ea9m decor m\u00e0 c\u00f2n t\u1ea1o \u0111i\u1ec3m nh\u1ea5n cho kh\u00f4ng gian. B\u1ea1n c\u00f3 th\u1ec3 \u0111\u1eb7t s\u00e1ch, t\u01b0\u1ee3ng trang tr\u00ed, ch\u1eadu c\u00e2y nh\u1ecf ho\u1eb7c c\u00e1c m\u00f3n \u0111\u1ed3 y\u00eau th\u00edch, gi\u00fap ph\u00f2ng kh\u00e1ch th\u00eam sinh \u0111\u1ed9ng v\u00e0 th\u1ec3 hi\u1ec7n gu th\u1ea9m m\u1ef9 c\u1ee7a gia ch\u1ee7.<\/span><\/span><\/p>\n<h3>Ph\u00e2n chia kh\u00f4ng gian m\u1ed9t c\u00e1ch tinh t\u1ebf<\/h3>\n<p><span style=\"color: #000000;\"><span style=\"font-weight: 400;\">Ngo\u00e0i ra, <\/span>b\u1ee9c v\u00e1ch tivi<span style=\"font-weight: 400;\"> VTVQ13 c\u00f2n c\u00f3 t\u00e1c d\u1ee5ng ph\u00e2n chia kh\u00f4ng gian m\u1ed9t c\u00e1ch th\u00f4ng minh. Ph\u00f9 h\u1ee3p v\u1edbi c\u00e1c c\u0103n h\u1ed9 chung c\u01b0 ho\u1eb7c nh\u00e0 ph\u1ed1 c\u00f3 thi\u1ebft k\u1ebf m\u1edf. N\u00f3 gi\u00fap t\u00e1ch bi\u1ec7t khu v\u1ef1c ph\u00f2ng kh\u00e1ch v\u1edbi c\u00e1c khu v\u1ef1c kh\u00e1c m\u00e0 kh\u00f4ng g\u00e2y c\u1ea3m gi\u00e1c ch\u1eadt ch\u1ed9i. Thay v\u00e0o \u0111\u00f3 t\u1ea1o s\u1ef1 li\u1ec1n m\u1ea1ch, th\u00f4ng tho\u00e1ng h\u01a1n cho ng\u00f4i nh\u00e0.<\/span><\/span><\/p>\n<h3>Kho tr\u1eef \u0111\u1ed3 s\u1ed1 l\u01b0\u1ee3ng nh\u1ecf nh\u01b0ng c\u00f3 &#8220;v\u00f5&#8221;<\/h3>\n<p><span style=\"font-weight: 400; color: #000000;\">H\u01a1n th\u1ebf n\u1eefa, s\u1ea3n ph\u1ea9m c\u00f2n t\u00edch h\u1ee3p h\u1ec7 th\u1ed1ng t\u1ee7 v\u00e0 ng\u0103n k\u00e9o. Gi\u00fap b\u1ea1n l\u01b0u tr\u1eef \u0111\u1ed3 \u0111\u1ea1c l\u1eb7t v\u1eb7t nh\u1ecf m\u1ed9t c\u00e1ch g\u1ecdn g\u00e0ng, k\u00edn \u0111\u00e1o v\u00e0 khoa h\u1ecdc. \u0110i\u1ec1u n\u00e0y kh\u00f4ng ch\u1ec9 gi\u00fap kh\u00f4ng gian lu\u00f4n ng\u0103n n\u1eafp m\u00e0 c\u00f2n t\u1ed1i \u01b0u h\u00f3a di\u1ec7n t\u00edch s\u1eed d\u1ee5ng. \u0110\u1eb7c bi\u1ec7t ph\u00f9 h\u1ee3p v\u1edbi c\u00e1c c\u0103n h\u1ed9 c\u00f3 di\u1ec7n t\u00edch khi\u00eam t\u1ed1n.<\/span><\/p>\n<h2><span style=\"color: #0000ff;\"><b>Ch\u1ea5t li\u1ec7u b\u1ec1n b\u1ec9, an to\u00e0n cho s\u1ee9c kh\u1ecfe<\/b><\/span><\/h2>\n<p><span style=\"font-weight: 400; color: #000000;\">M\u1eabu k\u1ec7 tivi k\u1ebft h\u1ee3p v\u00e1ch ng\u0103n n\u00e0y \u0111\u01b0\u1ee3c l\u00e0m t\u1eeb g\u1ed7 MDF ch\u1ed1ng \u1ea9m ph\u1ee7 melamine cao c\u1ea5p. Gi\u00fap \u0111\u1ea3m b\u1ea3o \u0111\u1ed9 b\u1ec1n cao, ch\u1ed1ng cong v\u00eanh, m\u1ed1i m\u1ecdt hay co ng\u00f3t theo th\u1eddi gian. B\u1ec1 m\u1eb7t \u1ed1p PVC v\u00e2n g\u1ed7 kh\u00f4ng ch\u1ec9 mang l\u1ea1i v\u1ebb \u0111\u1eb9p t\u1ef1 nhi\u00ean m\u00e0 c\u00f2n gi\u00fap ch\u1ed1ng b\u00e1m b\u1ea9n, d\u1ec5 d\u00e0ng v\u1ec7 sinh.<\/span><\/p>\n<p><span style=\"font-weight: 400; color: #000000;\">Ngo\u00e0i ra, h\u1ec7 th\u1ed1ng \u0111\u00e8n LED ti\u1ebft ki\u1ec7m \u0111i\u1ec7n kh\u00f4ng ch\u1ec9 gi\u00fap t\u0103ng t\u00ednh th\u1ea9m m\u1ef9 m\u00e0 c\u00f2n t\u1ea1o c\u1ea3m gi\u00e1c th\u01b0 gi\u00e3n, d\u1ec5 ch\u1ecbu cho kh\u00f4ng gian ph\u00f2ng kh\u00e1ch. T\u1ea5t c\u1ea3 c\u00e1c v\u1eadt li\u1ec7u s\u1eed d\u1ee5ng \u0111\u1ec1u an to\u00e0n cho s\u1ee9c kh\u1ecfe, kh\u00f4ng ch\u1ee9a h\u00f3a ch\u1ea5t \u0111\u1ed9c h\u1ea1i, th\u00e2n thi\u1ec7n v\u1edbi m\u00f4i tr\u01b0\u1eddng.<\/span><\/p>\n<h2><span style=\"color: #0000ff;\"><b>L\u00fd do n\u00ean ch\u1ecdn m\u1eabu k\u1ec7 tivi k\u1ebft h\u1ee3p v\u00e1ch ng\u0103n VTVQ13<\/b><\/span><\/h2>\n<p><span style=\"color: #000000;\"><b>\ud83d\udc49T\u1ed1i \u01b0u di\u1ec7n t\u00edch<\/b><span style=\"font-weight: 400;\">: K\u1ebft h\u1ee3p ho\u00e0n h\u1ea3o gi\u1eefa k\u1ec7 tivi v\u00e0 v\u00e1ch ng\u0103n. Gi\u00fap ti\u1ebft ki\u1ec7m kh\u00f4ng gian m\u00e0 v\u1eabn \u0111\u1ea3m b\u1ea3o c\u00f4ng n\u0103ng s\u1eed d\u1ee5ng.<\/span><\/span><\/p>\n<p><span style=\"color: #000000;\"><b>\ud83d\udc49T\u0103ng t\u00ednh th\u1ea9m m\u1ef9<\/b><span style=\"font-weight: 400;\">: Thi\u1ebft k\u1ebf sang tr\u1ecdng, k\u1ebft h\u1ee3p gi\u1eefa v\u00e2n g\u1ed7 t\u1ef1 nhi\u00ean v\u00e0 \u00e1nh s\u00e1ng LED hi\u1ec7n \u0111\u1ea1i, t\u1ea1o \u0111i\u1ec3m nh\u1ea5n n\u1ed5i b\u1eadt.<\/span><\/span><\/p>\n<p><span style=\"color: #000000;\"><b>\ud83d\udc49\u0110\u1ed9 b\u1ec1n cao<\/b><span style=\"font-weight: 400;\">: S\u1eed d\u1ee5ng ch\u1ea5t li\u1ec7u MDF ch\u1ed1ng \u1ea9m, ch\u1ed1ng cong v\u00eanh. Gi\u00fap s\u1ea3n ph\u1ea9m b\u1ec1n \u0111\u1eb9p theo th\u1eddi gian.<\/span><\/span><\/p>\n<p><span style=\"color: #000000;\"><b>\ud83d\udc49Ti\u1ec7n l\u1ee3i v\u00e0 linh ho\u1ea1t<\/b><span style=\"font-weight: 400;\">: H\u1ec7 th\u1ed1ng k\u1ec7, t\u1ee7 l\u01b0u tr\u1eef th\u00f4ng minh. Gi\u00fap gi\u1eef kh\u00f4ng gian c\u1ee7a b\u1ea1n lu\u00f4n g\u1ecdn g\u00e0ng, ng\u0103n n\u1eafp.<\/span><\/span><\/p>\n<p><span style=\"color: #000000;\"><b>\ud83d\udc49Ph\u00f9 h\u1ee3p nhi\u1ec1u phong c\u00e1ch n\u1ed9i th\u1ea5t<\/b><span style=\"font-weight: 400;\">: D\u00f9 b\u1ea1n y\u00eau th\u00edch phong c\u00e1ch hi\u1ec7n \u0111\u1ea1i, t\u1ed1i gi\u1ea3n hay \u1ea5m c\u00fang, m\u1eabu k\u1ec7 tivi n\u00e0y \u0111\u1ec1u \u0111\u00e1p \u1ee9ng ho\u00e0n h\u1ea3o.<\/span><\/span><\/p>\n<h2><span style=\"color: #0000ff;\"><b>Mua m\u1eabu k\u1ec7 tivi k\u1ebft h\u1ee3p v\u00e1ch ng\u0103n \u0111\u1eb9p, ch\u1ea5t l\u01b0\u1ee3ng \u1edf \u0111\u00e2u?<\/b><\/span><\/h2>\n<p><span style=\"color: #000000;\"><span style=\"font-weight: 400;\">N\u1ebfu b\u1ea1n \u0111ang t\u00ecm ki\u1ebfm <\/span><span style=\"color: #ff6600;\"><a style=\"color: #ff6600;\" href=\"https:\/\/qghome.vn\/noi-that-chung-cu\/noi-that-phong-khach\/vach-tivi-phong-khach\/\">v\u00e1ch tivi ph\u00f2ng kh\u00e1ch<\/a><\/span><span style=\"font-weight: 400;\"><span style=\"color: #ff6600;\"> \u0111\u1eb9p<\/span>, ch\u1ea5t l\u01b0\u1ee3ng cao v\u1edbi m\u1ee9c gi\u00e1 h\u1ee3p l\u00fd, h\u00e3y li\u00ean h\u1ec7 ngay v\u1edbi ch\u00fang t\u00f4i. N\u1ed9i th\u1ea5t QG Home cung c\u1ea5p nhi\u1ec1u m\u1eabu thi\u1ebft k\u1ebf \u0111a d\u1ea1ng, phong ph\u00fa. \u0110\u1ea3m b\u1ea3o ph\u00f9 h\u1ee3p v\u1edbi m\u1ecdi phong c\u00e1ch n\u1ed9i th\u1ea5t.<\/span><\/span><\/p>\n<p><span style=\"color: #000000;\"><span style=\"font-weight: 400;\">\u2728 <\/span><b>Li\u00ean h\u1ec7 ngay \u0111\u1ec3 nh\u1eadn b\u00e1o gi\u00e1 v\u00e0 t\u01b0 v\u1ea5n chi ti\u1ebft!<\/b><span style=\"font-weight: 400;\"> \u2728<\/span><\/span><\/p>\n<p>\ud83d\udcde <span style=\"color: #000000;\">Hotline: <span style=\"color: #ff6600;\">0983 368 623\u00a0<\/span><\/span><\/p>\n<p><span style=\"color: #000000;\">\ud83c\udf10 Website:\u00a0<\/span><span style=\"color: #ff6600;\">https:\/\/qghome.vn\/<\/span><\/p>\n<p><span style=\"color: #000000;\">\ud83d\udccd \u0110\u1ecba ch\u1ec9: S\u1ed1 27\/70 Xu\u00e2n Ph\u01b0\u01a1ng, Nam T\u1eeb Li\u00eam, H\u00e0 N\u1ed9i H\u00e3y \u0111\u1ec3 ch\u00fang t\u00f4i \u0111\u1ed3ng h\u00e0nh c\u00f9ng b\u1ea1n ki\u1ebfn t\u1ea1o kh\u00f4ng gian s\u1ed1ng l\u00fd t\u01b0\u1edfng!<\/span><\/p>\n<div class=\"host-bincmiainjofjnhchmcalkanjebghoen\" style=\"position: relative; z-index: 2147483647;\"><\/div>\n<div class=\"host-bincmiainjofjnhchmcalkanjebghoen\" style=\"position: relative; z-index: 2147483647;\"><\/div>\n","protected":false},"excerpt":{"rendered":"<p>&nbsp;<\/p>\n<div class=\"host-bincmiainjofjnhchmcalkanjebghoen\" style=\"position: relative; z-index: 2147483647;\"><\/div>\n<div class=\"host-bincmiainjofjnhchmcalkanjebghoen\" style=\"position: relative; z-index: 2147483647;\"><\/div>\n","protected":false},"featured_media":14130,"comment_status":"open","ping_status":"closed","template":"","meta":[],"product_cat":[569,682,732],"product_tag":[],"class_list":["post-14129","product","type-product","status-publish","has-post-thumbnail","hentry","product_cat-noi-that-chung-cu","product_cat-noi-that-phong-khach","product_cat-vach-tivi-phong-khach"],"yoast_head":"<!-- This site is optimized with the Yoast SEO plugin v19.9 - https:\/\/yoast.com\/wordpress\/plugins\/seo\/ -->\n<title>M\u1eabu k\u1ec7 tivi k\u1ebft h\u1ee3p v\u00e1ch ng\u0103n VTVQ13<\/title>\n<meta name=\"description\" content=\"Kh\u00e1m ph\u00e1 m\u1eabu k\u1ec7 tivi k\u1ebft h\u1ee3p v\u00e1ch ng\u0103n hi\u1ec7n \u0111\u1ea1i, tinh t\u1ebf v\u1edbi tone tr\u1eafng \u2013 v\u00e2n g\u1ed7 sang tr\u1ecdng, t\u00edch h\u1ee3p t\u1ee7 trang tr\u00ed gi\u00fap t\u1ed1i \u01b0u kh\u00f4ng gian ph\u00f2ng kh\u00e1ch.\" \/>\n<meta name=\"robots\" content=\"index, follow, max-snippet:-1, max-image-preview:large, max-video-preview:-1\" \/>\n<link rel=\"canonical\" href=\"https:\/\/luan.webrt.net\/qhome\/san-pham\/mau-ke-tivi-ket-hop-vach-ngan\/\" \/>\n<meta property=\"og:locale\" content=\"vi_VN\" \/>\n<meta property=\"og:type\" content=\"article\" \/>\n<meta property=\"og:title\" content=\"M\u1eabu k\u1ec7 tivi k\u1ebft h\u1ee3p v\u00e1ch ng\u0103n VTVQ13\" \/>\n<meta property=\"og:description\" content=\"Kh\u00e1m ph\u00e1 m\u1eabu k\u1ec7 tivi k\u1ebft h\u1ee3p v\u00e1ch ng\u0103n hi\u1ec7n \u0111\u1ea1i, tinh t\u1ebf v\u1edbi tone tr\u1eafng \u2013 v\u00e2n g\u1ed7 sang tr\u1ecdng, t\u00edch h\u1ee3p t\u1ee7 trang tr\u00ed gi\u00fap t\u1ed1i \u01b0u kh\u00f4ng gian ph\u00f2ng kh\u00e1ch.\" \/>\n<meta property=\"og:url\" content=\"https:\/\/luan.webrt.net\/qhome\/san-pham\/mau-ke-tivi-ket-hop-vach-ngan\/\" \/>\n<meta property=\"og:site_name\" content=\"M\u1eabu web n\u1ed9i th\u1ea5t\" \/>\n<meta property=\"article:publisher\" content=\"https:\/\/www.facebook.com\/noithatqghome\" \/>\n<meta property=\"article:modified_time\" content=\"2025-11-05T08:50:17+00:00\" \/>\n<meta property=\"og:image\" content=\"https:\/\/luan.webrt.net\/qhome\/wp-content\/uploads\/2025\/03\/vach-tivi-phong-khach-13.jpg\" \/>\n\t<meta property=\"og:image:width\" content=\"1000\" \/>\n\t<meta property=\"og:image:height\" content=\"666\" \/>\n\t<meta property=\"og:image:type\" content=\"image\/jpeg\" \/>\n<meta name=\"twitter:card\" content=\"summary_large_image\" \/>\n<meta name=\"twitter:label1\" content=\"\u01af\u1edbc t\u00ednh th\u1eddi gian \u0111\u1ecdc\" \/>\n\t<meta name=\"twitter:data1\" content=\"7 ph\u00fat\" \/>\n<script type=\"application\/ld+json\" class=\"yoast-schema-graph\">{\"@context\":\"https:\/\/schema.org\",\"@graph\":[{\"@type\":\"WebPage\",\"@id\":\"https:\/\/luan.webrt.net\/qhome\/san-pham\/mau-ke-tivi-ket-hop-vach-ngan\/\",\"url\":\"https:\/\/luan.webrt.net\/qhome\/san-pham\/mau-ke-tivi-ket-hop-vach-ngan\/\",\"name\":\"M\u1eabu k\u1ec7 tivi k\u1ebft h\u1ee3p v\u00e1ch ng\u0103n VTVQ13\",\"isPartOf\":{\"@id\":\"https:\/\/luan.webrt.net\/qhome\/#website\"},\"datePublished\":\"2025-03-09T09:44:02+00:00\",\"dateModified\":\"2025-11-05T08:50:17+00:00\",\"description\":\"Kh\u00e1m ph\u00e1 m\u1eabu k\u1ec7 tivi k\u1ebft h\u1ee3p v\u00e1ch ng\u0103n hi\u1ec7n \u0111\u1ea1i, tinh t\u1ebf v\u1edbi tone tr\u1eafng \u2013 v\u00e2n g\u1ed7 sang tr\u1ecdng, t\u00edch h\u1ee3p t\u1ee7 trang tr\u00ed gi\u00fap t\u1ed1i \u01b0u kh\u00f4ng gian ph\u00f2ng kh\u00e1ch.\",\"breadcrumb\":{\"@id\":\"https:\/\/luan.webrt.net\/qhome\/san-pham\/mau-ke-tivi-ket-hop-vach-ngan\/#breadcrumb\"},\"inLanguage\":\"vi\",\"potentialAction\":[{\"@type\":\"ReadAction\",\"target\":[\"https:\/\/luan.webrt.net\/qhome\/san-pham\/mau-ke-tivi-ket-hop-vach-ngan\/\"]}]},{\"@type\":\"BreadcrumbList\",\"@id\":\"https:\/\/luan.webrt.net\/qhome\/san-pham\/mau-ke-tivi-ket-hop-vach-ngan\/#breadcrumb\",\"itemListElement\":[{\"@type\":\"ListItem\",\"position\":1,\"name\":\"Trang ch\u1ee7\",\"item\":\"https:\/\/luan.webrt.net\/qhome\/\"},{\"@type\":\"ListItem\",\"position\":2,\"name\":\"Shop\",\"item\":\"https:\/\/luan.webrt.net\/qhome\/shop\/\"},{\"@type\":\"ListItem\",\"position\":3,\"name\":\"M\u1eabu k\u1ec7 tivi k\u1ebft h\u1ee3p v\u00e1ch ng\u0103n VTVQ13\"}]},{\"@type\":\"WebSite\",\"@id\":\"https:\/\/luan.webrt.net\/qhome\/#website\",\"url\":\"https:\/\/luan.webrt.net\/qhome\/\",\"name\":\"M\u1eabu web n\u1ed9i th\u1ea5t\",\"description\":\"QGHome Vi\u1ec7t Nam\",\"publisher\":{\"@id\":\"https:\/\/luan.webrt.net\/qhome\/#organization\"},\"potentialAction\":[{\"@type\":\"SearchAction\",\"target\":{\"@type\":\"EntryPoint\",\"urlTemplate\":\"https:\/\/luan.webrt.net\/qhome\/?s={search_term_string}\"},\"query-input\":\"required name=search_term_string\"}],\"inLanguage\":\"vi\"},{\"@type\":\"Organization\",\"@id\":\"https:\/\/luan.webrt.net\/qhome\/#organization\",\"name\":\"QGHome\",\"url\":\"https:\/\/luan.webrt.net\/qhome\/\",\"logo\":{\"@type\":\"ImageObject\",\"inLanguage\":\"vi\",\"@id\":\"https:\/\/luan.webrt.net\/qhome\/#\/schema\/logo\/image\/\",\"url\":\"https:\/\/qghome.vn\/wp-content\/uploads\/2025\/08\/logo-mau-MauTH-21.png\",\"contentUrl\":\"https:\/\/qghome.vn\/wp-content\/uploads\/2025\/08\/logo-mau-MauTH-21.png\",\"width\":253,\"height\":99,\"caption\":\"QGHome\"},\"image\":{\"@id\":\"https:\/\/luan.webrt.net\/qhome\/#\/schema\/logo\/image\/\"},\"sameAs\":[\"https:\/\/www.tiktok.com\/@qghome.official\",\"https:\/\/www.youtube.com\/channel\/UCeVBuKTXkv-u94DS421cklw\",\"https:\/\/www.facebook.com\/noithatqghome\"]}]}<\/script>\n<!-- \/ Yoast SEO plugin. -->","yoast_head_json":{"title":"M\u1eabu k\u1ec7 tivi k\u1ebft h\u1ee3p v\u00e1ch ng\u0103n VTVQ13","description":"Kh\u00e1m ph\u00e1 m\u1eabu k\u1ec7 tivi k\u1ebft h\u1ee3p v\u00e1ch ng\u0103n hi\u1ec7n \u0111\u1ea1i, tinh t\u1ebf v\u1edbi tone tr\u1eafng \u2013 v\u00e2n g\u1ed7 sang tr\u1ecdng, t\u00edch h\u1ee3p t\u1ee7 trang tr\u00ed gi\u00fap t\u1ed1i \u01b0u kh\u00f4ng gian ph\u00f2ng kh\u00e1ch.","robots":{"index":"index","follow":"follow","max-snippet":"max-snippet:-1","max-image-preview":"max-image-preview:large","max-video-preview":"max-video-preview:-1"},"canonical":"https:\/\/luan.webrt.net\/qhome\/san-pham\/mau-ke-tivi-ket-hop-vach-ngan\/","og_locale":"vi_VN","og_type":"article","og_title":"M\u1eabu k\u1ec7 tivi k\u1ebft h\u1ee3p v\u00e1ch ng\u0103n VTVQ13","og_description":"Kh\u00e1m ph\u00e1 m\u1eabu k\u1ec7 tivi k\u1ebft h\u1ee3p v\u00e1ch ng\u0103n hi\u1ec7n \u0111\u1ea1i, tinh t\u1ebf v\u1edbi tone tr\u1eafng \u2013 v\u00e2n g\u1ed7 sang tr\u1ecdng, t\u00edch h\u1ee3p t\u1ee7 trang tr\u00ed gi\u00fap t\u1ed1i \u01b0u kh\u00f4ng gian ph\u00f2ng kh\u00e1ch.","og_url":"https:\/\/luan.webrt.net\/qhome\/san-pham\/mau-ke-tivi-ket-hop-vach-ngan\/","og_site_name":"M\u1eabu web n\u1ed9i th\u1ea5t","article_publisher":"https:\/\/www.facebook.com\/noithatqghome","article_modified_time":"2025-11-05T08:50:17+00:00","og_image":[{"width":1000,"height":666,"url":"https:\/\/luan.webrt.net\/qhome\/wp-content\/uploads\/2025\/03\/vach-tivi-phong-khach-13.jpg","type":"image\/jpeg"}],"twitter_card":"summary_large_image","twitter_misc":{"\u01af\u1edbc t\u00ednh th\u1eddi gian \u0111\u1ecdc":"7 ph\u00fat"},"schema":{"@context":"https:\/\/schema.org","@graph":[{"@type":"WebPage","@id":"https:\/\/luan.webrt.net\/qhome\/san-pham\/mau-ke-tivi-ket-hop-vach-ngan\/","url":"https:\/\/luan.webrt.net\/qhome\/san-pham\/mau-ke-tivi-ket-hop-vach-ngan\/","name":"M\u1eabu k\u1ec7 tivi k\u1ebft h\u1ee3p v\u00e1ch ng\u0103n VTVQ13","isPartOf":{"@id":"https:\/\/luan.webrt.net\/qhome\/#website"},"datePublished":"2025-03-09T09:44:02+00:00","dateModified":"2025-11-05T08:50:17+00:00","description":"Kh\u00e1m ph\u00e1 m\u1eabu k\u1ec7 tivi k\u1ebft h\u1ee3p v\u00e1ch ng\u0103n hi\u1ec7n \u0111\u1ea1i, tinh t\u1ebf v\u1edbi tone tr\u1eafng \u2013 v\u00e2n g\u1ed7 sang tr\u1ecdng, t\u00edch h\u1ee3p t\u1ee7 trang tr\u00ed gi\u00fap t\u1ed1i \u01b0u kh\u00f4ng gian ph\u00f2ng kh\u00e1ch.","breadcrumb":{"@id":"https:\/\/luan.webrt.net\/qhome\/san-pham\/mau-ke-tivi-ket-hop-vach-ngan\/#breadcrumb"},"inLanguage":"vi","potentialAction":[{"@type":"ReadAction","target":["https:\/\/luan.webrt.net\/qhome\/san-pham\/mau-ke-tivi-ket-hop-vach-ngan\/"]}]},{"@type":"BreadcrumbList","@id":"https:\/\/luan.webrt.net\/qhome\/san-pham\/mau-ke-tivi-ket-hop-vach-ngan\/#breadcrumb","itemListElement":[{"@type":"ListItem","position":1,"name":"Trang ch\u1ee7","item":"https:\/\/luan.webrt.net\/qhome\/"},{"@type":"ListItem","position":2,"name":"Shop","item":"https:\/\/luan.webrt.net\/qhome\/shop\/"},{"@type":"ListItem","position":3,"name":"M\u1eabu k\u1ec7 tivi k\u1ebft h\u1ee3p v\u00e1ch ng\u0103n VTVQ13"}]},{"@type":"WebSite","@id":"https:\/\/luan.webrt.net\/qhome\/#website","url":"https:\/\/luan.webrt.net\/qhome\/","name":"M\u1eabu web n\u1ed9i th\u1ea5t","description":"QGHome Vi\u1ec7t Nam","publisher":{"@id":"https:\/\/luan.webrt.net\/qhome\/#organization"},"potentialAction":[{"@type":"SearchAction","target":{"@type":"EntryPoint","urlTemplate":"https:\/\/luan.webrt.net\/qhome\/?s={search_term_string}"},"query-input":"required name=search_term_string"}],"inLanguage":"vi"},{"@type":"Organization","@id":"https:\/\/luan.webrt.net\/qhome\/#organization","name":"QGHome","url":"https:\/\/luan.webrt.net\/qhome\/","logo":{"@type":"ImageObject","inLanguage":"vi","@id":"https:\/\/luan.webrt.net\/qhome\/#\/schema\/logo\/image\/","url":"https:\/\/qghome.vn\/wp-content\/uploads\/2025\/08\/logo-mau-MauTH-21.png","contentUrl":"https:\/\/qghome.vn\/wp-content\/uploads\/2025\/08\/logo-mau-MauTH-21.png","width":253,"height":99,"caption":"QGHome"},"image":{"@id":"https:\/\/luan.webrt.net\/qhome\/#\/schema\/logo\/image\/"},"sameAs":["https:\/\/www.tiktok.com\/@qghome.official","https:\/\/www.youtube.com\/channel\/UCeVBuKTXkv-u94DS421cklw","https:\/\/www.facebook.com\/noithatqghome"]}]}},"_links":{"self":[{"href":"https:\/\/luan.webrt.net\/qhome\/wp-json\/wp\/v2\/product\/14129","targetHints":{"allow":["GET"]}}],"collection":[{"href":"https:\/\/luan.webrt.net\/qhome\/wp-json\/wp\/v2\/product"}],"about":[{"href":"https:\/\/luan.webrt.net\/qhome\/wp-json\/wp\/v2\/types\/product"}],"replies":[{"embeddable":true,"href":"https:\/\/luan.webrt.net\/qhome\/wp-json\/wp\/v2\/comments?post=14129"}],"wp:featuredmedia":[{"embeddable":true,"href":"https:\/\/luan.webrt.net\/qhome\/wp-json\/wp\/v2\/media\/14130"}],"wp:attachment":[{"href":"https:\/\/luan.webrt.net\/qhome\/wp-json\/wp\/v2\/media?parent=14129"}],"wp:term":[{"taxonomy":"product_cat","embeddable":true,"href":"https:\/\/luan.webrt.net\/qhome\/wp-json\/wp\/v2\/product_cat?post=14129"},{"taxonomy":"product_tag","embeddable":true,"href":"https:\/\/luan.webrt.net\/qhome\/wp-json\/wp\/v2\/product_tag?post=14129"}],"curies":[{"name":"wp","href":"https:\/\/api.w.org\/{rel}","templated":true}]}}