{"id":14121,"date":"2025-03-09T08:44:00","date_gmt":"2025-03-09T08:44:00","guid":{"rendered":"https:\/\/qghome.vn\/?post_type=product&#038;p=14121"},"modified":"2025-11-05T09:18:39","modified_gmt":"2025-11-05T09:18:39","slug":"buc-vach-tivi-phong-khach","status":"publish","type":"product","link":"https:\/\/luan.webrt.net\/qhome\/san-pham\/buc-vach-tivi-phong-khach\/","title":{"rendered":"B\u1ee9c v\u00e1ch tivi ph\u00f2ng kh\u00e1ch VTVQ11"},"content":{"rendered":"<h1><span style=\"font-weight: 400; color: #333399;\">B\u1ee9c v\u00e1ch tivi ph\u00f2ng kh\u00e1ch VTVQ11<\/span><\/h1>\n<p><span style=\"font-weight: 400; color: #000000;\">Ph\u00f2ng kh\u00e1ch kh\u00f4ng ch\u1ec9 l\u00e0 n\u01a1i sum v\u1ea7y c\u1ee7a gia \u0111\u00ecnh m\u00e0 c\u00f2n th\u1ec3 hi\u1ec7n gu th\u1ea9m m\u1ef9 v\u00e0 \u0111\u1eb3ng c\u1ea5p c\u1ee7a gia ch\u1ee7. Thi\u1ebft k\u1ebf b\u1ee9c v\u00e1ch tivi ph\u00f2ng kh\u00e1ch VTVQ11 l\u00e0 s\u1ef1 k\u1ebft h\u1ee3p ho\u00e0n h\u1ea3o gi\u1eefa thi\u1ebft k\u1ebf hi\u1ec7n \u0111\u1ea1i v\u00e0 c\u00f4ng n\u0103ng th\u00f4ng minh. Qua \u0111\u00f3 mang l\u1ea1i kh\u00f4ng gian sang tr\u1ecdng, tinh t\u1ebf v\u00e0 ti\u1ec7n \u00edch t\u1ed1i \u01b0u.<\/span><\/p>\n<h3><span style=\"color: #000000;\">T\u1ed5ng quan v\u1ec1 b\u1ee9c v\u00e1ch tivi ph\u00f2ng kh\u00e1ch VTVQ11<\/span><\/h3>\n<table style=\"width: 87.3723%;\">\n<tbody>\n<tr>\n<td style=\"width: 17.1233%;\"><span style=\"font-weight: 400; color: #000000;\">K\u00edch th\u01b0\u1edbc<\/span><\/td>\n<td style=\"width: 175.799%;\">\n<ul>\n<li><span style=\"font-weight: 400; color: #000000;\">V\u00e1ch tivi: D3500mm\u00a0 x C3000mm<\/span><\/li>\n<li><span style=\"font-weight: 400; color: #000000;\">K\u1ec7 trang tr\u00ed: D3500mm x R400mm x C350mm<\/span><\/li>\n<\/ul>\n<\/td>\n<\/tr>\n<tr>\n<td style=\"width: 17.1233%;\"><span style=\"font-weight: 400; color: #000000;\">Ch\u1ea5t li\u1ec7u<\/span><\/td>\n<td style=\"width: 175.799%;\"><span style=\"color: #000000;\">Ch\u1ecdn l\u1ecdc v\u00e0 s\u1ea3n xu\u1ea5t t\u1eeb g\u1ed7 MDF ph\u1ee7 melamine cao c\u1ea5p, c\u00f3 nh\u1eefng \u01b0u \u0111i\u1ec3m v\u01b0\u1ee3t tr\u1ed9i nh\u01b0:<\/span><\/p>\n<ul>\n<li><span style=\"color: #000000;\">Ch\u1ed1ng th\u1ea5m m\u01b0\u1edbc, ch\u1ed1ng m\u1ed1i m\u1ecdt, d\u1ec5 v\u1ec7 sinh lau ch\u00f9i.<\/span><\/li>\n<li><span style=\"color: #000000;\">H\u1ea1n ch\u1ebf cong v\u00eanh, kh\u00f4ng b\u1ecb co ng\u00f3t.<\/span><\/li>\n<li><span style=\"color: #000000;\">An to\u00e0n khi s\u1eed d\u1ee5ng, th\u00e2n thi\u1ec7n v\u1edbi m\u00f4i tr\u01b0\u1eddng.<\/span><\/li>\n<li><span style=\"color: #000000;\">M\u00e0u s\u1eafc \u0111a d\u1ea1ng, d\u1ec5 ph\u1ed1i m\u00e0u theo phong c\u00e1ch ri\u00eang.<\/span><\/li>\n<\/ul>\n<p><span style=\"color: #000000;\">\u1ed0p PVC v\u00e2n m\u00e2y tinh x\u1ea3o, \u0111a d\u1ea1ng m\u00e0u s\u1eafc, m\u1eabu m\u00e3 cho kh\u00e1ch h\u00e0ng th\u00eam s\u1ef1 l\u1ef1a ch\u1ecdn ph\u00f9 h\u1ee3p.<\/span><\/td>\n<\/tr>\n<tr>\n<td style=\"width: 17.1233%;\"><span style=\"font-weight: 400; color: #000000;\">M\u00e0u s\u1eafc<\/span><\/td>\n<td style=\"width: 175.799%;\"><span style=\"color: #000000;\">S\u1ef1 k\u1ebft h\u1ee3p tinh t\u1ebf gi\u1eefa gam m\u00e0u tr\u1eafng v\u00e2n m\u00e2y sang tr\u1ecdng v\u00e0 s\u1eafc n\u00e2u g\u1ed7 \u1ea5m \u00e1p. T\u1ea1o n\u00ean \u0111i\u1ec3m nh\u1ea5n \u0111\u1eb3ng c\u1ea5p, thanh l\u1ecbch nh\u01b0ng v\u1eabn g\u1ea7n g\u0169i v\u00e0 \u1ea5m c\u00fang cho kh\u00f4ng gian ph\u00f2ng kh\u00e1ch.<\/span><\/td>\n<\/tr>\n<tr>\n<td style=\"width: 17.1233%;\"><span style=\"font-weight: 400; color: #000000;\">D\u1ecbch v\u1ee5 \u01b0u \u0111\u00e3i<\/span><\/td>\n<td style=\"width: 175.799%;\">\n<ul>\n<li><span style=\"color: #000000;\">Mi\u1ec5n ph\u00ed t\u01b0 v\u1ea5n thi\u1ebft k\u1ebf theo kh\u00f4ng gian nh\u00e0 b\u1ea1n.<\/span><\/li>\n<li><span style=\"font-weight: 400; color: #000000;\">H\u1ed7 tr\u1ee3 b\u1ea3o h\u00e0nh 12 th\u00e1ng theo ti\u00eau chu\u1ea9n c\u1ee7a nh\u00e0 m\u00e1y.<\/span><\/li>\n<li><span style=\"color: #000000;\">Chi\u1ebft kh\u1ea5u cho kh\u00e1ch h\u00e0ng th\u00e2n thi\u1ebft ho\u1eb7c \u0111\u01a1n h\u00e0ng s\u1ed1 l\u01b0\u1ee3ng l\u1edbn.<\/span><\/li>\n<\/ul>\n<\/td>\n<\/tr>\n<\/tbody>\n<\/table>\n<div><\/div>\n<figure id=\"attachment_14124\" aria-describedby=\"caption-attachment-14124\" style=\"width: 1000px\" class=\"wp-caption alignnone\"><img loading=\"lazy\" decoding=\"async\" class=\"size-full wp-image-14124\" src=\"http:\/\/qghome.vn\/wp-content\/uploads\/2025\/03\/vach-tivi-dep-11.jpg\" alt=\"B\u1ee9c v\u00e1ch tivi ph\u00f2ng kh\u00e1ch VTVQ11 c\u00f3 thi\u1ebft k\u1ebf t\u1ed1i gi\u1ea3n, v\u00e1ch tivi \u0111\u01b0\u1ee3c thi c\u00f4ng t\u1eeb \u1ed1p pvc tr\u1eafng m\u00e2n m\u00e2y, \u1ed1p l\u00e0m s\u00f3ng, k\u1ec7 tivi.\" width=\"1000\" height=\"666\" srcset=\"https:\/\/luan.webrt.net\/qhome\/wp-content\/uploads\/2025\/03\/vach-tivi-dep-11.jpg 1000w, https:\/\/luan.webrt.net\/qhome\/wp-content\/uploads\/2025\/03\/vach-tivi-dep-11-510x340.jpg 510w, https:\/\/luan.webrt.net\/qhome\/wp-content\/uploads\/2025\/03\/vach-tivi-dep-11-601x400.jpg 601w, https:\/\/luan.webrt.net\/qhome\/wp-content\/uploads\/2025\/03\/vach-tivi-dep-11-768x511.jpg 768w\" sizes=\"auto, (max-width: 1000px) 100vw, 1000px\" \/><figcaption id=\"caption-attachment-14124\" class=\"wp-caption-text\"><span style=\"color: #000000;\">B\u1ee9c v\u00e1ch tivi ph\u00f2ng kh\u00e1ch VTVQ11 c\u00f3 thi\u1ebft k\u1ebf t\u1ed1i gi\u1ea3n, v\u00e1ch tivi \u0111\u01b0\u1ee3c thi c\u00f4ng t\u1eeb \u1ed1p PVC tr\u1eafng m\u00e2n m\u00e2y, \u1ed1p l\u00e0m s\u00f3ng, k\u1ec7 tivi<\/span><\/figcaption><\/figure>\n<h3><span style=\"color: #000000;\"><b>Phong C\u00e1ch Thi\u1ebft K\u1ebf \u2013 S\u1ef1 H\u00f2a Quy\u1ec7n Gi\u1eefa Hi\u1ec7n \u0110\u1ea1i V\u00e0 Tinh T\u1ebf<\/b><\/span><\/h3>\n<p><span style=\"color: #000000;\"><span style=\"font-weight: 400;\">M\u1eabu v\u00e1ch tivi VTVQ11 \u0111\u01b0\u1ee3c thi\u1ebft k\u1ebf theo phong c\u00e1ch hi\u1ec7n \u0111\u1ea1i \u2013 t\u1ed1i gi\u1ea3n. S\u1eed d\u1ee5ng v\u1eadt li\u1ec7u cao c\u1ea5p nh\u01b0 g\u1ed7 c\u00f4ng nghi\u1ec7p MDF ph\u1ee7 melamine, \u1ed1p PVC v\u00e2n m\u00e2y k\u1ebft h\u1ee3p c\u00f9ng \u0111\u00e8n LED<\/span> <span style=\"font-weight: 400;\">\u00e2m t\u1ee7 t\u1ea1o n\u00ean m\u1ed9t t\u1ed5ng th\u1ec3 h\u00e0i h\u00f2a v\u00e0 \u0111\u1ea7y t\u00ednh ngh\u1ec7 thu\u1eadt. B\u1ed1 c\u1ee5c c\u00e2n \u0111\u1ed1i v\u1edbi hai b\u00ean v\u00e1ch \u1ed1p g\u1ed7 \u0111\u1ed1i x\u1ee9ng, trung t\u00e2m l\u00e0 \u1ed1p pvc v\u00e2n m\u00e2y gi\u00fap t\u00f4n l\u00ean v\u1ebb \u0111\u1eb9p sang tr\u1ecdng.<\/span><\/span><\/p>\n<p><span style=\"color: #000000;\">B\u00ean c\u1ea1nh \u0111\u00f3, s\u1ef1 k\u1ebft h\u1ee3p <span style=\"font-weight: 400;\">gi\u1eefa m\u00e0u tr\u1eafng v\u00e2n \u0111\u00e1, m\u00e0u n\u00e2u g\u1ed7 t\u1ef1 nhi\u00ean v\u00e0 n\u1ec1n<\/span> <span style=\"font-weight: 400;\">\u0111en huy\u1ec1n b\u00ed gi\u00fap kh\u00f4ng gian th\u00eam ph\u1ea7n tinh t\u1ebf. <\/span><\/span><span style=\"font-weight: 400; color: #000000;\">H\u1ec7 th\u1ed1ng \u0111\u00e8n LED \u00e2m kh\u00f4ng ch\u1ec9 l\u00e0m n\u1ed5i b\u1eadt v\u00e1ch tivi m\u00e0 c\u00f2n t\u1ea1o \u0111i\u1ec3m nh\u1ea5n \u00e1nh s\u00e1ng, gi\u00fap kh\u00f4ng gian th\u00eam ph\u1ea7n lung linh v\u00e0o bu\u1ed5i t\u1ed1i.<\/span><\/p>\n<h3><span style=\"color: #000000;\"><b>C\u00f4ng N\u0103ng V\u01b0\u1ee3t Tr\u1ed9i \u2013 Ti\u1ec7n \u00cdch Ho\u00e0n H\u1ea3o<\/b><\/span><\/h3>\n<p><span style=\"font-weight: 400; color: #000000;\">B\u00ean c\u1ea1nh gi\u00e1 tr\u1ecb th\u1ea9m m\u1ef9, v\u00e1ch tivi c\u00f2n \u0111\u01b0\u1ee3c t\u1ed1i \u01b0u c\u00f4ng n\u0103ng s\u1eed d\u1ee5ng, gi\u00fap n\u00e2ng t\u1ea7m tr\u1ea3i nghi\u1ec7m cho gia \u0111\u00ecnh:<\/span><\/p>\n<p><span style=\"color: #000000;\"><span style=\"font-weight: 400;\">\u2705 <\/span><strong>Gi\u00fap kh\u00f4ng gian g\u1ecdn g\u00e0ng, ng\u0103n n\u1eafp:<\/strong> Thi\u1ebft k\u1ebf t\u00edch h\u1ee3p k\u1ec7 trang tr\u00ed gi\u00fap t\u1eadn d\u1ee5ng kh\u00f4ng gian hi\u1ec7u qu\u1ea3, gi\u1eef ph\u00f2ng kh\u00e1ch lu\u00f4n g\u1ecdn g\u00e0ng.<br \/>\n\u2705 <strong>K\u1ec7 tr\u01b0ng b\u00e0y tinh t\u1ebf:<\/strong> Gia ch\u1ee7 c\u00f3 th\u1ec3 s\u1eafp x\u1ebfp s\u00e1ch. \u0111\u1ed3 trang tr\u00ed, t\u01b0\u1ee3ng phong th\u1ee7y, c\u00e2y xanh\u2026 \u0111\u1ec3 t\u1ea1o \u0111i\u1ec3m nh\u1ea5n.<br \/>\n\u2705 <strong>B\u1ea3o v\u1ec7 tivi v\u00e0 che \u0111i h\u1ec7 th\u1ed1ng d\u00e2y \u0111i\u1ec7n:<\/strong> H\u1ec7 t\u1ee7 \u1ea9n ph\u00eda sau gi\u00fap che gi\u1ea5u d\u00e2y \u0111i\u1ec7n g\u1ecdn g\u00e0ng, t\u0103ng t\u00ednh an to\u00e0n khi s\u1eed d\u1ee5ng.<br \/>\n\u2705 <strong>T\u1ea1o kh\u00f4ng gian s\u1ed1ng \u0111\u1eb3ng c\u1ea5p:<\/strong> M\u1ed9t thi\u1ebft k\u1ebf v\u00e1ch tivi \u0111\u1eb9p s\u1ebd n\u00e2ng t\u1ea7m gi\u00e1 tr\u1ecb kh\u00f4ng gian. Gi\u00fap ph\u00f2ng kh\u00e1ch tr\u1edf n\u00ean sang tr\u1ecdng v\u00e0 chuy\u00ean nghi\u1ec7p h\u01a1n.<\/span><\/p>\n<h3><span style=\"color: #000000;\"><b>L\u00fd Do N\u00ean Ch\u1ecdn M\u1eabu V\u00e1ch Tivi N\u00e0y<\/b><\/span><\/h3>\n<ul>\n<li style=\"font-weight: 400;\" aria-level=\"1\"><span style=\"color: #000000;\">Thi\u1ebft k\u1ebf sang tr\u1ecdng, ph\u00f9 h\u1ee3p v\u1edbi nhi\u1ec1u phong c\u00e1ch n\u1ed9i th\u1ea5t<span style=\"font-weight: 400;\">.<\/span><\/span><\/li>\n<li style=\"font-weight: 400;\" aria-level=\"1\"><span style=\"color: #000000;\">Ch\u1ea5t li\u1ec7u cao c\u1ea5p, b\u1ec1n \u0111\u1eb9p theo th\u1eddi gian<span style=\"font-weight: 400;\">.<\/span><\/span><\/li>\n<li style=\"font-weight: 400;\" aria-level=\"1\"><span style=\"color: #000000;\">\u0110\u00e1p \u1ee9ng c\u1ea3 nhu c\u1ea7u th\u1ea9m m\u1ef9 l\u1eabn c\u00f4ng n\u0103ng s\u1eed d\u1ee5ng<span style=\"font-weight: 400;\">.<\/span><\/span><\/li>\n<li style=\"font-weight: 400;\" aria-level=\"1\"><span style=\"color: #000000;\">T\u1ed1i \u01b0u kh\u00f4ng gian, gi\u00fap ph\u00f2ng kh\u00e1ch tr\u1edf n\u00ean hi\u1ec7n \u0111\u1ea1i v\u00e0 ti\u1ec7n nghi h\u01a1n<span style=\"font-weight: 400;\">.<\/span><\/span><\/li>\n<\/ul>\n<h3><strong><span style=\"color: #000000;\">K\u1ebft Lu\u1eadn<\/span><\/strong><\/h3>\n<p><span style=\"color: #000000;\"><span style=\"font-weight: 400;\">M\u1eabu <\/span>v\u00e1ch tivi k\u1ebft h\u1ee3p k\u1ec7 trang tr\u00ed<span style=\"font-weight: 400;\"> n\u00e0y l\u00e0 l\u1ef1a ch\u1ecdn ho\u00e0n h\u1ea3o d\u00e0nh cho nh\u1eefng ai y\u00eau th\u00edch s\u1ef1 sang tr\u1ecdng, tinh t\u1ebf v\u00e0 ti\u1ec7n nghi. Kh\u00f4ng ch\u1ec9 gi\u00fap <\/span>t\u00f4n l\u00ean \u0111\u1eb3ng c\u1ea5p c\u1ee7a gia ch\u1ee7<span style=\"font-weight: 400;\">, v\u00e1ch tivi c\u00f2n t\u1ed1i \u01b0u h\u00f3a kh\u00f4ng gian, mang l\u1ea1i tr\u1ea3i nghi\u1ec7m s\u1ed1ng tr\u1ecdn v\u1eb9n.<\/span><\/span><\/p>\n<div class=\"host-bincmiainjofjnhchmcalkanjebghoen\" style=\"position: relative; z-index: 2147483647;\"><\/div>\n","protected":false},"excerpt":{"rendered":"<p>&nbsp;<\/p>\n<div class=\"host-bincmiainjofjnhchmcalkanjebghoen\" style=\"position: relative; z-index: 2147483647;\"><\/div>\n","protected":false},"featured_media":14124,"comment_status":"open","ping_status":"closed","template":"","meta":[],"product_cat":[569,682,732,119],"product_tag":[],"class_list":["post-14121","product","type-product","status-publish","has-post-thumbnail","hentry","product_cat-noi-that-chung-cu","product_cat-noi-that-phong-khach","product_cat-vach-tivi-phong-khach","product_cat-san-pham"],"yoast_head":"<!-- This site is optimized with the Yoast SEO plugin v19.9 - https:\/\/yoast.com\/wordpress\/plugins\/seo\/ -->\n<title>B\u1ee9c v\u00e1ch tivi ph\u00f2ng kh\u00e1ch VTVQ11<\/title>\n<meta name=\"description\" content=\"B\u1ee9c v\u00e1ch tivi ph\u00f2ng kh\u00e1ch \u0111\u1eb9p, thi\u1ebft k\u1ebf hi\u1ec7n \u0111\u1ea1i, ch\u1ea5t li\u1ec7u cao c\u1ea5p. T\u1ed1i \u01b0u kh\u00f4ng gian, t\u0103ng t\u00ednh th\u1ea9m m\u1ef9 v\u00e0 ti\u1ec7n \u00edch. Xem ngay m\u1eabu v\u00e1ch tivi \u1ea5n t\u01b0\u1ee3ng!\" \/>\n<meta name=\"robots\" content=\"index, follow, max-snippet:-1, max-image-preview:large, max-video-preview:-1\" \/>\n<link rel=\"canonical\" href=\"https:\/\/luan.webrt.net\/qhome\/san-pham\/buc-vach-tivi-phong-khach\/\" \/>\n<meta property=\"og:locale\" content=\"vi_VN\" \/>\n<meta property=\"og:type\" content=\"article\" \/>\n<meta property=\"og:title\" content=\"B\u1ee9c v\u00e1ch tivi ph\u00f2ng kh\u00e1ch VTVQ11\" \/>\n<meta property=\"og:description\" content=\"B\u1ee9c v\u00e1ch tivi ph\u00f2ng kh\u00e1ch \u0111\u1eb9p, thi\u1ebft k\u1ebf hi\u1ec7n \u0111\u1ea1i, ch\u1ea5t li\u1ec7u cao c\u1ea5p. T\u1ed1i \u01b0u kh\u00f4ng gian, t\u0103ng t\u00ednh th\u1ea9m m\u1ef9 v\u00e0 ti\u1ec7n \u00edch. Xem ngay m\u1eabu v\u00e1ch tivi \u1ea5n t\u01b0\u1ee3ng!\" \/>\n<meta property=\"og:url\" content=\"https:\/\/luan.webrt.net\/qhome\/san-pham\/buc-vach-tivi-phong-khach\/\" \/>\n<meta property=\"og:site_name\" content=\"M\u1eabu web n\u1ed9i th\u1ea5t\" \/>\n<meta property=\"article:publisher\" content=\"https:\/\/www.facebook.com\/noithatqghome\" \/>\n<meta property=\"article:modified_time\" content=\"2025-11-05T09:18:39+00:00\" \/>\n<meta property=\"og:image\" content=\"https:\/\/luan.webrt.net\/qhome\/wp-content\/uploads\/2025\/03\/vach-tivi-dep-11.jpg\" \/>\n\t<meta property=\"og:image:width\" content=\"1000\" \/>\n\t<meta property=\"og:image:height\" content=\"666\" \/>\n\t<meta property=\"og:image:type\" content=\"image\/jpeg\" \/>\n<meta name=\"twitter:card\" content=\"summary_large_image\" \/>\n<meta name=\"twitter:label1\" content=\"\u01af\u1edbc t\u00ednh th\u1eddi gian \u0111\u1ecdc\" \/>\n\t<meta name=\"twitter:data1\" content=\"5 ph\u00fat\" \/>\n<script type=\"application\/ld+json\" class=\"yoast-schema-graph\">{\"@context\":\"https:\/\/schema.org\",\"@graph\":[{\"@type\":\"WebPage\",\"@id\":\"https:\/\/luan.webrt.net\/qhome\/san-pham\/buc-vach-tivi-phong-khach\/\",\"url\":\"https:\/\/luan.webrt.net\/qhome\/san-pham\/buc-vach-tivi-phong-khach\/\",\"name\":\"B\u1ee9c v\u00e1ch tivi ph\u00f2ng kh\u00e1ch VTVQ11\",\"isPartOf\":{\"@id\":\"https:\/\/luan.webrt.net\/qhome\/#website\"},\"datePublished\":\"2025-03-09T08:44:00+00:00\",\"dateModified\":\"2025-11-05T09:18:39+00:00\",\"description\":\"B\u1ee9c v\u00e1ch tivi ph\u00f2ng kh\u00e1ch \u0111\u1eb9p, thi\u1ebft k\u1ebf hi\u1ec7n \u0111\u1ea1i, ch\u1ea5t li\u1ec7u cao c\u1ea5p. T\u1ed1i \u01b0u kh\u00f4ng gian, t\u0103ng t\u00ednh th\u1ea9m m\u1ef9 v\u00e0 ti\u1ec7n \u00edch. Xem ngay m\u1eabu v\u00e1ch tivi \u1ea5n t\u01b0\u1ee3ng!\",\"breadcrumb\":{\"@id\":\"https:\/\/luan.webrt.net\/qhome\/san-pham\/buc-vach-tivi-phong-khach\/#breadcrumb\"},\"inLanguage\":\"vi\",\"potentialAction\":[{\"@type\":\"ReadAction\",\"target\":[\"https:\/\/luan.webrt.net\/qhome\/san-pham\/buc-vach-tivi-phong-khach\/\"]}]},{\"@type\":\"BreadcrumbList\",\"@id\":\"https:\/\/luan.webrt.net\/qhome\/san-pham\/buc-vach-tivi-phong-khach\/#breadcrumb\",\"itemListElement\":[{\"@type\":\"ListItem\",\"position\":1,\"name\":\"Trang ch\u1ee7\",\"item\":\"https:\/\/luan.webrt.net\/qhome\/\"},{\"@type\":\"ListItem\",\"position\":2,\"name\":\"Shop\",\"item\":\"https:\/\/luan.webrt.net\/qhome\/shop\/\"},{\"@type\":\"ListItem\",\"position\":3,\"name\":\"B\u1ee9c v\u00e1ch tivi ph\u00f2ng kh\u00e1ch VTVQ11\"}]},{\"@type\":\"WebSite\",\"@id\":\"https:\/\/luan.webrt.net\/qhome\/#website\",\"url\":\"https:\/\/luan.webrt.net\/qhome\/\",\"name\":\"M\u1eabu web n\u1ed9i th\u1ea5t\",\"description\":\"QGHome Vi\u1ec7t Nam\",\"publisher\":{\"@id\":\"https:\/\/luan.webrt.net\/qhome\/#organization\"},\"potentialAction\":[{\"@type\":\"SearchAction\",\"target\":{\"@type\":\"EntryPoint\",\"urlTemplate\":\"https:\/\/luan.webrt.net\/qhome\/?s={search_term_string}\"},\"query-input\":\"required name=search_term_string\"}],\"inLanguage\":\"vi\"},{\"@type\":\"Organization\",\"@id\":\"https:\/\/luan.webrt.net\/qhome\/#organization\",\"name\":\"QGHome\",\"url\":\"https:\/\/luan.webrt.net\/qhome\/\",\"logo\":{\"@type\":\"ImageObject\",\"inLanguage\":\"vi\",\"@id\":\"https:\/\/luan.webrt.net\/qhome\/#\/schema\/logo\/image\/\",\"url\":\"https:\/\/qghome.vn\/wp-content\/uploads\/2025\/08\/logo-mau-MauTH-21.png\",\"contentUrl\":\"https:\/\/qghome.vn\/wp-content\/uploads\/2025\/08\/logo-mau-MauTH-21.png\",\"width\":253,\"height\":99,\"caption\":\"QGHome\"},\"image\":{\"@id\":\"https:\/\/luan.webrt.net\/qhome\/#\/schema\/logo\/image\/\"},\"sameAs\":[\"https:\/\/www.tiktok.com\/@qghome.official\",\"https:\/\/www.youtube.com\/channel\/UCeVBuKTXkv-u94DS421cklw\",\"https:\/\/www.facebook.com\/noithatqghome\"]}]}<\/script>\n<!-- \/ Yoast SEO plugin. -->","yoast_head_json":{"title":"B\u1ee9c v\u00e1ch tivi ph\u00f2ng kh\u00e1ch VTVQ11","description":"B\u1ee9c v\u00e1ch tivi ph\u00f2ng kh\u00e1ch \u0111\u1eb9p, thi\u1ebft k\u1ebf hi\u1ec7n \u0111\u1ea1i, ch\u1ea5t li\u1ec7u cao c\u1ea5p. T\u1ed1i \u01b0u kh\u00f4ng gian, t\u0103ng t\u00ednh th\u1ea9m m\u1ef9 v\u00e0 ti\u1ec7n \u00edch. Xem ngay m\u1eabu v\u00e1ch tivi \u1ea5n t\u01b0\u1ee3ng!","robots":{"index":"index","follow":"follow","max-snippet":"max-snippet:-1","max-image-preview":"max-image-preview:large","max-video-preview":"max-video-preview:-1"},"canonical":"https:\/\/luan.webrt.net\/qhome\/san-pham\/buc-vach-tivi-phong-khach\/","og_locale":"vi_VN","og_type":"article","og_title":"B\u1ee9c v\u00e1ch tivi ph\u00f2ng kh\u00e1ch VTVQ11","og_description":"B\u1ee9c v\u00e1ch tivi ph\u00f2ng kh\u00e1ch \u0111\u1eb9p, thi\u1ebft k\u1ebf hi\u1ec7n \u0111\u1ea1i, ch\u1ea5t li\u1ec7u cao c\u1ea5p. T\u1ed1i \u01b0u kh\u00f4ng gian, t\u0103ng t\u00ednh th\u1ea9m m\u1ef9 v\u00e0 ti\u1ec7n \u00edch. Xem ngay m\u1eabu v\u00e1ch tivi \u1ea5n t\u01b0\u1ee3ng!","og_url":"https:\/\/luan.webrt.net\/qhome\/san-pham\/buc-vach-tivi-phong-khach\/","og_site_name":"M\u1eabu web n\u1ed9i th\u1ea5t","article_publisher":"https:\/\/www.facebook.com\/noithatqghome","article_modified_time":"2025-11-05T09:18:39+00:00","og_image":[{"width":1000,"height":666,"url":"https:\/\/luan.webrt.net\/qhome\/wp-content\/uploads\/2025\/03\/vach-tivi-dep-11.jpg","type":"image\/jpeg"}],"twitter_card":"summary_large_image","twitter_misc":{"\u01af\u1edbc t\u00ednh th\u1eddi gian \u0111\u1ecdc":"5 ph\u00fat"},"schema":{"@context":"https:\/\/schema.org","@graph":[{"@type":"WebPage","@id":"https:\/\/luan.webrt.net\/qhome\/san-pham\/buc-vach-tivi-phong-khach\/","url":"https:\/\/luan.webrt.net\/qhome\/san-pham\/buc-vach-tivi-phong-khach\/","name":"B\u1ee9c v\u00e1ch tivi ph\u00f2ng kh\u00e1ch VTVQ11","isPartOf":{"@id":"https:\/\/luan.webrt.net\/qhome\/#website"},"datePublished":"2025-03-09T08:44:00+00:00","dateModified":"2025-11-05T09:18:39+00:00","description":"B\u1ee9c v\u00e1ch tivi ph\u00f2ng kh\u00e1ch \u0111\u1eb9p, thi\u1ebft k\u1ebf hi\u1ec7n \u0111\u1ea1i, ch\u1ea5t li\u1ec7u cao c\u1ea5p. T\u1ed1i \u01b0u kh\u00f4ng gian, t\u0103ng t\u00ednh th\u1ea9m m\u1ef9 v\u00e0 ti\u1ec7n \u00edch. Xem ngay m\u1eabu v\u00e1ch tivi \u1ea5n t\u01b0\u1ee3ng!","breadcrumb":{"@id":"https:\/\/luan.webrt.net\/qhome\/san-pham\/buc-vach-tivi-phong-khach\/#breadcrumb"},"inLanguage":"vi","potentialAction":[{"@type":"ReadAction","target":["https:\/\/luan.webrt.net\/qhome\/san-pham\/buc-vach-tivi-phong-khach\/"]}]},{"@type":"BreadcrumbList","@id":"https:\/\/luan.webrt.net\/qhome\/san-pham\/buc-vach-tivi-phong-khach\/#breadcrumb","itemListElement":[{"@type":"ListItem","position":1,"name":"Trang ch\u1ee7","item":"https:\/\/luan.webrt.net\/qhome\/"},{"@type":"ListItem","position":2,"name":"Shop","item":"https:\/\/luan.webrt.net\/qhome\/shop\/"},{"@type":"ListItem","position":3,"name":"B\u1ee9c v\u00e1ch tivi ph\u00f2ng kh\u00e1ch VTVQ11"}]},{"@type":"WebSite","@id":"https:\/\/luan.webrt.net\/qhome\/#website","url":"https:\/\/luan.webrt.net\/qhome\/","name":"M\u1eabu web n\u1ed9i th\u1ea5t","description":"QGHome Vi\u1ec7t Nam","publisher":{"@id":"https:\/\/luan.webrt.net\/qhome\/#organization"},"potentialAction":[{"@type":"SearchAction","target":{"@type":"EntryPoint","urlTemplate":"https:\/\/luan.webrt.net\/qhome\/?s={search_term_string}"},"query-input":"required name=search_term_string"}],"inLanguage":"vi"},{"@type":"Organization","@id":"https:\/\/luan.webrt.net\/qhome\/#organization","name":"QGHome","url":"https:\/\/luan.webrt.net\/qhome\/","logo":{"@type":"ImageObject","inLanguage":"vi","@id":"https:\/\/luan.webrt.net\/qhome\/#\/schema\/logo\/image\/","url":"https:\/\/qghome.vn\/wp-content\/uploads\/2025\/08\/logo-mau-MauTH-21.png","contentUrl":"https:\/\/qghome.vn\/wp-content\/uploads\/2025\/08\/logo-mau-MauTH-21.png","width":253,"height":99,"caption":"QGHome"},"image":{"@id":"https:\/\/luan.webrt.net\/qhome\/#\/schema\/logo\/image\/"},"sameAs":["https:\/\/www.tiktok.com\/@qghome.official","https:\/\/www.youtube.com\/channel\/UCeVBuKTXkv-u94DS421cklw","https:\/\/www.facebook.com\/noithatqghome"]}]}},"_links":{"self":[{"href":"https:\/\/luan.webrt.net\/qhome\/wp-json\/wp\/v2\/product\/14121","targetHints":{"allow":["GET"]}}],"collection":[{"href":"https:\/\/luan.webrt.net\/qhome\/wp-json\/wp\/v2\/product"}],"about":[{"href":"https:\/\/luan.webrt.net\/qhome\/wp-json\/wp\/v2\/types\/product"}],"replies":[{"embeddable":true,"href":"https:\/\/luan.webrt.net\/qhome\/wp-json\/wp\/v2\/comments?post=14121"}],"wp:featuredmedia":[{"embeddable":true,"href":"https:\/\/luan.webrt.net\/qhome\/wp-json\/wp\/v2\/media\/14124"}],"wp:attachment":[{"href":"https:\/\/luan.webrt.net\/qhome\/wp-json\/wp\/v2\/media?parent=14121"}],"wp:term":[{"taxonomy":"product_cat","embeddable":true,"href":"https:\/\/luan.webrt.net\/qhome\/wp-json\/wp\/v2\/product_cat?post=14121"},{"taxonomy":"product_tag","embeddable":true,"href":"https:\/\/luan.webrt.net\/qhome\/wp-json\/wp\/v2\/product_tag?post=14121"}],"curies":[{"name":"wp","href":"https:\/\/api.w.org\/{rel}","templated":true}]}}