{"id":14117,"date":"2025-03-09T02:27:30","date_gmt":"2025-03-09T02:27:30","guid":{"rendered":"https:\/\/qghome.vn\/?post_type=product&#038;p=14117"},"modified":"2025-11-05T09:13:45","modified_gmt":"2025-11-05T09:13:45","slug":"ke-tivi-ket-hop-vach-ngan","status":"publish","type":"product","link":"https:\/\/luan.webrt.net\/qhome\/san-pham\/ke-tivi-ket-hop-vach-ngan\/","title":{"rendered":"K\u1ec7 tivi k\u1ebft h\u1ee3p v\u00e1ch ng\u0103n VTVQ12"},"content":{"rendered":"<h1 style=\"text-align: center;\"><span style=\"font-weight: 400; color: #ff6600;\">K\u1ec7 tivi k\u1ebft h\u1ee3p v\u00e1ch ng\u0103n VTVQ12\u00a0<\/span><\/h1>\n<p><span style=\"color: #000000;\">N\u1ebfu b\u1ea1n \u0111ang t\u00ecm ki\u1ebfm m\u1ed9t gi\u1ea3i ph\u00e1p n\u1ed9i th\u1ea5t v\u1eeba sang tr\u1ecdng, v\u1eeba ti\u1ec7n d\u1ee5ng cho ph\u00f2ng kh\u00e1ch. K\u1ec7 tivi k\u1ebft h\u1ee3p v\u00e1ch ng\u0103n ch\u00ednh l\u00e0 l\u1ef1a ch\u1ecdn ho\u00e0n h\u1ea3o \u0111\u1ec3 n\u00e2ng t\u1ea7m kh\u00f4ng gian s\u1ed1ng. Kh\u00f4ng ch\u1ec9 \u0111\u01a1n thu\u1ea7n l\u00e0 n\u01a1i \u0111\u1eb7t tivi, s\u1ea3n ph\u1ea9m n\u00e0y c\u00f2n gi\u00fap t\u1ed1i \u01b0u di\u1ec7n t\u00edch. Mang \u0111\u1ebfn s\u1ef1 g\u1ecdn g\u00e0ng, tinh t\u1ebf v\u00e0 \u0111i\u1ec3m nh\u1ea5n \u1ea5n t\u01b0\u1ee3ng cho c\u0103n nh\u00e0 c\u1ee7a b\u1ea1n.\u00a0<\/span><\/p>\n<p><span style=\"color: #000000;\">S\u1edf h\u1eefu thi\u1ebft k\u1ebf hi\u1ec7n \u0111\u1ea1i, ch\u1ea5t li\u1ec7u cao c\u1ea5p v\u00e0 kh\u1ea3 n\u0103ng t\u00f9y ch\u1ec9nh theo nhu c\u1ea7u. K\u1ec7 tivi k\u1ebft h\u1ee3p v\u00e1ch trang tr\u00ed ch\u1eafc ch\u1eafn s\u1ebd l\u00e0m h\u00e0i l\u00f2ng ngay c\u1ea3 nh\u1eefng kh\u00e1ch h\u00e0ng kh\u00f3 t\u00ednh nh\u1ea5t.<\/span><\/p>\n<h2><span style=\"font-weight: 400; color: #0000ff;\">T\u1ed5ng quan s\u1ea3n ph\u1ea9m v\u00e1ch ng\u0103n ph\u00f2ng kh\u00e1ch k\u1ebft h\u1ee3p k\u1ec7 tivi VTVQ12<\/span><\/h2>\n<table style=\"width: 71.5953%;\">\n<tbody>\n<tr>\n<td style=\"width: 14.8498%;\"><span style=\"color: #000000;\">K\u00edch th\u01b0\u1edbc<\/span><\/td>\n<td style=\"width: 84.1516%;\"><span style=\"color: #000000;\">K\u1ec7 trang tr\u00ed: D2000mm x R400mm x C400mm<\/span><\/p>\n<p><span style=\"color: #000000;\">T\u1ee7 tivi: D2000mm x R400mm x C1200mm<\/span><\/td>\n<\/tr>\n<tr>\n<td style=\"width: 14.8498%;\"><span style=\"color: #000000;\">Ch\u1ea5t li\u1ec7u<\/span><\/td>\n<td style=\"width: 84.1516%;\"><span style=\"color: #000000;\">G\u1ed7 c\u00f4ng nghi\u1ec7p MDF ph\u1ee7 melamine ch\u1ed1ng th\u1ea5m n\u01b0\u1edbc. H\u1ea1n ch\u1ebf cong v\u00eanh, co ng\u00f3t hay m\u1ed1i m\u1ecdt.<\/span><\/p>\n<p><span style=\"color: #000000;\">\u1ed0p PVC v\u00e2n \u0111\u00e1 sang x\u1ecbn, b\u1ec1n b\u1ec9, \u0111a d\u1ea1ng m\u1eabu m\u00e3.<\/span><\/td>\n<\/tr>\n<tr>\n<td style=\"width: 14.8498%;\"><span style=\"color: #000000;\">M\u00e0u s\u1eafc<\/span><\/td>\n<td style=\"width: 84.1516%;\"><span style=\"color: #000000;\">M\u00e0u tr\u1eafng \u0111\u1ee5c, tr\u1eafng v\u00e2n \u0111\u00e1 v\u00e0 m\u00e0u v\u00e2n g\u1ed7 sang tr\u1ecdng.<\/span><\/td>\n<\/tr>\n<tr>\n<td style=\"width: 14.8498%;\"><span style=\"color: #000000;\">B\u1ea3o h\u00e0nh<\/span><\/td>\n<td style=\"width: 84.1516%;\"><span style=\"color: #000000;\">H\u1ed7 tr\u1ee3 b\u1ea3o h\u00e0nh 12 th\u00e1ng theo ti\u00eau chu\u1ea9n c\u1ee7a nh\u00e0 m\u00e1y.<\/span><\/td>\n<\/tr>\n<\/tbody>\n<\/table>\n<figure id=\"attachment_14118\" aria-describedby=\"caption-attachment-14118\" style=\"width: 1000px\" class=\"wp-caption alignnone\"><img loading=\"lazy\" decoding=\"async\" class=\"size-full wp-image-14118\" src=\"http:\/\/qghome.vn\/wp-content\/uploads\/2025\/03\/vach-tivi-hien-dai-12.jpg\" alt=\"K\u1ec7 tivi k\u1ebft h\u1ee3p v\u00e1ch ng\u0103n VTVQ12. Kh\u00f4ng gian ph\u00f2ng kh\u00e1ch hi\u1ec7n \u0111\u1ea1i v\u1edbi v\u00e1ch tivi thi\u1ebft k\u1ebf tinh t\u1ebf. H\u1ec7 t\u1ee7 treo t\u01b0\u1eddng m\u00e0u tr\u1eafng k\u1ebft h\u1ee3p v\u1edbi k\u1ec7 g\u1ed7 trang tr\u00ed, t\u00edch h\u1ee3p \u0111\u00e8n LED t\u1ea1o \u0111i\u1ec3m nh\u1ea5n. M\u00e0n h\u00ecnh tivi g\u1eafn t\u01b0\u1eddng n\u1eb1m ch\u00ednh gi\u1eefa, b\u00ean d\u01b0\u1edbi l\u00e0 t\u1ee7 d\u00e0i b\u1eb1ng g\u1ed7 v\u1edbi b\u1ec1 m\u1eb7t bo cong m\u1ec1m m\u1ea1i.\" width=\"1000\" height=\"666\" srcset=\"https:\/\/luan.webrt.net\/qhome\/wp-content\/uploads\/2025\/03\/vach-tivi-hien-dai-12.jpg 1000w, https:\/\/luan.webrt.net\/qhome\/wp-content\/uploads\/2025\/03\/vach-tivi-hien-dai-12-510x340.jpg 510w, https:\/\/luan.webrt.net\/qhome\/wp-content\/uploads\/2025\/03\/vach-tivi-hien-dai-12-601x400.jpg 601w, https:\/\/luan.webrt.net\/qhome\/wp-content\/uploads\/2025\/03\/vach-tivi-hien-dai-12-768x511.jpg 768w\" sizes=\"auto, (max-width: 1000px) 100vw, 1000px\" \/><figcaption id=\"caption-attachment-14118\" class=\"wp-caption-text\"><span style=\"color: #000000;\">K\u1ec7 tivi k\u1ebft h\u1ee3p v\u00e1ch ng\u0103n VTVQ12<\/span><\/figcaption><\/figure>\n<h2><span style=\"font-weight: 400; color: #0000ff;\">Phong c\u00e1ch thi\u1ebft k\u1ebf &#8211; S\u1ef1 giao thoa gi\u1eefa n\u00e9t hi\u1ec7n \u0111\u1ea1i v\u00e0 tinh t\u1ebf<\/span><\/h2>\n<p><span style=\"color: #000000;\"><span style=\"font-weight: 400;\">M\u1eabu v\u00e1ch tivi n\u00e0y \u0111\u01b0\u1ee3c thi\u1ebft k\u1ebf theo phong c\u00e1ch <\/span>hi\u1ec7n \u0111\u1ea1i \u2013 t\u1ed1i gi\u1ea3n. H<span style=\"font-weight: 400;\">\u01b0\u1edbng \u0111\u1ebfn s\u1ef1 <\/span>tinh g\u1ecdn nh\u01b0ng v\u1eabn \u0111\u1ea7y \u0111\u1ee7 ti\u1ec7n nghi<span style=\"font-weight: 400;\">. Nh\u1eefng \u0111\u01b0\u1eddng n\u00e9t vu\u00f4ng v\u1ee9c k\u1ebft h\u1ee3p v\u1edbi c\u00e1c g\u00f3c bo cong nh\u1eb9 nh\u00e0ng gi\u00fap t\u1ed5ng th\u1ec3 tr\u1edf n\u00ean m\u1ec1m m\u1ea1i, thanh l\u1ecbch.<\/span><\/span><\/p>\n<h2><span style=\"font-weight: 400; color: #0000ff;\">\u0110i\u1ec3m nh\u1ea5n n\u1ed9i th\u1ea5t ho\u00e0n h\u1ea3o<\/span><\/h2>\n<p><span style=\"font-weight: 400; color: #000000;\">Kh\u00f4ng gian s\u1ed1ng kh\u00f4ng ch\u1ec9 c\u1ea7n ti\u1ec7n nghi m\u00e0 c\u00f2n ph\u1ea3i c\u00f3 t\u00ednh th\u1ea9m m\u1ef9 cao. \u0110\u1ed1i v\u1edbi m\u1eabu v\u00e1ch tivi VTVQ12, kh\u00f4ng gian ph\u00f2ng kh\u00e1ch c\u1ee7a b\u1ea1n s\u1ebd tr\u1edf n\u00ean hi\u1ec7n \u0111\u1ea1i, sang tr\u1ecdng v\u00e0 thu h\u00fat m\u1ecdi \u00e1nh nh\u00ecn.<\/span><\/p>\n<h3>M\u00e0u s\u1eafc thanh l\u1ecbch, hi\u1ec7n \u0111\u1ea1i<\/h3>\n<p><span style=\"color: #000000;\">T\u1ee7 tivi v\u1edbi tone tr\u1eafng ch\u1ee7 \u0111\u1ea1o k\u1ebft h\u1ee3p s\u1eafc g\u1ed7 t\u1ef1 nhi\u00ean \u1edf k\u1ec7 tivi t\u1ea1o \u0111i\u1ec3m nh\u1ea5n \u0111\u1ed9c \u0111\u00e1o. Mang \u0111\u1ebfn s\u1ef1 h\u00e0i h\u00f2a, c\u1ea3m gi\u00e1c \u1ea5m \u1ea5p, g\u1ea7n g\u0169i nh\u01b0ng v\u1eabn r\u1ea5t sang tr\u1ecdng.<\/span><\/p>\n<h3>Thi\u1ebft k\u1ebf bo g\u00f3c &#8220;m\u1ec1m v\u00e0 m\u01b0\u1ee3t&#8221;<\/h3>\n<p><span style=\"font-weight: 400; color: #000000;\">K\u1ec7 tivi trang tr\u00ed v\u1edbi thi\u1ebft k\u1ebf bo g\u00f3c m\u1ec1m m\u1ea1i, m\u00e0u n\u00e2u v\u00e2n g\u1ed7 v\u1eeba \u1ea5m c\u00fang v\u1eeba g\u1ea7n g\u0169i. Ph\u00f9 h\u1ee3p v\u1edbi kh\u00f4ng gian ph\u00f2ng kh\u00e1ch.<\/span><\/p>\n<h3>T\u1ea1o \u0111i\u1ec3m nh\u1ea5n n\u1ed5i b\u1eadt v\u1edbi \u0111\u00e8n trang tr\u00ed<\/h3>\n<p><span style=\"color: #000000;\">N\u1ebfu b\u1ea1n c\u1ea3m th\u1ea5y h\u1ec7 v\u00e1ch tivi kh\u00f4ng c\u00f3 g\u00ec n\u1ed5i b\u1eadt, \u0111\u00e8n led ch\u00ednh l\u00e0 m\u1ed9t gi\u1ea3i ph\u00e1p ho\u00e0n h\u1ea3o. Gi\u00fap t\u00f4n l\u00ean v\u1ebb \u0111\u1eb9p c\u1ee7a s\u1ea3n ph\u1ea9m, \u0111\u1ed3ng th\u1eddi t\u1ea1o \u0111i\u1ec3m nh\u1ea5n \u00e1nh s\u00e1ng nh\u1eb9 nh\u00e0ng. T\u0103ng th\u00eam s\u1ef1 sang tr\u1ecdng cho kh\u00f4ng gian.<\/span><\/p>\n<h2><span style=\"font-weight: 400; color: #0000ff;\">Gi\u1ea3i ph\u00e1p l\u01b0u tr\u1eef th\u00f4ng minh<\/span><\/h2>\n<p><span style=\"font-weight: 400; color: #000000;\">V\u00e1ch ng\u0103n k\u1ebft h\u1ee3p k\u1ec7 tivi VTV12 k\u00edn \u0111\u00e1o d\u1ea5u \u0111i h\u1ec7 th\u1ed1ng d\u00e2y \u0111i\u1ec7n r\u01b0\u1eddm r\u00e0 m\u1ed9t c\u00e1ch tinh t\u1ebf, g\u1ecdn g\u00e0ng. \u0110i\u1ec1u n\u00e0y gi\u00fap an to\u00e0n cho c\u00e1c th\u00e0nh vi\u00ean trong gia \u0111\u00ecnh, \u0111\u1eb7c bi\u1ec7t l\u00e0 nh\u1eefng gia \u0111\u00ecnh c\u00f3 con nh\u1ecf.\u00a0 C\u00e1c h\u1ed9c t\u1ee7 v\u00e0 ng\u0103n k\u00e9o t\u00edch h\u1ee3p trong t\u1ee7 trang tr\u00ed v\u00e0 k\u1ec7 tivi cung c\u1ea5p cho b\u1ea1n kh\u00f4ng gian l\u01b0u tr\u1eef r\u1ed9ng r\u00e3i. B\u1ea1n c\u00f3 th\u1ec3 c\u1ea5t tr\u1eef m\u1ed9t s\u1ed1 \u0111\u1ed3 d\u00f9ng c\u00e1 nh\u00e2n, thi\u1ebft b\u1ecb \u0111i\u1ec7n t\u1eed m\u1ed9t c\u00e1ch ng\u0103n n\u1eafp v\u00e0 k\u00edn \u0111\u00e1o.<\/span><\/p>\n<p><span style=\"font-weight: 400; color: #000000;\">Kh\u00f4ng gian tr\u1ed1ng gi\u1eefa t\u1ee7 tivi v\u00e0 k\u1ec7 tivi kh\u00e1 r\u1ed9ng r\u00e3i \u0111\u1ec3 b\u1ea1n ho\u00e0n to\u00e0n c\u00f3 th\u1ec3 \u0111\u1eb7t c\u00e1c thi\u1ebft b\u1ecb gi\u1ea3i tr\u00ed nh\u01b0 loa, \u0111\u1ea7u thu tivi.<\/span><\/p>\n<h2><span style=\"font-weight: 400; color: #0000ff;\">T\u1ed1i \u01b0u kh\u00f4ng gian nh\u1edd thi\u1ebft k\u1ebf th\u00f4ng minh, tinh t\u1ebf<\/span><\/h2>\n<p><span style=\"font-weight: 400; color: #000000;\">M\u1eabu k\u1ec7 tivi k\u1ebft h\u1ee3p v\u00e1ch ng\u0103n VTVQ12 c\u00f3 thi\u1ebft k\u1ebf treo t\u01b0\u1eddng gi\u00fap ti\u1ebft ki\u1ec7m di\u1ec7n t\u00edch, l\u00e0m th\u00f4ng tho\u00e1ng kh\u00f4ng gian. Ki\u1ec3u thi\u1ebft k\u1ebf nh\u01b0 v\u1eady \u0111\u1eb7c bi\u1ec7t r\u1ea5t ph\u00f9 h\u1ee3p v\u1edbi nh\u1eefng c\u0103n h\u1ed9 c\u00f3 di\u1ec7n t\u00edch nh\u1ecf, kh\u00f4ng gian h\u1ea1n ch\u1ebf.<\/span><\/p>\n<p><span style=\"color: #000000;\">S\u1ef1 k\u1ebft h\u1ee3p gi\u1eefa t\u1ee7 \u0111\u00f3ng v\u00e0 k\u1ec7 m\u1edf gi\u00fap c\u00e2n b\u1eb1ng gi\u1eefa l\u01b0u tr\u1eef k\u00edn \u0111\u00e1o v\u00e0 tr\u01b0ng b\u00e0y th\u1ea9m m\u1ef9.<\/span><\/p>\n<h2><span style=\"font-weight: 400; color: #0000ff;\">Gia t\u0103ng tu\u1ed5i th\u1ecd nh\u1edd ch\u1ea5t li\u1ec7u cao c\u1ea5p\u00a0<\/span><\/h2>\n<p><span style=\"font-weight: 400; color: #000000;\">M\u1eabu <a href=\"https:\/\/qghome.vn\/noi-that-chung-cu\/noi-that-phong-khach\/vach-tivi-phong-khach\/\"><span style=\"color: #0000ff;\">v\u00e1ch tivi k\u1ebft h\u1ee3p t\u1ee7 trang tr\u00ed<\/span><\/a> VTVQ12 c\u00f3 th\u00e0nh ph\u1ea7n ch\u00ednh l\u00e0 v\u00e1n g\u1ed7 c\u00f4ng nghi\u1ec7p mdf ph\u1ee7 melamine. Ng\u00e0y nay v\u1edbi c\u00f4ng ngh\u1ec7 v\u00e0 d\u00e2y chuy\u1ec1n s\u1ea3n xu\u1ea5t ti\u00ean ti\u1ebfn, hi\u1ec7n \u0111\u1ea1i, nh\u1eefng v\u00e1n g\u1ed7 c\u00f4ng nghi\u1ec7p c\u00f3 nhi\u1ec1u \u01b0u \u0111i\u1ec3m v\u01b0\u1ee3t tr\u1ed9i h\u01a1n. B\u1edfi gi\u00e1 c\u1ea3 ph\u1ea3i ch\u0103ng m\u00e0 c\u00f4ng n\u0103ng th\u00ec \u0111a d\u1ea1ng n\u00ean g\u1ed7 c\u00f4ng nghi\u1ec7p \u0111\u01b0\u1ee3c \u1ee9ng d\u1ee5ng r\u1ea5t nhi\u1ec1u trong \u0111\u1eddi s\u1ed1ng.<\/span><\/p>\n<h3>G\u1ed7 c\u00f4ng nghi\u1ec7p &#8211; Gi\u1ea3i ph\u00e1p th\u00f4ng minh gi\u00fap t\u1ed1i \u01b0u chi ph\u00ed, ch\u1ea5t l\u01b0\u1ee3ng v\u01b0\u1ee3t tr\u1ed9i<\/h3>\n<p><span style=\"font-weight: 400; color: #000000;\">G\u1ed7 c\u00f4ng nghi\u1ec7p cao c\u1ea5p c\u00f3 kh\u1ea3 n\u0103ng ch\u1ed1ng th\u1ea5m n\u01b0\u1edbc, ch\u1ed1ng m\u1ed1i m\u1ecdt. H\u1ea1n ch\u1ebf b\u00e1m b\u1ee5i gi\u00fap d\u1ec5 d\u00e0ng v\u1ec7 sinh lau ch\u00f9i b\u1edfi b\u1ec1 m\u1eb7t nh\u1eb5n. H\u01a1n th\u1ebf n\u1eefa, g\u1ed7 MDF c\u00f2n h\u1ea1n ch\u1ebf t\u1ed1i \u0111a t\u00ecnh tr\u1ea1ng cong v\u00eanh, co ng\u00f3t th\u01b0\u1eddng th\u1ea5y \u1edf g\u1ed7 t\u1ef1 nhi\u00ean. Tu\u1ed5i th\u1ecd c\u1ee7a s\u1ea3n ph\u1ea9m nh\u1edd \u0111\u00f3 m\u00e0 c\u0169ng gia t\u0103ng \u0111\u00e1ng k\u1ec3.<\/span><\/p>\n<h3>\u1ed0p PVC v\u00e2n m\u00e2y tinh x\u1ea3o t\u1ef1a \u0111\u00e1 c\u1ea9m th\u1ea1ch<\/h3>\n<p><span style=\"font-weight: 400; color: #000000;\">Ph\u1ea7n v\u00e1ch tivi s\u1eed d\u1ee5ng \u1ed1p pvc ch\u1ea5t l\u01b0\u1ee3ng cao, b\u1ec1n b\u1ec9. C\u00f3 t\u00ednh th\u1ea9m m\u1ef9 cao nh\u1edd v\u00e2n m\u00e2y tinh x\u1ea3o v\u00e0 \u0111\u1eb9p m\u1eaft. Nh\u01b0 b\u1ea1n c\u00f3 th\u1ec3 th\u1ea5y, ch\u00fang kh\u00e1 kh\u00f3 \u0111\u1ec3 ph\u00e2n bi\u1ec7t so v\u1edbi \u0111\u00e1 t\u1ef1 nhi\u00ean.<\/span><\/p>\n<p><span style=\"font-weight: 400; color: #000000;\">N\u1ebfu b\u1ea1n l\u00e0 ng\u01b0\u1eddi y\u00eau th\u00edch s\u1ef1 \u0111\u01a1n gi\u1ea3n nh\u01b0ng v\u1eabn c\u00f3 t\u00ednh sang tr\u1ecdng, ti\u00ean nghi. th\u00ec m\u1eabu v\u00e1ch tivi VTVQ12 n\u00e0y \u0111\u00e2y ch\u00ednh l\u00e0 m\u1ed9t s\u1ef1 l\u1ef1a ch\u1ecdn l\u00fd t\u01b0\u1edfng.\u00a0<\/span><\/p>\n<h3><span style=\"color: #000000;\">B\u1ea1n c\u00f3 mu\u1ed1n s\u1edf h\u1eefu v\u00e1ch tivi v\u1eeba \u0111\u1eb9p v\u1eeba b\u1ec1n b\u1ec9?<\/span><\/h3>\n<h4><span style=\"color: #000000;\"> Click ngay v\u00e0o gi\u1ecf h\u00e0ng c\u1ee7a m\u00ecnh \u0111\u1ec3 m\u1eabu k\u1ec7 tivi k\u1ebft h\u1ee3p v\u00e1ch ng\u0103n VTVQ12 tr\u1edf th\u00e0nh m\u1ed9t \u0111i\u1ec3m nh\u1ea5n n\u1ed9i th\u1ea5t ho\u00e0n h\u1ea3o cho gia \u0111\u00ecnh c\u1ee7a b\u1ea1n.<\/span><\/h4>\n<p><span style=\"color: #000000;\">N\u1ebfu thi\u1ebft k\u1ebf v\u00e1ch tivi n\u00e0y v\u1eabn ch\u01b0a th\u1ef1c s\u1ef1 th\u1ecfa m\u00e3n nhu c\u1ea7u c\u1ee7a b\u1ea1n, ch\u00fang t\u00f4i lu\u00f4n c\u00f3 s\u1eb5n v\u00f4 s\u1ed1 c\u00e1c m\u1eabu v\u00e1ch tivi ph\u00f2ng kh\u00e1ch \u0111\u1eb9p hi\u1ec7n \u0111\u1ea1i \u0111\u1ee7 lo\u1ea1i m\u1eabu m\u00e3 cho b\u1ea1n tho\u1ea3i m\u00e1i ch\u1ecdn l\u1ef1a.<\/span><\/p>\n<h3 style=\"text-align: center;\"><span style=\"color: #000000;\"><em>N\u00e2ng t\u1ea7m kh\u00f4ng gian s\u1ed1ng v\u1edbi v\u00e1ch tivi thi\u1ebft k\u1ebf \u0111\u1ed9c \u0111\u00e1o! Li\u00ean h\u1ec7 ngay \u0111\u1ec3 nh\u1eadn b\u00e1o gi\u00e1 chi ti\u1ebft v\u00e0 mi\u1ec5n ph\u00ed<\/em><\/span><\/h3>\n<p><span style=\"color: #000000;\">\ud83d\udcde Hotline: <span style=\"color: #ed1c24;\">0983 368 623\u00a0<\/span><\/span><\/p>\n<p><span style=\"color: #000000;\">\ud83c\udf10 Website:\u00a0<\/span><span style=\"color: #0000ff;\"><a style=\"color: #0000ff;\" href=\"https:\/\/qghome.vn\/\">https:\/\/qghome.vn\/<\/a><\/span><\/p>\n<p><span style=\"color: #000000;\">\ud83d\udccd \u0110\u1ecba ch\u1ec9: S\u1ed1 27\/70 Xu\u00e2n Ph\u01b0\u01a1ng, Nam T\u1eeb Li\u00eam, H\u00e0 N\u1ed9i\u00a0<\/span><\/p>\n<p><span style=\"color: #000000;\">H\u00e3y \u0111\u1ec3 ch\u00fang t\u00f4i \u0111\u1ed3ng h\u00e0nh c\u00f9ng b\u1ea1n ki\u1ebfn t\u1ea1o kh\u00f4ng gian s\u1ed1ng l\u00fd t\u01b0\u1edfng!<\/span><\/p>\n<div class=\"host-bincmiainjofjnhchmcalkanjebghoen\" style=\"position: relative; z-index: 2147483647;\"><\/div>\n<div class=\"host-bincmiainjofjnhchmcalkanjebghoen\" style=\"position: relative; z-index: 2147483647;\"><\/div>\n","protected":false},"excerpt":{"rendered":"<p>&nbsp;<\/p>\n<div class=\"host-bincmiainjofjnhchmcalkanjebghoen\" style=\"position: relative; z-index: 2147483647;\"><\/div>\n<div class=\"host-bincmiainjofjnhchmcalkanjebghoen\" style=\"position: relative; z-index: 2147483647;\"><\/div>\n","protected":false},"featured_media":14118,"comment_status":"open","ping_status":"closed","template":"","meta":[],"product_cat":[682,732,119],"product_tag":[],"class_list":["post-14117","product","type-product","status-publish","has-post-thumbnail","hentry","product_cat-noi-that-phong-khach","product_cat-vach-tivi-phong-khach","product_cat-san-pham"],"yoast_head":"<!-- This site is optimized with the Yoast SEO plugin v19.9 - https:\/\/yoast.com\/wordpress\/plugins\/seo\/ -->\n<title>K\u1ec7 tivi k\u1ebft h\u1ee3p v\u00e1ch ng\u0103n VTVQ12<\/title>\n<meta name=\"description\" content=\"K\u1ec7 tivi k\u1ebft h\u1ee3p v\u00e1ch ng\u0103n ph\u00f2ng kh\u00e1ch VTVQ12 v\u1edbi thi\u1ebft k\u1ebf bo g\u00f3c m\u1ec1m m\u1ea1i, k\u1ebft c\u1ea5u t\u1ed1i gi\u1ea3n, g\u1ecdn g\u00e0ng, v\u1edbi t\u1ee7 tivi v\u00e0 k\u1ec7 trang tr\u00ed.\" \/>\n<meta name=\"robots\" content=\"index, follow, max-snippet:-1, max-image-preview:large, max-video-preview:-1\" \/>\n<link rel=\"canonical\" href=\"https:\/\/luan.webrt.net\/qhome\/san-pham\/ke-tivi-ket-hop-vach-ngan\/\" \/>\n<meta property=\"og:locale\" content=\"vi_VN\" \/>\n<meta property=\"og:type\" content=\"article\" \/>\n<meta property=\"og:title\" content=\"K\u1ec7 tivi k\u1ebft h\u1ee3p v\u00e1ch ng\u0103n VTVQ12\" \/>\n<meta property=\"og:description\" content=\"K\u1ec7 tivi k\u1ebft h\u1ee3p v\u00e1ch ng\u0103n ph\u00f2ng kh\u00e1ch VTVQ12 v\u1edbi thi\u1ebft k\u1ebf bo g\u00f3c m\u1ec1m m\u1ea1i, k\u1ebft c\u1ea5u t\u1ed1i gi\u1ea3n, g\u1ecdn g\u00e0ng, v\u1edbi t\u1ee7 tivi v\u00e0 k\u1ec7 trang tr\u00ed.\" \/>\n<meta property=\"og:url\" content=\"https:\/\/luan.webrt.net\/qhome\/san-pham\/ke-tivi-ket-hop-vach-ngan\/\" \/>\n<meta property=\"og:site_name\" content=\"M\u1eabu web n\u1ed9i th\u1ea5t\" \/>\n<meta property=\"article:publisher\" content=\"https:\/\/www.facebook.com\/noithatqghome\" \/>\n<meta property=\"article:modified_time\" content=\"2025-11-05T09:13:45+00:00\" \/>\n<meta property=\"og:image\" content=\"https:\/\/luan.webrt.net\/qhome\/wp-content\/uploads\/2025\/03\/vach-tivi-hien-dai-12.jpg\" \/>\n\t<meta property=\"og:image:width\" content=\"1000\" \/>\n\t<meta property=\"og:image:height\" content=\"666\" \/>\n\t<meta property=\"og:image:type\" content=\"image\/jpeg\" \/>\n<meta name=\"twitter:card\" content=\"summary_large_image\" \/>\n<meta name=\"twitter:label1\" content=\"\u01af\u1edbc t\u00ednh th\u1eddi gian \u0111\u1ecdc\" \/>\n\t<meta name=\"twitter:data1\" content=\"7 ph\u00fat\" \/>\n<script type=\"application\/ld+json\" class=\"yoast-schema-graph\">{\"@context\":\"https:\/\/schema.org\",\"@graph\":[{\"@type\":\"WebPage\",\"@id\":\"https:\/\/luan.webrt.net\/qhome\/san-pham\/ke-tivi-ket-hop-vach-ngan\/\",\"url\":\"https:\/\/luan.webrt.net\/qhome\/san-pham\/ke-tivi-ket-hop-vach-ngan\/\",\"name\":\"K\u1ec7 tivi k\u1ebft h\u1ee3p v\u00e1ch ng\u0103n VTVQ12\",\"isPartOf\":{\"@id\":\"https:\/\/luan.webrt.net\/qhome\/#website\"},\"datePublished\":\"2025-03-09T02:27:30+00:00\",\"dateModified\":\"2025-11-05T09:13:45+00:00\",\"description\":\"K\u1ec7 tivi k\u1ebft h\u1ee3p v\u00e1ch ng\u0103n ph\u00f2ng kh\u00e1ch VTVQ12 v\u1edbi thi\u1ebft k\u1ebf bo g\u00f3c m\u1ec1m m\u1ea1i, k\u1ebft c\u1ea5u t\u1ed1i gi\u1ea3n, g\u1ecdn g\u00e0ng, v\u1edbi t\u1ee7 tivi v\u00e0 k\u1ec7 trang tr\u00ed.\",\"breadcrumb\":{\"@id\":\"https:\/\/luan.webrt.net\/qhome\/san-pham\/ke-tivi-ket-hop-vach-ngan\/#breadcrumb\"},\"inLanguage\":\"vi\",\"potentialAction\":[{\"@type\":\"ReadAction\",\"target\":[\"https:\/\/luan.webrt.net\/qhome\/san-pham\/ke-tivi-ket-hop-vach-ngan\/\"]}]},{\"@type\":\"BreadcrumbList\",\"@id\":\"https:\/\/luan.webrt.net\/qhome\/san-pham\/ke-tivi-ket-hop-vach-ngan\/#breadcrumb\",\"itemListElement\":[{\"@type\":\"ListItem\",\"position\":1,\"name\":\"Trang ch\u1ee7\",\"item\":\"https:\/\/luan.webrt.net\/qhome\/\"},{\"@type\":\"ListItem\",\"position\":2,\"name\":\"Shop\",\"item\":\"https:\/\/luan.webrt.net\/qhome\/shop\/\"},{\"@type\":\"ListItem\",\"position\":3,\"name\":\"K\u1ec7 tivi k\u1ebft h\u1ee3p v\u00e1ch ng\u0103n VTVQ12\"}]},{\"@type\":\"WebSite\",\"@id\":\"https:\/\/luan.webrt.net\/qhome\/#website\",\"url\":\"https:\/\/luan.webrt.net\/qhome\/\",\"name\":\"M\u1eabu web n\u1ed9i th\u1ea5t\",\"description\":\"QGHome Vi\u1ec7t Nam\",\"publisher\":{\"@id\":\"https:\/\/luan.webrt.net\/qhome\/#organization\"},\"potentialAction\":[{\"@type\":\"SearchAction\",\"target\":{\"@type\":\"EntryPoint\",\"urlTemplate\":\"https:\/\/luan.webrt.net\/qhome\/?s={search_term_string}\"},\"query-input\":\"required name=search_term_string\"}],\"inLanguage\":\"vi\"},{\"@type\":\"Organization\",\"@id\":\"https:\/\/luan.webrt.net\/qhome\/#organization\",\"name\":\"QGHome\",\"url\":\"https:\/\/luan.webrt.net\/qhome\/\",\"logo\":{\"@type\":\"ImageObject\",\"inLanguage\":\"vi\",\"@id\":\"https:\/\/luan.webrt.net\/qhome\/#\/schema\/logo\/image\/\",\"url\":\"https:\/\/qghome.vn\/wp-content\/uploads\/2025\/08\/logo-mau-MauTH-21.png\",\"contentUrl\":\"https:\/\/qghome.vn\/wp-content\/uploads\/2025\/08\/logo-mau-MauTH-21.png\",\"width\":253,\"height\":99,\"caption\":\"QGHome\"},\"image\":{\"@id\":\"https:\/\/luan.webrt.net\/qhome\/#\/schema\/logo\/image\/\"},\"sameAs\":[\"https:\/\/www.tiktok.com\/@qghome.official\",\"https:\/\/www.youtube.com\/channel\/UCeVBuKTXkv-u94DS421cklw\",\"https:\/\/www.facebook.com\/noithatqghome\"]}]}<\/script>\n<!-- \/ Yoast SEO plugin. -->","yoast_head_json":{"title":"K\u1ec7 tivi k\u1ebft h\u1ee3p v\u00e1ch ng\u0103n VTVQ12","description":"K\u1ec7 tivi k\u1ebft h\u1ee3p v\u00e1ch ng\u0103n ph\u00f2ng kh\u00e1ch VTVQ12 v\u1edbi thi\u1ebft k\u1ebf bo g\u00f3c m\u1ec1m m\u1ea1i, k\u1ebft c\u1ea5u t\u1ed1i gi\u1ea3n, g\u1ecdn g\u00e0ng, v\u1edbi t\u1ee7 tivi v\u00e0 k\u1ec7 trang tr\u00ed.","robots":{"index":"index","follow":"follow","max-snippet":"max-snippet:-1","max-image-preview":"max-image-preview:large","max-video-preview":"max-video-preview:-1"},"canonical":"https:\/\/luan.webrt.net\/qhome\/san-pham\/ke-tivi-ket-hop-vach-ngan\/","og_locale":"vi_VN","og_type":"article","og_title":"K\u1ec7 tivi k\u1ebft h\u1ee3p v\u00e1ch ng\u0103n VTVQ12","og_description":"K\u1ec7 tivi k\u1ebft h\u1ee3p v\u00e1ch ng\u0103n ph\u00f2ng kh\u00e1ch VTVQ12 v\u1edbi thi\u1ebft k\u1ebf bo g\u00f3c m\u1ec1m m\u1ea1i, k\u1ebft c\u1ea5u t\u1ed1i gi\u1ea3n, g\u1ecdn g\u00e0ng, v\u1edbi t\u1ee7 tivi v\u00e0 k\u1ec7 trang tr\u00ed.","og_url":"https:\/\/luan.webrt.net\/qhome\/san-pham\/ke-tivi-ket-hop-vach-ngan\/","og_site_name":"M\u1eabu web n\u1ed9i th\u1ea5t","article_publisher":"https:\/\/www.facebook.com\/noithatqghome","article_modified_time":"2025-11-05T09:13:45+00:00","og_image":[{"width":1000,"height":666,"url":"https:\/\/luan.webrt.net\/qhome\/wp-content\/uploads\/2025\/03\/vach-tivi-hien-dai-12.jpg","type":"image\/jpeg"}],"twitter_card":"summary_large_image","twitter_misc":{"\u01af\u1edbc t\u00ednh th\u1eddi gian \u0111\u1ecdc":"7 ph\u00fat"},"schema":{"@context":"https:\/\/schema.org","@graph":[{"@type":"WebPage","@id":"https:\/\/luan.webrt.net\/qhome\/san-pham\/ke-tivi-ket-hop-vach-ngan\/","url":"https:\/\/luan.webrt.net\/qhome\/san-pham\/ke-tivi-ket-hop-vach-ngan\/","name":"K\u1ec7 tivi k\u1ebft h\u1ee3p v\u00e1ch ng\u0103n VTVQ12","isPartOf":{"@id":"https:\/\/luan.webrt.net\/qhome\/#website"},"datePublished":"2025-03-09T02:27:30+00:00","dateModified":"2025-11-05T09:13:45+00:00","description":"K\u1ec7 tivi k\u1ebft h\u1ee3p v\u00e1ch ng\u0103n ph\u00f2ng kh\u00e1ch VTVQ12 v\u1edbi thi\u1ebft k\u1ebf bo g\u00f3c m\u1ec1m m\u1ea1i, k\u1ebft c\u1ea5u t\u1ed1i gi\u1ea3n, g\u1ecdn g\u00e0ng, v\u1edbi t\u1ee7 tivi v\u00e0 k\u1ec7 trang tr\u00ed.","breadcrumb":{"@id":"https:\/\/luan.webrt.net\/qhome\/san-pham\/ke-tivi-ket-hop-vach-ngan\/#breadcrumb"},"inLanguage":"vi","potentialAction":[{"@type":"ReadAction","target":["https:\/\/luan.webrt.net\/qhome\/san-pham\/ke-tivi-ket-hop-vach-ngan\/"]}]},{"@type":"BreadcrumbList","@id":"https:\/\/luan.webrt.net\/qhome\/san-pham\/ke-tivi-ket-hop-vach-ngan\/#breadcrumb","itemListElement":[{"@type":"ListItem","position":1,"name":"Trang ch\u1ee7","item":"https:\/\/luan.webrt.net\/qhome\/"},{"@type":"ListItem","position":2,"name":"Shop","item":"https:\/\/luan.webrt.net\/qhome\/shop\/"},{"@type":"ListItem","position":3,"name":"K\u1ec7 tivi k\u1ebft h\u1ee3p v\u00e1ch ng\u0103n VTVQ12"}]},{"@type":"WebSite","@id":"https:\/\/luan.webrt.net\/qhome\/#website","url":"https:\/\/luan.webrt.net\/qhome\/","name":"M\u1eabu web n\u1ed9i th\u1ea5t","description":"QGHome Vi\u1ec7t Nam","publisher":{"@id":"https:\/\/luan.webrt.net\/qhome\/#organization"},"potentialAction":[{"@type":"SearchAction","target":{"@type":"EntryPoint","urlTemplate":"https:\/\/luan.webrt.net\/qhome\/?s={search_term_string}"},"query-input":"required name=search_term_string"}],"inLanguage":"vi"},{"@type":"Organization","@id":"https:\/\/luan.webrt.net\/qhome\/#organization","name":"QGHome","url":"https:\/\/luan.webrt.net\/qhome\/","logo":{"@type":"ImageObject","inLanguage":"vi","@id":"https:\/\/luan.webrt.net\/qhome\/#\/schema\/logo\/image\/","url":"https:\/\/qghome.vn\/wp-content\/uploads\/2025\/08\/logo-mau-MauTH-21.png","contentUrl":"https:\/\/qghome.vn\/wp-content\/uploads\/2025\/08\/logo-mau-MauTH-21.png","width":253,"height":99,"caption":"QGHome"},"image":{"@id":"https:\/\/luan.webrt.net\/qhome\/#\/schema\/logo\/image\/"},"sameAs":["https:\/\/www.tiktok.com\/@qghome.official","https:\/\/www.youtube.com\/channel\/UCeVBuKTXkv-u94DS421cklw","https:\/\/www.facebook.com\/noithatqghome"]}]}},"_links":{"self":[{"href":"https:\/\/luan.webrt.net\/qhome\/wp-json\/wp\/v2\/product\/14117","targetHints":{"allow":["GET"]}}],"collection":[{"href":"https:\/\/luan.webrt.net\/qhome\/wp-json\/wp\/v2\/product"}],"about":[{"href":"https:\/\/luan.webrt.net\/qhome\/wp-json\/wp\/v2\/types\/product"}],"replies":[{"embeddable":true,"href":"https:\/\/luan.webrt.net\/qhome\/wp-json\/wp\/v2\/comments?post=14117"}],"wp:featuredmedia":[{"embeddable":true,"href":"https:\/\/luan.webrt.net\/qhome\/wp-json\/wp\/v2\/media\/14118"}],"wp:attachment":[{"href":"https:\/\/luan.webrt.net\/qhome\/wp-json\/wp\/v2\/media?parent=14117"}],"wp:term":[{"taxonomy":"product_cat","embeddable":true,"href":"https:\/\/luan.webrt.net\/qhome\/wp-json\/wp\/v2\/product_cat?post=14117"},{"taxonomy":"product_tag","embeddable":true,"href":"https:\/\/luan.webrt.net\/qhome\/wp-json\/wp\/v2\/product_tag?post=14117"}],"curies":[{"name":"wp","href":"https:\/\/api.w.org\/{rel}","templated":true}]}}