{"id":14112,"date":"2025-03-09T03:55:16","date_gmt":"2025-03-09T03:55:16","guid":{"rendered":"https:\/\/qghome.vn\/?post_type=product&#038;p=14112"},"modified":"2025-11-10T02:31:32","modified_gmt":"2025-11-10T02:31:32","slug":"vach-ngan-phong-khach-ket-hop-ke-tivi","status":"publish","type":"product","link":"https:\/\/luan.webrt.net\/qhome\/san-pham\/vach-ngan-phong-khach-ket-hop-ke-tivi\/","title":{"rendered":"V\u00e1ch ng\u0103n ph\u00f2ng kh\u00e1ch k\u1ebft h\u1ee3p k\u1ec7 tivi VTVQ10"},"content":{"rendered":"<h1 style=\"text-align: center;\"><span style=\"color: #ff6600;\">K\u1ec7 tivi k\u1ebft h\u1ee3p v\u00e1ch ng\u0103n ph\u00f2ng kh\u00e1ch VTVQ10<\/span><\/h1>\n<p><span style=\"color: #000000;\">M\u1eabu v\u00e1ch ng\u0103n ph\u00f2ng kh\u00e1ch k\u1ebft h\u1ee3p k\u1ec7 tivi VTV10 s\u1edf h\u1eefu thi\u1ebft k\u1ebf \u0111\u1eb9p m\u1eaft v\u00e0 sang tr\u1ecdng v\u1edbi phong c\u00e1ch t\u1ed1i gi\u1ea3n. Gi\u00fap n\u00e2ng t\u1ea7m \u0111\u1eb3ng c\u1ea5p kh\u00f4ng gian s\u1ed1ng v\u00e0 th\u1ec3 hi\u1ec7n gu th\u1ea9m m\u1ef9 n\u1ed9i th\u1ea5t tinh t\u1ebf c\u1ee7a gia ch\u1ee7.<\/span><\/p>\n<h2><span style=\"color: #333399;\">T\u1ed5ng quan s\u1ea3n ph\u1ea9m<\/span><\/h2>\n<table style=\"border-collapse: collapse; width: 100%; height: 84px;\">\n<tbody>\n<tr style=\"height: 21px;\">\n<td style=\"width: 208.7px; height: 21px;\"><span style=\"color: #000000;\">K\u00edch th\u01b0\u1edbc<\/span><\/td>\n<td style=\"width: 756.9px; height: 21px;\"><span style=\"color: #000000;\">K\u1ec7 tivi: D2500mm x R400mm x C300mm<\/span><\/p>\n<p><span style=\"color: #000000;\">T\u1ee7 trang tr\u00ed: D500mm x C2800mm<\/span><\/p>\n<p><span style=\"color: #000000;\">T\u1ee7 tivi: D1700mm x C2500mm<\/span><\/p>\n<p><span style=\"color: #000000;\">V\u00e1ch tivi: D2200mm x C2500mm<\/span><\/p>\n<p><span style=\"color: #000000;\">Kh\u00e1ch h\u00e0ng c\u00f3 th\u1ec3 t\u00f9y ch\u1ec9nh k\u00edch th\u01b0\u1edbc ph\u00f9 h\u1ee3p v\u1edbi nhu c\u1ea7u.<\/span><\/td>\n<\/tr>\n<tr style=\"height: 21px;\">\n<td style=\"width: 208.7px; height: 21px;\"><span style=\"color: #000000;\">Ch\u1ea5t li\u1ec7u<\/span><\/td>\n<td style=\"width: 756.9px; height: 21px;\"><span style=\"color: #000000;\">K\u1ec7 tivi: Ch\u1ecdn l\u1ecdc v\u00e0 s\u1ea3n xu\u1ea5t t\u1eeb g\u1ed7 MDF ph\u1ee7 melamine cao c\u1ea5p v\u1edbi nh\u1eefng \u01b0u \u0111i\u1ec3m v\u01b0\u1ee3t tr\u1ed9i.<\/span><\/p>\n<ul>\n<li><span style=\"color: #000000;\">Ch\u1ed1ng th\u1ea5m m\u01b0\u1edbc, ch\u1ed1ng m\u1ed1i m\u1ecdt, d\u1ec5 v\u1ec7 sinh lau ch\u00f9i.<\/span><\/li>\n<li><span style=\"color: #000000;\">H\u1ea1n ch\u1ebf cong v\u00eanh, kh\u00f4ng b\u1ecb co ng\u00f3t.<\/span><\/li>\n<li><span style=\"color: #000000;\">An to\u00e0n khi s\u1eed d\u1ee5ng. Th\u00e2n thi\u1ec7n v\u1edbi m\u00f4i tr\u01b0\u1eddng.<\/span><\/li>\n<li><span style=\"color: #000000;\">M\u00e0u s\u1eafc \u0111a d\u1ea1ng, d\u1ec5 ph\u1ed1i m\u00e0u theo phong c\u00e1ch ri\u00eang.<\/span><\/li>\n<\/ul>\n<p><span style=\"color: #000000;\">\u1ed0p nh\u1ef1a lam s\u00f3ng b\u1ec1n \u0111\u1eb9p, hi\u1ec7n \u0111\u1ea1i, \u0111a d\u1ea1ng m\u00e0u s\u1eafc.<\/span><\/p>\n<p><span style=\"color: #000000;\">\u1ed0p PVC tone n\u00e2u v\u00e2n \u0111\u00e1 sang tr\u1ecdng.<\/span><\/td>\n<\/tr>\n<tr style=\"height: 21px;\">\n<td style=\"width: 208.7px; height: 21px;\"><span style=\"color: #000000;\">M\u00e0u s\u1eafc<\/span><\/td>\n<td style=\"width: 756.9px; height: 21px;\"><span style=\"color: #000000;\">M\u00e0u s\u1eafc trung t\u00ednh, ph\u00f9 h\u1ee3p v\u1edbi m\u1ecdi kh\u00f4ng gian.<\/span><\/p>\n<p><span style=\"color: #000000;\">Nh\u1eadn \u0111\u1eb7t m\u00e0u s\u1eafc theo y\u00eau c\u1ea7u.<\/span><\/td>\n<\/tr>\n<tr style=\"height: 21px;\">\n<td style=\"width: 208.7px; height: 21px;\"><span style=\"color: #000000;\">B\u1ea3o h\u00e0nh<\/span><\/td>\n<td style=\"width: 756.9px; height: 21px;\"><span style=\"color: #000000;\">H\u1ed7 tr\u1ee3 b\u1ea3o h\u00e0nh 12 th\u00e1ng theo ti\u00eau chu\u1ea9n nh\u00e0 m\u00e1y. Li\u00ean h\u1ec7 h\u1ed7 tr\u1ee3 t\u01b0 v\u1ea5n v\u00e0 l\u1eafp \u0111\u1eb7t.<\/span><\/td>\n<\/tr>\n<\/tbody>\n<\/table>\n<p><span style=\"color: #000000;\">L\u01b0u \u00fd: Gi\u00e1 th\u00e0nh c\u1ee7a s\u1ea3n ph\u1ea9m ch\u01b0a bao g\u1ed3m \u0111\u00e8n led v\u00e0 \u0111\u1ed3 trang tr\u00ed.<\/span><\/p>\n<figure id=\"attachment_14113\" aria-describedby=\"caption-attachment-14113\" style=\"width: 1000px\" class=\"wp-caption alignnone\"><img loading=\"lazy\" decoding=\"async\" class=\"wp-image-14113 size-full\" src=\"http:\/\/qghome.vn\/wp-content\/uploads\/2025\/03\/vach-tivi-10.jpg\" alt=\"v\u00e1ch ng\u0103n ph\u00f2ng kh\u00e1ch k\u1ebft h\u1ee3p k\u1ec7 tivi v\u1edbi \u1ed1p pvc v\u00e0 t\u1ee7 trang tr\u00ed sang tr\u1ecdng, cu\u1ed1n h\u00fat v\u1edbi hai m\u00e0u t\u01b0\u01a1ng ph\u1ea3n \u0111en v\u00e0 tr\u1eafng\" width=\"1000\" height=\"666\" srcset=\"https:\/\/luan.webrt.net\/qhome\/wp-content\/uploads\/2025\/03\/vach-tivi-10.jpg 1000w, https:\/\/luan.webrt.net\/qhome\/wp-content\/uploads\/2025\/03\/vach-tivi-10-510x340.jpg 510w, https:\/\/luan.webrt.net\/qhome\/wp-content\/uploads\/2025\/03\/vach-tivi-10-601x400.jpg 601w, https:\/\/luan.webrt.net\/qhome\/wp-content\/uploads\/2025\/03\/vach-tivi-10-768x511.jpg 768w\" sizes=\"auto, (max-width: 1000px) 100vw, 1000px\" \/><figcaption id=\"caption-attachment-14113\" class=\"wp-caption-text\"><span style=\"color: #000000;\">V\u00e1ch ng\u0103n ph\u00f2ng kh\u00e1ch k\u1ebft h\u1ee3p k\u1ec7 tivi v\u1edbi \u1ed1p pvc v\u00e0 t\u1ee7 trang tr\u00ed sang tr\u1ecdng, cu\u1ed1n h\u00fat v\u1edbi hai m\u00e0u t\u01b0\u01a1ng ph\u1ea3n \u0111\u1ed9c \u0111\u00e1o<\/span><\/figcaption><\/figure>\n<h2><span style=\"color: #333399;\">Thi\u1ebft k\u1ebf sang tr\u1ecdng, thanh l\u1ecbch v\u1edbi phong c\u00e1ch hi\u1ec7n \u0111\u1ea1i<\/span><\/h2>\n<p><span style=\"color: #000000;\">B\u1ed1 c\u1ee5c s\u1ea3n ph\u1ea9m v\u00e1ch tivi VTVQ10 c\u00f3 thi\u1ebft k\u1ebf c\u00e2n \u0111\u1ed1i, h\u00e0i h\u00f2a. Mang \u0111\u1ebfn s\u1ef1 g\u1ecdn g\u00e0ng, thanh l\u1ecbch, gi\u00fap kh\u00f4ng gian ph\u00f2ng kh\u00e1ch tr\u1edf n\u00ean r\u1ed9ng r\u00e3i v\u00e0 tho\u00e1ng \u0111\u00e3ng.<\/span><\/p>\n<p><span style=\"color: #000000;\">Thi\u1ebft k\u1ebf \u0111\u1ed1i x\u1ee9ng v\u1edbi k\u1ec7 trang tr\u00ed hai b\u00ean, s\u1eed d\u1ee5ng ch\u1ea5t li\u1ec7u pvc \u0111en tr\u1eafng v\u00e2n m\u00e2y gi\u00fap kh\u00f4ng gian tr\u1edf n\u00ean huy\u1ec1n b\u00ed v\u00e0 thu h\u00fat. H\u1ec7 th\u1ed1ng \u0111\u00e8n led t\u1ea1o hi\u1ec7u \u1ee9ng \u00e1nh s\u00e1ng sang tr\u1ecdng. Gi\u00fap l\u00e0m n\u1ed5i b\u1eadt c\u00e1c chi ti\u1ebft n\u1ed9i th\u1ea5t v\u00e0 mang \u0111\u1ebfn kh\u00f4ng gian th\u01b0 gi\u00e3n, \u1ea5m \u00e1p v\u00e0o bu\u1ed5i t\u1ed1i.<\/span><\/p>\n<h2><span style=\"color: #333399;\">S\u1ef1 tinh t\u1ebf, h\u00e0i h\u00f2a t\u1eeb ki\u1ec3u ph\u1ed1i m\u00e0u \u0111\u1ed9c \u0111\u00e1o<\/span><\/h2>\n<p><span style=\"color: #000000;\">S\u1ef1 ph\u1ed1i h\u1ee3p gi\u1eefa c\u00e1c gam m\u00e0u trung t\u00ednh \u0111en, tr\u1eafng , v\u00e2n g\u1ed7 mang \u0111\u1ebfn c\u1ea3m gi\u00e1c h\u00e0i h\u00f2a, tinh t\u1ebf. T\u1ea1o n\u00ean m\u1ed9t kh\u00f4ng gian \u1ea5m c\u00fang, hi\u1ec7n \u0111\u1ea1i, ph\u00f9 h\u1ee3p v\u1edbi nhi\u1ec1u phong c\u00e1ch n\u1ed9i th\u1ea5t kh\u00e1c nhau.<\/span><\/p>\n<p><span style=\"color: #000000;\">\u1ed0p PVC t\u1ef1a \u0111\u00e1 marble \u1edf trung t\u00e2m b\u1ee9c v\u00e1ch kh\u00f4ng ch\u1ec9 t\u1ea1o \u0111i\u1ec3m nh\u1ea5n m\u1ea1nh m\u1ebd m\u00e0 c\u00f2n th\u1ec3 hi\u1ec7n gu th\u1ea9m m\u1ef9 tinh t\u1ebf, n\u00e2ng t\u1ea7m \u0111\u1eb3ng c\u1ea5p kh\u00f4ng gian.<\/span><\/p>\n<p><span style=\"color: #000000;\">Vi\u1ec7c s\u1eed d\u1ee5ng \u1ed1p PVC thay th\u1ebf cho \u0111\u00e1 t\u1ef1 nhi\u00ean gi\u00fap ti\u1ebft ki\u1ec7m t\u1ed1i \u0111a chi ph\u00ed cho b\u1ea1n, h\u01a1n h\u1ebft l\u00e0 m\u00e0u s\u1eafc v\u00e0 \u0111\u01b0\u1eddng v\u00e2n r\u1ea5t kh\u00f3 ph\u00e2n bi\u1ec7t so v\u1edbi \u0111\u00e1 t\u1ef1 nhi\u00ean b\u1edfi \u0111\u1ed9 ho\u00e0n thi\u1ec7n cao.<\/span><\/p>\n<h2><span style=\"color: #333399;\">C\u00f4ng n\u0103ng t\u1ed1i \u01b0u &#8211; M\u1eabu k\u1ec7 tivi k\u1ebft h\u1ee3p v\u00e1ch ng\u0103n ph\u00f2ng kh\u00e1ch VTVQ10<\/span><\/h2>\n<p><span style=\"color: #000000;\">V\u00e1ch tivi kh\u00f4ng ch\u1ec9 l\u00e0m t\u0103ng t\u00ednh th\u1ea9m m\u1ef9 cho kh\u00f4ng gian ph\u00f2ng kh\u00e1ch m\u00e0 c\u00f2n gi\u00fap b\u1ea1n che \u0111i h\u1ec7 th\u1ed1ng d\u00e2y \u0111i\u1ec7n r\u01b0\u1eddm ra ph\u00eda sau, v\u1eeba k\u00edn \u0111\u00e1o m\u00e0 l\u1ea1i an to\u00e0n.<\/span><\/p>\n<p><span style=\"color: #000000;\">H\u1ec7 k\u1ec7 m\u1edf \u0111\u1ed1i x\u1ee9ng hai b\u00ean kh\u00f4ng ch\u1ec9 l\u00e0 n\u01a1i l\u01b0u tr\u1eef ti\u1ec7n l\u1ee3i m\u00e0 c\u00f2n gi\u00fap gia ch\u1ee7 b\u00e0y tr\u00ed c\u00e1c m\u00f3n \u0111\u1ed3 y\u00eau th\u00edch, th\u1ec3 hi\u1ec7n c\u00e1 t\u00ednh ri\u00eang.<\/span><\/p>\n<h2><span style=\"color: #333399;\">S\u1eed d\u1ee5ng ch\u1ea5t li\u1ec7u cao c\u1ea5p, b\u1ec1n b\u1ec9<\/span><\/h2>\n<p><span style=\"color: #000000;\">V\u00e1ch tivi VTVQ10 \u0111\u01b0\u1ee3c s\u1ea3n xu\u1ea5t t\u1eeb g\u1ed7 MDF ph\u1ee7 melamine ch\u1ea5t l\u01b0\u1ee3ng cao. T\u1eebng v\u00e1n g\u1ed7 \u0111\u01b0\u1ee3c tr\u1ea3i qua qu\u00e1 tr\u00ecnh ch\u1ecdn l\u1ecdc kh\u1eaft khe \u0111\u1ec3 s\u1ea3n ph\u1ea9m \u0111\u1ea1t \u0111\u01b0\u1ee3c ch\u1ea5t l\u01b0\u1ee3ng t\u1ed1t nh\u1ea5t. B\u1edfi nh\u1eefng \u01b0u \u0111i\u1ec3m v\u01b0\u1ee3t tr\u1ed9i m\u00e0 g\u1ed7 c\u00f4ng nghi\u1ec7p MDF ng\u00e0y nay \u0111\u01b0\u1ee3c \u1ee9ng d\u1ee5ng r\u1ea5t nhi\u1ec1u trong l\u0129nh v\u1ef1c n\u1ed9i th\u1ea5t.<\/span><\/p>\n<p><span style=\"color: #000000;\">M\u1ed9t s\u1ed1 t\u00ednh \u01b0u vi\u1ec7t c\u1ee7a ch\u1ea5t li\u1ec7u g\u1ed7 MDF ph\u1ea3i k\u1ec3 \u0111\u1ebfn nh\u01b0:<\/span><\/p>\n<ul>\n<li><span style=\"color: #000000;\">Th\u00e2n thi\u1ec7n v\u1edbi m\u00f4i tr\u01b0\u1eddng, an to\u00e0n cho ng\u01b0\u1eddi s\u1eed d\u1ee5ng.<\/span><\/li>\n<li><span style=\"color: #000000;\">K\u1ebft c\u1ea5u ch\u1eafc ch\u1eafn, c\u1ee9ng c\u00e1p. H\u1ea1n ch\u1ebf t\u1ed1i \u0111a t\u00ecnh tr\u1ea1ng cong v\u00eanh, co ng\u00f3t, m\u1ed1i m\u1ecdt<\/span><\/li>\n<li><span style=\"color: #000000;\">Ch\u1ed1ng th\u1ea5m n\u01b0\u1edbc, d\u1ec5 d\u00e0ng v\u1ec7 sinh lau ch\u00f9i.<\/span><\/li>\n<li><span style=\"color: #000000;\">\u0110a d\u1ea1ng m\u1eabu m\u00e3 v\u00e0 m\u00e0u s\u1eafc.<\/span><\/li>\n<li><span style=\"color: #000000;\">Gi\u00e1 th\u00e0nh ph\u1ea3i ch\u0103ng.<\/span><\/li>\n<\/ul>\n<p><span style=\"color: #000000;\">Ngo\u00e0i v\u00e1n g\u1ed7 c\u00f4ng nghi\u1ec7p c\u00f2n ph\u1ea3i k\u1ec3 \u0111\u1ebfn v\u00e1ch nh\u1ef1a lam s\u00f3ng v\u00e0 \u1ed1p PVC v\u00e2n m\u00e2y. Tuy c\u00f3 ngu\u1ed3n g\u1ed1c t\u1eeb nh\u1ef1a nh\u01b0ng hai ch\u1ea5t li\u1ec7u n\u00e0y l\u1ea1i c\u00f3 \u0111\u1ed9 ho\u00e0n thi\u1ec7n cao c\u1ea3 v\u1ec1 th\u1ea9m m\u1ef9 l\u1eabn ch\u1ea5t l\u01b0\u1ee3ng.<\/span><\/p>\n<p><span style=\"color: #000000;\">Th\u00eam v\u00e0o \u0111\u00f3, s\u1ea3n ph\u1ea9m \u0111\u01b0\u1ee3c s\u1ea3n xu\u1ea5t tr\u1ef1c ti\u1ebfp t\u1ea1i nh\u00e0 m\u00e1y kh\u00f4ng qua trung gian n\u00ean quy tr\u00ecnh s\u1ea3n xu\u1ea5t \u0111\u01b0\u1ee3c gi\u00e1m s\u00e1t tr\u1ef1c ti\u1ebfp, \u0111\u1ea3m b\u1ea3o ch\u1ea5t l\u01b0\u1ee3ng. B\u00ean c\u1ea1nh \u0111\u00f3, th\u1eddi gian s\u1ea3n xu\u1ea5t v\u00e0 giao h\u00e0ng nhanh ch\u00f3ng ti\u1ebft ki\u1ec7m th\u1eddi gian.<\/span><\/p>\n<p><span style=\"color: #000000;\">B\u1ee9c v\u00e1ch tivi v\u00e2n \u0111\u00e1 VTVQ10 kh\u00f4ng ch\u1ec9 l\u00e0 \u0111i\u1ec3m nh\u1ea5n n\u1ed9i th\u1ea5t m\u00e0 c\u00f2n l\u00e0 bi\u1ec3u t\u01b0\u1ee3ng c\u1ee7a s\u1ef1 sang tr\u1ecdng, \u0111\u1eb3ng c\u1ea5p. Gi\u00fap mang l\u1ea1i kh\u00f4ng gian s\u1ed1ng \u0111\u1ea7y c\u1ea3m h\u1ee9ng cho gia \u0111\u00ecnh.<\/span><\/p>\n<p>&nbsp;<\/p>\n<div class=\"host-bincmiainjofjnhchmcalkanjebghoen\" style=\"position: relative; z-index: 2147483647;\"><\/div>\n<div class=\"host-bincmiainjofjnhchmcalkanjebghoen\" style=\"position: relative; z-index: 2147483647;\"><\/div>\n","protected":false},"excerpt":{"rendered":"<p>&nbsp;<\/p>\n<div class=\"host-bincmiainjofjnhchmcalkanjebghoen\" style=\"position: relative; z-index: 2147483647;\"><\/div>\n<div class=\"host-bincmiainjofjnhchmcalkanjebghoen\" style=\"position: relative; z-index: 2147483647;\"><\/div>\n","protected":false},"featured_media":14113,"comment_status":"open","ping_status":"closed","template":"","meta":[],"product_cat":[682,732],"product_tag":[],"class_list":["post-14112","product","type-product","status-publish","has-post-thumbnail","hentry","product_cat-noi-that-phong-khach","product_cat-vach-tivi-phong-khach"],"yoast_head":"<!-- This site is optimized with the Yoast SEO plugin v19.9 - https:\/\/yoast.com\/wordpress\/plugins\/seo\/ -->\n<title>V\u00e1ch ng\u0103n ph\u00f2ng kh\u00e1ch k\u1ebft h\u1ee3p k\u1ec7 tivi VTVQ10<\/title>\n<meta name=\"description\" content=\"Kh\u00e1m ph\u00e1 m\u1eabu v\u00e1ch ng\u0103n ph\u00f2ng kh\u00e1ch g\u1ed7 c\u00f4ng nghi\u1ec7p k\u1ebft h\u1ee3p k\u1ec7 tivi treo v\u1edbi thi\u1ebft k\u1ebf sang tr\u1ecdng, hi\u1ec7n \u0111\u1ea1i, b\u1ec1n \u0111\u1eb9p, ch\u1ed1ng th\u1ea5m n\u01b0\u1edbc, m\u1ed1i m\u1ecdt, cong v\u00eanh\" \/>\n<meta name=\"robots\" content=\"index, follow, max-snippet:-1, max-image-preview:large, max-video-preview:-1\" \/>\n<link rel=\"canonical\" href=\"https:\/\/luan.webrt.net\/qhome\/san-pham\/vach-ngan-phong-khach-ket-hop-ke-tivi\/\" \/>\n<meta property=\"og:locale\" content=\"vi_VN\" \/>\n<meta property=\"og:type\" content=\"article\" \/>\n<meta property=\"og:title\" content=\"V\u00e1ch ng\u0103n ph\u00f2ng kh\u00e1ch k\u1ebft h\u1ee3p k\u1ec7 tivi VTVQ10\" \/>\n<meta property=\"og:description\" content=\"Kh\u00e1m ph\u00e1 m\u1eabu v\u00e1ch ng\u0103n ph\u00f2ng kh\u00e1ch g\u1ed7 c\u00f4ng nghi\u1ec7p k\u1ebft h\u1ee3p k\u1ec7 tivi treo v\u1edbi thi\u1ebft k\u1ebf sang tr\u1ecdng, hi\u1ec7n \u0111\u1ea1i, b\u1ec1n \u0111\u1eb9p, ch\u1ed1ng th\u1ea5m n\u01b0\u1edbc, m\u1ed1i m\u1ecdt, cong v\u00eanh\" \/>\n<meta property=\"og:url\" content=\"https:\/\/luan.webrt.net\/qhome\/san-pham\/vach-ngan-phong-khach-ket-hop-ke-tivi\/\" \/>\n<meta property=\"og:site_name\" content=\"M\u1eabu web n\u1ed9i th\u1ea5t\" \/>\n<meta property=\"article:publisher\" content=\"https:\/\/www.facebook.com\/noithatqghome\" \/>\n<meta property=\"article:modified_time\" content=\"2025-11-10T02:31:32+00:00\" \/>\n<meta property=\"og:image\" content=\"https:\/\/luan.webrt.net\/qhome\/wp-content\/uploads\/2025\/03\/vach-tivi-10.jpg\" \/>\n\t<meta property=\"og:image:width\" content=\"1000\" \/>\n\t<meta property=\"og:image:height\" content=\"666\" \/>\n\t<meta property=\"og:image:type\" content=\"image\/jpeg\" \/>\n<meta name=\"twitter:card\" content=\"summary_large_image\" \/>\n<meta name=\"twitter:label1\" content=\"\u01af\u1edbc t\u00ednh th\u1eddi gian \u0111\u1ecdc\" \/>\n\t<meta name=\"twitter:data1\" content=\"5 ph\u00fat\" \/>\n<script type=\"application\/ld+json\" class=\"yoast-schema-graph\">{\"@context\":\"https:\/\/schema.org\",\"@graph\":[{\"@type\":\"WebPage\",\"@id\":\"https:\/\/luan.webrt.net\/qhome\/san-pham\/vach-ngan-phong-khach-ket-hop-ke-tivi\/\",\"url\":\"https:\/\/luan.webrt.net\/qhome\/san-pham\/vach-ngan-phong-khach-ket-hop-ke-tivi\/\",\"name\":\"V\u00e1ch ng\u0103n ph\u00f2ng kh\u00e1ch k\u1ebft h\u1ee3p k\u1ec7 tivi VTVQ10\",\"isPartOf\":{\"@id\":\"https:\/\/luan.webrt.net\/qhome\/#website\"},\"datePublished\":\"2025-03-09T03:55:16+00:00\",\"dateModified\":\"2025-11-10T02:31:32+00:00\",\"description\":\"Kh\u00e1m ph\u00e1 m\u1eabu v\u00e1ch ng\u0103n ph\u00f2ng kh\u00e1ch g\u1ed7 c\u00f4ng nghi\u1ec7p k\u1ebft h\u1ee3p k\u1ec7 tivi treo v\u1edbi thi\u1ebft k\u1ebf sang tr\u1ecdng, hi\u1ec7n \u0111\u1ea1i, b\u1ec1n \u0111\u1eb9p, ch\u1ed1ng th\u1ea5m n\u01b0\u1edbc, m\u1ed1i m\u1ecdt, cong v\u00eanh\",\"breadcrumb\":{\"@id\":\"https:\/\/luan.webrt.net\/qhome\/san-pham\/vach-ngan-phong-khach-ket-hop-ke-tivi\/#breadcrumb\"},\"inLanguage\":\"vi\",\"potentialAction\":[{\"@type\":\"ReadAction\",\"target\":[\"https:\/\/luan.webrt.net\/qhome\/san-pham\/vach-ngan-phong-khach-ket-hop-ke-tivi\/\"]}]},{\"@type\":\"BreadcrumbList\",\"@id\":\"https:\/\/luan.webrt.net\/qhome\/san-pham\/vach-ngan-phong-khach-ket-hop-ke-tivi\/#breadcrumb\",\"itemListElement\":[{\"@type\":\"ListItem\",\"position\":1,\"name\":\"Trang ch\u1ee7\",\"item\":\"https:\/\/luan.webrt.net\/qhome\/\"},{\"@type\":\"ListItem\",\"position\":2,\"name\":\"Shop\",\"item\":\"https:\/\/luan.webrt.net\/qhome\/shop\/\"},{\"@type\":\"ListItem\",\"position\":3,\"name\":\"V\u00e1ch ng\u0103n ph\u00f2ng kh\u00e1ch k\u1ebft h\u1ee3p k\u1ec7 tivi VTVQ10\"}]},{\"@type\":\"WebSite\",\"@id\":\"https:\/\/luan.webrt.net\/qhome\/#website\",\"url\":\"https:\/\/luan.webrt.net\/qhome\/\",\"name\":\"M\u1eabu web n\u1ed9i th\u1ea5t\",\"description\":\"QGHome Vi\u1ec7t Nam\",\"publisher\":{\"@id\":\"https:\/\/luan.webrt.net\/qhome\/#organization\"},\"potentialAction\":[{\"@type\":\"SearchAction\",\"target\":{\"@type\":\"EntryPoint\",\"urlTemplate\":\"https:\/\/luan.webrt.net\/qhome\/?s={search_term_string}\"},\"query-input\":\"required name=search_term_string\"}],\"inLanguage\":\"vi\"},{\"@type\":\"Organization\",\"@id\":\"https:\/\/luan.webrt.net\/qhome\/#organization\",\"name\":\"QGHome\",\"url\":\"https:\/\/luan.webrt.net\/qhome\/\",\"logo\":{\"@type\":\"ImageObject\",\"inLanguage\":\"vi\",\"@id\":\"https:\/\/luan.webrt.net\/qhome\/#\/schema\/logo\/image\/\",\"url\":\"https:\/\/qghome.vn\/wp-content\/uploads\/2025\/08\/logo-mau-MauTH-21.png\",\"contentUrl\":\"https:\/\/qghome.vn\/wp-content\/uploads\/2025\/08\/logo-mau-MauTH-21.png\",\"width\":253,\"height\":99,\"caption\":\"QGHome\"},\"image\":{\"@id\":\"https:\/\/luan.webrt.net\/qhome\/#\/schema\/logo\/image\/\"},\"sameAs\":[\"https:\/\/www.tiktok.com\/@qghome.official\",\"https:\/\/www.youtube.com\/channel\/UCeVBuKTXkv-u94DS421cklw\",\"https:\/\/www.facebook.com\/noithatqghome\"]}]}<\/script>\n<!-- \/ Yoast SEO plugin. -->","yoast_head_json":{"title":"V\u00e1ch ng\u0103n ph\u00f2ng kh\u00e1ch k\u1ebft h\u1ee3p k\u1ec7 tivi VTVQ10","description":"Kh\u00e1m ph\u00e1 m\u1eabu v\u00e1ch ng\u0103n ph\u00f2ng kh\u00e1ch g\u1ed7 c\u00f4ng nghi\u1ec7p k\u1ebft h\u1ee3p k\u1ec7 tivi treo v\u1edbi thi\u1ebft k\u1ebf sang tr\u1ecdng, hi\u1ec7n \u0111\u1ea1i, b\u1ec1n \u0111\u1eb9p, ch\u1ed1ng th\u1ea5m n\u01b0\u1edbc, m\u1ed1i m\u1ecdt, cong v\u00eanh","robots":{"index":"index","follow":"follow","max-snippet":"max-snippet:-1","max-image-preview":"max-image-preview:large","max-video-preview":"max-video-preview:-1"},"canonical":"https:\/\/luan.webrt.net\/qhome\/san-pham\/vach-ngan-phong-khach-ket-hop-ke-tivi\/","og_locale":"vi_VN","og_type":"article","og_title":"V\u00e1ch ng\u0103n ph\u00f2ng kh\u00e1ch k\u1ebft h\u1ee3p k\u1ec7 tivi VTVQ10","og_description":"Kh\u00e1m ph\u00e1 m\u1eabu v\u00e1ch ng\u0103n ph\u00f2ng kh\u00e1ch g\u1ed7 c\u00f4ng nghi\u1ec7p k\u1ebft h\u1ee3p k\u1ec7 tivi treo v\u1edbi thi\u1ebft k\u1ebf sang tr\u1ecdng, hi\u1ec7n \u0111\u1ea1i, b\u1ec1n \u0111\u1eb9p, ch\u1ed1ng th\u1ea5m n\u01b0\u1edbc, m\u1ed1i m\u1ecdt, cong v\u00eanh","og_url":"https:\/\/luan.webrt.net\/qhome\/san-pham\/vach-ngan-phong-khach-ket-hop-ke-tivi\/","og_site_name":"M\u1eabu web n\u1ed9i th\u1ea5t","article_publisher":"https:\/\/www.facebook.com\/noithatqghome","article_modified_time":"2025-11-10T02:31:32+00:00","og_image":[{"width":1000,"height":666,"url":"https:\/\/luan.webrt.net\/qhome\/wp-content\/uploads\/2025\/03\/vach-tivi-10.jpg","type":"image\/jpeg"}],"twitter_card":"summary_large_image","twitter_misc":{"\u01af\u1edbc t\u00ednh th\u1eddi gian \u0111\u1ecdc":"5 ph\u00fat"},"schema":{"@context":"https:\/\/schema.org","@graph":[{"@type":"WebPage","@id":"https:\/\/luan.webrt.net\/qhome\/san-pham\/vach-ngan-phong-khach-ket-hop-ke-tivi\/","url":"https:\/\/luan.webrt.net\/qhome\/san-pham\/vach-ngan-phong-khach-ket-hop-ke-tivi\/","name":"V\u00e1ch ng\u0103n ph\u00f2ng kh\u00e1ch k\u1ebft h\u1ee3p k\u1ec7 tivi VTVQ10","isPartOf":{"@id":"https:\/\/luan.webrt.net\/qhome\/#website"},"datePublished":"2025-03-09T03:55:16+00:00","dateModified":"2025-11-10T02:31:32+00:00","description":"Kh\u00e1m ph\u00e1 m\u1eabu v\u00e1ch ng\u0103n ph\u00f2ng kh\u00e1ch g\u1ed7 c\u00f4ng nghi\u1ec7p k\u1ebft h\u1ee3p k\u1ec7 tivi treo v\u1edbi thi\u1ebft k\u1ebf sang tr\u1ecdng, hi\u1ec7n \u0111\u1ea1i, b\u1ec1n \u0111\u1eb9p, ch\u1ed1ng th\u1ea5m n\u01b0\u1edbc, m\u1ed1i m\u1ecdt, cong v\u00eanh","breadcrumb":{"@id":"https:\/\/luan.webrt.net\/qhome\/san-pham\/vach-ngan-phong-khach-ket-hop-ke-tivi\/#breadcrumb"},"inLanguage":"vi","potentialAction":[{"@type":"ReadAction","target":["https:\/\/luan.webrt.net\/qhome\/san-pham\/vach-ngan-phong-khach-ket-hop-ke-tivi\/"]}]},{"@type":"BreadcrumbList","@id":"https:\/\/luan.webrt.net\/qhome\/san-pham\/vach-ngan-phong-khach-ket-hop-ke-tivi\/#breadcrumb","itemListElement":[{"@type":"ListItem","position":1,"name":"Trang ch\u1ee7","item":"https:\/\/luan.webrt.net\/qhome\/"},{"@type":"ListItem","position":2,"name":"Shop","item":"https:\/\/luan.webrt.net\/qhome\/shop\/"},{"@type":"ListItem","position":3,"name":"V\u00e1ch ng\u0103n ph\u00f2ng kh\u00e1ch k\u1ebft h\u1ee3p k\u1ec7 tivi VTVQ10"}]},{"@type":"WebSite","@id":"https:\/\/luan.webrt.net\/qhome\/#website","url":"https:\/\/luan.webrt.net\/qhome\/","name":"M\u1eabu web n\u1ed9i th\u1ea5t","description":"QGHome Vi\u1ec7t Nam","publisher":{"@id":"https:\/\/luan.webrt.net\/qhome\/#organization"},"potentialAction":[{"@type":"SearchAction","target":{"@type":"EntryPoint","urlTemplate":"https:\/\/luan.webrt.net\/qhome\/?s={search_term_string}"},"query-input":"required name=search_term_string"}],"inLanguage":"vi"},{"@type":"Organization","@id":"https:\/\/luan.webrt.net\/qhome\/#organization","name":"QGHome","url":"https:\/\/luan.webrt.net\/qhome\/","logo":{"@type":"ImageObject","inLanguage":"vi","@id":"https:\/\/luan.webrt.net\/qhome\/#\/schema\/logo\/image\/","url":"https:\/\/qghome.vn\/wp-content\/uploads\/2025\/08\/logo-mau-MauTH-21.png","contentUrl":"https:\/\/qghome.vn\/wp-content\/uploads\/2025\/08\/logo-mau-MauTH-21.png","width":253,"height":99,"caption":"QGHome"},"image":{"@id":"https:\/\/luan.webrt.net\/qhome\/#\/schema\/logo\/image\/"},"sameAs":["https:\/\/www.tiktok.com\/@qghome.official","https:\/\/www.youtube.com\/channel\/UCeVBuKTXkv-u94DS421cklw","https:\/\/www.facebook.com\/noithatqghome"]}]}},"_links":{"self":[{"href":"https:\/\/luan.webrt.net\/qhome\/wp-json\/wp\/v2\/product\/14112","targetHints":{"allow":["GET"]}}],"collection":[{"href":"https:\/\/luan.webrt.net\/qhome\/wp-json\/wp\/v2\/product"}],"about":[{"href":"https:\/\/luan.webrt.net\/qhome\/wp-json\/wp\/v2\/types\/product"}],"replies":[{"embeddable":true,"href":"https:\/\/luan.webrt.net\/qhome\/wp-json\/wp\/v2\/comments?post=14112"}],"wp:featuredmedia":[{"embeddable":true,"href":"https:\/\/luan.webrt.net\/qhome\/wp-json\/wp\/v2\/media\/14113"}],"wp:attachment":[{"href":"https:\/\/luan.webrt.net\/qhome\/wp-json\/wp\/v2\/media?parent=14112"}],"wp:term":[{"taxonomy":"product_cat","embeddable":true,"href":"https:\/\/luan.webrt.net\/qhome\/wp-json\/wp\/v2\/product_cat?post=14112"},{"taxonomy":"product_tag","embeddable":true,"href":"https:\/\/luan.webrt.net\/qhome\/wp-json\/wp\/v2\/product_tag?post=14112"}],"curies":[{"name":"wp","href":"https:\/\/api.w.org\/{rel}","templated":true}]}}