{"id":14099,"date":"2025-03-03T14:01:33","date_gmt":"2025-03-03T14:01:33","guid":{"rendered":"https:\/\/qghome.vn\/?post_type=product&#038;p=14099"},"modified":"2025-11-05T09:16:26","modified_gmt":"2025-11-05T09:16:26","slug":"vach-ke-tivi-dep-vtvq07","status":"publish","type":"product","link":"https:\/\/luan.webrt.net\/qhome\/san-pham\/vach-ke-tivi-dep-vtvq07\/","title":{"rendered":"V\u00e1ch k\u1ec7 tivi \u0111\u1eb9p VTVQ07"},"content":{"rendered":"<h1 style=\"text-align: center;\"><span style=\"color: #d83131;\">Thi\u1ebft k\u1ebf v\u00e1ch k\u1ec7 tivi \u0111\u1eb9p VTVQ07 &#8211; M\u1ed9t t\u00e1c ph\u1ea9m ngh\u1ec7 thu\u1eadt ho\u00e0n h\u1ea3o cho ph\u00f2ng kh\u00e1ch<\/span><\/h1>\n<p><span style=\"color: #000000;\">Kh\u00f4ng gian ph\u00f2ng kh\u00e1ch th\u1ec3 hi\u1ec7n l\u1ed1i s\u1ed1ng trong gia \u0111\u00ecnh v\u00e0 phong c\u00e1ch thi\u1ebft k\u1ebf chung c\u1ee7a ng\u00f4i nh\u00e0. B\u1edfi v\u1eady n\u00ean vi\u1ec7c thi\u1ebft k\u1ebf n\u1ed9i th\u1ea5t ph\u00f2ng kh\u00e1ch c\u0169ng r\u1ea5t quan tr\u1ecdng. <\/span><span style=\"color: #000000;\">B\u00ean c\u1ea1nh vi\u1ec7c b\u1ed1 tr\u00ed khu v\u1ef1c sofa, ph\u1ea7n v\u00e1ch tivi c\u0169ng r\u1ea5t c\u1ea7n \u0111\u01b0\u1ee3c ch\u00fa tr\u1ecdng. S\u1edf h\u1eefu \u0111\u01b0\u1ee3c m\u1ed9t thi\u1ebft k\u1ebf v\u00e1ch k\u1ec7 tivi \u0111\u1eb9p kh\u00f4ng ch\u1ec9 gi\u00fap cho kh\u00f4ng gian s\u1ed1ng th\u00eam \u0111\u1ea7y \u0111\u1ee7, ti\u1ec7n nghi m\u00e0 c\u00f2n th\u1ec3 hi\u1ec7n gu th\u1ea9m m\u1ef9 c\u00e1 nh\u00e2n c\u1ee7a gia ch\u1ee7. <\/span><span style=\"color: #000000;\">N\u1ebfu b\u1ea1n l\u00e0 ng\u01b0\u1eddi y\u00eau th\u00edch s\u1ef1 sang tr\u1ecdng v\u00e0 \u0111\u1eb3ng c\u1ea5p th\u00ec \u0111\u1eebng b\u1ecf qua nh\u1eefng thi\u1ebft k\u1ebf v\u00e1ch tivi hi\u1ec7n \u0111\u1ea1i v\u00e0 \u0111\u1ea7y tinh t\u1ebf nh\u01b0 v\u00e1ch tivi VTVQ07 d\u01b0\u1edbi \u0111\u00e2y nh\u00e9.<\/span><\/p>\n<h2><span style=\"color: #0000ff;\">T\u1ed5ng quan s\u1ea3n ph\u1ea9m k\u1ec7 tivi li\u1ec1n v\u00e1ch trang tr\u00ed VTVQ07<\/span><\/h2>\n<table style=\"border-collapse: collapse; width: 100%; height: 84px;\">\n<tbody>\n<tr style=\"height: 21px;\">\n<td style=\"width: 14.2418%; height: 21px;\"><span style=\"color: #000000;\">K\u00edch th\u01b0\u1edbc<\/span><\/td>\n<td style=\"width: 85.7582%; height: 21px;\">\n<ul>\n<li><span style=\"color: #000000;\">T\u1ee7 trang tr\u00ed: D400mm x R350mm x C2800mm<\/span><\/li>\n<li><span style=\"color: #000000;\">K\u1ec7 tivi: D2200mm x R350mm x C700mm<\/span><\/li>\n<li><span style=\"color: #000000;\">\u1ed0p lam s\u00f3ng: D2200mm x C2100mm<\/span><\/li>\n<\/ul>\n<p><span style=\"color: #000000;\">Kh\u00e1ch h\u00e0ng c\u00f3 th\u1ec3 t\u00f9y ch\u1ec9nh k\u00edch th\u01b0\u1edbc ph\u00f9 h\u1ee3p v\u1edbi nhu c\u1ea7u.<\/span><\/td>\n<\/tr>\n<tr style=\"height: 21px;\">\n<td style=\"width: 14.2418%; height: 21px;\"><span style=\"color: #000000;\">Ch\u1ea5t li\u1ec7u<\/span><\/td>\n<td style=\"width: 85.7582%; height: 21px;\"><span style=\"color: #000000;\">K\u1ec7 tivi: Ch\u1ecdn l\u1ecdc v\u00e0 s\u1ea3n xu\u1ea5t t\u1eeb g\u1ed7 MDF ph\u1ee7 melamine cao c\u1ea5p v\u1edbi nh\u1eefng \u01b0u \u0111i\u1ec3m v\u01b0\u1ee3t tr\u1ed9i.<\/span><\/p>\n<ul>\n<li><span style=\"color: #000000;\">Ch\u1ed1ng th\u1ea5m m\u01b0\u1edbc, ch\u1ed1ng m\u1ed1i m\u1ecdt, d\u1ec5 v\u1ec7 sinh lau ch\u00f9i.<\/span><\/li>\n<li><span style=\"color: #000000;\">H\u1ea1n ch\u1ebf cong v\u00eanh, kh\u00f4ng b\u1ecb co ng\u00f3t.<\/span><\/li>\n<li><span style=\"color: #000000;\">An to\u00e0n khi s\u1eed d\u1ee5ng. Th\u00e2n thi\u1ec7n v\u1edbi m\u00f4i tr\u01b0\u1eddng.<\/span><\/li>\n<li><span style=\"color: #000000;\">M\u00e0u s\u1eafc \u0111a d\u1ea1ng, d\u1ec5 ph\u1ed1i m\u00e0u theo phong c\u00e1ch ri\u00eang.<\/span><\/li>\n<\/ul>\n<p><span style=\"color: #000000;\">\u1ed0p nh\u1ef1a lam s\u00f3ng b\u1ec1n \u0111\u1eb9p, hi\u1ec7n \u0111\u1ea1i, \u0111a d\u1ea1ng m\u00e0u s\u1eafc.<\/span><\/p>\n<p><span style=\"color: #000000;\">\u1ed0p PVC tone x\u00e1m v\u00e2n \u0111\u00e1 sang tr\u1ecdng.<\/span><\/td>\n<\/tr>\n<tr style=\"height: 21px;\">\n<td style=\"width: 14.2418%; height: 21px;\"><span style=\"color: #000000;\">M\u00e0u s\u1eafc<\/span><\/td>\n<td style=\"width: 85.7582%; height: 21px;\"><span style=\"color: #000000;\">M\u00e0u s\u1eafc trung t\u00ednh, ph\u00f9 h\u1ee3p v\u1edbi m\u1ecdi kh\u00f4ng gian.<\/span><\/p>\n<p><span style=\"color: #000000;\">Nh\u1eadn \u0111\u1eb7t m\u00e0u s\u1eafc theo y\u00eau c\u1ea7u.<\/span><\/td>\n<\/tr>\n<tr style=\"height: 21px;\">\n<td style=\"width: 14.2418%; height: 21px;\"><span style=\"color: #000000;\">B\u1ea3o h\u00e0nh<\/span><\/td>\n<td style=\"width: 85.7582%; height: 21px;\"><span style=\"color: #000000;\">H\u1ed7 tr\u1ee3 b\u1ea3o h\u00e0nh 12 th\u00e1ng theo ti\u00eau chu\u1ea9n nh\u00e0 m\u00e1y. Li\u00ean h\u1ec7 h\u1ed7 tr\u1ee3 t\u01b0 v\u1ea5n v\u00e0 l\u1eafp \u0111\u1eb7t.<\/span><\/td>\n<\/tr>\n<\/tbody>\n<\/table>\n<p><span style=\"color: #000000;\">L\u01b0u \u00fd: Gi\u00e1 th\u00e0nh c\u1ee7a s\u1ea3n ph\u1ea9m ch\u01b0a bao g\u1ed3m \u0111\u00e8n led v\u00e0 \u0111\u1ed3 trang tr\u00ed.<\/span><\/p>\n<figure id=\"attachment_14101\" aria-describedby=\"caption-attachment-14101\" style=\"width: 1000px\" class=\"wp-caption alignnone\"><img loading=\"lazy\" decoding=\"async\" class=\"size-full wp-image-14101\" src=\"http:\/\/qghome.vn\/wp-content\/uploads\/2025\/03\/vach-ke-tivi-dep-07.jpg\" alt=\"V\u00e1ch k\u1ec7 tivi \u0111\u1eb9p VTVQ07 v\u1edbi tone tr\u1eafng thanh l\u1ecbch, tinh t\u1ebf\" width=\"1000\" height=\"666\" srcset=\"https:\/\/luan.webrt.net\/qhome\/wp-content\/uploads\/2025\/03\/vach-ke-tivi-dep-07.jpg 1000w, https:\/\/luan.webrt.net\/qhome\/wp-content\/uploads\/2025\/03\/vach-ke-tivi-dep-07-510x340.jpg 510w, https:\/\/luan.webrt.net\/qhome\/wp-content\/uploads\/2025\/03\/vach-ke-tivi-dep-07-601x400.jpg 601w, https:\/\/luan.webrt.net\/qhome\/wp-content\/uploads\/2025\/03\/vach-ke-tivi-dep-07-768x511.jpg 768w\" sizes=\"auto, (max-width: 1000px) 100vw, 1000px\" \/><figcaption id=\"caption-attachment-14101\" class=\"wp-caption-text\"><span style=\"color: #000000;\">V\u00e1ch k\u1ec7 tivi \u0111\u1eb9p VTVQ07 v\u1edbi tone tr\u1eafng thanh l\u1ecbch, tinh t\u1ebf<\/span><\/figcaption><\/figure>\n<h2><span style=\"color: #0000ff;\">Thi\u1ebft k\u1ebf t\u1ed1i \u01b0u &#8211; phong c\u00e1ch hi\u1ec7n \u0111\u1ea1i<\/span><\/h2>\n<p><span style=\"color: #000000;\">K\u1ec7 tivi li\u1ec1n v\u00e1ch trang tr\u00ed VTVQ07 c\u00f3 thi\u1ebft k\u1ebf ph\u00f9 h\u1ee3p v\u1edbi nhi\u1ec1u phong c\u00e1ch thi\u1ebft k\u1ebf n\u1ed9i th\u1ea5t ph\u00f2ng kh\u00e1ch, \u0111\u1eb7c bi\u1ec7t l\u00e0 ki\u1ec3u thi\u1ebft k\u1ebf hi\u1ec7n \u0111\u1ea1i &#8211; t\u1ed1i gi\u1ea3n. Mang \u0111\u1ebfn s\u1ef1 ti\u1ec7n nghi, sang tr\u1ecdng m\u00e0 kh\u00f4ng l\u00e0m m\u1ea5t \u0111i v\u1ebb \u0111\u1eb9p tinh t\u1ebf c\u1ee7a kh\u00f4ng gian.<\/span><\/p>\n<p><span style=\"color: #000000;\">Kh\u00f4ng nh\u1eefng v\u1eady, v\u00e1ch tivi ph\u00f2ng kh\u00e1ch VTVQ07 c\u00f2n \u0111\u01b0\u1ee3c thi\u1ebft k\u1ebf theo xu h\u01b0\u1edbng n\u1ed9i th\u1ea5t cao c\u1ea5p. \u0110i\u1ec1u n\u00e0y g\u00f3p ph\u1ea7n kh\u1eb3ng \u0111\u1ecbnh \u0111\u1eb3ng c\u1ea5p s\u1ed1ng kh\u00e1c bi\u1ec7t v\u00e0 gu th\u1ea9m m\u1ef9 \u0111\u1ea7y tinh t\u1ebf c\u1ee7a gia ch\u1ee7.<\/span><\/p>\n<h2><span style=\"color: #0000ff;\">M\u00e0u s\u1eafc trung t\u00ednh, thanh l\u1ecbch<\/span><\/h2>\n<p><span style=\"color: #000000;\">B\u1ee9c v\u00e1ch tivi ph\u00f2ng kh\u00e1ch c\u00f3 tone tr\u1eafng ch\u1ee7 \u0111\u1ea1o, to\u00e1t l\u00ean s\u1ef1 thanh l\u1ecbch, qu\u00fd ph\u00e1i qua t\u1eebng n\u00e9t. Tr\u1eafng \u0111\u1ee5c c\u0169ng ch\u00ednh l\u00e0 m\u1ed9t trong nh\u1eefng m\u00e0u s\u1eafc \u0111\u01b0\u1ee3c \u01b0a chu\u1ed9ng nh\u1ea5t trong thi\u1ebft k\u1ebf n\u1ed9i th\u1ea5t b\u1edfi n\u00f3 d\u1ec5 \u1ee9ng d\u1ee5ng v\u00e0 gi\u00fap n\u1ed5i b\u1eadt kh\u00f4ng gian.<\/span><\/p>\n<p><span style=\"color: #000000;\">Ngo\u00e0i ra ph\u1ea3i k\u1ec3 \u0111\u1ebfn \u1ed1p pvc v\u1edbi h\u1ecda ti\u1ebft v\u00e2n \u0111\u00e1 v\u00f4 c\u00f9ng tinh x\u1ea3o.<\/span><\/p>\n<h2><span style=\"color: #0000ff;\">C\u00f4ng n\u0103ng t\u1ed1i \u01b0u &#8211; M\u1eabu v\u00e1ch k\u1ec7 tivi \u0111\u1eb9p VTVQ07<\/span><\/h2>\n<h3>M\u1ed9t m\u00f3n n\u1ed9i th\u1ea5t \u0111a c\u00f4ng n\u0103ng<\/h3>\n<p><span style=\"color: #000000;\">K\u1ec7 tivi v\u00e0 t\u1ee7 trang tr\u00ed gi\u00fap t\u1ed1i \u01b0u kh\u00f4ng gian l\u01b0u tr\u1eef m\u00e0 v\u1eabn gi\u1eef \u0111\u01b0\u1ee3c s\u1ef1 g\u1ecdn g\u00e0ng. H\u1ed9c t\u1ee7 m\u1edf gi\u00fap b\u1ea1n th\u1ecfa m\u00e3n nhu c\u1ea7u trang tr\u00ed v\u1edbi s\u00e1ch, r\u01b0\u1ee3u, hoa, tranh \u1ea3nh hay m\u1ed9t s\u1ed1 \u0111\u1ed3 decor y\u00eau th\u00edch. T\u1ee7 c\u00e1nh m\u1edf v\u00e0 ng\u0103n k\u00e9o cho ph\u00e9p b\u1ea1n \u0111\u1ec3 m\u1ed9t s\u1ed1 \u0111\u1ed3 \u0111\u1ea1c v\u1eeba v\u00e0 nh\u1ecf m\u1ed9t c\u00e1ch k\u00edn \u0111\u00e1o v\u00e0 ng\u0103n n\u1eafp.<\/span><\/p>\n<h3>\u0110i\u1ec3m nh\u1ea5n \u00e1nh s\u00e1ng tinh t\u1ebf<\/h3>\n<p><span style=\"color: #000000;\">Ngo\u00e0i ra, b\u1ea1n c\u00f3 th\u1ec3 s\u1eed d\u1ee5ng \u0111\u00e8n led \u0111\u1ec3 t\u0103ng \u0111\u1ed9 ho\u00e0n h\u1ea3o cho s\u1ea3n ph\u1ea9m. H\u1ec7 th\u1ed1ng \u0111\u00e8n led cung c\u1ea5p \u00e1nh s\u00e1ng d\u1ecbu nh\u1eb9, ti\u1ebft ki\u1ec7m \u0111i\u1ec7n v\u00e0 gi\u00fap cho \u0111\u1ed3 decor v\u00e0 v\u00e1ch tivi th\u00eam n\u1ed5i b\u1eadt.<\/span><\/p>\n<h3>T\u1ea1o s\u1ef1 an to\u00e0n cho kh\u00f4ng gian s\u1ed1ng<\/h3>\n<p><span style=\"color: #000000;\">B\u1ee9c v\u00e1ch gi\u00fap b\u1ea3o v\u1ec7 tivi v\u00e0 che \u0111i h\u1ec7 th\u1ed1ng d\u00e2y \u0111i\u1ec7n r\u01b0\u1eddm r\u00e0 ph\u00eda sau. B\u1ea1n c\u00f3 th\u1ec3 gi\u1ea5u d\u00e2y tivi hay h\u1ec7 th\u1ed1ng d\u00e2y \u0111i\u1ec7n kh\u00e1c m\u1ed9t c\u00e1ch ho\u00e0n h\u1ea3o v\u00e0 g\u1ecdn g\u00e0ng ph\u00eda sau v\u00e1ch. Gi\u00fap kh\u00f4ng gian lu\u00f4n ng\u0103n n\u1eafp v\u00e0 an to\u00e0n.<\/span><\/p>\n<h2><span style=\"color: #0000ff;\">Ch\u1ea5t li\u1ec7u cao c\u1ea5p, b\u1ec1n b\u1ec9<\/span><\/h2>\n<p><span style=\"color: #000000;\">C\u00f3 l\u1ebd r\u1eb1ng, v\u00e1n g\u1ed7 c\u00f4ng nghi\u1ec7p MDF kh\u00f4ng c\u00f2n l\u00e0 c\u00e1i t\u00ean qu\u00e1 xa l\u1ea1 trong l\u0129nh v\u1ef1c n\u1ed9i th\u1ea5t. Nh\u1edd nh\u1eefng \u01b0u \u0111i\u1ec3m v\u01b0\u1ee3t tr\u1ed9i v\u00e0 gi\u00e1 th\u00e0nh h\u1ee3p l\u00fd m\u00e0 ch\u1ea5t g\u1ed7 n\u00e0y \u0111ang ng\u00e0y c\u00e0ng ph\u1ed5 bi\u1ebfn trong s\u1ea3n xu\u1ea5t n\u1ed9i th\u1ea5t. Nh\u01b0 b\u1ea1n th\u01b0\u1eddng b\u1eaft g\u1eb7p, g\u1ed7 c\u00f4ng nghi\u1ec7p mdf c\u00f3 m\u1eb7t \u1edf kh\u1eafp m\u1ecdi m\u01a1i. T\u1eeb c\u00e1c s\u1ea3n ph\u1ea9m n\u1ed9i th\u1ea5t gia \u0111\u00ecnh. Nh\u01b0 <span style=\"color: #0000ff;\"><a style=\"color: #0000ff;\" href=\"https:\/\/qghome.vn\/noi-that-chung-cu\/noi-that-phong-ngu\/giuong-ngu\/\">gi\u01b0\u1eddng ng\u1ee7<\/a>,\u00a0<a style=\"color: #0000ff;\" href=\"https:\/\/qghome.vn\/noi-that-chung-cu\/noi-that-phong-ngu\/tu-quan-ao\/\">t\u1ee7 qu\u1ea7n \u00e1o<\/a>,\u00a0<a style=\"color: #0000ff;\" href=\"https:\/\/qghome.vn\/noi-that-chung-cu\/noi-that-phong-ngu\/ban-hoc-qg\/\">b\u00e0n h\u1ecdc<\/a>,\u00a0<a style=\"color: #0000ff;\" href=\"https:\/\/qghome.vn\/noi-that-chung-cu\/noi-that-phong-ngu\/ban-trang-diem-qg\/\">b\u00e0n trang \u0111i\u1ec3m<\/a><\/span>. \u0110\u1ebfn c\u00e1c s\u1ea3n ph\u1ea9m thu\u1ed9c d\u00f2ng<span style=\"color: #0000ff;\"> <a style=\"color: #0000ff;\" href=\"https:\/\/qghome.vn\/san-pham\/noi-that-van-phong\/\">n\u1ed9i th\u1ea5t v\u0103n ph\u00f2ng<\/a><\/span>\u00a0nh\u01b0 b\u00e0n gi\u00e1m \u0111\u1ed1c, b\u00e0n nh\u00e2n vi\u00ean, t\u1ee7 t\u00e0i li\u1ec7u,\u2026<\/span><\/p>\n<p><span style=\"color: #000000;\">Hi\u1ec7n nay c\u00f3 r\u1ea5t nhi\u1ec1u lo\u1ea1i g\u1ed7 c\u00f4ng nghi\u1ec7p kh\u00e1c nhau. Tuy nhi\u00ean v\u1edbi ti\u00eau ch\u00ed t\u1ed1i \u01b0u h\u00f3a tr\u1ea3i nghi\u1ec7m kh\u00e1ch h\u00e0ng th\u00ec ch\u1ea5t l\u01b0\u1ee3ng s\u1ea3n ph\u1ea9m lu\u00f4n \u0111\u01b0\u1ee3c QG Home \u0111\u1eb7t l\u00ean h\u00e0ng \u0111\u1ea7u. Ch\u00fang t\u00f4i \u0111\u00e3 ch\u1ecdn l\u1ecdc lo\u1ea1i g\u1ed7 c\u00f3 ch\u1ea5t l\u01b0\u1ee3ng \u0111\u1ea3m b\u1ea3o tu\u1ed5i th\u1ecd v\u00e0 t\u1ed1i \u01b0u. \u0110\u1ec3 cho ra \u0111\u1eddi nh\u1eefng s\u1ea3n ph\u1ea9m n\u1ed9i th\u1ea5t ho\u00e0n thi\u1ec7n nh\u1ea5t.<\/span><\/p>\n<h3>B\u1ea1n c\u00f3 th\u1ec3 nh\u00ecn th\u1ea5y nh\u1eefng \u01b0u \u0111i\u1ec3m g\u00ec t\u1eeb g\u1ed7 c\u00f4ng nghi\u1ec7p MDF?<\/h3>\n<p><span style=\"color: #000000;\">G\u1ed7 c\u00f4ng nghi\u1ec7p c\u00f3 ngu\u1ed3n g\u1ed1c t\u1eeb g\u1ed7 t\u1ef1 nhi\u00ean \u0111\u00e3 qua ch\u1ebf bi\u1ebfn. Tr\u1ea3i qua c\u00f4ng ngh\u1ec7 v\u00e0 d\u00e2y chuy\u1ec1n hi\u1ec7n \u0111\u1ea1i nh\u1eefng v\u00e1n g\u1ed7 MDF ph\u1ee7 melamine ra \u0111\u1eddi. V\u00e0 mang \u0111\u1ebfn r\u1ea5t nhi\u1ec1u c\u00f4ng d\u1ee5ng tuy\u1ec7t v\u1eddi nh\u01b0:<\/span><\/p>\n<p><span style=\"color: #000000;\"><img loading=\"lazy\" decoding=\"async\" class=\"wp-image-14089 alignright\" src=\"http:\/\/qghome.vn\/wp-content\/uploads\/2025\/03\/go-mdf-01.jpg\" alt=\"\" width=\"369\" height=\"234\" \/><\/span><\/p>\n<ul>\n<li><span style=\"color: #000000;\">H\u1ea1n ch\u1ebf \u0111\u01b0\u1ee3c m\u1ed9t s\u1ed1 nh\u01b0\u1ee3c \u0111i\u1ec3m c\u1ee7a g\u1ed7 t\u1ef1 nhi\u00ean. Nh\u01b0 t\u00ecnh tr\u1ea1ng cong v\u00eanh, m\u1ed1i m\u1ecdt, \u1ea9m m\u1ed1c nh\u1edd l\u1edbp keo \u00e9p ch\u1eafc ch\u1eafn.<\/span><\/li>\n<li><span style=\"color: #000000;\">B\u1ec1 m\u1eb7t tr\u01a1n b\u00f3ng d\u1ec5 d\u00e0ng thi c\u00f4ng v\u00e0 v\u1ec7 sinh lau ch\u00f9i.<\/span><\/li>\n<li><span style=\"color: #000000;\">M\u00e0u s\u1eafc \u0111a d\u1ea1ng: G\u1ed7 c\u00f4ng nghi\u1ec7p MDF c\u00f3 m\u00e0u s\u1eafc v\u00e0 ki\u1ec3u v\u00e2n g\u1ed7 \u0111a d\u1ea1ng, b\u1eaft m\u1eaft. Kh\u00e1ch h\u00e0ng c\u00f3 th\u1ec3 tho\u1ea3i m\u00e1i l\u1ef1a ch\u1ecdn theo s\u1edf th\u00edch.<\/span><\/li>\n<li><span style=\"color: #000000;\">Gi\u00e1 th\u00e0nh r\u1ebb h\u01a1n nhi\u1ec1u so v\u1edbi g\u1ed7 t\u1ef1 nhi\u00ean.<\/span><\/li>\n<\/ul>\n<p><span style=\"color: #000000;\">N\u1ebfu b\u1ea1n \u0111\u00e3 c\u1ea3m th\u1ea5y \u01b0ng \u00fd v\u1ec1 s\u1ea3n ph\u1ea9m th\u00ec h\u00e3y nhanh tay s\u1eafm ngay cho gia \u0111\u00ecnh m\u00ecnh m\u1eabu v\u00e1ch tivi ph\u00f2ng kh\u00e1ch VTVQ07 t\u1ea1i QG Home b\u1ea1n nh\u00e9!<\/span><\/p>\n<p><span style=\"color: #000000;\">V\u00e1ch tivi n\u00f3i chung kh\u00f4ng ch\u1ec9 l\u00e0 m\u1ed9t m\u00f3n \u0111\u1ed3 n\u1ed9i th\u1ea5t m\u00e0 c\u00f2n l\u00e0 t\u00e1c ph\u1ea9m ngh\u1ec7 thu\u1eadt n\u00e2ng t\u1ea7m kh\u00f4ng gian s\u1ed1ng. <\/span><span style=\"color: #000000;\">H\u00e3y \u0111\u1ec3 v\u00e1ch tivi k\u1ec3 c\u00e2u chuy\u1ec7n phong c\u00e1ch c\u1ee7a b\u1ea1n.<\/span><\/p>\n<h3 class=\"has-text-align-center\" style=\"text-align: center;\"><span style=\"color: #000000;\"><em>\ud83d\udd25Inbox ngay \u0111\u1ec3 \u0111\u01b0\u1ee3c gi\u1ea3m gi\u00e1 l\u00ean t\u1edbi 15% gi\u00e1 tr\u1ecb s\u1ea3n ph\u1ea9m. Khuy\u1ebfn m\u00e3i \u0111\u1ed9c quy\u1ec1n ch\u1ec9 c\u00f3 duy nh\u1ea5t t\u1ea1i QG Home. Mua ngay k\u1ebbo l\u1ee1!<\/em><\/span><\/h3>\n<p><span style=\"color: #000000;\">Nh\u1eadn b\u00e1o gi\u00e1 mi\u1ec5n ph\u00ed ngay t\u1ea1i s\u1ed1<\/span><span style=\"color: #000000;\"> hotline: <span style=\"color: #d83131;\">0983 368 623\u00a0<\/span><\/span><\/p>\n<p><span style=\"color: #000000;\">\ud83c\udf10 Website:\u00a0<\/span><span style=\"color: #0000ff;\"><a style=\"color: #0000ff;\" href=\"https:\/\/qghome.vn\/\">https:\/\/qghome.vn\/<\/a><\/span><\/p>\n<p><span style=\"color: #000000;\">\ud83d\udccd \u0110\u1ecba ch\u1ec9: S\u1ed1 27\/70 Xu\u00e2n Ph\u01b0\u01a1ng, Nam T\u1eeb Li\u00eam, H\u00e0 N\u1ed9i\u00a0<\/span><\/p>\n<p><span style=\"color: #000000;\">H\u00e3y \u0111\u1ec3 QG Home gi\u00fap b\u1ea1n m\u1edf ra m\u1ed9t kh\u00f4ng gian s\u1ed1ng ti\u1ec7n nghi v\u00e0 hi\u1ec7n \u0111\u1ea1i h\u01a1n!<\/span><\/p>\n<div class=\"host-bincmiainjofjnhchmcalkanjebghoen\" style=\"position: relative; z-index: 2147483647;\"><\/div>\n","protected":false},"excerpt":{"rendered":"<p>&nbsp;<\/p>\n<div class=\"host-bincmiainjofjnhchmcalkanjebghoen\" style=\"position: relative; z-index: 2147483647;\"><\/div>\n","protected":false},"featured_media":14101,"comment_status":"open","ping_status":"closed","template":"","meta":[],"product_cat":[569,682,732],"product_tag":[],"class_list":["post-14099","product","type-product","status-publish","has-post-thumbnail","hentry","product_cat-noi-that-chung-cu","product_cat-noi-that-phong-khach","product_cat-vach-tivi-phong-khach"],"yoast_head":"<!-- This site is optimized with the Yoast SEO plugin v19.9 - https:\/\/yoast.com\/wordpress\/plugins\/seo\/ -->\n<title>V\u00e1ch k\u1ec7 tivi \u0111\u1eb9p VTVQ07<\/title>\n<meta name=\"description\" content=\"Kh\u00e1m ph\u00e1 ngay m\u1eabu v\u00e1ch k\u1ec7 tivi \u0111\u1eb9p, thi\u1ebft k\u1ebf sang tr\u1ecdng, \u0111\u1eb3ng c\u1ea5p. K\u1ec7 tivi s\u1ea3n xu\u1ea5t t\u1eeb g\u1ed7 c\u00f4ng nghi\u1ec7p cao c\u1ea5p, ch\u1ed1ng th\u1ea5m m\u01b0\u1edbc, m\u1ed1i m\u1ecdt, cong v\u00eanh.\" \/>\n<meta name=\"robots\" content=\"index, follow, max-snippet:-1, max-image-preview:large, max-video-preview:-1\" \/>\n<link rel=\"canonical\" href=\"https:\/\/luan.webrt.net\/qhome\/san-pham\/vach-ke-tivi-dep-vtvq07\/\" \/>\n<meta property=\"og:locale\" content=\"vi_VN\" \/>\n<meta property=\"og:type\" content=\"article\" \/>\n<meta property=\"og:title\" content=\"V\u00e1ch k\u1ec7 tivi \u0111\u1eb9p VTVQ07\" \/>\n<meta property=\"og:description\" content=\"Kh\u00e1m ph\u00e1 ngay m\u1eabu v\u00e1ch k\u1ec7 tivi \u0111\u1eb9p, thi\u1ebft k\u1ebf sang tr\u1ecdng, \u0111\u1eb3ng c\u1ea5p. K\u1ec7 tivi s\u1ea3n xu\u1ea5t t\u1eeb g\u1ed7 c\u00f4ng nghi\u1ec7p cao c\u1ea5p, ch\u1ed1ng th\u1ea5m m\u01b0\u1edbc, m\u1ed1i m\u1ecdt, cong v\u00eanh.\" \/>\n<meta property=\"og:url\" content=\"https:\/\/luan.webrt.net\/qhome\/san-pham\/vach-ke-tivi-dep-vtvq07\/\" \/>\n<meta property=\"og:site_name\" content=\"M\u1eabu web n\u1ed9i th\u1ea5t\" \/>\n<meta property=\"article:publisher\" content=\"https:\/\/www.facebook.com\/noithatqghome\" \/>\n<meta property=\"article:modified_time\" content=\"2025-11-05T09:16:26+00:00\" \/>\n<meta property=\"og:image\" content=\"https:\/\/luan.webrt.net\/qhome\/wp-content\/uploads\/2025\/03\/vach-ke-tivi-dep-07.jpg\" \/>\n\t<meta property=\"og:image:width\" content=\"1000\" \/>\n\t<meta property=\"og:image:height\" content=\"666\" \/>\n\t<meta property=\"og:image:type\" content=\"image\/jpeg\" \/>\n<meta name=\"twitter:card\" content=\"summary_large_image\" \/>\n<meta name=\"twitter:label1\" content=\"\u01af\u1edbc t\u00ednh th\u1eddi gian \u0111\u1ecdc\" \/>\n\t<meta name=\"twitter:data1\" content=\"7 ph\u00fat\" \/>\n<script type=\"application\/ld+json\" class=\"yoast-schema-graph\">{\"@context\":\"https:\/\/schema.org\",\"@graph\":[{\"@type\":\"WebPage\",\"@id\":\"https:\/\/luan.webrt.net\/qhome\/san-pham\/vach-ke-tivi-dep-vtvq07\/\",\"url\":\"https:\/\/luan.webrt.net\/qhome\/san-pham\/vach-ke-tivi-dep-vtvq07\/\",\"name\":\"V\u00e1ch k\u1ec7 tivi \u0111\u1eb9p VTVQ07\",\"isPartOf\":{\"@id\":\"https:\/\/luan.webrt.net\/qhome\/#website\"},\"datePublished\":\"2025-03-03T14:01:33+00:00\",\"dateModified\":\"2025-11-05T09:16:26+00:00\",\"description\":\"Kh\u00e1m ph\u00e1 ngay m\u1eabu v\u00e1ch k\u1ec7 tivi \u0111\u1eb9p, thi\u1ebft k\u1ebf sang tr\u1ecdng, \u0111\u1eb3ng c\u1ea5p. K\u1ec7 tivi s\u1ea3n xu\u1ea5t t\u1eeb g\u1ed7 c\u00f4ng nghi\u1ec7p cao c\u1ea5p, ch\u1ed1ng th\u1ea5m m\u01b0\u1edbc, m\u1ed1i m\u1ecdt, cong v\u00eanh.\",\"breadcrumb\":{\"@id\":\"https:\/\/luan.webrt.net\/qhome\/san-pham\/vach-ke-tivi-dep-vtvq07\/#breadcrumb\"},\"inLanguage\":\"vi\",\"potentialAction\":[{\"@type\":\"ReadAction\",\"target\":[\"https:\/\/luan.webrt.net\/qhome\/san-pham\/vach-ke-tivi-dep-vtvq07\/\"]}]},{\"@type\":\"BreadcrumbList\",\"@id\":\"https:\/\/luan.webrt.net\/qhome\/san-pham\/vach-ke-tivi-dep-vtvq07\/#breadcrumb\",\"itemListElement\":[{\"@type\":\"ListItem\",\"position\":1,\"name\":\"Trang ch\u1ee7\",\"item\":\"https:\/\/luan.webrt.net\/qhome\/\"},{\"@type\":\"ListItem\",\"position\":2,\"name\":\"Shop\",\"item\":\"https:\/\/luan.webrt.net\/qhome\/shop\/\"},{\"@type\":\"ListItem\",\"position\":3,\"name\":\"V\u00e1ch k\u1ec7 tivi \u0111\u1eb9p VTVQ07\"}]},{\"@type\":\"WebSite\",\"@id\":\"https:\/\/luan.webrt.net\/qhome\/#website\",\"url\":\"https:\/\/luan.webrt.net\/qhome\/\",\"name\":\"M\u1eabu web n\u1ed9i th\u1ea5t\",\"description\":\"QGHome Vi\u1ec7t Nam\",\"publisher\":{\"@id\":\"https:\/\/luan.webrt.net\/qhome\/#organization\"},\"potentialAction\":[{\"@type\":\"SearchAction\",\"target\":{\"@type\":\"EntryPoint\",\"urlTemplate\":\"https:\/\/luan.webrt.net\/qhome\/?s={search_term_string}\"},\"query-input\":\"required name=search_term_string\"}],\"inLanguage\":\"vi\"},{\"@type\":\"Organization\",\"@id\":\"https:\/\/luan.webrt.net\/qhome\/#organization\",\"name\":\"QGHome\",\"url\":\"https:\/\/luan.webrt.net\/qhome\/\",\"logo\":{\"@type\":\"ImageObject\",\"inLanguage\":\"vi\",\"@id\":\"https:\/\/luan.webrt.net\/qhome\/#\/schema\/logo\/image\/\",\"url\":\"https:\/\/qghome.vn\/wp-content\/uploads\/2025\/08\/logo-mau-MauTH-21.png\",\"contentUrl\":\"https:\/\/qghome.vn\/wp-content\/uploads\/2025\/08\/logo-mau-MauTH-21.png\",\"width\":253,\"height\":99,\"caption\":\"QGHome\"},\"image\":{\"@id\":\"https:\/\/luan.webrt.net\/qhome\/#\/schema\/logo\/image\/\"},\"sameAs\":[\"https:\/\/www.tiktok.com\/@qghome.official\",\"https:\/\/www.youtube.com\/channel\/UCeVBuKTXkv-u94DS421cklw\",\"https:\/\/www.facebook.com\/noithatqghome\"]}]}<\/script>\n<!-- \/ Yoast SEO plugin. -->","yoast_head_json":{"title":"V\u00e1ch k\u1ec7 tivi \u0111\u1eb9p VTVQ07","description":"Kh\u00e1m ph\u00e1 ngay m\u1eabu v\u00e1ch k\u1ec7 tivi \u0111\u1eb9p, thi\u1ebft k\u1ebf sang tr\u1ecdng, \u0111\u1eb3ng c\u1ea5p. K\u1ec7 tivi s\u1ea3n xu\u1ea5t t\u1eeb g\u1ed7 c\u00f4ng nghi\u1ec7p cao c\u1ea5p, ch\u1ed1ng th\u1ea5m m\u01b0\u1edbc, m\u1ed1i m\u1ecdt, cong v\u00eanh.","robots":{"index":"index","follow":"follow","max-snippet":"max-snippet:-1","max-image-preview":"max-image-preview:large","max-video-preview":"max-video-preview:-1"},"canonical":"https:\/\/luan.webrt.net\/qhome\/san-pham\/vach-ke-tivi-dep-vtvq07\/","og_locale":"vi_VN","og_type":"article","og_title":"V\u00e1ch k\u1ec7 tivi \u0111\u1eb9p VTVQ07","og_description":"Kh\u00e1m ph\u00e1 ngay m\u1eabu v\u00e1ch k\u1ec7 tivi \u0111\u1eb9p, thi\u1ebft k\u1ebf sang tr\u1ecdng, \u0111\u1eb3ng c\u1ea5p. K\u1ec7 tivi s\u1ea3n xu\u1ea5t t\u1eeb g\u1ed7 c\u00f4ng nghi\u1ec7p cao c\u1ea5p, ch\u1ed1ng th\u1ea5m m\u01b0\u1edbc, m\u1ed1i m\u1ecdt, cong v\u00eanh.","og_url":"https:\/\/luan.webrt.net\/qhome\/san-pham\/vach-ke-tivi-dep-vtvq07\/","og_site_name":"M\u1eabu web n\u1ed9i th\u1ea5t","article_publisher":"https:\/\/www.facebook.com\/noithatqghome","article_modified_time":"2025-11-05T09:16:26+00:00","og_image":[{"width":1000,"height":666,"url":"https:\/\/luan.webrt.net\/qhome\/wp-content\/uploads\/2025\/03\/vach-ke-tivi-dep-07.jpg","type":"image\/jpeg"}],"twitter_card":"summary_large_image","twitter_misc":{"\u01af\u1edbc t\u00ednh th\u1eddi gian \u0111\u1ecdc":"7 ph\u00fat"},"schema":{"@context":"https:\/\/schema.org","@graph":[{"@type":"WebPage","@id":"https:\/\/luan.webrt.net\/qhome\/san-pham\/vach-ke-tivi-dep-vtvq07\/","url":"https:\/\/luan.webrt.net\/qhome\/san-pham\/vach-ke-tivi-dep-vtvq07\/","name":"V\u00e1ch k\u1ec7 tivi \u0111\u1eb9p VTVQ07","isPartOf":{"@id":"https:\/\/luan.webrt.net\/qhome\/#website"},"datePublished":"2025-03-03T14:01:33+00:00","dateModified":"2025-11-05T09:16:26+00:00","description":"Kh\u00e1m ph\u00e1 ngay m\u1eabu v\u00e1ch k\u1ec7 tivi \u0111\u1eb9p, thi\u1ebft k\u1ebf sang tr\u1ecdng, \u0111\u1eb3ng c\u1ea5p. K\u1ec7 tivi s\u1ea3n xu\u1ea5t t\u1eeb g\u1ed7 c\u00f4ng nghi\u1ec7p cao c\u1ea5p, ch\u1ed1ng th\u1ea5m m\u01b0\u1edbc, m\u1ed1i m\u1ecdt, cong v\u00eanh.","breadcrumb":{"@id":"https:\/\/luan.webrt.net\/qhome\/san-pham\/vach-ke-tivi-dep-vtvq07\/#breadcrumb"},"inLanguage":"vi","potentialAction":[{"@type":"ReadAction","target":["https:\/\/luan.webrt.net\/qhome\/san-pham\/vach-ke-tivi-dep-vtvq07\/"]}]},{"@type":"BreadcrumbList","@id":"https:\/\/luan.webrt.net\/qhome\/san-pham\/vach-ke-tivi-dep-vtvq07\/#breadcrumb","itemListElement":[{"@type":"ListItem","position":1,"name":"Trang ch\u1ee7","item":"https:\/\/luan.webrt.net\/qhome\/"},{"@type":"ListItem","position":2,"name":"Shop","item":"https:\/\/luan.webrt.net\/qhome\/shop\/"},{"@type":"ListItem","position":3,"name":"V\u00e1ch k\u1ec7 tivi \u0111\u1eb9p VTVQ07"}]},{"@type":"WebSite","@id":"https:\/\/luan.webrt.net\/qhome\/#website","url":"https:\/\/luan.webrt.net\/qhome\/","name":"M\u1eabu web n\u1ed9i th\u1ea5t","description":"QGHome Vi\u1ec7t Nam","publisher":{"@id":"https:\/\/luan.webrt.net\/qhome\/#organization"},"potentialAction":[{"@type":"SearchAction","target":{"@type":"EntryPoint","urlTemplate":"https:\/\/luan.webrt.net\/qhome\/?s={search_term_string}"},"query-input":"required name=search_term_string"}],"inLanguage":"vi"},{"@type":"Organization","@id":"https:\/\/luan.webrt.net\/qhome\/#organization","name":"QGHome","url":"https:\/\/luan.webrt.net\/qhome\/","logo":{"@type":"ImageObject","inLanguage":"vi","@id":"https:\/\/luan.webrt.net\/qhome\/#\/schema\/logo\/image\/","url":"https:\/\/qghome.vn\/wp-content\/uploads\/2025\/08\/logo-mau-MauTH-21.png","contentUrl":"https:\/\/qghome.vn\/wp-content\/uploads\/2025\/08\/logo-mau-MauTH-21.png","width":253,"height":99,"caption":"QGHome"},"image":{"@id":"https:\/\/luan.webrt.net\/qhome\/#\/schema\/logo\/image\/"},"sameAs":["https:\/\/www.tiktok.com\/@qghome.official","https:\/\/www.youtube.com\/channel\/UCeVBuKTXkv-u94DS421cklw","https:\/\/www.facebook.com\/noithatqghome"]}]}},"_links":{"self":[{"href":"https:\/\/luan.webrt.net\/qhome\/wp-json\/wp\/v2\/product\/14099","targetHints":{"allow":["GET"]}}],"collection":[{"href":"https:\/\/luan.webrt.net\/qhome\/wp-json\/wp\/v2\/product"}],"about":[{"href":"https:\/\/luan.webrt.net\/qhome\/wp-json\/wp\/v2\/types\/product"}],"replies":[{"embeddable":true,"href":"https:\/\/luan.webrt.net\/qhome\/wp-json\/wp\/v2\/comments?post=14099"}],"wp:featuredmedia":[{"embeddable":true,"href":"https:\/\/luan.webrt.net\/qhome\/wp-json\/wp\/v2\/media\/14101"}],"wp:attachment":[{"href":"https:\/\/luan.webrt.net\/qhome\/wp-json\/wp\/v2\/media?parent=14099"}],"wp:term":[{"taxonomy":"product_cat","embeddable":true,"href":"https:\/\/luan.webrt.net\/qhome\/wp-json\/wp\/v2\/product_cat?post=14099"},{"taxonomy":"product_tag","embeddable":true,"href":"https:\/\/luan.webrt.net\/qhome\/wp-json\/wp\/v2\/product_tag?post=14099"}],"curies":[{"name":"wp","href":"https:\/\/api.w.org\/{rel}","templated":true}]}}