{"id":14081,"date":"2025-03-02T03:09:15","date_gmt":"2025-03-02T03:09:15","guid":{"rendered":"https:\/\/qghome.vn\/?post_type=product&#038;p=14081"},"modified":"2025-11-05T09:33:00","modified_gmt":"2025-11-05T09:33:00","slug":"vach-tivi-vtvq03","status":"publish","type":"product","link":"https:\/\/luan.webrt.net\/qhome\/san-pham\/vach-tivi-vtvq03\/","title":{"rendered":"V\u00e1ch Tivi VTVQ03"},"content":{"rendered":"<h1 style=\"text-align: center;\"><span style=\"color: #d83131;\">V\u00e1ch tivi VTVQ03 &#8211; M\u1ea3nh gh\u00e9p ho\u00e0n h\u1ea3o cho kh\u00f4ng gian tinh t\u1ebf<\/span><\/h1>\n<div><span style=\"color: #000000;\">M\u1ed9t v\u00e1ch tivi \u0111\u1eb9p kh\u00f4ng ch\u1ec9 l\u00e0m \u0111\u1eb9p kh\u00f4ng gian m\u00e0 c\u00f2n th\u1ec3 hi\u1ec7n s\u1ef1 tinh t\u1ebf v\u00e0 phong c\u00e1ch ri\u00eang c\u1ee7a ch\u1ee7 nh\u00e0. Trong b\u00e0i vi\u1ebft nh\u1ecf n\u00e0y, m\u1eddi b\u1ea1n kh\u00e1m ph\u00e1 s\u1ef1 ho\u00e0n h\u1ea3o v\u00e0 tinh t\u1ebf trong thi\u1ebft k\u1ebf c\u1ee7a s\u1ea3n ph\u1ea9m v\u00e1ch tivi VTVQ03 t\u1ea1i QG Home nh\u00e9.<\/span><\/div>\n<h2><span style=\"color: #0000ff;\">T\u1ed5ng quan s\u1ea3n ph\u1ea9m<\/span><\/h2>\n<table style=\"border-collapse: collapse; width: 100%; height: 84px;\">\n<tbody>\n<tr style=\"height: 21px;\">\n<td style=\"width: 21.7777%; height: 21px;\"><span style=\"color: #000000;\">K\u00edch th\u01b0\u1edbc<\/span><\/td>\n<td style=\"width: 78.2223%; height: 21px;\"><span style=\"color: #000000;\">K\u1ec7 tivi: D2400mm x R350mm x C400mm<\/span><\/p>\n<p><span style=\"color: #000000;\">T\u1ee7 trang tr\u00ed: D700mm x R350mm x C2600mm<\/span><\/p>\n<p><span style=\"color: #000000;\">\u1ed0p PVC: D2000mm X C1500mm<\/span><\/p>\n<p><span style=\"color: #000000;\">\u1ed0p lam s\u00f3ng: D3500mm x C3000mm<\/span><\/p>\n<p><span style=\"color: #000000;\">Kh\u00e1ch h\u00e0ng c\u00f3 th\u1ec3 t\u00f9y ch\u1ec9nh k\u00edch th\u01b0\u1edbc ph\u00f9 h\u1ee3p v\u1edbi nhu c\u1ea7u.<\/span><\/td>\n<\/tr>\n<tr style=\"height: 21px;\">\n<td style=\"width: 21.7777%; height: 21px;\"><span style=\"color: #000000;\">Ch\u1ea5t li\u1ec7u<\/span><\/td>\n<td style=\"width: 78.2223%; height: 21px;\"><span style=\"color: #000000;\">K\u1ec7 tivi: Ch\u1ecdn l\u1ecdc v\u00e0 s\u1ea3n xu\u1ea5t t\u1eeb g\u1ed7 MDF ph\u1ee7 melamine cao c\u1ea5p, c\u00f3 nh\u1eefng \u01b0u \u0111i\u1ec3m v\u01b0\u1ee3t tr\u1ed9i.<\/span><\/p>\n<ul>\n<li><span style=\"color: #000000;\">Ch\u1ed1ng th\u1ea5m m\u01b0\u1edbc, ch\u1ed1ng m\u1ed1i m\u1ecdt, d\u1ec5 v\u1ec7 sinh lau ch\u00f9i.<\/span><\/li>\n<li><span style=\"color: #000000;\">H\u1ea1n ch\u1ebf cong v\u00eanh, kh\u00f4ng b\u1ecb co ng\u00f3t.<\/span><\/li>\n<li><span style=\"color: #000000;\">An to\u00e0n khi s\u1eed d\u1ee5ng. Th\u00e2n thi\u1ec7n v\u1edbi m\u00f4i tr\u01b0\u1eddng.<\/span><\/li>\n<li><span style=\"color: #000000;\">M\u00e0u s\u1eafc \u0111a d\u1ea1ng, d\u1ec5 ph\u1ed1i m\u00e0u theo phong c\u00e1ch ri\u00eang.<\/span><\/li>\n<\/ul>\n<p><span style=\"color: #000000;\">T\u1ea5m \u1ed1p nh\u1ef1a PVC v\u00e2n \u0111\u00e1 ch\u1ed1ng th\u1ea5m n\u01b0\u1edbc, m\u1ed1i m\u1ecdt, cong v\u00eanh.<\/span><\/p>\n<p><span style=\"color: #000000;\">\u1ed0p nh\u1ef1a lam s\u00f3ng gi\u1ea3 g\u1ed7 b\u1ec1n \u0111\u1eb9p, hi\u1ec7n \u0111\u1ea1i.<\/span><\/td>\n<\/tr>\n<tr style=\"height: 21px;\">\n<td style=\"width: 21.7777%; height: 21px;\"><span style=\"color: #000000;\">M\u00e0u s\u1eafc<\/span><\/td>\n<td style=\"width: 78.2223%; height: 21px;\"><span style=\"color: #000000;\">M\u00e0u v\u00e2n g\u1ed7 sang tr\u1ecdng, m\u00e0u tr\u1eafng \u0111\u1ee5c, m\u00e0u tr\u1eafng v\u00e2n \u0111\u00e1.<\/span><\/p>\n<p><span style=\"color: #000000;\">Nh\u1eadn \u0111\u1eb7t m\u00e0u s\u1eafc theo y\u00eau c\u1ea7u.<\/span><\/td>\n<\/tr>\n<tr style=\"height: 21px;\">\n<td style=\"width: 21.7777%; height: 21px;\"><span style=\"color: #000000;\">B\u1ea3o h\u00e0nh<\/span><\/td>\n<td style=\"width: 78.2223%; height: 21px;\"><span style=\"color: #000000;\">H\u1ed7 tr\u1ee3 b\u1ea3o h\u00e0nh 12 th\u00e1ng theo ti\u00eau chu\u1ea9n nh\u00e0 m\u00e1y. Li\u00ean h\u1ec7 h\u1ed7 tr\u1ee3 t\u01b0 v\u1ea5n v\u00e0 l\u1eafp \u0111\u1eb7t.<\/span><\/td>\n<\/tr>\n<\/tbody>\n<\/table>\n<p>&nbsp;<\/p>\n<figure id=\"attachment_14082\" aria-describedby=\"caption-attachment-14082\" style=\"width: 1000px\" class=\"wp-caption aligncenter\"><img loading=\"lazy\" decoding=\"async\" class=\"wp-image-14082 size-full\" src=\"http:\/\/qghome.vn\/wp-content\/uploads\/2025\/02\/mau-vach-tivi-03.jpg\" alt=\"V\u00e1ch tivi k\u1ebft h\u1ee3p g\u1ed7 v\u00e0 \u0111\u00e1 v\u00e2n m\u00e2y sang tr\u1ecdng, t\u1ea1o \u0111i\u1ec3m nh\u1ea5n \u0111\u1eb3ng c\u1ea5p cho ph\u00f2ng kh\u00e1ch\" width=\"1000\" height=\"666\" srcset=\"https:\/\/luan.webrt.net\/qhome\/wp-content\/uploads\/2025\/02\/mau-vach-tivi-03.jpg 1000w, https:\/\/luan.webrt.net\/qhome\/wp-content\/uploads\/2025\/02\/mau-vach-tivi-03-510x340.jpg 510w, https:\/\/luan.webrt.net\/qhome\/wp-content\/uploads\/2025\/02\/mau-vach-tivi-03-601x400.jpg 601w, https:\/\/luan.webrt.net\/qhome\/wp-content\/uploads\/2025\/02\/mau-vach-tivi-03-768x511.jpg 768w\" sizes=\"auto, (max-width: 1000px) 100vw, 1000px\" \/><figcaption id=\"caption-attachment-14082\" class=\"wp-caption-text\"><span style=\"color: #000000;\">V\u00e1ch tivi k\u1ebft h\u1ee3p g\u1ed7 v\u00e0 \u0111\u00e1 v\u00e2n m\u00e2y sang tr\u1ecdng, t\u1ea1o \u0111i\u1ec3m nh\u1ea5n \u0111\u1eb3ng c\u1ea5p cho ph\u00f2ng kh\u00e1ch<\/span><\/figcaption><\/figure>\n<h2><span style=\"color: #0000ff;\">Thi\u1ebft k\u1ebf t\u1ed1i \u01b0u &#8211; phong c\u00e1ch hi\u1ec7n \u0111\u1ea1i<\/span><\/h2>\n<p><span style=\"color: #000000;\">H\u1ec7 v\u00e1ch tivi ph\u00f2ng kh\u00e1ch VTVQ03 mang thi\u1ebft k\u1ebf hi\u1ec7n \u0111\u1ea1i, tinh t\u1ebf v\u00e0 sang tr\u1ecdng tr\u00ean t\u1eebng \u0111\u01b0\u1eddng n\u00e9t c\u1ee7a s\u1ea3n ph\u1ea9m. Kh\u00f4ng gian v\u00e1ch \u0111\u01b0\u1ee3c b\u1ed1 tr\u00ed khoa h\u1ecdc, gi\u00fap t\u1ed1i \u01b0u g\u00f3c nh\u00ecn v\u00e0 t\u1ea1o c\u1ea3m gi\u00e1c th\u01b0 gi\u00e3n khi xem phim.<\/span><\/p>\n<h3>S\u1eed d\u1ee5ng \u1ed1p lam s\u00f3ng v\u1edbi \u0111\u01b0\u1eddng v\u00e2n b\u1eaft m\u1eaft<\/h3>\n<p><span style=\"color: #000000;\">Thay v\u00ec \u0111\u1ec3 tr\u1ed1ng ph\u1ea7n background c\u1ee7a tivi, thi\u1ebft k\u1ebf \u1ed1p lam s\u00f3ng gi\u00fap t\u1ea1o \u0111i\u1ec3m nh\u1ea5n \u1ea5n t\u01b0\u1ee3ng. C\u00e1c \u0111\u01b0\u1eddng v\u00e2n d\u1ecdc tr\u00ean v\u00e1ch gi\u00fap t\u1ea1o chi\u1ec1u s\u00e2u cho kh\u00f4ng gian, mang \u0111\u1ebfn c\u1ea3m gi\u00e1c r\u1ed9ng r\u00e3i v\u00e0 cao r\u00e1o.<\/span><\/p>\n<h3>Thi\u1ebft k\u1ebf v\u00e1ch \u1ed1p pvc v\u00e2n m\u00e2y t\u1ef1a nh\u01b0 \u0111\u00e1 c\u1ea9m th\u1ea1ch (marble)<\/h3>\n<p><span style=\"color: #000000;\">B\u00ean c\u1ea1nh \u0111\u00f3, t\u1ea5m \u1ed1p PVC v\u00e2n \u0111\u00e1 c\u0169ng ch\u00ednh l\u00e0 m\u1ed9t s\u1ef1 l\u1ef1a ch\u1ecdn ho\u00e0n h\u1ea3o, t\u0103ng t\u00ednh th\u1ea9m m\u1ef9. \u1ed0p PVC c\u00f2n c\u00f3 r\u1ea5t nhi\u1ec1u m\u1eabu v\u00e2n \u0111\u00e1 kh\u00e1c nhau, v\u1eady n\u00ean kh\u00e1ch h\u00e0ng c\u00f3 th\u1ec3 t\u00f9y \u00fd l\u1ef1a ch\u1ecdn ki\u1ec3u m\u1eabu v\u00e2n \u0111\u00e1 m\u00e0 m\u00ecnh y\u00eau th\u00edch.<\/span><\/p>\n<h3>Tinh t\u1ebf trong t\u1eebng chi ti\u1ebft thi\u1ebft k\u1ebf<\/h3>\n<p><span style=\"color: #000000;\">K\u1ec7 tivi treo k\u1ebft h\u1ee3p t\u1ee7 trang tr\u00ed gi\u00fap t\u0103ng kh\u00f4ng gian l\u01b0u tr\u1eef v\u00e0 t\u1ea1o s\u1ef1 t\u1ed1i gi\u1ea3n, trang tr\u1ecdng. Ph\u1ea7n k\u1ec7 tivi treo t\u1ea1o n\u00ean kho\u1ea3ng c\u00e1ch v\u1edbi m\u1eb7t s\u00e0n kh\u00e1 l\u1edbn, do \u0111\u00f3 vi\u1ec7c qu\u00e9t d\u1ecdn v\u1ec7 sinh tr\u1edf n\u00ean d\u1ec5 d\u00e0ng h\u01a1n. T\u1ed5ng th\u1ec3 b\u1ee9c v\u00e1ch c\u0169ng tr\u1edf n\u00ean th\u00f4ng tho\u00e1ng, gi\u00fap s\u1eafp x\u1ebfp \u0111\u1ed3 \u0111\u1ea1c g\u1ecdn g\u00e0ng v\u00e0 lo\u1ea1i b\u1ecf c\u1ea3m gi\u00e1c b\u1eeba b\u1ed9n.<\/span><\/p>\n<p><span style=\"color: #000000;\">M\u00e0u s\u1eafc trung t\u00ednh v\u00e0 \u0111\u01b0\u1eddng n\u00e9t hi\u1ec7n \u0111\u1ea1i gi\u00fap cho b\u1ee9c v\u00e1ch d\u1ec5 d\u00e0ng ph\u1ed1i h\u1ee3p v\u1edbi c\u00e1c phong c\u00e1ch n\u1ed9i th\u1ea5t kh\u00e1c nhau.<\/span><\/p>\n<h2><span style=\"color: #0000ff;\">Kh\u00f4ng ch\u1ec9 \u0111\u1ec3 treo tivi &#8211; V\u00e1ch tivi VTVQ03 c\u00f2n g\u00f3i g\u1ecdn c\u1ea3 &#8220;s\u1ef1 \u0111\u1eb3ng c\u1ea5p&#8221;<\/span><\/h2>\n<p><span style=\"color: #000000;\">B\u1ee9c v\u00e1ch gi\u00fap b\u1ea3o v\u1ec7 tivi v\u00e0 che \u0111i h\u1ec7 th\u1ed1ng d\u00e2y \u0111i\u1ec7n r\u01b0\u1eddm r\u00e0 ph\u00eda sau. B\u1ea1n c\u00f3 th\u1ec3 gi\u1ea5u d\u00e2y tivi hay h\u1ec7 th\u1ed1ng d\u00e2y \u0111i\u1ec7n kh\u00e1c m\u1ed9t c\u00e1ch ho\u00e0n h\u1ea3o v\u00e0 g\u1ecdn g\u00e0ng ph\u00eda sau v\u00e1ch. Gi\u00fap kh\u00f4ng gian lu\u00f4n ng\u0103n n\u1eafp v\u00e0 an to\u00e0n.<\/span><\/p>\n<p><span style=\"color: #000000;\">K\u1ec7 tivi v\u00e0 t\u1ee7 trang tr\u00ed t\u1ed1i \u01b0u kh\u00f4ng gian l\u01b0u tr\u1eef v\u1edbi nhi\u1ec1u h\u1ed9c t\u1ee7 v\u00e0 ng\u0103n k\u00e9o. H\u1ed9c t\u1ee7 m\u1edf gi\u00fap b\u1ea1n th\u1ecfa m\u00e3n nhu c\u1ea7u trang tr\u00ed v\u1edbi s\u00e1ch, r\u01b0\u1ee3u, hoa, tranh \u1ea3nh hay m\u1ed9t s\u1ed1 \u0111\u1ed3 trang tr\u00ed kh\u00e1c.<\/span><\/p>\n<h2><span style=\"color: #0000ff;\">Ch\u1ea5t li\u1ec7u cao c\u1ea5p, b\u1ec1n b\u1ec9<\/span><\/h2>\n<p><span style=\"color: #000000;\">C\u00f3 l\u1ebd r\u1eb1ng, v\u00e1n g\u1ed7 c\u00f4ng nghi\u1ec7p MDF kh\u00f4ng c\u00f2n l\u00e0 c\u00e1i t\u00ean qu\u00e1 xa l\u1ea1 trong l\u0129nh v\u1ef1c n\u1ed9i th\u1ea5t. Nh\u1edd nh\u1eefng \u01b0u \u0111i\u1ec3m v\u01b0\u1ee3t tr\u1ed9i v\u00e0 gi\u00e1 th\u00e0nh h\u1ee3p l\u00fd m\u00e0 ch\u1ea5t g\u1ed7 n\u00e0y \u0111ang ng\u00e0y c\u00e0ng ph\u1ed5 bi\u1ebfn trong s\u1ea3n xu\u1ea5t n\u1ed9i th\u1ea5t. Nh\u01b0 b\u1ea1n th\u01b0\u1eddng b\u1eaft g\u1eb7p, g\u1ed7 c\u00f4ng nghi\u1ec7p mdf c\u00f3 m\u1eb7t \u1edf kh\u1eafp m\u1ecdi m\u01a1i. T\u1eeb c\u00e1c s\u1ea3n ph\u1ea9m n\u1ed9i th\u1ea5t gia \u0111\u00ecnh. Nh\u01b0 <span style=\"color: #ff6600;\"><a style=\"color: #ff6600;\" href=\"https:\/\/qghome.vn\/noi-that-chung-cu\/noi-that-phong-ngu\/giuong-ngu\/\">gi\u01b0\u1eddng ng\u1ee7<\/a>,\u00a0<a style=\"color: #ff6600;\" href=\"https:\/\/qghome.vn\/noi-that-chung-cu\/noi-that-phong-ngu\/tu-quan-ao\/\">t\u1ee7 qu\u1ea7n \u00e1o<\/a>,\u00a0<a style=\"color: #ff6600;\" href=\"https:\/\/qghome.vn\/noi-that-chung-cu\/noi-that-phong-ngu\/ban-hoc-qg\/\">b\u00e0n h\u1ecdc<\/a>,\u00a0<a style=\"color: #ff6600;\" href=\"https:\/\/qghome.vn\/noi-that-chung-cu\/noi-that-phong-ngu\/ban-trang-diem-qg\/\">b\u00e0n trang \u0111i\u1ec3m<\/a><\/span>. \u0110\u1ebfn c\u00e1c s\u1ea3n ph\u1ea9m thu\u1ed9c d\u00f2ng<span style=\"color: #0000ff;\"><span style=\"color: #ff6600;\"> <a style=\"color: #ff6600;\" href=\"https:\/\/qghome.vn\/san-pham\/noi-that-van-phong\/\">n\u1ed9i th\u1ea5t v\u0103n ph\u00f2ng<\/a><\/span>\u00a0<\/span>nh\u01b0 b\u00e0n gi\u00e1m \u0111\u1ed1c, b\u00e0n nh\u00e2n vi\u00ean, t\u1ee7 t\u00e0i li\u1ec7u,\u2026<\/span><\/p>\n<p><span style=\"color: #000000;\"><img loading=\"lazy\" decoding=\"async\" class=\"size-full wp-image-14075 alignright\" src=\"https:\/\/qghome.vn\/wp-content\/uploads\/2025\/02\/go-mdf-02-1.jpg\" sizes=\"auto, (max-width: 300px) 100vw, 300px\" srcset=\"https:\/\/qghome.vn\/wp-content\/uploads\/2025\/02\/go-mdf-02-1.jpg 300w, https:\/\/qghome.vn\/wp-content\/uploads\/2025\/02\/go-mdf-02-1-280x280.jpg 280w, https:\/\/qghome.vn\/wp-content\/uploads\/2025\/02\/go-mdf-02-1-247x247.jpg 247w, https:\/\/qghome.vn\/wp-content\/uploads\/2025\/02\/go-mdf-02-1-100x100.jpg 100w\" alt=\"M\u1ed9t s\u1ed1 g\u1ee3i \u00fd m\u00e0u s\u1eafc g\u1ed7 mdf\" width=\"300\" height=\"300\" \/><\/span><\/p>\n<p><span style=\"color: #000000;\">Hi\u1ec7n nay c\u00f3 r\u1ea5t nhi\u1ec1u lo\u1ea1i g\u1ed7 c\u00f4ng nghi\u1ec7p kh\u00e1c nhau. Tuy nhi\u00ean v\u1edbi ti\u00eau ch\u00ed t\u1ed1i \u01b0u h\u00f3a tr\u1ea3i nghi\u1ec7m kh\u00e1ch h\u00e0ng th\u00ec ch\u1ea5t l\u01b0\u1ee3ng s\u1ea3n ph\u1ea9m lu\u00f4n \u0111\u01b0\u1ee3c QG Home \u0111\u1eb7t l\u00ean h\u00e0ng \u0111\u1ea7u. Ch\u00fang t\u00f4i \u0111\u00e3 ch\u1ecdn l\u1ecdc lo\u1ea1i g\u1ed7 c\u00f3 ch\u1ea5t l\u01b0\u1ee3ng \u0111\u1ea3m b\u1ea3o tu\u1ed5i th\u1ecd v\u00e0 t\u1ed1i \u01b0u. \u0110\u1ec3 cho ra \u0111\u1eddi nh\u1eefng s\u1ea3n ph\u1ea9m n\u1ed9i th\u1ea5t ho\u00e0n thi\u1ec7n nh\u1ea5t.<\/span><\/p>\n<h3><span style=\"color: #000000;\">G\u1ed7 c\u00f4ng nghi\u1ec7p c\u00f3 nh\u1eefng \u01b0u \u0111i\u1ec3m g\u00ec n\u1ed5i b\u1eadt?<\/span><\/h3>\n<p><span style=\"color: #000000;\">G\u1ed7 c\u00f4ng nghi\u1ec7p c\u00f3 ngu\u1ed3n g\u1ed1c t\u1eeb g\u1ed7 t\u1ef1 nhi\u00ean \u0111\u00e3 qua ch\u1ebf bi\u1ebfn. Tr\u1ea3i qua c\u00f4ng ngh\u1ec7 v\u00e0 d\u00e2y chuy\u1ec1n hi\u1ec7n \u0111\u1ea1i nh\u1eefng v\u00e1n g\u1ed7 MDF ph\u1ee7 melamine ra \u0111\u1eddi. V\u00e0 mang \u0111\u1ebfn r\u1ea5t nhi\u1ec1u c\u00f4ng d\u1ee5ng tuy\u1ec7t v\u1eddi nh\u01b0:<\/span><\/p>\n<ul>\n<li><span style=\"color: #000000;\">H\u1ea1n ch\u1ebf \u0111\u01b0\u1ee3c m\u1ed9t s\u1ed1 nh\u01b0\u1ee3c \u0111i\u1ec3m c\u1ee7a g\u1ed7 t\u1ef1 nhi\u00ean. Nh\u01b0 t\u00ecnh tr\u1ea1ng cong v\u00eanh, m\u1ed1i m\u1ecdt, \u1ea9m m\u1ed1c nh\u1edd l\u1edbp keo \u00e9p ch\u1eafc ch\u1eafn.<\/span><\/li>\n<li><span style=\"color: #000000;\">B\u1ec1 m\u1eb7t tr\u01a1n b\u00f3ng d\u1ec5 d\u00e0ng thi c\u00f4ng v\u00e0 v\u1ec7 sinh lau ch\u00f9i.<\/span><\/li>\n<li><span style=\"color: #000000;\">M\u00e0u s\u1eafc \u0111a d\u1ea1ng: G\u1ed7 c\u00f4ng nghi\u1ec7p MDF c\u00f3 m\u00e0u s\u1eafc v\u00e0 ki\u1ec3u v\u00e2n g\u1ed7 \u0111a d\u1ea1ng, b\u1eaft m\u1eaft. Kh\u00e1ch h\u00e0ng c\u00f3 th\u1ec3 tho\u1ea3i m\u00e1i l\u1ef1a ch\u1ecdn theo s\u1edf th\u00edch.<\/span><\/li>\n<li><span style=\"color: #000000;\">Gi\u00e1 th\u00e0nh r\u1ebb h\u01a1n nhi\u1ec1u so v\u1edbi g\u1ed7 t\u1ef1 nhi\u00ean.<\/span><\/li>\n<\/ul>\n<p><span style=\"color: #000000;\">N\u1ebfu b\u1ea1n \u0111\u00e3 c\u1ea3m th\u1ea5y \u01b0ng \u00fd v\u1ec1 s\u1ea3n ph\u1ea9m th\u00ec h\u00e3y nhanh tay s\u1eafm ngay cho gia \u0111\u00ecnh m\u00ecnh m\u1eabu v\u00e1ch tivi ph\u00f2ng kh\u00e1ch VTVQ03 t\u1ea1i QG Home b\u1ea1n nh\u00e9!<\/span><\/p>\n<p><span style=\"color: #000000;\">B\u1ee9c v\u00e1ch tivi ph\u00f2ng kh\u00e1ch VTVQ03 kh\u00f4ng ch\u1ec9 l\u00e0 \u0111i\u1ec3m nh\u1ea5n n\u1ed9i th\u1ea5t m\u00e0 c\u00f2n l\u00e0 bi\u1ec3u t\u01b0\u1ee3ng c\u1ee7a s\u1ef1 sang tr\u1ecdng, \u0111\u1eb3ng c\u1ea5p. Gi\u00fap mang l\u1ea1i kh\u00f4ng gian s\u1ed1ng \u0111\u1ea7y c\u1ea3m h\u1ee9ng cho gia \u0111\u00ecnh.<\/span><\/p>\n<p style=\"text-align: center;\"><span style=\"color: #000000;\"><em>\u0110\u1eebng \u0111\u1ec3 ph\u00f2ng kh\u00e1ch b\u1ea1n thi\u1ebfu \u0111i \u0111i\u1ec3m nh\u1ea5n ho\u00e0n h\u1ea3o. H\u00e3y \u0111\u1eb7t h\u00e0ng ngay h\u00f4m nay!<\/em><\/span><\/p>\n<h3 class=\"has-text-align-center\" style=\"text-align: center;\"><span style=\"color: #000000;\"><em>Inbox ngay \u0111\u1ec3 \u0111\u01b0\u1ee3c gi\u1ea3m gi\u00e1 l\u00ean t\u1edbi 20% gi\u00e1 tr\u1ecb s\u1ea3n ph\u1ea9m. Nhanh tay k\u1ebbo l\u1ee1!<\/em><\/span><\/h3>\n<p><span style=\"color: #000000;\">\ud83d\udcde Hotline: 0983 368 623<\/span><\/p>\n<p><span style=\"color: #000000;\">\ud83c\udf10 Website:\u00a0<span style=\"color: #0000ff;\"><a style=\"color: #0000ff;\" href=\"https:\/\/qghome.vn\/\">https:\/\/qghome.vn\/<\/a>\u00a0<\/span><\/span><\/p>\n<p><span style=\"color: #000000;\">\ud83d\udccd \u0110\u1ecba ch\u1ec9: S\u1ed1 27\/70 Xu\u00e2n Ph\u01b0\u01a1ng, Nam T\u1eeb Li\u00eam, H\u00e0 N\u1ed9i\u00a0H\u00e3y \u0111\u1ec3 ch\u00fang t\u00f4i \u0111\u1ed3ng h\u00e0nh c\u00f9ng b\u1ea1n ki\u1ebfn t\u1ea1o kh\u00f4ng gian s\u1ed1ng l\u00fd t\u01b0\u1edfng!<\/span><\/p>\n<div class=\"host-bincmiainjofjnhchmcalkanjebghoen\" style=\"position: relative; z-index: 2147483647;\"><\/div>\n","protected":false},"excerpt":{"rendered":"<p>&nbsp;<\/p>\n<div class=\"host-bincmiainjofjnhchmcalkanjebghoen\" style=\"position: relative; z-index: 2147483647;\"><\/div>\n","protected":false},"featured_media":14082,"comment_status":"open","ping_status":"closed","template":"","meta":[],"product_cat":[569,682,732],"product_tag":[],"class_list":["post-14081","product","type-product","status-publish","has-post-thumbnail","hentry","product_cat-noi-that-chung-cu","product_cat-noi-that-phong-khach","product_cat-vach-tivi-phong-khach"],"yoast_head":"<!-- This site is optimized with the Yoast SEO plugin v19.9 - https:\/\/yoast.com\/wordpress\/plugins\/seo\/ -->\n<title>V\u00e1ch Tivi VTVQ03<\/title>\n<meta name=\"description\" content=\"Kh\u00e1m ph\u00e1 m\u1eabu v\u00e1ch tivi ph\u00f2ng kh\u00e1ch \u0111\u1eb9p, hi\u1ec7n \u0111\u1ea1i, gi\u00e1 r\u1ebb, \u0111a d\u1ea1ng m\u1eabu m\u00e3. V\u00e1ch ng\u0103n ph\u00f2ng kh\u00e1ch k\u1ebft h\u1ee3p k\u1ec7 tivi v\u1edbi thi\u1ebft k\u1ebf \u0111\u1ed9c \u0111\u00e1o, sang tr\u1ecdng.\" \/>\n<meta name=\"robots\" content=\"index, follow, max-snippet:-1, max-image-preview:large, max-video-preview:-1\" \/>\n<link rel=\"canonical\" href=\"https:\/\/luan.webrt.net\/qhome\/san-pham\/vach-tivi-vtvq03\/\" \/>\n<meta property=\"og:locale\" content=\"vi_VN\" \/>\n<meta property=\"og:type\" content=\"article\" \/>\n<meta property=\"og:title\" content=\"V\u00e1ch Tivi VTVQ03\" \/>\n<meta property=\"og:description\" content=\"Kh\u00e1m ph\u00e1 m\u1eabu v\u00e1ch tivi ph\u00f2ng kh\u00e1ch \u0111\u1eb9p, hi\u1ec7n \u0111\u1ea1i, gi\u00e1 r\u1ebb, \u0111a d\u1ea1ng m\u1eabu m\u00e3. V\u00e1ch ng\u0103n ph\u00f2ng kh\u00e1ch k\u1ebft h\u1ee3p k\u1ec7 tivi v\u1edbi thi\u1ebft k\u1ebf \u0111\u1ed9c \u0111\u00e1o, sang tr\u1ecdng.\" \/>\n<meta property=\"og:url\" content=\"https:\/\/luan.webrt.net\/qhome\/san-pham\/vach-tivi-vtvq03\/\" \/>\n<meta property=\"og:site_name\" content=\"M\u1eabu web n\u1ed9i th\u1ea5t\" \/>\n<meta property=\"article:publisher\" content=\"https:\/\/www.facebook.com\/noithatqghome\" \/>\n<meta property=\"article:modified_time\" content=\"2025-11-05T09:33:00+00:00\" \/>\n<meta property=\"og:image\" content=\"https:\/\/luan.webrt.net\/qhome\/wp-content\/uploads\/2025\/02\/mau-vach-tivi-03.jpg\" \/>\n\t<meta property=\"og:image:width\" content=\"1000\" \/>\n\t<meta property=\"og:image:height\" content=\"666\" \/>\n\t<meta property=\"og:image:type\" content=\"image\/jpeg\" \/>\n<meta name=\"twitter:card\" content=\"summary_large_image\" \/>\n<meta name=\"twitter:label1\" content=\"\u01af\u1edbc t\u00ednh th\u1eddi gian \u0111\u1ecdc\" \/>\n\t<meta name=\"twitter:data1\" content=\"7 ph\u00fat\" \/>\n<script type=\"application\/ld+json\" class=\"yoast-schema-graph\">{\"@context\":\"https:\/\/schema.org\",\"@graph\":[{\"@type\":\"WebPage\",\"@id\":\"https:\/\/luan.webrt.net\/qhome\/san-pham\/vach-tivi-vtvq03\/\",\"url\":\"https:\/\/luan.webrt.net\/qhome\/san-pham\/vach-tivi-vtvq03\/\",\"name\":\"V\u00e1ch Tivi VTVQ03\",\"isPartOf\":{\"@id\":\"https:\/\/luan.webrt.net\/qhome\/#website\"},\"datePublished\":\"2025-03-02T03:09:15+00:00\",\"dateModified\":\"2025-11-05T09:33:00+00:00\",\"description\":\"Kh\u00e1m ph\u00e1 m\u1eabu v\u00e1ch tivi ph\u00f2ng kh\u00e1ch \u0111\u1eb9p, hi\u1ec7n \u0111\u1ea1i, gi\u00e1 r\u1ebb, \u0111a d\u1ea1ng m\u1eabu m\u00e3. V\u00e1ch ng\u0103n ph\u00f2ng kh\u00e1ch k\u1ebft h\u1ee3p k\u1ec7 tivi v\u1edbi thi\u1ebft k\u1ebf \u0111\u1ed9c \u0111\u00e1o, sang tr\u1ecdng.\",\"breadcrumb\":{\"@id\":\"https:\/\/luan.webrt.net\/qhome\/san-pham\/vach-tivi-vtvq03\/#breadcrumb\"},\"inLanguage\":\"vi\",\"potentialAction\":[{\"@type\":\"ReadAction\",\"target\":[\"https:\/\/luan.webrt.net\/qhome\/san-pham\/vach-tivi-vtvq03\/\"]}]},{\"@type\":\"BreadcrumbList\",\"@id\":\"https:\/\/luan.webrt.net\/qhome\/san-pham\/vach-tivi-vtvq03\/#breadcrumb\",\"itemListElement\":[{\"@type\":\"ListItem\",\"position\":1,\"name\":\"Trang ch\u1ee7\",\"item\":\"https:\/\/luan.webrt.net\/qhome\/\"},{\"@type\":\"ListItem\",\"position\":2,\"name\":\"Shop\",\"item\":\"https:\/\/luan.webrt.net\/qhome\/shop\/\"},{\"@type\":\"ListItem\",\"position\":3,\"name\":\"V\u00e1ch Tivi VTVQ03\"}]},{\"@type\":\"WebSite\",\"@id\":\"https:\/\/luan.webrt.net\/qhome\/#website\",\"url\":\"https:\/\/luan.webrt.net\/qhome\/\",\"name\":\"M\u1eabu web n\u1ed9i th\u1ea5t\",\"description\":\"QGHome Vi\u1ec7t Nam\",\"publisher\":{\"@id\":\"https:\/\/luan.webrt.net\/qhome\/#organization\"},\"potentialAction\":[{\"@type\":\"SearchAction\",\"target\":{\"@type\":\"EntryPoint\",\"urlTemplate\":\"https:\/\/luan.webrt.net\/qhome\/?s={search_term_string}\"},\"query-input\":\"required name=search_term_string\"}],\"inLanguage\":\"vi\"},{\"@type\":\"Organization\",\"@id\":\"https:\/\/luan.webrt.net\/qhome\/#organization\",\"name\":\"QGHome\",\"url\":\"https:\/\/luan.webrt.net\/qhome\/\",\"logo\":{\"@type\":\"ImageObject\",\"inLanguage\":\"vi\",\"@id\":\"https:\/\/luan.webrt.net\/qhome\/#\/schema\/logo\/image\/\",\"url\":\"https:\/\/qghome.vn\/wp-content\/uploads\/2025\/08\/logo-mau-MauTH-21.png\",\"contentUrl\":\"https:\/\/qghome.vn\/wp-content\/uploads\/2025\/08\/logo-mau-MauTH-21.png\",\"width\":253,\"height\":99,\"caption\":\"QGHome\"},\"image\":{\"@id\":\"https:\/\/luan.webrt.net\/qhome\/#\/schema\/logo\/image\/\"},\"sameAs\":[\"https:\/\/www.tiktok.com\/@qghome.official\",\"https:\/\/www.youtube.com\/channel\/UCeVBuKTXkv-u94DS421cklw\",\"https:\/\/www.facebook.com\/noithatqghome\"]}]}<\/script>\n<!-- \/ Yoast SEO plugin. -->","yoast_head_json":{"title":"V\u00e1ch Tivi VTVQ03","description":"Kh\u00e1m ph\u00e1 m\u1eabu v\u00e1ch tivi ph\u00f2ng kh\u00e1ch \u0111\u1eb9p, hi\u1ec7n \u0111\u1ea1i, gi\u00e1 r\u1ebb, \u0111a d\u1ea1ng m\u1eabu m\u00e3. V\u00e1ch ng\u0103n ph\u00f2ng kh\u00e1ch k\u1ebft h\u1ee3p k\u1ec7 tivi v\u1edbi thi\u1ebft k\u1ebf \u0111\u1ed9c \u0111\u00e1o, sang tr\u1ecdng.","robots":{"index":"index","follow":"follow","max-snippet":"max-snippet:-1","max-image-preview":"max-image-preview:large","max-video-preview":"max-video-preview:-1"},"canonical":"https:\/\/luan.webrt.net\/qhome\/san-pham\/vach-tivi-vtvq03\/","og_locale":"vi_VN","og_type":"article","og_title":"V\u00e1ch Tivi VTVQ03","og_description":"Kh\u00e1m ph\u00e1 m\u1eabu v\u00e1ch tivi ph\u00f2ng kh\u00e1ch \u0111\u1eb9p, hi\u1ec7n \u0111\u1ea1i, gi\u00e1 r\u1ebb, \u0111a d\u1ea1ng m\u1eabu m\u00e3. V\u00e1ch ng\u0103n ph\u00f2ng kh\u00e1ch k\u1ebft h\u1ee3p k\u1ec7 tivi v\u1edbi thi\u1ebft k\u1ebf \u0111\u1ed9c \u0111\u00e1o, sang tr\u1ecdng.","og_url":"https:\/\/luan.webrt.net\/qhome\/san-pham\/vach-tivi-vtvq03\/","og_site_name":"M\u1eabu web n\u1ed9i th\u1ea5t","article_publisher":"https:\/\/www.facebook.com\/noithatqghome","article_modified_time":"2025-11-05T09:33:00+00:00","og_image":[{"width":1000,"height":666,"url":"https:\/\/luan.webrt.net\/qhome\/wp-content\/uploads\/2025\/02\/mau-vach-tivi-03.jpg","type":"image\/jpeg"}],"twitter_card":"summary_large_image","twitter_misc":{"\u01af\u1edbc t\u00ednh th\u1eddi gian \u0111\u1ecdc":"7 ph\u00fat"},"schema":{"@context":"https:\/\/schema.org","@graph":[{"@type":"WebPage","@id":"https:\/\/luan.webrt.net\/qhome\/san-pham\/vach-tivi-vtvq03\/","url":"https:\/\/luan.webrt.net\/qhome\/san-pham\/vach-tivi-vtvq03\/","name":"V\u00e1ch Tivi VTVQ03","isPartOf":{"@id":"https:\/\/luan.webrt.net\/qhome\/#website"},"datePublished":"2025-03-02T03:09:15+00:00","dateModified":"2025-11-05T09:33:00+00:00","description":"Kh\u00e1m ph\u00e1 m\u1eabu v\u00e1ch tivi ph\u00f2ng kh\u00e1ch \u0111\u1eb9p, hi\u1ec7n \u0111\u1ea1i, gi\u00e1 r\u1ebb, \u0111a d\u1ea1ng m\u1eabu m\u00e3. V\u00e1ch ng\u0103n ph\u00f2ng kh\u00e1ch k\u1ebft h\u1ee3p k\u1ec7 tivi v\u1edbi thi\u1ebft k\u1ebf \u0111\u1ed9c \u0111\u00e1o, sang tr\u1ecdng.","breadcrumb":{"@id":"https:\/\/luan.webrt.net\/qhome\/san-pham\/vach-tivi-vtvq03\/#breadcrumb"},"inLanguage":"vi","potentialAction":[{"@type":"ReadAction","target":["https:\/\/luan.webrt.net\/qhome\/san-pham\/vach-tivi-vtvq03\/"]}]},{"@type":"BreadcrumbList","@id":"https:\/\/luan.webrt.net\/qhome\/san-pham\/vach-tivi-vtvq03\/#breadcrumb","itemListElement":[{"@type":"ListItem","position":1,"name":"Trang ch\u1ee7","item":"https:\/\/luan.webrt.net\/qhome\/"},{"@type":"ListItem","position":2,"name":"Shop","item":"https:\/\/luan.webrt.net\/qhome\/shop\/"},{"@type":"ListItem","position":3,"name":"V\u00e1ch Tivi VTVQ03"}]},{"@type":"WebSite","@id":"https:\/\/luan.webrt.net\/qhome\/#website","url":"https:\/\/luan.webrt.net\/qhome\/","name":"M\u1eabu web n\u1ed9i th\u1ea5t","description":"QGHome Vi\u1ec7t Nam","publisher":{"@id":"https:\/\/luan.webrt.net\/qhome\/#organization"},"potentialAction":[{"@type":"SearchAction","target":{"@type":"EntryPoint","urlTemplate":"https:\/\/luan.webrt.net\/qhome\/?s={search_term_string}"},"query-input":"required name=search_term_string"}],"inLanguage":"vi"},{"@type":"Organization","@id":"https:\/\/luan.webrt.net\/qhome\/#organization","name":"QGHome","url":"https:\/\/luan.webrt.net\/qhome\/","logo":{"@type":"ImageObject","inLanguage":"vi","@id":"https:\/\/luan.webrt.net\/qhome\/#\/schema\/logo\/image\/","url":"https:\/\/qghome.vn\/wp-content\/uploads\/2025\/08\/logo-mau-MauTH-21.png","contentUrl":"https:\/\/qghome.vn\/wp-content\/uploads\/2025\/08\/logo-mau-MauTH-21.png","width":253,"height":99,"caption":"QGHome"},"image":{"@id":"https:\/\/luan.webrt.net\/qhome\/#\/schema\/logo\/image\/"},"sameAs":["https:\/\/www.tiktok.com\/@qghome.official","https:\/\/www.youtube.com\/channel\/UCeVBuKTXkv-u94DS421cklw","https:\/\/www.facebook.com\/noithatqghome"]}]}},"_links":{"self":[{"href":"https:\/\/luan.webrt.net\/qhome\/wp-json\/wp\/v2\/product\/14081","targetHints":{"allow":["GET"]}}],"collection":[{"href":"https:\/\/luan.webrt.net\/qhome\/wp-json\/wp\/v2\/product"}],"about":[{"href":"https:\/\/luan.webrt.net\/qhome\/wp-json\/wp\/v2\/types\/product"}],"replies":[{"embeddable":true,"href":"https:\/\/luan.webrt.net\/qhome\/wp-json\/wp\/v2\/comments?post=14081"}],"wp:featuredmedia":[{"embeddable":true,"href":"https:\/\/luan.webrt.net\/qhome\/wp-json\/wp\/v2\/media\/14082"}],"wp:attachment":[{"href":"https:\/\/luan.webrt.net\/qhome\/wp-json\/wp\/v2\/media?parent=14081"}],"wp:term":[{"taxonomy":"product_cat","embeddable":true,"href":"https:\/\/luan.webrt.net\/qhome\/wp-json\/wp\/v2\/product_cat?post=14081"},{"taxonomy":"product_tag","embeddable":true,"href":"https:\/\/luan.webrt.net\/qhome\/wp-json\/wp\/v2\/product_tag?post=14081"}],"curies":[{"name":"wp","href":"https:\/\/api.w.org\/{rel}","templated":true}]}}